{"id":10033,"date":"2021-09-27T07:56:16","date_gmt":"2021-09-27T07:56:16","guid":{"rendered":"https:\/\/stillinblack.com\/?page_id=10033"},"modified":"2021-09-27T07:56:16","modified_gmt":"2021-09-27T07:56:16","slug":"mentions-legales","status":"publish","type":"page","link":"https:\/\/planetetennis.fr\/es\/mentions-legales\/","title":{"rendered":"Notas legales"},"content":{"rendered":"<div class=\"wpb-content-wrapper\"><div class=\"vc_row wpb_row vc_row-fluid\"><div class=\"wpb_column vc_column_container vc_col-sm-12\"><div class=\"vc_column-inner\"><div class=\"wpb_wrapper\">\n\t<div class=\"wpb_text_column wpb_content_element\" >\n\t\t<div class=\"wpb_wrapper\">\n\t\t\t<p>ADVERTENCIA GENERAL<\/p>\n<p>&nbsp;<\/p>\n<p>Stillinblack se esfuerza por garantizar, en la medida de sus posibilidades, la precisi\u00f3n y actualizaci\u00f3n de la informaci\u00f3n publicada en este sitio, cuyo contenido se reserva el derecho de corregir en cualquier momento y sin previo aviso. Al usar este sitio, el visitante reconoce haber tenido la oportunidad de leer la advertencia. Sin embargo, Stillinblack no puede garantizar la exactitud, precisi\u00f3n o integridad de la informaci\u00f3n disponible en este sitio, incluidos todos los hiperv\u00ednculos o cualquier otro enlace de computadora utilizado directa o indirectamente desde el sitio. Adem\u00e1s, advierte al visitante que le corresponde a \u00e9l verificar la informaci\u00f3n por otros medios, incluso poni\u00e9ndose en contacto con la empresa.<\/p>\n<p>En consecuencia, Stillinblack declina toda responsabilidad:<\/p>\n<p>&nbsp;<\/p>\n<p>Por cualquier interrupci\u00f3n del sitio;<\/p>\n<p>Para cualquier ocurrencia de errores;<\/p>\n<p>Por cualquier imprecisi\u00f3n, inexactitud u omisi\u00f3n relacionada con la informaci\u00f3n disponible en el sitio;<\/p>\n<p>Por cualquier da\u00f1o resultante de una intrusi\u00f3n fraudulenta de un tercero que lleve a una modificaci\u00f3n de la informaci\u00f3n disponible en el sitio;<\/p>\n<p>Y de manera m\u00e1s general por cualquier da\u00f1o, directo o indirecto, cualesquiera que sean las causas, or\u00edgenes, naturaleza o consecuencias, ocasionado por el acceso de cualquier persona al sitio o la imposibilidad de acceder al mismo, as\u00ed como el uso del sitio y \/ o el cr\u00e9dito que se le d\u00e9 a cualquier informaci\u00f3n procedente directa o indirectamente de este \u00faltimo.<\/p>\n<p>&nbsp;<\/p>\n<p>&nbsp;<\/p>\n<p>ADVERTENCIA DE DERECHOS DE PROPIEDAD INTELECTUAL<\/p>\n<p>&nbsp;<\/p>\n<p>Adem\u00e1s, salvo que se indique lo contrario, los derechos de propiedad intelectual sobre los documentos contenidos en el sitio y cada uno de los elementos creados para este sitio son propiedad exclusiva de Stillinblack, que no otorga ninguna licencia ni ning\u00fan otro derecho que no sea el de consultar el sitio. . En particular, las marcas y otros derechos de propiedad intelectual mencionados en el sitio son propiedad de las entidades interesadas de Stillinblack. La reproducci\u00f3n de cualquier documento publicado en el sitio solo est\u00e1 autorizada con el exclusivo prop\u00f3sito de informaci\u00f3n para uso personal y privado, quedando expresamente prohibida cualquier reproducci\u00f3n y cualquier uso de copias realizadas para otros fines.<\/p>\n<p>&nbsp;<\/p>\n<p>Tambi\u00e9n est\u00e1 prohibido copiar, modificar, crear un trabajo derivado, revertir el dise\u00f1o o ensamblaje o de cualquier otra manera intentar encontrar el c\u00f3digo fuente (excepto seg\u00fan lo disponga la ley), vender, atribuir, sublicenciar o transferir de cualquier manera. cualquier derecho relacionado con el software. Asimismo, tambi\u00e9n est\u00e1 prohibido modificar el software o utilizar versiones modificadas del software y en particular (sin que esta enumeraci\u00f3n sea exhaustiva) con el fin de obtener acceso no autorizado al servicio y acceder al sitio por otro medio solo a trav\u00e9s de la interfaz. proporcionada por Stillinblack para este prop\u00f3sito.<\/p>\n<p>&nbsp;<\/p>\n<p>Cada visitante de este sitio que proporciona informaci\u00f3n a Stillinblack le concede todos los derechos transferibles relacionados con esta informaci\u00f3n y le autoriza a utilizarla como mejor le parezca. La informaci\u00f3n as\u00ed proporcionada por los visitantes se considerar\u00e1 no confidencial y debe ser veraz, l\u00edcita y no perjudicar los intereses de terceros.<\/p>\n<p>&nbsp;<\/p>\n<p>&nbsp;<\/p>\n<p>PROTECCION DE DATOS PERSONALES<\/p>\n<p>&nbsp;<\/p>\n<p>Stillinblack se compromete a preservar la confidencialidad de cualquier informaci\u00f3n proporcionada en l\u00ednea por el usuario de Internet.<\/p>\n<p>&nbsp;<\/p>\n<p>De acuerdo con las disposiciones de la Ley de Protecci\u00f3n de Datos n \u00b0 78-17 de 6 de enero de 1978, modificada en 2004, toda persona tiene derecho a acceder, rectificar, modificar, oponerse y suprimir la informaci\u00f3n que le concierne, que puede ejercer por medios electr\u00f3nicos. por correo electr\u00f3nico a la siguiente direcci\u00f3n electr\u00f3nica: info (at) Stillinblack.fr o por correo postal a la direcci\u00f3n de &quot;Contacto&quot; antes mencionada.<\/p>\n<p>Como medida de precauci\u00f3n, Stillinblack verificar\u00e1 la identidad del solicitante antes de darle acceso a sus datos personales o realizar un seguimiento de sus correcciones.<\/p>\n<p>&nbsp;<\/p>\n<p>&nbsp;<\/p>\n<p>COOKIES \/ TESTIGOS<\/p>\n<p>&nbsp;<\/p>\n<p>El sitio stillinblack.com coloca una cookie en su computadora con el prop\u00f3sito de realizar an\u00e1lisis estad\u00edsticos y medir la audiencia del sitio y con el prop\u00f3sito de simplificar el acceso al sitio. Esta cookie registra informaci\u00f3n relacionada con la navegaci\u00f3n de los visitantes al sitio e-shop@Stillinblack.fr y almacena informaci\u00f3n que ha ingresado durante su visita, a saber, cierta &quot;informaci\u00f3n del visitante&quot; sobre el visitante, como el nombre de dominio. Y el computadora host desde la que el visitante navega por Internet, la direcci\u00f3n de Protocolo de Internet (IP) de la computadora utilizada, la fecha y hora de la navegaci\u00f3n del visitante en el sitio stillinblack.com y las URL desde las que el visitante ingres\u00f3 al sitio stillinblack.com .<\/p>\n<p>&nbsp;<\/p>\n<p>Stillinblack informa a sus visitantes que pueden oponerse al registro de \u201ccookies\u201d configurando su navegador de la siguiente manera:<\/p>\n<p>&nbsp;<\/p>\n<p>Instrucciones para Internet Explorer 7 en Windows:<\/p>\n<p>Haga clic en el bot\u00f3n &quot;Herramientas&quot; del men\u00fa.<\/p>\n<p>Seleccione &quot;Opciones de Internet ...&quot; en el men\u00fa desplegable.<\/p>\n<p>Haga clic en la pesta\u00f1a &quot;General&quot;<\/p>\n<p>Haga clic en el bot\u00f3n &quot;Eliminar&quot; en el bloque &quot;Historial de exploraci\u00f3n&quot;.<\/p>\n<p>Haga clic en el bot\u00f3n &quot;Eliminar cookies ...&quot; en el cuadro de di\u00e1logo.<\/p>\n<p>Instrucciones para Internet Explorer 6 en Windows:<\/p>\n<p>Haga clic en el bot\u00f3n &quot;Herramientas&quot; del men\u00fa.<\/p>\n<p>Seleccione &quot;Opciones de Internet ...&quot; en el men\u00fa desplegable.<\/p>\n<p>Haga clic en el bot\u00f3n &quot;Eliminar cookies ...&quot; en el cuadro de di\u00e1logo. Est\u00e1 en el centro a la izquierda del cuadro de di\u00e1logo.<\/p>\n<p>Instrucciones para Mozilla Firefox:<\/p>\n<p>Haga clic en el bot\u00f3n &quot;Herramientas&quot; del men\u00fa.<\/p>\n<p>Seleccione &quot;Opciones ...&quot; en el men\u00fa desplegable.<\/p>\n<p>En el cuadro de di\u00e1logo, seleccione &quot;privacidad&quot;.<\/p>\n<p>Haga clic en la pesta\u00f1a &quot;Cookies&quot; y luego en el bot\u00f3n &quot;Eliminar cookies&quot;.<\/p>\n<p>&nbsp;<\/p>\n<p>&nbsp;<\/p>\n<p>HIPERV\u00cdNCULOS<\/p>\n<p>&nbsp;<\/p>\n<p>El sitio puede incluir enlaces a otros sitios web u otras fuentes de Internet. En la medida en que Stillinblack no pueda controlar estos sitios y estas fuentes externas, no se hace responsable de la provisi\u00f3n de estos sitios y fuentes externas, y no puede asumir ninguna responsabilidad por el contenido, la publicidad, los productos, los servicios o cualquier otro material disponible en o de dichos sitios o fuentes externos. Adem\u00e1s, Stillinblack no se hace responsable de ning\u00fan da\u00f1o o p\u00e9rdida probados o alegados que resulten de o est\u00e9n relacionados con el uso o con el hecho de haber confiado en el contenido, bienes o servicios disponibles en estos sitios o fuentes externas.<\/p>\n<p>&nbsp;<\/p>\n<p>Stillinblack puede, previa solicitud, autorizar el establecimiento de enlaces a stillinblack.com. La solicitud debe enviarse a info (at) stillinblack.com y debe mencionar la direcci\u00f3n de la p\u00e1gina (url) donde aparecer\u00eda el enlace en el sitio de terceros.<\/p>\n\n\t\t<\/div>\n\t<\/div>\n<\/div><\/div><\/div><\/div>\n<\/div>","protected":false},"excerpt":{"rendered":"AVERTISSEMENT D'ORDRE G\u00c9N\u00c9RAL &nbsp; Stillinblack s'efforce d'assurer au mieux de ses possibilit\u00e9s, l'exactitude et la mise \u00e0 jour des informations diffus\u00e9es sur ce site, dont elle se r\u00e9serve le droit de corriger, \u00e0 tout moment et sans pr\u00e9avis, le contenu. En utilisant ce site, le visiteur reconna\u00eet avoir eu la possibilit\u00e9 de prendre connaissance de [...]","protected":false},"author":1,"featured_media":0,"parent":0,"menu_order":0,"comment_status":"closed","ping_status":"closed","template":"","meta":{"_monsterinsights_skip_tracking":false,"_monsterinsights_sitenote_active":false,"_monsterinsights_sitenote_note":"","_monsterinsights_sitenote_category":0,"two_page_speed":[],"footnotes":""},"class_list":["post-10033","page","type-page","status-publish","hentry"],"yoast_head":"<!-- This site is optimized with the Yoast SEO plugin v27.4 - https:\/\/yoast.com\/product\/yoast-seo-wordpress\/ -->\n<title>Mentions l\u00e9gales - Planetetennis<\/title>\n<meta name=\"robots\" content=\"index, follow, max-snippet:-1, max-image-preview:large, max-video-preview:-1\" \/>\n<link rel=\"canonical\" href=\"https:\/\/planetetennis.fr\/es\/mentions-legales\/\" \/>\n<meta property=\"og:locale\" content=\"es_ES\" \/>\n<meta property=\"og:type\" content=\"article\" \/>\n<meta property=\"og:title\" content=\"Mentions l\u00e9gales - Planetetennis\" \/>\n<meta property=\"og:url\" content=\"https:\/\/planetetennis.fr\/es\/mentions-legales\/\" \/>\n<meta property=\"og:site_name\" content=\"Planetetennis\" \/>\n<meta name=\"twitter:card\" content=\"summary_large_image\" \/>\n<meta name=\"twitter:label1\" content=\"Est. reading time\" \/>\n\t<meta name=\"twitter:data1\" content=\"6 minutes\" \/>\n<script type=\"application\/ld+json\" class=\"yoast-schema-graph\">{\"@context\":\"https:\\\/\\\/schema.org\",\"@graph\":[{\"@type\":\"WebPage\",\"@id\":\"https:\\\/\\\/planetetennis.fr\\\/mentions-legales\\\/\",\"url\":\"https:\\\/\\\/planetetennis.fr\\\/mentions-legales\\\/\",\"name\":\"Mentions l\u00e9gales - Planetetennis\",\"isPartOf\":{\"@id\":\"https:\\\/\\\/planetetennis.fr\\\/#website\"},\"datePublished\":\"2021-09-27T07:56:16+00:00\",\"breadcrumb\":{\"@id\":\"https:\\\/\\\/planetetennis.fr\\\/mentions-legales\\\/#breadcrumb\"},\"inLanguage\":\"es-ES\",\"potentialAction\":[{\"@type\":\"ReadAction\",\"target\":[\"https:\\\/\\\/planetetennis.fr\\\/mentions-legales\\\/\"]}]},{\"@type\":\"BreadcrumbList\",\"@id\":\"https:\\\/\\\/planetetennis.fr\\\/mentions-legales\\\/#breadcrumb\",\"itemListElement\":[{\"@type\":\"ListItem\",\"position\":1,\"name\":\"Accueil\",\"item\":\"https:\\\/\\\/planetetennis.fr\\\/\"},{\"@type\":\"ListItem\",\"position\":2,\"name\":\"Mentions l\u00e9gales\"}]},{\"@type\":\"WebSite\",\"@id\":\"https:\\\/\\\/planetetennis.fr\\\/#website\",\"url\":\"https:\\\/\\\/planetetennis.fr\\\/\",\"name\":\"Planetetennis\",\"description\":\"Cordages de tennis monofilament fran\u00e7ais\",\"publisher\":{\"@id\":\"https:\\\/\\\/planetetennis.fr\\\/#organization\"},\"potentialAction\":[{\"@type\":\"SearchAction\",\"target\":{\"@type\":\"EntryPoint\",\"urlTemplate\":\"https:\\\/\\\/planetetennis.fr\\\/?s={search_term_string}\"},\"query-input\":{\"@type\":\"PropertyValueSpecification\",\"valueRequired\":true,\"valueName\":\"search_term_string\"}}],\"inLanguage\":\"es-ES\"},{\"@type\":\"Organization\",\"@id\":\"https:\\\/\\\/planetetennis.fr\\\/#organization\",\"name\":\"Planetetennis\",\"url\":\"https:\\\/\\\/planetetennis.fr\\\/\",\"logo\":{\"@type\":\"ImageObject\",\"inLanguage\":\"es-ES\",\"@id\":\"https:\\\/\\\/planetetennis.fr\\\/#\\\/schema\\\/logo\\\/image\\\/\",\"url\":\"https:\\\/\\\/planetetennis.fr\\\/wp-content\\\/uploads\\\/2021\\\/10\\\/logocolor03.png\",\"contentUrl\":\"https:\\\/\\\/planetetennis.fr\\\/wp-content\\\/uploads\\\/2021\\\/10\\\/logocolor03.png\",\"width\":230,\"height\":58,\"caption\":\"Planetetennis\"},\"image\":{\"@id\":\"https:\\\/\\\/planetetennis.fr\\\/#\\\/schema\\\/logo\\\/image\\\/\"}}]}<\/script>\n<!-- \/ Yoast SEO plugin. -->","yoast_head_json":{"title":"Mentions l\u00e9gales - Planetetennis","robots":{"index":"index","follow":"follow","max-snippet":"max-snippet:-1","max-image-preview":"max-image-preview:large","max-video-preview":"max-video-preview:-1"},"canonical":"https:\/\/planetetennis.fr\/es\/mentions-legales\/","og_locale":"es_ES","og_type":"article","og_title":"Mentions l\u00e9gales - Planetetennis","og_url":"https:\/\/planetetennis.fr\/es\/mentions-legales\/","og_site_name":"Planetetennis","twitter_card":"summary_large_image","twitter_misc":{"Est. reading time":"6 minutes"},"schema":{"@context":"https:\/\/schema.org","@graph":[{"@type":"WebPage","@id":"https:\/\/planetetennis.fr\/mentions-legales\/","url":"https:\/\/planetetennis.fr\/mentions-legales\/","name":"Mentions l\u00e9gales - Planetetennis","isPartOf":{"@id":"https:\/\/planetetennis.fr\/#website"},"datePublished":"2021-09-27T07:56:16+00:00","breadcrumb":{"@id":"https:\/\/planetetennis.fr\/mentions-legales\/#breadcrumb"},"inLanguage":"es-ES","potentialAction":[{"@type":"ReadAction","target":["https:\/\/planetetennis.fr\/mentions-legales\/"]}]},{"@type":"BreadcrumbList","@id":"https:\/\/planetetennis.fr\/mentions-legales\/#breadcrumb","itemListElement":[{"@type":"ListItem","position":1,"name":"Accueil","item":"https:\/\/planetetennis.fr\/"},{"@type":"ListItem","position":2,"name":"Mentions l\u00e9gales"}]},{"@type":"WebSite","@id":"https:\/\/planetetennis.fr\/#website","url":"https:\/\/planetetennis.fr\/","name":"Planeta tenis","description":"Cordages de tennis monofilament fran\u00e7ais","publisher":{"@id":"https:\/\/planetetennis.fr\/#organization"},"potentialAction":[{"@type":"SearchAction","target":{"@type":"EntryPoint","urlTemplate":"https:\/\/planetetennis.fr\/?s={search_term_string}"},"query-input":{"@type":"PropertyValueSpecification","valueRequired":true,"valueName":"search_term_string"}}],"inLanguage":"es-ES"},{"@type":"Organization","@id":"https:\/\/planetetennis.fr\/#organization","name":"Planeta tenis","url":"https:\/\/planetetennis.fr\/","logo":{"@type":"ImageObject","inLanguage":"es-ES","@id":"https:\/\/planetetennis.fr\/#\/schema\/logo\/image\/","url":"https:\/\/planetetennis.fr\/wp-content\/uploads\/2021\/10\/logocolor03.png","contentUrl":"https:\/\/planetetennis.fr\/wp-content\/uploads\/2021\/10\/logocolor03.png","width":230,"height":58,"caption":"Planetetennis"},"image":{"@id":"https:\/\/planetetennis.fr\/#\/schema\/logo\/image\/"}}]}},"_links":{"self":[{"href":"https:\/\/planetetennis.fr\/es\/wp-json\/wp\/v2\/pages\/10033","targetHints":{"allow":["GET"]}}],"collection":[{"href":"https:\/\/planetetennis.fr\/es\/wp-json\/wp\/v2\/pages"}],"about":[{"href":"https:\/\/planetetennis.fr\/es\/wp-json\/wp\/v2\/types\/page"}],"author":[{"embeddable":true,"href":"https:\/\/planetetennis.fr\/es\/wp-json\/wp\/v2\/users\/1"}],"replies":[{"embeddable":true,"href":"https:\/\/planetetennis.fr\/es\/wp-json\/wp\/v2\/comments?post=10033"}],"version-history":[{"count":1,"href":"https:\/\/planetetennis.fr\/es\/wp-json\/wp\/v2\/pages\/10033\/revisions"}],"predecessor-version":[{"id":10034,"href":"https:\/\/planetetennis.fr\/es\/wp-json\/wp\/v2\/pages\/10033\/revisions\/10034"}],"wp:attachment":[{"href":"https:\/\/planetetennis.fr\/es\/wp-json\/wp\/v2\/media?parent=10033"}],"curies":[{"name":"wp","href":"https:\/\/api.w.org\/{rel}","templated":true}]}}