{"id":10155,"date":"2021-10-01T19:57:06","date_gmt":"2021-10-01T19:57:06","guid":{"rendered":"https:\/\/stillinblack.com\/?post_type=product&#038;p=10155"},"modified":"2026-04-12T12:31:29","modified_gmt":"2026-04-12T12:31:29","slug":"multifilament-power","status":"publish","type":"product","link":"https:\/\/planetetennis.fr\/es\/product\/multifilament-power\/","title":{"rendered":"Bobine 200 m Power Still In Black"},"content":{"rendered":"<p>Le Power est un cordage guip\u00e9 con\u00e7u autour d\u2019une \u00e2me centrale en nylon. Cette \u00e2me est entour\u00e9e de plusieurs filaments synth\u00e9tique, formant un guipage qui :<\/p>\n<p>&#8211; renforce la r\u00e9sistance \u00e0 l\u2019abrasion,<\/p>\n<p>&#8211; am\u00e9liore la stabilit\u00e9 de tension,<\/p>\n<p>&#8211; augmente l\u2019\u00e9lasticit\u00e9 du cordage,<\/p>\n<p>&#8211; et g\u00e9n\u00e8re une puissance naturelle \u00e0 l\u2019impact.<\/p>\n<p>Gr\u00e2ce \u00e0 cette construction, le Power offre un toucher souple et une restitution d\u2019\u00e9nergie optimale, tout en restant durable pour sa cat\u00e9gorie.<\/p>","protected":false},"excerpt":{"rendered":"<p>B\u00e9n\u00e9fices joueurs :<\/p>\n<p>&#8211; Confort \u00e9lev\u00e9 : vibrations r\u00e9duites, sensations douces<\/p>\n<p>&#8211; Puissance facile : \u00e9lasticit\u00e9 importante pour un jeu plus explosif<\/p>\n<p>&#8211; Tol\u00e9rance au d\u00e9centrage : id\u00e9al pour les frappes imparfaites<\/p>\n<p>&#8211; Durabilit\u00e9 am\u00e9lior\u00e9e : guipage protecteur autour de l\u2019\u00e2me<\/p>\n<p>Profil de joueur recommand\u00e9 :<\/p>\n<p>Le Power s\u2019adresse particuli\u00e8rement :<\/p>\n<p>&#8211; aux joueurs loisirs recherchant confort et facilit\u00e9 de jeu,<\/p>\n<p>&#8211; aux interm\u00e9diaires souhaitant un cordage tol\u00e9rant et puissant,<\/p>\n<p>&#8211; \u00e0 ceux qui privil\u00e9gient les sensations souples plut\u00f4t que la rigidit\u00e9 d\u2019un monofilament.<\/p>","protected":false},"featured_media":17903,"comment_status":"open","ping_status":"closed","template":"","meta":{"_monsterinsights_skip_tracking":false,"_monsterinsights_sitenote_active":false,"_monsterinsights_sitenote_note":"","_monsterinsights_sitenote_category":0},"product_brand":[],"product_cat":[613],"product_tag":[],"class_list":{"0":"post-10155","1":"product","2":"type-product","3":"status-publish","4":"has-post-thumbnail","6":"product_cat-cordages-multifilament","7":"pa_color-blanc","8":"pa_color-marron-clair","9":"pa_color-noir","10":"pa_jauge-1-35","11":"pa_jauge-1-40","12":"pa_longueur-145","14":"first","15":"instock","16":"sale","17":"taxable","18":"shipping-taxable","19":"purchasable","20":"product-type-variable","21":"has-default-attributes"},"yoast_head":"<!-- This site is optimized with the Yoast SEO plugin v27.5 - https:\/\/yoast.com\/product\/yoast-seo-wordpress\/ -->\n<title>Bobine 200 m Power Still In Black - Planetetennis<\/title>\n<meta name=\"robots\" content=\"index, follow, max-snippet:-1, max-image-preview:large, max-video-preview:-1\" \/>\n<link rel=\"canonical\" href=\"https:\/\/planetetennis.fr\/es\/product\/multifilament-power\/\" \/>\n<meta property=\"og:locale\" content=\"es_ES\" \/>\n<meta property=\"og:type\" content=\"article\" \/>\n<meta property=\"og:title\" content=\"Bobine 200 m Power Still In Black - Planetetennis\" \/>\n<meta property=\"og:description\" content=\"B\u00e9n\u00e9fices joueurs :  - Confort \u00e9lev\u00e9 : vibrations r\u00e9duites, sensations douces  - Puissance facile : \u00e9lasticit\u00e9 importante pour un jeu plus explosif  - Tol\u00e9rance au d\u00e9centrage : id\u00e9al pour les frappes imparfaites  - Durabilit\u00e9 am\u00e9lior\u00e9e : guipage protecteur autour de l\u2019\u00e2me  Profil de joueur recommand\u00e9 :  Le Power s\u2019adresse particuli\u00e8rement :  - aux joueurs loisirs recherchant confort et facilit\u00e9 de jeu,  - aux interm\u00e9diaires souhaitant un cordage tol\u00e9rant et puissant,  - \u00e0 ceux qui privil\u00e9gient les sensations souples plut\u00f4t que la rigidit\u00e9 d\u2019un monofilament.\" \/>\n<meta property=\"og:url\" content=\"https:\/\/planetetennis.fr\/es\/product\/multifilament-power\/\" \/>\n<meta property=\"og:site_name\" content=\"Planetetennis\" \/>\n<meta property=\"article:modified_time\" content=\"2026-04-12T12:31:29+00:00\" \/>\n<meta property=\"og:image\" content=\"https:\/\/planetetennis.fr\/wp-content\/uploads\/2021\/10\/Power-blanc-1024x1024.png\" \/>\n\t<meta property=\"og:image:width\" content=\"1024\" \/>\n\t<meta property=\"og:image:height\" content=\"1024\" \/>\n\t<meta property=\"og:image:type\" content=\"image\/png\" \/>\n<meta name=\"twitter:card\" content=\"summary_large_image\" \/>\n<script type=\"application\/ld+json\" class=\"yoast-schema-graph\">{\"@context\":\"https:\\\/\\\/schema.org\",\"@graph\":[{\"@type\":\"WebPage\",\"@id\":\"https:\\\/\\\/planetetennis.fr\\\/product\\\/multifilament-power\\\/\",\"url\":\"https:\\\/\\\/planetetennis.fr\\\/product\\\/multifilament-power\\\/\",\"name\":\"Bobine 200 m Power Still In Black - Planetetennis\",\"isPartOf\":{\"@id\":\"https:\\\/\\\/planetetennis.fr\\\/#website\"},\"primaryImageOfPage\":{\"@id\":\"https:\\\/\\\/planetetennis.fr\\\/product\\\/multifilament-power\\\/#primaryimage\"},\"image\":{\"@id\":\"https:\\\/\\\/planetetennis.fr\\\/product\\\/multifilament-power\\\/#primaryimage\"},\"thumbnailUrl\":\"https:\\\/\\\/planetetennis.fr\\\/wp-content\\\/uploads\\\/2021\\\/10\\\/Power-blanc-scaled.png\",\"datePublished\":\"2021-10-01T19:57:06+00:00\",\"dateModified\":\"2026-04-12T12:31:29+00:00\",\"breadcrumb\":{\"@id\":\"https:\\\/\\\/planetetennis.fr\\\/product\\\/multifilament-power\\\/#breadcrumb\"},\"inLanguage\":\"es-ES\",\"potentialAction\":[{\"@type\":\"ReadAction\",\"target\":[\"https:\\\/\\\/planetetennis.fr\\\/product\\\/multifilament-power\\\/\"]}]},{\"@type\":\"ImageObject\",\"inLanguage\":\"es-ES\",\"@id\":\"https:\\\/\\\/planetetennis.fr\\\/product\\\/multifilament-power\\\/#primaryimage\",\"url\":\"https:\\\/\\\/planetetennis.fr\\\/wp-content\\\/uploads\\\/2021\\\/10\\\/Power-blanc-scaled.png\",\"contentUrl\":\"https:\\\/\\\/planetetennis.fr\\\/wp-content\\\/uploads\\\/2021\\\/10\\\/Power-blanc-scaled.png\",\"width\":2560,\"height\":2560},{\"@type\":\"BreadcrumbList\",\"@id\":\"https:\\\/\\\/planetetennis.fr\\\/product\\\/multifilament-power\\\/#breadcrumb\",\"itemListElement\":[{\"@type\":\"ListItem\",\"position\":1,\"name\":\"Accueil\",\"item\":\"https:\\\/\\\/planetetennis.fr\\\/\"},{\"@type\":\"ListItem\",\"position\":2,\"name\":\"Nos produits\",\"item\":\"https:\\\/\\\/planetetennis.fr\\\/produits\\\/\"},{\"@type\":\"ListItem\",\"position\":3,\"name\":\"Bobine 200 m Power Still In Black\"}]},{\"@type\":\"WebSite\",\"@id\":\"https:\\\/\\\/planetetennis.fr\\\/#website\",\"url\":\"https:\\\/\\\/planetetennis.fr\\\/\",\"name\":\"Planetetennis\",\"description\":\"Cordages de tennis monofilament fran\u00e7ais\",\"publisher\":{\"@id\":\"https:\\\/\\\/planetetennis.fr\\\/#organization\"},\"potentialAction\":[{\"@type\":\"SearchAction\",\"target\":{\"@type\":\"EntryPoint\",\"urlTemplate\":\"https:\\\/\\\/planetetennis.fr\\\/?s={search_term_string}\"},\"query-input\":{\"@type\":\"PropertyValueSpecification\",\"valueRequired\":true,\"valueName\":\"search_term_string\"}}],\"inLanguage\":\"es-ES\"},{\"@type\":\"Organization\",\"@id\":\"https:\\\/\\\/planetetennis.fr\\\/#organization\",\"name\":\"Planetetennis\",\"url\":\"https:\\\/\\\/planetetennis.fr\\\/\",\"logo\":{\"@type\":\"ImageObject\",\"inLanguage\":\"es-ES\",\"@id\":\"https:\\\/\\\/planetetennis.fr\\\/#\\\/schema\\\/logo\\\/image\\\/\",\"url\":\"https:\\\/\\\/planetetennis.fr\\\/wp-content\\\/uploads\\\/2021\\\/10\\\/logocolor03.png\",\"contentUrl\":\"https:\\\/\\\/planetetennis.fr\\\/wp-content\\\/uploads\\\/2021\\\/10\\\/logocolor03.png\",\"width\":230,\"height\":58,\"caption\":\"Planetetennis\"},\"image\":{\"@id\":\"https:\\\/\\\/planetetennis.fr\\\/#\\\/schema\\\/logo\\\/image\\\/\"}}]}<\/script>\n<!-- \/ Yoast SEO plugin. -->","yoast_head_json":{"title":"Bobine 200 m Power Still In Black - Planetetennis","robots":{"index":"index","follow":"follow","max-snippet":"max-snippet:-1","max-image-preview":"max-image-preview:large","max-video-preview":"max-video-preview:-1"},"canonical":"https:\/\/planetetennis.fr\/es\/product\/multifilament-power\/","og_locale":"es_ES","og_type":"article","og_title":"Bobine 200 m Power Still In Black - Planetetennis","og_description":"B\u00e9n\u00e9fices joueurs :  - Confort \u00e9lev\u00e9 : vibrations r\u00e9duites, sensations douces  - Puissance facile : \u00e9lasticit\u00e9 importante pour un jeu plus explosif  - Tol\u00e9rance au d\u00e9centrage : id\u00e9al pour les frappes imparfaites  - Durabilit\u00e9 am\u00e9lior\u00e9e : guipage protecteur autour de l\u2019\u00e2me  Profil de joueur recommand\u00e9 :  Le Power s\u2019adresse particuli\u00e8rement :  - aux joueurs loisirs recherchant confort et facilit\u00e9 de jeu,  - aux interm\u00e9diaires souhaitant un cordage tol\u00e9rant et puissant,  - \u00e0 ceux qui privil\u00e9gient les sensations souples plut\u00f4t que la rigidit\u00e9 d\u2019un monofilament.","og_url":"https:\/\/planetetennis.fr\/es\/product\/multifilament-power\/","og_site_name":"Planetetennis","article_modified_time":"2026-04-12T12:31:29+00:00","og_image":[{"width":1024,"height":1024,"url":"https:\/\/planetetennis.fr\/wp-content\/uploads\/2021\/10\/Power-blanc-1024x1024.png","type":"image\/png"}],"twitter_card":"summary_large_image","schema":{"@context":"https:\/\/schema.org","@graph":[{"@type":"WebPage","@id":"https:\/\/planetetennis.fr\/product\/multifilament-power\/","url":"https:\/\/planetetennis.fr\/product\/multifilament-power\/","name":"Bobine 200 m Power Still In Black - Planetetennis","isPartOf":{"@id":"https:\/\/planetetennis.fr\/#website"},"primaryImageOfPage":{"@id":"https:\/\/planetetennis.fr\/product\/multifilament-power\/#primaryimage"},"image":{"@id":"https:\/\/planetetennis.fr\/product\/multifilament-power\/#primaryimage"},"thumbnailUrl":"https:\/\/planetetennis.fr\/wp-content\/uploads\/2021\/10\/Power-blanc-scaled.png","datePublished":"2021-10-01T19:57:06+00:00","dateModified":"2026-04-12T12:31:29+00:00","breadcrumb":{"@id":"https:\/\/planetetennis.fr\/product\/multifilament-power\/#breadcrumb"},"inLanguage":"es-ES","potentialAction":[{"@type":"ReadAction","target":["https:\/\/planetetennis.fr\/product\/multifilament-power\/"]}]},{"@type":"ImageObject","inLanguage":"es-ES","@id":"https:\/\/planetetennis.fr\/product\/multifilament-power\/#primaryimage","url":"https:\/\/planetetennis.fr\/wp-content\/uploads\/2021\/10\/Power-blanc-scaled.png","contentUrl":"https:\/\/planetetennis.fr\/wp-content\/uploads\/2021\/10\/Power-blanc-scaled.png","width":2560,"height":2560},{"@type":"BreadcrumbList","@id":"https:\/\/planetetennis.fr\/product\/multifilament-power\/#breadcrumb","itemListElement":[{"@type":"ListItem","position":1,"name":"Accueil","item":"https:\/\/planetetennis.fr\/"},{"@type":"ListItem","position":2,"name":"Nos produits","item":"https:\/\/planetetennis.fr\/produits\/"},{"@type":"ListItem","position":3,"name":"Bobine 200 m Power Still In Black"}]},{"@type":"WebSite","@id":"https:\/\/planetetennis.fr\/#website","url":"https:\/\/planetetennis.fr\/","name":"Planeta tenis","description":"Cordages de tennis monofilament fran\u00e7ais","publisher":{"@id":"https:\/\/planetetennis.fr\/#organization"},"potentialAction":[{"@type":"SearchAction","target":{"@type":"EntryPoint","urlTemplate":"https:\/\/planetetennis.fr\/?s={search_term_string}"},"query-input":{"@type":"PropertyValueSpecification","valueRequired":true,"valueName":"search_term_string"}}],"inLanguage":"es-ES"},{"@type":"Organization","@id":"https:\/\/planetetennis.fr\/#organization","name":"Planeta tenis","url":"https:\/\/planetetennis.fr\/","logo":{"@type":"ImageObject","inLanguage":"es-ES","@id":"https:\/\/planetetennis.fr\/#\/schema\/logo\/image\/","url":"https:\/\/planetetennis.fr\/wp-content\/uploads\/2021\/10\/logocolor03.png","contentUrl":"https:\/\/planetetennis.fr\/wp-content\/uploads\/2021\/10\/logocolor03.png","width":230,"height":58,"caption":"Planetetennis"},"image":{"@id":"https:\/\/planetetennis.fr\/#\/schema\/logo\/image\/"}}]}},"_links":{"self":[{"href":"https:\/\/planetetennis.fr\/es\/wp-json\/wp\/v2\/product\/10155","targetHints":{"allow":["GET"]}}],"collection":[{"href":"https:\/\/planetetennis.fr\/es\/wp-json\/wp\/v2\/product"}],"about":[{"href":"https:\/\/planetetennis.fr\/es\/wp-json\/wp\/v2\/types\/product"}],"replies":[{"embeddable":true,"href":"https:\/\/planetetennis.fr\/es\/wp-json\/wp\/v2\/comments?post=10155"}],"wp:featuredmedia":[{"embeddable":true,"href":"https:\/\/planetetennis.fr\/es\/wp-json\/wp\/v2\/media\/17903"}],"wp:attachment":[{"href":"https:\/\/planetetennis.fr\/es\/wp-json\/wp\/v2\/media?parent=10155"}],"wp:term":[{"taxonomy":"product_brand","embeddable":true,"href":"https:\/\/planetetennis.fr\/es\/wp-json\/wp\/v2\/product_brand?post=10155"},{"taxonomy":"product_cat","embeddable":true,"href":"https:\/\/planetetennis.fr\/es\/wp-json\/wp\/v2\/product_cat?post=10155"},{"taxonomy":"product_tag","embeddable":true,"href":"https:\/\/planetetennis.fr\/es\/wp-json\/wp\/v2\/product_tag?post=10155"}],"curies":[{"name":"wp","href":"https:\/\/api.w.org\/{rel}","templated":true}]}}