{"id":10186,"date":"2021-10-02T07:45:51","date_gmt":"2021-10-02T07:45:51","guid":{"rendered":"https:\/\/stillinblack.com\/?post_type=product&#038;p=10186"},"modified":"2025-09-15T11:56:03","modified_gmt":"2025-09-15T11:56:03","slug":"tube-3-balles-padel-unlimited-balls","status":"publish","type":"product","link":"https:\/\/planetetennis.fr\/es\/product\/tube-3-balles-padel-unlimited-balls\/","title":{"rendered":"Tube 3 Balles ODEA PADEL BALL"},"content":{"rendered":"<h2 id=\"product_description\" class=\"slot__title mt-none\" data-test=\"title\"><strong>Avantages<\/strong><\/h2>\n<div class=\"js_show-more-description show-more active\">\n<div class=\"js_show-more-holder show-more-holder show-more--l product-tracklists-show-more--animate\">\n<div class=\"js_description_content js_show-more-content\">\n<div class=\"product-description\" data-test=\"description\">\n<ul>\n<li>Couleur jaune<\/li>\n<li>Bonne qualit\u00e9<\/li>\n<li>Envoy\u00e9 sous pression<\/li>\n<li>Longue dur\u00e9e de vie<\/li>\n<li>Adapt\u00e9 au padel<\/li>\n<li>Fabriqu\u00e9 de mani\u00e8re durable<\/li>\n<li>Pour un usage professionnel<\/li>\n<li>Excellent contr\u00f4le<\/li>\n<li>Conditionnement : 3 canettes \/ boite 24 x 3 balles<\/li>\n<\/ul>\n<\/div>\n<\/div>\n<\/div>\n<\/div>","protected":false},"excerpt":{"rendered":"<p>ODEA PADEL BALL est une balle \u00e9quilibr\u00e9e, pens\u00e9e pour les entra\u00eenements, les loisirs avanc\u00e9s et les matchs occasionnels. Moins vive que le mod\u00e8le TOUR, elle permet de jouer plus longtemps sans perte de confort. Id\u00e9ale pour les clubs, les coachs et les joueurs en progression.<\/p>","protected":false},"featured_media":17598,"comment_status":"open","ping_status":"closed","template":"","meta":{"_monsterinsights_skip_tracking":false,"_monsterinsights_sitenote_active":false,"_monsterinsights_sitenote_note":"","_monsterinsights_sitenote_category":0},"product_brand":[],"product_cat":[326,411],"product_tag":[],"class_list":{"0":"post-10186","1":"product","2":"type-product","3":"status-publish","4":"has-post-thumbnail","6":"product_cat-padel-2","7":"product_cat-balles-padel","9":"first","10":"instock","11":"sale","12":"taxable","13":"shipping-taxable","14":"purchasable","15":"product-type-simple"},"yoast_head":"<!-- This site is optimized with the Yoast SEO plugin v27.5 - https:\/\/yoast.com\/product\/yoast-seo-wordpress\/ -->\n<title>Tube 3 Balles ODEA PADEL BALL - Planetetennis<\/title>\n<meta name=\"robots\" content=\"index, follow, max-snippet:-1, max-image-preview:large, max-video-preview:-1\" \/>\n<link rel=\"canonical\" href=\"https:\/\/planetetennis.fr\/es\/product\/tube-3-balles-padel-unlimited-balls\/\" \/>\n<meta property=\"og:locale\" content=\"es_ES\" \/>\n<meta property=\"og:type\" content=\"article\" \/>\n<meta property=\"og:title\" content=\"Tube 3 Balles ODEA PADEL BALL - Planetetennis\" \/>\n<meta property=\"og:description\" content=\"ODEA PADEL BALL est une balle \u00e9quilibr\u00e9e, pens\u00e9e pour les entra\u00eenements, les loisirs avanc\u00e9s et les matchs occasionnels. Moins vive que le mod\u00e8le TOUR, elle permet de jouer plus longtemps sans perte de confort. Id\u00e9ale pour les clubs, les coachs et les joueurs en progression.\" \/>\n<meta property=\"og:url\" content=\"https:\/\/planetetennis.fr\/es\/product\/tube-3-balles-padel-unlimited-balls\/\" \/>\n<meta property=\"og:site_name\" content=\"Planetetennis\" \/>\n<meta property=\"article:modified_time\" content=\"2025-09-15T11:56:03+00:00\" \/>\n<meta property=\"og:image\" content=\"https:\/\/planetetennis.fr\/wp-content\/uploads\/2021\/10\/Padel_Ball-640w_1.webp\" \/>\n\t<meta property=\"og:image:width\" content=\"600\" \/>\n\t<meta property=\"og:image:height\" content=\"591\" \/>\n\t<meta property=\"og:image:type\" content=\"image\/webp\" \/>\n<meta name=\"twitter:card\" content=\"summary_large_image\" \/>\n<meta name=\"twitter:label1\" content=\"Est. reading time\" \/>\n\t<meta name=\"twitter:data1\" content=\"1 minute\" \/>\n<script type=\"application\/ld+json\" class=\"yoast-schema-graph\">{\"@context\":\"https:\\\/\\\/schema.org\",\"@graph\":[{\"@type\":\"WebPage\",\"@id\":\"https:\\\/\\\/planetetennis.fr\\\/product\\\/tube-3-balles-padel-unlimited-balls\\\/\",\"url\":\"https:\\\/\\\/planetetennis.fr\\\/product\\\/tube-3-balles-padel-unlimited-balls\\\/\",\"name\":\"Tube 3 Balles ODEA PADEL BALL - Planetetennis\",\"isPartOf\":{\"@id\":\"https:\\\/\\\/planetetennis.fr\\\/#website\"},\"primaryImageOfPage\":{\"@id\":\"https:\\\/\\\/planetetennis.fr\\\/product\\\/tube-3-balles-padel-unlimited-balls\\\/#primaryimage\"},\"image\":{\"@id\":\"https:\\\/\\\/planetetennis.fr\\\/product\\\/tube-3-balles-padel-unlimited-balls\\\/#primaryimage\"},\"thumbnailUrl\":\"https:\\\/\\\/planetetennis.fr\\\/wp-content\\\/uploads\\\/2021\\\/10\\\/Padel_Ball-640w_1.webp\",\"datePublished\":\"2021-10-02T07:45:51+00:00\",\"dateModified\":\"2025-09-15T11:56:03+00:00\",\"breadcrumb\":{\"@id\":\"https:\\\/\\\/planetetennis.fr\\\/product\\\/tube-3-balles-padel-unlimited-balls\\\/#breadcrumb\"},\"inLanguage\":\"es-ES\",\"potentialAction\":[{\"@type\":\"ReadAction\",\"target\":[\"https:\\\/\\\/planetetennis.fr\\\/product\\\/tube-3-balles-padel-unlimited-balls\\\/\"]}]},{\"@type\":\"ImageObject\",\"inLanguage\":\"es-ES\",\"@id\":\"https:\\\/\\\/planetetennis.fr\\\/product\\\/tube-3-balles-padel-unlimited-balls\\\/#primaryimage\",\"url\":\"https:\\\/\\\/planetetennis.fr\\\/wp-content\\\/uploads\\\/2021\\\/10\\\/Padel_Ball-640w_1.webp\",\"contentUrl\":\"https:\\\/\\\/planetetennis.fr\\\/wp-content\\\/uploads\\\/2021\\\/10\\\/Padel_Ball-640w_1.webp\",\"width\":600,\"height\":591},{\"@type\":\"BreadcrumbList\",\"@id\":\"https:\\\/\\\/planetetennis.fr\\\/product\\\/tube-3-balles-padel-unlimited-balls\\\/#breadcrumb\",\"itemListElement\":[{\"@type\":\"ListItem\",\"position\":1,\"name\":\"Accueil\",\"item\":\"https:\\\/\\\/planetetennis.fr\\\/\"},{\"@type\":\"ListItem\",\"position\":2,\"name\":\"Nos produits\",\"item\":\"https:\\\/\\\/planetetennis.fr\\\/produits\\\/\"},{\"@type\":\"ListItem\",\"position\":3,\"name\":\"Tube 3 Balles ODEA PADEL BALL\"}]},{\"@type\":\"WebSite\",\"@id\":\"https:\\\/\\\/planetetennis.fr\\\/#website\",\"url\":\"https:\\\/\\\/planetetennis.fr\\\/\",\"name\":\"Planetetennis\",\"description\":\"Cordages de tennis monofilament fran\u00e7ais\",\"publisher\":{\"@id\":\"https:\\\/\\\/planetetennis.fr\\\/#organization\"},\"potentialAction\":[{\"@type\":\"SearchAction\",\"target\":{\"@type\":\"EntryPoint\",\"urlTemplate\":\"https:\\\/\\\/planetetennis.fr\\\/?s={search_term_string}\"},\"query-input\":{\"@type\":\"PropertyValueSpecification\",\"valueRequired\":true,\"valueName\":\"search_term_string\"}}],\"inLanguage\":\"es-ES\"},{\"@type\":\"Organization\",\"@id\":\"https:\\\/\\\/planetetennis.fr\\\/#organization\",\"name\":\"Planetetennis\",\"url\":\"https:\\\/\\\/planetetennis.fr\\\/\",\"logo\":{\"@type\":\"ImageObject\",\"inLanguage\":\"es-ES\",\"@id\":\"https:\\\/\\\/planetetennis.fr\\\/#\\\/schema\\\/logo\\\/image\\\/\",\"url\":\"https:\\\/\\\/planetetennis.fr\\\/wp-content\\\/uploads\\\/2021\\\/10\\\/logocolor03.png\",\"contentUrl\":\"https:\\\/\\\/planetetennis.fr\\\/wp-content\\\/uploads\\\/2021\\\/10\\\/logocolor03.png\",\"width\":230,\"height\":58,\"caption\":\"Planetetennis\"},\"image\":{\"@id\":\"https:\\\/\\\/planetetennis.fr\\\/#\\\/schema\\\/logo\\\/image\\\/\"}}]}<\/script>\n<!-- \/ Yoast SEO plugin. -->","yoast_head_json":{"title":"Tube 3 Balles ODEA PADEL BALL - Planetetennis","robots":{"index":"index","follow":"follow","max-snippet":"max-snippet:-1","max-image-preview":"max-image-preview:large","max-video-preview":"max-video-preview:-1"},"canonical":"https:\/\/planetetennis.fr\/es\/product\/tube-3-balles-padel-unlimited-balls\/","og_locale":"es_ES","og_type":"article","og_title":"Tube 3 Balles ODEA PADEL BALL - Planetetennis","og_description":"ODEA PADEL BALL est une balle \u00e9quilibr\u00e9e, pens\u00e9e pour les entra\u00eenements, les loisirs avanc\u00e9s et les matchs occasionnels. Moins vive que le mod\u00e8le TOUR, elle permet de jouer plus longtemps sans perte de confort. Id\u00e9ale pour les clubs, les coachs et les joueurs en progression.","og_url":"https:\/\/planetetennis.fr\/es\/product\/tube-3-balles-padel-unlimited-balls\/","og_site_name":"Planetetennis","article_modified_time":"2025-09-15T11:56:03+00:00","og_image":[{"width":600,"height":591,"url":"https:\/\/planetetennis.fr\/wp-content\/uploads\/2021\/10\/Padel_Ball-640w_1.webp","type":"image\/webp"}],"twitter_card":"summary_large_image","twitter_misc":{"Est. reading time":"1 minute"},"schema":{"@context":"https:\/\/schema.org","@graph":[{"@type":"WebPage","@id":"https:\/\/planetetennis.fr\/product\/tube-3-balles-padel-unlimited-balls\/","url":"https:\/\/planetetennis.fr\/product\/tube-3-balles-padel-unlimited-balls\/","name":"Tube 3 Balles ODEA PADEL BALL - Planetetennis","isPartOf":{"@id":"https:\/\/planetetennis.fr\/#website"},"primaryImageOfPage":{"@id":"https:\/\/planetetennis.fr\/product\/tube-3-balles-padel-unlimited-balls\/#primaryimage"},"image":{"@id":"https:\/\/planetetennis.fr\/product\/tube-3-balles-padel-unlimited-balls\/#primaryimage"},"thumbnailUrl":"https:\/\/planetetennis.fr\/wp-content\/uploads\/2021\/10\/Padel_Ball-640w_1.webp","datePublished":"2021-10-02T07:45:51+00:00","dateModified":"2025-09-15T11:56:03+00:00","breadcrumb":{"@id":"https:\/\/planetetennis.fr\/product\/tube-3-balles-padel-unlimited-balls\/#breadcrumb"},"inLanguage":"es-ES","potentialAction":[{"@type":"ReadAction","target":["https:\/\/planetetennis.fr\/product\/tube-3-balles-padel-unlimited-balls\/"]}]},{"@type":"ImageObject","inLanguage":"es-ES","@id":"https:\/\/planetetennis.fr\/product\/tube-3-balles-padel-unlimited-balls\/#primaryimage","url":"https:\/\/planetetennis.fr\/wp-content\/uploads\/2021\/10\/Padel_Ball-640w_1.webp","contentUrl":"https:\/\/planetetennis.fr\/wp-content\/uploads\/2021\/10\/Padel_Ball-640w_1.webp","width":600,"height":591},{"@type":"BreadcrumbList","@id":"https:\/\/planetetennis.fr\/product\/tube-3-balles-padel-unlimited-balls\/#breadcrumb","itemListElement":[{"@type":"ListItem","position":1,"name":"Accueil","item":"https:\/\/planetetennis.fr\/"},{"@type":"ListItem","position":2,"name":"Nos produits","item":"https:\/\/planetetennis.fr\/produits\/"},{"@type":"ListItem","position":3,"name":"Tube 3 Balles ODEA PADEL BALL"}]},{"@type":"WebSite","@id":"https:\/\/planetetennis.fr\/#website","url":"https:\/\/planetetennis.fr\/","name":"Planeta tenis","description":"Cordages de tennis monofilament fran\u00e7ais","publisher":{"@id":"https:\/\/planetetennis.fr\/#organization"},"potentialAction":[{"@type":"SearchAction","target":{"@type":"EntryPoint","urlTemplate":"https:\/\/planetetennis.fr\/?s={search_term_string}"},"query-input":{"@type":"PropertyValueSpecification","valueRequired":true,"valueName":"search_term_string"}}],"inLanguage":"es-ES"},{"@type":"Organization","@id":"https:\/\/planetetennis.fr\/#organization","name":"Planeta tenis","url":"https:\/\/planetetennis.fr\/","logo":{"@type":"ImageObject","inLanguage":"es-ES","@id":"https:\/\/planetetennis.fr\/#\/schema\/logo\/image\/","url":"https:\/\/planetetennis.fr\/wp-content\/uploads\/2021\/10\/logocolor03.png","contentUrl":"https:\/\/planetetennis.fr\/wp-content\/uploads\/2021\/10\/logocolor03.png","width":230,"height":58,"caption":"Planetetennis"},"image":{"@id":"https:\/\/planetetennis.fr\/#\/schema\/logo\/image\/"}}]}},"_links":{"self":[{"href":"https:\/\/planetetennis.fr\/es\/wp-json\/wp\/v2\/product\/10186","targetHints":{"allow":["GET"]}}],"collection":[{"href":"https:\/\/planetetennis.fr\/es\/wp-json\/wp\/v2\/product"}],"about":[{"href":"https:\/\/planetetennis.fr\/es\/wp-json\/wp\/v2\/types\/product"}],"replies":[{"embeddable":true,"href":"https:\/\/planetetennis.fr\/es\/wp-json\/wp\/v2\/comments?post=10186"}],"wp:featuredmedia":[{"embeddable":true,"href":"https:\/\/planetetennis.fr\/es\/wp-json\/wp\/v2\/media\/17598"}],"wp:attachment":[{"href":"https:\/\/planetetennis.fr\/es\/wp-json\/wp\/v2\/media?parent=10186"}],"wp:term":[{"taxonomy":"product_brand","embeddable":true,"href":"https:\/\/planetetennis.fr\/es\/wp-json\/wp\/v2\/product_brand?post=10186"},{"taxonomy":"product_cat","embeddable":true,"href":"https:\/\/planetetennis.fr\/es\/wp-json\/wp\/v2\/product_cat?post=10186"},{"taxonomy":"product_tag","embeddable":true,"href":"https:\/\/planetetennis.fr\/es\/wp-json\/wp\/v2\/product_tag?post=10186"}],"curies":[{"name":"wp","href":"https:\/\/api.w.org\/{rel}","templated":true}]}}