{"id":10203,"date":"2021-10-02T10:53:13","date_gmt":"2021-10-02T10:53:13","guid":{"rendered":"https:\/\/stillinblack.com\/?post_type=product&#038;p=10203"},"modified":"2024-12-12T16:09:37","modified_gmt":"2024-12-12T16:09:37","slug":"raquette-v-cell-5","status":"publish","type":"product","link":"https:\/\/planetetennis.fr\/es\/product\/raquette-v-cell-5\/","title":{"rendered":"RAQUETTE V-CELL 5"},"content":{"rendered":"<p>La\u00a0V-Cell 5 comprend \u00e9galement REVA, MORE V-Cell Material, un capuchon VTEX, des super \u0153illets et une poign\u00e9e V-Sensor pour une sensation agr\u00e9able. Il p\u00e8se 260 g, a une t\u00eate de 645 cm <span class=\"s1\">2 <\/span>, une section conique de 22-24-22 mm avec une longueur standard de 68,5 cm et une balance de t\u00eate de 33 cm. Il a un motif de cordes 16&#215;18.<\/p>\n<p class=\"p1\">Le V-Cell 5 offre un grand potentiel d&#8217;effets avec le plan de cordage ouvert afin que les joueurs puissent utiliser le poids l\u00e9ger pour des swings plus rapides tout en conservant un bon contr\u00f4le.\u00a0Elle offre d&#8217;excellentes performances pour les d\u00e9butants, ainsi que pour les joueurs confirm\u00e9s \u00e0 la recherche de la raquette l\u00e9g\u00e8re ultime.<\/p>","protected":false},"excerpt":{"rendered":"<p class=\"p1\"><b><span>La V-Cell 5<\/span><\/b><span>\u00a0a la r\u00e9putation d&#8217;\u00eatre l&#8217;une des meilleures \u00ab raquettes de transition \u00bb du march\u00e9, mais c&#8217;est bien plus que cela.\u00a0C&#8217;est une raquette de performance super l\u00e9g\u00e8re et super confortable qu&#8217;un joueur peut utiliser pendant toute une carri\u00e8re !\u00a0Avec le syst\u00e8me de poign\u00e9e V-Sensor de Volkl, m\u00eame les raquettes ultra-l\u00e9g\u00e8res comme la V-Cell 5 sont confortables.<\/span><\/p>","protected":false},"featured_media":10210,"comment_status":"open","ping_status":"closed","template":"","meta":{"_monsterinsights_skip_tracking":false,"_monsterinsights_sitenote_active":false,"_monsterinsights_sitenote_note":"","_monsterinsights_sitenote_category":0},"product_brand":[],"product_cat":[410,300],"product_tag":[],"class_list":{"0":"post-10203","1":"product","2":"type-product","3":"status-publish","4":"has-post-thumbnail","6":"product_cat-raquettes-tennis","7":"product_cat-volkl","8":"pa_taille-manche-295","9":"pa_taille-manche-296","10":"pa_taille-manche-297","11":"pa_taille-manche-298","12":"pa_taille-manche-299","14":"first","15":"instock","16":"sale","17":"taxable","18":"shipping-taxable","19":"purchasable","20":"product-type-variable"},"yoast_head":"<!-- This site is optimized with the Yoast SEO plugin v27.4 - https:\/\/yoast.com\/product\/yoast-seo-wordpress\/ -->\n<title>RAQUETTE V-CELL 5 - Planetetennis<\/title>\n<meta name=\"robots\" content=\"index, follow, max-snippet:-1, max-image-preview:large, max-video-preview:-1\" \/>\n<link rel=\"canonical\" href=\"https:\/\/planetetennis.fr\/es\/product\/raquette-v-cell-5\/\" \/>\n<meta property=\"og:locale\" content=\"es_ES\" \/>\n<meta property=\"og:type\" content=\"article\" \/>\n<meta property=\"og:title\" content=\"RAQUETTE V-CELL 5 - Planetetennis\" \/>\n<meta property=\"og:description\" content=\"La V-Cell 5\u00a0a la r\u00e9putation d&#039;\u00eatre l&#039;une des meilleures \u00ab raquettes de transition \u00bb du march\u00e9, mais c&#039;est bien plus que cela.\u00a0C&#039;est une raquette de performance super l\u00e9g\u00e8re et super confortable qu&#039;un joueur peut utiliser pendant toute une carri\u00e8re !\u00a0Avec le syst\u00e8me de poign\u00e9e V-Sensor de Volkl, m\u00eame les raquettes ultra-l\u00e9g\u00e8res comme la V-Cell 5 sont confortables.\" \/>\n<meta property=\"og:url\" content=\"https:\/\/planetetennis.fr\/es\/product\/raquette-v-cell-5\/\" \/>\n<meta property=\"og:site_name\" content=\"Planetetennis\" \/>\n<meta property=\"article:modified_time\" content=\"2024-12-12T16:09:37+00:00\" \/>\n<meta property=\"og:image\" content=\"https:\/\/planetetennis.fr\/wp-content\/uploads\/2021\/10\/VCELL_5_Rotator_2-1024x1024.png\" \/>\n\t<meta property=\"og:image:width\" content=\"1024\" \/>\n\t<meta property=\"og:image:height\" content=\"1024\" \/>\n\t<meta property=\"og:image:type\" content=\"image\/png\" \/>\n<meta name=\"twitter:card\" content=\"summary_large_image\" \/>\n<meta name=\"twitter:label1\" content=\"Est. reading time\" \/>\n\t<meta name=\"twitter:data1\" content=\"1 minute\" \/>\n<script type=\"application\/ld+json\" class=\"yoast-schema-graph\">{\"@context\":\"https:\\\/\\\/schema.org\",\"@graph\":[{\"@type\":\"WebPage\",\"@id\":\"https:\\\/\\\/planetetennis.fr\\\/product\\\/raquette-v-cell-5\\\/\",\"url\":\"https:\\\/\\\/planetetennis.fr\\\/product\\\/raquette-v-cell-5\\\/\",\"name\":\"RAQUETTE V-CELL 5 - Planetetennis\",\"isPartOf\":{\"@id\":\"https:\\\/\\\/planetetennis.fr\\\/#website\"},\"primaryImageOfPage\":{\"@id\":\"https:\\\/\\\/planetetennis.fr\\\/product\\\/raquette-v-cell-5\\\/#primaryimage\"},\"image\":{\"@id\":\"https:\\\/\\\/planetetennis.fr\\\/product\\\/raquette-v-cell-5\\\/#primaryimage\"},\"thumbnailUrl\":\"https:\\\/\\\/planetetennis.fr\\\/wp-content\\\/uploads\\\/2021\\\/10\\\/VCELL_5_Rotator_2.png\",\"datePublished\":\"2021-10-02T10:53:13+00:00\",\"dateModified\":\"2024-12-12T16:09:37+00:00\",\"breadcrumb\":{\"@id\":\"https:\\\/\\\/planetetennis.fr\\\/product\\\/raquette-v-cell-5\\\/#breadcrumb\"},\"inLanguage\":\"es-ES\",\"potentialAction\":[{\"@type\":\"ReadAction\",\"target\":[\"https:\\\/\\\/planetetennis.fr\\\/product\\\/raquette-v-cell-5\\\/\"]}]},{\"@type\":\"ImageObject\",\"inLanguage\":\"es-ES\",\"@id\":\"https:\\\/\\\/planetetennis.fr\\\/product\\\/raquette-v-cell-5\\\/#primaryimage\",\"url\":\"https:\\\/\\\/planetetennis.fr\\\/wp-content\\\/uploads\\\/2021\\\/10\\\/VCELL_5_Rotator_2.png\",\"contentUrl\":\"https:\\\/\\\/planetetennis.fr\\\/wp-content\\\/uploads\\\/2021\\\/10\\\/VCELL_5_Rotator_2.png\",\"width\":2877,\"height\":1619},{\"@type\":\"BreadcrumbList\",\"@id\":\"https:\\\/\\\/planetetennis.fr\\\/product\\\/raquette-v-cell-5\\\/#breadcrumb\",\"itemListElement\":[{\"@type\":\"ListItem\",\"position\":1,\"name\":\"Accueil\",\"item\":\"https:\\\/\\\/planetetennis.fr\\\/\"},{\"@type\":\"ListItem\",\"position\":2,\"name\":\"Nos produits\",\"item\":\"https:\\\/\\\/planetetennis.fr\\\/produits\\\/\"},{\"@type\":\"ListItem\",\"position\":3,\"name\":\"RAQUETTE V-CELL 5\"}]},{\"@type\":\"WebSite\",\"@id\":\"https:\\\/\\\/planetetennis.fr\\\/#website\",\"url\":\"https:\\\/\\\/planetetennis.fr\\\/\",\"name\":\"Planetetennis\",\"description\":\"Cordages de tennis monofilament fran\u00e7ais\",\"publisher\":{\"@id\":\"https:\\\/\\\/planetetennis.fr\\\/#organization\"},\"potentialAction\":[{\"@type\":\"SearchAction\",\"target\":{\"@type\":\"EntryPoint\",\"urlTemplate\":\"https:\\\/\\\/planetetennis.fr\\\/?s={search_term_string}\"},\"query-input\":{\"@type\":\"PropertyValueSpecification\",\"valueRequired\":true,\"valueName\":\"search_term_string\"}}],\"inLanguage\":\"es-ES\"},{\"@type\":\"Organization\",\"@id\":\"https:\\\/\\\/planetetennis.fr\\\/#organization\",\"name\":\"Planetetennis\",\"url\":\"https:\\\/\\\/planetetennis.fr\\\/\",\"logo\":{\"@type\":\"ImageObject\",\"inLanguage\":\"es-ES\",\"@id\":\"https:\\\/\\\/planetetennis.fr\\\/#\\\/schema\\\/logo\\\/image\\\/\",\"url\":\"https:\\\/\\\/planetetennis.fr\\\/wp-content\\\/uploads\\\/2021\\\/10\\\/logocolor03.png\",\"contentUrl\":\"https:\\\/\\\/planetetennis.fr\\\/wp-content\\\/uploads\\\/2021\\\/10\\\/logocolor03.png\",\"width\":230,\"height\":58,\"caption\":\"Planetetennis\"},\"image\":{\"@id\":\"https:\\\/\\\/planetetennis.fr\\\/#\\\/schema\\\/logo\\\/image\\\/\"}}]}<\/script>\n<!-- \/ Yoast SEO plugin. -->","yoast_head_json":{"title":"RAQUETTE V-CELL 5 - Planetetennis","robots":{"index":"index","follow":"follow","max-snippet":"max-snippet:-1","max-image-preview":"max-image-preview:large","max-video-preview":"max-video-preview:-1"},"canonical":"https:\/\/planetetennis.fr\/es\/product\/raquette-v-cell-5\/","og_locale":"es_ES","og_type":"article","og_title":"RAQUETTE V-CELL 5 - Planetetennis","og_description":"La V-Cell 5\u00a0a la r\u00e9putation d'\u00eatre l'une des meilleures \u00ab raquettes de transition \u00bb du march\u00e9, mais c'est bien plus que cela.\u00a0C'est une raquette de performance super l\u00e9g\u00e8re et super confortable qu'un joueur peut utiliser pendant toute une carri\u00e8re !\u00a0Avec le syst\u00e8me de poign\u00e9e V-Sensor de Volkl, m\u00eame les raquettes ultra-l\u00e9g\u00e8res comme la V-Cell 5 sont confortables.","og_url":"https:\/\/planetetennis.fr\/es\/product\/raquette-v-cell-5\/","og_site_name":"Planetetennis","article_modified_time":"2024-12-12T16:09:37+00:00","og_image":[{"width":1024,"height":1024,"url":"https:\/\/planetetennis.fr\/wp-content\/uploads\/2021\/10\/VCELL_5_Rotator_2-1024x1024.png","type":"image\/png"}],"twitter_card":"summary_large_image","twitter_misc":{"Est. reading time":"1 minute"},"schema":{"@context":"https:\/\/schema.org","@graph":[{"@type":"WebPage","@id":"https:\/\/planetetennis.fr\/product\/raquette-v-cell-5\/","url":"https:\/\/planetetennis.fr\/product\/raquette-v-cell-5\/","name":"RAQUETTE V-CELL 5 - Planetetennis","isPartOf":{"@id":"https:\/\/planetetennis.fr\/#website"},"primaryImageOfPage":{"@id":"https:\/\/planetetennis.fr\/product\/raquette-v-cell-5\/#primaryimage"},"image":{"@id":"https:\/\/planetetennis.fr\/product\/raquette-v-cell-5\/#primaryimage"},"thumbnailUrl":"https:\/\/planetetennis.fr\/wp-content\/uploads\/2021\/10\/VCELL_5_Rotator_2.png","datePublished":"2021-10-02T10:53:13+00:00","dateModified":"2024-12-12T16:09:37+00:00","breadcrumb":{"@id":"https:\/\/planetetennis.fr\/product\/raquette-v-cell-5\/#breadcrumb"},"inLanguage":"es-ES","potentialAction":[{"@type":"ReadAction","target":["https:\/\/planetetennis.fr\/product\/raquette-v-cell-5\/"]}]},{"@type":"ImageObject","inLanguage":"es-ES","@id":"https:\/\/planetetennis.fr\/product\/raquette-v-cell-5\/#primaryimage","url":"https:\/\/planetetennis.fr\/wp-content\/uploads\/2021\/10\/VCELL_5_Rotator_2.png","contentUrl":"https:\/\/planetetennis.fr\/wp-content\/uploads\/2021\/10\/VCELL_5_Rotator_2.png","width":2877,"height":1619},{"@type":"BreadcrumbList","@id":"https:\/\/planetetennis.fr\/product\/raquette-v-cell-5\/#breadcrumb","itemListElement":[{"@type":"ListItem","position":1,"name":"Accueil","item":"https:\/\/planetetennis.fr\/"},{"@type":"ListItem","position":2,"name":"Nos produits","item":"https:\/\/planetetennis.fr\/produits\/"},{"@type":"ListItem","position":3,"name":"RAQUETTE V-CELL 5"}]},{"@type":"WebSite","@id":"https:\/\/planetetennis.fr\/#website","url":"https:\/\/planetetennis.fr\/","name":"Planeta tenis","description":"Cordages de tennis monofilament fran\u00e7ais","publisher":{"@id":"https:\/\/planetetennis.fr\/#organization"},"potentialAction":[{"@type":"SearchAction","target":{"@type":"EntryPoint","urlTemplate":"https:\/\/planetetennis.fr\/?s={search_term_string}"},"query-input":{"@type":"PropertyValueSpecification","valueRequired":true,"valueName":"search_term_string"}}],"inLanguage":"es-ES"},{"@type":"Organization","@id":"https:\/\/planetetennis.fr\/#organization","name":"Planeta tenis","url":"https:\/\/planetetennis.fr\/","logo":{"@type":"ImageObject","inLanguage":"es-ES","@id":"https:\/\/planetetennis.fr\/#\/schema\/logo\/image\/","url":"https:\/\/planetetennis.fr\/wp-content\/uploads\/2021\/10\/logocolor03.png","contentUrl":"https:\/\/planetetennis.fr\/wp-content\/uploads\/2021\/10\/logocolor03.png","width":230,"height":58,"caption":"Planetetennis"},"image":{"@id":"https:\/\/planetetennis.fr\/#\/schema\/logo\/image\/"}}]}},"_links":{"self":[{"href":"https:\/\/planetetennis.fr\/es\/wp-json\/wp\/v2\/product\/10203","targetHints":{"allow":["GET"]}}],"collection":[{"href":"https:\/\/planetetennis.fr\/es\/wp-json\/wp\/v2\/product"}],"about":[{"href":"https:\/\/planetetennis.fr\/es\/wp-json\/wp\/v2\/types\/product"}],"replies":[{"embeddable":true,"href":"https:\/\/planetetennis.fr\/es\/wp-json\/wp\/v2\/comments?post=10203"}],"wp:featuredmedia":[{"embeddable":true,"href":"https:\/\/planetetennis.fr\/es\/wp-json\/wp\/v2\/media\/10210"}],"wp:attachment":[{"href":"https:\/\/planetetennis.fr\/es\/wp-json\/wp\/v2\/media?parent=10203"}],"wp:term":[{"taxonomy":"product_brand","embeddable":true,"href":"https:\/\/planetetennis.fr\/es\/wp-json\/wp\/v2\/product_brand?post=10203"},{"taxonomy":"product_cat","embeddable":true,"href":"https:\/\/planetetennis.fr\/es\/wp-json\/wp\/v2\/product_cat?post=10203"},{"taxonomy":"product_tag","embeddable":true,"href":"https:\/\/planetetennis.fr\/es\/wp-json\/wp\/v2\/product_tag?post=10203"}],"curies":[{"name":"wp","href":"https:\/\/api.w.org\/{rel}","templated":true}]}}