{"id":10219,"date":"2021-10-02T14:43:37","date_gmt":"2021-10-02T14:43:37","guid":{"rendered":"https:\/\/stillinblack.com\/?post_type=product&#038;p=10219"},"modified":"2024-12-12T16:00:53","modified_gmt":"2024-12-12T16:00:53","slug":"raquette-v-cell-10-300-grs","status":"publish","type":"product","link":"https:\/\/planetetennis.fr\/es\/product\/raquette-v-cell-10-300-grs\/","title":{"rendered":"RAQUETTE V-CELL 10 300 grs"},"content":{"rendered":"<div>Le V-Cell 10 300g comprend plus de mat\u00e9riau V-Cell, REVA et Super Grommets pour une meilleure sensation.\u00a0Il p\u00e8se 300 g, a une t\u00eate de 630 cm2, une section conique de 20,5 \u00e0 22,5 \u00e0 20,5 mm avec une longueur de 68,5 cm et un \u00e9quilibre de la t\u00eate de 32,5 cm. Plan de cordage 16&#215;19.<\/div>\n<div><\/div>\n<div>Le V-Cell 10 300g allie puissance et effets avec l&#8217;aide des Super Grommets nouvellement con\u00e7us avec la technologie Big Grommet pour un poids facile \u00e0 manipuler que les joueurs avec des swings tr\u00e8s rapides appr\u00e9cieront.\u00a0La nouvelle conception du section donne \u00e0 ces joueurs la confiance n\u00e9cessaire pour frapper leurs meilleurs coups avec effet et puissance dans toutes les positions du court, le tout avec le contr\u00f4le que les joueurs attendent d&#8217;un Volkl 10 !<\/div>","protected":false},"excerpt":{"rendered":"<div>Le V-Cell 10 300g est TOUT NOUVEAU ! Il s&#8217;agit d&#8217;une raquette de joueur \u00e0 section plus fine avec une nouvelle forme de section et un c\u00f4ne pour donner de bonnes sensations avec plus de puissance et de potentiel d&#8217;effets que les mod\u00e8les pr\u00e9c\u00e9dents. Combin\u00e9 avec le Sensor Handle et le VTEX Butt Cap, la V-Cell 10 300g peut \u00eatre la raquette la plus confortable dans la cat\u00e9gorie des joueurs l\u00e9gers.<\/div>\n<div><\/div>","protected":false},"featured_media":10225,"comment_status":"open","ping_status":"closed","template":"","meta":{"_monsterinsights_skip_tracking":false,"_monsterinsights_sitenote_active":false,"_monsterinsights_sitenote_note":"","_monsterinsights_sitenote_category":0},"product_brand":[],"product_cat":[410,300],"product_tag":[],"class_list":{"0":"post-10219","1":"product","2":"type-product","3":"status-publish","4":"has-post-thumbnail","6":"product_cat-raquettes-tennis","7":"product_cat-volkl","8":"pa_taille-manche-295","9":"pa_taille-manche-296","10":"pa_taille-manche-297","11":"pa_taille-manche-298","12":"pa_taille-manche-299","14":"first","15":"instock","16":"sale","17":"taxable","18":"shipping-taxable","19":"purchasable","20":"product-type-variable"},"yoast_head":"<!-- This site is optimized with the Yoast SEO plugin v27.4 - https:\/\/yoast.com\/product\/yoast-seo-wordpress\/ -->\n<title>RAQUETTE V-CELL 10 300 grs - Planetetennis<\/title>\n<meta name=\"robots\" content=\"index, follow, max-snippet:-1, max-image-preview:large, max-video-preview:-1\" \/>\n<link rel=\"canonical\" href=\"https:\/\/planetetennis.fr\/es\/product\/raquette-v-cell-10-300-grs\/\" \/>\n<meta property=\"og:locale\" content=\"es_ES\" \/>\n<meta property=\"og:type\" content=\"article\" \/>\n<meta property=\"og:title\" content=\"RAQUETTE V-CELL 10 300 grs - Planetetennis\" \/>\n<meta property=\"og:description\" content=\"Le V-Cell 10 300g est TOUT NOUVEAU ! Il s&#039;agit d&#039;une raquette de joueur \u00e0 section plus fine avec une nouvelle forme de section et un c\u00f4ne pour donner de bonnes sensations avec plus de puissance et de potentiel d&#039;effets que les mod\u00e8les pr\u00e9c\u00e9dents. Combin\u00e9 avec le Sensor Handle et le VTEX Butt Cap, la V-Cell 10 300g peut \u00eatre la raquette la plus confortable dans la cat\u00e9gorie des joueurs l\u00e9gers.\" \/>\n<meta property=\"og:url\" content=\"https:\/\/planetetennis.fr\/es\/product\/raquette-v-cell-10-300-grs\/\" \/>\n<meta property=\"og:site_name\" content=\"Planetetennis\" \/>\n<meta property=\"article:modified_time\" content=\"2024-12-12T16:00:53+00:00\" \/>\n<meta property=\"og:image\" content=\"https:\/\/planetetennis.fr\/wp-content\/uploads\/2021\/10\/V-Cell-10-300.png\" \/>\n\t<meta property=\"og:image:width\" content=\"1987\" \/>\n\t<meta property=\"og:image:height\" content=\"4508\" \/>\n\t<meta property=\"og:image:type\" content=\"image\/png\" \/>\n<meta name=\"twitter:card\" content=\"summary_large_image\" \/>\n<meta name=\"twitter:label1\" content=\"Est. reading time\" \/>\n\t<meta name=\"twitter:data1\" content=\"1 minute\" \/>\n<script type=\"application\/ld+json\" class=\"yoast-schema-graph\">{\"@context\":\"https:\\\/\\\/schema.org\",\"@graph\":[{\"@type\":\"WebPage\",\"@id\":\"https:\\\/\\\/planetetennis.fr\\\/product\\\/raquette-v-cell-10-300-grs\\\/\",\"url\":\"https:\\\/\\\/planetetennis.fr\\\/product\\\/raquette-v-cell-10-300-grs\\\/\",\"name\":\"RAQUETTE V-CELL 10 300 grs - Planetetennis\",\"isPartOf\":{\"@id\":\"https:\\\/\\\/planetetennis.fr\\\/#website\"},\"primaryImageOfPage\":{\"@id\":\"https:\\\/\\\/planetetennis.fr\\\/product\\\/raquette-v-cell-10-300-grs\\\/#primaryimage\"},\"image\":{\"@id\":\"https:\\\/\\\/planetetennis.fr\\\/product\\\/raquette-v-cell-10-300-grs\\\/#primaryimage\"},\"thumbnailUrl\":\"https:\\\/\\\/planetetennis.fr\\\/wp-content\\\/uploads\\\/2021\\\/10\\\/V-Cell-10-300.png\",\"datePublished\":\"2021-10-02T14:43:37+00:00\",\"dateModified\":\"2024-12-12T16:00:53+00:00\",\"breadcrumb\":{\"@id\":\"https:\\\/\\\/planetetennis.fr\\\/product\\\/raquette-v-cell-10-300-grs\\\/#breadcrumb\"},\"inLanguage\":\"es-ES\",\"potentialAction\":[{\"@type\":\"ReadAction\",\"target\":[\"https:\\\/\\\/planetetennis.fr\\\/product\\\/raquette-v-cell-10-300-grs\\\/\"]}]},{\"@type\":\"ImageObject\",\"inLanguage\":\"es-ES\",\"@id\":\"https:\\\/\\\/planetetennis.fr\\\/product\\\/raquette-v-cell-10-300-grs\\\/#primaryimage\",\"url\":\"https:\\\/\\\/planetetennis.fr\\\/wp-content\\\/uploads\\\/2021\\\/10\\\/V-Cell-10-300.png\",\"contentUrl\":\"https:\\\/\\\/planetetennis.fr\\\/wp-content\\\/uploads\\\/2021\\\/10\\\/V-Cell-10-300.png\",\"width\":1987,\"height\":4508},{\"@type\":\"BreadcrumbList\",\"@id\":\"https:\\\/\\\/planetetennis.fr\\\/product\\\/raquette-v-cell-10-300-grs\\\/#breadcrumb\",\"itemListElement\":[{\"@type\":\"ListItem\",\"position\":1,\"name\":\"Accueil\",\"item\":\"https:\\\/\\\/planetetennis.fr\\\/\"},{\"@type\":\"ListItem\",\"position\":2,\"name\":\"Nos produits\",\"item\":\"https:\\\/\\\/planetetennis.fr\\\/produits\\\/\"},{\"@type\":\"ListItem\",\"position\":3,\"name\":\"RAQUETTE V-CELL 10 300 grs\"}]},{\"@type\":\"WebSite\",\"@id\":\"https:\\\/\\\/planetetennis.fr\\\/#website\",\"url\":\"https:\\\/\\\/planetetennis.fr\\\/\",\"name\":\"Planetetennis\",\"description\":\"Cordages de tennis monofilament fran\u00e7ais\",\"publisher\":{\"@id\":\"https:\\\/\\\/planetetennis.fr\\\/#organization\"},\"potentialAction\":[{\"@type\":\"SearchAction\",\"target\":{\"@type\":\"EntryPoint\",\"urlTemplate\":\"https:\\\/\\\/planetetennis.fr\\\/?s={search_term_string}\"},\"query-input\":{\"@type\":\"PropertyValueSpecification\",\"valueRequired\":true,\"valueName\":\"search_term_string\"}}],\"inLanguage\":\"es-ES\"},{\"@type\":\"Organization\",\"@id\":\"https:\\\/\\\/planetetennis.fr\\\/#organization\",\"name\":\"Planetetennis\",\"url\":\"https:\\\/\\\/planetetennis.fr\\\/\",\"logo\":{\"@type\":\"ImageObject\",\"inLanguage\":\"es-ES\",\"@id\":\"https:\\\/\\\/planetetennis.fr\\\/#\\\/schema\\\/logo\\\/image\\\/\",\"url\":\"https:\\\/\\\/planetetennis.fr\\\/wp-content\\\/uploads\\\/2021\\\/10\\\/logocolor03.png\",\"contentUrl\":\"https:\\\/\\\/planetetennis.fr\\\/wp-content\\\/uploads\\\/2021\\\/10\\\/logocolor03.png\",\"width\":230,\"height\":58,\"caption\":\"Planetetennis\"},\"image\":{\"@id\":\"https:\\\/\\\/planetetennis.fr\\\/#\\\/schema\\\/logo\\\/image\\\/\"}}]}<\/script>\n<!-- \/ Yoast SEO plugin. -->","yoast_head_json":{"title":"RAQUETTE V-CELL 10 300 grs - Planetetennis","robots":{"index":"index","follow":"follow","max-snippet":"max-snippet:-1","max-image-preview":"max-image-preview:large","max-video-preview":"max-video-preview:-1"},"canonical":"https:\/\/planetetennis.fr\/es\/product\/raquette-v-cell-10-300-grs\/","og_locale":"es_ES","og_type":"article","og_title":"RAQUETTE V-CELL 10 300 grs - Planetetennis","og_description":"Le V-Cell 10 300g est TOUT NOUVEAU ! Il s'agit d'une raquette de joueur \u00e0 section plus fine avec une nouvelle forme de section et un c\u00f4ne pour donner de bonnes sensations avec plus de puissance et de potentiel d'effets que les mod\u00e8les pr\u00e9c\u00e9dents. Combin\u00e9 avec le Sensor Handle et le VTEX Butt Cap, la V-Cell 10 300g peut \u00eatre la raquette la plus confortable dans la cat\u00e9gorie des joueurs l\u00e9gers.","og_url":"https:\/\/planetetennis.fr\/es\/product\/raquette-v-cell-10-300-grs\/","og_site_name":"Planetetennis","article_modified_time":"2024-12-12T16:00:53+00:00","og_image":[{"width":1987,"height":4508,"url":"https:\/\/planetetennis.fr\/wp-content\/uploads\/2021\/10\/V-Cell-10-300.png","type":"image\/png"}],"twitter_card":"summary_large_image","twitter_misc":{"Est. reading time":"1 minute"},"schema":{"@context":"https:\/\/schema.org","@graph":[{"@type":"WebPage","@id":"https:\/\/planetetennis.fr\/product\/raquette-v-cell-10-300-grs\/","url":"https:\/\/planetetennis.fr\/product\/raquette-v-cell-10-300-grs\/","name":"RAQUETTE V-CELL 10 300 grs - Planetetennis","isPartOf":{"@id":"https:\/\/planetetennis.fr\/#website"},"primaryImageOfPage":{"@id":"https:\/\/planetetennis.fr\/product\/raquette-v-cell-10-300-grs\/#primaryimage"},"image":{"@id":"https:\/\/planetetennis.fr\/product\/raquette-v-cell-10-300-grs\/#primaryimage"},"thumbnailUrl":"https:\/\/planetetennis.fr\/wp-content\/uploads\/2021\/10\/V-Cell-10-300.png","datePublished":"2021-10-02T14:43:37+00:00","dateModified":"2024-12-12T16:00:53+00:00","breadcrumb":{"@id":"https:\/\/planetetennis.fr\/product\/raquette-v-cell-10-300-grs\/#breadcrumb"},"inLanguage":"es-ES","potentialAction":[{"@type":"ReadAction","target":["https:\/\/planetetennis.fr\/product\/raquette-v-cell-10-300-grs\/"]}]},{"@type":"ImageObject","inLanguage":"es-ES","@id":"https:\/\/planetetennis.fr\/product\/raquette-v-cell-10-300-grs\/#primaryimage","url":"https:\/\/planetetennis.fr\/wp-content\/uploads\/2021\/10\/V-Cell-10-300.png","contentUrl":"https:\/\/planetetennis.fr\/wp-content\/uploads\/2021\/10\/V-Cell-10-300.png","width":1987,"height":4508},{"@type":"BreadcrumbList","@id":"https:\/\/planetetennis.fr\/product\/raquette-v-cell-10-300-grs\/#breadcrumb","itemListElement":[{"@type":"ListItem","position":1,"name":"Accueil","item":"https:\/\/planetetennis.fr\/"},{"@type":"ListItem","position":2,"name":"Nos produits","item":"https:\/\/planetetennis.fr\/produits\/"},{"@type":"ListItem","position":3,"name":"RAQUETTE V-CELL 10 300 grs"}]},{"@type":"WebSite","@id":"https:\/\/planetetennis.fr\/#website","url":"https:\/\/planetetennis.fr\/","name":"Planeta tenis","description":"Cordages de tennis monofilament fran\u00e7ais","publisher":{"@id":"https:\/\/planetetennis.fr\/#organization"},"potentialAction":[{"@type":"SearchAction","target":{"@type":"EntryPoint","urlTemplate":"https:\/\/planetetennis.fr\/?s={search_term_string}"},"query-input":{"@type":"PropertyValueSpecification","valueRequired":true,"valueName":"search_term_string"}}],"inLanguage":"es-ES"},{"@type":"Organization","@id":"https:\/\/planetetennis.fr\/#organization","name":"Planeta tenis","url":"https:\/\/planetetennis.fr\/","logo":{"@type":"ImageObject","inLanguage":"es-ES","@id":"https:\/\/planetetennis.fr\/#\/schema\/logo\/image\/","url":"https:\/\/planetetennis.fr\/wp-content\/uploads\/2021\/10\/logocolor03.png","contentUrl":"https:\/\/planetetennis.fr\/wp-content\/uploads\/2021\/10\/logocolor03.png","width":230,"height":58,"caption":"Planetetennis"},"image":{"@id":"https:\/\/planetetennis.fr\/#\/schema\/logo\/image\/"}}]}},"_links":{"self":[{"href":"https:\/\/planetetennis.fr\/es\/wp-json\/wp\/v2\/product\/10219","targetHints":{"allow":["GET"]}}],"collection":[{"href":"https:\/\/planetetennis.fr\/es\/wp-json\/wp\/v2\/product"}],"about":[{"href":"https:\/\/planetetennis.fr\/es\/wp-json\/wp\/v2\/types\/product"}],"replies":[{"embeddable":true,"href":"https:\/\/planetetennis.fr\/es\/wp-json\/wp\/v2\/comments?post=10219"}],"wp:featuredmedia":[{"embeddable":true,"href":"https:\/\/planetetennis.fr\/es\/wp-json\/wp\/v2\/media\/10225"}],"wp:attachment":[{"href":"https:\/\/planetetennis.fr\/es\/wp-json\/wp\/v2\/media?parent=10219"}],"wp:term":[{"taxonomy":"product_brand","embeddable":true,"href":"https:\/\/planetetennis.fr\/es\/wp-json\/wp\/v2\/product_brand?post=10219"},{"taxonomy":"product_cat","embeddable":true,"href":"https:\/\/planetetennis.fr\/es\/wp-json\/wp\/v2\/product_cat?post=10219"},{"taxonomy":"product_tag","embeddable":true,"href":"https:\/\/planetetennis.fr\/es\/wp-json\/wp\/v2\/product_tag?post=10219"}],"curies":[{"name":"wp","href":"https:\/\/api.w.org\/{rel}","templated":true}]}}