{"id":10400,"date":"2021-10-05T14:31:29","date_gmt":"2021-10-05T14:31:29","guid":{"rendered":"https:\/\/stillinblack.com\/?post_type=product&#038;p=10400"},"modified":"2024-01-03T19:48:16","modified_gmt":"2024-01-03T19:48:16","slug":"bobine-200-m-super-smash-orange","status":"publish","type":"product","link":"https:\/\/planetetennis.fr\/es\/product\/bobine-200-m-super-smash-orange\/","title":{"rendered":"Carrete 200m Super Smash Orange"},"content":{"rendered":"<p>Monofilamento de copoli\u00e9ster con perfil redondo<br \/>\n<span style=\"font-weight: 400;\">Aspectos destacados del producto: Potencia - control - durabilidad<\/span><\/p>","protected":false},"excerpt":{"rendered":"<p>El Super Smash Orange tiene una muy buena relaci\u00f3n precio\/calidad. Dise\u00f1ado para jugadores de torneos, tiene muy buena durabilidad combinada con buena potencia y muy buen control.<\/p>\n<p>&nbsp;<\/p>","protected":false},"featured_media":10407,"comment_status":"open","ping_status":"closed","template":"","meta":{"_monsterinsights_skip_tracking":false,"_monsterinsights_sitenote_active":false,"_monsterinsights_sitenote_note":"","_monsterinsights_sitenote_category":0},"product_brand":[],"product_cat":[404,388],"product_tag":[],"class_list":{"0":"post-10400","1":"product","2":"type-product","3":"status-publish","4":"has-post-thumbnail","6":"product_cat-200-m-kirschbaum","7":"product_cat-kirschbaum","8":"pa_color-orange","9":"pa_jauge-1-23","10":"pa_jauge-1-28","11":"pa_longueur-144","12":"pa_longueur-145","14":"first","15":"instock","16":"sale","17":"taxable","18":"shipping-taxable","19":"purchasable","20":"product-type-variable"},"yoast_head":"<!-- This site is optimized with the Yoast SEO plugin v27.4 - https:\/\/yoast.com\/product\/yoast-seo-wordpress\/ -->\n<title>Bobine 200 m Super Smash Orange - Planetetennis<\/title>\n<meta name=\"robots\" content=\"index, follow, max-snippet:-1, max-image-preview:large, max-video-preview:-1\" \/>\n<link rel=\"canonical\" href=\"https:\/\/planetetennis.fr\/es\/product\/bobine-200-m-super-smash-orange\/\" \/>\n<meta property=\"og:locale\" content=\"es_ES\" \/>\n<meta property=\"og:type\" content=\"article\" \/>\n<meta property=\"og:title\" content=\"Bobine 200 m Super Smash Orange - Planetetennis\" \/>\n<meta property=\"og:description\" content=\"Le Super Smash Orange poss\u00e8de un tr\u00e8s bon rapport qualit\u00e9\/prix. Con\u00e7u pour les joueurs de tournoi, il poss\u00e8de une tr\u00e8s bonne durabilit\u00e9 associ\u00e9 \u00e0 une bonne puissance et un tr\u00e8s bon contr\u00f4le.  &nbsp;\" \/>\n<meta property=\"og:url\" content=\"https:\/\/planetetennis.fr\/es\/product\/bobine-200-m-super-smash-orange\/\" \/>\n<meta property=\"og:site_name\" content=\"Planetetennis\" \/>\n<meta property=\"article:modified_time\" content=\"2024-01-03T19:48:16+00:00\" \/>\n<meta property=\"og:image\" content=\"https:\/\/planetetennis.fr\/wp-content\/uploads\/2021\/10\/Super_Smash_Orange_Rolle_RGB-scaled.jpg\" \/>\n\t<meta property=\"og:image:width\" content=\"2347\" \/>\n\t<meta property=\"og:image:height\" content=\"2560\" \/>\n\t<meta property=\"og:image:type\" content=\"image\/jpeg\" \/>\n<meta name=\"twitter:card\" content=\"summary_large_image\" \/>\n<meta name=\"twitter:label1\" content=\"Est. reading time\" \/>\n\t<meta name=\"twitter:data1\" content=\"1 minute\" \/>\n<script type=\"application\/ld+json\" class=\"yoast-schema-graph\">{\"@context\":\"https:\\\/\\\/schema.org\",\"@graph\":[{\"@type\":\"WebPage\",\"@id\":\"https:\\\/\\\/planetetennis.fr\\\/product\\\/bobine-200-m-super-smash-orange\\\/\",\"url\":\"https:\\\/\\\/planetetennis.fr\\\/product\\\/bobine-200-m-super-smash-orange\\\/\",\"name\":\"Bobine 200 m Super Smash Orange - Planetetennis\",\"isPartOf\":{\"@id\":\"https:\\\/\\\/planetetennis.fr\\\/#website\"},\"primaryImageOfPage\":{\"@id\":\"https:\\\/\\\/planetetennis.fr\\\/product\\\/bobine-200-m-super-smash-orange\\\/#primaryimage\"},\"image\":{\"@id\":\"https:\\\/\\\/planetetennis.fr\\\/product\\\/bobine-200-m-super-smash-orange\\\/#primaryimage\"},\"thumbnailUrl\":\"https:\\\/\\\/planetetennis.fr\\\/wp-content\\\/uploads\\\/2021\\\/10\\\/Super_Smash_Orange_Rolle_RGB-scaled.jpg\",\"datePublished\":\"2021-10-05T14:31:29+00:00\",\"dateModified\":\"2024-01-03T19:48:16+00:00\",\"breadcrumb\":{\"@id\":\"https:\\\/\\\/planetetennis.fr\\\/product\\\/bobine-200-m-super-smash-orange\\\/#breadcrumb\"},\"inLanguage\":\"es-ES\",\"potentialAction\":[{\"@type\":\"ReadAction\",\"target\":[\"https:\\\/\\\/planetetennis.fr\\\/product\\\/bobine-200-m-super-smash-orange\\\/\"]}]},{\"@type\":\"ImageObject\",\"inLanguage\":\"es-ES\",\"@id\":\"https:\\\/\\\/planetetennis.fr\\\/product\\\/bobine-200-m-super-smash-orange\\\/#primaryimage\",\"url\":\"https:\\\/\\\/planetetennis.fr\\\/wp-content\\\/uploads\\\/2021\\\/10\\\/Super_Smash_Orange_Rolle_RGB-scaled.jpg\",\"contentUrl\":\"https:\\\/\\\/planetetennis.fr\\\/wp-content\\\/uploads\\\/2021\\\/10\\\/Super_Smash_Orange_Rolle_RGB-scaled.jpg\",\"width\":2347,\"height\":2560},{\"@type\":\"BreadcrumbList\",\"@id\":\"https:\\\/\\\/planetetennis.fr\\\/product\\\/bobine-200-m-super-smash-orange\\\/#breadcrumb\",\"itemListElement\":[{\"@type\":\"ListItem\",\"position\":1,\"name\":\"Accueil\",\"item\":\"https:\\\/\\\/planetetennis.fr\\\/\"},{\"@type\":\"ListItem\",\"position\":2,\"name\":\"Nos produits\",\"item\":\"https:\\\/\\\/planetetennis.fr\\\/produits\\\/\"},{\"@type\":\"ListItem\",\"position\":3,\"name\":\"Bobine 200 m Super Smash Orange\"}]},{\"@type\":\"WebSite\",\"@id\":\"https:\\\/\\\/planetetennis.fr\\\/#website\",\"url\":\"https:\\\/\\\/planetetennis.fr\\\/\",\"name\":\"Planetetennis\",\"description\":\"Cordages de tennis monofilament fran\u00e7ais\",\"publisher\":{\"@id\":\"https:\\\/\\\/planetetennis.fr\\\/#organization\"},\"potentialAction\":[{\"@type\":\"SearchAction\",\"target\":{\"@type\":\"EntryPoint\",\"urlTemplate\":\"https:\\\/\\\/planetetennis.fr\\\/?s={search_term_string}\"},\"query-input\":{\"@type\":\"PropertyValueSpecification\",\"valueRequired\":true,\"valueName\":\"search_term_string\"}}],\"inLanguage\":\"es-ES\"},{\"@type\":\"Organization\",\"@id\":\"https:\\\/\\\/planetetennis.fr\\\/#organization\",\"name\":\"Planetetennis\",\"url\":\"https:\\\/\\\/planetetennis.fr\\\/\",\"logo\":{\"@type\":\"ImageObject\",\"inLanguage\":\"es-ES\",\"@id\":\"https:\\\/\\\/planetetennis.fr\\\/#\\\/schema\\\/logo\\\/image\\\/\",\"url\":\"https:\\\/\\\/planetetennis.fr\\\/wp-content\\\/uploads\\\/2021\\\/10\\\/logocolor03.png\",\"contentUrl\":\"https:\\\/\\\/planetetennis.fr\\\/wp-content\\\/uploads\\\/2021\\\/10\\\/logocolor03.png\",\"width\":230,\"height\":58,\"caption\":\"Planetetennis\"},\"image\":{\"@id\":\"https:\\\/\\\/planetetennis.fr\\\/#\\\/schema\\\/logo\\\/image\\\/\"}}]}<\/script>\n<!-- \/ Yoast SEO plugin. -->","yoast_head_json":{"title":"Bobine 200 m Super Smash Orange - Planetetennis","robots":{"index":"index","follow":"follow","max-snippet":"max-snippet:-1","max-image-preview":"max-image-preview:large","max-video-preview":"max-video-preview:-1"},"canonical":"https:\/\/planetetennis.fr\/es\/product\/bobine-200-m-super-smash-orange\/","og_locale":"es_ES","og_type":"article","og_title":"Bobine 200 m Super Smash Orange - Planetetennis","og_description":"Le Super Smash Orange poss\u00e8de un tr\u00e8s bon rapport qualit\u00e9\/prix. Con\u00e7u pour les joueurs de tournoi, il poss\u00e8de une tr\u00e8s bonne durabilit\u00e9 associ\u00e9 \u00e0 une bonne puissance et un tr\u00e8s bon contr\u00f4le.  &nbsp;","og_url":"https:\/\/planetetennis.fr\/es\/product\/bobine-200-m-super-smash-orange\/","og_site_name":"Planetetennis","article_modified_time":"2024-01-03T19:48:16+00:00","og_image":[{"width":2347,"height":2560,"url":"https:\/\/planetetennis.fr\/wp-content\/uploads\/2021\/10\/Super_Smash_Orange_Rolle_RGB-scaled.jpg","type":"image\/jpeg"}],"twitter_card":"summary_large_image","twitter_misc":{"Est. reading time":"1 minute"},"schema":{"@context":"https:\/\/schema.org","@graph":[{"@type":"WebPage","@id":"https:\/\/planetetennis.fr\/product\/bobine-200-m-super-smash-orange\/","url":"https:\/\/planetetennis.fr\/product\/bobine-200-m-super-smash-orange\/","name":"Bobine 200 m Super Smash Orange - Planetetennis","isPartOf":{"@id":"https:\/\/planetetennis.fr\/#website"},"primaryImageOfPage":{"@id":"https:\/\/planetetennis.fr\/product\/bobine-200-m-super-smash-orange\/#primaryimage"},"image":{"@id":"https:\/\/planetetennis.fr\/product\/bobine-200-m-super-smash-orange\/#primaryimage"},"thumbnailUrl":"https:\/\/planetetennis.fr\/wp-content\/uploads\/2021\/10\/Super_Smash_Orange_Rolle_RGB-scaled.jpg","datePublished":"2021-10-05T14:31:29+00:00","dateModified":"2024-01-03T19:48:16+00:00","breadcrumb":{"@id":"https:\/\/planetetennis.fr\/product\/bobine-200-m-super-smash-orange\/#breadcrumb"},"inLanguage":"es-ES","potentialAction":[{"@type":"ReadAction","target":["https:\/\/planetetennis.fr\/product\/bobine-200-m-super-smash-orange\/"]}]},{"@type":"ImageObject","inLanguage":"es-ES","@id":"https:\/\/planetetennis.fr\/product\/bobine-200-m-super-smash-orange\/#primaryimage","url":"https:\/\/planetetennis.fr\/wp-content\/uploads\/2021\/10\/Super_Smash_Orange_Rolle_RGB-scaled.jpg","contentUrl":"https:\/\/planetetennis.fr\/wp-content\/uploads\/2021\/10\/Super_Smash_Orange_Rolle_RGB-scaled.jpg","width":2347,"height":2560},{"@type":"BreadcrumbList","@id":"https:\/\/planetetennis.fr\/product\/bobine-200-m-super-smash-orange\/#breadcrumb","itemListElement":[{"@type":"ListItem","position":1,"name":"Accueil","item":"https:\/\/planetetennis.fr\/"},{"@type":"ListItem","position":2,"name":"Nos produits","item":"https:\/\/planetetennis.fr\/produits\/"},{"@type":"ListItem","position":3,"name":"Bobine 200 m Super Smash Orange"}]},{"@type":"WebSite","@id":"https:\/\/planetetennis.fr\/#website","url":"https:\/\/planetetennis.fr\/","name":"Planeta tenis","description":"Cordages de tennis monofilament fran\u00e7ais","publisher":{"@id":"https:\/\/planetetennis.fr\/#organization"},"potentialAction":[{"@type":"SearchAction","target":{"@type":"EntryPoint","urlTemplate":"https:\/\/planetetennis.fr\/?s={search_term_string}"},"query-input":{"@type":"PropertyValueSpecification","valueRequired":true,"valueName":"search_term_string"}}],"inLanguage":"es-ES"},{"@type":"Organization","@id":"https:\/\/planetetennis.fr\/#organization","name":"Planeta tenis","url":"https:\/\/planetetennis.fr\/","logo":{"@type":"ImageObject","inLanguage":"es-ES","@id":"https:\/\/planetetennis.fr\/#\/schema\/logo\/image\/","url":"https:\/\/planetetennis.fr\/wp-content\/uploads\/2021\/10\/logocolor03.png","contentUrl":"https:\/\/planetetennis.fr\/wp-content\/uploads\/2021\/10\/logocolor03.png","width":230,"height":58,"caption":"Planetetennis"},"image":{"@id":"https:\/\/planetetennis.fr\/#\/schema\/logo\/image\/"}}]}},"_links":{"self":[{"href":"https:\/\/planetetennis.fr\/es\/wp-json\/wp\/v2\/product\/10400","targetHints":{"allow":["GET"]}}],"collection":[{"href":"https:\/\/planetetennis.fr\/es\/wp-json\/wp\/v2\/product"}],"about":[{"href":"https:\/\/planetetennis.fr\/es\/wp-json\/wp\/v2\/types\/product"}],"replies":[{"embeddable":true,"href":"https:\/\/planetetennis.fr\/es\/wp-json\/wp\/v2\/comments?post=10400"}],"wp:featuredmedia":[{"embeddable":true,"href":"https:\/\/planetetennis.fr\/es\/wp-json\/wp\/v2\/media\/10407"}],"wp:attachment":[{"href":"https:\/\/planetetennis.fr\/es\/wp-json\/wp\/v2\/media?parent=10400"}],"wp:term":[{"taxonomy":"product_brand","embeddable":true,"href":"https:\/\/planetetennis.fr\/es\/wp-json\/wp\/v2\/product_brand?post=10400"},{"taxonomy":"product_cat","embeddable":true,"href":"https:\/\/planetetennis.fr\/es\/wp-json\/wp\/v2\/product_cat?post=10400"},{"taxonomy":"product_tag","embeddable":true,"href":"https:\/\/planetetennis.fr\/es\/wp-json\/wp\/v2\/product_tag?post=10400"}],"curies":[{"name":"wp","href":"https:\/\/api.w.org\/{rel}","templated":true}]}}