{"id":11272,"date":"2022-09-02T13:17:08","date_gmt":"2022-09-02T13:17:08","guid":{"rendered":"https:\/\/planetetennis.fr\/?post_type=product&#038;p=11272"},"modified":"2025-06-26T13:18:05","modified_gmt":"2025-06-26T13:18:05","slug":"chaussure-point-corail-semelle-all-court-2022","status":"publish","type":"product","link":"https:\/\/planetetennis.fr\/es\/product\/chaussure-point-corail-semelle-all-court-2022\/","title":{"rendered":"CHAUSSURE &#8220;POINT&#8221; CORAIL SEMELLE ALL COURT 2022"},"content":{"rendered":"<div class=\"attbox\">\n<h5 id=\"features\" class=\"menu-description-title title\">CARACT\u00c9RISTIQUES<\/h5>\n<div class=\"row\">\n<div class=\"col-sm-12 col-md-6\">\n<ul>\n<li>Double Exo Counter : deux contreforts arri\u00e8re pour prot\u00e9ger le talon.<\/li>\n<li>Semelle int\u00e9rieure en EVA pr\u00e9moul\u00e9 qui s&#8217;adapte \u00e0 la forme du pied<\/li>\n<li>Premi\u00e8re de montage en EVA<\/li>\n<li>Semelle interm\u00e9diaire avec REACTIVE BALL et STABILIS<\/li>\n<li>Semelle ext\u00e9rieure en caoutchouc avec FLEXO<\/li>\n<li>Languette cousue \u00e0 la tige<\/li>\n<\/ul>\n<\/div>\n<\/div>\n<\/div>\n<div class=\"attbox\">\n<h5 id=\"technicalInformation\" class=\"menu-description-title title\">INFORMATIONS TECHNIQUES<\/h5>\n<div class=\"row\">\n<div class=\"col-sm-12 col-md-6\">\n<ul>\n<li>Semelle ext\u00e9rieure : r\u00e9sistance \u00e0 l&#8217;abrasion DIN-40<\/li>\n<li>Intensit\u00e9 d&#8217;utilisation : comp\u00e9tition<\/li>\n<\/ul>\n<p>Pour vous aider \u00e0 choisir votre pointure vous pouvez utiliser le tableau d\u2019\u00e9quivalence suivant :<\/p>\n<p><a class=\"swipebox\" title=\"\" href=\"https:\/\/planetetennis.fr\/wp-content\/uploads\/2025\/06\/Guide-des-tailles-chaussures-joma-1.jpg\" data-rel=\"lightbox-image-bGlnaHRib3gtaW1hZ2UtMA==\" data-rl_title=\"\" data-rl_caption=\"\"><img loading=\"lazy\" decoding=\"async\" class=\"alignnone size-full wp-image-17482\" src=\"https:\/\/planetetennis.fr\/wp-content\/webp-express\/webp-images\/uploads\/2025\/06\/Guide-des-tailles-chaussures-joma-1.jpg.webp\" sizes=\"auto, (max-width: 198px) 100vw, 198px\" srcset=\"https:\/\/planetetennis.fr\/wp-content\/webp-express\/webp-images\/uploads\/2025\/06\/Guide-des-tailles-chaussures-joma-1.jpg.webp 198w,  https:\/\/planetetennis.fr\/wp-content\/webp-express\/webp-images\/uploads\/2025\/06\/Guide-des-tailles-chaussures-joma-1-7x12.jpg.webp 7w,  https:\/\/planetetennis.fr\/wp-content\/webp-express\/webp-images\/uploads\/2025\/06\/Guide-des-tailles-chaussures-joma-1-150x252.jpg.webp 150w\" alt=\"\" width=\"198\" height=\"333\" \/><\/a><\/p>\n<\/div>\n<\/div>\n<\/div>","protected":false},"excerpt":{"rendered":"<div class=\"attbox\">\n<div class=\"row\">\n<div class=\"col-sm-12 value content\">\n<p>Chaussure d\u00e9velopp\u00e9e pour la haute comp\u00e9tition.\u00a0Pour les joueurs qui exigent beaucoup de la chaussure.\u00a0Combinaison parfaite entre stabilit\u00e9 et confort.\u00a0La tige est faite de nylon personnalis\u00e9, de TPU soud\u00e9 et de KPU avant \u00e0 haute abrasion con\u00e7us pour r\u00e9sister aux frottements avec le terrain et optimiser la flexion du pied.\u00a0La languette est int\u00e9gr\u00e9e dans la coupe et le la\u00e7age am\u00e9lior\u00e9 pour augmenter le maintien et le confort.\u00a0Elle dispose d&#8217;un double Exo Counter : deux contreforts arri\u00e8re pour prot\u00e9ger le talon.\u00a0La semelle int\u00e9rieure est en EVA pr\u00e9-moul\u00e9 ajust\u00e9 \u00e0 la forme du pied et la semelle int\u00e9rieure est en EVA de 2 mm cousue \u00e0 la tige.\u00a0La semelle interm\u00e9diaire est construite avec la base REACTIVE BALL pour offrir un confort sans perdre en stabilit\u00e9.\u00a0Int\u00e8gre le syst\u00e8me Stabilis : un morceau de TPU sur le c\u00f4t\u00e9 pour \u00e9viter les virages incorrects entre l&#8217;avant et l&#8217;arri\u00e8re du pied,\u00a0\u00e9vitant ainsi les blessures.\u00a0La semelle est en caoutchouc \u00e0 l&#8217;abrasion DIN-40 tr\u00e8s r\u00e9sistant, en plus d&#8217;avoir Flexo : des lignes plac\u00e9es de mani\u00e8re ergonomique pour que la bande de roulement soit plus naturelle et flexible.<\/p>\n<\/div>\n<\/div>\n<\/div>","protected":false},"featured_media":11282,"comment_status":"open","ping_status":"closed","template":"","meta":{"_monsterinsights_skip_tracking":false,"_monsterinsights_sitenote_active":false,"_monsterinsights_sitenote_note":"","_monsterinsights_sitenote_category":0},"product_brand":[],"product_cat":[456,414,325,436],"product_tag":[],"class_list":{"0":"post-11272","1":"product","2":"type-product","3":"status-publish","4":"has-post-thumbnail","6":"product_cat-all-court","7":"product_cat-chaussures","8":"product_cat-chaussures-joma","9":"product_cat-homme","11":"first","12":"instock","13":"sale","14":"taxable","15":"shipping-taxable","16":"purchasable","17":"product-type-variable"},"yoast_head":"<!-- This site is optimized with the Yoast SEO plugin v27.4 - https:\/\/yoast.com\/product\/yoast-seo-wordpress\/ -->\n<title>CHAUSSURE &quot;POINT&quot; CORAIL SEMELLE ALL COURT 2022 - Planetetennis<\/title>\n<meta name=\"robots\" content=\"index, follow, max-snippet:-1, max-image-preview:large, max-video-preview:-1\" \/>\n<link rel=\"canonical\" href=\"https:\/\/planetetennis.fr\/es\/product\/chaussure-point-corail-semelle-all-court-2022\/\" \/>\n<meta property=\"og:locale\" content=\"es_ES\" \/>\n<meta property=\"og:type\" content=\"article\" \/>\n<meta property=\"og:title\" content=\"CHAUSSURE &quot;POINT&quot; CORAIL SEMELLE ALL COURT 2022 - Planetetennis\" \/>\n<meta property=\"og:description\" content=\"Chaussure d\u00e9velopp\u00e9e pour la haute comp\u00e9tition.\u00a0Pour les joueurs qui exigent beaucoup de la chaussure.\u00a0Combinaison parfaite entre stabilit\u00e9 et confort.\u00a0La tige est faite de nylon personnalis\u00e9, de TPU soud\u00e9 et de KPU avant \u00e0 haute abrasion con\u00e7us pour r\u00e9sister aux frottements avec le terrain et optimiser la flexion du pied.\u00a0La languette est int\u00e9gr\u00e9e dans la coupe et le la\u00e7age am\u00e9lior\u00e9 pour augmenter le maintien et le confort.\u00a0Elle dispose d&#039;un double Exo Counter : deux contreforts arri\u00e8re pour prot\u00e9ger le talon.\u00a0La semelle int\u00e9rieure est en EVA pr\u00e9-moul\u00e9 ajust\u00e9 \u00e0 la forme du pied et la semelle int\u00e9rieure est en EVA de 2 mm cousue \u00e0 la tige.\u00a0La semelle interm\u00e9diaire est construite avec la base REACTIVE BALL pour offrir un confort sans perdre en stabilit\u00e9.\u00a0Int\u00e8gre le syst\u00e8me Stabilis : un morceau de TPU sur le c\u00f4t\u00e9 pour \u00e9viter les virages incorrects entre l&#039;avant et l&#039;arri\u00e8re du pied,\u00a0\u00e9vitant ainsi les blessures.\u00a0La semelle est en caoutchouc \u00e0 l&#039;abrasion DIN-40 tr\u00e8s r\u00e9sistant, en plus d&#039;avoir Flexo : des lignes plac\u00e9es de mani\u00e8re ergonomique pour que la bande de roulement soit plus naturelle et flexible.\" \/>\n<meta property=\"og:url\" content=\"https:\/\/planetetennis.fr\/es\/product\/chaussure-point-corail-semelle-all-court-2022\/\" \/>\n<meta property=\"og:site_name\" content=\"Planetetennis\" \/>\n<meta property=\"article:modified_time\" content=\"2025-06-26T13:18:05+00:00\" \/>\n<meta property=\"og:image\" content=\"https:\/\/planetetennis.fr\/wp-content\/uploads\/2022\/09\/00053000_0_1.jpg\" \/>\n\t<meta property=\"og:image:width\" content=\"640\" \/>\n\t<meta property=\"og:image:height\" content=\"640\" \/>\n\t<meta property=\"og:image:type\" content=\"image\/jpeg\" \/>\n<meta name=\"twitter:card\" content=\"summary_large_image\" \/>\n<meta name=\"twitter:label1\" content=\"Est. reading time\" \/>\n\t<meta name=\"twitter:data1\" content=\"1 minute\" \/>\n<script type=\"application\/ld+json\" class=\"yoast-schema-graph\">{\"@context\":\"https:\\\/\\\/schema.org\",\"@graph\":[{\"@type\":\"WebPage\",\"@id\":\"https:\\\/\\\/planetetennis.fr\\\/product\\\/chaussure-point-corail-semelle-all-court-2022\\\/\",\"url\":\"https:\\\/\\\/planetetennis.fr\\\/product\\\/chaussure-point-corail-semelle-all-court-2022\\\/\",\"name\":\"CHAUSSURE \\\"POINT\\\" CORAIL SEMELLE ALL COURT 2022 - Planetetennis\",\"isPartOf\":{\"@id\":\"https:\\\/\\\/planetetennis.fr\\\/#website\"},\"primaryImageOfPage\":{\"@id\":\"https:\\\/\\\/planetetennis.fr\\\/product\\\/chaussure-point-corail-semelle-all-court-2022\\\/#primaryimage\"},\"image\":{\"@id\":\"https:\\\/\\\/planetetennis.fr\\\/product\\\/chaussure-point-corail-semelle-all-court-2022\\\/#primaryimage\"},\"thumbnailUrl\":\"https:\\\/\\\/planetetennis.fr\\\/wp-content\\\/uploads\\\/2022\\\/09\\\/00053000_0_1.jpg\",\"datePublished\":\"2022-09-02T13:17:08+00:00\",\"dateModified\":\"2025-06-26T13:18:05+00:00\",\"breadcrumb\":{\"@id\":\"https:\\\/\\\/planetetennis.fr\\\/product\\\/chaussure-point-corail-semelle-all-court-2022\\\/#breadcrumb\"},\"inLanguage\":\"es-ES\",\"potentialAction\":[{\"@type\":\"ReadAction\",\"target\":[\"https:\\\/\\\/planetetennis.fr\\\/product\\\/chaussure-point-corail-semelle-all-court-2022\\\/\"]}]},{\"@type\":\"ImageObject\",\"inLanguage\":\"es-ES\",\"@id\":\"https:\\\/\\\/planetetennis.fr\\\/product\\\/chaussure-point-corail-semelle-all-court-2022\\\/#primaryimage\",\"url\":\"https:\\\/\\\/planetetennis.fr\\\/wp-content\\\/uploads\\\/2022\\\/09\\\/00053000_0_1.jpg\",\"contentUrl\":\"https:\\\/\\\/planetetennis.fr\\\/wp-content\\\/uploads\\\/2022\\\/09\\\/00053000_0_1.jpg\",\"width\":640,\"height\":640},{\"@type\":\"BreadcrumbList\",\"@id\":\"https:\\\/\\\/planetetennis.fr\\\/product\\\/chaussure-point-corail-semelle-all-court-2022\\\/#breadcrumb\",\"itemListElement\":[{\"@type\":\"ListItem\",\"position\":1,\"name\":\"Accueil\",\"item\":\"https:\\\/\\\/planetetennis.fr\\\/\"},{\"@type\":\"ListItem\",\"position\":2,\"name\":\"Nos produits\",\"item\":\"https:\\\/\\\/planetetennis.fr\\\/produits\\\/\"},{\"@type\":\"ListItem\",\"position\":3,\"name\":\"CHAUSSURE &#8220;POINT&#8221; CORAIL SEMELLE ALL COURT 2022\"}]},{\"@type\":\"WebSite\",\"@id\":\"https:\\\/\\\/planetetennis.fr\\\/#website\",\"url\":\"https:\\\/\\\/planetetennis.fr\\\/\",\"name\":\"Planetetennis\",\"description\":\"Cordages de tennis monofilament fran\u00e7ais\",\"publisher\":{\"@id\":\"https:\\\/\\\/planetetennis.fr\\\/#organization\"},\"potentialAction\":[{\"@type\":\"SearchAction\",\"target\":{\"@type\":\"EntryPoint\",\"urlTemplate\":\"https:\\\/\\\/planetetennis.fr\\\/?s={search_term_string}\"},\"query-input\":{\"@type\":\"PropertyValueSpecification\",\"valueRequired\":true,\"valueName\":\"search_term_string\"}}],\"inLanguage\":\"es-ES\"},{\"@type\":\"Organization\",\"@id\":\"https:\\\/\\\/planetetennis.fr\\\/#organization\",\"name\":\"Planetetennis\",\"url\":\"https:\\\/\\\/planetetennis.fr\\\/\",\"logo\":{\"@type\":\"ImageObject\",\"inLanguage\":\"es-ES\",\"@id\":\"https:\\\/\\\/planetetennis.fr\\\/#\\\/schema\\\/logo\\\/image\\\/\",\"url\":\"https:\\\/\\\/planetetennis.fr\\\/wp-content\\\/uploads\\\/2021\\\/10\\\/logocolor03.png\",\"contentUrl\":\"https:\\\/\\\/planetetennis.fr\\\/wp-content\\\/uploads\\\/2021\\\/10\\\/logocolor03.png\",\"width\":230,\"height\":58,\"caption\":\"Planetetennis\"},\"image\":{\"@id\":\"https:\\\/\\\/planetetennis.fr\\\/#\\\/schema\\\/logo\\\/image\\\/\"}}]}<\/script>\n<!-- \/ Yoast SEO plugin. -->","yoast_head_json":{"title":"CHAUSSURE \"POINT\" CORAIL SEMELLE ALL COURT 2022 - Planetetennis","robots":{"index":"index","follow":"follow","max-snippet":"max-snippet:-1","max-image-preview":"max-image-preview:large","max-video-preview":"max-video-preview:-1"},"canonical":"https:\/\/planetetennis.fr\/es\/product\/chaussure-point-corail-semelle-all-court-2022\/","og_locale":"es_ES","og_type":"article","og_title":"CHAUSSURE \"POINT\" CORAIL SEMELLE ALL COURT 2022 - Planetetennis","og_description":"Chaussure d\u00e9velopp\u00e9e pour la haute comp\u00e9tition.\u00a0Pour les joueurs qui exigent beaucoup de la chaussure.\u00a0Combinaison parfaite entre stabilit\u00e9 et confort.\u00a0La tige est faite de nylon personnalis\u00e9, de TPU soud\u00e9 et de KPU avant \u00e0 haute abrasion con\u00e7us pour r\u00e9sister aux frottements avec le terrain et optimiser la flexion du pied.\u00a0La languette est int\u00e9gr\u00e9e dans la coupe et le la\u00e7age am\u00e9lior\u00e9 pour augmenter le maintien et le confort.\u00a0Elle dispose d'un double Exo Counter : deux contreforts arri\u00e8re pour prot\u00e9ger le talon.\u00a0La semelle int\u00e9rieure est en EVA pr\u00e9-moul\u00e9 ajust\u00e9 \u00e0 la forme du pied et la semelle int\u00e9rieure est en EVA de 2 mm cousue \u00e0 la tige.\u00a0La semelle interm\u00e9diaire est construite avec la base REACTIVE BALL pour offrir un confort sans perdre en stabilit\u00e9.\u00a0Int\u00e8gre le syst\u00e8me Stabilis : un morceau de TPU sur le c\u00f4t\u00e9 pour \u00e9viter les virages incorrects entre l'avant et l'arri\u00e8re du pied,\u00a0\u00e9vitant ainsi les blessures.\u00a0La semelle est en caoutchouc \u00e0 l'abrasion DIN-40 tr\u00e8s r\u00e9sistant, en plus d'avoir Flexo : des lignes plac\u00e9es de mani\u00e8re ergonomique pour que la bande de roulement soit plus naturelle et flexible.","og_url":"https:\/\/planetetennis.fr\/es\/product\/chaussure-point-corail-semelle-all-court-2022\/","og_site_name":"Planetetennis","article_modified_time":"2025-06-26T13:18:05+00:00","og_image":[{"width":640,"height":640,"url":"https:\/\/planetetennis.fr\/wp-content\/uploads\/2022\/09\/00053000_0_1.jpg","type":"image\/jpeg"}],"twitter_card":"summary_large_image","twitter_misc":{"Est. reading time":"1 minute"},"schema":{"@context":"https:\/\/schema.org","@graph":[{"@type":"WebPage","@id":"https:\/\/planetetennis.fr\/product\/chaussure-point-corail-semelle-all-court-2022\/","url":"https:\/\/planetetennis.fr\/product\/chaussure-point-corail-semelle-all-court-2022\/","name":"CHAUSSURE \"POINT\" CORAIL SEMELLE ALL COURT 2022 - Planetetennis","isPartOf":{"@id":"https:\/\/planetetennis.fr\/#website"},"primaryImageOfPage":{"@id":"https:\/\/planetetennis.fr\/product\/chaussure-point-corail-semelle-all-court-2022\/#primaryimage"},"image":{"@id":"https:\/\/planetetennis.fr\/product\/chaussure-point-corail-semelle-all-court-2022\/#primaryimage"},"thumbnailUrl":"https:\/\/planetetennis.fr\/wp-content\/uploads\/2022\/09\/00053000_0_1.jpg","datePublished":"2022-09-02T13:17:08+00:00","dateModified":"2025-06-26T13:18:05+00:00","breadcrumb":{"@id":"https:\/\/planetetennis.fr\/product\/chaussure-point-corail-semelle-all-court-2022\/#breadcrumb"},"inLanguage":"es-ES","potentialAction":[{"@type":"ReadAction","target":["https:\/\/planetetennis.fr\/product\/chaussure-point-corail-semelle-all-court-2022\/"]}]},{"@type":"ImageObject","inLanguage":"es-ES","@id":"https:\/\/planetetennis.fr\/product\/chaussure-point-corail-semelle-all-court-2022\/#primaryimage","url":"https:\/\/planetetennis.fr\/wp-content\/uploads\/2022\/09\/00053000_0_1.jpg","contentUrl":"https:\/\/planetetennis.fr\/wp-content\/uploads\/2022\/09\/00053000_0_1.jpg","width":640,"height":640},{"@type":"BreadcrumbList","@id":"https:\/\/planetetennis.fr\/product\/chaussure-point-corail-semelle-all-court-2022\/#breadcrumb","itemListElement":[{"@type":"ListItem","position":1,"name":"Accueil","item":"https:\/\/planetetennis.fr\/"},{"@type":"ListItem","position":2,"name":"Nos produits","item":"https:\/\/planetetennis.fr\/produits\/"},{"@type":"ListItem","position":3,"name":"CHAUSSURE &#8220;POINT&#8221; CORAIL SEMELLE ALL COURT 2022"}]},{"@type":"WebSite","@id":"https:\/\/planetetennis.fr\/#website","url":"https:\/\/planetetennis.fr\/","name":"Planeta tenis","description":"Cordages de tennis monofilament fran\u00e7ais","publisher":{"@id":"https:\/\/planetetennis.fr\/#organization"},"potentialAction":[{"@type":"SearchAction","target":{"@type":"EntryPoint","urlTemplate":"https:\/\/planetetennis.fr\/?s={search_term_string}"},"query-input":{"@type":"PropertyValueSpecification","valueRequired":true,"valueName":"search_term_string"}}],"inLanguage":"es-ES"},{"@type":"Organization","@id":"https:\/\/planetetennis.fr\/#organization","name":"Planeta tenis","url":"https:\/\/planetetennis.fr\/","logo":{"@type":"ImageObject","inLanguage":"es-ES","@id":"https:\/\/planetetennis.fr\/#\/schema\/logo\/image\/","url":"https:\/\/planetetennis.fr\/wp-content\/uploads\/2021\/10\/logocolor03.png","contentUrl":"https:\/\/planetetennis.fr\/wp-content\/uploads\/2021\/10\/logocolor03.png","width":230,"height":58,"caption":"Planetetennis"},"image":{"@id":"https:\/\/planetetennis.fr\/#\/schema\/logo\/image\/"}}]}},"_links":{"self":[{"href":"https:\/\/planetetennis.fr\/es\/wp-json\/wp\/v2\/product\/11272","targetHints":{"allow":["GET"]}}],"collection":[{"href":"https:\/\/planetetennis.fr\/es\/wp-json\/wp\/v2\/product"}],"about":[{"href":"https:\/\/planetetennis.fr\/es\/wp-json\/wp\/v2\/types\/product"}],"replies":[{"embeddable":true,"href":"https:\/\/planetetennis.fr\/es\/wp-json\/wp\/v2\/comments?post=11272"}],"wp:featuredmedia":[{"embeddable":true,"href":"https:\/\/planetetennis.fr\/es\/wp-json\/wp\/v2\/media\/11282"}],"wp:attachment":[{"href":"https:\/\/planetetennis.fr\/es\/wp-json\/wp\/v2\/media?parent=11272"}],"wp:term":[{"taxonomy":"product_brand","embeddable":true,"href":"https:\/\/planetetennis.fr\/es\/wp-json\/wp\/v2\/product_brand?post=11272"},{"taxonomy":"product_cat","embeddable":true,"href":"https:\/\/planetetennis.fr\/es\/wp-json\/wp\/v2\/product_cat?post=11272"},{"taxonomy":"product_tag","embeddable":true,"href":"https:\/\/planetetennis.fr\/es\/wp-json\/wp\/v2\/product_tag?post=11272"}],"curies":[{"name":"wp","href":"https:\/\/api.w.org\/{rel}","templated":true}]}}