{"id":11363,"date":"2022-09-08T08:36:09","date_gmt":"2022-09-08T08:36:09","guid":{"rendered":"https:\/\/planetetennis.fr\/?post_type=product&#038;p=11363"},"modified":"2026-02-12T13:31:09","modified_gmt":"2026-02-12T13:31:09","slug":"slam-world-padel-tour-2032-black-gold-homme","status":"publish","type":"product","link":"https:\/\/planetetennis.fr\/es\/product\/slam-world-padel-tour-2032-black-gold-homme\/","title":{"rendered":"SLAM WORLD PADEL TOUR 2032 BLACK-GOLD HOMME"},"content":{"rendered":"<p>Peso: 350 g. Para tenis y padel.<\/p>\n<p>EXO COUNTER est le syst\u00e8me de stabilit\u00e9 cr\u00e9\u00e9 par un contrefort externe plus rigide qui soutient le talon, adaptant la chaussure \u00e0 la forme du pied.\u00a0De cette fa\u00e7on, la bande de roulement sera stable dans les mouvements de tra\u00een\u00e9e lat\u00e9rale et ferme dans l&#8217;entr\u00e9e du talon.<\/p>\n<p>La stabilit\u00e9 est renforc\u00e9e par l&#8217;utilisation du syst\u00e8me STABILIS, une pi\u00e8ce d&#8217;injection qui va du pont au m\u00e9tatarsien et stabilise la transition de la bande de roulement.\u00a0Gr\u00e2ce \u00e0 cette pi\u00e8ce, la chaussure conserve sa forme tout au long du jeu, ne fl\u00e9chit pas et \u00e9vite les torsions incorrectes.<\/p>\n<p>La semelle est fabriqu\u00e9e selon le syst\u00e8me DURABILITY compos\u00e9 de caoutchouc haute densit\u00e9 qui r\u00e9siste \u00e0 l&#8217;usure sur les pistes.\u00a0Son motif \u00e0 chevrons profonds assure une adh\u00e9rence sur la surface de jeu.\u00a0Ce mat\u00e9riau plus r\u00e9sistant prot\u00e8ge \u00e9galement la zone des orteils.<\/p>","protected":false},"excerpt":{"rendered":"<h2>Joma, en tant que chaussure officielle du circuit World Padel Tour, pr\u00e9sente la nouvelle version de la chaussure officielle du WPT, le mod\u00e8le Slam 2032<\/h2>\n<p>C&#8217;est une chaussure sp\u00e9cifique pour ce sport qui se caract\u00e9rise par son amorti, sa stabilit\u00e9 et sa haute r\u00e9sistance \u00e0 l&#8217;usure.<\/p>\n<p>Son excellent amorti est donn\u00e9 par l&#8217;utilisation du syst\u00e8me REACTIVE BALL dans la semelle interm\u00e9diaire.\u00a0C&#8217;est un mat\u00e9riau qui se dilate facilement, ce qui lui donne une \u00e9norme capacit\u00e9 \u00e0 absorber l&#8217;impact de la bande de roulement et, en m\u00eame temps, r\u00e9cup\u00e8re rapidement sa forme, augmentant le rendement.\u00a0De plus, la semelle interm\u00e9diaire est compos\u00e9e d&#8217;une autre base en phylon de densit\u00e9 plus \u00e9lev\u00e9e qui assure la stabilit\u00e9 dans le cadre du syst\u00e8me FULL DUAL PULSOR.<\/p>\n<p>La coupe est tr\u00e8s respirante gr\u00e2ce \u00e0 sa fabrication en mesh.\u00a0Cette qualit\u00e9 est tr\u00e8s appr\u00e9ci\u00e9e dans les sports qui se pratiquent sur des pistes tr\u00e8s abrasives.\u00a0Pour prot\u00e9ger cette zone du pied, le syst\u00e8me INJECTION PRINT est appliqu\u00e9, un caoutchouc inject\u00e9 qui soutient confortablement le pied.\u00a0Dans la zone interne du pied, o\u00f9 l&#8217;usure est plus importante en raison des mouvements lat\u00e9raux pendant le jeu, un morceau de caoutchouc plus grand est inclus qui prot\u00e8ge le pied.<\/p>","protected":false},"featured_media":11375,"comment_status":"open","ping_status":"closed","template":"","meta":{"_monsterinsights_skip_tracking":false,"_monsterinsights_sitenote_active":false,"_monsterinsights_sitenote_note":"","_monsterinsights_sitenote_category":0},"product_brand":[],"product_cat":[414,402,438,326],"product_tag":[],"class_list":{"0":"post-11363","1":"product","2":"type-product","3":"status-publish","4":"has-post-thumbnail","6":"product_cat-chaussures","7":"product_cat-chaussure","8":"product_cat-homme-chaussure","9":"product_cat-padel-2","11":"first","12":"instock","13":"sale","14":"taxable","15":"shipping-taxable","16":"purchasable","17":"product-type-variable"},"yoast_head":"<!-- This site is optimized with the Yoast SEO plugin v27.5 - https:\/\/yoast.com\/product\/yoast-seo-wordpress\/ -->\n<title>SLAM WORLD PADEL TOUR 2032 BLACK-GOLD HOMME - Planetetennis<\/title>\n<meta name=\"robots\" content=\"index, follow, max-snippet:-1, max-image-preview:large, max-video-preview:-1\" \/>\n<link rel=\"canonical\" href=\"https:\/\/planetetennis.fr\/es\/product\/slam-world-padel-tour-2032-black-gold-homme\/\" \/>\n<meta property=\"og:locale\" content=\"es_ES\" \/>\n<meta property=\"og:type\" content=\"article\" \/>\n<meta property=\"og:title\" content=\"SLAM WORLD PADEL TOUR 2032 BLACK-GOLD HOMME - Planetetennis\" \/>\n<meta property=\"og:description\" content=\"Joma, en tant que chaussure officielle du circuit World Padel Tour, pr\u00e9sente la nouvelle version de la chaussure officielle du WPT, le mod\u00e8le Slam 2032 C&#039;est une chaussure sp\u00e9cifique pour ce sport qui se caract\u00e9rise par son amorti, sa stabilit\u00e9 et sa haute r\u00e9sistance \u00e0 l&#039;usure.  Son excellent amorti est donn\u00e9 par l&#039;utilisation du syst\u00e8me REACTIVE BALL dans la semelle interm\u00e9diaire.\u00a0C&#039;est un mat\u00e9riau qui se dilate facilement, ce qui lui donne une \u00e9norme capacit\u00e9 \u00e0 absorber l&#039;impact de la bande de roulement et, en m\u00eame temps, r\u00e9cup\u00e8re rapidement sa forme, augmentant le rendement.\u00a0De plus, la semelle interm\u00e9diaire est compos\u00e9e d&#039;une autre base en phylon de densit\u00e9 plus \u00e9lev\u00e9e qui assure la stabilit\u00e9 dans le cadre du syst\u00e8me FULL DUAL PULSOR.  La coupe est tr\u00e8s respirante gr\u00e2ce \u00e0 sa fabrication en mesh.\u00a0Cette qualit\u00e9 est tr\u00e8s appr\u00e9ci\u00e9e dans les sports qui se pratiquent sur des pistes tr\u00e8s abrasives.\u00a0Pour prot\u00e9ger cette zone du pied, le syst\u00e8me INJECTION PRINT est appliqu\u00e9, un caoutchouc inject\u00e9 qui soutient confortablement le pied.\u00a0Dans la zone interne du pied, o\u00f9 l&#039;usure est plus importante en raison des mouvements lat\u00e9raux pendant le jeu, un morceau de caoutchouc plus grand est inclus qui prot\u00e8ge le pied.\" \/>\n<meta property=\"og:url\" content=\"https:\/\/planetetennis.fr\/es\/product\/slam-world-padel-tour-2032-black-gold-homme\/\" \/>\n<meta property=\"og:site_name\" content=\"Planetetennis\" \/>\n<meta property=\"article:modified_time\" content=\"2026-02-12T13:31:09+00:00\" \/>\n<meta property=\"og:image\" content=\"https:\/\/planetetennis.fr\/wp-content\/uploads\/2022\/09\/20220517103420.TWPTLS2231P.jpg\" \/>\n\t<meta property=\"og:image:width\" content=\"2000\" \/>\n\t<meta property=\"og:image:height\" content=\"2000\" \/>\n\t<meta property=\"og:image:type\" content=\"image\/jpeg\" \/>\n<meta name=\"twitter:card\" content=\"summary_large_image\" \/>\n<meta name=\"twitter:label1\" content=\"Est. reading time\" \/>\n\t<meta name=\"twitter:data1\" content=\"1 minute\" \/>\n<script type=\"application\/ld+json\" class=\"yoast-schema-graph\">{\"@context\":\"https:\\\/\\\/schema.org\",\"@graph\":[{\"@type\":\"WebPage\",\"@id\":\"https:\\\/\\\/planetetennis.fr\\\/product\\\/slam-world-padel-tour-2032-black-gold-homme\\\/\",\"url\":\"https:\\\/\\\/planetetennis.fr\\\/product\\\/slam-world-padel-tour-2032-black-gold-homme\\\/\",\"name\":\"SLAM WORLD PADEL TOUR 2032 BLACK-GOLD HOMME - Planetetennis\",\"isPartOf\":{\"@id\":\"https:\\\/\\\/planetetennis.fr\\\/#website\"},\"primaryImageOfPage\":{\"@id\":\"https:\\\/\\\/planetetennis.fr\\\/product\\\/slam-world-padel-tour-2032-black-gold-homme\\\/#primaryimage\"},\"image\":{\"@id\":\"https:\\\/\\\/planetetennis.fr\\\/product\\\/slam-world-padel-tour-2032-black-gold-homme\\\/#primaryimage\"},\"thumbnailUrl\":\"https:\\\/\\\/planetetennis.fr\\\/wp-content\\\/uploads\\\/2022\\\/09\\\/20220517103420.TWPTLS2231P.jpg\",\"datePublished\":\"2022-09-08T08:36:09+00:00\",\"dateModified\":\"2026-02-12T13:31:09+00:00\",\"breadcrumb\":{\"@id\":\"https:\\\/\\\/planetetennis.fr\\\/product\\\/slam-world-padel-tour-2032-black-gold-homme\\\/#breadcrumb\"},\"inLanguage\":\"es-ES\",\"potentialAction\":[{\"@type\":\"ReadAction\",\"target\":[\"https:\\\/\\\/planetetennis.fr\\\/product\\\/slam-world-padel-tour-2032-black-gold-homme\\\/\"]}]},{\"@type\":\"ImageObject\",\"inLanguage\":\"es-ES\",\"@id\":\"https:\\\/\\\/planetetennis.fr\\\/product\\\/slam-world-padel-tour-2032-black-gold-homme\\\/#primaryimage\",\"url\":\"https:\\\/\\\/planetetennis.fr\\\/wp-content\\\/uploads\\\/2022\\\/09\\\/20220517103420.TWPTLS2231P.jpg\",\"contentUrl\":\"https:\\\/\\\/planetetennis.fr\\\/wp-content\\\/uploads\\\/2022\\\/09\\\/20220517103420.TWPTLS2231P.jpg\",\"width\":2000,\"height\":2000},{\"@type\":\"BreadcrumbList\",\"@id\":\"https:\\\/\\\/planetetennis.fr\\\/product\\\/slam-world-padel-tour-2032-black-gold-homme\\\/#breadcrumb\",\"itemListElement\":[{\"@type\":\"ListItem\",\"position\":1,\"name\":\"Accueil\",\"item\":\"https:\\\/\\\/planetetennis.fr\\\/\"},{\"@type\":\"ListItem\",\"position\":2,\"name\":\"Nos produits\",\"item\":\"https:\\\/\\\/planetetennis.fr\\\/produits\\\/\"},{\"@type\":\"ListItem\",\"position\":3,\"name\":\"SLAM WORLD PADEL TOUR 2032 BLACK-GOLD HOMME\"}]},{\"@type\":\"WebSite\",\"@id\":\"https:\\\/\\\/planetetennis.fr\\\/#website\",\"url\":\"https:\\\/\\\/planetetennis.fr\\\/\",\"name\":\"Planetetennis\",\"description\":\"Cordages de tennis monofilament fran\u00e7ais\",\"publisher\":{\"@id\":\"https:\\\/\\\/planetetennis.fr\\\/#organization\"},\"potentialAction\":[{\"@type\":\"SearchAction\",\"target\":{\"@type\":\"EntryPoint\",\"urlTemplate\":\"https:\\\/\\\/planetetennis.fr\\\/?s={search_term_string}\"},\"query-input\":{\"@type\":\"PropertyValueSpecification\",\"valueRequired\":true,\"valueName\":\"search_term_string\"}}],\"inLanguage\":\"es-ES\"},{\"@type\":\"Organization\",\"@id\":\"https:\\\/\\\/planetetennis.fr\\\/#organization\",\"name\":\"Planetetennis\",\"url\":\"https:\\\/\\\/planetetennis.fr\\\/\",\"logo\":{\"@type\":\"ImageObject\",\"inLanguage\":\"es-ES\",\"@id\":\"https:\\\/\\\/planetetennis.fr\\\/#\\\/schema\\\/logo\\\/image\\\/\",\"url\":\"https:\\\/\\\/planetetennis.fr\\\/wp-content\\\/uploads\\\/2021\\\/10\\\/logocolor03.png\",\"contentUrl\":\"https:\\\/\\\/planetetennis.fr\\\/wp-content\\\/uploads\\\/2021\\\/10\\\/logocolor03.png\",\"width\":230,\"height\":58,\"caption\":\"Planetetennis\"},\"image\":{\"@id\":\"https:\\\/\\\/planetetennis.fr\\\/#\\\/schema\\\/logo\\\/image\\\/\"}}]}<\/script>\n<!-- \/ Yoast SEO plugin. -->","yoast_head_json":{"title":"SLAM WORLD PADEL TOUR 2032 BLACK-GOLD HOMME - Planetetennis","robots":{"index":"index","follow":"follow","max-snippet":"max-snippet:-1","max-image-preview":"max-image-preview:large","max-video-preview":"max-video-preview:-1"},"canonical":"https:\/\/planetetennis.fr\/es\/product\/slam-world-padel-tour-2032-black-gold-homme\/","og_locale":"es_ES","og_type":"article","og_title":"SLAM WORLD PADEL TOUR 2032 BLACK-GOLD HOMME - Planetetennis","og_description":"Joma, en tant que chaussure officielle du circuit World Padel Tour, pr\u00e9sente la nouvelle version de la chaussure officielle du WPT, le mod\u00e8le Slam 2032 C'est une chaussure sp\u00e9cifique pour ce sport qui se caract\u00e9rise par son amorti, sa stabilit\u00e9 et sa haute r\u00e9sistance \u00e0 l'usure.  Son excellent amorti est donn\u00e9 par l'utilisation du syst\u00e8me REACTIVE BALL dans la semelle interm\u00e9diaire.\u00a0C'est un mat\u00e9riau qui se dilate facilement, ce qui lui donne une \u00e9norme capacit\u00e9 \u00e0 absorber l'impact de la bande de roulement et, en m\u00eame temps, r\u00e9cup\u00e8re rapidement sa forme, augmentant le rendement.\u00a0De plus, la semelle interm\u00e9diaire est compos\u00e9e d'une autre base en phylon de densit\u00e9 plus \u00e9lev\u00e9e qui assure la stabilit\u00e9 dans le cadre du syst\u00e8me FULL DUAL PULSOR.  La coupe est tr\u00e8s respirante gr\u00e2ce \u00e0 sa fabrication en mesh.\u00a0Cette qualit\u00e9 est tr\u00e8s appr\u00e9ci\u00e9e dans les sports qui se pratiquent sur des pistes tr\u00e8s abrasives.\u00a0Pour prot\u00e9ger cette zone du pied, le syst\u00e8me INJECTION PRINT est appliqu\u00e9, un caoutchouc inject\u00e9 qui soutient confortablement le pied.\u00a0Dans la zone interne du pied, o\u00f9 l'usure est plus importante en raison des mouvements lat\u00e9raux pendant le jeu, un morceau de caoutchouc plus grand est inclus qui prot\u00e8ge le pied.","og_url":"https:\/\/planetetennis.fr\/es\/product\/slam-world-padel-tour-2032-black-gold-homme\/","og_site_name":"Planetetennis","article_modified_time":"2026-02-12T13:31:09+00:00","og_image":[{"width":2000,"height":2000,"url":"https:\/\/planetetennis.fr\/wp-content\/uploads\/2022\/09\/20220517103420.TWPTLS2231P.jpg","type":"image\/jpeg"}],"twitter_card":"summary_large_image","twitter_misc":{"Est. reading time":"1 minute"},"schema":{"@context":"https:\/\/schema.org","@graph":[{"@type":"WebPage","@id":"https:\/\/planetetennis.fr\/product\/slam-world-padel-tour-2032-black-gold-homme\/","url":"https:\/\/planetetennis.fr\/product\/slam-world-padel-tour-2032-black-gold-homme\/","name":"SLAM WORLD PADEL TOUR 2032 BLACK-GOLD HOMME - Planetetennis","isPartOf":{"@id":"https:\/\/planetetennis.fr\/#website"},"primaryImageOfPage":{"@id":"https:\/\/planetetennis.fr\/product\/slam-world-padel-tour-2032-black-gold-homme\/#primaryimage"},"image":{"@id":"https:\/\/planetetennis.fr\/product\/slam-world-padel-tour-2032-black-gold-homme\/#primaryimage"},"thumbnailUrl":"https:\/\/planetetennis.fr\/wp-content\/uploads\/2022\/09\/20220517103420.TWPTLS2231P.jpg","datePublished":"2022-09-08T08:36:09+00:00","dateModified":"2026-02-12T13:31:09+00:00","breadcrumb":{"@id":"https:\/\/planetetennis.fr\/product\/slam-world-padel-tour-2032-black-gold-homme\/#breadcrumb"},"inLanguage":"es-ES","potentialAction":[{"@type":"ReadAction","target":["https:\/\/planetetennis.fr\/product\/slam-world-padel-tour-2032-black-gold-homme\/"]}]},{"@type":"ImageObject","inLanguage":"es-ES","@id":"https:\/\/planetetennis.fr\/product\/slam-world-padel-tour-2032-black-gold-homme\/#primaryimage","url":"https:\/\/planetetennis.fr\/wp-content\/uploads\/2022\/09\/20220517103420.TWPTLS2231P.jpg","contentUrl":"https:\/\/planetetennis.fr\/wp-content\/uploads\/2022\/09\/20220517103420.TWPTLS2231P.jpg","width":2000,"height":2000},{"@type":"BreadcrumbList","@id":"https:\/\/planetetennis.fr\/product\/slam-world-padel-tour-2032-black-gold-homme\/#breadcrumb","itemListElement":[{"@type":"ListItem","position":1,"name":"Accueil","item":"https:\/\/planetetennis.fr\/"},{"@type":"ListItem","position":2,"name":"Nos produits","item":"https:\/\/planetetennis.fr\/produits\/"},{"@type":"ListItem","position":3,"name":"SLAM WORLD PADEL TOUR 2032 BLACK-GOLD HOMME"}]},{"@type":"WebSite","@id":"https:\/\/planetetennis.fr\/#website","url":"https:\/\/planetetennis.fr\/","name":"Planeta tenis","description":"Cordages de tennis monofilament fran\u00e7ais","publisher":{"@id":"https:\/\/planetetennis.fr\/#organization"},"potentialAction":[{"@type":"SearchAction","target":{"@type":"EntryPoint","urlTemplate":"https:\/\/planetetennis.fr\/?s={search_term_string}"},"query-input":{"@type":"PropertyValueSpecification","valueRequired":true,"valueName":"search_term_string"}}],"inLanguage":"es-ES"},{"@type":"Organization","@id":"https:\/\/planetetennis.fr\/#organization","name":"Planeta tenis","url":"https:\/\/planetetennis.fr\/","logo":{"@type":"ImageObject","inLanguage":"es-ES","@id":"https:\/\/planetetennis.fr\/#\/schema\/logo\/image\/","url":"https:\/\/planetetennis.fr\/wp-content\/uploads\/2021\/10\/logocolor03.png","contentUrl":"https:\/\/planetetennis.fr\/wp-content\/uploads\/2021\/10\/logocolor03.png","width":230,"height":58,"caption":"Planetetennis"},"image":{"@id":"https:\/\/planetetennis.fr\/#\/schema\/logo\/image\/"}}]}},"_links":{"self":[{"href":"https:\/\/planetetennis.fr\/es\/wp-json\/wp\/v2\/product\/11363","targetHints":{"allow":["GET"]}}],"collection":[{"href":"https:\/\/planetetennis.fr\/es\/wp-json\/wp\/v2\/product"}],"about":[{"href":"https:\/\/planetetennis.fr\/es\/wp-json\/wp\/v2\/types\/product"}],"replies":[{"embeddable":true,"href":"https:\/\/planetetennis.fr\/es\/wp-json\/wp\/v2\/comments?post=11363"}],"wp:featuredmedia":[{"embeddable":true,"href":"https:\/\/planetetennis.fr\/es\/wp-json\/wp\/v2\/media\/11375"}],"wp:attachment":[{"href":"https:\/\/planetetennis.fr\/es\/wp-json\/wp\/v2\/media?parent=11363"}],"wp:term":[{"taxonomy":"product_brand","embeddable":true,"href":"https:\/\/planetetennis.fr\/es\/wp-json\/wp\/v2\/product_brand?post=11363"},{"taxonomy":"product_cat","embeddable":true,"href":"https:\/\/planetetennis.fr\/es\/wp-json\/wp\/v2\/product_cat?post=11363"},{"taxonomy":"product_tag","embeddable":true,"href":"https:\/\/planetetennis.fr\/es\/wp-json\/wp\/v2\/product_tag?post=11363"}],"curies":[{"name":"wp","href":"https:\/\/api.w.org\/{rel}","templated":true}]}}