{"id":11394,"date":"2022-09-09T12:07:12","date_gmt":"2022-09-09T12:07:12","guid":{"rendered":"https:\/\/planetetennis.fr\/?post_type=product&#038;p=11394"},"modified":"2024-06-07T08:07:56","modified_gmt":"2024-06-07T08:07:56","slug":"blister-de-10-sur-grips-mega-tac-noir","status":"publish","type":"product","link":"https:\/\/planetetennis.fr\/es\/product\/blister-de-10-sur-grips-mega-tac-noir\/","title":{"rendered":"Blister de 10 sur grips Mega Tac Noir"},"content":{"rendered":"<p>Il dispose ainsi d\u2019une forte absorption de la transpiration et ceci m\u00eame par temps tr\u00e8s froid ou tr\u00e8s chaud. Caract\u00e9ristiques : Toucher ultra collant \u2013 Forte r\u00e9sistance \u00e0 l\u2019usure \u2013 Effet collant tr\u00e8s durable \u2013 Epaisseur : 0,5 mm \u2013 Dimension : 103cm x 29mm<\/p>","protected":false},"excerpt":{"rendered":"<p>Le surgrip MEGA TAC est le surgrip le plus collant jamais fabriqu\u00e9 au monde. Son rev\u00eatement exclusif en polyur\u00e9thane cr\u00e9\u00e9 une surface ultra collante. B\u00e9n\u00e9ficiez d&#8217;un effet collant jamais vu jusqu&#8217;\u00e0 14 heures!<\/p>\n<p>Disponible au printemps 2023 !<\/p>","protected":false},"featured_media":11398,"comment_status":"open","ping_status":"closed","template":"","meta":{"_monsterinsights_skip_tracking":false,"_monsterinsights_sitenote_active":false,"_monsterinsights_sitenote_note":"","_monsterinsights_sitenote_category":0},"product_brand":[],"product_cat":[434,276,326,329],"product_tag":[],"class_list":{"0":"post-11394","1":"product","2":"type-product","3":"status-publish","4":"has-post-thumbnail","6":"product_cat-par-10","7":"product_cat-tourna","8":"product_cat-padel-2","9":"product_cat-accessoires-bullpadel","11":"first","12":"instock","13":"sale","14":"taxable","15":"shipping-taxable","16":"purchasable","17":"product-type-simple"},"yoast_head":"<!-- This site is optimized with the Yoast SEO plugin v27.5 - https:\/\/yoast.com\/product\/yoast-seo-wordpress\/ -->\n<title>Blister de 10 sur grips Mega Tac Noir - Planetetennis<\/title>\n<meta name=\"description\" content=\"Il dispose d&#039;une forte absorption de la transpiration. Caract\u00e9ristiques : Toucher ultra collant - Forte r\u00e9sistance \u00e0 l&#039;usure - Effet collant tr\u00e8s durable\" \/>\n<meta name=\"robots\" content=\"index, follow, max-snippet:-1, max-image-preview:large, max-video-preview:-1\" \/>\n<link rel=\"canonical\" href=\"https:\/\/planetetennis.fr\/es\/product\/blister-de-10-sur-grips-mega-tac-noir\/\" \/>\n<meta property=\"og:locale\" content=\"es_ES\" \/>\n<meta property=\"og:type\" content=\"article\" \/>\n<meta property=\"og:title\" content=\"Blister de 10 sur grips Mega Tac Noir - Planetetennis\" \/>\n<meta property=\"og:description\" content=\"Il dispose d&#039;une forte absorption de la transpiration. Caract\u00e9ristiques : Toucher ultra collant - Forte r\u00e9sistance \u00e0 l&#039;usure - Effet collant tr\u00e8s durable\" \/>\n<meta property=\"og:url\" content=\"https:\/\/planetetennis.fr\/es\/product\/blister-de-10-sur-grips-mega-tac-noir\/\" \/>\n<meta property=\"og:site_name\" content=\"Planetetennis\" \/>\n<meta property=\"article:modified_time\" content=\"2024-06-07T08:07:56+00:00\" \/>\n<meta property=\"og:image\" content=\"https:\/\/planetetennis.fr\/wp-content\/uploads\/2022\/09\/MT-10-XLBK-200x200-1.png\" \/>\n\t<meta property=\"og:image:width\" content=\"200\" \/>\n\t<meta property=\"og:image:height\" content=\"200\" \/>\n\t<meta property=\"og:image:type\" content=\"image\/png\" \/>\n<meta name=\"twitter:card\" content=\"summary_large_image\" \/>\n<script type=\"application\/ld+json\" class=\"yoast-schema-graph\">{\"@context\":\"https:\\\/\\\/schema.org\",\"@graph\":[{\"@type\":\"WebPage\",\"@id\":\"https:\\\/\\\/planetetennis.fr\\\/product\\\/blister-de-10-sur-grips-mega-tac-noir\\\/\",\"url\":\"https:\\\/\\\/planetetennis.fr\\\/product\\\/blister-de-10-sur-grips-mega-tac-noir\\\/\",\"name\":\"Blister de 10 sur grips Mega Tac Noir - Planetetennis\",\"isPartOf\":{\"@id\":\"https:\\\/\\\/planetetennis.fr\\\/#website\"},\"primaryImageOfPage\":{\"@id\":\"https:\\\/\\\/planetetennis.fr\\\/product\\\/blister-de-10-sur-grips-mega-tac-noir\\\/#primaryimage\"},\"image\":{\"@id\":\"https:\\\/\\\/planetetennis.fr\\\/product\\\/blister-de-10-sur-grips-mega-tac-noir\\\/#primaryimage\"},\"thumbnailUrl\":\"https:\\\/\\\/planetetennis.fr\\\/wp-content\\\/uploads\\\/2022\\\/09\\\/MT-10-XLBK-200x200-1.png\",\"datePublished\":\"2022-09-09T12:07:12+00:00\",\"dateModified\":\"2024-06-07T08:07:56+00:00\",\"description\":\"Il dispose d'une forte absorption de la transpiration. Caract\u00e9ristiques : Toucher ultra collant - Forte r\u00e9sistance \u00e0 l'usure - Effet collant tr\u00e8s durable\",\"breadcrumb\":{\"@id\":\"https:\\\/\\\/planetetennis.fr\\\/product\\\/blister-de-10-sur-grips-mega-tac-noir\\\/#breadcrumb\"},\"inLanguage\":\"es-ES\",\"potentialAction\":[{\"@type\":\"ReadAction\",\"target\":[\"https:\\\/\\\/planetetennis.fr\\\/product\\\/blister-de-10-sur-grips-mega-tac-noir\\\/\"]}]},{\"@type\":\"ImageObject\",\"inLanguage\":\"es-ES\",\"@id\":\"https:\\\/\\\/planetetennis.fr\\\/product\\\/blister-de-10-sur-grips-mega-tac-noir\\\/#primaryimage\",\"url\":\"https:\\\/\\\/planetetennis.fr\\\/wp-content\\\/uploads\\\/2022\\\/09\\\/MT-10-XLBK-200x200-1.png\",\"contentUrl\":\"https:\\\/\\\/planetetennis.fr\\\/wp-content\\\/uploads\\\/2022\\\/09\\\/MT-10-XLBK-200x200-1.png\",\"width\":200,\"height\":200},{\"@type\":\"BreadcrumbList\",\"@id\":\"https:\\\/\\\/planetetennis.fr\\\/product\\\/blister-de-10-sur-grips-mega-tac-noir\\\/#breadcrumb\",\"itemListElement\":[{\"@type\":\"ListItem\",\"position\":1,\"name\":\"Accueil\",\"item\":\"https:\\\/\\\/planetetennis.fr\\\/\"},{\"@type\":\"ListItem\",\"position\":2,\"name\":\"Nos produits\",\"item\":\"https:\\\/\\\/planetetennis.fr\\\/produits\\\/\"},{\"@type\":\"ListItem\",\"position\":3,\"name\":\"Blister de 10 sur grips Mega Tac Noir\"}]},{\"@type\":\"WebSite\",\"@id\":\"https:\\\/\\\/planetetennis.fr\\\/#website\",\"url\":\"https:\\\/\\\/planetetennis.fr\\\/\",\"name\":\"Planetetennis\",\"description\":\"Cordages de tennis monofilament fran\u00e7ais\",\"publisher\":{\"@id\":\"https:\\\/\\\/planetetennis.fr\\\/#organization\"},\"potentialAction\":[{\"@type\":\"SearchAction\",\"target\":{\"@type\":\"EntryPoint\",\"urlTemplate\":\"https:\\\/\\\/planetetennis.fr\\\/?s={search_term_string}\"},\"query-input\":{\"@type\":\"PropertyValueSpecification\",\"valueRequired\":true,\"valueName\":\"search_term_string\"}}],\"inLanguage\":\"es-ES\"},{\"@type\":\"Organization\",\"@id\":\"https:\\\/\\\/planetetennis.fr\\\/#organization\",\"name\":\"Planetetennis\",\"url\":\"https:\\\/\\\/planetetennis.fr\\\/\",\"logo\":{\"@type\":\"ImageObject\",\"inLanguage\":\"es-ES\",\"@id\":\"https:\\\/\\\/planetetennis.fr\\\/#\\\/schema\\\/logo\\\/image\\\/\",\"url\":\"https:\\\/\\\/planetetennis.fr\\\/wp-content\\\/uploads\\\/2021\\\/10\\\/logocolor03.png\",\"contentUrl\":\"https:\\\/\\\/planetetennis.fr\\\/wp-content\\\/uploads\\\/2021\\\/10\\\/logocolor03.png\",\"width\":230,\"height\":58,\"caption\":\"Planetetennis\"},\"image\":{\"@id\":\"https:\\\/\\\/planetetennis.fr\\\/#\\\/schema\\\/logo\\\/image\\\/\"}}]}<\/script>\n<!-- \/ Yoast SEO plugin. -->","yoast_head_json":{"title":"Blister de 10 sur grips Mega Tac Noir - Planetetennis","description":"Il dispose d'une forte absorption de la transpiration. Caract\u00e9ristiques : Toucher ultra collant - Forte r\u00e9sistance \u00e0 l'usure - Effet collant tr\u00e8s durable","robots":{"index":"index","follow":"follow","max-snippet":"max-snippet:-1","max-image-preview":"max-image-preview:large","max-video-preview":"max-video-preview:-1"},"canonical":"https:\/\/planetetennis.fr\/es\/product\/blister-de-10-sur-grips-mega-tac-noir\/","og_locale":"es_ES","og_type":"article","og_title":"Blister de 10 sur grips Mega Tac Noir - Planetetennis","og_description":"Il dispose d'une forte absorption de la transpiration. Caract\u00e9ristiques : Toucher ultra collant - Forte r\u00e9sistance \u00e0 l'usure - Effet collant tr\u00e8s durable","og_url":"https:\/\/planetetennis.fr\/es\/product\/blister-de-10-sur-grips-mega-tac-noir\/","og_site_name":"Planetetennis","article_modified_time":"2024-06-07T08:07:56+00:00","og_image":[{"width":200,"height":200,"url":"https:\/\/planetetennis.fr\/wp-content\/uploads\/2022\/09\/MT-10-XLBK-200x200-1.png","type":"image\/png"}],"twitter_card":"summary_large_image","schema":{"@context":"https:\/\/schema.org","@graph":[{"@type":"WebPage","@id":"https:\/\/planetetennis.fr\/product\/blister-de-10-sur-grips-mega-tac-noir\/","url":"https:\/\/planetetennis.fr\/product\/blister-de-10-sur-grips-mega-tac-noir\/","name":"Blister de 10 sur grips Mega Tac Noir - Planetetennis","isPartOf":{"@id":"https:\/\/planetetennis.fr\/#website"},"primaryImageOfPage":{"@id":"https:\/\/planetetennis.fr\/product\/blister-de-10-sur-grips-mega-tac-noir\/#primaryimage"},"image":{"@id":"https:\/\/planetetennis.fr\/product\/blister-de-10-sur-grips-mega-tac-noir\/#primaryimage"},"thumbnailUrl":"https:\/\/planetetennis.fr\/wp-content\/uploads\/2022\/09\/MT-10-XLBK-200x200-1.png","datePublished":"2022-09-09T12:07:12+00:00","dateModified":"2024-06-07T08:07:56+00:00","description":"Il dispose d'une forte absorption de la transpiration. Caract\u00e9ristiques : Toucher ultra collant - Forte r\u00e9sistance \u00e0 l'usure - Effet collant tr\u00e8s durable","breadcrumb":{"@id":"https:\/\/planetetennis.fr\/product\/blister-de-10-sur-grips-mega-tac-noir\/#breadcrumb"},"inLanguage":"es-ES","potentialAction":[{"@type":"ReadAction","target":["https:\/\/planetetennis.fr\/product\/blister-de-10-sur-grips-mega-tac-noir\/"]}]},{"@type":"ImageObject","inLanguage":"es-ES","@id":"https:\/\/planetetennis.fr\/product\/blister-de-10-sur-grips-mega-tac-noir\/#primaryimage","url":"https:\/\/planetetennis.fr\/wp-content\/uploads\/2022\/09\/MT-10-XLBK-200x200-1.png","contentUrl":"https:\/\/planetetennis.fr\/wp-content\/uploads\/2022\/09\/MT-10-XLBK-200x200-1.png","width":200,"height":200},{"@type":"BreadcrumbList","@id":"https:\/\/planetetennis.fr\/product\/blister-de-10-sur-grips-mega-tac-noir\/#breadcrumb","itemListElement":[{"@type":"ListItem","position":1,"name":"Accueil","item":"https:\/\/planetetennis.fr\/"},{"@type":"ListItem","position":2,"name":"Nos produits","item":"https:\/\/planetetennis.fr\/produits\/"},{"@type":"ListItem","position":3,"name":"Blister de 10 sur grips Mega Tac Noir"}]},{"@type":"WebSite","@id":"https:\/\/planetetennis.fr\/#website","url":"https:\/\/planetetennis.fr\/","name":"Planeta tenis","description":"Cordages de tennis monofilament fran\u00e7ais","publisher":{"@id":"https:\/\/planetetennis.fr\/#organization"},"potentialAction":[{"@type":"SearchAction","target":{"@type":"EntryPoint","urlTemplate":"https:\/\/planetetennis.fr\/?s={search_term_string}"},"query-input":{"@type":"PropertyValueSpecification","valueRequired":true,"valueName":"search_term_string"}}],"inLanguage":"es-ES"},{"@type":"Organization","@id":"https:\/\/planetetennis.fr\/#organization","name":"Planeta tenis","url":"https:\/\/planetetennis.fr\/","logo":{"@type":"ImageObject","inLanguage":"es-ES","@id":"https:\/\/planetetennis.fr\/#\/schema\/logo\/image\/","url":"https:\/\/planetetennis.fr\/wp-content\/uploads\/2021\/10\/logocolor03.png","contentUrl":"https:\/\/planetetennis.fr\/wp-content\/uploads\/2021\/10\/logocolor03.png","width":230,"height":58,"caption":"Planetetennis"},"image":{"@id":"https:\/\/planetetennis.fr\/#\/schema\/logo\/image\/"}}]}},"_links":{"self":[{"href":"https:\/\/planetetennis.fr\/es\/wp-json\/wp\/v2\/product\/11394","targetHints":{"allow":["GET"]}}],"collection":[{"href":"https:\/\/planetetennis.fr\/es\/wp-json\/wp\/v2\/product"}],"about":[{"href":"https:\/\/planetetennis.fr\/es\/wp-json\/wp\/v2\/types\/product"}],"replies":[{"embeddable":true,"href":"https:\/\/planetetennis.fr\/es\/wp-json\/wp\/v2\/comments?post=11394"}],"wp:featuredmedia":[{"embeddable":true,"href":"https:\/\/planetetennis.fr\/es\/wp-json\/wp\/v2\/media\/11398"}],"wp:attachment":[{"href":"https:\/\/planetetennis.fr\/es\/wp-json\/wp\/v2\/media?parent=11394"}],"wp:term":[{"taxonomy":"product_brand","embeddable":true,"href":"https:\/\/planetetennis.fr\/es\/wp-json\/wp\/v2\/product_brand?post=11394"},{"taxonomy":"product_cat","embeddable":true,"href":"https:\/\/planetetennis.fr\/es\/wp-json\/wp\/v2\/product_cat?post=11394"},{"taxonomy":"product_tag","embeddable":true,"href":"https:\/\/planetetennis.fr\/es\/wp-json\/wp\/v2\/product_tag?post=11394"}],"curies":[{"name":"wp","href":"https:\/\/api.w.org\/{rel}","templated":true}]}}