{"id":11491,"date":"2022-09-09T17:24:08","date_gmt":"2022-09-09T17:24:08","guid":{"rendered":"https:\/\/planetetennis.fr\/?post_type=product&#038;p=11491"},"modified":"2024-01-04T05:43:49","modified_gmt":"2024-01-04T05:43:49","slug":"chaussure-slam-junior-fille-pink-2022","status":"publish","type":"product","link":"https:\/\/planetetennis.fr\/es\/product\/chaussure-slam-junior-fille-pink-2022\/","title":{"rendered":"CHAUSSURE &#8220;SLAM JUNIOR FILLE&#8221; PINK 2022"},"content":{"rendered":"<div class=\"attbox\">\n<h5 id=\"features\" class=\"menu-description-title title\">CARACT\u00c9RISTIQUES<\/h5>\n<div class=\"row\">\n<div class=\"col-sm-12 col-md-6\">\n<ul>\n<li>Tige respirante en nylon et TPU<\/li>\n<li>Semelle int\u00e9rieure en EVA lisse<\/li>\n<li>Premi\u00e8re de montage en EVA cousue en gant avec technologie GLOVE SYSTEM<\/li>\n<li>Semelle interm\u00e9diaire en phylon<\/li>\n<li>Semelle ext\u00e9rieure en caoutchouc<\/li>\n<\/ul>\n<\/div>\n<\/div>\n<\/div>","protected":false},"excerpt":{"rendered":"<div class=\"attbox\">\n<div class=\"row\">\n<div class=\"col-sm-12 value content\">\n<p>Chaussures de tennis et padel pour gar\u00e7ons\/filles. La tige a \u00e9t\u00e9 fabriqu\u00e9e en nylon respirant et en TPU.\u00a0La semelle int\u00e9rieure est en EVA lisse et la semelle int\u00e9rieure est en EVA et est cousue dans le gant pour plus de confort et de soutien.\u00a0Semelle intercalaire monobloc en phylon r\u00e9sistant, sectionn\u00e9e pour favoriser l&#8217;adaptation au terrain.\u00a0Semelle en caoutchouc avec abrasion DIN-90.<\/p>\n<\/div>\n<\/div>\n<\/div>","protected":false},"featured_media":11503,"comment_status":"open","ping_status":"closed","template":"","meta":{"_monsterinsights_skip_tracking":false,"_monsterinsights_sitenote_active":false,"_monsterinsights_sitenote_note":"","_monsterinsights_sitenote_category":0},"product_brand":[],"product_cat":[414,425],"product_tag":[],"class_list":{"0":"post-11491","1":"product","2":"type-product","3":"status-publish","4":"has-post-thumbnail","6":"product_cat-chaussures","7":"product_cat-chaussures-junior","9":"first","10":"instock","11":"sale","12":"taxable","13":"shipping-taxable","14":"purchasable","15":"product-type-variable"},"yoast_head":"<!-- This site is optimized with the Yoast SEO plugin v27.5 - https:\/\/yoast.com\/product\/yoast-seo-wordpress\/ -->\n<title>CHAUSSURE &quot;SLAM JUNIOR FILLE&quot; PINK 2022 - Planetetennis<\/title>\n<meta name=\"robots\" content=\"index, follow, max-snippet:-1, max-image-preview:large, max-video-preview:-1\" \/>\n<link rel=\"canonical\" href=\"https:\/\/planetetennis.fr\/es\/product\/chaussure-slam-junior-fille-pink-2022\/\" \/>\n<meta property=\"og:locale\" content=\"es_ES\" \/>\n<meta property=\"og:type\" content=\"article\" \/>\n<meta property=\"og:title\" content=\"CHAUSSURE &quot;SLAM JUNIOR FILLE&quot; PINK 2022 - Planetetennis\" \/>\n<meta property=\"og:description\" content=\"Chaussures de tennis et padel pour gar\u00e7ons\/filles. La tige a \u00e9t\u00e9 fabriqu\u00e9e en nylon respirant et en TPU.\u00a0La semelle int\u00e9rieure est en EVA lisse et la semelle int\u00e9rieure est en EVA et est cousue dans le gant pour plus de confort et de soutien.\u00a0Semelle intercalaire monobloc en phylon r\u00e9sistant, sectionn\u00e9e pour favoriser l&#039;adaptation au terrain.\u00a0Semelle en caoutchouc avec abrasion DIN-90.\" \/>\n<meta property=\"og:url\" content=\"https:\/\/planetetennis.fr\/es\/product\/chaussure-slam-junior-fille-pink-2022\/\" \/>\n<meta property=\"og:site_name\" content=\"Planetetennis\" \/>\n<meta property=\"article:modified_time\" content=\"2024-01-04T05:43:49+00:00\" \/>\n<meta property=\"og:image\" content=\"https:\/\/planetetennis.fr\/wp-content\/uploads\/2022\/09\/JSLAMS2237P_1.jpg\" \/>\n\t<meta property=\"og:image:width\" content=\"2000\" \/>\n\t<meta property=\"og:image:height\" content=\"2000\" \/>\n\t<meta property=\"og:image:type\" content=\"image\/jpeg\" \/>\n<meta name=\"twitter:card\" content=\"summary_large_image\" \/>\n<meta name=\"twitter:label1\" content=\"Est. reading time\" \/>\n\t<meta name=\"twitter:data1\" content=\"1 minute\" \/>\n<script type=\"application\/ld+json\" class=\"yoast-schema-graph\">{\"@context\":\"https:\\\/\\\/schema.org\",\"@graph\":[{\"@type\":\"WebPage\",\"@id\":\"https:\\\/\\\/planetetennis.fr\\\/product\\\/chaussure-slam-junior-fille-pink-2022\\\/\",\"url\":\"https:\\\/\\\/planetetennis.fr\\\/product\\\/chaussure-slam-junior-fille-pink-2022\\\/\",\"name\":\"CHAUSSURE \\\"SLAM JUNIOR FILLE\\\" PINK 2022 - Planetetennis\",\"isPartOf\":{\"@id\":\"https:\\\/\\\/planetetennis.fr\\\/#website\"},\"primaryImageOfPage\":{\"@id\":\"https:\\\/\\\/planetetennis.fr\\\/product\\\/chaussure-slam-junior-fille-pink-2022\\\/#primaryimage\"},\"image\":{\"@id\":\"https:\\\/\\\/planetetennis.fr\\\/product\\\/chaussure-slam-junior-fille-pink-2022\\\/#primaryimage\"},\"thumbnailUrl\":\"https:\\\/\\\/planetetennis.fr\\\/wp-content\\\/uploads\\\/2022\\\/09\\\/JSLAMS2237P_1.jpg\",\"datePublished\":\"2022-09-09T17:24:08+00:00\",\"dateModified\":\"2024-01-04T05:43:49+00:00\",\"breadcrumb\":{\"@id\":\"https:\\\/\\\/planetetennis.fr\\\/product\\\/chaussure-slam-junior-fille-pink-2022\\\/#breadcrumb\"},\"inLanguage\":\"es-ES\",\"potentialAction\":[{\"@type\":\"ReadAction\",\"target\":[\"https:\\\/\\\/planetetennis.fr\\\/product\\\/chaussure-slam-junior-fille-pink-2022\\\/\"]}]},{\"@type\":\"ImageObject\",\"inLanguage\":\"es-ES\",\"@id\":\"https:\\\/\\\/planetetennis.fr\\\/product\\\/chaussure-slam-junior-fille-pink-2022\\\/#primaryimage\",\"url\":\"https:\\\/\\\/planetetennis.fr\\\/wp-content\\\/uploads\\\/2022\\\/09\\\/JSLAMS2237P_1.jpg\",\"contentUrl\":\"https:\\\/\\\/planetetennis.fr\\\/wp-content\\\/uploads\\\/2022\\\/09\\\/JSLAMS2237P_1.jpg\",\"width\":2000,\"height\":2000},{\"@type\":\"BreadcrumbList\",\"@id\":\"https:\\\/\\\/planetetennis.fr\\\/product\\\/chaussure-slam-junior-fille-pink-2022\\\/#breadcrumb\",\"itemListElement\":[{\"@type\":\"ListItem\",\"position\":1,\"name\":\"Accueil\",\"item\":\"https:\\\/\\\/planetetennis.fr\\\/\"},{\"@type\":\"ListItem\",\"position\":2,\"name\":\"Nos produits\",\"item\":\"https:\\\/\\\/planetetennis.fr\\\/produits\\\/\"},{\"@type\":\"ListItem\",\"position\":3,\"name\":\"CHAUSSURE &#8220;SLAM JUNIOR FILLE&#8221; PINK 2022\"}]},{\"@type\":\"WebSite\",\"@id\":\"https:\\\/\\\/planetetennis.fr\\\/#website\",\"url\":\"https:\\\/\\\/planetetennis.fr\\\/\",\"name\":\"Planetetennis\",\"description\":\"Cordages de tennis monofilament fran\u00e7ais\",\"publisher\":{\"@id\":\"https:\\\/\\\/planetetennis.fr\\\/#organization\"},\"potentialAction\":[{\"@type\":\"SearchAction\",\"target\":{\"@type\":\"EntryPoint\",\"urlTemplate\":\"https:\\\/\\\/planetetennis.fr\\\/?s={search_term_string}\"},\"query-input\":{\"@type\":\"PropertyValueSpecification\",\"valueRequired\":true,\"valueName\":\"search_term_string\"}}],\"inLanguage\":\"es-ES\"},{\"@type\":\"Organization\",\"@id\":\"https:\\\/\\\/planetetennis.fr\\\/#organization\",\"name\":\"Planetetennis\",\"url\":\"https:\\\/\\\/planetetennis.fr\\\/\",\"logo\":{\"@type\":\"ImageObject\",\"inLanguage\":\"es-ES\",\"@id\":\"https:\\\/\\\/planetetennis.fr\\\/#\\\/schema\\\/logo\\\/image\\\/\",\"url\":\"https:\\\/\\\/planetetennis.fr\\\/wp-content\\\/uploads\\\/2021\\\/10\\\/logocolor03.png\",\"contentUrl\":\"https:\\\/\\\/planetetennis.fr\\\/wp-content\\\/uploads\\\/2021\\\/10\\\/logocolor03.png\",\"width\":230,\"height\":58,\"caption\":\"Planetetennis\"},\"image\":{\"@id\":\"https:\\\/\\\/planetetennis.fr\\\/#\\\/schema\\\/logo\\\/image\\\/\"}}]}<\/script>\n<!-- \/ Yoast SEO plugin. -->","yoast_head_json":{"title":"CHAUSSURE \"SLAM JUNIOR FILLE\" PINK 2022 - Planetetennis","robots":{"index":"index","follow":"follow","max-snippet":"max-snippet:-1","max-image-preview":"max-image-preview:large","max-video-preview":"max-video-preview:-1"},"canonical":"https:\/\/planetetennis.fr\/es\/product\/chaussure-slam-junior-fille-pink-2022\/","og_locale":"es_ES","og_type":"article","og_title":"CHAUSSURE \"SLAM JUNIOR FILLE\" PINK 2022 - Planetetennis","og_description":"Chaussures de tennis et padel pour gar\u00e7ons\/filles. La tige a \u00e9t\u00e9 fabriqu\u00e9e en nylon respirant et en TPU.\u00a0La semelle int\u00e9rieure est en EVA lisse et la semelle int\u00e9rieure est en EVA et est cousue dans le gant pour plus de confort et de soutien.\u00a0Semelle intercalaire monobloc en phylon r\u00e9sistant, sectionn\u00e9e pour favoriser l'adaptation au terrain.\u00a0Semelle en caoutchouc avec abrasion DIN-90.","og_url":"https:\/\/planetetennis.fr\/es\/product\/chaussure-slam-junior-fille-pink-2022\/","og_site_name":"Planetetennis","article_modified_time":"2024-01-04T05:43:49+00:00","og_image":[{"width":2000,"height":2000,"url":"https:\/\/planetetennis.fr\/wp-content\/uploads\/2022\/09\/JSLAMS2237P_1.jpg","type":"image\/jpeg"}],"twitter_card":"summary_large_image","twitter_misc":{"Est. reading time":"1 minute"},"schema":{"@context":"https:\/\/schema.org","@graph":[{"@type":"WebPage","@id":"https:\/\/planetetennis.fr\/product\/chaussure-slam-junior-fille-pink-2022\/","url":"https:\/\/planetetennis.fr\/product\/chaussure-slam-junior-fille-pink-2022\/","name":"CHAUSSURE \"SLAM JUNIOR FILLE\" PINK 2022 - Planetetennis","isPartOf":{"@id":"https:\/\/planetetennis.fr\/#website"},"primaryImageOfPage":{"@id":"https:\/\/planetetennis.fr\/product\/chaussure-slam-junior-fille-pink-2022\/#primaryimage"},"image":{"@id":"https:\/\/planetetennis.fr\/product\/chaussure-slam-junior-fille-pink-2022\/#primaryimage"},"thumbnailUrl":"https:\/\/planetetennis.fr\/wp-content\/uploads\/2022\/09\/JSLAMS2237P_1.jpg","datePublished":"2022-09-09T17:24:08+00:00","dateModified":"2024-01-04T05:43:49+00:00","breadcrumb":{"@id":"https:\/\/planetetennis.fr\/product\/chaussure-slam-junior-fille-pink-2022\/#breadcrumb"},"inLanguage":"es-ES","potentialAction":[{"@type":"ReadAction","target":["https:\/\/planetetennis.fr\/product\/chaussure-slam-junior-fille-pink-2022\/"]}]},{"@type":"ImageObject","inLanguage":"es-ES","@id":"https:\/\/planetetennis.fr\/product\/chaussure-slam-junior-fille-pink-2022\/#primaryimage","url":"https:\/\/planetetennis.fr\/wp-content\/uploads\/2022\/09\/JSLAMS2237P_1.jpg","contentUrl":"https:\/\/planetetennis.fr\/wp-content\/uploads\/2022\/09\/JSLAMS2237P_1.jpg","width":2000,"height":2000},{"@type":"BreadcrumbList","@id":"https:\/\/planetetennis.fr\/product\/chaussure-slam-junior-fille-pink-2022\/#breadcrumb","itemListElement":[{"@type":"ListItem","position":1,"name":"Accueil","item":"https:\/\/planetetennis.fr\/"},{"@type":"ListItem","position":2,"name":"Nos produits","item":"https:\/\/planetetennis.fr\/produits\/"},{"@type":"ListItem","position":3,"name":"CHAUSSURE &#8220;SLAM JUNIOR FILLE&#8221; PINK 2022"}]},{"@type":"WebSite","@id":"https:\/\/planetetennis.fr\/#website","url":"https:\/\/planetetennis.fr\/","name":"Planeta tenis","description":"Cordages de tennis monofilament fran\u00e7ais","publisher":{"@id":"https:\/\/planetetennis.fr\/#organization"},"potentialAction":[{"@type":"SearchAction","target":{"@type":"EntryPoint","urlTemplate":"https:\/\/planetetennis.fr\/?s={search_term_string}"},"query-input":{"@type":"PropertyValueSpecification","valueRequired":true,"valueName":"search_term_string"}}],"inLanguage":"es-ES"},{"@type":"Organization","@id":"https:\/\/planetetennis.fr\/#organization","name":"Planeta tenis","url":"https:\/\/planetetennis.fr\/","logo":{"@type":"ImageObject","inLanguage":"es-ES","@id":"https:\/\/planetetennis.fr\/#\/schema\/logo\/image\/","url":"https:\/\/planetetennis.fr\/wp-content\/uploads\/2021\/10\/logocolor03.png","contentUrl":"https:\/\/planetetennis.fr\/wp-content\/uploads\/2021\/10\/logocolor03.png","width":230,"height":58,"caption":"Planetetennis"},"image":{"@id":"https:\/\/planetetennis.fr\/#\/schema\/logo\/image\/"}}]}},"_links":{"self":[{"href":"https:\/\/planetetennis.fr\/es\/wp-json\/wp\/v2\/product\/11491","targetHints":{"allow":["GET"]}}],"collection":[{"href":"https:\/\/planetetennis.fr\/es\/wp-json\/wp\/v2\/product"}],"about":[{"href":"https:\/\/planetetennis.fr\/es\/wp-json\/wp\/v2\/types\/product"}],"replies":[{"embeddable":true,"href":"https:\/\/planetetennis.fr\/es\/wp-json\/wp\/v2\/comments?post=11491"}],"wp:featuredmedia":[{"embeddable":true,"href":"https:\/\/planetetennis.fr\/es\/wp-json\/wp\/v2\/media\/11503"}],"wp:attachment":[{"href":"https:\/\/planetetennis.fr\/es\/wp-json\/wp\/v2\/media?parent=11491"}],"wp:term":[{"taxonomy":"product_brand","embeddable":true,"href":"https:\/\/planetetennis.fr\/es\/wp-json\/wp\/v2\/product_brand?post=11491"},{"taxonomy":"product_cat","embeddable":true,"href":"https:\/\/planetetennis.fr\/es\/wp-json\/wp\/v2\/product_cat?post=11491"},{"taxonomy":"product_tag","embeddable":true,"href":"https:\/\/planetetennis.fr\/es\/wp-json\/wp\/v2\/product_tag?post=11491"}],"curies":[{"name":"wp","href":"https:\/\/api.w.org\/{rel}","templated":true}]}}