{"id":11588,"date":"2022-09-27T08:30:48","date_gmt":"2022-09-27T08:30:48","guid":{"rendered":"https:\/\/planetetennis.fr\/?post_type=product&#038;p=11588"},"modified":"2025-06-10T01:54:44","modified_gmt":"2025-06-10T01:54:44","slug":"zipper-de-10-sur-grips-tourna-tac-noir","status":"publish","type":"product","link":"https:\/\/planetetennis.fr\/es\/product\/zipper-de-10-sur-grips-tourna-tac-noir\/","title":{"rendered":"Zipper de 10 sur grips tourna TAC Noir"},"content":{"rendered":"<p>Dot\u00e9 d&#8217;une tr\u00e8s grande capacit\u00e9 \u00e0 absorber la transpiration, les surgrips Tourna Tac sont extr\u00eamement r\u00e9sistant. Toucher doux<\/p>","protected":false},"excerpt":{"rendered":"<p>Les surgrips Tourna Tac offrent un effet collant, procurant aucun glissement de la main et tr\u00e8s grand confort pour la main. L&#8217;\u00e9paisseur du surgrip Tourna Tac est de 0.60mm.<\/p>","protected":false},"featured_media":9150,"comment_status":"open","ping_status":"closed","template":"","meta":{"_monsterinsights_skip_tracking":false,"_monsterinsights_sitenote_active":false,"_monsterinsights_sitenote_note":"","_monsterinsights_sitenote_category":0},"product_brand":[],"product_cat":[434,409,276],"product_tag":[],"class_list":{"0":"post-11588","1":"product","2":"type-product","3":"status-publish","4":"has-post-thumbnail","6":"product_cat-par-10","7":"product_cat-sur-grip","8":"product_cat-tourna","10":"first","11":"instock","12":"sale","13":"taxable","14":"shipping-taxable","15":"purchasable","16":"product-type-simple"},"yoast_head":"<!-- This site is optimized with the Yoast SEO plugin v27.4 - https:\/\/yoast.com\/product\/yoast-seo-wordpress\/ -->\n<title>Zipper de 10 sur grips tourna TAC Noir - Planetetennis<\/title>\n<meta name=\"description\" content=\"Dot\u00e9 d&#039;une tr\u00e8s grande capacit\u00e9 \u00e0 absorber la transpiration, les surgrips Tourna Tac sont extr\u00eamement r\u00e9sistant. Toucher doux.\" \/>\n<meta name=\"robots\" content=\"index, follow, max-snippet:-1, max-image-preview:large, max-video-preview:-1\" \/>\n<link rel=\"canonical\" href=\"https:\/\/planetetennis.fr\/es\/product\/zipper-de-10-sur-grips-tourna-tac-noir\/\" \/>\n<meta property=\"og:locale\" content=\"es_ES\" \/>\n<meta property=\"og:type\" content=\"article\" \/>\n<meta property=\"og:title\" content=\"Zipper de 10 sur grips tourna TAC Noir - Planetetennis\" \/>\n<meta property=\"og:description\" content=\"Dot\u00e9 d&#039;une tr\u00e8s grande capacit\u00e9 \u00e0 absorber la transpiration, les surgrips Tourna Tac sont extr\u00eamement r\u00e9sistant. Toucher doux.\" \/>\n<meta property=\"og:url\" content=\"https:\/\/planetetennis.fr\/es\/product\/zipper-de-10-sur-grips-tourna-tac-noir\/\" \/>\n<meta property=\"og:site_name\" content=\"Planetetennis\" \/>\n<meta property=\"article:modified_time\" content=\"2025-06-10T01:54:44+00:00\" \/>\n<meta property=\"og:image\" content=\"https:\/\/planetetennis.fr\/wp-content\/uploads\/2021\/01\/TAC-10-XL-BK-scaled.jpg\" \/>\n\t<meta property=\"og:image:width\" content=\"1588\" \/>\n\t<meta property=\"og:image:height\" content=\"2560\" \/>\n\t<meta property=\"og:image:type\" content=\"image\/jpeg\" \/>\n<meta name=\"twitter:card\" content=\"summary_large_image\" \/>\n<script type=\"application\/ld+json\" class=\"yoast-schema-graph\">{\"@context\":\"https:\\\/\\\/schema.org\",\"@graph\":[{\"@type\":\"WebPage\",\"@id\":\"https:\\\/\\\/planetetennis.fr\\\/product\\\/zipper-de-10-sur-grips-tourna-tac-noir\\\/\",\"url\":\"https:\\\/\\\/planetetennis.fr\\\/product\\\/zipper-de-10-sur-grips-tourna-tac-noir\\\/\",\"name\":\"Zipper de 10 sur grips tourna TAC Noir - Planetetennis\",\"isPartOf\":{\"@id\":\"https:\\\/\\\/planetetennis.fr\\\/#website\"},\"primaryImageOfPage\":{\"@id\":\"https:\\\/\\\/planetetennis.fr\\\/product\\\/zipper-de-10-sur-grips-tourna-tac-noir\\\/#primaryimage\"},\"image\":{\"@id\":\"https:\\\/\\\/planetetennis.fr\\\/product\\\/zipper-de-10-sur-grips-tourna-tac-noir\\\/#primaryimage\"},\"thumbnailUrl\":\"https:\\\/\\\/planetetennis.fr\\\/wp-content\\\/uploads\\\/2021\\\/01\\\/TAC-10-XL-BK-scaled.jpg\",\"datePublished\":\"2022-09-27T08:30:48+00:00\",\"dateModified\":\"2025-06-10T01:54:44+00:00\",\"description\":\"Dot\u00e9 d'une tr\u00e8s grande capacit\u00e9 \u00e0 absorber la transpiration, les surgrips Tourna Tac sont extr\u00eamement r\u00e9sistant. Toucher doux.\",\"breadcrumb\":{\"@id\":\"https:\\\/\\\/planetetennis.fr\\\/product\\\/zipper-de-10-sur-grips-tourna-tac-noir\\\/#breadcrumb\"},\"inLanguage\":\"es-ES\",\"potentialAction\":[{\"@type\":\"ReadAction\",\"target\":[\"https:\\\/\\\/planetetennis.fr\\\/product\\\/zipper-de-10-sur-grips-tourna-tac-noir\\\/\"]}]},{\"@type\":\"ImageObject\",\"inLanguage\":\"es-ES\",\"@id\":\"https:\\\/\\\/planetetennis.fr\\\/product\\\/zipper-de-10-sur-grips-tourna-tac-noir\\\/#primaryimage\",\"url\":\"https:\\\/\\\/planetetennis.fr\\\/wp-content\\\/uploads\\\/2021\\\/01\\\/TAC-10-XL-BK-scaled.jpg\",\"contentUrl\":\"https:\\\/\\\/planetetennis.fr\\\/wp-content\\\/uploads\\\/2021\\\/01\\\/TAC-10-XL-BK-scaled.jpg\",\"width\":1588,\"height\":2560},{\"@type\":\"BreadcrumbList\",\"@id\":\"https:\\\/\\\/planetetennis.fr\\\/product\\\/zipper-de-10-sur-grips-tourna-tac-noir\\\/#breadcrumb\",\"itemListElement\":[{\"@type\":\"ListItem\",\"position\":1,\"name\":\"Accueil\",\"item\":\"https:\\\/\\\/planetetennis.fr\\\/\"},{\"@type\":\"ListItem\",\"position\":2,\"name\":\"Nos produits\",\"item\":\"https:\\\/\\\/planetetennis.fr\\\/produits\\\/\"},{\"@type\":\"ListItem\",\"position\":3,\"name\":\"Zipper de 10 sur grips tourna TAC Noir\"}]},{\"@type\":\"WebSite\",\"@id\":\"https:\\\/\\\/planetetennis.fr\\\/#website\",\"url\":\"https:\\\/\\\/planetetennis.fr\\\/\",\"name\":\"Planetetennis\",\"description\":\"Cordages de tennis monofilament fran\u00e7ais\",\"publisher\":{\"@id\":\"https:\\\/\\\/planetetennis.fr\\\/#organization\"},\"potentialAction\":[{\"@type\":\"SearchAction\",\"target\":{\"@type\":\"EntryPoint\",\"urlTemplate\":\"https:\\\/\\\/planetetennis.fr\\\/?s={search_term_string}\"},\"query-input\":{\"@type\":\"PropertyValueSpecification\",\"valueRequired\":true,\"valueName\":\"search_term_string\"}}],\"inLanguage\":\"es-ES\"},{\"@type\":\"Organization\",\"@id\":\"https:\\\/\\\/planetetennis.fr\\\/#organization\",\"name\":\"Planetetennis\",\"url\":\"https:\\\/\\\/planetetennis.fr\\\/\",\"logo\":{\"@type\":\"ImageObject\",\"inLanguage\":\"es-ES\",\"@id\":\"https:\\\/\\\/planetetennis.fr\\\/#\\\/schema\\\/logo\\\/image\\\/\",\"url\":\"https:\\\/\\\/planetetennis.fr\\\/wp-content\\\/uploads\\\/2021\\\/10\\\/logocolor03.png\",\"contentUrl\":\"https:\\\/\\\/planetetennis.fr\\\/wp-content\\\/uploads\\\/2021\\\/10\\\/logocolor03.png\",\"width\":230,\"height\":58,\"caption\":\"Planetetennis\"},\"image\":{\"@id\":\"https:\\\/\\\/planetetennis.fr\\\/#\\\/schema\\\/logo\\\/image\\\/\"}}]}<\/script>\n<!-- \/ Yoast SEO plugin. -->","yoast_head_json":{"title":"Zipper de 10 sur grips tourna TAC Noir - Planetetennis","description":"Dot\u00e9 d'une tr\u00e8s grande capacit\u00e9 \u00e0 absorber la transpiration, les surgrips Tourna Tac sont extr\u00eamement r\u00e9sistant. Toucher doux.","robots":{"index":"index","follow":"follow","max-snippet":"max-snippet:-1","max-image-preview":"max-image-preview:large","max-video-preview":"max-video-preview:-1"},"canonical":"https:\/\/planetetennis.fr\/es\/product\/zipper-de-10-sur-grips-tourna-tac-noir\/","og_locale":"es_ES","og_type":"article","og_title":"Zipper de 10 sur grips tourna TAC Noir - Planetetennis","og_description":"Dot\u00e9 d'une tr\u00e8s grande capacit\u00e9 \u00e0 absorber la transpiration, les surgrips Tourna Tac sont extr\u00eamement r\u00e9sistant. Toucher doux.","og_url":"https:\/\/planetetennis.fr\/es\/product\/zipper-de-10-sur-grips-tourna-tac-noir\/","og_site_name":"Planetetennis","article_modified_time":"2025-06-10T01:54:44+00:00","og_image":[{"width":1588,"height":2560,"url":"https:\/\/planetetennis.fr\/wp-content\/uploads\/2021\/01\/TAC-10-XL-BK-scaled.jpg","type":"image\/jpeg"}],"twitter_card":"summary_large_image","schema":{"@context":"https:\/\/schema.org","@graph":[{"@type":"WebPage","@id":"https:\/\/planetetennis.fr\/product\/zipper-de-10-sur-grips-tourna-tac-noir\/","url":"https:\/\/planetetennis.fr\/product\/zipper-de-10-sur-grips-tourna-tac-noir\/","name":"Zipper de 10 sur grips tourna TAC Noir - Planetetennis","isPartOf":{"@id":"https:\/\/planetetennis.fr\/#website"},"primaryImageOfPage":{"@id":"https:\/\/planetetennis.fr\/product\/zipper-de-10-sur-grips-tourna-tac-noir\/#primaryimage"},"image":{"@id":"https:\/\/planetetennis.fr\/product\/zipper-de-10-sur-grips-tourna-tac-noir\/#primaryimage"},"thumbnailUrl":"https:\/\/planetetennis.fr\/wp-content\/uploads\/2021\/01\/TAC-10-XL-BK-scaled.jpg","datePublished":"2022-09-27T08:30:48+00:00","dateModified":"2025-06-10T01:54:44+00:00","description":"Dot\u00e9 d'une tr\u00e8s grande capacit\u00e9 \u00e0 absorber la transpiration, les surgrips Tourna Tac sont extr\u00eamement r\u00e9sistant. Toucher doux.","breadcrumb":{"@id":"https:\/\/planetetennis.fr\/product\/zipper-de-10-sur-grips-tourna-tac-noir\/#breadcrumb"},"inLanguage":"es-ES","potentialAction":[{"@type":"ReadAction","target":["https:\/\/planetetennis.fr\/product\/zipper-de-10-sur-grips-tourna-tac-noir\/"]}]},{"@type":"ImageObject","inLanguage":"es-ES","@id":"https:\/\/planetetennis.fr\/product\/zipper-de-10-sur-grips-tourna-tac-noir\/#primaryimage","url":"https:\/\/planetetennis.fr\/wp-content\/uploads\/2021\/01\/TAC-10-XL-BK-scaled.jpg","contentUrl":"https:\/\/planetetennis.fr\/wp-content\/uploads\/2021\/01\/TAC-10-XL-BK-scaled.jpg","width":1588,"height":2560},{"@type":"BreadcrumbList","@id":"https:\/\/planetetennis.fr\/product\/zipper-de-10-sur-grips-tourna-tac-noir\/#breadcrumb","itemListElement":[{"@type":"ListItem","position":1,"name":"Accueil","item":"https:\/\/planetetennis.fr\/"},{"@type":"ListItem","position":2,"name":"Nos produits","item":"https:\/\/planetetennis.fr\/produits\/"},{"@type":"ListItem","position":3,"name":"Zipper de 10 sur grips tourna TAC Noir"}]},{"@type":"WebSite","@id":"https:\/\/planetetennis.fr\/#website","url":"https:\/\/planetetennis.fr\/","name":"Planeta tenis","description":"Cordages de tennis monofilament fran\u00e7ais","publisher":{"@id":"https:\/\/planetetennis.fr\/#organization"},"potentialAction":[{"@type":"SearchAction","target":{"@type":"EntryPoint","urlTemplate":"https:\/\/planetetennis.fr\/?s={search_term_string}"},"query-input":{"@type":"PropertyValueSpecification","valueRequired":true,"valueName":"search_term_string"}}],"inLanguage":"es-ES"},{"@type":"Organization","@id":"https:\/\/planetetennis.fr\/#organization","name":"Planeta tenis","url":"https:\/\/planetetennis.fr\/","logo":{"@type":"ImageObject","inLanguage":"es-ES","@id":"https:\/\/planetetennis.fr\/#\/schema\/logo\/image\/","url":"https:\/\/planetetennis.fr\/wp-content\/uploads\/2021\/10\/logocolor03.png","contentUrl":"https:\/\/planetetennis.fr\/wp-content\/uploads\/2021\/10\/logocolor03.png","width":230,"height":58,"caption":"Planetetennis"},"image":{"@id":"https:\/\/planetetennis.fr\/#\/schema\/logo\/image\/"}}]}},"_links":{"self":[{"href":"https:\/\/planetetennis.fr\/es\/wp-json\/wp\/v2\/product\/11588","targetHints":{"allow":["GET"]}}],"collection":[{"href":"https:\/\/planetetennis.fr\/es\/wp-json\/wp\/v2\/product"}],"about":[{"href":"https:\/\/planetetennis.fr\/es\/wp-json\/wp\/v2\/types\/product"}],"replies":[{"embeddable":true,"href":"https:\/\/planetetennis.fr\/es\/wp-json\/wp\/v2\/comments?post=11588"}],"wp:featuredmedia":[{"embeddable":true,"href":"https:\/\/planetetennis.fr\/es\/wp-json\/wp\/v2\/media\/9150"}],"wp:attachment":[{"href":"https:\/\/planetetennis.fr\/es\/wp-json\/wp\/v2\/media?parent=11588"}],"wp:term":[{"taxonomy":"product_brand","embeddable":true,"href":"https:\/\/planetetennis.fr\/es\/wp-json\/wp\/v2\/product_brand?post=11588"},{"taxonomy":"product_cat","embeddable":true,"href":"https:\/\/planetetennis.fr\/es\/wp-json\/wp\/v2\/product_cat?post=11588"},{"taxonomy":"product_tag","embeddable":true,"href":"https:\/\/planetetennis.fr\/es\/wp-json\/wp\/v2\/product_tag?post=11588"}],"curies":[{"name":"wp","href":"https:\/\/api.w.org\/{rel}","templated":true}]}}