{"id":11672,"date":"2022-09-29T10:22:27","date_gmt":"2022-09-29T10:22:27","guid":{"rendered":"https:\/\/planetetennis.fr\/?post_type=product&#038;p=11672"},"modified":"2024-02-13T08:22:15","modified_gmt":"2024-02-13T08:22:15","slug":"ace-pro-chaussure-femme-terre-battue-rose-bleu-marine","status":"publish","type":"product","link":"https:\/\/planetetennis.fr\/es\/product\/ace-pro-chaussure-femme-terre-battue-rose-bleu-marine\/","title":{"rendered":"ACE PRO CHAUSSURE FEMME TERRE BATTUE Rose Bleu Marine"},"content":{"rendered":"<p>Chaussure indiquee pour tous les sports de raquette et de haute competition. Destine aux joueurs tres exigeants en quete de protection,<br \/>\nrespirabilite et confort. La coupe a ete construite en nylon et en KPU a haute abrasion pour resister aux frottements sur le<br \/>\ndeplacements lateraux. Le capuchon des orteils est renforce pour augmenter sa durabilite. La conception permet a la chaussure de flechir et de respirer facilement<br \/>\nen raison du dessin de la coupe. Arriere avec systeme exo compteur: contrefort externe qui offre une meilleure protection et ameliore la stabilite.<br \/>\nLa semelle interieure est pre-moulee en EVA ajustee au dernier du pied et la palmille est en EVA 2 mm cousue a la coupe. La semelle intermediaire est fabriquee<br \/>\navec Full Dual Pulsor, deux morceaux de Phylon. Celui du haut vise a assurer la stabilite. Le plus bas est fait avec le nouveau<br \/>\nSysteme de rebond pour fournir un excellent amorti et elan. Il a stabilis system, c\u2019est un morceau de TPU qui<br \/>\nstabilise la bande de roulement et empeche les virages inappropries. Semelle en caoutchouc d\u2019abrasion DIN-40 tres resistante.<\/p>","protected":false},"excerpt":{"rendered":"<p>Chaussure de tennis sp\u00e9ciale terre battue. Renforcement des orteils. Semelle int\u00e9rieure en EVA pr\u00e9moul\u00e9e ajust\u00e9e au dernier du pied.<\/p>","protected":false},"featured_media":11663,"comment_status":"open","ping_status":"closed","template":"","meta":{"_monsterinsights_skip_tracking":false,"_monsterinsights_sitenote_active":false,"_monsterinsights_sitenote_note":"","_monsterinsights_sitenote_category":0},"product_brand":[],"product_cat":[457,414,325,437],"product_tag":[],"class_list":{"0":"post-11672","1":"product","2":"type-product","3":"status-publish","4":"has-post-thumbnail","6":"product_cat-terre-battue-femme","7":"product_cat-chaussures","8":"product_cat-chaussures-joma","9":"product_cat-femme","11":"first","12":"instock","13":"sale","14":"featured","15":"taxable","16":"shipping-taxable","17":"purchasable","18":"product-type-variable"},"yoast_head":"<!-- This site is optimized with the Yoast SEO plugin v27.5 - https:\/\/yoast.com\/product\/yoast-seo-wordpress\/ -->\n<title>ACE PRO CHAUSSURE FEMME TERRE BATTUE Rose Bleu Marine - Planetetennis<\/title>\n<meta name=\"description\" content=\"Chaussure de tennis sp\u00e9ciale terre battue. Renforcement des orteils. Semelle int\u00e9rieure en EVA pr\u00e9moul\u00e9e ajust\u00e9e au dernier du pied.\" \/>\n<meta name=\"robots\" content=\"index, follow, max-snippet:-1, max-image-preview:large, max-video-preview:-1\" \/>\n<link rel=\"canonical\" href=\"https:\/\/planetetennis.fr\/es\/product\/ace-pro-chaussure-femme-terre-battue-rose-bleu-marine\/\" \/>\n<meta property=\"og:locale\" content=\"es_ES\" \/>\n<meta property=\"og:type\" content=\"article\" \/>\n<meta property=\"og:title\" content=\"ACE PRO CHAUSSURE FEMME TERRE BATTUE Rose Bleu Marine - Planetetennis\" \/>\n<meta property=\"og:description\" content=\"Chaussure de tennis sp\u00e9ciale terre battue. Renforcement des orteils. Semelle int\u00e9rieure en EVA pr\u00e9moul\u00e9e ajust\u00e9e au dernier du pied.\" \/>\n<meta property=\"og:url\" content=\"https:\/\/planetetennis.fr\/es\/product\/ace-pro-chaussure-femme-terre-battue-rose-bleu-marine\/\" \/>\n<meta property=\"og:site_name\" content=\"Planetetennis\" \/>\n<meta property=\"article:modified_time\" content=\"2024-02-13T08:22:15+00:00\" \/>\n<meta property=\"og:image\" content=\"https:\/\/planetetennis.fr\/wp-content\/uploads\/2022\/09\/lady2103.jpg\" \/>\n\t<meta property=\"og:image:width\" content=\"900\" \/>\n\t<meta property=\"og:image:height\" content=\"900\" \/>\n\t<meta property=\"og:image:type\" content=\"image\/jpeg\" \/>\n<meta name=\"twitter:card\" content=\"summary_large_image\" \/>\n<meta name=\"twitter:label1\" content=\"Est. reading time\" \/>\n\t<meta name=\"twitter:data1\" content=\"1 minute\" \/>\n<script type=\"application\/ld+json\" class=\"yoast-schema-graph\">{\"@context\":\"https:\\\/\\\/schema.org\",\"@graph\":[{\"@type\":\"WebPage\",\"@id\":\"https:\\\/\\\/planetetennis.fr\\\/product\\\/ace-pro-chaussure-femme-terre-battue-rose-bleu-marine\\\/\",\"url\":\"https:\\\/\\\/planetetennis.fr\\\/product\\\/ace-pro-chaussure-femme-terre-battue-rose-bleu-marine\\\/\",\"name\":\"ACE PRO CHAUSSURE FEMME TERRE BATTUE Rose Bleu Marine - Planetetennis\",\"isPartOf\":{\"@id\":\"https:\\\/\\\/planetetennis.fr\\\/#website\"},\"primaryImageOfPage\":{\"@id\":\"https:\\\/\\\/planetetennis.fr\\\/product\\\/ace-pro-chaussure-femme-terre-battue-rose-bleu-marine\\\/#primaryimage\"},\"image\":{\"@id\":\"https:\\\/\\\/planetetennis.fr\\\/product\\\/ace-pro-chaussure-femme-terre-battue-rose-bleu-marine\\\/#primaryimage\"},\"thumbnailUrl\":\"https:\\\/\\\/planetetennis.fr\\\/wp-content\\\/uploads\\\/2022\\\/09\\\/lady2103.jpg\",\"datePublished\":\"2022-09-29T10:22:27+00:00\",\"dateModified\":\"2024-02-13T08:22:15+00:00\",\"description\":\"Chaussure de tennis sp\u00e9ciale terre battue. Renforcement des orteils. Semelle int\u00e9rieure en EVA pr\u00e9moul\u00e9e ajust\u00e9e au dernier du pied.\",\"breadcrumb\":{\"@id\":\"https:\\\/\\\/planetetennis.fr\\\/product\\\/ace-pro-chaussure-femme-terre-battue-rose-bleu-marine\\\/#breadcrumb\"},\"inLanguage\":\"es-ES\",\"potentialAction\":[{\"@type\":\"ReadAction\",\"target\":[\"https:\\\/\\\/planetetennis.fr\\\/product\\\/ace-pro-chaussure-femme-terre-battue-rose-bleu-marine\\\/\"]}]},{\"@type\":\"ImageObject\",\"inLanguage\":\"es-ES\",\"@id\":\"https:\\\/\\\/planetetennis.fr\\\/product\\\/ace-pro-chaussure-femme-terre-battue-rose-bleu-marine\\\/#primaryimage\",\"url\":\"https:\\\/\\\/planetetennis.fr\\\/wp-content\\\/uploads\\\/2022\\\/09\\\/lady2103.jpg\",\"contentUrl\":\"https:\\\/\\\/planetetennis.fr\\\/wp-content\\\/uploads\\\/2022\\\/09\\\/lady2103.jpg\",\"width\":900,\"height\":900},{\"@type\":\"BreadcrumbList\",\"@id\":\"https:\\\/\\\/planetetennis.fr\\\/product\\\/ace-pro-chaussure-femme-terre-battue-rose-bleu-marine\\\/#breadcrumb\",\"itemListElement\":[{\"@type\":\"ListItem\",\"position\":1,\"name\":\"Accueil\",\"item\":\"https:\\\/\\\/planetetennis.fr\\\/\"},{\"@type\":\"ListItem\",\"position\":2,\"name\":\"Nos produits\",\"item\":\"https:\\\/\\\/planetetennis.fr\\\/produits\\\/\"},{\"@type\":\"ListItem\",\"position\":3,\"name\":\"ACE PRO CHAUSSURE FEMME TERRE BATTUE Rose Bleu Marine\"}]},{\"@type\":\"WebSite\",\"@id\":\"https:\\\/\\\/planetetennis.fr\\\/#website\",\"url\":\"https:\\\/\\\/planetetennis.fr\\\/\",\"name\":\"Planetetennis\",\"description\":\"Cordages de tennis monofilament fran\u00e7ais\",\"publisher\":{\"@id\":\"https:\\\/\\\/planetetennis.fr\\\/#organization\"},\"potentialAction\":[{\"@type\":\"SearchAction\",\"target\":{\"@type\":\"EntryPoint\",\"urlTemplate\":\"https:\\\/\\\/planetetennis.fr\\\/?s={search_term_string}\"},\"query-input\":{\"@type\":\"PropertyValueSpecification\",\"valueRequired\":true,\"valueName\":\"search_term_string\"}}],\"inLanguage\":\"es-ES\"},{\"@type\":\"Organization\",\"@id\":\"https:\\\/\\\/planetetennis.fr\\\/#organization\",\"name\":\"Planetetennis\",\"url\":\"https:\\\/\\\/planetetennis.fr\\\/\",\"logo\":{\"@type\":\"ImageObject\",\"inLanguage\":\"es-ES\",\"@id\":\"https:\\\/\\\/planetetennis.fr\\\/#\\\/schema\\\/logo\\\/image\\\/\",\"url\":\"https:\\\/\\\/planetetennis.fr\\\/wp-content\\\/uploads\\\/2021\\\/10\\\/logocolor03.png\",\"contentUrl\":\"https:\\\/\\\/planetetennis.fr\\\/wp-content\\\/uploads\\\/2021\\\/10\\\/logocolor03.png\",\"width\":230,\"height\":58,\"caption\":\"Planetetennis\"},\"image\":{\"@id\":\"https:\\\/\\\/planetetennis.fr\\\/#\\\/schema\\\/logo\\\/image\\\/\"}}]}<\/script>\n<!-- \/ Yoast SEO plugin. -->","yoast_head_json":{"title":"ACE PRO CHAUSSURE FEMME TERRE BATTUE Rose Bleu Marine - Planetetennis","description":"Chaussure de tennis sp\u00e9ciale terre battue. Renforcement des orteils. Semelle int\u00e9rieure en EVA pr\u00e9moul\u00e9e ajust\u00e9e au dernier du pied.","robots":{"index":"index","follow":"follow","max-snippet":"max-snippet:-1","max-image-preview":"max-image-preview:large","max-video-preview":"max-video-preview:-1"},"canonical":"https:\/\/planetetennis.fr\/es\/product\/ace-pro-chaussure-femme-terre-battue-rose-bleu-marine\/","og_locale":"es_ES","og_type":"article","og_title":"ACE PRO CHAUSSURE FEMME TERRE BATTUE Rose Bleu Marine - Planetetennis","og_description":"Chaussure de tennis sp\u00e9ciale terre battue. Renforcement des orteils. Semelle int\u00e9rieure en EVA pr\u00e9moul\u00e9e ajust\u00e9e au dernier du pied.","og_url":"https:\/\/planetetennis.fr\/es\/product\/ace-pro-chaussure-femme-terre-battue-rose-bleu-marine\/","og_site_name":"Planetetennis","article_modified_time":"2024-02-13T08:22:15+00:00","og_image":[{"width":900,"height":900,"url":"https:\/\/planetetennis.fr\/wp-content\/uploads\/2022\/09\/lady2103.jpg","type":"image\/jpeg"}],"twitter_card":"summary_large_image","twitter_misc":{"Est. reading time":"1 minute"},"schema":{"@context":"https:\/\/schema.org","@graph":[{"@type":"WebPage","@id":"https:\/\/planetetennis.fr\/product\/ace-pro-chaussure-femme-terre-battue-rose-bleu-marine\/","url":"https:\/\/planetetennis.fr\/product\/ace-pro-chaussure-femme-terre-battue-rose-bleu-marine\/","name":"ACE PRO CHAUSSURE FEMME TERRE BATTUE Rose Bleu Marine - Planetetennis","isPartOf":{"@id":"https:\/\/planetetennis.fr\/#website"},"primaryImageOfPage":{"@id":"https:\/\/planetetennis.fr\/product\/ace-pro-chaussure-femme-terre-battue-rose-bleu-marine\/#primaryimage"},"image":{"@id":"https:\/\/planetetennis.fr\/product\/ace-pro-chaussure-femme-terre-battue-rose-bleu-marine\/#primaryimage"},"thumbnailUrl":"https:\/\/planetetennis.fr\/wp-content\/uploads\/2022\/09\/lady2103.jpg","datePublished":"2022-09-29T10:22:27+00:00","dateModified":"2024-02-13T08:22:15+00:00","description":"Chaussure de tennis sp\u00e9ciale terre battue. Renforcement des orteils. Semelle int\u00e9rieure en EVA pr\u00e9moul\u00e9e ajust\u00e9e au dernier du pied.","breadcrumb":{"@id":"https:\/\/planetetennis.fr\/product\/ace-pro-chaussure-femme-terre-battue-rose-bleu-marine\/#breadcrumb"},"inLanguage":"es-ES","potentialAction":[{"@type":"ReadAction","target":["https:\/\/planetetennis.fr\/product\/ace-pro-chaussure-femme-terre-battue-rose-bleu-marine\/"]}]},{"@type":"ImageObject","inLanguage":"es-ES","@id":"https:\/\/planetetennis.fr\/product\/ace-pro-chaussure-femme-terre-battue-rose-bleu-marine\/#primaryimage","url":"https:\/\/planetetennis.fr\/wp-content\/uploads\/2022\/09\/lady2103.jpg","contentUrl":"https:\/\/planetetennis.fr\/wp-content\/uploads\/2022\/09\/lady2103.jpg","width":900,"height":900},{"@type":"BreadcrumbList","@id":"https:\/\/planetetennis.fr\/product\/ace-pro-chaussure-femme-terre-battue-rose-bleu-marine\/#breadcrumb","itemListElement":[{"@type":"ListItem","position":1,"name":"Accueil","item":"https:\/\/planetetennis.fr\/"},{"@type":"ListItem","position":2,"name":"Nos produits","item":"https:\/\/planetetennis.fr\/produits\/"},{"@type":"ListItem","position":3,"name":"ACE PRO CHAUSSURE FEMME TERRE BATTUE Rose Bleu Marine"}]},{"@type":"WebSite","@id":"https:\/\/planetetennis.fr\/#website","url":"https:\/\/planetetennis.fr\/","name":"Planeta tenis","description":"Cordages de tennis monofilament fran\u00e7ais","publisher":{"@id":"https:\/\/planetetennis.fr\/#organization"},"potentialAction":[{"@type":"SearchAction","target":{"@type":"EntryPoint","urlTemplate":"https:\/\/planetetennis.fr\/?s={search_term_string}"},"query-input":{"@type":"PropertyValueSpecification","valueRequired":true,"valueName":"search_term_string"}}],"inLanguage":"es-ES"},{"@type":"Organization","@id":"https:\/\/planetetennis.fr\/#organization","name":"Planeta tenis","url":"https:\/\/planetetennis.fr\/","logo":{"@type":"ImageObject","inLanguage":"es-ES","@id":"https:\/\/planetetennis.fr\/#\/schema\/logo\/image\/","url":"https:\/\/planetetennis.fr\/wp-content\/uploads\/2021\/10\/logocolor03.png","contentUrl":"https:\/\/planetetennis.fr\/wp-content\/uploads\/2021\/10\/logocolor03.png","width":230,"height":58,"caption":"Planetetennis"},"image":{"@id":"https:\/\/planetetennis.fr\/#\/schema\/logo\/image\/"}}]}},"_links":{"self":[{"href":"https:\/\/planetetennis.fr\/es\/wp-json\/wp\/v2\/product\/11672","targetHints":{"allow":["GET"]}}],"collection":[{"href":"https:\/\/planetetennis.fr\/es\/wp-json\/wp\/v2\/product"}],"about":[{"href":"https:\/\/planetetennis.fr\/es\/wp-json\/wp\/v2\/types\/product"}],"replies":[{"embeddable":true,"href":"https:\/\/planetetennis.fr\/es\/wp-json\/wp\/v2\/comments?post=11672"}],"wp:featuredmedia":[{"embeddable":true,"href":"https:\/\/planetetennis.fr\/es\/wp-json\/wp\/v2\/media\/11663"}],"wp:attachment":[{"href":"https:\/\/planetetennis.fr\/es\/wp-json\/wp\/v2\/media?parent=11672"}],"wp:term":[{"taxonomy":"product_brand","embeddable":true,"href":"https:\/\/planetetennis.fr\/es\/wp-json\/wp\/v2\/product_brand?post=11672"},{"taxonomy":"product_cat","embeddable":true,"href":"https:\/\/planetetennis.fr\/es\/wp-json\/wp\/v2\/product_cat?post=11672"},{"taxonomy":"product_tag","embeddable":true,"href":"https:\/\/planetetennis.fr\/es\/wp-json\/wp\/v2\/product_tag?post=11672"}],"curies":[{"name":"wp","href":"https:\/\/api.w.org\/{rel}","templated":true}]}}