{"id":11736,"date":"2022-10-05T08:10:54","date_gmt":"2022-10-05T08:10:54","guid":{"rendered":"https:\/\/planetetennis.fr\/?post_type=product&#038;p=11736"},"modified":"2025-10-04T10:56:11","modified_gmt":"2025-10-04T10:56:11","slug":"medecine-ball-toolz-1-a-7-kg","status":"publish","type":"product","link":"https:\/\/planetetennis.fr\/es\/product\/medecine-ball-toolz-1-a-7-kg\/","title":{"rendered":"M\u00e9decine Ball TOOLZ 1 \u00e0 7 kg"},"content":{"rendered":"<p>La force de vitesse, la puissance explosive et l&#8217;endurance peuvent \u00eatre entra\u00een\u00e9es\u00a0avec une vari\u00e9t\u00e9 d&#8217;exercices.\u00a0Les mouvements au-dessus de la t\u00eate, les mouvements dynamiques<br \/>\nsur le c\u00f4t\u00e9 du corps et les exercices de maintien statique entra\u00eenent l&#8217;ensemble du corps. Poss\u00e8de une excellente adh\u00e9rence et est robuste.<\/p>","protected":false},"excerpt":{"rendered":"<ul>\n<li>Dispositif d&#8217;entra\u00eenement : m\u00e9decine-ball<\/li>\n<li>Objectif : entra\u00eenement complet du corps \/ pour entra\u00eener la force et la coordination<\/li>\n<li>Particularit\u00e9s : Excellente prise en main et mat\u00e9riau robuste, possibilit\u00e9 de sauter facilement<\/li>\n<li>Poids : De 1 \u00e0 7 kg<\/li>\n<\/ul>","protected":false},"featured_media":11742,"comment_status":"open","ping_status":"closed","template":"","meta":{"_monsterinsights_skip_tracking":false,"_monsterinsights_sitenote_active":false,"_monsterinsights_sitenote_note":"","_monsterinsights_sitenote_category":0},"product_brand":[],"product_cat":[441],"product_tag":[],"class_list":{"0":"post-11736","1":"product","2":"type-product","3":"status-publish","4":"has-post-thumbnail","6":"product_cat-materiel","8":"first","9":"instock","10":"taxable","11":"shipping-taxable","12":"purchasable","13":"product-type-variable"},"yoast_head":"<!-- This site is optimized with the Yoast SEO plugin v27.4 - https:\/\/yoast.com\/product\/yoast-seo-wordpress\/ -->\n<title>M\u00e9decine Ball TOOLZ 1 \u00e0 7 kg - Planetetennis<\/title>\n<meta name=\"description\" content=\"M\u00e9dicine ball avec un poids allant de 1 \u00e0 7 kg et une tr\u00e8s longue dur\u00e9e de vie. Parfait comme aide \u00e0 la formation. Entrainement complet du corps.\" \/>\n<meta name=\"robots\" content=\"index, follow, max-snippet:-1, max-image-preview:large, max-video-preview:-1\" \/>\n<link rel=\"canonical\" href=\"https:\/\/planetetennis.fr\/es\/product\/medecine-ball-toolz-1-a-7-kg\/\" \/>\n<meta property=\"og:locale\" content=\"es_ES\" \/>\n<meta property=\"og:type\" content=\"article\" \/>\n<meta property=\"og:title\" content=\"M\u00e9decine Ball TOOLZ 1 \u00e0 7 kg - Planetetennis\" \/>\n<meta property=\"og:description\" content=\"M\u00e9dicine ball avec un poids allant de 1 \u00e0 7 kg et une tr\u00e8s longue dur\u00e9e de vie. Parfait comme aide \u00e0 la formation. Entrainement complet du corps.\" \/>\n<meta property=\"og:url\" content=\"https:\/\/planetetennis.fr\/es\/product\/medecine-ball-toolz-1-a-7-kg\/\" \/>\n<meta property=\"og:site_name\" content=\"Planetetennis\" \/>\n<meta property=\"article:modified_time\" content=\"2025-10-04T10:56:11+00:00\" \/>\n<meta property=\"og:image\" content=\"https:\/\/planetetennis.fr\/wp-content\/uploads\/2022\/10\/medizinball-1kg_1.jpg\" \/>\n\t<meta property=\"og:image:width\" content=\"1000\" \/>\n\t<meta property=\"og:image:height\" content=\"1000\" \/>\n\t<meta property=\"og:image:type\" content=\"image\/jpeg\" \/>\n<meta name=\"twitter:card\" content=\"summary_large_image\" \/>\n<script type=\"application\/ld+json\" class=\"yoast-schema-graph\">{\"@context\":\"https:\\\/\\\/schema.org\",\"@graph\":[{\"@type\":\"WebPage\",\"@id\":\"https:\\\/\\\/planetetennis.fr\\\/product\\\/medecine-ball-toolz-1-a-7-kg\\\/\",\"url\":\"https:\\\/\\\/planetetennis.fr\\\/product\\\/medecine-ball-toolz-1-a-7-kg\\\/\",\"name\":\"M\u00e9decine Ball TOOLZ 1 \u00e0 7 kg - Planetetennis\",\"isPartOf\":{\"@id\":\"https:\\\/\\\/planetetennis.fr\\\/#website\"},\"primaryImageOfPage\":{\"@id\":\"https:\\\/\\\/planetetennis.fr\\\/product\\\/medecine-ball-toolz-1-a-7-kg\\\/#primaryimage\"},\"image\":{\"@id\":\"https:\\\/\\\/planetetennis.fr\\\/product\\\/medecine-ball-toolz-1-a-7-kg\\\/#primaryimage\"},\"thumbnailUrl\":\"https:\\\/\\\/planetetennis.fr\\\/wp-content\\\/uploads\\\/2022\\\/10\\\/medizinball-1kg_1.jpg\",\"datePublished\":\"2022-10-05T08:10:54+00:00\",\"dateModified\":\"2025-10-04T10:56:11+00:00\",\"description\":\"M\u00e9dicine ball avec un poids allant de 1 \u00e0 7 kg et une tr\u00e8s longue dur\u00e9e de vie. Parfait comme aide \u00e0 la formation. Entrainement complet du corps.\",\"breadcrumb\":{\"@id\":\"https:\\\/\\\/planetetennis.fr\\\/product\\\/medecine-ball-toolz-1-a-7-kg\\\/#breadcrumb\"},\"inLanguage\":\"es-ES\",\"potentialAction\":[{\"@type\":\"ReadAction\",\"target\":[\"https:\\\/\\\/planetetennis.fr\\\/product\\\/medecine-ball-toolz-1-a-7-kg\\\/\"]}]},{\"@type\":\"ImageObject\",\"inLanguage\":\"es-ES\",\"@id\":\"https:\\\/\\\/planetetennis.fr\\\/product\\\/medecine-ball-toolz-1-a-7-kg\\\/#primaryimage\",\"url\":\"https:\\\/\\\/planetetennis.fr\\\/wp-content\\\/uploads\\\/2022\\\/10\\\/medizinball-1kg_1.jpg\",\"contentUrl\":\"https:\\\/\\\/planetetennis.fr\\\/wp-content\\\/uploads\\\/2022\\\/10\\\/medizinball-1kg_1.jpg\",\"width\":1000,\"height\":1000,\"caption\":\"Toolz, Produkte, Training, Tennis, Trainerbedarf, Medizinball - 4\\\/3\\\/2kg\"},{\"@type\":\"BreadcrumbList\",\"@id\":\"https:\\\/\\\/planetetennis.fr\\\/product\\\/medecine-ball-toolz-1-a-7-kg\\\/#breadcrumb\",\"itemListElement\":[{\"@type\":\"ListItem\",\"position\":1,\"name\":\"Accueil\",\"item\":\"https:\\\/\\\/planetetennis.fr\\\/\"},{\"@type\":\"ListItem\",\"position\":2,\"name\":\"Nos produits\",\"item\":\"https:\\\/\\\/planetetennis.fr\\\/produits\\\/\"},{\"@type\":\"ListItem\",\"position\":3,\"name\":\"M\u00e9decine Ball TOOLZ 1 \u00e0 7 kg\"}]},{\"@type\":\"WebSite\",\"@id\":\"https:\\\/\\\/planetetennis.fr\\\/#website\",\"url\":\"https:\\\/\\\/planetetennis.fr\\\/\",\"name\":\"Planetetennis\",\"description\":\"Cordages de tennis monofilament fran\u00e7ais\",\"publisher\":{\"@id\":\"https:\\\/\\\/planetetennis.fr\\\/#organization\"},\"potentialAction\":[{\"@type\":\"SearchAction\",\"target\":{\"@type\":\"EntryPoint\",\"urlTemplate\":\"https:\\\/\\\/planetetennis.fr\\\/?s={search_term_string}\"},\"query-input\":{\"@type\":\"PropertyValueSpecification\",\"valueRequired\":true,\"valueName\":\"search_term_string\"}}],\"inLanguage\":\"es-ES\"},{\"@type\":\"Organization\",\"@id\":\"https:\\\/\\\/planetetennis.fr\\\/#organization\",\"name\":\"Planetetennis\",\"url\":\"https:\\\/\\\/planetetennis.fr\\\/\",\"logo\":{\"@type\":\"ImageObject\",\"inLanguage\":\"es-ES\",\"@id\":\"https:\\\/\\\/planetetennis.fr\\\/#\\\/schema\\\/logo\\\/image\\\/\",\"url\":\"https:\\\/\\\/planetetennis.fr\\\/wp-content\\\/uploads\\\/2021\\\/10\\\/logocolor03.png\",\"contentUrl\":\"https:\\\/\\\/planetetennis.fr\\\/wp-content\\\/uploads\\\/2021\\\/10\\\/logocolor03.png\",\"width\":230,\"height\":58,\"caption\":\"Planetetennis\"},\"image\":{\"@id\":\"https:\\\/\\\/planetetennis.fr\\\/#\\\/schema\\\/logo\\\/image\\\/\"}}]}<\/script>\n<!-- \/ Yoast SEO plugin. -->","yoast_head_json":{"title":"M\u00e9decine Ball TOOLZ 1 \u00e0 7 kg - Planetetennis","description":"M\u00e9dicine ball avec un poids allant de 1 \u00e0 7 kg et une tr\u00e8s longue dur\u00e9e de vie. Parfait comme aide \u00e0 la formation. Entrainement complet du corps.","robots":{"index":"index","follow":"follow","max-snippet":"max-snippet:-1","max-image-preview":"max-image-preview:large","max-video-preview":"max-video-preview:-1"},"canonical":"https:\/\/planetetennis.fr\/es\/product\/medecine-ball-toolz-1-a-7-kg\/","og_locale":"es_ES","og_type":"article","og_title":"M\u00e9decine Ball TOOLZ 1 \u00e0 7 kg - Planetetennis","og_description":"M\u00e9dicine ball avec un poids allant de 1 \u00e0 7 kg et une tr\u00e8s longue dur\u00e9e de vie. Parfait comme aide \u00e0 la formation. Entrainement complet du corps.","og_url":"https:\/\/planetetennis.fr\/es\/product\/medecine-ball-toolz-1-a-7-kg\/","og_site_name":"Planetetennis","article_modified_time":"2025-10-04T10:56:11+00:00","og_image":[{"width":1000,"height":1000,"url":"https:\/\/planetetennis.fr\/wp-content\/uploads\/2022\/10\/medizinball-1kg_1.jpg","type":"image\/jpeg"}],"twitter_card":"summary_large_image","schema":{"@context":"https:\/\/schema.org","@graph":[{"@type":"WebPage","@id":"https:\/\/planetetennis.fr\/product\/medecine-ball-toolz-1-a-7-kg\/","url":"https:\/\/planetetennis.fr\/product\/medecine-ball-toolz-1-a-7-kg\/","name":"M\u00e9decine Ball TOOLZ 1 \u00e0 7 kg - Planetetennis","isPartOf":{"@id":"https:\/\/planetetennis.fr\/#website"},"primaryImageOfPage":{"@id":"https:\/\/planetetennis.fr\/product\/medecine-ball-toolz-1-a-7-kg\/#primaryimage"},"image":{"@id":"https:\/\/planetetennis.fr\/product\/medecine-ball-toolz-1-a-7-kg\/#primaryimage"},"thumbnailUrl":"https:\/\/planetetennis.fr\/wp-content\/uploads\/2022\/10\/medizinball-1kg_1.jpg","datePublished":"2022-10-05T08:10:54+00:00","dateModified":"2025-10-04T10:56:11+00:00","description":"M\u00e9dicine ball avec un poids allant de 1 \u00e0 7 kg et une tr\u00e8s longue dur\u00e9e de vie. Parfait comme aide \u00e0 la formation. Entrainement complet du corps.","breadcrumb":{"@id":"https:\/\/planetetennis.fr\/product\/medecine-ball-toolz-1-a-7-kg\/#breadcrumb"},"inLanguage":"es-ES","potentialAction":[{"@type":"ReadAction","target":["https:\/\/planetetennis.fr\/product\/medecine-ball-toolz-1-a-7-kg\/"]}]},{"@type":"ImageObject","inLanguage":"es-ES","@id":"https:\/\/planetetennis.fr\/product\/medecine-ball-toolz-1-a-7-kg\/#primaryimage","url":"https:\/\/planetetennis.fr\/wp-content\/uploads\/2022\/10\/medizinball-1kg_1.jpg","contentUrl":"https:\/\/planetetennis.fr\/wp-content\/uploads\/2022\/10\/medizinball-1kg_1.jpg","width":1000,"height":1000,"caption":"Toolz, Produkte, Training, Tennis, Trainerbedarf, Medizinball - 4\/3\/2kg"},{"@type":"BreadcrumbList","@id":"https:\/\/planetetennis.fr\/product\/medecine-ball-toolz-1-a-7-kg\/#breadcrumb","itemListElement":[{"@type":"ListItem","position":1,"name":"Accueil","item":"https:\/\/planetetennis.fr\/"},{"@type":"ListItem","position":2,"name":"Nos produits","item":"https:\/\/planetetennis.fr\/produits\/"},{"@type":"ListItem","position":3,"name":"M\u00e9decine Ball TOOLZ 1 \u00e0 7 kg"}]},{"@type":"WebSite","@id":"https:\/\/planetetennis.fr\/#website","url":"https:\/\/planetetennis.fr\/","name":"Planeta tenis","description":"Cordages de tennis monofilament fran\u00e7ais","publisher":{"@id":"https:\/\/planetetennis.fr\/#organization"},"potentialAction":[{"@type":"SearchAction","target":{"@type":"EntryPoint","urlTemplate":"https:\/\/planetetennis.fr\/?s={search_term_string}"},"query-input":{"@type":"PropertyValueSpecification","valueRequired":true,"valueName":"search_term_string"}}],"inLanguage":"es-ES"},{"@type":"Organization","@id":"https:\/\/planetetennis.fr\/#organization","name":"Planeta tenis","url":"https:\/\/planetetennis.fr\/","logo":{"@type":"ImageObject","inLanguage":"es-ES","@id":"https:\/\/planetetennis.fr\/#\/schema\/logo\/image\/","url":"https:\/\/planetetennis.fr\/wp-content\/uploads\/2021\/10\/logocolor03.png","contentUrl":"https:\/\/planetetennis.fr\/wp-content\/uploads\/2021\/10\/logocolor03.png","width":230,"height":58,"caption":"Planetetennis"},"image":{"@id":"https:\/\/planetetennis.fr\/#\/schema\/logo\/image\/"}}]}},"_links":{"self":[{"href":"https:\/\/planetetennis.fr\/es\/wp-json\/wp\/v2\/product\/11736","targetHints":{"allow":["GET"]}}],"collection":[{"href":"https:\/\/planetetennis.fr\/es\/wp-json\/wp\/v2\/product"}],"about":[{"href":"https:\/\/planetetennis.fr\/es\/wp-json\/wp\/v2\/types\/product"}],"replies":[{"embeddable":true,"href":"https:\/\/planetetennis.fr\/es\/wp-json\/wp\/v2\/comments?post=11736"}],"wp:featuredmedia":[{"embeddable":true,"href":"https:\/\/planetetennis.fr\/es\/wp-json\/wp\/v2\/media\/11742"}],"wp:attachment":[{"href":"https:\/\/planetetennis.fr\/es\/wp-json\/wp\/v2\/media?parent=11736"}],"wp:term":[{"taxonomy":"product_brand","embeddable":true,"href":"https:\/\/planetetennis.fr\/es\/wp-json\/wp\/v2\/product_brand?post=11736"},{"taxonomy":"product_cat","embeddable":true,"href":"https:\/\/planetetennis.fr\/es\/wp-json\/wp\/v2\/product_cat?post=11736"},{"taxonomy":"product_tag","embeddable":true,"href":"https:\/\/planetetennis.fr\/es\/wp-json\/wp\/v2\/product_tag?post=11736"}],"curies":[{"name":"wp","href":"https:\/\/api.w.org\/{rel}","templated":true}]}}