{"id":11753,"date":"2022-10-04T11:48:11","date_gmt":"2022-10-04T11:48:11","guid":{"rendered":"https:\/\/planetetennis.fr\/?post_type=product&#038;p=11753"},"modified":"2024-01-03T22:09:46","modified_gmt":"2024-01-03T22:09:46","slug":"step-toolz","status":"publish","type":"product","link":"https:\/\/planetetennis.fr\/es\/product\/step-toolz\/","title":{"rendered":"STEEP TOOLZ"},"content":{"rendered":"<p>Avec plus de 70 produits d&#8217;entra\u00eenement dans les cat\u00e9gories de la musculation, de la coordination, du jeu amusant, des \u00e9tirements et du yoga, TOOLZ offre<br \/>\nun entra\u00eenement plus vari\u00e9 et dynamique.\u00a0Avec l&#8217;\u00e9quipement de fitness intelligent, le niveau d&#8217;entra\u00eenement est augment\u00e9 en un rien de temps.<\/p>","protected":false},"excerpt":{"rendered":"<p>Que ce soit \u00e0 la maison ou au gymnase, le TOOLZ Power Stepper est le partenaire id\u00e9al pour l&#8217;entra\u00eenement cardio et a\u00e9robie.\u00a0Avec<br \/>\ndes exercices cibl\u00e9s, les jambes, les fesses et la condition physique peuvent \u00eatre entra\u00een\u00e9es d&#8217;une mani\u00e8re qui m\u00e9nage les articulations.\u00a0\u00c9tant donn\u00e9 que le step bench peut \u00eatre r\u00e9gl\u00e9 sur deux hauteurs (10 et<br \/>\n15 cm), il peut \u00eatre adapt\u00e9 individuellement aux besoins d&#8217;entra\u00eenement.\u00a0La surface perfor\u00e9e et le<br \/>\ndessous caoutchout\u00e9 emp\u00eachent le glissement.<\/p>","protected":false},"featured_media":11754,"comment_status":"open","ping_status":"closed","template":"","meta":{"_monsterinsights_skip_tracking":false,"_monsterinsights_sitenote_active":false,"_monsterinsights_sitenote_note":"","_monsterinsights_sitenote_category":0},"product_brand":[],"product_cat":[560,557,461,441],"product_tag":[],"class_list":{"0":"post-11753","1":"product","2":"type-product","3":"status-publish","4":"has-post-thumbnail","6":"product_cat-steep","7":"product_cat-materiels","8":"product_cat-coordination","9":"product_cat-materiel","11":"first","12":"instock","13":"taxable","14":"shipping-taxable","15":"purchasable","16":"product-type-simple"},"yoast_head":"<!-- This site is optimized with the Yoast SEO plugin v27.5 - https:\/\/yoast.com\/product\/yoast-seo-wordpress\/ -->\n<title>STEEP TOOLZ - Planetetennis<\/title>\n<meta name=\"description\" content=\"Le nouveau TOOLZ Power Stepper est id\u00e9al pour l&#039;entra\u00eenement fonctionnel. \u00c9quipement d&#039;exercice : stepper. Objectif : entra\u00eenement a\u00e9robie et cardio\" \/>\n<meta name=\"robots\" content=\"index, follow, max-snippet:-1, max-image-preview:large, max-video-preview:-1\" \/>\n<link rel=\"canonical\" href=\"https:\/\/planetetennis.fr\/es\/product\/step-toolz\/\" \/>\n<meta property=\"og:locale\" content=\"es_ES\" \/>\n<meta property=\"og:type\" content=\"article\" \/>\n<meta property=\"og:title\" content=\"STEEP TOOLZ - Planetetennis\" \/>\n<meta property=\"og:description\" content=\"Le nouveau TOOLZ Power Stepper est id\u00e9al pour l&#039;entra\u00eenement fonctionnel. \u00c9quipement d&#039;exercice : stepper. Objectif : entra\u00eenement a\u00e9robie et cardio\" \/>\n<meta property=\"og:url\" content=\"https:\/\/planetetennis.fr\/es\/product\/step-toolz\/\" \/>\n<meta property=\"og:site_name\" content=\"Planetetennis\" \/>\n<meta property=\"article:modified_time\" content=\"2024-01-03T22:09:46+00:00\" \/>\n<meta property=\"og:image\" content=\"https:\/\/planetetennis.fr\/wp-content\/uploads\/2022\/10\/power-stepper-01-toolz.jpg\" \/>\n\t<meta property=\"og:image:width\" content=\"1000\" \/>\n\t<meta property=\"og:image:height\" content=\"1000\" \/>\n\t<meta property=\"og:image:type\" content=\"image\/jpeg\" \/>\n<meta name=\"twitter:card\" content=\"summary_large_image\" \/>\n<script type=\"application\/ld+json\" class=\"yoast-schema-graph\">{\"@context\":\"https:\\\/\\\/schema.org\",\"@graph\":[{\"@type\":\"WebPage\",\"@id\":\"https:\\\/\\\/planetetennis.fr\\\/product\\\/step-toolz\\\/\",\"url\":\"https:\\\/\\\/planetetennis.fr\\\/product\\\/step-toolz\\\/\",\"name\":\"STEEP TOOLZ - Planetetennis\",\"isPartOf\":{\"@id\":\"https:\\\/\\\/planetetennis.fr\\\/#website\"},\"primaryImageOfPage\":{\"@id\":\"https:\\\/\\\/planetetennis.fr\\\/product\\\/step-toolz\\\/#primaryimage\"},\"image\":{\"@id\":\"https:\\\/\\\/planetetennis.fr\\\/product\\\/step-toolz\\\/#primaryimage\"},\"thumbnailUrl\":\"https:\\\/\\\/planetetennis.fr\\\/wp-content\\\/uploads\\\/2022\\\/10\\\/power-stepper-01-toolz.jpg\",\"datePublished\":\"2022-10-04T11:48:11+00:00\",\"dateModified\":\"2024-01-03T22:09:46+00:00\",\"description\":\"Le nouveau TOOLZ Power Stepper est id\u00e9al pour l'entra\u00eenement fonctionnel. \u00c9quipement d'exercice : stepper. Objectif : entra\u00eenement a\u00e9robie et cardio\",\"breadcrumb\":{\"@id\":\"https:\\\/\\\/planetetennis.fr\\\/product\\\/step-toolz\\\/#breadcrumb\"},\"inLanguage\":\"es-ES\",\"potentialAction\":[{\"@type\":\"ReadAction\",\"target\":[\"https:\\\/\\\/planetetennis.fr\\\/product\\\/step-toolz\\\/\"]}]},{\"@type\":\"ImageObject\",\"inLanguage\":\"es-ES\",\"@id\":\"https:\\\/\\\/planetetennis.fr\\\/product\\\/step-toolz\\\/#primaryimage\",\"url\":\"https:\\\/\\\/planetetennis.fr\\\/wp-content\\\/uploads\\\/2022\\\/10\\\/power-stepper-01-toolz.jpg\",\"contentUrl\":\"https:\\\/\\\/planetetennis.fr\\\/wp-content\\\/uploads\\\/2022\\\/10\\\/power-stepper-01-toolz.jpg\",\"width\":1000,\"height\":1000,\"caption\":\"Toolz, Produkte, Training, Tennis, Trainerbedarf, Power Stepper\"},{\"@type\":\"BreadcrumbList\",\"@id\":\"https:\\\/\\\/planetetennis.fr\\\/product\\\/step-toolz\\\/#breadcrumb\",\"itemListElement\":[{\"@type\":\"ListItem\",\"position\":1,\"name\":\"Accueil\",\"item\":\"https:\\\/\\\/planetetennis.fr\\\/\"},{\"@type\":\"ListItem\",\"position\":2,\"name\":\"Nos produits\",\"item\":\"https:\\\/\\\/planetetennis.fr\\\/produits\\\/\"},{\"@type\":\"ListItem\",\"position\":3,\"name\":\"STEEP TOOLZ\"}]},{\"@type\":\"WebSite\",\"@id\":\"https:\\\/\\\/planetetennis.fr\\\/#website\",\"url\":\"https:\\\/\\\/planetetennis.fr\\\/\",\"name\":\"Planetetennis\",\"description\":\"Cordages de tennis monofilament fran\u00e7ais\",\"publisher\":{\"@id\":\"https:\\\/\\\/planetetennis.fr\\\/#organization\"},\"potentialAction\":[{\"@type\":\"SearchAction\",\"target\":{\"@type\":\"EntryPoint\",\"urlTemplate\":\"https:\\\/\\\/planetetennis.fr\\\/?s={search_term_string}\"},\"query-input\":{\"@type\":\"PropertyValueSpecification\",\"valueRequired\":true,\"valueName\":\"search_term_string\"}}],\"inLanguage\":\"es-ES\"},{\"@type\":\"Organization\",\"@id\":\"https:\\\/\\\/planetetennis.fr\\\/#organization\",\"name\":\"Planetetennis\",\"url\":\"https:\\\/\\\/planetetennis.fr\\\/\",\"logo\":{\"@type\":\"ImageObject\",\"inLanguage\":\"es-ES\",\"@id\":\"https:\\\/\\\/planetetennis.fr\\\/#\\\/schema\\\/logo\\\/image\\\/\",\"url\":\"https:\\\/\\\/planetetennis.fr\\\/wp-content\\\/uploads\\\/2021\\\/10\\\/logocolor03.png\",\"contentUrl\":\"https:\\\/\\\/planetetennis.fr\\\/wp-content\\\/uploads\\\/2021\\\/10\\\/logocolor03.png\",\"width\":230,\"height\":58,\"caption\":\"Planetetennis\"},\"image\":{\"@id\":\"https:\\\/\\\/planetetennis.fr\\\/#\\\/schema\\\/logo\\\/image\\\/\"}}]}<\/script>\n<!-- \/ Yoast SEO plugin. -->","yoast_head_json":{"title":"STEEP TOOLZ - Planetetennis","description":"Le nouveau TOOLZ Power Stepper est id\u00e9al pour l'entra\u00eenement fonctionnel. \u00c9quipement d'exercice : stepper. Objectif : entra\u00eenement a\u00e9robie et cardio","robots":{"index":"index","follow":"follow","max-snippet":"max-snippet:-1","max-image-preview":"max-image-preview:large","max-video-preview":"max-video-preview:-1"},"canonical":"https:\/\/planetetennis.fr\/es\/product\/step-toolz\/","og_locale":"es_ES","og_type":"article","og_title":"STEEP TOOLZ - Planetetennis","og_description":"Le nouveau TOOLZ Power Stepper est id\u00e9al pour l'entra\u00eenement fonctionnel. \u00c9quipement d'exercice : stepper. Objectif : entra\u00eenement a\u00e9robie et cardio","og_url":"https:\/\/planetetennis.fr\/es\/product\/step-toolz\/","og_site_name":"Planetetennis","article_modified_time":"2024-01-03T22:09:46+00:00","og_image":[{"width":1000,"height":1000,"url":"https:\/\/planetetennis.fr\/wp-content\/uploads\/2022\/10\/power-stepper-01-toolz.jpg","type":"image\/jpeg"}],"twitter_card":"summary_large_image","schema":{"@context":"https:\/\/schema.org","@graph":[{"@type":"WebPage","@id":"https:\/\/planetetennis.fr\/product\/step-toolz\/","url":"https:\/\/planetetennis.fr\/product\/step-toolz\/","name":"STEEP TOOLZ - Planetetennis","isPartOf":{"@id":"https:\/\/planetetennis.fr\/#website"},"primaryImageOfPage":{"@id":"https:\/\/planetetennis.fr\/product\/step-toolz\/#primaryimage"},"image":{"@id":"https:\/\/planetetennis.fr\/product\/step-toolz\/#primaryimage"},"thumbnailUrl":"https:\/\/planetetennis.fr\/wp-content\/uploads\/2022\/10\/power-stepper-01-toolz.jpg","datePublished":"2022-10-04T11:48:11+00:00","dateModified":"2024-01-03T22:09:46+00:00","description":"Le nouveau TOOLZ Power Stepper est id\u00e9al pour l'entra\u00eenement fonctionnel. \u00c9quipement d'exercice : stepper. Objectif : entra\u00eenement a\u00e9robie et cardio","breadcrumb":{"@id":"https:\/\/planetetennis.fr\/product\/step-toolz\/#breadcrumb"},"inLanguage":"es-ES","potentialAction":[{"@type":"ReadAction","target":["https:\/\/planetetennis.fr\/product\/step-toolz\/"]}]},{"@type":"ImageObject","inLanguage":"es-ES","@id":"https:\/\/planetetennis.fr\/product\/step-toolz\/#primaryimage","url":"https:\/\/planetetennis.fr\/wp-content\/uploads\/2022\/10\/power-stepper-01-toolz.jpg","contentUrl":"https:\/\/planetetennis.fr\/wp-content\/uploads\/2022\/10\/power-stepper-01-toolz.jpg","width":1000,"height":1000,"caption":"Toolz, Produkte, Training, Tennis, Trainerbedarf, Power Stepper"},{"@type":"BreadcrumbList","@id":"https:\/\/planetetennis.fr\/product\/step-toolz\/#breadcrumb","itemListElement":[{"@type":"ListItem","position":1,"name":"Accueil","item":"https:\/\/planetetennis.fr\/"},{"@type":"ListItem","position":2,"name":"Nos produits","item":"https:\/\/planetetennis.fr\/produits\/"},{"@type":"ListItem","position":3,"name":"STEEP TOOLZ"}]},{"@type":"WebSite","@id":"https:\/\/planetetennis.fr\/#website","url":"https:\/\/planetetennis.fr\/","name":"Planeta tenis","description":"Cordages de tennis monofilament fran\u00e7ais","publisher":{"@id":"https:\/\/planetetennis.fr\/#organization"},"potentialAction":[{"@type":"SearchAction","target":{"@type":"EntryPoint","urlTemplate":"https:\/\/planetetennis.fr\/?s={search_term_string}"},"query-input":{"@type":"PropertyValueSpecification","valueRequired":true,"valueName":"search_term_string"}}],"inLanguage":"es-ES"},{"@type":"Organization","@id":"https:\/\/planetetennis.fr\/#organization","name":"Planeta tenis","url":"https:\/\/planetetennis.fr\/","logo":{"@type":"ImageObject","inLanguage":"es-ES","@id":"https:\/\/planetetennis.fr\/#\/schema\/logo\/image\/","url":"https:\/\/planetetennis.fr\/wp-content\/uploads\/2021\/10\/logocolor03.png","contentUrl":"https:\/\/planetetennis.fr\/wp-content\/uploads\/2021\/10\/logocolor03.png","width":230,"height":58,"caption":"Planetetennis"},"image":{"@id":"https:\/\/planetetennis.fr\/#\/schema\/logo\/image\/"}}]}},"_links":{"self":[{"href":"https:\/\/planetetennis.fr\/es\/wp-json\/wp\/v2\/product\/11753","targetHints":{"allow":["GET"]}}],"collection":[{"href":"https:\/\/planetetennis.fr\/es\/wp-json\/wp\/v2\/product"}],"about":[{"href":"https:\/\/planetetennis.fr\/es\/wp-json\/wp\/v2\/types\/product"}],"replies":[{"embeddable":true,"href":"https:\/\/planetetennis.fr\/es\/wp-json\/wp\/v2\/comments?post=11753"}],"wp:featuredmedia":[{"embeddable":true,"href":"https:\/\/planetetennis.fr\/es\/wp-json\/wp\/v2\/media\/11754"}],"wp:attachment":[{"href":"https:\/\/planetetennis.fr\/es\/wp-json\/wp\/v2\/media?parent=11753"}],"wp:term":[{"taxonomy":"product_brand","embeddable":true,"href":"https:\/\/planetetennis.fr\/es\/wp-json\/wp\/v2\/product_brand?post=11753"},{"taxonomy":"product_cat","embeddable":true,"href":"https:\/\/planetetennis.fr\/es\/wp-json\/wp\/v2\/product_cat?post=11753"},{"taxonomy":"product_tag","embeddable":true,"href":"https:\/\/planetetennis.fr\/es\/wp-json\/wp\/v2\/product_tag?post=11753"}],"curies":[{"name":"wp","href":"https:\/\/api.w.org\/{rel}","templated":true}]}}