{"id":11758,"date":"2022-10-04T11:54:21","date_gmt":"2022-10-04T11:54:21","guid":{"rendered":"https:\/\/planetetennis.fr\/?post_type=product&#038;p=11758"},"modified":"2025-09-02T07:43:18","modified_gmt":"2025-09-02T07:43:18","slug":"lot-de-10-lignes-de-marquage-toolz","status":"publish","type":"product","link":"https:\/\/planetetennis.fr\/es\/product\/lot-de-10-lignes-de-marquage-toolz\/","title":{"rendered":"Lot de 10 lignes de marquage TOOLZ"},"content":{"rendered":"<p><span>Les lignes de marquage Toolz compl\u00e8tent le mat\u00e9riel d&#8217;entra\u00eenement et sont id\u00e9ales pour d\u00e9limiter les terrains de jeux.\u00a0Au tennis, les lignes de court sont id\u00e9ales pour d\u00e9limiter un maxi court ou un petit court.\u00a0Les lignes du terrain peuvent \u00e9galement \u00eatre utilis\u00e9es comme champ cible.\u00a0De cette fa\u00e7on, la pr\u00e9cision et l&#8217;exactitude des coups et des lancers peuvent \u00eatre entra\u00een\u00e9es.<\/span><\/p>\n<ul>\n<li><span>D\u00e9limitation de champ pour maxi champ et petit champ<\/span><\/li>\n<li><span>Marquage des zones cibles<\/span><\/li>\n<li><span>Longueur c\u00f4t\u00e9 : environ 35 cm<\/span><\/li>\n<li><span>Largeur : environ 7 cm<\/span><\/li>\n<li><span>Mat\u00e9riau : caoutchouc<\/span><\/li>\n<\/ul>","protected":false},"excerpt":{"rendered":"<p><span>Les lignes de marquage Toolz compl\u00e8tent le mat\u00e9riel d&#8217;entra\u00eenement et sont id\u00e9ales pour d\u00e9limiter les terrains de jeux.\u00a0<\/span><span>Au tennis, les lignes de court sont id\u00e9ales pour d\u00e9limiter un maxi court ou un petit court.\u00a0<\/span><span>Les lignes du terrain peuvent \u00e9galement \u00eatre utilis\u00e9es comme champ cible.\u00a0<\/span><span>De cette fa\u00e7on, la pr\u00e9cision et l&#8217;exactitude des coups et des lancers peuvent \u00eatre entra\u00een\u00e9es.\u00a0<\/span><\/p>","protected":false},"featured_media":11759,"comment_status":"open","ping_status":"closed","template":"","meta":{"_monsterinsights_skip_tracking":false,"_monsterinsights_sitenote_active":false,"_monsterinsights_sitenote_note":"","_monsterinsights_sitenote_category":0},"product_brand":[],"product_cat":[462,441],"product_tag":[],"class_list":{"0":"post-11758","1":"product","2":"type-product","3":"status-publish","4":"has-post-thumbnail","6":"product_cat-cibles","7":"product_cat-materiel","9":"first","10":"instock","11":"taxable","12":"shipping-taxable","13":"purchasable","14":"product-type-simple"},"yoast_head":"<!-- This site is optimized with the Yoast SEO plugin v27.4 - https:\/\/yoast.com\/product\/yoast-seo-wordpress\/ -->\n<title>Lot de 10 lignes de marquage TOOLZ - Planetetennis<\/title>\n<meta name=\"description\" content=\"Avec les lignes de marquage TOOLZ, vous pouvez d\u00e9limiter rapidement et facilement les petits champs, les maxi champs et les champs cibles.\" \/>\n<meta name=\"robots\" content=\"index, follow, max-snippet:-1, max-image-preview:large, max-video-preview:-1\" \/>\n<link rel=\"canonical\" href=\"https:\/\/planetetennis.fr\/es\/product\/lot-de-10-lignes-de-marquage-toolz\/\" \/>\n<meta property=\"og:locale\" content=\"es_ES\" \/>\n<meta property=\"og:type\" content=\"article\" \/>\n<meta property=\"og:title\" content=\"Lot de 10 lignes de marquage TOOLZ - Planetetennis\" \/>\n<meta property=\"og:description\" content=\"Avec les lignes de marquage TOOLZ, vous pouvez d\u00e9limiter rapidement et facilement les petits champs, les maxi champs et les champs cibles.\" \/>\n<meta property=\"og:url\" content=\"https:\/\/planetetennis.fr\/es\/product\/lot-de-10-lignes-de-marquage-toolz\/\" \/>\n<meta property=\"og:site_name\" content=\"Planetetennis\" \/>\n<meta property=\"article:modified_time\" content=\"2025-09-02T07:43:18+00:00\" \/>\n<meta property=\"og:image\" content=\"https:\/\/planetetennis.fr\/wp-content\/uploads\/2022\/10\/markierungslinien-10er-02-toolz.jpg\" \/>\n\t<meta property=\"og:image:width\" content=\"1000\" \/>\n\t<meta property=\"og:image:height\" content=\"1000\" \/>\n\t<meta property=\"og:image:type\" content=\"image\/jpeg\" \/>\n<meta name=\"twitter:card\" content=\"summary_large_image\" \/>\n<script type=\"application\/ld+json\" class=\"yoast-schema-graph\">{\"@context\":\"https:\\\/\\\/schema.org\",\"@graph\":[{\"@type\":\"WebPage\",\"@id\":\"https:\\\/\\\/planetetennis.fr\\\/product\\\/lot-de-10-lignes-de-marquage-toolz\\\/\",\"url\":\"https:\\\/\\\/planetetennis.fr\\\/product\\\/lot-de-10-lignes-de-marquage-toolz\\\/\",\"name\":\"Lot de 10 lignes de marquage TOOLZ - Planetetennis\",\"isPartOf\":{\"@id\":\"https:\\\/\\\/planetetennis.fr\\\/#website\"},\"primaryImageOfPage\":{\"@id\":\"https:\\\/\\\/planetetennis.fr\\\/product\\\/lot-de-10-lignes-de-marquage-toolz\\\/#primaryimage\"},\"image\":{\"@id\":\"https:\\\/\\\/planetetennis.fr\\\/product\\\/lot-de-10-lignes-de-marquage-toolz\\\/#primaryimage\"},\"thumbnailUrl\":\"https:\\\/\\\/planetetennis.fr\\\/wp-content\\\/uploads\\\/2022\\\/10\\\/markierungslinien-10er-02-toolz.jpg\",\"datePublished\":\"2022-10-04T11:54:21+00:00\",\"dateModified\":\"2025-09-02T07:43:18+00:00\",\"description\":\"Avec les lignes de marquage TOOLZ, vous pouvez d\u00e9limiter rapidement et facilement les petits champs, les maxi champs et les champs cibles.\",\"breadcrumb\":{\"@id\":\"https:\\\/\\\/planetetennis.fr\\\/product\\\/lot-de-10-lignes-de-marquage-toolz\\\/#breadcrumb\"},\"inLanguage\":\"es-ES\",\"potentialAction\":[{\"@type\":\"ReadAction\",\"target\":[\"https:\\\/\\\/planetetennis.fr\\\/product\\\/lot-de-10-lignes-de-marquage-toolz\\\/\"]}]},{\"@type\":\"ImageObject\",\"inLanguage\":\"es-ES\",\"@id\":\"https:\\\/\\\/planetetennis.fr\\\/product\\\/lot-de-10-lignes-de-marquage-toolz\\\/#primaryimage\",\"url\":\"https:\\\/\\\/planetetennis.fr\\\/wp-content\\\/uploads\\\/2022\\\/10\\\/markierungslinien-10er-02-toolz.jpg\",\"contentUrl\":\"https:\\\/\\\/planetetennis.fr\\\/wp-content\\\/uploads\\\/2022\\\/10\\\/markierungslinien-10er-02-toolz.jpg\",\"width\":1000,\"height\":1000,\"caption\":\"Toolz, Produkte, Training, Tennis, Trainerbedarf, Markierungslinien_10er\"},{\"@type\":\"BreadcrumbList\",\"@id\":\"https:\\\/\\\/planetetennis.fr\\\/product\\\/lot-de-10-lignes-de-marquage-toolz\\\/#breadcrumb\",\"itemListElement\":[{\"@type\":\"ListItem\",\"position\":1,\"name\":\"Accueil\",\"item\":\"https:\\\/\\\/planetetennis.fr\\\/\"},{\"@type\":\"ListItem\",\"position\":2,\"name\":\"Nos produits\",\"item\":\"https:\\\/\\\/planetetennis.fr\\\/produits\\\/\"},{\"@type\":\"ListItem\",\"position\":3,\"name\":\"Lot de 10 lignes de marquage TOOLZ\"}]},{\"@type\":\"WebSite\",\"@id\":\"https:\\\/\\\/planetetennis.fr\\\/#website\",\"url\":\"https:\\\/\\\/planetetennis.fr\\\/\",\"name\":\"Planetetennis\",\"description\":\"Cordages de tennis monofilament fran\u00e7ais\",\"publisher\":{\"@id\":\"https:\\\/\\\/planetetennis.fr\\\/#organization\"},\"potentialAction\":[{\"@type\":\"SearchAction\",\"target\":{\"@type\":\"EntryPoint\",\"urlTemplate\":\"https:\\\/\\\/planetetennis.fr\\\/?s={search_term_string}\"},\"query-input\":{\"@type\":\"PropertyValueSpecification\",\"valueRequired\":true,\"valueName\":\"search_term_string\"}}],\"inLanguage\":\"es-ES\"},{\"@type\":\"Organization\",\"@id\":\"https:\\\/\\\/planetetennis.fr\\\/#organization\",\"name\":\"Planetetennis\",\"url\":\"https:\\\/\\\/planetetennis.fr\\\/\",\"logo\":{\"@type\":\"ImageObject\",\"inLanguage\":\"es-ES\",\"@id\":\"https:\\\/\\\/planetetennis.fr\\\/#\\\/schema\\\/logo\\\/image\\\/\",\"url\":\"https:\\\/\\\/planetetennis.fr\\\/wp-content\\\/uploads\\\/2021\\\/10\\\/logocolor03.png\",\"contentUrl\":\"https:\\\/\\\/planetetennis.fr\\\/wp-content\\\/uploads\\\/2021\\\/10\\\/logocolor03.png\",\"width\":230,\"height\":58,\"caption\":\"Planetetennis\"},\"image\":{\"@id\":\"https:\\\/\\\/planetetennis.fr\\\/#\\\/schema\\\/logo\\\/image\\\/\"}}]}<\/script>\n<!-- \/ Yoast SEO plugin. -->","yoast_head_json":{"title":"Lot de 10 lignes de marquage TOOLZ - Planetetennis","description":"Avec les lignes de marquage TOOLZ, vous pouvez d\u00e9limiter rapidement et facilement les petits champs, les maxi champs et les champs cibles.","robots":{"index":"index","follow":"follow","max-snippet":"max-snippet:-1","max-image-preview":"max-image-preview:large","max-video-preview":"max-video-preview:-1"},"canonical":"https:\/\/planetetennis.fr\/es\/product\/lot-de-10-lignes-de-marquage-toolz\/","og_locale":"es_ES","og_type":"article","og_title":"Lot de 10 lignes de marquage TOOLZ - Planetetennis","og_description":"Avec les lignes de marquage TOOLZ, vous pouvez d\u00e9limiter rapidement et facilement les petits champs, les maxi champs et les champs cibles.","og_url":"https:\/\/planetetennis.fr\/es\/product\/lot-de-10-lignes-de-marquage-toolz\/","og_site_name":"Planetetennis","article_modified_time":"2025-09-02T07:43:18+00:00","og_image":[{"width":1000,"height":1000,"url":"https:\/\/planetetennis.fr\/wp-content\/uploads\/2022\/10\/markierungslinien-10er-02-toolz.jpg","type":"image\/jpeg"}],"twitter_card":"summary_large_image","schema":{"@context":"https:\/\/schema.org","@graph":[{"@type":"WebPage","@id":"https:\/\/planetetennis.fr\/product\/lot-de-10-lignes-de-marquage-toolz\/","url":"https:\/\/planetetennis.fr\/product\/lot-de-10-lignes-de-marquage-toolz\/","name":"Lot de 10 lignes de marquage TOOLZ - Planetetennis","isPartOf":{"@id":"https:\/\/planetetennis.fr\/#website"},"primaryImageOfPage":{"@id":"https:\/\/planetetennis.fr\/product\/lot-de-10-lignes-de-marquage-toolz\/#primaryimage"},"image":{"@id":"https:\/\/planetetennis.fr\/product\/lot-de-10-lignes-de-marquage-toolz\/#primaryimage"},"thumbnailUrl":"https:\/\/planetetennis.fr\/wp-content\/uploads\/2022\/10\/markierungslinien-10er-02-toolz.jpg","datePublished":"2022-10-04T11:54:21+00:00","dateModified":"2025-09-02T07:43:18+00:00","description":"Avec les lignes de marquage TOOLZ, vous pouvez d\u00e9limiter rapidement et facilement les petits champs, les maxi champs et les champs cibles.","breadcrumb":{"@id":"https:\/\/planetetennis.fr\/product\/lot-de-10-lignes-de-marquage-toolz\/#breadcrumb"},"inLanguage":"es-ES","potentialAction":[{"@type":"ReadAction","target":["https:\/\/planetetennis.fr\/product\/lot-de-10-lignes-de-marquage-toolz\/"]}]},{"@type":"ImageObject","inLanguage":"es-ES","@id":"https:\/\/planetetennis.fr\/product\/lot-de-10-lignes-de-marquage-toolz\/#primaryimage","url":"https:\/\/planetetennis.fr\/wp-content\/uploads\/2022\/10\/markierungslinien-10er-02-toolz.jpg","contentUrl":"https:\/\/planetetennis.fr\/wp-content\/uploads\/2022\/10\/markierungslinien-10er-02-toolz.jpg","width":1000,"height":1000,"caption":"Toolz, Produkte, Training, Tennis, Trainerbedarf, Markierungslinien_10er"},{"@type":"BreadcrumbList","@id":"https:\/\/planetetennis.fr\/product\/lot-de-10-lignes-de-marquage-toolz\/#breadcrumb","itemListElement":[{"@type":"ListItem","position":1,"name":"Accueil","item":"https:\/\/planetetennis.fr\/"},{"@type":"ListItem","position":2,"name":"Nos produits","item":"https:\/\/planetetennis.fr\/produits\/"},{"@type":"ListItem","position":3,"name":"Lot de 10 lignes de marquage TOOLZ"}]},{"@type":"WebSite","@id":"https:\/\/planetetennis.fr\/#website","url":"https:\/\/planetetennis.fr\/","name":"Planeta tenis","description":"Cordages de tennis monofilament fran\u00e7ais","publisher":{"@id":"https:\/\/planetetennis.fr\/#organization"},"potentialAction":[{"@type":"SearchAction","target":{"@type":"EntryPoint","urlTemplate":"https:\/\/planetetennis.fr\/?s={search_term_string}"},"query-input":{"@type":"PropertyValueSpecification","valueRequired":true,"valueName":"search_term_string"}}],"inLanguage":"es-ES"},{"@type":"Organization","@id":"https:\/\/planetetennis.fr\/#organization","name":"Planeta tenis","url":"https:\/\/planetetennis.fr\/","logo":{"@type":"ImageObject","inLanguage":"es-ES","@id":"https:\/\/planetetennis.fr\/#\/schema\/logo\/image\/","url":"https:\/\/planetetennis.fr\/wp-content\/uploads\/2021\/10\/logocolor03.png","contentUrl":"https:\/\/planetetennis.fr\/wp-content\/uploads\/2021\/10\/logocolor03.png","width":230,"height":58,"caption":"Planetetennis"},"image":{"@id":"https:\/\/planetetennis.fr\/#\/schema\/logo\/image\/"}}]}},"_links":{"self":[{"href":"https:\/\/planetetennis.fr\/es\/wp-json\/wp\/v2\/product\/11758","targetHints":{"allow":["GET"]}}],"collection":[{"href":"https:\/\/planetetennis.fr\/es\/wp-json\/wp\/v2\/product"}],"about":[{"href":"https:\/\/planetetennis.fr\/es\/wp-json\/wp\/v2\/types\/product"}],"replies":[{"embeddable":true,"href":"https:\/\/planetetennis.fr\/es\/wp-json\/wp\/v2\/comments?post=11758"}],"wp:featuredmedia":[{"embeddable":true,"href":"https:\/\/planetetennis.fr\/es\/wp-json\/wp\/v2\/media\/11759"}],"wp:attachment":[{"href":"https:\/\/planetetennis.fr\/es\/wp-json\/wp\/v2\/media?parent=11758"}],"wp:term":[{"taxonomy":"product_brand","embeddable":true,"href":"https:\/\/planetetennis.fr\/es\/wp-json\/wp\/v2\/product_brand?post=11758"},{"taxonomy":"product_cat","embeddable":true,"href":"https:\/\/planetetennis.fr\/es\/wp-json\/wp\/v2\/product_cat?post=11758"},{"taxonomy":"product_tag","embeddable":true,"href":"https:\/\/planetetennis.fr\/es\/wp-json\/wp\/v2\/product_tag?post=11758"}],"curies":[{"name":"wp","href":"https:\/\/api.w.org\/{rel}","templated":true}]}}