{"id":11762,"date":"2022-10-04T12:01:05","date_gmt":"2022-10-04T12:01:05","guid":{"rendered":"https:\/\/planetetennis.fr\/?post_type=product&#038;p=11762"},"modified":"2025-10-06T23:43:14","modified_gmt":"2025-10-06T23:43:14","slug":"cercles-de-marquage-toolz-lot-de-4","status":"publish","type":"product","link":"https:\/\/planetetennis.fr\/es\/product\/cercles-de-marquage-toolz-lot-de-4\/","title":{"rendered":"Cercles de marquage TOOLZ (Lot de 4)"},"content":{"rendered":"<p><strong><span>Cercles de marquage TOOLZ\u00a0\u00a0<\/span><\/strong><b><span>(paquet de 4)<\/span><\/b><\/p>\n<ul>\n<li><span>Les cercles cibles peuvent \u00eatre utilis\u00e9s de plusieurs fa\u00e7ons<\/span><\/li>\n<li><span>convient aux exercices de vitesse, aux exercices de coordination ou aux marquages \u200b\u200bde cible<\/span><\/li>\n<li><span>Couleurs :\u00a0 vert<\/span><\/li>\n<li><span>Diam\u00e8tre : environ 25 cm<\/span><\/li>\n<li><span>Mat\u00e9riau : caoutchouc<\/span><\/li>\n<\/ul>\n<div><b><span>Plus d&#8217;informations sur le produit\u00a0:<\/span><\/b><\/div>\n<div><\/div>\n<div><span>Cercles de marquage pour d\u00e9finir des points cibles.\u00a0Cibles parfaites pour l&#8217;entra\u00eenement au b\u00e2ton.\u00a0Les cercles de marquage peuvent \u00e9galement \u00eatre utilis\u00e9s pour des exercices de vitesse et de coordination.<\/span><\/div>","protected":false},"excerpt":{"rendered":"<p>Cercles de marquage pour d\u00e9finir des points cibles. Cibles parfaites pour l&#8217;entra\u00eenement au b\u00e2ton. Les cercles de marquage peuvent \u00e9galement \u00eatre utilis\u00e9s pour des exercices de vitesse et de coordination.<\/p>","protected":false},"featured_media":11763,"comment_status":"open","ping_status":"closed","template":"","meta":{"_monsterinsights_skip_tracking":false,"_monsterinsights_sitenote_active":false,"_monsterinsights_sitenote_note":"","_monsterinsights_sitenote_category":0},"product_brand":[],"product_cat":[462,441],"product_tag":[],"class_list":{"0":"post-11762","1":"product","2":"type-product","3":"status-publish","4":"has-post-thumbnail","6":"product_cat-cibles","7":"product_cat-materiel","9":"first","10":"instock","11":"taxable","12":"shipping-taxable","13":"purchasable","14":"product-type-simple"},"yoast_head":"<!-- This site is optimized with the Yoast SEO plugin v27.4 - https:\/\/yoast.com\/product\/yoast-seo-wordpress\/ -->\n<title>Cercles de marquage TOOLZ (Lot de 4) - Planetetennis<\/title>\n<meta name=\"description\" content=\"Cercles de marquage pour d\u00e9finir des points cibles. Cibles parfaites pour l&#039;entra\u00eenement au b\u00e2ton. Environ 25 cm. Mat\u00e9riau : caoutchouc\" \/>\n<meta name=\"robots\" content=\"index, follow, max-snippet:-1, max-image-preview:large, max-video-preview:-1\" \/>\n<link rel=\"canonical\" href=\"https:\/\/planetetennis.fr\/es\/product\/cercles-de-marquage-toolz-lot-de-4\/\" \/>\n<meta property=\"og:locale\" content=\"es_ES\" \/>\n<meta property=\"og:type\" content=\"article\" \/>\n<meta property=\"og:title\" content=\"Cercles de marquage TOOLZ (Lot de 4) - Planetetennis\" \/>\n<meta property=\"og:description\" content=\"Cercles de marquage pour d\u00e9finir des points cibles. Cibles parfaites pour l&#039;entra\u00eenement au b\u00e2ton. Environ 25 cm. Mat\u00e9riau : caoutchouc\" \/>\n<meta property=\"og:url\" content=\"https:\/\/planetetennis.fr\/es\/product\/cercles-de-marquage-toolz-lot-de-4\/\" \/>\n<meta property=\"og:site_name\" content=\"Planetetennis\" \/>\n<meta property=\"article:modified_time\" content=\"2025-10-06T23:43:14+00:00\" \/>\n<meta property=\"og:image\" content=\"https:\/\/planetetennis.fr\/wp-content\/uploads\/2022\/10\/markierungskreise-10er-02-toolz.jpg\" \/>\n\t<meta property=\"og:image:width\" content=\"1000\" \/>\n\t<meta property=\"og:image:height\" content=\"1000\" \/>\n\t<meta property=\"og:image:type\" content=\"image\/jpeg\" \/>\n<meta name=\"twitter:card\" content=\"summary_large_image\" \/>\n<script type=\"application\/ld+json\" class=\"yoast-schema-graph\">{\"@context\":\"https:\\\/\\\/schema.org\",\"@graph\":[{\"@type\":\"WebPage\",\"@id\":\"https:\\\/\\\/planetetennis.fr\\\/product\\\/cercles-de-marquage-toolz-lot-de-4\\\/\",\"url\":\"https:\\\/\\\/planetetennis.fr\\\/product\\\/cercles-de-marquage-toolz-lot-de-4\\\/\",\"name\":\"Cercles de marquage TOOLZ (Lot de 4) - Planetetennis\",\"isPartOf\":{\"@id\":\"https:\\\/\\\/planetetennis.fr\\\/#website\"},\"primaryImageOfPage\":{\"@id\":\"https:\\\/\\\/planetetennis.fr\\\/product\\\/cercles-de-marquage-toolz-lot-de-4\\\/#primaryimage\"},\"image\":{\"@id\":\"https:\\\/\\\/planetetennis.fr\\\/product\\\/cercles-de-marquage-toolz-lot-de-4\\\/#primaryimage\"},\"thumbnailUrl\":\"https:\\\/\\\/planetetennis.fr\\\/wp-content\\\/uploads\\\/2022\\\/10\\\/markierungskreise-10er-02-toolz.jpg\",\"datePublished\":\"2022-10-04T12:01:05+00:00\",\"dateModified\":\"2025-10-06T23:43:14+00:00\",\"description\":\"Cercles de marquage pour d\u00e9finir des points cibles. Cibles parfaites pour l'entra\u00eenement au b\u00e2ton. Environ 25 cm. Mat\u00e9riau : caoutchouc\",\"breadcrumb\":{\"@id\":\"https:\\\/\\\/planetetennis.fr\\\/product\\\/cercles-de-marquage-toolz-lot-de-4\\\/#breadcrumb\"},\"inLanguage\":\"es-ES\",\"potentialAction\":[{\"@type\":\"ReadAction\",\"target\":[\"https:\\\/\\\/planetetennis.fr\\\/product\\\/cercles-de-marquage-toolz-lot-de-4\\\/\"]}]},{\"@type\":\"ImageObject\",\"inLanguage\":\"es-ES\",\"@id\":\"https:\\\/\\\/planetetennis.fr\\\/product\\\/cercles-de-marquage-toolz-lot-de-4\\\/#primaryimage\",\"url\":\"https:\\\/\\\/planetetennis.fr\\\/wp-content\\\/uploads\\\/2022\\\/10\\\/markierungskreise-10er-02-toolz.jpg\",\"contentUrl\":\"https:\\\/\\\/planetetennis.fr\\\/wp-content\\\/uploads\\\/2022\\\/10\\\/markierungskreise-10er-02-toolz.jpg\",\"width\":1000,\"height\":1000,\"caption\":\"Toolz, Produkte, Training, Tennis, Trainerbedarf, Markierungskreise - 10er\"},{\"@type\":\"BreadcrumbList\",\"@id\":\"https:\\\/\\\/planetetennis.fr\\\/product\\\/cercles-de-marquage-toolz-lot-de-4\\\/#breadcrumb\",\"itemListElement\":[{\"@type\":\"ListItem\",\"position\":1,\"name\":\"Accueil\",\"item\":\"https:\\\/\\\/planetetennis.fr\\\/\"},{\"@type\":\"ListItem\",\"position\":2,\"name\":\"Nos produits\",\"item\":\"https:\\\/\\\/planetetennis.fr\\\/produits\\\/\"},{\"@type\":\"ListItem\",\"position\":3,\"name\":\"Cercles de marquage TOOLZ (Lot de 4)\"}]},{\"@type\":\"WebSite\",\"@id\":\"https:\\\/\\\/planetetennis.fr\\\/#website\",\"url\":\"https:\\\/\\\/planetetennis.fr\\\/\",\"name\":\"Planetetennis\",\"description\":\"Cordages de tennis monofilament fran\u00e7ais\",\"publisher\":{\"@id\":\"https:\\\/\\\/planetetennis.fr\\\/#organization\"},\"potentialAction\":[{\"@type\":\"SearchAction\",\"target\":{\"@type\":\"EntryPoint\",\"urlTemplate\":\"https:\\\/\\\/planetetennis.fr\\\/?s={search_term_string}\"},\"query-input\":{\"@type\":\"PropertyValueSpecification\",\"valueRequired\":true,\"valueName\":\"search_term_string\"}}],\"inLanguage\":\"es-ES\"},{\"@type\":\"Organization\",\"@id\":\"https:\\\/\\\/planetetennis.fr\\\/#organization\",\"name\":\"Planetetennis\",\"url\":\"https:\\\/\\\/planetetennis.fr\\\/\",\"logo\":{\"@type\":\"ImageObject\",\"inLanguage\":\"es-ES\",\"@id\":\"https:\\\/\\\/planetetennis.fr\\\/#\\\/schema\\\/logo\\\/image\\\/\",\"url\":\"https:\\\/\\\/planetetennis.fr\\\/wp-content\\\/uploads\\\/2021\\\/10\\\/logocolor03.png\",\"contentUrl\":\"https:\\\/\\\/planetetennis.fr\\\/wp-content\\\/uploads\\\/2021\\\/10\\\/logocolor03.png\",\"width\":230,\"height\":58,\"caption\":\"Planetetennis\"},\"image\":{\"@id\":\"https:\\\/\\\/planetetennis.fr\\\/#\\\/schema\\\/logo\\\/image\\\/\"}}]}<\/script>\n<!-- \/ Yoast SEO plugin. -->","yoast_head_json":{"title":"Cercles de marquage TOOLZ (Lot de 4) - Planetetennis","description":"Cercles de marquage pour d\u00e9finir des points cibles. Cibles parfaites pour l'entra\u00eenement au b\u00e2ton. Environ 25 cm. Mat\u00e9riau : caoutchouc","robots":{"index":"index","follow":"follow","max-snippet":"max-snippet:-1","max-image-preview":"max-image-preview:large","max-video-preview":"max-video-preview:-1"},"canonical":"https:\/\/planetetennis.fr\/es\/product\/cercles-de-marquage-toolz-lot-de-4\/","og_locale":"es_ES","og_type":"article","og_title":"Cercles de marquage TOOLZ (Lot de 4) - Planetetennis","og_description":"Cercles de marquage pour d\u00e9finir des points cibles. Cibles parfaites pour l'entra\u00eenement au b\u00e2ton. Environ 25 cm. Mat\u00e9riau : caoutchouc","og_url":"https:\/\/planetetennis.fr\/es\/product\/cercles-de-marquage-toolz-lot-de-4\/","og_site_name":"Planetetennis","article_modified_time":"2025-10-06T23:43:14+00:00","og_image":[{"width":1000,"height":1000,"url":"https:\/\/planetetennis.fr\/wp-content\/uploads\/2022\/10\/markierungskreise-10er-02-toolz.jpg","type":"image\/jpeg"}],"twitter_card":"summary_large_image","schema":{"@context":"https:\/\/schema.org","@graph":[{"@type":"WebPage","@id":"https:\/\/planetetennis.fr\/product\/cercles-de-marquage-toolz-lot-de-4\/","url":"https:\/\/planetetennis.fr\/product\/cercles-de-marquage-toolz-lot-de-4\/","name":"Cercles de marquage TOOLZ (Lot de 4) - Planetetennis","isPartOf":{"@id":"https:\/\/planetetennis.fr\/#website"},"primaryImageOfPage":{"@id":"https:\/\/planetetennis.fr\/product\/cercles-de-marquage-toolz-lot-de-4\/#primaryimage"},"image":{"@id":"https:\/\/planetetennis.fr\/product\/cercles-de-marquage-toolz-lot-de-4\/#primaryimage"},"thumbnailUrl":"https:\/\/planetetennis.fr\/wp-content\/uploads\/2022\/10\/markierungskreise-10er-02-toolz.jpg","datePublished":"2022-10-04T12:01:05+00:00","dateModified":"2025-10-06T23:43:14+00:00","description":"Cercles de marquage pour d\u00e9finir des points cibles. Cibles parfaites pour l'entra\u00eenement au b\u00e2ton. Environ 25 cm. Mat\u00e9riau : caoutchouc","breadcrumb":{"@id":"https:\/\/planetetennis.fr\/product\/cercles-de-marquage-toolz-lot-de-4\/#breadcrumb"},"inLanguage":"es-ES","potentialAction":[{"@type":"ReadAction","target":["https:\/\/planetetennis.fr\/product\/cercles-de-marquage-toolz-lot-de-4\/"]}]},{"@type":"ImageObject","inLanguage":"es-ES","@id":"https:\/\/planetetennis.fr\/product\/cercles-de-marquage-toolz-lot-de-4\/#primaryimage","url":"https:\/\/planetetennis.fr\/wp-content\/uploads\/2022\/10\/markierungskreise-10er-02-toolz.jpg","contentUrl":"https:\/\/planetetennis.fr\/wp-content\/uploads\/2022\/10\/markierungskreise-10er-02-toolz.jpg","width":1000,"height":1000,"caption":"Toolz, Produkte, Training, Tennis, Trainerbedarf, Markierungskreise - 10er"},{"@type":"BreadcrumbList","@id":"https:\/\/planetetennis.fr\/product\/cercles-de-marquage-toolz-lot-de-4\/#breadcrumb","itemListElement":[{"@type":"ListItem","position":1,"name":"Accueil","item":"https:\/\/planetetennis.fr\/"},{"@type":"ListItem","position":2,"name":"Nos produits","item":"https:\/\/planetetennis.fr\/produits\/"},{"@type":"ListItem","position":3,"name":"Cercles de marquage TOOLZ (Lot de 4)"}]},{"@type":"WebSite","@id":"https:\/\/planetetennis.fr\/#website","url":"https:\/\/planetetennis.fr\/","name":"Planeta tenis","description":"Cordages de tennis monofilament fran\u00e7ais","publisher":{"@id":"https:\/\/planetetennis.fr\/#organization"},"potentialAction":[{"@type":"SearchAction","target":{"@type":"EntryPoint","urlTemplate":"https:\/\/planetetennis.fr\/?s={search_term_string}"},"query-input":{"@type":"PropertyValueSpecification","valueRequired":true,"valueName":"search_term_string"}}],"inLanguage":"es-ES"},{"@type":"Organization","@id":"https:\/\/planetetennis.fr\/#organization","name":"Planeta tenis","url":"https:\/\/planetetennis.fr\/","logo":{"@type":"ImageObject","inLanguage":"es-ES","@id":"https:\/\/planetetennis.fr\/#\/schema\/logo\/image\/","url":"https:\/\/planetetennis.fr\/wp-content\/uploads\/2021\/10\/logocolor03.png","contentUrl":"https:\/\/planetetennis.fr\/wp-content\/uploads\/2021\/10\/logocolor03.png","width":230,"height":58,"caption":"Planetetennis"},"image":{"@id":"https:\/\/planetetennis.fr\/#\/schema\/logo\/image\/"}}]}},"_links":{"self":[{"href":"https:\/\/planetetennis.fr\/es\/wp-json\/wp\/v2\/product\/11762","targetHints":{"allow":["GET"]}}],"collection":[{"href":"https:\/\/planetetennis.fr\/es\/wp-json\/wp\/v2\/product"}],"about":[{"href":"https:\/\/planetetennis.fr\/es\/wp-json\/wp\/v2\/types\/product"}],"replies":[{"embeddable":true,"href":"https:\/\/planetetennis.fr\/es\/wp-json\/wp\/v2\/comments?post=11762"}],"wp:featuredmedia":[{"embeddable":true,"href":"https:\/\/planetetennis.fr\/es\/wp-json\/wp\/v2\/media\/11763"}],"wp:attachment":[{"href":"https:\/\/planetetennis.fr\/es\/wp-json\/wp\/v2\/media?parent=11762"}],"wp:term":[{"taxonomy":"product_brand","embeddable":true,"href":"https:\/\/planetetennis.fr\/es\/wp-json\/wp\/v2\/product_brand?post=11762"},{"taxonomy":"product_cat","embeddable":true,"href":"https:\/\/planetetennis.fr\/es\/wp-json\/wp\/v2\/product_cat?post=11762"},{"taxonomy":"product_tag","embeddable":true,"href":"https:\/\/planetetennis.fr\/es\/wp-json\/wp\/v2\/product_tag?post=11762"}],"curies":[{"name":"wp","href":"https:\/\/api.w.org\/{rel}","templated":true}]}}