{"id":11784,"date":"2022-10-04T12:44:20","date_gmt":"2022-10-04T12:44:20","guid":{"rendered":"https:\/\/planetetennis.fr\/?post_type=product&#038;p=11784"},"modified":"2024-01-04T03:39:20","modified_gmt":"2024-01-04T03:39:20","slug":"echelle-electrique-toolz-8m","status":"publish","type":"product","link":"https:\/\/planetetennis.fr\/es\/product\/echelle-electrique-toolz-8m\/","title":{"rendered":"\u00c9chelle de coordination TOOLZ  8m"},"content":{"rendered":"<p>Entra\u00eenement efficace de la coordination, de l\u2019\u00e9quilibre, de la vitesse ou de la r\u00e9action : avec l\u2019\u00e9chelle d\u2019entra\u00eenement TOOLZ, vous \u00eates<br \/>\nassur\u00e9 de ne pas vous ennuyer pendant le sport.\u00a0\u00c9tant donn\u00e9 que les distances entre les \u00e9chelons peuvent \u00eatre ajust\u00e9es individuellement et que l\u2019\u00e9chelle peut \u00eatre utilis\u00e9e de diff\u00e9rentes mani\u00e8res<br \/>\n, il existe de nombreux exercices pour une grande vari\u00e9t\u00e9 de formes d\u2019entra\u00eenement.\u00a0Gr\u00e2ce au sac de transport fourni et \u00e0 la<br \/>\npetite taille de l\u2019emballage, l\u2019\u00e9chelle d\u2019agilit\u00e9 peut \u00eatre rang\u00e9e rapidement et facilement.<\/p>","protected":false},"excerpt":{"rendered":"<p>\u00c9chelle de coordination pour un entra\u00eenement efficace de la coordination et de l&#8217;\u00e9quilibre.\u00a0\u00c9galement id\u00e9al pour am\u00e9liorer le jeu de jambes et peut \u00eatre utilis\u00e9 pour de nombreux types d&#8217;entra\u00eenement diff\u00e9rents.<\/p>","protected":false},"featured_media":11781,"comment_status":"open","ping_status":"closed","template":"","meta":{"_monsterinsights_skip_tracking":false,"_monsterinsights_sitenote_active":false,"_monsterinsights_sitenote_note":"","_monsterinsights_sitenote_category":0},"product_brand":[],"product_cat":[461,441],"product_tag":[],"class_list":{"0":"post-11784","1":"product","2":"type-product","3":"status-publish","4":"has-post-thumbnail","6":"product_cat-coordination","7":"product_cat-materiel","9":"first","10":"instock","11":"taxable","12":"shipping-taxable","13":"purchasable","14":"product-type-simple"},"yoast_head":"<!-- This site is optimized with the Yoast SEO plugin v27.5 - https:\/\/yoast.com\/product\/yoast-seo-wordpress\/ -->\n<title>\u00c9chelle de coordination TOOLZ 8m - Planetetennis<\/title>\n<meta name=\"description\" content=\"\u00c9chelle de coordination pour un entra\u00eenement efficace de la coordination et de l&#039;\u00e9quilibre.\u00a0\u00c9galement id\u00e9al pour am\u00e9liorer le jeu de jambes\" \/>\n<meta name=\"robots\" content=\"index, follow, max-snippet:-1, max-image-preview:large, max-video-preview:-1\" \/>\n<link rel=\"canonical\" href=\"https:\/\/planetetennis.fr\/es\/product\/echelle-electrique-toolz-8m\/\" \/>\n<meta property=\"og:locale\" content=\"es_ES\" \/>\n<meta property=\"og:type\" content=\"article\" \/>\n<meta property=\"og:title\" content=\"\u00c9chelle de coordination TOOLZ 8m - Planetetennis\" \/>\n<meta property=\"og:description\" content=\"\u00c9chelle de coordination pour un entra\u00eenement efficace de la coordination et de l&#039;\u00e9quilibre.\u00a0\u00c9galement id\u00e9al pour am\u00e9liorer le jeu de jambes\" \/>\n<meta property=\"og:url\" content=\"https:\/\/planetetennis.fr\/es\/product\/echelle-electrique-toolz-8m\/\" \/>\n<meta property=\"og:site_name\" content=\"Planetetennis\" \/>\n<meta property=\"article:modified_time\" content=\"2024-01-04T03:39:20+00:00\" \/>\n<meta property=\"og:image\" content=\"https:\/\/planetetennis.fr\/wp-content\/uploads\/2022\/10\/koordinationsleiter-01-toolz.jpg\" \/>\n\t<meta property=\"og:image:width\" content=\"1000\" \/>\n\t<meta property=\"og:image:height\" content=\"1000\" \/>\n\t<meta property=\"og:image:type\" content=\"image\/jpeg\" \/>\n<meta name=\"twitter:card\" content=\"summary_large_image\" \/>\n<script type=\"application\/ld+json\" class=\"yoast-schema-graph\">{\"@context\":\"https:\\\/\\\/schema.org\",\"@graph\":[{\"@type\":\"WebPage\",\"@id\":\"https:\\\/\\\/planetetennis.fr\\\/product\\\/echelle-electrique-toolz-8m\\\/\",\"url\":\"https:\\\/\\\/planetetennis.fr\\\/product\\\/echelle-electrique-toolz-8m\\\/\",\"name\":\"\u00c9chelle de coordination TOOLZ 8m - Planetetennis\",\"isPartOf\":{\"@id\":\"https:\\\/\\\/planetetennis.fr\\\/#website\"},\"primaryImageOfPage\":{\"@id\":\"https:\\\/\\\/planetetennis.fr\\\/product\\\/echelle-electrique-toolz-8m\\\/#primaryimage\"},\"image\":{\"@id\":\"https:\\\/\\\/planetetennis.fr\\\/product\\\/echelle-electrique-toolz-8m\\\/#primaryimage\"},\"thumbnailUrl\":\"https:\\\/\\\/planetetennis.fr\\\/wp-content\\\/uploads\\\/2022\\\/10\\\/koordinationsleiter-01-toolz.jpg\",\"datePublished\":\"2022-10-04T12:44:20+00:00\",\"dateModified\":\"2024-01-04T03:39:20+00:00\",\"description\":\"\u00c9chelle de coordination pour un entra\u00eenement efficace de la coordination et de l'\u00e9quilibre.\u00a0\u00c9galement id\u00e9al pour am\u00e9liorer le jeu de jambes\",\"breadcrumb\":{\"@id\":\"https:\\\/\\\/planetetennis.fr\\\/product\\\/echelle-electrique-toolz-8m\\\/#breadcrumb\"},\"inLanguage\":\"es-ES\",\"potentialAction\":[{\"@type\":\"ReadAction\",\"target\":[\"https:\\\/\\\/planetetennis.fr\\\/product\\\/echelle-electrique-toolz-8m\\\/\"]}]},{\"@type\":\"ImageObject\",\"inLanguage\":\"es-ES\",\"@id\":\"https:\\\/\\\/planetetennis.fr\\\/product\\\/echelle-electrique-toolz-8m\\\/#primaryimage\",\"url\":\"https:\\\/\\\/planetetennis.fr\\\/wp-content\\\/uploads\\\/2022\\\/10\\\/koordinationsleiter-01-toolz.jpg\",\"contentUrl\":\"https:\\\/\\\/planetetennis.fr\\\/wp-content\\\/uploads\\\/2022\\\/10\\\/koordinationsleiter-01-toolz.jpg\",\"width\":1000,\"height\":1000,\"caption\":\"Toolz, Produkte, Training, Tennis, Trainerbedarf, Koordinationsleiter\"},{\"@type\":\"BreadcrumbList\",\"@id\":\"https:\\\/\\\/planetetennis.fr\\\/product\\\/echelle-electrique-toolz-8m\\\/#breadcrumb\",\"itemListElement\":[{\"@type\":\"ListItem\",\"position\":1,\"name\":\"Accueil\",\"item\":\"https:\\\/\\\/planetetennis.fr\\\/\"},{\"@type\":\"ListItem\",\"position\":2,\"name\":\"Nos produits\",\"item\":\"https:\\\/\\\/planetetennis.fr\\\/produits\\\/\"},{\"@type\":\"ListItem\",\"position\":3,\"name\":\"\u00c9chelle de coordination TOOLZ 8m\"}]},{\"@type\":\"WebSite\",\"@id\":\"https:\\\/\\\/planetetennis.fr\\\/#website\",\"url\":\"https:\\\/\\\/planetetennis.fr\\\/\",\"name\":\"Planetetennis\",\"description\":\"Cordages de tennis monofilament fran\u00e7ais\",\"publisher\":{\"@id\":\"https:\\\/\\\/planetetennis.fr\\\/#organization\"},\"potentialAction\":[{\"@type\":\"SearchAction\",\"target\":{\"@type\":\"EntryPoint\",\"urlTemplate\":\"https:\\\/\\\/planetetennis.fr\\\/?s={search_term_string}\"},\"query-input\":{\"@type\":\"PropertyValueSpecification\",\"valueRequired\":true,\"valueName\":\"search_term_string\"}}],\"inLanguage\":\"es-ES\"},{\"@type\":\"Organization\",\"@id\":\"https:\\\/\\\/planetetennis.fr\\\/#organization\",\"name\":\"Planetetennis\",\"url\":\"https:\\\/\\\/planetetennis.fr\\\/\",\"logo\":{\"@type\":\"ImageObject\",\"inLanguage\":\"es-ES\",\"@id\":\"https:\\\/\\\/planetetennis.fr\\\/#\\\/schema\\\/logo\\\/image\\\/\",\"url\":\"https:\\\/\\\/planetetennis.fr\\\/wp-content\\\/uploads\\\/2021\\\/10\\\/logocolor03.png\",\"contentUrl\":\"https:\\\/\\\/planetetennis.fr\\\/wp-content\\\/uploads\\\/2021\\\/10\\\/logocolor03.png\",\"width\":230,\"height\":58,\"caption\":\"Planetetennis\"},\"image\":{\"@id\":\"https:\\\/\\\/planetetennis.fr\\\/#\\\/schema\\\/logo\\\/image\\\/\"}}]}<\/script>\n<!-- \/ Yoast SEO plugin. -->","yoast_head_json":{"title":"\u00c9chelle de coordination TOOLZ 8m - Planetetennis","description":"\u00c9chelle de coordination pour un entra\u00eenement efficace de la coordination et de l'\u00e9quilibre.\u00a0\u00c9galement id\u00e9al pour am\u00e9liorer le jeu de jambes","robots":{"index":"index","follow":"follow","max-snippet":"max-snippet:-1","max-image-preview":"max-image-preview:large","max-video-preview":"max-video-preview:-1"},"canonical":"https:\/\/planetetennis.fr\/es\/product\/echelle-electrique-toolz-8m\/","og_locale":"es_ES","og_type":"article","og_title":"\u00c9chelle de coordination TOOLZ 8m - Planetetennis","og_description":"\u00c9chelle de coordination pour un entra\u00eenement efficace de la coordination et de l'\u00e9quilibre.\u00a0\u00c9galement id\u00e9al pour am\u00e9liorer le jeu de jambes","og_url":"https:\/\/planetetennis.fr\/es\/product\/echelle-electrique-toolz-8m\/","og_site_name":"Planetetennis","article_modified_time":"2024-01-04T03:39:20+00:00","og_image":[{"width":1000,"height":1000,"url":"https:\/\/planetetennis.fr\/wp-content\/uploads\/2022\/10\/koordinationsleiter-01-toolz.jpg","type":"image\/jpeg"}],"twitter_card":"summary_large_image","schema":{"@context":"https:\/\/schema.org","@graph":[{"@type":"WebPage","@id":"https:\/\/planetetennis.fr\/product\/echelle-electrique-toolz-8m\/","url":"https:\/\/planetetennis.fr\/product\/echelle-electrique-toolz-8m\/","name":"\u00c9chelle de coordination TOOLZ 8m - Planetetennis","isPartOf":{"@id":"https:\/\/planetetennis.fr\/#website"},"primaryImageOfPage":{"@id":"https:\/\/planetetennis.fr\/product\/echelle-electrique-toolz-8m\/#primaryimage"},"image":{"@id":"https:\/\/planetetennis.fr\/product\/echelle-electrique-toolz-8m\/#primaryimage"},"thumbnailUrl":"https:\/\/planetetennis.fr\/wp-content\/uploads\/2022\/10\/koordinationsleiter-01-toolz.jpg","datePublished":"2022-10-04T12:44:20+00:00","dateModified":"2024-01-04T03:39:20+00:00","description":"\u00c9chelle de coordination pour un entra\u00eenement efficace de la coordination et de l'\u00e9quilibre.\u00a0\u00c9galement id\u00e9al pour am\u00e9liorer le jeu de jambes","breadcrumb":{"@id":"https:\/\/planetetennis.fr\/product\/echelle-electrique-toolz-8m\/#breadcrumb"},"inLanguage":"es-ES","potentialAction":[{"@type":"ReadAction","target":["https:\/\/planetetennis.fr\/product\/echelle-electrique-toolz-8m\/"]}]},{"@type":"ImageObject","inLanguage":"es-ES","@id":"https:\/\/planetetennis.fr\/product\/echelle-electrique-toolz-8m\/#primaryimage","url":"https:\/\/planetetennis.fr\/wp-content\/uploads\/2022\/10\/koordinationsleiter-01-toolz.jpg","contentUrl":"https:\/\/planetetennis.fr\/wp-content\/uploads\/2022\/10\/koordinationsleiter-01-toolz.jpg","width":1000,"height":1000,"caption":"Toolz, Produkte, Training, Tennis, Trainerbedarf, Koordinationsleiter"},{"@type":"BreadcrumbList","@id":"https:\/\/planetetennis.fr\/product\/echelle-electrique-toolz-8m\/#breadcrumb","itemListElement":[{"@type":"ListItem","position":1,"name":"Accueil","item":"https:\/\/planetetennis.fr\/"},{"@type":"ListItem","position":2,"name":"Nos produits","item":"https:\/\/planetetennis.fr\/produits\/"},{"@type":"ListItem","position":3,"name":"\u00c9chelle de coordination TOOLZ 8m"}]},{"@type":"WebSite","@id":"https:\/\/planetetennis.fr\/#website","url":"https:\/\/planetetennis.fr\/","name":"Planeta tenis","description":"Cordages de tennis monofilament fran\u00e7ais","publisher":{"@id":"https:\/\/planetetennis.fr\/#organization"},"potentialAction":[{"@type":"SearchAction","target":{"@type":"EntryPoint","urlTemplate":"https:\/\/planetetennis.fr\/?s={search_term_string}"},"query-input":{"@type":"PropertyValueSpecification","valueRequired":true,"valueName":"search_term_string"}}],"inLanguage":"es-ES"},{"@type":"Organization","@id":"https:\/\/planetetennis.fr\/#organization","name":"Planeta tenis","url":"https:\/\/planetetennis.fr\/","logo":{"@type":"ImageObject","inLanguage":"es-ES","@id":"https:\/\/planetetennis.fr\/#\/schema\/logo\/image\/","url":"https:\/\/planetetennis.fr\/wp-content\/uploads\/2021\/10\/logocolor03.png","contentUrl":"https:\/\/planetetennis.fr\/wp-content\/uploads\/2021\/10\/logocolor03.png","width":230,"height":58,"caption":"Planetetennis"},"image":{"@id":"https:\/\/planetetennis.fr\/#\/schema\/logo\/image\/"}}]}},"_links":{"self":[{"href":"https:\/\/planetetennis.fr\/es\/wp-json\/wp\/v2\/product\/11784","targetHints":{"allow":["GET"]}}],"collection":[{"href":"https:\/\/planetetennis.fr\/es\/wp-json\/wp\/v2\/product"}],"about":[{"href":"https:\/\/planetetennis.fr\/es\/wp-json\/wp\/v2\/types\/product"}],"replies":[{"embeddable":true,"href":"https:\/\/planetetennis.fr\/es\/wp-json\/wp\/v2\/comments?post=11784"}],"wp:featuredmedia":[{"embeddable":true,"href":"https:\/\/planetetennis.fr\/es\/wp-json\/wp\/v2\/media\/11781"}],"wp:attachment":[{"href":"https:\/\/planetetennis.fr\/es\/wp-json\/wp\/v2\/media?parent=11784"}],"wp:term":[{"taxonomy":"product_brand","embeddable":true,"href":"https:\/\/planetetennis.fr\/es\/wp-json\/wp\/v2\/product_brand?post=11784"},{"taxonomy":"product_cat","embeddable":true,"href":"https:\/\/planetetennis.fr\/es\/wp-json\/wp\/v2\/product_cat?post=11784"},{"taxonomy":"product_tag","embeddable":true,"href":"https:\/\/planetetennis.fr\/es\/wp-json\/wp\/v2\/product_tag?post=11784"}],"curies":[{"name":"wp","href":"https:\/\/api.w.org\/{rel}","templated":true}]}}