{"id":11925,"date":"2022-10-07T11:10:59","date_gmt":"2022-10-07T11:10:59","guid":{"rendered":"https:\/\/planetetennis.fr\/?post_type=product&#038;p=11925"},"modified":"2025-07-11T20:49:17","modified_gmt":"2025-07-11T20:49:17","slug":"t-set-chaussure-femme-all-court-blanc-et-rose","status":"publish","type":"product","link":"https:\/\/planetetennis.fr\/es\/product\/t-set-chaussure-femme-all-court-blanc-et-rose\/","title":{"rendered":"T.SET CHAUSSURE FEMME ALL COURT Blanc et Rose"},"content":{"rendered":"<p>Chaussure d\u2019entra\u00eenement moyenne pour les joueurs de poids moyen qui ont besoin de beaucoup de stabilit\u00e9 dans la bande de roulement.\u00a0La coupe a \u00e9t\u00e9 faite de micro PU et de nylon avec un design qui permet la transpiration dans tous les domaines.\u00a0Renfort en caoutchouc \u00e0 l\u2019int\u00e9rieur de la zone m\u00e9tatarsienne pour prot\u00e9ger la chaussure des frottements et microfibre avant pour r\u00e9sister aux frottements avant.\u00a0La semelle int\u00e9rieure est en EVA thermoform\u00e9 pour s\u2019adapter aux formes du pied et la semelle int\u00e9rieure est en EVA 2 mm cousue \u00e0 la tige.\u00a0La semelle interm\u00e9diaire a \u00e9t\u00e9 fabriqu\u00e9e avec le syst\u00e8me FULL DUAL PULSOR compos\u00e9 de double phylon de diff\u00e9rentes densit\u00e9s qui ajoute un amorti.\u00a0Il int\u00e8gre \u00e9galement le syst\u00e8me Stabilis, un morceau de TPU qui stabilise la bande de roulement et emp\u00eache les virages inappropri\u00e9s.\u00a0Semelle en caoutchouc \u00e0 l\u2019abrasion DIN-40 tr\u00e8s r\u00e9sistante.<\/p>","protected":false},"excerpt":{"rendered":"<p>Chaussures de tennis\/paddle pour femme.\u00a0Ces chaussures de sports de raquette sont indiqu\u00e9es pour l&#8217;entra\u00eenement.\u00a0Ils se distinguent par leur respirabilit\u00e9, leur r\u00e9sistance et leur stabilit\u00e9.\u00a0De plus, la semelle a \u00e9t\u00e9 fabriqu\u00e9e avec un mat\u00e9riau durable tr\u00e8s r\u00e9sistant aux frottements.<\/p>","protected":false},"featured_media":11932,"comment_status":"open","ping_status":"closed","template":"","meta":{"_monsterinsights_skip_tracking":false,"_monsterinsights_sitenote_active":false,"_monsterinsights_sitenote_note":"","_monsterinsights_sitenote_category":0},"product_brand":[],"product_cat":[458,414,325,437],"product_tag":[],"class_list":{"0":"post-11925","1":"product","2":"type-product","3":"status-publish","4":"has-post-thumbnail","6":"product_cat-all-court-femme","7":"product_cat-chaussures","8":"product_cat-chaussures-joma","9":"product_cat-femme","11":"first","12":"instock","13":"sale","14":"featured","15":"taxable","16":"shipping-taxable","17":"purchasable","18":"product-type-variable"},"yoast_head":"<!-- This site is optimized with the Yoast SEO plugin v27.5 - https:\/\/yoast.com\/product\/yoast-seo-wordpress\/ -->\n<title>T.SET CHAUSSURE FEMME ALL COURT Blanc et Rose - Planetetennis<\/title>\n<meta name=\"description\" content=\"Chaussures de tennis\/paddle pour femme. Elles se distinguent par leur respirabilit\u00e9, leur r\u00e9sistance et leur stabilit\u00e9.\" \/>\n<meta name=\"robots\" content=\"index, follow, max-snippet:-1, max-image-preview:large, max-video-preview:-1\" \/>\n<link rel=\"canonical\" href=\"https:\/\/planetetennis.fr\/es\/product\/t-set-chaussure-femme-all-court-blanc-et-rose\/\" \/>\n<meta property=\"og:locale\" content=\"es_ES\" \/>\n<meta property=\"og:type\" content=\"article\" \/>\n<meta property=\"og:title\" content=\"T.SET CHAUSSURE FEMME ALL COURT Blanc et Rose - Planetetennis\" \/>\n<meta property=\"og:description\" content=\"Chaussures de tennis\/paddle pour femme. Elles se distinguent par leur respirabilit\u00e9, leur r\u00e9sistance et leur stabilit\u00e9.\" \/>\n<meta property=\"og:url\" content=\"https:\/\/planetetennis.fr\/es\/product\/t-set-chaussure-femme-all-court-blanc-et-rose\/\" \/>\n<meta property=\"og:site_name\" content=\"Planetetennis\" \/>\n<meta property=\"article:modified_time\" content=\"2025-07-11T20:49:17+00:00\" \/>\n<meta property=\"og:image\" content=\"https:\/\/planetetennis.fr\/wp-content\/uploads\/2022\/10\/TSELS2202P_1.jpg\" \/>\n\t<meta property=\"og:image:width\" content=\"2000\" \/>\n\t<meta property=\"og:image:height\" content=\"2000\" \/>\n\t<meta property=\"og:image:type\" content=\"image\/jpeg\" \/>\n<meta name=\"twitter:card\" content=\"summary_large_image\" \/>\n<meta name=\"twitter:label1\" content=\"Est. reading time\" \/>\n\t<meta name=\"twitter:data1\" content=\"1 minute\" \/>\n<script type=\"application\/ld+json\" class=\"yoast-schema-graph\">{\"@context\":\"https:\\\/\\\/schema.org\",\"@graph\":[{\"@type\":\"WebPage\",\"@id\":\"https:\\\/\\\/planetetennis.fr\\\/product\\\/t-set-chaussure-femme-all-court-blanc-et-rose\\\/\",\"url\":\"https:\\\/\\\/planetetennis.fr\\\/product\\\/t-set-chaussure-femme-all-court-blanc-et-rose\\\/\",\"name\":\"T.SET CHAUSSURE FEMME ALL COURT Blanc et Rose - Planetetennis\",\"isPartOf\":{\"@id\":\"https:\\\/\\\/planetetennis.fr\\\/#website\"},\"primaryImageOfPage\":{\"@id\":\"https:\\\/\\\/planetetennis.fr\\\/product\\\/t-set-chaussure-femme-all-court-blanc-et-rose\\\/#primaryimage\"},\"image\":{\"@id\":\"https:\\\/\\\/planetetennis.fr\\\/product\\\/t-set-chaussure-femme-all-court-blanc-et-rose\\\/#primaryimage\"},\"thumbnailUrl\":\"https:\\\/\\\/planetetennis.fr\\\/wp-content\\\/uploads\\\/2022\\\/10\\\/TSELS2202P_1.jpg\",\"datePublished\":\"2022-10-07T11:10:59+00:00\",\"dateModified\":\"2025-07-11T20:49:17+00:00\",\"description\":\"Chaussures de tennis\\\/paddle pour femme. Elles se distinguent par leur respirabilit\u00e9, leur r\u00e9sistance et leur stabilit\u00e9.\",\"breadcrumb\":{\"@id\":\"https:\\\/\\\/planetetennis.fr\\\/product\\\/t-set-chaussure-femme-all-court-blanc-et-rose\\\/#breadcrumb\"},\"inLanguage\":\"es-ES\",\"potentialAction\":[{\"@type\":\"ReadAction\",\"target\":[\"https:\\\/\\\/planetetennis.fr\\\/product\\\/t-set-chaussure-femme-all-court-blanc-et-rose\\\/\"]}]},{\"@type\":\"ImageObject\",\"inLanguage\":\"es-ES\",\"@id\":\"https:\\\/\\\/planetetennis.fr\\\/product\\\/t-set-chaussure-femme-all-court-blanc-et-rose\\\/#primaryimage\",\"url\":\"https:\\\/\\\/planetetennis.fr\\\/wp-content\\\/uploads\\\/2022\\\/10\\\/TSELS2202P_1.jpg\",\"contentUrl\":\"https:\\\/\\\/planetetennis.fr\\\/wp-content\\\/uploads\\\/2022\\\/10\\\/TSELS2202P_1.jpg\",\"width\":2000,\"height\":2000},{\"@type\":\"BreadcrumbList\",\"@id\":\"https:\\\/\\\/planetetennis.fr\\\/product\\\/t-set-chaussure-femme-all-court-blanc-et-rose\\\/#breadcrumb\",\"itemListElement\":[{\"@type\":\"ListItem\",\"position\":1,\"name\":\"Accueil\",\"item\":\"https:\\\/\\\/planetetennis.fr\\\/\"},{\"@type\":\"ListItem\",\"position\":2,\"name\":\"Nos produits\",\"item\":\"https:\\\/\\\/planetetennis.fr\\\/produits\\\/\"},{\"@type\":\"ListItem\",\"position\":3,\"name\":\"T.SET CHAUSSURE FEMME ALL COURT Blanc et Rose\"}]},{\"@type\":\"WebSite\",\"@id\":\"https:\\\/\\\/planetetennis.fr\\\/#website\",\"url\":\"https:\\\/\\\/planetetennis.fr\\\/\",\"name\":\"Planetetennis\",\"description\":\"Cordages de tennis monofilament fran\u00e7ais\",\"publisher\":{\"@id\":\"https:\\\/\\\/planetetennis.fr\\\/#organization\"},\"potentialAction\":[{\"@type\":\"SearchAction\",\"target\":{\"@type\":\"EntryPoint\",\"urlTemplate\":\"https:\\\/\\\/planetetennis.fr\\\/?s={search_term_string}\"},\"query-input\":{\"@type\":\"PropertyValueSpecification\",\"valueRequired\":true,\"valueName\":\"search_term_string\"}}],\"inLanguage\":\"es-ES\"},{\"@type\":\"Organization\",\"@id\":\"https:\\\/\\\/planetetennis.fr\\\/#organization\",\"name\":\"Planetetennis\",\"url\":\"https:\\\/\\\/planetetennis.fr\\\/\",\"logo\":{\"@type\":\"ImageObject\",\"inLanguage\":\"es-ES\",\"@id\":\"https:\\\/\\\/planetetennis.fr\\\/#\\\/schema\\\/logo\\\/image\\\/\",\"url\":\"https:\\\/\\\/planetetennis.fr\\\/wp-content\\\/uploads\\\/2021\\\/10\\\/logocolor03.png\",\"contentUrl\":\"https:\\\/\\\/planetetennis.fr\\\/wp-content\\\/uploads\\\/2021\\\/10\\\/logocolor03.png\",\"width\":230,\"height\":58,\"caption\":\"Planetetennis\"},\"image\":{\"@id\":\"https:\\\/\\\/planetetennis.fr\\\/#\\\/schema\\\/logo\\\/image\\\/\"}}]}<\/script>\n<!-- \/ Yoast SEO plugin. -->","yoast_head_json":{"title":"T.SET CHAUSSURE FEMME ALL COURT Blanc et Rose - Planetetennis","description":"Chaussures de tennis\/paddle pour femme. Elles se distinguent par leur respirabilit\u00e9, leur r\u00e9sistance et leur stabilit\u00e9.","robots":{"index":"index","follow":"follow","max-snippet":"max-snippet:-1","max-image-preview":"max-image-preview:large","max-video-preview":"max-video-preview:-1"},"canonical":"https:\/\/planetetennis.fr\/es\/product\/t-set-chaussure-femme-all-court-blanc-et-rose\/","og_locale":"es_ES","og_type":"article","og_title":"T.SET CHAUSSURE FEMME ALL COURT Blanc et Rose - Planetetennis","og_description":"Chaussures de tennis\/paddle pour femme. Elles se distinguent par leur respirabilit\u00e9, leur r\u00e9sistance et leur stabilit\u00e9.","og_url":"https:\/\/planetetennis.fr\/es\/product\/t-set-chaussure-femme-all-court-blanc-et-rose\/","og_site_name":"Planetetennis","article_modified_time":"2025-07-11T20:49:17+00:00","og_image":[{"width":2000,"height":2000,"url":"https:\/\/planetetennis.fr\/wp-content\/uploads\/2022\/10\/TSELS2202P_1.jpg","type":"image\/jpeg"}],"twitter_card":"summary_large_image","twitter_misc":{"Est. reading time":"1 minute"},"schema":{"@context":"https:\/\/schema.org","@graph":[{"@type":"WebPage","@id":"https:\/\/planetetennis.fr\/product\/t-set-chaussure-femme-all-court-blanc-et-rose\/","url":"https:\/\/planetetennis.fr\/product\/t-set-chaussure-femme-all-court-blanc-et-rose\/","name":"T.SET CHAUSSURE FEMME ALL COURT Blanc et Rose - Planetetennis","isPartOf":{"@id":"https:\/\/planetetennis.fr\/#website"},"primaryImageOfPage":{"@id":"https:\/\/planetetennis.fr\/product\/t-set-chaussure-femme-all-court-blanc-et-rose\/#primaryimage"},"image":{"@id":"https:\/\/planetetennis.fr\/product\/t-set-chaussure-femme-all-court-blanc-et-rose\/#primaryimage"},"thumbnailUrl":"https:\/\/planetetennis.fr\/wp-content\/uploads\/2022\/10\/TSELS2202P_1.jpg","datePublished":"2022-10-07T11:10:59+00:00","dateModified":"2025-07-11T20:49:17+00:00","description":"Chaussures de tennis\/paddle pour femme. Elles se distinguent par leur respirabilit\u00e9, leur r\u00e9sistance et leur stabilit\u00e9.","breadcrumb":{"@id":"https:\/\/planetetennis.fr\/product\/t-set-chaussure-femme-all-court-blanc-et-rose\/#breadcrumb"},"inLanguage":"es-ES","potentialAction":[{"@type":"ReadAction","target":["https:\/\/planetetennis.fr\/product\/t-set-chaussure-femme-all-court-blanc-et-rose\/"]}]},{"@type":"ImageObject","inLanguage":"es-ES","@id":"https:\/\/planetetennis.fr\/product\/t-set-chaussure-femme-all-court-blanc-et-rose\/#primaryimage","url":"https:\/\/planetetennis.fr\/wp-content\/uploads\/2022\/10\/TSELS2202P_1.jpg","contentUrl":"https:\/\/planetetennis.fr\/wp-content\/uploads\/2022\/10\/TSELS2202P_1.jpg","width":2000,"height":2000},{"@type":"BreadcrumbList","@id":"https:\/\/planetetennis.fr\/product\/t-set-chaussure-femme-all-court-blanc-et-rose\/#breadcrumb","itemListElement":[{"@type":"ListItem","position":1,"name":"Accueil","item":"https:\/\/planetetennis.fr\/"},{"@type":"ListItem","position":2,"name":"Nos produits","item":"https:\/\/planetetennis.fr\/produits\/"},{"@type":"ListItem","position":3,"name":"T.SET CHAUSSURE FEMME ALL COURT Blanc et Rose"}]},{"@type":"WebSite","@id":"https:\/\/planetetennis.fr\/#website","url":"https:\/\/planetetennis.fr\/","name":"Planeta tenis","description":"Cordages de tennis monofilament fran\u00e7ais","publisher":{"@id":"https:\/\/planetetennis.fr\/#organization"},"potentialAction":[{"@type":"SearchAction","target":{"@type":"EntryPoint","urlTemplate":"https:\/\/planetetennis.fr\/?s={search_term_string}"},"query-input":{"@type":"PropertyValueSpecification","valueRequired":true,"valueName":"search_term_string"}}],"inLanguage":"es-ES"},{"@type":"Organization","@id":"https:\/\/planetetennis.fr\/#organization","name":"Planeta tenis","url":"https:\/\/planetetennis.fr\/","logo":{"@type":"ImageObject","inLanguage":"es-ES","@id":"https:\/\/planetetennis.fr\/#\/schema\/logo\/image\/","url":"https:\/\/planetetennis.fr\/wp-content\/uploads\/2021\/10\/logocolor03.png","contentUrl":"https:\/\/planetetennis.fr\/wp-content\/uploads\/2021\/10\/logocolor03.png","width":230,"height":58,"caption":"Planetetennis"},"image":{"@id":"https:\/\/planetetennis.fr\/#\/schema\/logo\/image\/"}}]}},"_links":{"self":[{"href":"https:\/\/planetetennis.fr\/es\/wp-json\/wp\/v2\/product\/11925","targetHints":{"allow":["GET"]}}],"collection":[{"href":"https:\/\/planetetennis.fr\/es\/wp-json\/wp\/v2\/product"}],"about":[{"href":"https:\/\/planetetennis.fr\/es\/wp-json\/wp\/v2\/types\/product"}],"replies":[{"embeddable":true,"href":"https:\/\/planetetennis.fr\/es\/wp-json\/wp\/v2\/comments?post=11925"}],"wp:featuredmedia":[{"embeddable":true,"href":"https:\/\/planetetennis.fr\/es\/wp-json\/wp\/v2\/media\/11932"}],"wp:attachment":[{"href":"https:\/\/planetetennis.fr\/es\/wp-json\/wp\/v2\/media?parent=11925"}],"wp:term":[{"taxonomy":"product_brand","embeddable":true,"href":"https:\/\/planetetennis.fr\/es\/wp-json\/wp\/v2\/product_brand?post=11925"},{"taxonomy":"product_cat","embeddable":true,"href":"https:\/\/planetetennis.fr\/es\/wp-json\/wp\/v2\/product_cat?post=11925"},{"taxonomy":"product_tag","embeddable":true,"href":"https:\/\/planetetennis.fr\/es\/wp-json\/wp\/v2\/product_tag?post=11925"}],"curies":[{"name":"wp","href":"https:\/\/api.w.org\/{rel}","templated":true}]}}