{"id":11935,"date":"2022-10-07T11:46:55","date_gmt":"2022-10-07T11:46:55","guid":{"rendered":"https:\/\/planetetennis.fr\/?post_type=product&#038;p=11935"},"modified":"2026-02-19T17:23:48","modified_gmt":"2026-02-19T17:23:48","slug":"chaussure-set-21-homme-jaune-fluo-noir","status":"publish","type":"product","link":"https:\/\/planetetennis.fr\/es\/product\/chaussure-set-21-homme-jaune-fluo-noir\/","title":{"rendered":"Chaussure SET 21 Homme Jaune Fluo Noir ALL COURT"},"content":{"rendered":"<p>Chaussure d\u2019entra\u00eenement interm\u00e9diaire pour les joueurs de poids moyen n\u00e9cessitant plus de stabilit\u00e9 au niveau des appuis. Tige en micro PU et nylon dont le design permet \u00e0 toute la chaussure de respirer. Renfort int\u00e9rieur en caoutchouc au niveau des m\u00e9tatarses pour prot\u00e9ger la chaussure des frottements et microfibre \u00e0 l\u2019avant pour r\u00e9sister au frottement de la pointe. Semelle int\u00e9rieure thermoform\u00e9e en EVA s\u2019adaptant \u00e0 la forme du pied et premi\u00e8re de montage en EVA de 2 mm cousue \u00e0 la tige. La semelle interm\u00e9diaire int\u00e8gre le syst\u00e8me Full Dual Pulsor, une structure \u00e0 double phylon de diff\u00e9rentes densit\u00e9s procurant un meilleur amorti. Ce mod\u00e8le est \u00e9galement \u00e9quip\u00e9 du syst\u00e8me Stabilis. Il s\u2019agit d\u2019une pi\u00e8ce en TPU permettant de stabiliser les appuis et emp\u00eachant les mouvements de rotation inappropri\u00e9s. Semelle ext\u00e9rieure en caoutchouc, haute r\u00e9sistance \u00e0 l\u2019abrasion DIN-40.<\/p>","protected":false},"excerpt":{"rendered":"<p>Ces chaussures de tennis\/padel recommand\u00e9es aux joueurs de poids moyen pour des entra\u00eenements de moyenne intensit\u00e9 offrent davantage de stabilit\u00e9 dans les appuis afin d\u2019\u00e9viter les blessures pendant le jeu.<\/p>","protected":false},"featured_media":11940,"comment_status":"open","ping_status":"closed","template":"","meta":{"_monsterinsights_skip_tracking":false,"_monsterinsights_sitenote_active":false,"_monsterinsights_sitenote_note":"","_monsterinsights_sitenote_category":0},"product_brand":[],"product_cat":[456,414,325,436],"product_tag":[],"class_list":{"0":"post-11935","1":"product","2":"type-product","3":"status-publish","4":"has-post-thumbnail","6":"product_cat-all-court","7":"product_cat-chaussures","8":"product_cat-chaussures-joma","9":"product_cat-homme","11":"first","12":"instock","13":"sale","14":"featured","15":"taxable","16":"shipping-taxable","17":"purchasable","18":"product-type-variable"},"yoast_head":"<!-- This site is optimized with the Yoast SEO plugin v27.5 - https:\/\/yoast.com\/product\/yoast-seo-wordpress\/ -->\n<title>Chaussure SET 21 Homme Jaune Fluo Noir ALL COURT - Planetetennis<\/title>\n<meta name=\"description\" content=\"Ces chaussures de tennis\/padel recommand\u00e9es aux joueurs de poids moyen pour des entra\u00eenements de moyenne intensit\u00e9 offrent davantage de stabilit\u00e9.\" \/>\n<meta name=\"robots\" content=\"index, follow, max-snippet:-1, max-image-preview:large, max-video-preview:-1\" \/>\n<link rel=\"canonical\" href=\"https:\/\/planetetennis.fr\/es\/product\/chaussure-set-21-homme-jaune-fluo-noir\/\" \/>\n<meta property=\"og:locale\" content=\"es_ES\" \/>\n<meta property=\"og:type\" content=\"article\" \/>\n<meta property=\"og:title\" content=\"Chaussure SET 21 Homme Jaune Fluo Noir ALL COURT - Planetetennis\" \/>\n<meta property=\"og:description\" content=\"Ces chaussures de tennis\/padel recommand\u00e9es aux joueurs de poids moyen pour des entra\u00eenements de moyenne intensit\u00e9 offrent davantage de stabilit\u00e9.\" \/>\n<meta property=\"og:url\" content=\"https:\/\/planetetennis.fr\/es\/product\/chaussure-set-21-homme-jaune-fluo-noir\/\" \/>\n<meta property=\"og:site_name\" content=\"Planetetennis\" \/>\n<meta property=\"article:modified_time\" content=\"2026-02-19T17:23:48+00:00\" \/>\n<meta property=\"og:image\" content=\"https:\/\/planetetennis.fr\/wp-content\/uploads\/2022\/10\/TSETW2109P_1.jpg\" \/>\n\t<meta property=\"og:image:width\" content=\"2000\" \/>\n\t<meta property=\"og:image:height\" content=\"2000\" \/>\n\t<meta property=\"og:image:type\" content=\"image\/jpeg\" \/>\n<meta name=\"twitter:card\" content=\"summary_large_image\" \/>\n<meta name=\"twitter:label1\" content=\"Est. reading time\" \/>\n\t<meta name=\"twitter:data1\" content=\"1 minute\" \/>\n<script type=\"application\/ld+json\" class=\"yoast-schema-graph\">{\"@context\":\"https:\\\/\\\/schema.org\",\"@graph\":[{\"@type\":\"WebPage\",\"@id\":\"https:\\\/\\\/planetetennis.fr\\\/product\\\/chaussure-set-21-homme-jaune-fluo-noir\\\/\",\"url\":\"https:\\\/\\\/planetetennis.fr\\\/product\\\/chaussure-set-21-homme-jaune-fluo-noir\\\/\",\"name\":\"Chaussure SET 21 Homme Jaune Fluo Noir ALL COURT - Planetetennis\",\"isPartOf\":{\"@id\":\"https:\\\/\\\/planetetennis.fr\\\/#website\"},\"primaryImageOfPage\":{\"@id\":\"https:\\\/\\\/planetetennis.fr\\\/product\\\/chaussure-set-21-homme-jaune-fluo-noir\\\/#primaryimage\"},\"image\":{\"@id\":\"https:\\\/\\\/planetetennis.fr\\\/product\\\/chaussure-set-21-homme-jaune-fluo-noir\\\/#primaryimage\"},\"thumbnailUrl\":\"https:\\\/\\\/planetetennis.fr\\\/wp-content\\\/uploads\\\/2022\\\/10\\\/TSETW2109P_1.jpg\",\"datePublished\":\"2022-10-07T11:46:55+00:00\",\"dateModified\":\"2026-02-19T17:23:48+00:00\",\"description\":\"Ces chaussures de tennis\\\/padel recommand\u00e9es aux joueurs de poids moyen pour des entra\u00eenements de moyenne intensit\u00e9 offrent davantage de stabilit\u00e9.\",\"breadcrumb\":{\"@id\":\"https:\\\/\\\/planetetennis.fr\\\/product\\\/chaussure-set-21-homme-jaune-fluo-noir\\\/#breadcrumb\"},\"inLanguage\":\"es-ES\",\"potentialAction\":[{\"@type\":\"ReadAction\",\"target\":[\"https:\\\/\\\/planetetennis.fr\\\/product\\\/chaussure-set-21-homme-jaune-fluo-noir\\\/\"]}]},{\"@type\":\"ImageObject\",\"inLanguage\":\"es-ES\",\"@id\":\"https:\\\/\\\/planetetennis.fr\\\/product\\\/chaussure-set-21-homme-jaune-fluo-noir\\\/#primaryimage\",\"url\":\"https:\\\/\\\/planetetennis.fr\\\/wp-content\\\/uploads\\\/2022\\\/10\\\/TSETW2109P_1.jpg\",\"contentUrl\":\"https:\\\/\\\/planetetennis.fr\\\/wp-content\\\/uploads\\\/2022\\\/10\\\/TSETW2109P_1.jpg\",\"width\":2000,\"height\":2000},{\"@type\":\"BreadcrumbList\",\"@id\":\"https:\\\/\\\/planetetennis.fr\\\/product\\\/chaussure-set-21-homme-jaune-fluo-noir\\\/#breadcrumb\",\"itemListElement\":[{\"@type\":\"ListItem\",\"position\":1,\"name\":\"Accueil\",\"item\":\"https:\\\/\\\/planetetennis.fr\\\/\"},{\"@type\":\"ListItem\",\"position\":2,\"name\":\"Nos produits\",\"item\":\"https:\\\/\\\/planetetennis.fr\\\/produits\\\/\"},{\"@type\":\"ListItem\",\"position\":3,\"name\":\"Chaussure SET 21 Homme Jaune Fluo Noir ALL COURT\"}]},{\"@type\":\"WebSite\",\"@id\":\"https:\\\/\\\/planetetennis.fr\\\/#website\",\"url\":\"https:\\\/\\\/planetetennis.fr\\\/\",\"name\":\"Planetetennis\",\"description\":\"Cordages de tennis monofilament fran\u00e7ais\",\"publisher\":{\"@id\":\"https:\\\/\\\/planetetennis.fr\\\/#organization\"},\"potentialAction\":[{\"@type\":\"SearchAction\",\"target\":{\"@type\":\"EntryPoint\",\"urlTemplate\":\"https:\\\/\\\/planetetennis.fr\\\/?s={search_term_string}\"},\"query-input\":{\"@type\":\"PropertyValueSpecification\",\"valueRequired\":true,\"valueName\":\"search_term_string\"}}],\"inLanguage\":\"es-ES\"},{\"@type\":\"Organization\",\"@id\":\"https:\\\/\\\/planetetennis.fr\\\/#organization\",\"name\":\"Planetetennis\",\"url\":\"https:\\\/\\\/planetetennis.fr\\\/\",\"logo\":{\"@type\":\"ImageObject\",\"inLanguage\":\"es-ES\",\"@id\":\"https:\\\/\\\/planetetennis.fr\\\/#\\\/schema\\\/logo\\\/image\\\/\",\"url\":\"https:\\\/\\\/planetetennis.fr\\\/wp-content\\\/uploads\\\/2021\\\/10\\\/logocolor03.png\",\"contentUrl\":\"https:\\\/\\\/planetetennis.fr\\\/wp-content\\\/uploads\\\/2021\\\/10\\\/logocolor03.png\",\"width\":230,\"height\":58,\"caption\":\"Planetetennis\"},\"image\":{\"@id\":\"https:\\\/\\\/planetetennis.fr\\\/#\\\/schema\\\/logo\\\/image\\\/\"}}]}<\/script>\n<!-- \/ Yoast SEO plugin. -->","yoast_head_json":{"title":"Chaussure SET 21 Homme Jaune Fluo Noir ALL COURT - Planetetennis","description":"Ces chaussures de tennis\/padel recommand\u00e9es aux joueurs de poids moyen pour des entra\u00eenements de moyenne intensit\u00e9 offrent davantage de stabilit\u00e9.","robots":{"index":"index","follow":"follow","max-snippet":"max-snippet:-1","max-image-preview":"max-image-preview:large","max-video-preview":"max-video-preview:-1"},"canonical":"https:\/\/planetetennis.fr\/es\/product\/chaussure-set-21-homme-jaune-fluo-noir\/","og_locale":"es_ES","og_type":"article","og_title":"Chaussure SET 21 Homme Jaune Fluo Noir ALL COURT - Planetetennis","og_description":"Ces chaussures de tennis\/padel recommand\u00e9es aux joueurs de poids moyen pour des entra\u00eenements de moyenne intensit\u00e9 offrent davantage de stabilit\u00e9.","og_url":"https:\/\/planetetennis.fr\/es\/product\/chaussure-set-21-homme-jaune-fluo-noir\/","og_site_name":"Planetetennis","article_modified_time":"2026-02-19T17:23:48+00:00","og_image":[{"width":2000,"height":2000,"url":"https:\/\/planetetennis.fr\/wp-content\/uploads\/2022\/10\/TSETW2109P_1.jpg","type":"image\/jpeg"}],"twitter_card":"summary_large_image","twitter_misc":{"Est. reading time":"1 minute"},"schema":{"@context":"https:\/\/schema.org","@graph":[{"@type":"WebPage","@id":"https:\/\/planetetennis.fr\/product\/chaussure-set-21-homme-jaune-fluo-noir\/","url":"https:\/\/planetetennis.fr\/product\/chaussure-set-21-homme-jaune-fluo-noir\/","name":"Chaussure SET 21 Homme Jaune Fluo Noir ALL COURT - Planetetennis","isPartOf":{"@id":"https:\/\/planetetennis.fr\/#website"},"primaryImageOfPage":{"@id":"https:\/\/planetetennis.fr\/product\/chaussure-set-21-homme-jaune-fluo-noir\/#primaryimage"},"image":{"@id":"https:\/\/planetetennis.fr\/product\/chaussure-set-21-homme-jaune-fluo-noir\/#primaryimage"},"thumbnailUrl":"https:\/\/planetetennis.fr\/wp-content\/uploads\/2022\/10\/TSETW2109P_1.jpg","datePublished":"2022-10-07T11:46:55+00:00","dateModified":"2026-02-19T17:23:48+00:00","description":"Ces chaussures de tennis\/padel recommand\u00e9es aux joueurs de poids moyen pour des entra\u00eenements de moyenne intensit\u00e9 offrent davantage de stabilit\u00e9.","breadcrumb":{"@id":"https:\/\/planetetennis.fr\/product\/chaussure-set-21-homme-jaune-fluo-noir\/#breadcrumb"},"inLanguage":"es-ES","potentialAction":[{"@type":"ReadAction","target":["https:\/\/planetetennis.fr\/product\/chaussure-set-21-homme-jaune-fluo-noir\/"]}]},{"@type":"ImageObject","inLanguage":"es-ES","@id":"https:\/\/planetetennis.fr\/product\/chaussure-set-21-homme-jaune-fluo-noir\/#primaryimage","url":"https:\/\/planetetennis.fr\/wp-content\/uploads\/2022\/10\/TSETW2109P_1.jpg","contentUrl":"https:\/\/planetetennis.fr\/wp-content\/uploads\/2022\/10\/TSETW2109P_1.jpg","width":2000,"height":2000},{"@type":"BreadcrumbList","@id":"https:\/\/planetetennis.fr\/product\/chaussure-set-21-homme-jaune-fluo-noir\/#breadcrumb","itemListElement":[{"@type":"ListItem","position":1,"name":"Accueil","item":"https:\/\/planetetennis.fr\/"},{"@type":"ListItem","position":2,"name":"Nos produits","item":"https:\/\/planetetennis.fr\/produits\/"},{"@type":"ListItem","position":3,"name":"Chaussure SET 21 Homme Jaune Fluo Noir ALL COURT"}]},{"@type":"WebSite","@id":"https:\/\/planetetennis.fr\/#website","url":"https:\/\/planetetennis.fr\/","name":"Planeta tenis","description":"Cordages de tennis monofilament fran\u00e7ais","publisher":{"@id":"https:\/\/planetetennis.fr\/#organization"},"potentialAction":[{"@type":"SearchAction","target":{"@type":"EntryPoint","urlTemplate":"https:\/\/planetetennis.fr\/?s={search_term_string}"},"query-input":{"@type":"PropertyValueSpecification","valueRequired":true,"valueName":"search_term_string"}}],"inLanguage":"es-ES"},{"@type":"Organization","@id":"https:\/\/planetetennis.fr\/#organization","name":"Planeta tenis","url":"https:\/\/planetetennis.fr\/","logo":{"@type":"ImageObject","inLanguage":"es-ES","@id":"https:\/\/planetetennis.fr\/#\/schema\/logo\/image\/","url":"https:\/\/planetetennis.fr\/wp-content\/uploads\/2021\/10\/logocolor03.png","contentUrl":"https:\/\/planetetennis.fr\/wp-content\/uploads\/2021\/10\/logocolor03.png","width":230,"height":58,"caption":"Planetetennis"},"image":{"@id":"https:\/\/planetetennis.fr\/#\/schema\/logo\/image\/"}}]}},"_links":{"self":[{"href":"https:\/\/planetetennis.fr\/es\/wp-json\/wp\/v2\/product\/11935","targetHints":{"allow":["GET"]}}],"collection":[{"href":"https:\/\/planetetennis.fr\/es\/wp-json\/wp\/v2\/product"}],"about":[{"href":"https:\/\/planetetennis.fr\/es\/wp-json\/wp\/v2\/types\/product"}],"replies":[{"embeddable":true,"href":"https:\/\/planetetennis.fr\/es\/wp-json\/wp\/v2\/comments?post=11935"}],"wp:featuredmedia":[{"embeddable":true,"href":"https:\/\/planetetennis.fr\/es\/wp-json\/wp\/v2\/media\/11940"}],"wp:attachment":[{"href":"https:\/\/planetetennis.fr\/es\/wp-json\/wp\/v2\/media?parent=11935"}],"wp:term":[{"taxonomy":"product_brand","embeddable":true,"href":"https:\/\/planetetennis.fr\/es\/wp-json\/wp\/v2\/product_brand?post=11935"},{"taxonomy":"product_cat","embeddable":true,"href":"https:\/\/planetetennis.fr\/es\/wp-json\/wp\/v2\/product_cat?post=11935"},{"taxonomy":"product_tag","embeddable":true,"href":"https:\/\/planetetennis.fr\/es\/wp-json\/wp\/v2\/product_tag?post=11935"}],"curies":[{"name":"wp","href":"https:\/\/api.w.org\/{rel}","templated":true}]}}