{"id":12273,"date":"2022-11-10T14:11:13","date_gmt":"2022-11-10T14:11:13","guid":{"rendered":"https:\/\/planetetennis.fr\/?post_type=product&#038;p=12273"},"modified":"2024-03-14T06:54:30","modified_gmt":"2024-03-14T06:54:30","slug":"short-tiida-tech-2-en-1-rose","status":"publish","type":"product","link":"https:\/\/planetetennis.fr\/es\/product\/short-tiida-tech-2-en-1-rose\/","title":{"rendered":"Short Tiida Tech 2 en 1 Rose"},"content":{"rendered":"<p>Coupe simple \u00e9pousant la silhouette<br \/>\nCeinture de pantalon \u00e9lastique contrast\u00e9e<br \/>\nPantalon de compression int\u00e9gr\u00e9<br \/>\nDeux poches zipp\u00e9es<br \/>\nDesign court pour un look moderne<br \/>\nPetit logo<\/p>","protected":false},"excerpt":{"rendered":"<p>Coupe simple \u00e9pousant la silhouette Ceinture de pantalon \u00e9lastique contrast\u00e9e Pantalon de compression int\u00e9gr\u00e9 Deux poches zipp\u00e9es Design court pour un look moderne Petit logo<\/p>","protected":false},"featured_media":12274,"comment_status":"open","ping_status":"closed","template":"","meta":{"_monsterinsights_skip_tracking":false,"_monsterinsights_sitenote_active":false,"_monsterinsights_sitenote_note":"","_monsterinsights_sitenote_category":0},"product_brand":[],"product_cat":[547,543,523,491,442,540,476,541,480,516],"product_tag":[],"class_list":{"0":"post-12273","1":"product","2":"type-product","3":"status-publish","4":"has-post-thumbnail","6":"product_cat-femme-athletisme","7":"product_cat-femme-boxe","8":"product_cat-short-femme-vetements-fitness","9":"product_cat-short-femme-vetements-tennis","10":"product_cat-bidi-badu-store","11":"product_cat-boxe","12":"product_cat-vetements-fitness","13":"product_cat-yoga-pilate","14":"product_cat-femme-vetements-tennis","15":"product_cat-femme-vetements-fitness","17":"first","18":"instock","19":"taxable","20":"shipping-taxable","21":"purchasable","22":"product-type-variable"},"yoast_head":"<!-- This site is optimized with the Yoast SEO plugin v27.5 - https:\/\/yoast.com\/product\/yoast-seo-wordpress\/ -->\n<title>Short Tiida Tech 2 en 1 Rose - Planetetennis<\/title>\n<meta name=\"description\" content=\"Coupe simple \u00e9pousant la silhouette. Ceinture de pantalon \u00e9lastique contrast\u00e9e. Pantalon de compression int\u00e9gr\u00e9 Deux poches zipp\u00e9es.\" \/>\n<meta name=\"robots\" content=\"index, follow, max-snippet:-1, max-image-preview:large, max-video-preview:-1\" \/>\n<link rel=\"canonical\" href=\"https:\/\/planetetennis.fr\/es\/product\/short-tiida-tech-2-en-1-rose\/\" \/>\n<meta property=\"og:locale\" content=\"es_ES\" \/>\n<meta property=\"og:type\" content=\"article\" \/>\n<meta property=\"og:title\" content=\"Short Tiida Tech 2 en 1 Rose - Planetetennis\" \/>\n<meta property=\"og:description\" content=\"Coupe simple \u00e9pousant la silhouette. Ceinture de pantalon \u00e9lastique contrast\u00e9e. Pantalon de compression int\u00e9gr\u00e9 Deux poches zipp\u00e9es.\" \/>\n<meta property=\"og:url\" content=\"https:\/\/planetetennis.fr\/es\/product\/short-tiida-tech-2-en-1-rose\/\" \/>\n<meta property=\"og:site_name\" content=\"Planetetennis\" \/>\n<meta property=\"article:modified_time\" content=\"2024-03-14T06:54:30+00:00\" \/>\n<meta property=\"og:image\" content=\"https:\/\/planetetennis.fr\/wp-content\/uploads\/2022\/11\/W314087213-PKDBL-front.jpg\" \/>\n\t<meta property=\"og:image:width\" content=\"1000\" \/>\n\t<meta property=\"og:image:height\" content=\"1000\" \/>\n\t<meta property=\"og:image:type\" content=\"image\/jpeg\" \/>\n<meta name=\"twitter:card\" content=\"summary_large_image\" \/>\n<script type=\"application\/ld+json\" class=\"yoast-schema-graph\">{\"@context\":\"https:\\\/\\\/schema.org\",\"@graph\":[{\"@type\":\"WebPage\",\"@id\":\"https:\\\/\\\/planetetennis.fr\\\/product\\\/short-tiida-tech-2-en-1-rose\\\/\",\"url\":\"https:\\\/\\\/planetetennis.fr\\\/product\\\/short-tiida-tech-2-en-1-rose\\\/\",\"name\":\"Short Tiida Tech 2 en 1 Rose - Planetetennis\",\"isPartOf\":{\"@id\":\"https:\\\/\\\/planetetennis.fr\\\/#website\"},\"primaryImageOfPage\":{\"@id\":\"https:\\\/\\\/planetetennis.fr\\\/product\\\/short-tiida-tech-2-en-1-rose\\\/#primaryimage\"},\"image\":{\"@id\":\"https:\\\/\\\/planetetennis.fr\\\/product\\\/short-tiida-tech-2-en-1-rose\\\/#primaryimage\"},\"thumbnailUrl\":\"https:\\\/\\\/planetetennis.fr\\\/wp-content\\\/uploads\\\/2022\\\/11\\\/W314087213-PKDBL-front.jpg\",\"datePublished\":\"2022-11-10T14:11:13+00:00\",\"dateModified\":\"2024-03-14T06:54:30+00:00\",\"description\":\"Coupe simple \u00e9pousant la silhouette. Ceinture de pantalon \u00e9lastique contrast\u00e9e. Pantalon de compression int\u00e9gr\u00e9 Deux poches zipp\u00e9es.\",\"breadcrumb\":{\"@id\":\"https:\\\/\\\/planetetennis.fr\\\/product\\\/short-tiida-tech-2-en-1-rose\\\/#breadcrumb\"},\"inLanguage\":\"es-ES\",\"potentialAction\":[{\"@type\":\"ReadAction\",\"target\":[\"https:\\\/\\\/planetetennis.fr\\\/product\\\/short-tiida-tech-2-en-1-rose\\\/\"]}]},{\"@type\":\"ImageObject\",\"inLanguage\":\"es-ES\",\"@id\":\"https:\\\/\\\/planetetennis.fr\\\/product\\\/short-tiida-tech-2-en-1-rose\\\/#primaryimage\",\"url\":\"https:\\\/\\\/planetetennis.fr\\\/wp-content\\\/uploads\\\/2022\\\/11\\\/W314087213-PKDBL-front.jpg\",\"contentUrl\":\"https:\\\/\\\/planetetennis.fr\\\/wp-content\\\/uploads\\\/2022\\\/11\\\/W314087213-PKDBL-front.jpg\",\"width\":1000,\"height\":1000},{\"@type\":\"BreadcrumbList\",\"@id\":\"https:\\\/\\\/planetetennis.fr\\\/product\\\/short-tiida-tech-2-en-1-rose\\\/#breadcrumb\",\"itemListElement\":[{\"@type\":\"ListItem\",\"position\":1,\"name\":\"Accueil\",\"item\":\"https:\\\/\\\/planetetennis.fr\\\/\"},{\"@type\":\"ListItem\",\"position\":2,\"name\":\"Nos produits\",\"item\":\"https:\\\/\\\/planetetennis.fr\\\/produits\\\/\"},{\"@type\":\"ListItem\",\"position\":3,\"name\":\"Short Tiida Tech 2 en 1 Rose\"}]},{\"@type\":\"WebSite\",\"@id\":\"https:\\\/\\\/planetetennis.fr\\\/#website\",\"url\":\"https:\\\/\\\/planetetennis.fr\\\/\",\"name\":\"Planetetennis\",\"description\":\"Cordages de tennis monofilament fran\u00e7ais\",\"publisher\":{\"@id\":\"https:\\\/\\\/planetetennis.fr\\\/#organization\"},\"potentialAction\":[{\"@type\":\"SearchAction\",\"target\":{\"@type\":\"EntryPoint\",\"urlTemplate\":\"https:\\\/\\\/planetetennis.fr\\\/?s={search_term_string}\"},\"query-input\":{\"@type\":\"PropertyValueSpecification\",\"valueRequired\":true,\"valueName\":\"search_term_string\"}}],\"inLanguage\":\"es-ES\"},{\"@type\":\"Organization\",\"@id\":\"https:\\\/\\\/planetetennis.fr\\\/#organization\",\"name\":\"Planetetennis\",\"url\":\"https:\\\/\\\/planetetennis.fr\\\/\",\"logo\":{\"@type\":\"ImageObject\",\"inLanguage\":\"es-ES\",\"@id\":\"https:\\\/\\\/planetetennis.fr\\\/#\\\/schema\\\/logo\\\/image\\\/\",\"url\":\"https:\\\/\\\/planetetennis.fr\\\/wp-content\\\/uploads\\\/2021\\\/10\\\/logocolor03.png\",\"contentUrl\":\"https:\\\/\\\/planetetennis.fr\\\/wp-content\\\/uploads\\\/2021\\\/10\\\/logocolor03.png\",\"width\":230,\"height\":58,\"caption\":\"Planetetennis\"},\"image\":{\"@id\":\"https:\\\/\\\/planetetennis.fr\\\/#\\\/schema\\\/logo\\\/image\\\/\"}}]}<\/script>\n<!-- \/ Yoast SEO plugin. -->","yoast_head_json":{"title":"Short Tiida Tech 2 en 1 Rose - Planetetennis","description":"Coupe simple \u00e9pousant la silhouette. Ceinture de pantalon \u00e9lastique contrast\u00e9e. Pantalon de compression int\u00e9gr\u00e9 Deux poches zipp\u00e9es.","robots":{"index":"index","follow":"follow","max-snippet":"max-snippet:-1","max-image-preview":"max-image-preview:large","max-video-preview":"max-video-preview:-1"},"canonical":"https:\/\/planetetennis.fr\/es\/product\/short-tiida-tech-2-en-1-rose\/","og_locale":"es_ES","og_type":"article","og_title":"Short Tiida Tech 2 en 1 Rose - Planetetennis","og_description":"Coupe simple \u00e9pousant la silhouette. Ceinture de pantalon \u00e9lastique contrast\u00e9e. Pantalon de compression int\u00e9gr\u00e9 Deux poches zipp\u00e9es.","og_url":"https:\/\/planetetennis.fr\/es\/product\/short-tiida-tech-2-en-1-rose\/","og_site_name":"Planetetennis","article_modified_time":"2024-03-14T06:54:30+00:00","og_image":[{"width":1000,"height":1000,"url":"https:\/\/planetetennis.fr\/wp-content\/uploads\/2022\/11\/W314087213-PKDBL-front.jpg","type":"image\/jpeg"}],"twitter_card":"summary_large_image","schema":{"@context":"https:\/\/schema.org","@graph":[{"@type":"WebPage","@id":"https:\/\/planetetennis.fr\/product\/short-tiida-tech-2-en-1-rose\/","url":"https:\/\/planetetennis.fr\/product\/short-tiida-tech-2-en-1-rose\/","name":"Short Tiida Tech 2 en 1 Rose - Planetetennis","isPartOf":{"@id":"https:\/\/planetetennis.fr\/#website"},"primaryImageOfPage":{"@id":"https:\/\/planetetennis.fr\/product\/short-tiida-tech-2-en-1-rose\/#primaryimage"},"image":{"@id":"https:\/\/planetetennis.fr\/product\/short-tiida-tech-2-en-1-rose\/#primaryimage"},"thumbnailUrl":"https:\/\/planetetennis.fr\/wp-content\/uploads\/2022\/11\/W314087213-PKDBL-front.jpg","datePublished":"2022-11-10T14:11:13+00:00","dateModified":"2024-03-14T06:54:30+00:00","description":"Coupe simple \u00e9pousant la silhouette. Ceinture de pantalon \u00e9lastique contrast\u00e9e. Pantalon de compression int\u00e9gr\u00e9 Deux poches zipp\u00e9es.","breadcrumb":{"@id":"https:\/\/planetetennis.fr\/product\/short-tiida-tech-2-en-1-rose\/#breadcrumb"},"inLanguage":"es-ES","potentialAction":[{"@type":"ReadAction","target":["https:\/\/planetetennis.fr\/product\/short-tiida-tech-2-en-1-rose\/"]}]},{"@type":"ImageObject","inLanguage":"es-ES","@id":"https:\/\/planetetennis.fr\/product\/short-tiida-tech-2-en-1-rose\/#primaryimage","url":"https:\/\/planetetennis.fr\/wp-content\/uploads\/2022\/11\/W314087213-PKDBL-front.jpg","contentUrl":"https:\/\/planetetennis.fr\/wp-content\/uploads\/2022\/11\/W314087213-PKDBL-front.jpg","width":1000,"height":1000},{"@type":"BreadcrumbList","@id":"https:\/\/planetetennis.fr\/product\/short-tiida-tech-2-en-1-rose\/#breadcrumb","itemListElement":[{"@type":"ListItem","position":1,"name":"Accueil","item":"https:\/\/planetetennis.fr\/"},{"@type":"ListItem","position":2,"name":"Nos produits","item":"https:\/\/planetetennis.fr\/produits\/"},{"@type":"ListItem","position":3,"name":"Short Tiida Tech 2 en 1 Rose"}]},{"@type":"WebSite","@id":"https:\/\/planetetennis.fr\/#website","url":"https:\/\/planetetennis.fr\/","name":"Planeta tenis","description":"Cordages de tennis monofilament fran\u00e7ais","publisher":{"@id":"https:\/\/planetetennis.fr\/#organization"},"potentialAction":[{"@type":"SearchAction","target":{"@type":"EntryPoint","urlTemplate":"https:\/\/planetetennis.fr\/?s={search_term_string}"},"query-input":{"@type":"PropertyValueSpecification","valueRequired":true,"valueName":"search_term_string"}}],"inLanguage":"es-ES"},{"@type":"Organization","@id":"https:\/\/planetetennis.fr\/#organization","name":"Planeta tenis","url":"https:\/\/planetetennis.fr\/","logo":{"@type":"ImageObject","inLanguage":"es-ES","@id":"https:\/\/planetetennis.fr\/#\/schema\/logo\/image\/","url":"https:\/\/planetetennis.fr\/wp-content\/uploads\/2021\/10\/logocolor03.png","contentUrl":"https:\/\/planetetennis.fr\/wp-content\/uploads\/2021\/10\/logocolor03.png","width":230,"height":58,"caption":"Planetetennis"},"image":{"@id":"https:\/\/planetetennis.fr\/#\/schema\/logo\/image\/"}}]}},"_links":{"self":[{"href":"https:\/\/planetetennis.fr\/es\/wp-json\/wp\/v2\/product\/12273","targetHints":{"allow":["GET"]}}],"collection":[{"href":"https:\/\/planetetennis.fr\/es\/wp-json\/wp\/v2\/product"}],"about":[{"href":"https:\/\/planetetennis.fr\/es\/wp-json\/wp\/v2\/types\/product"}],"replies":[{"embeddable":true,"href":"https:\/\/planetetennis.fr\/es\/wp-json\/wp\/v2\/comments?post=12273"}],"wp:featuredmedia":[{"embeddable":true,"href":"https:\/\/planetetennis.fr\/es\/wp-json\/wp\/v2\/media\/12274"}],"wp:attachment":[{"href":"https:\/\/planetetennis.fr\/es\/wp-json\/wp\/v2\/media?parent=12273"}],"wp:term":[{"taxonomy":"product_brand","embeddable":true,"href":"https:\/\/planetetennis.fr\/es\/wp-json\/wp\/v2\/product_brand?post=12273"},{"taxonomy":"product_cat","embeddable":true,"href":"https:\/\/planetetennis.fr\/es\/wp-json\/wp\/v2\/product_cat?post=12273"},{"taxonomy":"product_tag","embeddable":true,"href":"https:\/\/planetetennis.fr\/es\/wp-json\/wp\/v2\/product_tag?post=12273"}],"curies":[{"name":"wp","href":"https:\/\/api.w.org\/{rel}","templated":true}]}}