{"id":12521,"date":"2022-11-30T09:13:04","date_gmt":"2022-11-30T09:13:04","guid":{"rendered":"https:\/\/planetetennis.fr\/?post_type=product&#038;p=12521"},"modified":"2024-01-04T11:29:06","modified_gmt":"2024-01-04T11:29:06","slug":"jupe-legging-faida-tech-bleu","status":"publish","type":"product","link":"https:\/\/planetetennis.fr\/es\/product\/jupe-legging-faida-tech-bleu\/","title":{"rendered":"Jupe-Legging Faida Tech Bleu"},"content":{"rendered":"<p>Parfois, un remix est pr\u00e9f\u00e9rable. C\u2019est ce que nous avons pens\u00e9 pour cette pi\u00e8ce et nous avons m\u00e9lang\u00e9 le legging 3\/4 classique avec la petite jupe branch\u00e9e pour cette combinaison sympa. Ainsi, tu n\u2019es pas seulement bien \u00e9quip\u00e9e pour un m\u00e9lange de temps, mais aussi pour un m\u00e9lange de couleurs avec ton haut, tu triomphes sur le terrain like a winner.<\/p>","protected":false},"excerpt":{"rendered":"<p>Parfois, un remix est pr\u00e9f\u00e9rable. C&#8217;est ce que nous avons pens\u00e9 pour cette pi\u00e8ce et nous avons m\u00e9lang\u00e9 le legging 3\/4 classique avec la petite jupe branch\u00e9e pour cette combinaison sympa. Ainsi, tu n&#8217;es pas seulement bien \u00e9quip\u00e9e pour un m\u00e9lange de temps, mais aussi pour un m\u00e9lange de couleurs avec ton haut, tu triomphes sur le terrain like a winner.<\/p>","protected":false},"featured_media":12527,"comment_status":"open","ping_status":"closed","template":"","meta":{"_monsterinsights_skip_tracking":false,"_monsterinsights_sitenote_active":false,"_monsterinsights_sitenote_note":"","_monsterinsights_sitenote_category":0},"product_brand":[],"product_cat":[490,475,480],"product_tag":[],"class_list":{"0":"post-12521","1":"product","2":"type-product","3":"status-publish","4":"has-post-thumbnail","6":"product_cat-jupe","7":"product_cat-vetements-tennis","8":"product_cat-femme-vetements-tennis","10":"first","11":"instock","12":"taxable","13":"shipping-taxable","14":"purchasable","15":"product-type-variable"},"yoast_head":"<!-- This site is optimized with the Yoast SEO plugin v27.5 - https:\/\/yoast.com\/product\/yoast-seo-wordpress\/ -->\n<title>Jupe-Legging Faida Tech Bleu - Planetetennis<\/title>\n<meta name=\"description\" content=\"Parfois, un remix est pr\u00e9f\u00e9rable. C&#039;est ce que nous avons pens\u00e9 pour cette pi\u00e8ce et nous avons m\u00e9lang\u00e9 le legging 3\/4 classique avec la petite jupe branch\u00e9e\" \/>\n<meta name=\"robots\" content=\"index, follow, max-snippet:-1, max-image-preview:large, max-video-preview:-1\" \/>\n<link rel=\"canonical\" href=\"https:\/\/planetetennis.fr\/es\/product\/jupe-legging-faida-tech-bleu\/\" \/>\n<meta property=\"og:locale\" content=\"es_ES\" \/>\n<meta property=\"og:type\" content=\"article\" \/>\n<meta property=\"og:title\" content=\"Jupe-Legging Faida Tech Bleu - Planetetennis\" \/>\n<meta property=\"og:description\" content=\"Parfois, un remix est pr\u00e9f\u00e9rable. C&#039;est ce que nous avons pens\u00e9 pour cette pi\u00e8ce et nous avons m\u00e9lang\u00e9 le legging 3\/4 classique avec la petite jupe branch\u00e9e\" \/>\n<meta property=\"og:url\" content=\"https:\/\/planetetennis.fr\/es\/product\/jupe-legging-faida-tech-bleu\/\" \/>\n<meta property=\"og:site_name\" content=\"Planetetennis\" \/>\n<meta property=\"article:modified_time\" content=\"2024-01-04T11:29:06+00:00\" \/>\n<meta property=\"og:image\" content=\"https:\/\/planetetennis.fr\/wp-content\/uploads\/2022\/11\/W274036221-DBLLBL-2.jpg\" \/>\n\t<meta property=\"og:image:width\" content=\"1000\" \/>\n\t<meta property=\"og:image:height\" content=\"999\" \/>\n\t<meta property=\"og:image:type\" content=\"image\/jpeg\" \/>\n<meta name=\"twitter:card\" content=\"summary_large_image\" \/>\n<script type=\"application\/ld+json\" class=\"yoast-schema-graph\">{\"@context\":\"https:\\\/\\\/schema.org\",\"@graph\":[{\"@type\":\"WebPage\",\"@id\":\"https:\\\/\\\/planetetennis.fr\\\/product\\\/jupe-legging-faida-tech-bleu\\\/\",\"url\":\"https:\\\/\\\/planetetennis.fr\\\/product\\\/jupe-legging-faida-tech-bleu\\\/\",\"name\":\"Jupe-Legging Faida Tech Bleu - Planetetennis\",\"isPartOf\":{\"@id\":\"https:\\\/\\\/planetetennis.fr\\\/#website\"},\"primaryImageOfPage\":{\"@id\":\"https:\\\/\\\/planetetennis.fr\\\/product\\\/jupe-legging-faida-tech-bleu\\\/#primaryimage\"},\"image\":{\"@id\":\"https:\\\/\\\/planetetennis.fr\\\/product\\\/jupe-legging-faida-tech-bleu\\\/#primaryimage\"},\"thumbnailUrl\":\"https:\\\/\\\/planetetennis.fr\\\/wp-content\\\/uploads\\\/2022\\\/11\\\/W274036221-DBLLBL-2.jpg\",\"datePublished\":\"2022-11-30T09:13:04+00:00\",\"dateModified\":\"2024-01-04T11:29:06+00:00\",\"description\":\"Parfois, un remix est pr\u00e9f\u00e9rable. C'est ce que nous avons pens\u00e9 pour cette pi\u00e8ce et nous avons m\u00e9lang\u00e9 le legging 3\\\/4 classique avec la petite jupe branch\u00e9e\",\"breadcrumb\":{\"@id\":\"https:\\\/\\\/planetetennis.fr\\\/product\\\/jupe-legging-faida-tech-bleu\\\/#breadcrumb\"},\"inLanguage\":\"es-ES\",\"potentialAction\":[{\"@type\":\"ReadAction\",\"target\":[\"https:\\\/\\\/planetetennis.fr\\\/product\\\/jupe-legging-faida-tech-bleu\\\/\"]}]},{\"@type\":\"ImageObject\",\"inLanguage\":\"es-ES\",\"@id\":\"https:\\\/\\\/planetetennis.fr\\\/product\\\/jupe-legging-faida-tech-bleu\\\/#primaryimage\",\"url\":\"https:\\\/\\\/planetetennis.fr\\\/wp-content\\\/uploads\\\/2022\\\/11\\\/W274036221-DBLLBL-2.jpg\",\"contentUrl\":\"https:\\\/\\\/planetetennis.fr\\\/wp-content\\\/uploads\\\/2022\\\/11\\\/W274036221-DBLLBL-2.jpg\",\"width\":1000,\"height\":999},{\"@type\":\"BreadcrumbList\",\"@id\":\"https:\\\/\\\/planetetennis.fr\\\/product\\\/jupe-legging-faida-tech-bleu\\\/#breadcrumb\",\"itemListElement\":[{\"@type\":\"ListItem\",\"position\":1,\"name\":\"Accueil\",\"item\":\"https:\\\/\\\/planetetennis.fr\\\/\"},{\"@type\":\"ListItem\",\"position\":2,\"name\":\"Nos produits\",\"item\":\"https:\\\/\\\/planetetennis.fr\\\/produits\\\/\"},{\"@type\":\"ListItem\",\"position\":3,\"name\":\"Jupe-Legging Faida Tech Bleu\"}]},{\"@type\":\"WebSite\",\"@id\":\"https:\\\/\\\/planetetennis.fr\\\/#website\",\"url\":\"https:\\\/\\\/planetetennis.fr\\\/\",\"name\":\"Planetetennis\",\"description\":\"Cordages de tennis monofilament fran\u00e7ais\",\"publisher\":{\"@id\":\"https:\\\/\\\/planetetennis.fr\\\/#organization\"},\"potentialAction\":[{\"@type\":\"SearchAction\",\"target\":{\"@type\":\"EntryPoint\",\"urlTemplate\":\"https:\\\/\\\/planetetennis.fr\\\/?s={search_term_string}\"},\"query-input\":{\"@type\":\"PropertyValueSpecification\",\"valueRequired\":true,\"valueName\":\"search_term_string\"}}],\"inLanguage\":\"es-ES\"},{\"@type\":\"Organization\",\"@id\":\"https:\\\/\\\/planetetennis.fr\\\/#organization\",\"name\":\"Planetetennis\",\"url\":\"https:\\\/\\\/planetetennis.fr\\\/\",\"logo\":{\"@type\":\"ImageObject\",\"inLanguage\":\"es-ES\",\"@id\":\"https:\\\/\\\/planetetennis.fr\\\/#\\\/schema\\\/logo\\\/image\\\/\",\"url\":\"https:\\\/\\\/planetetennis.fr\\\/wp-content\\\/uploads\\\/2021\\\/10\\\/logocolor03.png\",\"contentUrl\":\"https:\\\/\\\/planetetennis.fr\\\/wp-content\\\/uploads\\\/2021\\\/10\\\/logocolor03.png\",\"width\":230,\"height\":58,\"caption\":\"Planetetennis\"},\"image\":{\"@id\":\"https:\\\/\\\/planetetennis.fr\\\/#\\\/schema\\\/logo\\\/image\\\/\"}}]}<\/script>\n<!-- \/ Yoast SEO plugin. -->","yoast_head_json":{"title":"Jupe-Legging Faida Tech Bleu - Planetetennis","description":"Parfois, un remix est pr\u00e9f\u00e9rable. C'est ce que nous avons pens\u00e9 pour cette pi\u00e8ce et nous avons m\u00e9lang\u00e9 le legging 3\/4 classique avec la petite jupe branch\u00e9e","robots":{"index":"index","follow":"follow","max-snippet":"max-snippet:-1","max-image-preview":"max-image-preview:large","max-video-preview":"max-video-preview:-1"},"canonical":"https:\/\/planetetennis.fr\/es\/product\/jupe-legging-faida-tech-bleu\/","og_locale":"es_ES","og_type":"article","og_title":"Jupe-Legging Faida Tech Bleu - Planetetennis","og_description":"Parfois, un remix est pr\u00e9f\u00e9rable. C'est ce que nous avons pens\u00e9 pour cette pi\u00e8ce et nous avons m\u00e9lang\u00e9 le legging 3\/4 classique avec la petite jupe branch\u00e9e","og_url":"https:\/\/planetetennis.fr\/es\/product\/jupe-legging-faida-tech-bleu\/","og_site_name":"Planetetennis","article_modified_time":"2024-01-04T11:29:06+00:00","og_image":[{"width":1000,"height":999,"url":"https:\/\/planetetennis.fr\/wp-content\/uploads\/2022\/11\/W274036221-DBLLBL-2.jpg","type":"image\/jpeg"}],"twitter_card":"summary_large_image","schema":{"@context":"https:\/\/schema.org","@graph":[{"@type":"WebPage","@id":"https:\/\/planetetennis.fr\/product\/jupe-legging-faida-tech-bleu\/","url":"https:\/\/planetetennis.fr\/product\/jupe-legging-faida-tech-bleu\/","name":"Jupe-Legging Faida Tech Bleu - Planetetennis","isPartOf":{"@id":"https:\/\/planetetennis.fr\/#website"},"primaryImageOfPage":{"@id":"https:\/\/planetetennis.fr\/product\/jupe-legging-faida-tech-bleu\/#primaryimage"},"image":{"@id":"https:\/\/planetetennis.fr\/product\/jupe-legging-faida-tech-bleu\/#primaryimage"},"thumbnailUrl":"https:\/\/planetetennis.fr\/wp-content\/uploads\/2022\/11\/W274036221-DBLLBL-2.jpg","datePublished":"2022-11-30T09:13:04+00:00","dateModified":"2024-01-04T11:29:06+00:00","description":"Parfois, un remix est pr\u00e9f\u00e9rable. C'est ce que nous avons pens\u00e9 pour cette pi\u00e8ce et nous avons m\u00e9lang\u00e9 le legging 3\/4 classique avec la petite jupe branch\u00e9e","breadcrumb":{"@id":"https:\/\/planetetennis.fr\/product\/jupe-legging-faida-tech-bleu\/#breadcrumb"},"inLanguage":"es-ES","potentialAction":[{"@type":"ReadAction","target":["https:\/\/planetetennis.fr\/product\/jupe-legging-faida-tech-bleu\/"]}]},{"@type":"ImageObject","inLanguage":"es-ES","@id":"https:\/\/planetetennis.fr\/product\/jupe-legging-faida-tech-bleu\/#primaryimage","url":"https:\/\/planetetennis.fr\/wp-content\/uploads\/2022\/11\/W274036221-DBLLBL-2.jpg","contentUrl":"https:\/\/planetetennis.fr\/wp-content\/uploads\/2022\/11\/W274036221-DBLLBL-2.jpg","width":1000,"height":999},{"@type":"BreadcrumbList","@id":"https:\/\/planetetennis.fr\/product\/jupe-legging-faida-tech-bleu\/#breadcrumb","itemListElement":[{"@type":"ListItem","position":1,"name":"Accueil","item":"https:\/\/planetetennis.fr\/"},{"@type":"ListItem","position":2,"name":"Nos produits","item":"https:\/\/planetetennis.fr\/produits\/"},{"@type":"ListItem","position":3,"name":"Jupe-Legging Faida Tech Bleu"}]},{"@type":"WebSite","@id":"https:\/\/planetetennis.fr\/#website","url":"https:\/\/planetetennis.fr\/","name":"Planeta tenis","description":"Cordages de tennis monofilament fran\u00e7ais","publisher":{"@id":"https:\/\/planetetennis.fr\/#organization"},"potentialAction":[{"@type":"SearchAction","target":{"@type":"EntryPoint","urlTemplate":"https:\/\/planetetennis.fr\/?s={search_term_string}"},"query-input":{"@type":"PropertyValueSpecification","valueRequired":true,"valueName":"search_term_string"}}],"inLanguage":"es-ES"},{"@type":"Organization","@id":"https:\/\/planetetennis.fr\/#organization","name":"Planeta tenis","url":"https:\/\/planetetennis.fr\/","logo":{"@type":"ImageObject","inLanguage":"es-ES","@id":"https:\/\/planetetennis.fr\/#\/schema\/logo\/image\/","url":"https:\/\/planetetennis.fr\/wp-content\/uploads\/2021\/10\/logocolor03.png","contentUrl":"https:\/\/planetetennis.fr\/wp-content\/uploads\/2021\/10\/logocolor03.png","width":230,"height":58,"caption":"Planetetennis"},"image":{"@id":"https:\/\/planetetennis.fr\/#\/schema\/logo\/image\/"}}]}},"_links":{"self":[{"href":"https:\/\/planetetennis.fr\/es\/wp-json\/wp\/v2\/product\/12521","targetHints":{"allow":["GET"]}}],"collection":[{"href":"https:\/\/planetetennis.fr\/es\/wp-json\/wp\/v2\/product"}],"about":[{"href":"https:\/\/planetetennis.fr\/es\/wp-json\/wp\/v2\/types\/product"}],"replies":[{"embeddable":true,"href":"https:\/\/planetetennis.fr\/es\/wp-json\/wp\/v2\/comments?post=12521"}],"wp:featuredmedia":[{"embeddable":true,"href":"https:\/\/planetetennis.fr\/es\/wp-json\/wp\/v2\/media\/12527"}],"wp:attachment":[{"href":"https:\/\/planetetennis.fr\/es\/wp-json\/wp\/v2\/media?parent=12521"}],"wp:term":[{"taxonomy":"product_brand","embeddable":true,"href":"https:\/\/planetetennis.fr\/es\/wp-json\/wp\/v2\/product_brand?post=12521"},{"taxonomy":"product_cat","embeddable":true,"href":"https:\/\/planetetennis.fr\/es\/wp-json\/wp\/v2\/product_cat?post=12521"},{"taxonomy":"product_tag","embeddable":true,"href":"https:\/\/planetetennis.fr\/es\/wp-json\/wp\/v2\/product_tag?post=12521"}],"curies":[{"name":"wp","href":"https:\/\/api.w.org\/{rel}","templated":true}]}}