{"id":12919,"date":"2022-12-07T10:26:07","date_gmt":"2022-12-07T10:26:07","guid":{"rendered":"https:\/\/planetetennis.fr\/?post_type=product&#038;p=12919"},"modified":"2024-01-04T02:49:14","modified_gmt":"2024-01-04T02:49:14","slug":"sac-cusyan-duffle-noir","status":"publish","type":"product","link":"https:\/\/planetetennis.fr\/es\/product\/sac-cusyan-duffle-noir\/","title":{"rendered":"Sac Cusyan Duffle Noir"},"content":{"rendered":"","protected":false},"excerpt":{"rendered":"<p>Affichez ce sac renforc\u00e9 et r\u00e9sistant aux intemp\u00e9ries lors des journ\u00e9es d&#8217;hiver glaciales, pour transporter vos styles BIDI au chaud et \u00e0 l&#8217;aise. Il est spacieux, confortable \u00e0 porter et l&#8217;accessoire parfait pour une promenade \u00e9l\u00e9gante dans la rue.<\/p>","protected":false},"featured_media":12920,"comment_status":"open","ping_status":"closed","template":"","meta":{"_monsterinsights_skip_tracking":false,"_monsterinsights_sitenote_active":false,"_monsterinsights_sitenote_note":"","_monsterinsights_sitenote_category":0},"product_brand":[],"product_cat":[509,477],"product_tag":[],"class_list":{"0":"post-12919","1":"product","2":"type-product","3":"status-publish","4":"has-post-thumbnail","6":"product_cat-sacs","7":"product_cat-baggagerie","9":"first","10":"onbackorder","11":"taxable","12":"shipping-taxable","13":"purchasable","14":"product-type-simple"},"yoast_head":"<!-- This site is optimized with the Yoast SEO plugin v27.4 - https:\/\/yoast.com\/product\/yoast-seo-wordpress\/ -->\n<title>Sac Cusyan Duffle Noir - Planetetennis<\/title>\n<meta name=\"description\" content=\"Affichez ce sac renforc\u00e9 et r\u00e9sistant aux intemp\u00e9ries lors des journ\u00e9es d&#039;hiver glaciales, pour transporter vos styles BIDI au chaud et \u00e0 l&#039;aise.\" \/>\n<meta name=\"robots\" content=\"index, follow, max-snippet:-1, max-image-preview:large, max-video-preview:-1\" \/>\n<link rel=\"canonical\" href=\"https:\/\/planetetennis.fr\/es\/product\/sac-cusyan-duffle-noir\/\" \/>\n<meta property=\"og:locale\" content=\"es_ES\" \/>\n<meta property=\"og:type\" content=\"article\" \/>\n<meta property=\"og:title\" content=\"Sac Cusyan Duffle Noir - Planetetennis\" \/>\n<meta property=\"og:description\" content=\"Affichez ce sac renforc\u00e9 et r\u00e9sistant aux intemp\u00e9ries lors des journ\u00e9es d&#039;hiver glaciales, pour transporter vos styles BIDI au chaud et \u00e0 l&#039;aise.\" \/>\n<meta property=\"og:url\" content=\"https:\/\/planetetennis.fr\/es\/product\/sac-cusyan-duffle-noir\/\" \/>\n<meta property=\"og:site_name\" content=\"Planetetennis\" \/>\n<meta property=\"article:modified_time\" content=\"2024-01-04T02:49:14+00:00\" \/>\n<meta property=\"og:image\" content=\"https:\/\/planetetennis.fr\/wp-content\/uploads\/2022\/12\/e372af535eb56a4c318ad01e2fdd56ff_1920x1920.jpg\" \/>\n\t<meta property=\"og:image:width\" content=\"1000\" \/>\n\t<meta property=\"og:image:height\" content=\"1000\" \/>\n\t<meta property=\"og:image:type\" content=\"image\/jpeg\" \/>\n<meta name=\"twitter:card\" content=\"summary_large_image\" \/>\n<script type=\"application\/ld+json\" class=\"yoast-schema-graph\">{\"@context\":\"https:\\\/\\\/schema.org\",\"@graph\":[{\"@type\":\"WebPage\",\"@id\":\"https:\\\/\\\/planetetennis.fr\\\/product\\\/sac-cusyan-duffle-noir\\\/\",\"url\":\"https:\\\/\\\/planetetennis.fr\\\/product\\\/sac-cusyan-duffle-noir\\\/\",\"name\":\"Sac Cusyan Duffle Noir - Planetetennis\",\"isPartOf\":{\"@id\":\"https:\\\/\\\/planetetennis.fr\\\/#website\"},\"primaryImageOfPage\":{\"@id\":\"https:\\\/\\\/planetetennis.fr\\\/product\\\/sac-cusyan-duffle-noir\\\/#primaryimage\"},\"image\":{\"@id\":\"https:\\\/\\\/planetetennis.fr\\\/product\\\/sac-cusyan-duffle-noir\\\/#primaryimage\"},\"thumbnailUrl\":\"https:\\\/\\\/planetetennis.fr\\\/wp-content\\\/uploads\\\/2022\\\/12\\\/e372af535eb56a4c318ad01e2fdd56ff_1920x1920.jpg\",\"datePublished\":\"2022-12-07T10:26:07+00:00\",\"dateModified\":\"2024-01-04T02:49:14+00:00\",\"description\":\"Affichez ce sac renforc\u00e9 et r\u00e9sistant aux intemp\u00e9ries lors des journ\u00e9es d'hiver glaciales, pour transporter vos styles BIDI au chaud et \u00e0 l'aise.\",\"breadcrumb\":{\"@id\":\"https:\\\/\\\/planetetennis.fr\\\/product\\\/sac-cusyan-duffle-noir\\\/#breadcrumb\"},\"inLanguage\":\"es-ES\",\"potentialAction\":[{\"@type\":\"ReadAction\",\"target\":[\"https:\\\/\\\/planetetennis.fr\\\/product\\\/sac-cusyan-duffle-noir\\\/\"]}]},{\"@type\":\"ImageObject\",\"inLanguage\":\"es-ES\",\"@id\":\"https:\\\/\\\/planetetennis.fr\\\/product\\\/sac-cusyan-duffle-noir\\\/#primaryimage\",\"url\":\"https:\\\/\\\/planetetennis.fr\\\/wp-content\\\/uploads\\\/2022\\\/12\\\/e372af535eb56a4c318ad01e2fdd56ff_1920x1920.jpg\",\"contentUrl\":\"https:\\\/\\\/planetetennis.fr\\\/wp-content\\\/uploads\\\/2022\\\/12\\\/e372af535eb56a4c318ad01e2fdd56ff_1920x1920.jpg\",\"width\":1000,\"height\":1000},{\"@type\":\"BreadcrumbList\",\"@id\":\"https:\\\/\\\/planetetennis.fr\\\/product\\\/sac-cusyan-duffle-noir\\\/#breadcrumb\",\"itemListElement\":[{\"@type\":\"ListItem\",\"position\":1,\"name\":\"Accueil\",\"item\":\"https:\\\/\\\/planetetennis.fr\\\/\"},{\"@type\":\"ListItem\",\"position\":2,\"name\":\"Nos produits\",\"item\":\"https:\\\/\\\/planetetennis.fr\\\/produits\\\/\"},{\"@type\":\"ListItem\",\"position\":3,\"name\":\"Sac Cusyan Duffle Noir\"}]},{\"@type\":\"WebSite\",\"@id\":\"https:\\\/\\\/planetetennis.fr\\\/#website\",\"url\":\"https:\\\/\\\/planetetennis.fr\\\/\",\"name\":\"Planetetennis\",\"description\":\"Cordages de tennis monofilament fran\u00e7ais\",\"publisher\":{\"@id\":\"https:\\\/\\\/planetetennis.fr\\\/#organization\"},\"potentialAction\":[{\"@type\":\"SearchAction\",\"target\":{\"@type\":\"EntryPoint\",\"urlTemplate\":\"https:\\\/\\\/planetetennis.fr\\\/?s={search_term_string}\"},\"query-input\":{\"@type\":\"PropertyValueSpecification\",\"valueRequired\":true,\"valueName\":\"search_term_string\"}}],\"inLanguage\":\"es-ES\"},{\"@type\":\"Organization\",\"@id\":\"https:\\\/\\\/planetetennis.fr\\\/#organization\",\"name\":\"Planetetennis\",\"url\":\"https:\\\/\\\/planetetennis.fr\\\/\",\"logo\":{\"@type\":\"ImageObject\",\"inLanguage\":\"es-ES\",\"@id\":\"https:\\\/\\\/planetetennis.fr\\\/#\\\/schema\\\/logo\\\/image\\\/\",\"url\":\"https:\\\/\\\/planetetennis.fr\\\/wp-content\\\/uploads\\\/2021\\\/10\\\/logocolor03.png\",\"contentUrl\":\"https:\\\/\\\/planetetennis.fr\\\/wp-content\\\/uploads\\\/2021\\\/10\\\/logocolor03.png\",\"width\":230,\"height\":58,\"caption\":\"Planetetennis\"},\"image\":{\"@id\":\"https:\\\/\\\/planetetennis.fr\\\/#\\\/schema\\\/logo\\\/image\\\/\"}}]}<\/script>\n<!-- \/ Yoast SEO plugin. -->","yoast_head_json":{"title":"Sac Cusyan Duffle Noir - Planetetennis","description":"Affichez ce sac renforc\u00e9 et r\u00e9sistant aux intemp\u00e9ries lors des journ\u00e9es d'hiver glaciales, pour transporter vos styles BIDI au chaud et \u00e0 l'aise.","robots":{"index":"index","follow":"follow","max-snippet":"max-snippet:-1","max-image-preview":"max-image-preview:large","max-video-preview":"max-video-preview:-1"},"canonical":"https:\/\/planetetennis.fr\/es\/product\/sac-cusyan-duffle-noir\/","og_locale":"es_ES","og_type":"article","og_title":"Sac Cusyan Duffle Noir - Planetetennis","og_description":"Affichez ce sac renforc\u00e9 et r\u00e9sistant aux intemp\u00e9ries lors des journ\u00e9es d'hiver glaciales, pour transporter vos styles BIDI au chaud et \u00e0 l'aise.","og_url":"https:\/\/planetetennis.fr\/es\/product\/sac-cusyan-duffle-noir\/","og_site_name":"Planetetennis","article_modified_time":"2024-01-04T02:49:14+00:00","og_image":[{"width":1000,"height":1000,"url":"https:\/\/planetetennis.fr\/wp-content\/uploads\/2022\/12\/e372af535eb56a4c318ad01e2fdd56ff_1920x1920.jpg","type":"image\/jpeg"}],"twitter_card":"summary_large_image","schema":{"@context":"https:\/\/schema.org","@graph":[{"@type":"WebPage","@id":"https:\/\/planetetennis.fr\/product\/sac-cusyan-duffle-noir\/","url":"https:\/\/planetetennis.fr\/product\/sac-cusyan-duffle-noir\/","name":"Sac Cusyan Duffle Noir - Planetetennis","isPartOf":{"@id":"https:\/\/planetetennis.fr\/#website"},"primaryImageOfPage":{"@id":"https:\/\/planetetennis.fr\/product\/sac-cusyan-duffle-noir\/#primaryimage"},"image":{"@id":"https:\/\/planetetennis.fr\/product\/sac-cusyan-duffle-noir\/#primaryimage"},"thumbnailUrl":"https:\/\/planetetennis.fr\/wp-content\/uploads\/2022\/12\/e372af535eb56a4c318ad01e2fdd56ff_1920x1920.jpg","datePublished":"2022-12-07T10:26:07+00:00","dateModified":"2024-01-04T02:49:14+00:00","description":"Affichez ce sac renforc\u00e9 et r\u00e9sistant aux intemp\u00e9ries lors des journ\u00e9es d'hiver glaciales, pour transporter vos styles BIDI au chaud et \u00e0 l'aise.","breadcrumb":{"@id":"https:\/\/planetetennis.fr\/product\/sac-cusyan-duffle-noir\/#breadcrumb"},"inLanguage":"es-ES","potentialAction":[{"@type":"ReadAction","target":["https:\/\/planetetennis.fr\/product\/sac-cusyan-duffle-noir\/"]}]},{"@type":"ImageObject","inLanguage":"es-ES","@id":"https:\/\/planetetennis.fr\/product\/sac-cusyan-duffle-noir\/#primaryimage","url":"https:\/\/planetetennis.fr\/wp-content\/uploads\/2022\/12\/e372af535eb56a4c318ad01e2fdd56ff_1920x1920.jpg","contentUrl":"https:\/\/planetetennis.fr\/wp-content\/uploads\/2022\/12\/e372af535eb56a4c318ad01e2fdd56ff_1920x1920.jpg","width":1000,"height":1000},{"@type":"BreadcrumbList","@id":"https:\/\/planetetennis.fr\/product\/sac-cusyan-duffle-noir\/#breadcrumb","itemListElement":[{"@type":"ListItem","position":1,"name":"Accueil","item":"https:\/\/planetetennis.fr\/"},{"@type":"ListItem","position":2,"name":"Nos produits","item":"https:\/\/planetetennis.fr\/produits\/"},{"@type":"ListItem","position":3,"name":"Sac Cusyan Duffle Noir"}]},{"@type":"WebSite","@id":"https:\/\/planetetennis.fr\/#website","url":"https:\/\/planetetennis.fr\/","name":"Planeta tenis","description":"Cordages de tennis monofilament fran\u00e7ais","publisher":{"@id":"https:\/\/planetetennis.fr\/#organization"},"potentialAction":[{"@type":"SearchAction","target":{"@type":"EntryPoint","urlTemplate":"https:\/\/planetetennis.fr\/?s={search_term_string}"},"query-input":{"@type":"PropertyValueSpecification","valueRequired":true,"valueName":"search_term_string"}}],"inLanguage":"es-ES"},{"@type":"Organization","@id":"https:\/\/planetetennis.fr\/#organization","name":"Planeta tenis","url":"https:\/\/planetetennis.fr\/","logo":{"@type":"ImageObject","inLanguage":"es-ES","@id":"https:\/\/planetetennis.fr\/#\/schema\/logo\/image\/","url":"https:\/\/planetetennis.fr\/wp-content\/uploads\/2021\/10\/logocolor03.png","contentUrl":"https:\/\/planetetennis.fr\/wp-content\/uploads\/2021\/10\/logocolor03.png","width":230,"height":58,"caption":"Planetetennis"},"image":{"@id":"https:\/\/planetetennis.fr\/#\/schema\/logo\/image\/"}}]}},"_links":{"self":[{"href":"https:\/\/planetetennis.fr\/es\/wp-json\/wp\/v2\/product\/12919","targetHints":{"allow":["GET"]}}],"collection":[{"href":"https:\/\/planetetennis.fr\/es\/wp-json\/wp\/v2\/product"}],"about":[{"href":"https:\/\/planetetennis.fr\/es\/wp-json\/wp\/v2\/types\/product"}],"replies":[{"embeddable":true,"href":"https:\/\/planetetennis.fr\/es\/wp-json\/wp\/v2\/comments?post=12919"}],"wp:featuredmedia":[{"embeddable":true,"href":"https:\/\/planetetennis.fr\/es\/wp-json\/wp\/v2\/media\/12920"}],"wp:attachment":[{"href":"https:\/\/planetetennis.fr\/es\/wp-json\/wp\/v2\/media?parent=12919"}],"wp:term":[{"taxonomy":"product_brand","embeddable":true,"href":"https:\/\/planetetennis.fr\/es\/wp-json\/wp\/v2\/product_brand?post=12919"},{"taxonomy":"product_cat","embeddable":true,"href":"https:\/\/planetetennis.fr\/es\/wp-json\/wp\/v2\/product_cat?post=12919"},{"taxonomy":"product_tag","embeddable":true,"href":"https:\/\/planetetennis.fr\/es\/wp-json\/wp\/v2\/product_tag?post=12919"}],"curies":[{"name":"wp","href":"https:\/\/api.w.org\/{rel}","templated":true}]}}