{"id":13369,"date":"2022-12-23T14:49:48","date_gmt":"2022-12-23T14:49:48","guid":{"rendered":"https:\/\/planetetennis.fr\/?post_type=product&#038;p=13369"},"modified":"2024-01-04T09:29:10","modified_gmt":"2024-01-04T09:29:10","slug":"chaussure-rodio-lady-corail","status":"publish","type":"product","link":"https:\/\/planetetennis.fr\/es\/product\/chaussure-rodio-lady-corail\/","title":{"rendered":"Chaussure RODIO Lady Corail"},"content":{"rendered":"<p>Les chaussures Joma Rodio ont fait l\u2019objet d\u2019essais de qualit\u00e9 par des athl\u00e8tes professionnels. Con\u00e7ues pour les coureurs plus l\u00e9gers et pour un entra\u00eenement de 1 \u00e0 7 jours. La coupe est principalement faite de mesh a\u00e9r\u00e9 avec une finition jacquard et des pi\u00e8ces synth\u00e9tiques thermoscell\u00e9es, offrant r\u00e9sistance, tenue et l\u00e9g\u00e8ret\u00e9. La technologie Joma SPORTECH a \u00e9t\u00e9 utilis\u00e9e pour \u00e9liminer les coutures. En outre, un autre avantage notable est que le textile a de petites perforations d\u00e9velopp\u00e9es avec la technologie de ventilation VTS, qui facilite l\u2019entr\u00e9e et la sortie d\u2019air. La semelle en EVA lisse et la semelle en EVA naturelle de 2 mm cousue \u00e0 la coupe. La semelle interm\u00e9diaire se compose de phylon monobloc, en sections pour une meilleure adaptation au terrain. La semelle est en caoutchouc DURABILITY r\u00e9sistant \u00e0 l\u2019usure par abrasion DIN-90. Elle poss\u00e8de la technologie FLEXO, un syst\u00e8me de lignes de flexion un mouvement plus naturel du pied.<\/p>","protected":false},"excerpt":{"rendered":"<p>Qualit\u00e9 test\u00e9e par des athl\u00e8tes professionnels. Ce mod\u00e8le avant-gardiste est dot\u00e9 d&#8217;un \u00e9lan maximal et d&#8217;un excellent amortissement. Ils sont con\u00e7us pour les coureurs plus l\u00e9gers et pour des s\u00e9ances d&#8217;entra\u00eenement de 1 \u00e0 7 jours.<\/p>","protected":false},"featured_media":13375,"comment_status":"open","ping_status":"closed","template":"","meta":{"_monsterinsights_skip_tracking":false,"_monsterinsights_sitenote_active":false,"_monsterinsights_sitenote_note":"","_monsterinsights_sitenote_category":0},"product_brand":[],"product_cat":[414,539],"product_tag":[],"class_list":{"0":"post-13369","1":"product","2":"type-product","3":"status-publish","4":"has-post-thumbnail","6":"product_cat-chaussures","7":"product_cat-running","9":"first","10":"instock","11":"featured","12":"taxable","13":"shipping-taxable","14":"purchasable","15":"product-type-variable"},"yoast_head":"<!-- This site is optimized with the Yoast SEO plugin v27.5 - https:\/\/yoast.com\/product\/yoast-seo-wordpress\/ -->\n<title>Chaussure RODIO Lady Corail - Planetetennis<\/title>\n<meta name=\"description\" content=\"Chaussure d&#039;avant-garde avec un maximum d&#039;\u00e9lan et un excellent amorti. Il Est Destin\u00e9 Aux Coureurs De Moins De Poids Et Aux Entra\u00eenements De 1 \u00c0 7 Jours.\" \/>\n<meta name=\"robots\" content=\"index, follow, max-snippet:-1, max-image-preview:large, max-video-preview:-1\" \/>\n<link rel=\"canonical\" href=\"https:\/\/planetetennis.fr\/es\/product\/chaussure-rodio-lady-corail\/\" \/>\n<meta property=\"og:locale\" content=\"es_ES\" \/>\n<meta property=\"og:type\" content=\"article\" \/>\n<meta property=\"og:title\" content=\"Chaussure RODIO Lady Corail - Planetetennis\" \/>\n<meta property=\"og:description\" content=\"Chaussure d&#039;avant-garde avec un maximum d&#039;\u00e9lan et un excellent amorti. Il Est Destin\u00e9 Aux Coureurs De Moins De Poids Et Aux Entra\u00eenements De 1 \u00c0 7 Jours.\" \/>\n<meta property=\"og:url\" content=\"https:\/\/planetetennis.fr\/es\/product\/chaussure-rodio-lady-corail\/\" \/>\n<meta property=\"og:site_name\" content=\"Planetetennis\" \/>\n<meta property=\"article:modified_time\" content=\"2024-01-04T09:29:10+00:00\" \/>\n<meta property=\"og:image\" content=\"https:\/\/planetetennis.fr\/wp-content\/uploads\/2022\/12\/20220125111506.RRODLW2207.jpg\" \/>\n\t<meta property=\"og:image:width\" content=\"2000\" \/>\n\t<meta property=\"og:image:height\" content=\"2000\" \/>\n\t<meta property=\"og:image:type\" content=\"image\/jpeg\" \/>\n<meta name=\"twitter:card\" content=\"summary_large_image\" \/>\n<meta name=\"twitter:label1\" content=\"Est. reading time\" \/>\n\t<meta name=\"twitter:data1\" content=\"1 minute\" \/>\n<script type=\"application\/ld+json\" class=\"yoast-schema-graph\">{\"@context\":\"https:\\\/\\\/schema.org\",\"@graph\":[{\"@type\":\"WebPage\",\"@id\":\"https:\\\/\\\/planetetennis.fr\\\/product\\\/chaussure-rodio-lady-corail\\\/\",\"url\":\"https:\\\/\\\/planetetennis.fr\\\/product\\\/chaussure-rodio-lady-corail\\\/\",\"name\":\"Chaussure RODIO Lady Corail - Planetetennis\",\"isPartOf\":{\"@id\":\"https:\\\/\\\/planetetennis.fr\\\/#website\"},\"primaryImageOfPage\":{\"@id\":\"https:\\\/\\\/planetetennis.fr\\\/product\\\/chaussure-rodio-lady-corail\\\/#primaryimage\"},\"image\":{\"@id\":\"https:\\\/\\\/planetetennis.fr\\\/product\\\/chaussure-rodio-lady-corail\\\/#primaryimage\"},\"thumbnailUrl\":\"https:\\\/\\\/planetetennis.fr\\\/wp-content\\\/uploads\\\/2022\\\/12\\\/20220125111506.RRODLW2207.jpg\",\"datePublished\":\"2022-12-23T14:49:48+00:00\",\"dateModified\":\"2024-01-04T09:29:10+00:00\",\"description\":\"Chaussure d'avant-garde avec un maximum d'\u00e9lan et un excellent amorti. Il Est Destin\u00e9 Aux Coureurs De Moins De Poids Et Aux Entra\u00eenements De 1 \u00c0 7 Jours.\",\"breadcrumb\":{\"@id\":\"https:\\\/\\\/planetetennis.fr\\\/product\\\/chaussure-rodio-lady-corail\\\/#breadcrumb\"},\"inLanguage\":\"es-ES\",\"potentialAction\":[{\"@type\":\"ReadAction\",\"target\":[\"https:\\\/\\\/planetetennis.fr\\\/product\\\/chaussure-rodio-lady-corail\\\/\"]}]},{\"@type\":\"ImageObject\",\"inLanguage\":\"es-ES\",\"@id\":\"https:\\\/\\\/planetetennis.fr\\\/product\\\/chaussure-rodio-lady-corail\\\/#primaryimage\",\"url\":\"https:\\\/\\\/planetetennis.fr\\\/wp-content\\\/uploads\\\/2022\\\/12\\\/20220125111506.RRODLW2207.jpg\",\"contentUrl\":\"https:\\\/\\\/planetetennis.fr\\\/wp-content\\\/uploads\\\/2022\\\/12\\\/20220125111506.RRODLW2207.jpg\",\"width\":2000,\"height\":2000},{\"@type\":\"BreadcrumbList\",\"@id\":\"https:\\\/\\\/planetetennis.fr\\\/product\\\/chaussure-rodio-lady-corail\\\/#breadcrumb\",\"itemListElement\":[{\"@type\":\"ListItem\",\"position\":1,\"name\":\"Accueil\",\"item\":\"https:\\\/\\\/planetetennis.fr\\\/\"},{\"@type\":\"ListItem\",\"position\":2,\"name\":\"Nos produits\",\"item\":\"https:\\\/\\\/planetetennis.fr\\\/produits\\\/\"},{\"@type\":\"ListItem\",\"position\":3,\"name\":\"Chaussure RODIO Lady Corail\"}]},{\"@type\":\"WebSite\",\"@id\":\"https:\\\/\\\/planetetennis.fr\\\/#website\",\"url\":\"https:\\\/\\\/planetetennis.fr\\\/\",\"name\":\"Planetetennis\",\"description\":\"Cordages de tennis monofilament fran\u00e7ais\",\"publisher\":{\"@id\":\"https:\\\/\\\/planetetennis.fr\\\/#organization\"},\"potentialAction\":[{\"@type\":\"SearchAction\",\"target\":{\"@type\":\"EntryPoint\",\"urlTemplate\":\"https:\\\/\\\/planetetennis.fr\\\/?s={search_term_string}\"},\"query-input\":{\"@type\":\"PropertyValueSpecification\",\"valueRequired\":true,\"valueName\":\"search_term_string\"}}],\"inLanguage\":\"es-ES\"},{\"@type\":\"Organization\",\"@id\":\"https:\\\/\\\/planetetennis.fr\\\/#organization\",\"name\":\"Planetetennis\",\"url\":\"https:\\\/\\\/planetetennis.fr\\\/\",\"logo\":{\"@type\":\"ImageObject\",\"inLanguage\":\"es-ES\",\"@id\":\"https:\\\/\\\/planetetennis.fr\\\/#\\\/schema\\\/logo\\\/image\\\/\",\"url\":\"https:\\\/\\\/planetetennis.fr\\\/wp-content\\\/uploads\\\/2021\\\/10\\\/logocolor03.png\",\"contentUrl\":\"https:\\\/\\\/planetetennis.fr\\\/wp-content\\\/uploads\\\/2021\\\/10\\\/logocolor03.png\",\"width\":230,\"height\":58,\"caption\":\"Planetetennis\"},\"image\":{\"@id\":\"https:\\\/\\\/planetetennis.fr\\\/#\\\/schema\\\/logo\\\/image\\\/\"}}]}<\/script>\n<!-- \/ Yoast SEO plugin. -->","yoast_head_json":{"title":"Chaussure RODIO Lady Corail - Planetetennis","description":"Chaussure d'avant-garde avec un maximum d'\u00e9lan et un excellent amorti. Il Est Destin\u00e9 Aux Coureurs De Moins De Poids Et Aux Entra\u00eenements De 1 \u00c0 7 Jours.","robots":{"index":"index","follow":"follow","max-snippet":"max-snippet:-1","max-image-preview":"max-image-preview:large","max-video-preview":"max-video-preview:-1"},"canonical":"https:\/\/planetetennis.fr\/es\/product\/chaussure-rodio-lady-corail\/","og_locale":"es_ES","og_type":"article","og_title":"Chaussure RODIO Lady Corail - Planetetennis","og_description":"Chaussure d'avant-garde avec un maximum d'\u00e9lan et un excellent amorti. Il Est Destin\u00e9 Aux Coureurs De Moins De Poids Et Aux Entra\u00eenements De 1 \u00c0 7 Jours.","og_url":"https:\/\/planetetennis.fr\/es\/product\/chaussure-rodio-lady-corail\/","og_site_name":"Planetetennis","article_modified_time":"2024-01-04T09:29:10+00:00","og_image":[{"width":2000,"height":2000,"url":"https:\/\/planetetennis.fr\/wp-content\/uploads\/2022\/12\/20220125111506.RRODLW2207.jpg","type":"image\/jpeg"}],"twitter_card":"summary_large_image","twitter_misc":{"Est. reading time":"1 minute"},"schema":{"@context":"https:\/\/schema.org","@graph":[{"@type":"WebPage","@id":"https:\/\/planetetennis.fr\/product\/chaussure-rodio-lady-corail\/","url":"https:\/\/planetetennis.fr\/product\/chaussure-rodio-lady-corail\/","name":"Chaussure RODIO Lady Corail - Planetetennis","isPartOf":{"@id":"https:\/\/planetetennis.fr\/#website"},"primaryImageOfPage":{"@id":"https:\/\/planetetennis.fr\/product\/chaussure-rodio-lady-corail\/#primaryimage"},"image":{"@id":"https:\/\/planetetennis.fr\/product\/chaussure-rodio-lady-corail\/#primaryimage"},"thumbnailUrl":"https:\/\/planetetennis.fr\/wp-content\/uploads\/2022\/12\/20220125111506.RRODLW2207.jpg","datePublished":"2022-12-23T14:49:48+00:00","dateModified":"2024-01-04T09:29:10+00:00","description":"Chaussure d'avant-garde avec un maximum d'\u00e9lan et un excellent amorti. Il Est Destin\u00e9 Aux Coureurs De Moins De Poids Et Aux Entra\u00eenements De 1 \u00c0 7 Jours.","breadcrumb":{"@id":"https:\/\/planetetennis.fr\/product\/chaussure-rodio-lady-corail\/#breadcrumb"},"inLanguage":"es-ES","potentialAction":[{"@type":"ReadAction","target":["https:\/\/planetetennis.fr\/product\/chaussure-rodio-lady-corail\/"]}]},{"@type":"ImageObject","inLanguage":"es-ES","@id":"https:\/\/planetetennis.fr\/product\/chaussure-rodio-lady-corail\/#primaryimage","url":"https:\/\/planetetennis.fr\/wp-content\/uploads\/2022\/12\/20220125111506.RRODLW2207.jpg","contentUrl":"https:\/\/planetetennis.fr\/wp-content\/uploads\/2022\/12\/20220125111506.RRODLW2207.jpg","width":2000,"height":2000},{"@type":"BreadcrumbList","@id":"https:\/\/planetetennis.fr\/product\/chaussure-rodio-lady-corail\/#breadcrumb","itemListElement":[{"@type":"ListItem","position":1,"name":"Accueil","item":"https:\/\/planetetennis.fr\/"},{"@type":"ListItem","position":2,"name":"Nos produits","item":"https:\/\/planetetennis.fr\/produits\/"},{"@type":"ListItem","position":3,"name":"Chaussure RODIO Lady Corail"}]},{"@type":"WebSite","@id":"https:\/\/planetetennis.fr\/#website","url":"https:\/\/planetetennis.fr\/","name":"Planeta tenis","description":"Cordages de tennis monofilament fran\u00e7ais","publisher":{"@id":"https:\/\/planetetennis.fr\/#organization"},"potentialAction":[{"@type":"SearchAction","target":{"@type":"EntryPoint","urlTemplate":"https:\/\/planetetennis.fr\/?s={search_term_string}"},"query-input":{"@type":"PropertyValueSpecification","valueRequired":true,"valueName":"search_term_string"}}],"inLanguage":"es-ES"},{"@type":"Organization","@id":"https:\/\/planetetennis.fr\/#organization","name":"Planeta tenis","url":"https:\/\/planetetennis.fr\/","logo":{"@type":"ImageObject","inLanguage":"es-ES","@id":"https:\/\/planetetennis.fr\/#\/schema\/logo\/image\/","url":"https:\/\/planetetennis.fr\/wp-content\/uploads\/2021\/10\/logocolor03.png","contentUrl":"https:\/\/planetetennis.fr\/wp-content\/uploads\/2021\/10\/logocolor03.png","width":230,"height":58,"caption":"Planetetennis"},"image":{"@id":"https:\/\/planetetennis.fr\/#\/schema\/logo\/image\/"}}]}},"_links":{"self":[{"href":"https:\/\/planetetennis.fr\/es\/wp-json\/wp\/v2\/product\/13369","targetHints":{"allow":["GET"]}}],"collection":[{"href":"https:\/\/planetetennis.fr\/es\/wp-json\/wp\/v2\/product"}],"about":[{"href":"https:\/\/planetetennis.fr\/es\/wp-json\/wp\/v2\/types\/product"}],"replies":[{"embeddable":true,"href":"https:\/\/planetetennis.fr\/es\/wp-json\/wp\/v2\/comments?post=13369"}],"wp:featuredmedia":[{"embeddable":true,"href":"https:\/\/planetetennis.fr\/es\/wp-json\/wp\/v2\/media\/13375"}],"wp:attachment":[{"href":"https:\/\/planetetennis.fr\/es\/wp-json\/wp\/v2\/media?parent=13369"}],"wp:term":[{"taxonomy":"product_brand","embeddable":true,"href":"https:\/\/planetetennis.fr\/es\/wp-json\/wp\/v2\/product_brand?post=13369"},{"taxonomy":"product_cat","embeddable":true,"href":"https:\/\/planetetennis.fr\/es\/wp-json\/wp\/v2\/product_cat?post=13369"},{"taxonomy":"product_tag","embeddable":true,"href":"https:\/\/planetetennis.fr\/es\/wp-json\/wp\/v2\/product_tag?post=13369"}],"curies":[{"name":"wp","href":"https:\/\/api.w.org\/{rel}","templated":true}]}}