{"id":13461,"date":"2022-12-27T15:26:38","date_gmt":"2022-12-27T15:26:38","guid":{"rendered":"https:\/\/planetetennis.fr\/?post_type=product&#038;p=13461"},"modified":"2024-01-03T19:26:58","modified_gmt":"2024-01-03T19:26:58","slug":"short-lomar-tech-blanc","status":"publish","type":"product","link":"https:\/\/planetetennis.fr\/es\/product\/short-lomar-tech-blanc\/","title":{"rendered":"Short Lomar Tech Blanc"},"content":{"rendered":"<p>Tissu l\u00e9ger et confortable pour une meilleure respirabilit\u00e9<br \/>\nCeinture de pantalon \u00e9lastique pour un ajustement compl\u00e9mentaire et un grand confort<br \/>\nPoche lat\u00e9rale pour les petits objets<br \/>\nS\u00e9chage rapide<br \/>\nPetits emplacements pour le logo<\/p>\n<p>&nbsp;<\/p>","protected":false},"excerpt":{"rendered":"<p>Les shorts sont simples et peuvent \u00eatre combin\u00e9s avec toutes les couleurs et formes. Et tant que tu n&#8217;es pas simple dans ta t\u00eate, rien ne s&#8217;oppose \u00e0 ce style de notre point de vue.<\/p>","protected":false},"featured_media":13467,"comment_status":"open","ping_status":"closed","template":"","meta":{"_monsterinsights_skip_tracking":false,"_monsterinsights_sitenote_active":false,"_monsterinsights_sitenote_note":"","_monsterinsights_sitenote_category":0},"product_brand":[],"product_cat":[542,546,483,517,544,540,476,475,479,515],"product_tag":[],"class_list":{"0":"post-13461","1":"product","2":"type-product","3":"status-publish","4":"has-post-thumbnail","6":"product_cat-homme-boxe","7":"product_cat-homme-athletisme","8":"product_cat-short","9":"product_cat-short-homme-vetements-fitness","10":"product_cat-athletisme","11":"product_cat-boxe","12":"product_cat-vetements-fitness","13":"product_cat-vetements-tennis","14":"product_cat-homme-vetements-tennis","15":"product_cat-homme-vetements-fitness","17":"first","18":"instock","19":"taxable","20":"shipping-taxable","21":"purchasable","22":"product-type-variable"},"yoast_head":"<!-- This site is optimized with the Yoast SEO plugin v27.5 - https:\/\/yoast.com\/product\/yoast-seo-wordpress\/ -->\n<title>Short Lomar Tech Blanc - Planetetennis<\/title>\n<meta name=\"description\" content=\"Les shorts sont simples et peuvent \u00eatre combin\u00e9s avec toutes les couleurs et formes. Et tant que tu n&#039;es pas simple dans ta t\u00eate, rien ne s&#039;oppose \u00e0 ce style de notre point de vue.\" \/>\n<meta name=\"robots\" content=\"index, follow, max-snippet:-1, max-image-preview:large, max-video-preview:-1\" \/>\n<link rel=\"canonical\" href=\"https:\/\/planetetennis.fr\/es\/product\/short-lomar-tech-blanc\/\" \/>\n<meta property=\"og:locale\" content=\"es_ES\" \/>\n<meta property=\"og:type\" content=\"article\" \/>\n<meta property=\"og:title\" content=\"Short Lomar Tech Blanc - Planetetennis\" \/>\n<meta property=\"og:description\" content=\"Les shorts sont simples et peuvent \u00eatre combin\u00e9s avec toutes les couleurs et formes. Et tant que tu n&#039;es pas simple dans ta t\u00eate, rien ne s&#039;oppose \u00e0 ce style de notre point de vue.\" \/>\n<meta property=\"og:url\" content=\"https:\/\/planetetennis.fr\/es\/product\/short-lomar-tech-blanc\/\" \/>\n<meta property=\"og:site_name\" content=\"Planetetennis\" \/>\n<meta property=\"article:modified_time\" content=\"2024-01-03T19:26:58+00:00\" \/>\n<meta property=\"og:image\" content=\"https:\/\/planetetennis.fr\/wp-content\/uploads\/2022\/12\/M31045203-WH-front.jpg\" \/>\n\t<meta property=\"og:image:width\" content=\"1000\" \/>\n\t<meta property=\"og:image:height\" content=\"1000\" \/>\n\t<meta property=\"og:image:type\" content=\"image\/jpeg\" \/>\n<meta name=\"twitter:card\" content=\"summary_large_image\" \/>\n<script type=\"application\/ld+json\" class=\"yoast-schema-graph\">{\"@context\":\"https:\\\/\\\/schema.org\",\"@graph\":[{\"@type\":\"WebPage\",\"@id\":\"https:\\\/\\\/planetetennis.fr\\\/product\\\/short-lomar-tech-blanc\\\/\",\"url\":\"https:\\\/\\\/planetetennis.fr\\\/product\\\/short-lomar-tech-blanc\\\/\",\"name\":\"Short Lomar Tech Blanc - Planetetennis\",\"isPartOf\":{\"@id\":\"https:\\\/\\\/planetetennis.fr\\\/#website\"},\"primaryImageOfPage\":{\"@id\":\"https:\\\/\\\/planetetennis.fr\\\/product\\\/short-lomar-tech-blanc\\\/#primaryimage\"},\"image\":{\"@id\":\"https:\\\/\\\/planetetennis.fr\\\/product\\\/short-lomar-tech-blanc\\\/#primaryimage\"},\"thumbnailUrl\":\"https:\\\/\\\/planetetennis.fr\\\/wp-content\\\/uploads\\\/2022\\\/12\\\/M31045203-WH-front.jpg\",\"datePublished\":\"2022-12-27T15:26:38+00:00\",\"dateModified\":\"2024-01-03T19:26:58+00:00\",\"description\":\"Les shorts sont simples et peuvent \u00eatre combin\u00e9s avec toutes les couleurs et formes. Et tant que tu n'es pas simple dans ta t\u00eate, rien ne s'oppose \u00e0 ce style de notre point de vue.\",\"breadcrumb\":{\"@id\":\"https:\\\/\\\/planetetennis.fr\\\/product\\\/short-lomar-tech-blanc\\\/#breadcrumb\"},\"inLanguage\":\"es-ES\",\"potentialAction\":[{\"@type\":\"ReadAction\",\"target\":[\"https:\\\/\\\/planetetennis.fr\\\/product\\\/short-lomar-tech-blanc\\\/\"]}]},{\"@type\":\"ImageObject\",\"inLanguage\":\"es-ES\",\"@id\":\"https:\\\/\\\/planetetennis.fr\\\/product\\\/short-lomar-tech-blanc\\\/#primaryimage\",\"url\":\"https:\\\/\\\/planetetennis.fr\\\/wp-content\\\/uploads\\\/2022\\\/12\\\/M31045203-WH-front.jpg\",\"contentUrl\":\"https:\\\/\\\/planetetennis.fr\\\/wp-content\\\/uploads\\\/2022\\\/12\\\/M31045203-WH-front.jpg\",\"width\":1000,\"height\":1000},{\"@type\":\"BreadcrumbList\",\"@id\":\"https:\\\/\\\/planetetennis.fr\\\/product\\\/short-lomar-tech-blanc\\\/#breadcrumb\",\"itemListElement\":[{\"@type\":\"ListItem\",\"position\":1,\"name\":\"Accueil\",\"item\":\"https:\\\/\\\/planetetennis.fr\\\/\"},{\"@type\":\"ListItem\",\"position\":2,\"name\":\"Nos produits\",\"item\":\"https:\\\/\\\/planetetennis.fr\\\/produits\\\/\"},{\"@type\":\"ListItem\",\"position\":3,\"name\":\"Short Lomar Tech Blanc\"}]},{\"@type\":\"WebSite\",\"@id\":\"https:\\\/\\\/planetetennis.fr\\\/#website\",\"url\":\"https:\\\/\\\/planetetennis.fr\\\/\",\"name\":\"Planetetennis\",\"description\":\"Cordages de tennis monofilament fran\u00e7ais\",\"publisher\":{\"@id\":\"https:\\\/\\\/planetetennis.fr\\\/#organization\"},\"potentialAction\":[{\"@type\":\"SearchAction\",\"target\":{\"@type\":\"EntryPoint\",\"urlTemplate\":\"https:\\\/\\\/planetetennis.fr\\\/?s={search_term_string}\"},\"query-input\":{\"@type\":\"PropertyValueSpecification\",\"valueRequired\":true,\"valueName\":\"search_term_string\"}}],\"inLanguage\":\"es-ES\"},{\"@type\":\"Organization\",\"@id\":\"https:\\\/\\\/planetetennis.fr\\\/#organization\",\"name\":\"Planetetennis\",\"url\":\"https:\\\/\\\/planetetennis.fr\\\/\",\"logo\":{\"@type\":\"ImageObject\",\"inLanguage\":\"es-ES\",\"@id\":\"https:\\\/\\\/planetetennis.fr\\\/#\\\/schema\\\/logo\\\/image\\\/\",\"url\":\"https:\\\/\\\/planetetennis.fr\\\/wp-content\\\/uploads\\\/2021\\\/10\\\/logocolor03.png\",\"contentUrl\":\"https:\\\/\\\/planetetennis.fr\\\/wp-content\\\/uploads\\\/2021\\\/10\\\/logocolor03.png\",\"width\":230,\"height\":58,\"caption\":\"Planetetennis\"},\"image\":{\"@id\":\"https:\\\/\\\/planetetennis.fr\\\/#\\\/schema\\\/logo\\\/image\\\/\"}}]}<\/script>\n<!-- \/ Yoast SEO plugin. -->","yoast_head_json":{"title":"Short Lomar Tech Blanc - Planetetennis","description":"Les shorts sont simples et peuvent \u00eatre combin\u00e9s avec toutes les couleurs et formes. Et tant que tu n'es pas simple dans ta t\u00eate, rien ne s'oppose \u00e0 ce style de notre point de vue.","robots":{"index":"index","follow":"follow","max-snippet":"max-snippet:-1","max-image-preview":"max-image-preview:large","max-video-preview":"max-video-preview:-1"},"canonical":"https:\/\/planetetennis.fr\/es\/product\/short-lomar-tech-blanc\/","og_locale":"es_ES","og_type":"article","og_title":"Short Lomar Tech Blanc - Planetetennis","og_description":"Les shorts sont simples et peuvent \u00eatre combin\u00e9s avec toutes les couleurs et formes. Et tant que tu n'es pas simple dans ta t\u00eate, rien ne s'oppose \u00e0 ce style de notre point de vue.","og_url":"https:\/\/planetetennis.fr\/es\/product\/short-lomar-tech-blanc\/","og_site_name":"Planetetennis","article_modified_time":"2024-01-03T19:26:58+00:00","og_image":[{"width":1000,"height":1000,"url":"https:\/\/planetetennis.fr\/wp-content\/uploads\/2022\/12\/M31045203-WH-front.jpg","type":"image\/jpeg"}],"twitter_card":"summary_large_image","schema":{"@context":"https:\/\/schema.org","@graph":[{"@type":"WebPage","@id":"https:\/\/planetetennis.fr\/product\/short-lomar-tech-blanc\/","url":"https:\/\/planetetennis.fr\/product\/short-lomar-tech-blanc\/","name":"Short Lomar Tech Blanc - Planetetennis","isPartOf":{"@id":"https:\/\/planetetennis.fr\/#website"},"primaryImageOfPage":{"@id":"https:\/\/planetetennis.fr\/product\/short-lomar-tech-blanc\/#primaryimage"},"image":{"@id":"https:\/\/planetetennis.fr\/product\/short-lomar-tech-blanc\/#primaryimage"},"thumbnailUrl":"https:\/\/planetetennis.fr\/wp-content\/uploads\/2022\/12\/M31045203-WH-front.jpg","datePublished":"2022-12-27T15:26:38+00:00","dateModified":"2024-01-03T19:26:58+00:00","description":"Les shorts sont simples et peuvent \u00eatre combin\u00e9s avec toutes les couleurs et formes. Et tant que tu n'es pas simple dans ta t\u00eate, rien ne s'oppose \u00e0 ce style de notre point de vue.","breadcrumb":{"@id":"https:\/\/planetetennis.fr\/product\/short-lomar-tech-blanc\/#breadcrumb"},"inLanguage":"es-ES","potentialAction":[{"@type":"ReadAction","target":["https:\/\/planetetennis.fr\/product\/short-lomar-tech-blanc\/"]}]},{"@type":"ImageObject","inLanguage":"es-ES","@id":"https:\/\/planetetennis.fr\/product\/short-lomar-tech-blanc\/#primaryimage","url":"https:\/\/planetetennis.fr\/wp-content\/uploads\/2022\/12\/M31045203-WH-front.jpg","contentUrl":"https:\/\/planetetennis.fr\/wp-content\/uploads\/2022\/12\/M31045203-WH-front.jpg","width":1000,"height":1000},{"@type":"BreadcrumbList","@id":"https:\/\/planetetennis.fr\/product\/short-lomar-tech-blanc\/#breadcrumb","itemListElement":[{"@type":"ListItem","position":1,"name":"Accueil","item":"https:\/\/planetetennis.fr\/"},{"@type":"ListItem","position":2,"name":"Nos produits","item":"https:\/\/planetetennis.fr\/produits\/"},{"@type":"ListItem","position":3,"name":"Short Lomar Tech Blanc"}]},{"@type":"WebSite","@id":"https:\/\/planetetennis.fr\/#website","url":"https:\/\/planetetennis.fr\/","name":"Planeta tenis","description":"Cordages de tennis monofilament fran\u00e7ais","publisher":{"@id":"https:\/\/planetetennis.fr\/#organization"},"potentialAction":[{"@type":"SearchAction","target":{"@type":"EntryPoint","urlTemplate":"https:\/\/planetetennis.fr\/?s={search_term_string}"},"query-input":{"@type":"PropertyValueSpecification","valueRequired":true,"valueName":"search_term_string"}}],"inLanguage":"es-ES"},{"@type":"Organization","@id":"https:\/\/planetetennis.fr\/#organization","name":"Planeta tenis","url":"https:\/\/planetetennis.fr\/","logo":{"@type":"ImageObject","inLanguage":"es-ES","@id":"https:\/\/planetetennis.fr\/#\/schema\/logo\/image\/","url":"https:\/\/planetetennis.fr\/wp-content\/uploads\/2021\/10\/logocolor03.png","contentUrl":"https:\/\/planetetennis.fr\/wp-content\/uploads\/2021\/10\/logocolor03.png","width":230,"height":58,"caption":"Planetetennis"},"image":{"@id":"https:\/\/planetetennis.fr\/#\/schema\/logo\/image\/"}}]}},"_links":{"self":[{"href":"https:\/\/planetetennis.fr\/es\/wp-json\/wp\/v2\/product\/13461","targetHints":{"allow":["GET"]}}],"collection":[{"href":"https:\/\/planetetennis.fr\/es\/wp-json\/wp\/v2\/product"}],"about":[{"href":"https:\/\/planetetennis.fr\/es\/wp-json\/wp\/v2\/types\/product"}],"replies":[{"embeddable":true,"href":"https:\/\/planetetennis.fr\/es\/wp-json\/wp\/v2\/comments?post=13461"}],"wp:featuredmedia":[{"embeddable":true,"href":"https:\/\/planetetennis.fr\/es\/wp-json\/wp\/v2\/media\/13467"}],"wp:attachment":[{"href":"https:\/\/planetetennis.fr\/es\/wp-json\/wp\/v2\/media?parent=13461"}],"wp:term":[{"taxonomy":"product_brand","embeddable":true,"href":"https:\/\/planetetennis.fr\/es\/wp-json\/wp\/v2\/product_brand?post=13461"},{"taxonomy":"product_cat","embeddable":true,"href":"https:\/\/planetetennis.fr\/es\/wp-json\/wp\/v2\/product_cat?post=13461"},{"taxonomy":"product_tag","embeddable":true,"href":"https:\/\/planetetennis.fr\/es\/wp-json\/wp\/v2\/product_tag?post=13461"}],"curies":[{"name":"wp","href":"https:\/\/api.w.org\/{rel}","templated":true}]}}