{"id":13499,"date":"2022-12-28T09:11:07","date_gmt":"2022-12-28T09:11:07","guid":{"rendered":"https:\/\/planetetennis.fr\/?post_type=product&#038;p=13499"},"modified":"2024-01-04T09:22:10","modified_gmt":"2024-01-04T09:22:10","slug":"tapis-dexercice-toolz","status":"publish","type":"product","link":"https:\/\/planetetennis.fr\/es\/product\/tapis-dexercice-toolz\/","title":{"rendered":"Tapis d&#8217;exercice TOOLZ"},"content":{"rendered":"<p>\u00c9quipement d&#8217;entra\u00eenement : Tapis d&#8217;entra\u00eenement<br \/>\nUtilit\u00e9 : Comme support pour les entra\u00eenements, le yoga ou le Pilates<br \/>\nCaract\u00e9ristiques particuli\u00e8res : Texture antid\u00e9rapante<br \/>\nDimensions : 180 x 60 x 1,2 cm<\/p>","protected":false},"excerpt":{"rendered":"<p>Il suffit de le d\u00e9rouler et de commencer : Le tapis de fitness TOOLZ est le support id\u00e9al pour les entra\u00eenements, le yoga ou le Pilates. L&#8217;\u00e9paisseur<br \/>\nde 1,2 cm emp\u00eache de s&#8217;enfoncer trop profond\u00e9ment et offre ainsi stabilit\u00e9 et \u00e9quilibre pendant l&#8217;entra\u00eenement. De plus, la texture est antid\u00e9rapante\u00a0ferme et stable.<\/p>","protected":false},"featured_media":13500,"comment_status":"open","ping_status":"closed","template":"","meta":{"_monsterinsights_skip_tracking":false,"_monsterinsights_sitenote_active":false,"_monsterinsights_sitenote_note":"","_monsterinsights_sitenote_category":0},"product_brand":[],"product_cat":[558,557],"product_tag":[],"class_list":{"0":"post-13499","1":"product","2":"type-product","3":"status-publish","4":"has-post-thumbnail","6":"product_cat-tapis-de-sol","7":"product_cat-materiels","9":"first","10":"instock","11":"taxable","12":"shipping-taxable","13":"purchasable","14":"product-type-simple"},"yoast_head":"<!-- This site is optimized with the Yoast SEO plugin v27.4 - https:\/\/yoast.com\/product\/yoast-seo-wordpress\/ -->\n<title>Tapis d&#039;exercice TOOLZ - Planetetennis<\/title>\n<meta name=\"description\" content=\"Il suffit de le d\u00e9rouler et de commencer : Le tapis de fitness TOOLZ est le support id\u00e9al pour les entra\u00eenements, le yoga ou le Pilates.\" \/>\n<meta name=\"robots\" content=\"index, follow, max-snippet:-1, max-image-preview:large, max-video-preview:-1\" \/>\n<link rel=\"canonical\" href=\"https:\/\/planetetennis.fr\/es\/product\/tapis-dexercice-toolz\/\" \/>\n<meta property=\"og:locale\" content=\"es_ES\" \/>\n<meta property=\"og:type\" content=\"article\" \/>\n<meta property=\"og:title\" content=\"Tapis d&#039;exercice TOOLZ - Planetetennis\" \/>\n<meta property=\"og:description\" content=\"Il suffit de le d\u00e9rouler et de commencer : Le tapis de fitness TOOLZ est le support id\u00e9al pour les entra\u00eenements, le yoga ou le Pilates.\" \/>\n<meta property=\"og:url\" content=\"https:\/\/planetetennis.fr\/es\/product\/tapis-dexercice-toolz\/\" \/>\n<meta property=\"og:site_name\" content=\"Planetetennis\" \/>\n<meta property=\"article:modified_time\" content=\"2024-01-04T09:22:10+00:00\" \/>\n<meta property=\"og:image\" content=\"https:\/\/planetetennis.fr\/wp-content\/uploads\/2022\/12\/TOOLZ-exercise-mat-0002-Ebene-1.jpg\" \/>\n\t<meta property=\"og:image:width\" content=\"1000\" \/>\n\t<meta property=\"og:image:height\" content=\"1000\" \/>\n\t<meta property=\"og:image:type\" content=\"image\/jpeg\" \/>\n<meta name=\"twitter:card\" content=\"summary_large_image\" \/>\n<script type=\"application\/ld+json\" class=\"yoast-schema-graph\">{\"@context\":\"https:\\\/\\\/schema.org\",\"@graph\":[{\"@type\":\"WebPage\",\"@id\":\"https:\\\/\\\/planetetennis.fr\\\/product\\\/tapis-dexercice-toolz\\\/\",\"url\":\"https:\\\/\\\/planetetennis.fr\\\/product\\\/tapis-dexercice-toolz\\\/\",\"name\":\"Tapis d'exercice TOOLZ - Planetetennis\",\"isPartOf\":{\"@id\":\"https:\\\/\\\/planetetennis.fr\\\/#website\"},\"primaryImageOfPage\":{\"@id\":\"https:\\\/\\\/planetetennis.fr\\\/product\\\/tapis-dexercice-toolz\\\/#primaryimage\"},\"image\":{\"@id\":\"https:\\\/\\\/planetetennis.fr\\\/product\\\/tapis-dexercice-toolz\\\/#primaryimage\"},\"thumbnailUrl\":\"https:\\\/\\\/planetetennis.fr\\\/wp-content\\\/uploads\\\/2022\\\/12\\\/TOOLZ-exercise-mat-0002-Ebene-1.jpg\",\"datePublished\":\"2022-12-28T09:11:07+00:00\",\"dateModified\":\"2024-01-04T09:22:10+00:00\",\"description\":\"Il suffit de le d\u00e9rouler et de commencer : Le tapis de fitness TOOLZ est le support id\u00e9al pour les entra\u00eenements, le yoga ou le Pilates.\",\"breadcrumb\":{\"@id\":\"https:\\\/\\\/planetetennis.fr\\\/product\\\/tapis-dexercice-toolz\\\/#breadcrumb\"},\"inLanguage\":\"es-ES\",\"potentialAction\":[{\"@type\":\"ReadAction\",\"target\":[\"https:\\\/\\\/planetetennis.fr\\\/product\\\/tapis-dexercice-toolz\\\/\"]}]},{\"@type\":\"ImageObject\",\"inLanguage\":\"es-ES\",\"@id\":\"https:\\\/\\\/planetetennis.fr\\\/product\\\/tapis-dexercice-toolz\\\/#primaryimage\",\"url\":\"https:\\\/\\\/planetetennis.fr\\\/wp-content\\\/uploads\\\/2022\\\/12\\\/TOOLZ-exercise-mat-0002-Ebene-1.jpg\",\"contentUrl\":\"https:\\\/\\\/planetetennis.fr\\\/wp-content\\\/uploads\\\/2022\\\/12\\\/TOOLZ-exercise-mat-0002-Ebene-1.jpg\",\"width\":1000,\"height\":1000},{\"@type\":\"BreadcrumbList\",\"@id\":\"https:\\\/\\\/planetetennis.fr\\\/product\\\/tapis-dexercice-toolz\\\/#breadcrumb\",\"itemListElement\":[{\"@type\":\"ListItem\",\"position\":1,\"name\":\"Accueil\",\"item\":\"https:\\\/\\\/planetetennis.fr\\\/\"},{\"@type\":\"ListItem\",\"position\":2,\"name\":\"Nos produits\",\"item\":\"https:\\\/\\\/planetetennis.fr\\\/produits\\\/\"},{\"@type\":\"ListItem\",\"position\":3,\"name\":\"Tapis d&#8217;exercice TOOLZ\"}]},{\"@type\":\"WebSite\",\"@id\":\"https:\\\/\\\/planetetennis.fr\\\/#website\",\"url\":\"https:\\\/\\\/planetetennis.fr\\\/\",\"name\":\"Planetetennis\",\"description\":\"Cordages de tennis monofilament fran\u00e7ais\",\"publisher\":{\"@id\":\"https:\\\/\\\/planetetennis.fr\\\/#organization\"},\"potentialAction\":[{\"@type\":\"SearchAction\",\"target\":{\"@type\":\"EntryPoint\",\"urlTemplate\":\"https:\\\/\\\/planetetennis.fr\\\/?s={search_term_string}\"},\"query-input\":{\"@type\":\"PropertyValueSpecification\",\"valueRequired\":true,\"valueName\":\"search_term_string\"}}],\"inLanguage\":\"es-ES\"},{\"@type\":\"Organization\",\"@id\":\"https:\\\/\\\/planetetennis.fr\\\/#organization\",\"name\":\"Planetetennis\",\"url\":\"https:\\\/\\\/planetetennis.fr\\\/\",\"logo\":{\"@type\":\"ImageObject\",\"inLanguage\":\"es-ES\",\"@id\":\"https:\\\/\\\/planetetennis.fr\\\/#\\\/schema\\\/logo\\\/image\\\/\",\"url\":\"https:\\\/\\\/planetetennis.fr\\\/wp-content\\\/uploads\\\/2021\\\/10\\\/logocolor03.png\",\"contentUrl\":\"https:\\\/\\\/planetetennis.fr\\\/wp-content\\\/uploads\\\/2021\\\/10\\\/logocolor03.png\",\"width\":230,\"height\":58,\"caption\":\"Planetetennis\"},\"image\":{\"@id\":\"https:\\\/\\\/planetetennis.fr\\\/#\\\/schema\\\/logo\\\/image\\\/\"}}]}<\/script>\n<!-- \/ Yoast SEO plugin. -->","yoast_head_json":{"title":"Tapis d'exercice TOOLZ - Planetetennis","description":"Il suffit de le d\u00e9rouler et de commencer : Le tapis de fitness TOOLZ est le support id\u00e9al pour les entra\u00eenements, le yoga ou le Pilates.","robots":{"index":"index","follow":"follow","max-snippet":"max-snippet:-1","max-image-preview":"max-image-preview:large","max-video-preview":"max-video-preview:-1"},"canonical":"https:\/\/planetetennis.fr\/es\/product\/tapis-dexercice-toolz\/","og_locale":"es_ES","og_type":"article","og_title":"Tapis d'exercice TOOLZ - Planetetennis","og_description":"Il suffit de le d\u00e9rouler et de commencer : Le tapis de fitness TOOLZ est le support id\u00e9al pour les entra\u00eenements, le yoga ou le Pilates.","og_url":"https:\/\/planetetennis.fr\/es\/product\/tapis-dexercice-toolz\/","og_site_name":"Planetetennis","article_modified_time":"2024-01-04T09:22:10+00:00","og_image":[{"width":1000,"height":1000,"url":"https:\/\/planetetennis.fr\/wp-content\/uploads\/2022\/12\/TOOLZ-exercise-mat-0002-Ebene-1.jpg","type":"image\/jpeg"}],"twitter_card":"summary_large_image","schema":{"@context":"https:\/\/schema.org","@graph":[{"@type":"WebPage","@id":"https:\/\/planetetennis.fr\/product\/tapis-dexercice-toolz\/","url":"https:\/\/planetetennis.fr\/product\/tapis-dexercice-toolz\/","name":"Tapis d'exercice TOOLZ - Planetetennis","isPartOf":{"@id":"https:\/\/planetetennis.fr\/#website"},"primaryImageOfPage":{"@id":"https:\/\/planetetennis.fr\/product\/tapis-dexercice-toolz\/#primaryimage"},"image":{"@id":"https:\/\/planetetennis.fr\/product\/tapis-dexercice-toolz\/#primaryimage"},"thumbnailUrl":"https:\/\/planetetennis.fr\/wp-content\/uploads\/2022\/12\/TOOLZ-exercise-mat-0002-Ebene-1.jpg","datePublished":"2022-12-28T09:11:07+00:00","dateModified":"2024-01-04T09:22:10+00:00","description":"Il suffit de le d\u00e9rouler et de commencer : Le tapis de fitness TOOLZ est le support id\u00e9al pour les entra\u00eenements, le yoga ou le Pilates.","breadcrumb":{"@id":"https:\/\/planetetennis.fr\/product\/tapis-dexercice-toolz\/#breadcrumb"},"inLanguage":"es-ES","potentialAction":[{"@type":"ReadAction","target":["https:\/\/planetetennis.fr\/product\/tapis-dexercice-toolz\/"]}]},{"@type":"ImageObject","inLanguage":"es-ES","@id":"https:\/\/planetetennis.fr\/product\/tapis-dexercice-toolz\/#primaryimage","url":"https:\/\/planetetennis.fr\/wp-content\/uploads\/2022\/12\/TOOLZ-exercise-mat-0002-Ebene-1.jpg","contentUrl":"https:\/\/planetetennis.fr\/wp-content\/uploads\/2022\/12\/TOOLZ-exercise-mat-0002-Ebene-1.jpg","width":1000,"height":1000},{"@type":"BreadcrumbList","@id":"https:\/\/planetetennis.fr\/product\/tapis-dexercice-toolz\/#breadcrumb","itemListElement":[{"@type":"ListItem","position":1,"name":"Accueil","item":"https:\/\/planetetennis.fr\/"},{"@type":"ListItem","position":2,"name":"Nos produits","item":"https:\/\/planetetennis.fr\/produits\/"},{"@type":"ListItem","position":3,"name":"Tapis d&#8217;exercice TOOLZ"}]},{"@type":"WebSite","@id":"https:\/\/planetetennis.fr\/#website","url":"https:\/\/planetetennis.fr\/","name":"Planeta tenis","description":"Cordages de tennis monofilament fran\u00e7ais","publisher":{"@id":"https:\/\/planetetennis.fr\/#organization"},"potentialAction":[{"@type":"SearchAction","target":{"@type":"EntryPoint","urlTemplate":"https:\/\/planetetennis.fr\/?s={search_term_string}"},"query-input":{"@type":"PropertyValueSpecification","valueRequired":true,"valueName":"search_term_string"}}],"inLanguage":"es-ES"},{"@type":"Organization","@id":"https:\/\/planetetennis.fr\/#organization","name":"Planeta tenis","url":"https:\/\/planetetennis.fr\/","logo":{"@type":"ImageObject","inLanguage":"es-ES","@id":"https:\/\/planetetennis.fr\/#\/schema\/logo\/image\/","url":"https:\/\/planetetennis.fr\/wp-content\/uploads\/2021\/10\/logocolor03.png","contentUrl":"https:\/\/planetetennis.fr\/wp-content\/uploads\/2021\/10\/logocolor03.png","width":230,"height":58,"caption":"Planetetennis"},"image":{"@id":"https:\/\/planetetennis.fr\/#\/schema\/logo\/image\/"}}]}},"_links":{"self":[{"href":"https:\/\/planetetennis.fr\/es\/wp-json\/wp\/v2\/product\/13499","targetHints":{"allow":["GET"]}}],"collection":[{"href":"https:\/\/planetetennis.fr\/es\/wp-json\/wp\/v2\/product"}],"about":[{"href":"https:\/\/planetetennis.fr\/es\/wp-json\/wp\/v2\/types\/product"}],"replies":[{"embeddable":true,"href":"https:\/\/planetetennis.fr\/es\/wp-json\/wp\/v2\/comments?post=13499"}],"wp:featuredmedia":[{"embeddable":true,"href":"https:\/\/planetetennis.fr\/es\/wp-json\/wp\/v2\/media\/13500"}],"wp:attachment":[{"href":"https:\/\/planetetennis.fr\/es\/wp-json\/wp\/v2\/media?parent=13499"}],"wp:term":[{"taxonomy":"product_brand","embeddable":true,"href":"https:\/\/planetetennis.fr\/es\/wp-json\/wp\/v2\/product_brand?post=13499"},{"taxonomy":"product_cat","embeddable":true,"href":"https:\/\/planetetennis.fr\/es\/wp-json\/wp\/v2\/product_cat?post=13499"},{"taxonomy":"product_tag","embeddable":true,"href":"https:\/\/planetetennis.fr\/es\/wp-json\/wp\/v2\/product_tag?post=13499"}],"curies":[{"name":"wp","href":"https:\/\/api.w.org\/{rel}","templated":true}]}}