{"id":13584,"date":"2022-12-29T09:29:07","date_gmt":"2022-12-29T09:29:07","guid":{"rendered":"https:\/\/planetetennis.fr\/?post_type=product&#038;p=13584"},"modified":"2024-01-04T08:38:12","modified_gmt":"2024-01-04T08:38:12","slug":"short-danyo-basic-noir","status":"publish","type":"product","link":"https:\/\/planetetennis.fr\/es\/product\/short-danyo-basic-noir\/","title":{"rendered":"Short Danyo Basic Noir"},"content":{"rendered":"<p>Ceinture \u00e9lastique avec \u00e9lastique et cordon de serrage<br \/>\nPoches lat\u00e9rales pour le rangement de petits objets<br \/>\nCoupe ample pour une grande libert\u00e9 de mouvement<br \/>\nMati\u00e8re douce et agr\u00e9able au toucher, en coton, qui prot\u00e8ge du froid<br \/>\nLogo brod\u00e9 de haute qualit\u00e9 sur la jambe gauche<br \/>\nPetit patch de l&#8217;\u00e9criture Bidi Badu \u00e0 l&#8217;arri\u00e8re<\/p>","protected":false},"excerpt":{"rendered":"<p>Jour de cong\u00e9 ? Niiiiiceee ! Sors et savoure quelques cocktails ou reste \u00e0 la maison et regarde 37 \u00e9pisodes de ta nouvelle s\u00e9rie pr\u00e9f\u00e9r\u00e9e. On s&#8217;en fiche un peu<\/p>","protected":false},"featured_media":13590,"comment_status":"open","ping_status":"closed","template":"","meta":{"_monsterinsights_skip_tracking":false,"_monsterinsights_sitenote_active":false,"_monsterinsights_sitenote_note":"","_monsterinsights_sitenote_category":0},"product_brand":[],"product_cat":[546,542,483,517,544,540,476,475,479],"product_tag":[],"class_list":{"0":"post-13584","1":"product","2":"type-product","3":"status-publish","4":"has-post-thumbnail","6":"product_cat-homme-athletisme","7":"product_cat-homme-boxe","8":"product_cat-short","9":"product_cat-short-homme-vetements-fitness","10":"product_cat-athletisme","11":"product_cat-boxe","12":"product_cat-vetements-fitness","13":"product_cat-vetements-tennis","14":"product_cat-homme-vetements-tennis","16":"first","17":"instock","18":"taxable","19":"shipping-taxable","20":"purchasable","21":"product-type-variable"},"yoast_head":"<!-- This site is optimized with the Yoast SEO plugin v27.4 - https:\/\/yoast.com\/product\/yoast-seo-wordpress\/ -->\n<title>Short Danyo Basic Noir - Planetetennis<\/title>\n<meta name=\"description\" content=\"Jour de cong\u00e9 ? Niiiiiceee ! Sors et savoure quelques cocktails ou reste \u00e0 la maison et regarde 37 \u00e9pisodes de ta nouvelle s\u00e9rie pr\u00e9f\u00e9r\u00e9e.\" \/>\n<meta name=\"robots\" content=\"index, follow, max-snippet:-1, max-image-preview:large, max-video-preview:-1\" \/>\n<link rel=\"canonical\" href=\"https:\/\/planetetennis.fr\/es\/product\/short-danyo-basic-noir\/\" \/>\n<meta property=\"og:locale\" content=\"es_ES\" \/>\n<meta property=\"og:type\" content=\"article\" \/>\n<meta property=\"og:title\" content=\"Short Danyo Basic Noir - Planetetennis\" \/>\n<meta property=\"og:description\" content=\"Jour de cong\u00e9 ? Niiiiiceee ! Sors et savoure quelques cocktails ou reste \u00e0 la maison et regarde 37 \u00e9pisodes de ta nouvelle s\u00e9rie pr\u00e9f\u00e9r\u00e9e.\" \/>\n<meta property=\"og:url\" content=\"https:\/\/planetetennis.fr\/es\/product\/short-danyo-basic-noir\/\" \/>\n<meta property=\"og:site_name\" content=\"Planetetennis\" \/>\n<meta property=\"article:modified_time\" content=\"2024-01-04T08:38:12+00:00\" \/>\n<meta property=\"og:image\" content=\"https:\/\/planetetennis.fr\/wp-content\/uploads\/2022\/12\/M31027193-BK-front.jpg\" \/>\n\t<meta property=\"og:image:width\" content=\"1000\" \/>\n\t<meta property=\"og:image:height\" content=\"1000\" \/>\n\t<meta property=\"og:image:type\" content=\"image\/jpeg\" \/>\n<meta name=\"twitter:card\" content=\"summary_large_image\" \/>\n<script type=\"application\/ld+json\" class=\"yoast-schema-graph\">{\"@context\":\"https:\\\/\\\/schema.org\",\"@graph\":[{\"@type\":\"WebPage\",\"@id\":\"https:\\\/\\\/planetetennis.fr\\\/product\\\/short-danyo-basic-noir\\\/\",\"url\":\"https:\\\/\\\/planetetennis.fr\\\/product\\\/short-danyo-basic-noir\\\/\",\"name\":\"Short Danyo Basic Noir - Planetetennis\",\"isPartOf\":{\"@id\":\"https:\\\/\\\/planetetennis.fr\\\/#website\"},\"primaryImageOfPage\":{\"@id\":\"https:\\\/\\\/planetetennis.fr\\\/product\\\/short-danyo-basic-noir\\\/#primaryimage\"},\"image\":{\"@id\":\"https:\\\/\\\/planetetennis.fr\\\/product\\\/short-danyo-basic-noir\\\/#primaryimage\"},\"thumbnailUrl\":\"https:\\\/\\\/planetetennis.fr\\\/wp-content\\\/uploads\\\/2022\\\/12\\\/M31027193-BK-front.jpg\",\"datePublished\":\"2022-12-29T09:29:07+00:00\",\"dateModified\":\"2024-01-04T08:38:12+00:00\",\"description\":\"Jour de cong\u00e9 ? Niiiiiceee ! Sors et savoure quelques cocktails ou reste \u00e0 la maison et regarde 37 \u00e9pisodes de ta nouvelle s\u00e9rie pr\u00e9f\u00e9r\u00e9e.\",\"breadcrumb\":{\"@id\":\"https:\\\/\\\/planetetennis.fr\\\/product\\\/short-danyo-basic-noir\\\/#breadcrumb\"},\"inLanguage\":\"es-ES\",\"potentialAction\":[{\"@type\":\"ReadAction\",\"target\":[\"https:\\\/\\\/planetetennis.fr\\\/product\\\/short-danyo-basic-noir\\\/\"]}]},{\"@type\":\"ImageObject\",\"inLanguage\":\"es-ES\",\"@id\":\"https:\\\/\\\/planetetennis.fr\\\/product\\\/short-danyo-basic-noir\\\/#primaryimage\",\"url\":\"https:\\\/\\\/planetetennis.fr\\\/wp-content\\\/uploads\\\/2022\\\/12\\\/M31027193-BK-front.jpg\",\"contentUrl\":\"https:\\\/\\\/planetetennis.fr\\\/wp-content\\\/uploads\\\/2022\\\/12\\\/M31027193-BK-front.jpg\",\"width\":1000,\"height\":1000},{\"@type\":\"BreadcrumbList\",\"@id\":\"https:\\\/\\\/planetetennis.fr\\\/product\\\/short-danyo-basic-noir\\\/#breadcrumb\",\"itemListElement\":[{\"@type\":\"ListItem\",\"position\":1,\"name\":\"Accueil\",\"item\":\"https:\\\/\\\/planetetennis.fr\\\/\"},{\"@type\":\"ListItem\",\"position\":2,\"name\":\"Nos produits\",\"item\":\"https:\\\/\\\/planetetennis.fr\\\/produits\\\/\"},{\"@type\":\"ListItem\",\"position\":3,\"name\":\"Short Danyo Basic Noir\"}]},{\"@type\":\"WebSite\",\"@id\":\"https:\\\/\\\/planetetennis.fr\\\/#website\",\"url\":\"https:\\\/\\\/planetetennis.fr\\\/\",\"name\":\"Planetetennis\",\"description\":\"Cordages de tennis monofilament fran\u00e7ais\",\"publisher\":{\"@id\":\"https:\\\/\\\/planetetennis.fr\\\/#organization\"},\"potentialAction\":[{\"@type\":\"SearchAction\",\"target\":{\"@type\":\"EntryPoint\",\"urlTemplate\":\"https:\\\/\\\/planetetennis.fr\\\/?s={search_term_string}\"},\"query-input\":{\"@type\":\"PropertyValueSpecification\",\"valueRequired\":true,\"valueName\":\"search_term_string\"}}],\"inLanguage\":\"es-ES\"},{\"@type\":\"Organization\",\"@id\":\"https:\\\/\\\/planetetennis.fr\\\/#organization\",\"name\":\"Planetetennis\",\"url\":\"https:\\\/\\\/planetetennis.fr\\\/\",\"logo\":{\"@type\":\"ImageObject\",\"inLanguage\":\"es-ES\",\"@id\":\"https:\\\/\\\/planetetennis.fr\\\/#\\\/schema\\\/logo\\\/image\\\/\",\"url\":\"https:\\\/\\\/planetetennis.fr\\\/wp-content\\\/uploads\\\/2021\\\/10\\\/logocolor03.png\",\"contentUrl\":\"https:\\\/\\\/planetetennis.fr\\\/wp-content\\\/uploads\\\/2021\\\/10\\\/logocolor03.png\",\"width\":230,\"height\":58,\"caption\":\"Planetetennis\"},\"image\":{\"@id\":\"https:\\\/\\\/planetetennis.fr\\\/#\\\/schema\\\/logo\\\/image\\\/\"}}]}<\/script>\n<!-- \/ Yoast SEO plugin. -->","yoast_head_json":{"title":"Short Danyo Basic Noir - Planetetennis","description":"Jour de cong\u00e9 ? Niiiiiceee ! Sors et savoure quelques cocktails ou reste \u00e0 la maison et regarde 37 \u00e9pisodes de ta nouvelle s\u00e9rie pr\u00e9f\u00e9r\u00e9e.","robots":{"index":"index","follow":"follow","max-snippet":"max-snippet:-1","max-image-preview":"max-image-preview:large","max-video-preview":"max-video-preview:-1"},"canonical":"https:\/\/planetetennis.fr\/es\/product\/short-danyo-basic-noir\/","og_locale":"es_ES","og_type":"article","og_title":"Short Danyo Basic Noir - Planetetennis","og_description":"Jour de cong\u00e9 ? Niiiiiceee ! Sors et savoure quelques cocktails ou reste \u00e0 la maison et regarde 37 \u00e9pisodes de ta nouvelle s\u00e9rie pr\u00e9f\u00e9r\u00e9e.","og_url":"https:\/\/planetetennis.fr\/es\/product\/short-danyo-basic-noir\/","og_site_name":"Planetetennis","article_modified_time":"2024-01-04T08:38:12+00:00","og_image":[{"width":1000,"height":1000,"url":"https:\/\/planetetennis.fr\/wp-content\/uploads\/2022\/12\/M31027193-BK-front.jpg","type":"image\/jpeg"}],"twitter_card":"summary_large_image","schema":{"@context":"https:\/\/schema.org","@graph":[{"@type":"WebPage","@id":"https:\/\/planetetennis.fr\/product\/short-danyo-basic-noir\/","url":"https:\/\/planetetennis.fr\/product\/short-danyo-basic-noir\/","name":"Short Danyo Basic Noir - Planetetennis","isPartOf":{"@id":"https:\/\/planetetennis.fr\/#website"},"primaryImageOfPage":{"@id":"https:\/\/planetetennis.fr\/product\/short-danyo-basic-noir\/#primaryimage"},"image":{"@id":"https:\/\/planetetennis.fr\/product\/short-danyo-basic-noir\/#primaryimage"},"thumbnailUrl":"https:\/\/planetetennis.fr\/wp-content\/uploads\/2022\/12\/M31027193-BK-front.jpg","datePublished":"2022-12-29T09:29:07+00:00","dateModified":"2024-01-04T08:38:12+00:00","description":"Jour de cong\u00e9 ? Niiiiiceee ! Sors et savoure quelques cocktails ou reste \u00e0 la maison et regarde 37 \u00e9pisodes de ta nouvelle s\u00e9rie pr\u00e9f\u00e9r\u00e9e.","breadcrumb":{"@id":"https:\/\/planetetennis.fr\/product\/short-danyo-basic-noir\/#breadcrumb"},"inLanguage":"es-ES","potentialAction":[{"@type":"ReadAction","target":["https:\/\/planetetennis.fr\/product\/short-danyo-basic-noir\/"]}]},{"@type":"ImageObject","inLanguage":"es-ES","@id":"https:\/\/planetetennis.fr\/product\/short-danyo-basic-noir\/#primaryimage","url":"https:\/\/planetetennis.fr\/wp-content\/uploads\/2022\/12\/M31027193-BK-front.jpg","contentUrl":"https:\/\/planetetennis.fr\/wp-content\/uploads\/2022\/12\/M31027193-BK-front.jpg","width":1000,"height":1000},{"@type":"BreadcrumbList","@id":"https:\/\/planetetennis.fr\/product\/short-danyo-basic-noir\/#breadcrumb","itemListElement":[{"@type":"ListItem","position":1,"name":"Accueil","item":"https:\/\/planetetennis.fr\/"},{"@type":"ListItem","position":2,"name":"Nos produits","item":"https:\/\/planetetennis.fr\/produits\/"},{"@type":"ListItem","position":3,"name":"Short Danyo Basic Noir"}]},{"@type":"WebSite","@id":"https:\/\/planetetennis.fr\/#website","url":"https:\/\/planetetennis.fr\/","name":"Planeta tenis","description":"Cordages de tennis monofilament fran\u00e7ais","publisher":{"@id":"https:\/\/planetetennis.fr\/#organization"},"potentialAction":[{"@type":"SearchAction","target":{"@type":"EntryPoint","urlTemplate":"https:\/\/planetetennis.fr\/?s={search_term_string}"},"query-input":{"@type":"PropertyValueSpecification","valueRequired":true,"valueName":"search_term_string"}}],"inLanguage":"es-ES"},{"@type":"Organization","@id":"https:\/\/planetetennis.fr\/#organization","name":"Planeta tenis","url":"https:\/\/planetetennis.fr\/","logo":{"@type":"ImageObject","inLanguage":"es-ES","@id":"https:\/\/planetetennis.fr\/#\/schema\/logo\/image\/","url":"https:\/\/planetetennis.fr\/wp-content\/uploads\/2021\/10\/logocolor03.png","contentUrl":"https:\/\/planetetennis.fr\/wp-content\/uploads\/2021\/10\/logocolor03.png","width":230,"height":58,"caption":"Planetetennis"},"image":{"@id":"https:\/\/planetetennis.fr\/#\/schema\/logo\/image\/"}}]}},"_links":{"self":[{"href":"https:\/\/planetetennis.fr\/es\/wp-json\/wp\/v2\/product\/13584","targetHints":{"allow":["GET"]}}],"collection":[{"href":"https:\/\/planetetennis.fr\/es\/wp-json\/wp\/v2\/product"}],"about":[{"href":"https:\/\/planetetennis.fr\/es\/wp-json\/wp\/v2\/types\/product"}],"replies":[{"embeddable":true,"href":"https:\/\/planetetennis.fr\/es\/wp-json\/wp\/v2\/comments?post=13584"}],"wp:featuredmedia":[{"embeddable":true,"href":"https:\/\/planetetennis.fr\/es\/wp-json\/wp\/v2\/media\/13590"}],"wp:attachment":[{"href":"https:\/\/planetetennis.fr\/es\/wp-json\/wp\/v2\/media?parent=13584"}],"wp:term":[{"taxonomy":"product_brand","embeddable":true,"href":"https:\/\/planetetennis.fr\/es\/wp-json\/wp\/v2\/product_brand?post=13584"},{"taxonomy":"product_cat","embeddable":true,"href":"https:\/\/planetetennis.fr\/es\/wp-json\/wp\/v2\/product_cat?post=13584"},{"taxonomy":"product_tag","embeddable":true,"href":"https:\/\/planetetennis.fr\/es\/wp-json\/wp\/v2\/product_tag?post=13584"}],"curies":[{"name":"wp","href":"https:\/\/api.w.org\/{rel}","templated":true}]}}