{"id":13613,"date":"2022-12-29T09:51:06","date_gmt":"2022-12-29T09:51:06","guid":{"rendered":"https:\/\/planetetennis.fr\/?post_type=product&#038;p=13613"},"modified":"2024-01-04T06:47:37","modified_gmt":"2024-01-04T06:47:37","slug":"pantalon-matu-basic-cuffed-noir","status":"publish","type":"product","link":"https:\/\/planetetennis.fr\/es\/product\/pantalon-matu-basic-cuffed-noir\/","title":{"rendered":"Pantalon Matu Basic Cuffed Noir"},"content":{"rendered":"<p>Ceinture c\u00f4tel\u00e9e avec cordons de serrage plats<br \/>\nPoches lat\u00e9rales<br \/>\nLes jambes sont sp\u00e9cialement form\u00e9es avec des coutures pratiques et assurent un look cool<br \/>\nR\u00e9unit le style de vie de Bidi Badu : lifestyle &amp; sport<br \/>\nPetit patch de l&#8217;\u00e9criture Bidi Badu \u00e0 l&#8217;arri\u00e8re<br \/>\nCoupe d\u00e9contract\u00e9e pour une libert\u00e9 de mouvement optimale<br \/>\nMati\u00e8re douce et agr\u00e9able au toucher, en coton, qui prot\u00e8ge du froid<br \/>\nLogo brod\u00e9 de haute qualit\u00e9 sur la jambe gauche<br \/>\nPetit patch de l&#8217;\u00e9criture Bidi Badu dans le dos<\/p>","protected":false},"excerpt":{"rendered":"<p>Encore une journ\u00e9e de ski ? D\u00e9sormais, ce n&#8217;est plus un probl\u00e8me si tu peux simplement sauter dans ce pantalon et cacher tes jambes sous l&#8217;ampleur de ce tissu. Ce pantalon de jogging est bien s\u00fbr aussi destin\u00e9 aux hommes dont le boss est &#8220;l&#8217;escalier&#8221; apr\u00e8s une s\u00e9ance.<\/p>","protected":false},"featured_media":13619,"comment_status":"open","ping_status":"closed","template":"","meta":{"_monsterinsights_skip_tracking":false,"_monsterinsights_sitenote_active":false,"_monsterinsights_sitenote_note":"","_monsterinsights_sitenote_category":0},"product_brand":[],"product_cat":[486,522,475,479,515],"product_tag":[],"class_list":{"0":"post-13613","1":"product","2":"type-product","3":"status-publish","4":"has-post-thumbnail","6":"product_cat-pantalon","7":"product_cat-survetement-homme-vetements-fitness","8":"product_cat-vetements-tennis","9":"product_cat-homme-vetements-tennis","10":"product_cat-homme-vetements-fitness","12":"first","13":"instock","14":"taxable","15":"shipping-taxable","16":"purchasable","17":"product-type-variable"},"yoast_head":"<!-- This site is optimized with the Yoast SEO plugin v27.4 - https:\/\/yoast.com\/product\/yoast-seo-wordpress\/ -->\n<title>Pantalon Matu Basic Cuffed Noir - Planetetennis<\/title>\n<meta name=\"robots\" content=\"index, follow, max-snippet:-1, max-image-preview:large, max-video-preview:-1\" \/>\n<link rel=\"canonical\" href=\"https:\/\/planetetennis.fr\/es\/product\/pantalon-matu-basic-cuffed-noir\/\" \/>\n<meta property=\"og:locale\" content=\"es_ES\" \/>\n<meta property=\"og:type\" content=\"article\" \/>\n<meta property=\"og:title\" content=\"Pantalon Matu Basic Cuffed Noir - Planetetennis\" \/>\n<meta property=\"og:description\" content=\"Encore une journ\u00e9e de ski ? D\u00e9sormais, ce n&#039;est plus un probl\u00e8me si tu peux simplement sauter dans ce pantalon et cacher tes jambes sous l&#039;ampleur de ce tissu. Ce pantalon de jogging est bien s\u00fbr aussi destin\u00e9 aux hommes dont le boss est &quot;l&#039;escalier&quot; apr\u00e8s une s\u00e9ance.\" \/>\n<meta property=\"og:url\" content=\"https:\/\/planetetennis.fr\/es\/product\/pantalon-matu-basic-cuffed-noir\/\" \/>\n<meta property=\"og:site_name\" content=\"Planetetennis\" \/>\n<meta property=\"article:modified_time\" content=\"2024-01-04T06:47:37+00:00\" \/>\n<meta property=\"og:image\" content=\"https:\/\/planetetennis.fr\/wp-content\/uploads\/2022\/12\/M23030193-BK-front.jpg\" \/>\n\t<meta property=\"og:image:width\" content=\"1000\" \/>\n\t<meta property=\"og:image:height\" content=\"1000\" \/>\n\t<meta property=\"og:image:type\" content=\"image\/jpeg\" \/>\n<meta name=\"twitter:card\" content=\"summary_large_image\" \/>\n<script type=\"application\/ld+json\" class=\"yoast-schema-graph\">{\"@context\":\"https:\\\/\\\/schema.org\",\"@graph\":[{\"@type\":\"WebPage\",\"@id\":\"https:\\\/\\\/planetetennis.fr\\\/product\\\/pantalon-matu-basic-cuffed-noir\\\/\",\"url\":\"https:\\\/\\\/planetetennis.fr\\\/product\\\/pantalon-matu-basic-cuffed-noir\\\/\",\"name\":\"Pantalon Matu Basic Cuffed Noir - Planetetennis\",\"isPartOf\":{\"@id\":\"https:\\\/\\\/planetetennis.fr\\\/#website\"},\"primaryImageOfPage\":{\"@id\":\"https:\\\/\\\/planetetennis.fr\\\/product\\\/pantalon-matu-basic-cuffed-noir\\\/#primaryimage\"},\"image\":{\"@id\":\"https:\\\/\\\/planetetennis.fr\\\/product\\\/pantalon-matu-basic-cuffed-noir\\\/#primaryimage\"},\"thumbnailUrl\":\"https:\\\/\\\/planetetennis.fr\\\/wp-content\\\/uploads\\\/2022\\\/12\\\/M23030193-BK-front.jpg\",\"datePublished\":\"2022-12-29T09:51:06+00:00\",\"dateModified\":\"2024-01-04T06:47:37+00:00\",\"breadcrumb\":{\"@id\":\"https:\\\/\\\/planetetennis.fr\\\/product\\\/pantalon-matu-basic-cuffed-noir\\\/#breadcrumb\"},\"inLanguage\":\"es-ES\",\"potentialAction\":[{\"@type\":\"ReadAction\",\"target\":[\"https:\\\/\\\/planetetennis.fr\\\/product\\\/pantalon-matu-basic-cuffed-noir\\\/\"]}]},{\"@type\":\"ImageObject\",\"inLanguage\":\"es-ES\",\"@id\":\"https:\\\/\\\/planetetennis.fr\\\/product\\\/pantalon-matu-basic-cuffed-noir\\\/#primaryimage\",\"url\":\"https:\\\/\\\/planetetennis.fr\\\/wp-content\\\/uploads\\\/2022\\\/12\\\/M23030193-BK-front.jpg\",\"contentUrl\":\"https:\\\/\\\/planetetennis.fr\\\/wp-content\\\/uploads\\\/2022\\\/12\\\/M23030193-BK-front.jpg\",\"width\":1000,\"height\":1000},{\"@type\":\"BreadcrumbList\",\"@id\":\"https:\\\/\\\/planetetennis.fr\\\/product\\\/pantalon-matu-basic-cuffed-noir\\\/#breadcrumb\",\"itemListElement\":[{\"@type\":\"ListItem\",\"position\":1,\"name\":\"Accueil\",\"item\":\"https:\\\/\\\/planetetennis.fr\\\/\"},{\"@type\":\"ListItem\",\"position\":2,\"name\":\"Nos produits\",\"item\":\"https:\\\/\\\/planetetennis.fr\\\/produits\\\/\"},{\"@type\":\"ListItem\",\"position\":3,\"name\":\"Pantalon Matu Basic Cuffed Noir\"}]},{\"@type\":\"WebSite\",\"@id\":\"https:\\\/\\\/planetetennis.fr\\\/#website\",\"url\":\"https:\\\/\\\/planetetennis.fr\\\/\",\"name\":\"Planetetennis\",\"description\":\"Cordages de tennis monofilament fran\u00e7ais\",\"publisher\":{\"@id\":\"https:\\\/\\\/planetetennis.fr\\\/#organization\"},\"potentialAction\":[{\"@type\":\"SearchAction\",\"target\":{\"@type\":\"EntryPoint\",\"urlTemplate\":\"https:\\\/\\\/planetetennis.fr\\\/?s={search_term_string}\"},\"query-input\":{\"@type\":\"PropertyValueSpecification\",\"valueRequired\":true,\"valueName\":\"search_term_string\"}}],\"inLanguage\":\"es-ES\"},{\"@type\":\"Organization\",\"@id\":\"https:\\\/\\\/planetetennis.fr\\\/#organization\",\"name\":\"Planetetennis\",\"url\":\"https:\\\/\\\/planetetennis.fr\\\/\",\"logo\":{\"@type\":\"ImageObject\",\"inLanguage\":\"es-ES\",\"@id\":\"https:\\\/\\\/planetetennis.fr\\\/#\\\/schema\\\/logo\\\/image\\\/\",\"url\":\"https:\\\/\\\/planetetennis.fr\\\/wp-content\\\/uploads\\\/2021\\\/10\\\/logocolor03.png\",\"contentUrl\":\"https:\\\/\\\/planetetennis.fr\\\/wp-content\\\/uploads\\\/2021\\\/10\\\/logocolor03.png\",\"width\":230,\"height\":58,\"caption\":\"Planetetennis\"},\"image\":{\"@id\":\"https:\\\/\\\/planetetennis.fr\\\/#\\\/schema\\\/logo\\\/image\\\/\"}}]}<\/script>\n<!-- \/ Yoast SEO plugin. -->","yoast_head_json":{"title":"Pantalon Matu Basic Cuffed Noir - Planetetennis","robots":{"index":"index","follow":"follow","max-snippet":"max-snippet:-1","max-image-preview":"max-image-preview:large","max-video-preview":"max-video-preview:-1"},"canonical":"https:\/\/planetetennis.fr\/es\/product\/pantalon-matu-basic-cuffed-noir\/","og_locale":"es_ES","og_type":"article","og_title":"Pantalon Matu Basic Cuffed Noir - Planetetennis","og_description":"Encore une journ\u00e9e de ski ? D\u00e9sormais, ce n'est plus un probl\u00e8me si tu peux simplement sauter dans ce pantalon et cacher tes jambes sous l'ampleur de ce tissu. Ce pantalon de jogging est bien s\u00fbr aussi destin\u00e9 aux hommes dont le boss est \"l'escalier\" apr\u00e8s une s\u00e9ance.","og_url":"https:\/\/planetetennis.fr\/es\/product\/pantalon-matu-basic-cuffed-noir\/","og_site_name":"Planetetennis","article_modified_time":"2024-01-04T06:47:37+00:00","og_image":[{"width":1000,"height":1000,"url":"https:\/\/planetetennis.fr\/wp-content\/uploads\/2022\/12\/M23030193-BK-front.jpg","type":"image\/jpeg"}],"twitter_card":"summary_large_image","schema":{"@context":"https:\/\/schema.org","@graph":[{"@type":"WebPage","@id":"https:\/\/planetetennis.fr\/product\/pantalon-matu-basic-cuffed-noir\/","url":"https:\/\/planetetennis.fr\/product\/pantalon-matu-basic-cuffed-noir\/","name":"Pantalon Matu Basic Cuffed Noir - Planetetennis","isPartOf":{"@id":"https:\/\/planetetennis.fr\/#website"},"primaryImageOfPage":{"@id":"https:\/\/planetetennis.fr\/product\/pantalon-matu-basic-cuffed-noir\/#primaryimage"},"image":{"@id":"https:\/\/planetetennis.fr\/product\/pantalon-matu-basic-cuffed-noir\/#primaryimage"},"thumbnailUrl":"https:\/\/planetetennis.fr\/wp-content\/uploads\/2022\/12\/M23030193-BK-front.jpg","datePublished":"2022-12-29T09:51:06+00:00","dateModified":"2024-01-04T06:47:37+00:00","breadcrumb":{"@id":"https:\/\/planetetennis.fr\/product\/pantalon-matu-basic-cuffed-noir\/#breadcrumb"},"inLanguage":"es-ES","potentialAction":[{"@type":"ReadAction","target":["https:\/\/planetetennis.fr\/product\/pantalon-matu-basic-cuffed-noir\/"]}]},{"@type":"ImageObject","inLanguage":"es-ES","@id":"https:\/\/planetetennis.fr\/product\/pantalon-matu-basic-cuffed-noir\/#primaryimage","url":"https:\/\/planetetennis.fr\/wp-content\/uploads\/2022\/12\/M23030193-BK-front.jpg","contentUrl":"https:\/\/planetetennis.fr\/wp-content\/uploads\/2022\/12\/M23030193-BK-front.jpg","width":1000,"height":1000},{"@type":"BreadcrumbList","@id":"https:\/\/planetetennis.fr\/product\/pantalon-matu-basic-cuffed-noir\/#breadcrumb","itemListElement":[{"@type":"ListItem","position":1,"name":"Accueil","item":"https:\/\/planetetennis.fr\/"},{"@type":"ListItem","position":2,"name":"Nos produits","item":"https:\/\/planetetennis.fr\/produits\/"},{"@type":"ListItem","position":3,"name":"Pantalon Matu Basic Cuffed Noir"}]},{"@type":"WebSite","@id":"https:\/\/planetetennis.fr\/#website","url":"https:\/\/planetetennis.fr\/","name":"Planeta tenis","description":"Cordages de tennis monofilament fran\u00e7ais","publisher":{"@id":"https:\/\/planetetennis.fr\/#organization"},"potentialAction":[{"@type":"SearchAction","target":{"@type":"EntryPoint","urlTemplate":"https:\/\/planetetennis.fr\/?s={search_term_string}"},"query-input":{"@type":"PropertyValueSpecification","valueRequired":true,"valueName":"search_term_string"}}],"inLanguage":"es-ES"},{"@type":"Organization","@id":"https:\/\/planetetennis.fr\/#organization","name":"Planeta tenis","url":"https:\/\/planetetennis.fr\/","logo":{"@type":"ImageObject","inLanguage":"es-ES","@id":"https:\/\/planetetennis.fr\/#\/schema\/logo\/image\/","url":"https:\/\/planetetennis.fr\/wp-content\/uploads\/2021\/10\/logocolor03.png","contentUrl":"https:\/\/planetetennis.fr\/wp-content\/uploads\/2021\/10\/logocolor03.png","width":230,"height":58,"caption":"Planetetennis"},"image":{"@id":"https:\/\/planetetennis.fr\/#\/schema\/logo\/image\/"}}]}},"_links":{"self":[{"href":"https:\/\/planetetennis.fr\/es\/wp-json\/wp\/v2\/product\/13613","targetHints":{"allow":["GET"]}}],"collection":[{"href":"https:\/\/planetetennis.fr\/es\/wp-json\/wp\/v2\/product"}],"about":[{"href":"https:\/\/planetetennis.fr\/es\/wp-json\/wp\/v2\/types\/product"}],"replies":[{"embeddable":true,"href":"https:\/\/planetetennis.fr\/es\/wp-json\/wp\/v2\/comments?post=13613"}],"wp:featuredmedia":[{"embeddable":true,"href":"https:\/\/planetetennis.fr\/es\/wp-json\/wp\/v2\/media\/13619"}],"wp:attachment":[{"href":"https:\/\/planetetennis.fr\/es\/wp-json\/wp\/v2\/media?parent=13613"}],"wp:term":[{"taxonomy":"product_brand","embeddable":true,"href":"https:\/\/planetetennis.fr\/es\/wp-json\/wp\/v2\/product_brand?post=13613"},{"taxonomy":"product_cat","embeddable":true,"href":"https:\/\/planetetennis.fr\/es\/wp-json\/wp\/v2\/product_cat?post=13613"},{"taxonomy":"product_tag","embeddable":true,"href":"https:\/\/planetetennis.fr\/es\/wp-json\/wp\/v2\/product_tag?post=13613"}],"curies":[{"name":"wp","href":"https:\/\/api.w.org\/{rel}","templated":true}]}}