{"id":13887,"date":"2023-01-11T13:25:55","date_gmt":"2023-01-11T13:25:55","guid":{"rendered":"https:\/\/planetetennis.fr\/?post_type=product&#038;p=13887"},"modified":"2024-01-04T09:42:03","modified_gmt":"2024-01-04T09:42:03","slug":"survetement-junior-basil-basic-gris","status":"publish","type":"product","link":"https:\/\/planetetennis.fr\/es\/product\/survetement-junior-basil-basic-gris\/","title":{"rendered":"Surv\u00eatement Junior Basil Basic Gris"},"content":{"rendered":"<p>Pas d&#8217;inqui\u00e9tude, sautez dans votre nouveau surv\u00eatement et cachez vos jambes au monde entier. Bien s\u00fbr, ce pantalon de surv\u00eatement est aussi fait pour les gars qui consid\u00e8rent les escaliers comme leur dernier ennemi apr\u00e8s une s\u00e9ance d&#8217;entra\u00eenement intense.<\/p>","protected":false},"excerpt":{"rendered":"<p>Pas d&#8217;inqui\u00e9tude, sautez dans votre nouveau surv\u00eatement et cachez vos jambes au monde entier. Bien s\u00fbr, ce pantalon de surv\u00eatement est aussi fait pour les gars qui consid\u00e8rent les escaliers comme leur dernier ennemi apr\u00e8s une s\u00e9ance d&#8217;entra\u00eenement intense.<\/p>","protected":false},"featured_media":13892,"comment_status":"open","ping_status":"closed","template":"","meta":{"_monsterinsights_skip_tracking":false,"_monsterinsights_sitenote_active":false,"_monsterinsights_sitenote_note":"","_monsterinsights_sitenote_category":0},"product_brand":[],"product_cat":[499,475,482],"product_tag":[],"class_list":{"0":"post-13887","1":"product","2":"type-product","3":"status-publish","4":"has-post-thumbnail","6":"product_cat-pantalon-garcon","7":"product_cat-vetements-tennis","8":"product_cat-garcon","10":"first","11":"instock","12":"taxable","13":"shipping-taxable","14":"purchasable","15":"product-type-variable"},"yoast_head":"<!-- This site is optimized with the Yoast SEO plugin v27.4 - https:\/\/yoast.com\/product\/yoast-seo-wordpress\/ -->\n<title>Surv\u00eatement Junior Basil Basic Gris - Planetetennis<\/title>\n<meta name=\"description\" content=\"Bien s\u00fbr, ce pantalon de surv\u00eatement est aussi fait pour les gars qui consid\u00e8rent les escaliers comme leur dernier ennemi apr\u00e8s une s\u00e9ance d&#039;entra\u00eenement intense.\" \/>\n<meta name=\"robots\" content=\"index, follow, max-snippet:-1, max-image-preview:large, max-video-preview:-1\" \/>\n<link rel=\"canonical\" href=\"https:\/\/planetetennis.fr\/es\/product\/survetement-junior-basil-basic-gris\/\" \/>\n<meta property=\"og:locale\" content=\"es_ES\" \/>\n<meta property=\"og:type\" content=\"article\" \/>\n<meta property=\"og:title\" content=\"Surv\u00eatement Junior Basil Basic Gris - Planetetennis\" \/>\n<meta property=\"og:description\" content=\"Bien s\u00fbr, ce pantalon de surv\u00eatement est aussi fait pour les gars qui consid\u00e8rent les escaliers comme leur dernier ennemi apr\u00e8s une s\u00e9ance d&#039;entra\u00eenement intense.\" \/>\n<meta property=\"og:url\" content=\"https:\/\/planetetennis.fr\/es\/product\/survetement-junior-basil-basic-gris\/\" \/>\n<meta property=\"og:site_name\" content=\"Planetetennis\" \/>\n<meta property=\"article:modified_time\" content=\"2024-01-04T09:42:03+00:00\" \/>\n<meta property=\"og:image\" content=\"https:\/\/planetetennis.fr\/wp-content\/uploads\/2023\/01\/B239015203-LGR-front.jpg\" \/>\n\t<meta property=\"og:image:width\" content=\"1000\" \/>\n\t<meta property=\"og:image:height\" content=\"1000\" \/>\n\t<meta property=\"og:image:type\" content=\"image\/jpeg\" \/>\n<meta name=\"twitter:card\" content=\"summary_large_image\" \/>\n<script type=\"application\/ld+json\" class=\"yoast-schema-graph\">{\"@context\":\"https:\\\/\\\/schema.org\",\"@graph\":[{\"@type\":\"WebPage\",\"@id\":\"https:\\\/\\\/planetetennis.fr\\\/product\\\/survetement-junior-basil-basic-gris\\\/\",\"url\":\"https:\\\/\\\/planetetennis.fr\\\/product\\\/survetement-junior-basil-basic-gris\\\/\",\"name\":\"Surv\u00eatement Junior Basil Basic Gris - Planetetennis\",\"isPartOf\":{\"@id\":\"https:\\\/\\\/planetetennis.fr\\\/#website\"},\"primaryImageOfPage\":{\"@id\":\"https:\\\/\\\/planetetennis.fr\\\/product\\\/survetement-junior-basil-basic-gris\\\/#primaryimage\"},\"image\":{\"@id\":\"https:\\\/\\\/planetetennis.fr\\\/product\\\/survetement-junior-basil-basic-gris\\\/#primaryimage\"},\"thumbnailUrl\":\"https:\\\/\\\/planetetennis.fr\\\/wp-content\\\/uploads\\\/2023\\\/01\\\/B239015203-LGR-front.jpg\",\"datePublished\":\"2023-01-11T13:25:55+00:00\",\"dateModified\":\"2024-01-04T09:42:03+00:00\",\"description\":\"Bien s\u00fbr, ce pantalon de surv\u00eatement est aussi fait pour les gars qui consid\u00e8rent les escaliers comme leur dernier ennemi apr\u00e8s une s\u00e9ance d'entra\u00eenement intense.\",\"breadcrumb\":{\"@id\":\"https:\\\/\\\/planetetennis.fr\\\/product\\\/survetement-junior-basil-basic-gris\\\/#breadcrumb\"},\"inLanguage\":\"es-ES\",\"potentialAction\":[{\"@type\":\"ReadAction\",\"target\":[\"https:\\\/\\\/planetetennis.fr\\\/product\\\/survetement-junior-basil-basic-gris\\\/\"]}]},{\"@type\":\"ImageObject\",\"inLanguage\":\"es-ES\",\"@id\":\"https:\\\/\\\/planetetennis.fr\\\/product\\\/survetement-junior-basil-basic-gris\\\/#primaryimage\",\"url\":\"https:\\\/\\\/planetetennis.fr\\\/wp-content\\\/uploads\\\/2023\\\/01\\\/B239015203-LGR-front.jpg\",\"contentUrl\":\"https:\\\/\\\/planetetennis.fr\\\/wp-content\\\/uploads\\\/2023\\\/01\\\/B239015203-LGR-front.jpg\",\"width\":1000,\"height\":1000},{\"@type\":\"BreadcrumbList\",\"@id\":\"https:\\\/\\\/planetetennis.fr\\\/product\\\/survetement-junior-basil-basic-gris\\\/#breadcrumb\",\"itemListElement\":[{\"@type\":\"ListItem\",\"position\":1,\"name\":\"Accueil\",\"item\":\"https:\\\/\\\/planetetennis.fr\\\/\"},{\"@type\":\"ListItem\",\"position\":2,\"name\":\"Nos produits\",\"item\":\"https:\\\/\\\/planetetennis.fr\\\/produits\\\/\"},{\"@type\":\"ListItem\",\"position\":3,\"name\":\"Surv\u00eatement Junior Basil Basic Gris\"}]},{\"@type\":\"WebSite\",\"@id\":\"https:\\\/\\\/planetetennis.fr\\\/#website\",\"url\":\"https:\\\/\\\/planetetennis.fr\\\/\",\"name\":\"Planetetennis\",\"description\":\"Cordages de tennis monofilament fran\u00e7ais\",\"publisher\":{\"@id\":\"https:\\\/\\\/planetetennis.fr\\\/#organization\"},\"potentialAction\":[{\"@type\":\"SearchAction\",\"target\":{\"@type\":\"EntryPoint\",\"urlTemplate\":\"https:\\\/\\\/planetetennis.fr\\\/?s={search_term_string}\"},\"query-input\":{\"@type\":\"PropertyValueSpecification\",\"valueRequired\":true,\"valueName\":\"search_term_string\"}}],\"inLanguage\":\"es-ES\"},{\"@type\":\"Organization\",\"@id\":\"https:\\\/\\\/planetetennis.fr\\\/#organization\",\"name\":\"Planetetennis\",\"url\":\"https:\\\/\\\/planetetennis.fr\\\/\",\"logo\":{\"@type\":\"ImageObject\",\"inLanguage\":\"es-ES\",\"@id\":\"https:\\\/\\\/planetetennis.fr\\\/#\\\/schema\\\/logo\\\/image\\\/\",\"url\":\"https:\\\/\\\/planetetennis.fr\\\/wp-content\\\/uploads\\\/2021\\\/10\\\/logocolor03.png\",\"contentUrl\":\"https:\\\/\\\/planetetennis.fr\\\/wp-content\\\/uploads\\\/2021\\\/10\\\/logocolor03.png\",\"width\":230,\"height\":58,\"caption\":\"Planetetennis\"},\"image\":{\"@id\":\"https:\\\/\\\/planetetennis.fr\\\/#\\\/schema\\\/logo\\\/image\\\/\"}}]}<\/script>\n<!-- \/ Yoast SEO plugin. -->","yoast_head_json":{"title":"Surv\u00eatement Junior Basil Basic Gris - Planetetennis","description":"Bien s\u00fbr, ce pantalon de surv\u00eatement est aussi fait pour les gars qui consid\u00e8rent les escaliers comme leur dernier ennemi apr\u00e8s une s\u00e9ance d'entra\u00eenement intense.","robots":{"index":"index","follow":"follow","max-snippet":"max-snippet:-1","max-image-preview":"max-image-preview:large","max-video-preview":"max-video-preview:-1"},"canonical":"https:\/\/planetetennis.fr\/es\/product\/survetement-junior-basil-basic-gris\/","og_locale":"es_ES","og_type":"article","og_title":"Surv\u00eatement Junior Basil Basic Gris - Planetetennis","og_description":"Bien s\u00fbr, ce pantalon de surv\u00eatement est aussi fait pour les gars qui consid\u00e8rent les escaliers comme leur dernier ennemi apr\u00e8s une s\u00e9ance d'entra\u00eenement intense.","og_url":"https:\/\/planetetennis.fr\/es\/product\/survetement-junior-basil-basic-gris\/","og_site_name":"Planetetennis","article_modified_time":"2024-01-04T09:42:03+00:00","og_image":[{"width":1000,"height":1000,"url":"https:\/\/planetetennis.fr\/wp-content\/uploads\/2023\/01\/B239015203-LGR-front.jpg","type":"image\/jpeg"}],"twitter_card":"summary_large_image","schema":{"@context":"https:\/\/schema.org","@graph":[{"@type":"WebPage","@id":"https:\/\/planetetennis.fr\/product\/survetement-junior-basil-basic-gris\/","url":"https:\/\/planetetennis.fr\/product\/survetement-junior-basil-basic-gris\/","name":"Surv\u00eatement Junior Basil Basic Gris - Planetetennis","isPartOf":{"@id":"https:\/\/planetetennis.fr\/#website"},"primaryImageOfPage":{"@id":"https:\/\/planetetennis.fr\/product\/survetement-junior-basil-basic-gris\/#primaryimage"},"image":{"@id":"https:\/\/planetetennis.fr\/product\/survetement-junior-basil-basic-gris\/#primaryimage"},"thumbnailUrl":"https:\/\/planetetennis.fr\/wp-content\/uploads\/2023\/01\/B239015203-LGR-front.jpg","datePublished":"2023-01-11T13:25:55+00:00","dateModified":"2024-01-04T09:42:03+00:00","description":"Bien s\u00fbr, ce pantalon de surv\u00eatement est aussi fait pour les gars qui consid\u00e8rent les escaliers comme leur dernier ennemi apr\u00e8s une s\u00e9ance d'entra\u00eenement intense.","breadcrumb":{"@id":"https:\/\/planetetennis.fr\/product\/survetement-junior-basil-basic-gris\/#breadcrumb"},"inLanguage":"es-ES","potentialAction":[{"@type":"ReadAction","target":["https:\/\/planetetennis.fr\/product\/survetement-junior-basil-basic-gris\/"]}]},{"@type":"ImageObject","inLanguage":"es-ES","@id":"https:\/\/planetetennis.fr\/product\/survetement-junior-basil-basic-gris\/#primaryimage","url":"https:\/\/planetetennis.fr\/wp-content\/uploads\/2023\/01\/B239015203-LGR-front.jpg","contentUrl":"https:\/\/planetetennis.fr\/wp-content\/uploads\/2023\/01\/B239015203-LGR-front.jpg","width":1000,"height":1000},{"@type":"BreadcrumbList","@id":"https:\/\/planetetennis.fr\/product\/survetement-junior-basil-basic-gris\/#breadcrumb","itemListElement":[{"@type":"ListItem","position":1,"name":"Accueil","item":"https:\/\/planetetennis.fr\/"},{"@type":"ListItem","position":2,"name":"Nos produits","item":"https:\/\/planetetennis.fr\/produits\/"},{"@type":"ListItem","position":3,"name":"Surv\u00eatement Junior Basil Basic Gris"}]},{"@type":"WebSite","@id":"https:\/\/planetetennis.fr\/#website","url":"https:\/\/planetetennis.fr\/","name":"Planeta tenis","description":"Cordages de tennis monofilament fran\u00e7ais","publisher":{"@id":"https:\/\/planetetennis.fr\/#organization"},"potentialAction":[{"@type":"SearchAction","target":{"@type":"EntryPoint","urlTemplate":"https:\/\/planetetennis.fr\/?s={search_term_string}"},"query-input":{"@type":"PropertyValueSpecification","valueRequired":true,"valueName":"search_term_string"}}],"inLanguage":"es-ES"},{"@type":"Organization","@id":"https:\/\/planetetennis.fr\/#organization","name":"Planeta tenis","url":"https:\/\/planetetennis.fr\/","logo":{"@type":"ImageObject","inLanguage":"es-ES","@id":"https:\/\/planetetennis.fr\/#\/schema\/logo\/image\/","url":"https:\/\/planetetennis.fr\/wp-content\/uploads\/2021\/10\/logocolor03.png","contentUrl":"https:\/\/planetetennis.fr\/wp-content\/uploads\/2021\/10\/logocolor03.png","width":230,"height":58,"caption":"Planetetennis"},"image":{"@id":"https:\/\/planetetennis.fr\/#\/schema\/logo\/image\/"}}]}},"_links":{"self":[{"href":"https:\/\/planetetennis.fr\/es\/wp-json\/wp\/v2\/product\/13887","targetHints":{"allow":["GET"]}}],"collection":[{"href":"https:\/\/planetetennis.fr\/es\/wp-json\/wp\/v2\/product"}],"about":[{"href":"https:\/\/planetetennis.fr\/es\/wp-json\/wp\/v2\/types\/product"}],"replies":[{"embeddable":true,"href":"https:\/\/planetetennis.fr\/es\/wp-json\/wp\/v2\/comments?post=13887"}],"wp:featuredmedia":[{"embeddable":true,"href":"https:\/\/planetetennis.fr\/es\/wp-json\/wp\/v2\/media\/13892"}],"wp:attachment":[{"href":"https:\/\/planetetennis.fr\/es\/wp-json\/wp\/v2\/media?parent=13887"}],"wp:term":[{"taxonomy":"product_brand","embeddable":true,"href":"https:\/\/planetetennis.fr\/es\/wp-json\/wp\/v2\/product_brand?post=13887"},{"taxonomy":"product_cat","embeddable":true,"href":"https:\/\/planetetennis.fr\/es\/wp-json\/wp\/v2\/product_cat?post=13887"},{"taxonomy":"product_tag","embeddable":true,"href":"https:\/\/planetetennis.fr\/es\/wp-json\/wp\/v2\/product_tag?post=13887"}],"curies":[{"name":"wp","href":"https:\/\/api.w.org\/{rel}","templated":true}]}}