{"id":14009,"date":"2023-01-12T09:40:06","date_gmt":"2023-01-12T09:40:06","guid":{"rendered":"https:\/\/planetetennis.fr\/?post_type=product&#038;p=14009"},"modified":"2024-01-04T03:06:35","modified_gmt":"2024-01-04T03:06:35","slug":"debardeur-junior-gannet-lifestyle","status":"publish","type":"product","link":"https:\/\/planetetennis.fr\/es\/product\/debardeur-junior-gannet-lifestyle\/","title":{"rendered":"D\u00e9bardeur Junior Gannet Lifestyle"},"content":{"rendered":"<p>Notre logo BIDI BADU veut aussi voir le monde et se montre sous son plus beau jour. Il est tout simplement un compagnon fid\u00e8le sur tous vos chemins \u2013 m\u00eame en bas de l\u2019\u00e9chelle.<\/p>","protected":false},"excerpt":{"rendered":"<p>Notre logo BIDI BADU veut aussi voir le monde et se montre sous son plus beau jour. Il est tout simplement un compagnon fid\u00e8le sur tous vos chemins &#8211; m\u00eame en bas de l&#8217;\u00e9chelle.<\/p>","protected":false},"featured_media":14014,"comment_status":"open","ping_status":"closed","template":"","meta":{"_monsterinsights_skip_tracking":false,"_monsterinsights_sitenote_active":false,"_monsterinsights_sitenote_note":"","_monsterinsights_sitenote_category":0},"product_brand":[],"product_cat":[554,545],"product_tag":[],"class_list":{"0":"post-14009","1":"product","2":"type-product","3":"status-publish","4":"has-post-thumbnail","6":"product_cat-junior","7":"product_cat-sportswear","9":"first","10":"instock","11":"taxable","12":"shipping-taxable","13":"purchasable","14":"product-type-variable"},"yoast_head":"<!-- This site is optimized with the Yoast SEO plugin v27.5 - https:\/\/yoast.com\/product\/yoast-seo-wordpress\/ -->\n<title>D\u00e9bardeur Junior Gannet Lifestyle - Planetetennis<\/title>\n<meta name=\"description\" content=\"Notre logo BIDI BADU veut aussi voir le monde et se montre sous son plus beau jour. Il est tout simplement un compagnon fid\u00e8le sur tous vos chemins - m\u00eame en bas de l&#039;\u00e9chelle.\" \/>\n<meta name=\"robots\" content=\"index, follow, max-snippet:-1, max-image-preview:large, max-video-preview:-1\" \/>\n<link rel=\"canonical\" href=\"https:\/\/planetetennis.fr\/es\/product\/debardeur-junior-gannet-lifestyle\/\" \/>\n<meta property=\"og:locale\" content=\"es_ES\" \/>\n<meta property=\"og:type\" content=\"article\" \/>\n<meta property=\"og:title\" content=\"D\u00e9bardeur Junior Gannet Lifestyle - Planetetennis\" \/>\n<meta property=\"og:description\" content=\"Notre logo BIDI BADU veut aussi voir le monde et se montre sous son plus beau jour. Il est tout simplement un compagnon fid\u00e8le sur tous vos chemins - m\u00eame en bas de l&#039;\u00e9chelle.\" \/>\n<meta property=\"og:url\" content=\"https:\/\/planetetennis.fr\/es\/product\/debardeur-junior-gannet-lifestyle\/\" \/>\n<meta property=\"og:site_name\" content=\"Planetetennis\" \/>\n<meta property=\"article:modified_time\" content=\"2024-01-04T03:06:35+00:00\" \/>\n<meta property=\"og:image\" content=\"https:\/\/planetetennis.fr\/wp-content\/uploads\/2023\/01\/G338077221-DBL-front.jpg\" \/>\n\t<meta property=\"og:image:width\" content=\"1000\" \/>\n\t<meta property=\"og:image:height\" content=\"1000\" \/>\n\t<meta property=\"og:image:type\" content=\"image\/jpeg\" \/>\n<meta name=\"twitter:card\" content=\"summary_large_image\" \/>\n<script type=\"application\/ld+json\" class=\"yoast-schema-graph\">{\"@context\":\"https:\\\/\\\/schema.org\",\"@graph\":[{\"@type\":\"WebPage\",\"@id\":\"https:\\\/\\\/planetetennis.fr\\\/product\\\/debardeur-junior-gannet-lifestyle\\\/\",\"url\":\"https:\\\/\\\/planetetennis.fr\\\/product\\\/debardeur-junior-gannet-lifestyle\\\/\",\"name\":\"D\u00e9bardeur Junior Gannet Lifestyle - Planetetennis\",\"isPartOf\":{\"@id\":\"https:\\\/\\\/planetetennis.fr\\\/#website\"},\"primaryImageOfPage\":{\"@id\":\"https:\\\/\\\/planetetennis.fr\\\/product\\\/debardeur-junior-gannet-lifestyle\\\/#primaryimage\"},\"image\":{\"@id\":\"https:\\\/\\\/planetetennis.fr\\\/product\\\/debardeur-junior-gannet-lifestyle\\\/#primaryimage\"},\"thumbnailUrl\":\"https:\\\/\\\/planetetennis.fr\\\/wp-content\\\/uploads\\\/2023\\\/01\\\/G338077221-DBL-front.jpg\",\"datePublished\":\"2023-01-12T09:40:06+00:00\",\"dateModified\":\"2024-01-04T03:06:35+00:00\",\"description\":\"Notre logo BIDI BADU veut aussi voir le monde et se montre sous son plus beau jour. Il est tout simplement un compagnon fid\u00e8le sur tous vos chemins - m\u00eame en bas de l'\u00e9chelle.\",\"breadcrumb\":{\"@id\":\"https:\\\/\\\/planetetennis.fr\\\/product\\\/debardeur-junior-gannet-lifestyle\\\/#breadcrumb\"},\"inLanguage\":\"es-ES\",\"potentialAction\":[{\"@type\":\"ReadAction\",\"target\":[\"https:\\\/\\\/planetetennis.fr\\\/product\\\/debardeur-junior-gannet-lifestyle\\\/\"]}]},{\"@type\":\"ImageObject\",\"inLanguage\":\"es-ES\",\"@id\":\"https:\\\/\\\/planetetennis.fr\\\/product\\\/debardeur-junior-gannet-lifestyle\\\/#primaryimage\",\"url\":\"https:\\\/\\\/planetetennis.fr\\\/wp-content\\\/uploads\\\/2023\\\/01\\\/G338077221-DBL-front.jpg\",\"contentUrl\":\"https:\\\/\\\/planetetennis.fr\\\/wp-content\\\/uploads\\\/2023\\\/01\\\/G338077221-DBL-front.jpg\",\"width\":1000,\"height\":1000},{\"@type\":\"BreadcrumbList\",\"@id\":\"https:\\\/\\\/planetetennis.fr\\\/product\\\/debardeur-junior-gannet-lifestyle\\\/#breadcrumb\",\"itemListElement\":[{\"@type\":\"ListItem\",\"position\":1,\"name\":\"Accueil\",\"item\":\"https:\\\/\\\/planetetennis.fr\\\/\"},{\"@type\":\"ListItem\",\"position\":2,\"name\":\"Nos produits\",\"item\":\"https:\\\/\\\/planetetennis.fr\\\/produits\\\/\"},{\"@type\":\"ListItem\",\"position\":3,\"name\":\"D\u00e9bardeur Junior Gannet Lifestyle\"}]},{\"@type\":\"WebSite\",\"@id\":\"https:\\\/\\\/planetetennis.fr\\\/#website\",\"url\":\"https:\\\/\\\/planetetennis.fr\\\/\",\"name\":\"Planetetennis\",\"description\":\"Cordages de tennis monofilament fran\u00e7ais\",\"publisher\":{\"@id\":\"https:\\\/\\\/planetetennis.fr\\\/#organization\"},\"potentialAction\":[{\"@type\":\"SearchAction\",\"target\":{\"@type\":\"EntryPoint\",\"urlTemplate\":\"https:\\\/\\\/planetetennis.fr\\\/?s={search_term_string}\"},\"query-input\":{\"@type\":\"PropertyValueSpecification\",\"valueRequired\":true,\"valueName\":\"search_term_string\"}}],\"inLanguage\":\"es-ES\"},{\"@type\":\"Organization\",\"@id\":\"https:\\\/\\\/planetetennis.fr\\\/#organization\",\"name\":\"Planetetennis\",\"url\":\"https:\\\/\\\/planetetennis.fr\\\/\",\"logo\":{\"@type\":\"ImageObject\",\"inLanguage\":\"es-ES\",\"@id\":\"https:\\\/\\\/planetetennis.fr\\\/#\\\/schema\\\/logo\\\/image\\\/\",\"url\":\"https:\\\/\\\/planetetennis.fr\\\/wp-content\\\/uploads\\\/2021\\\/10\\\/logocolor03.png\",\"contentUrl\":\"https:\\\/\\\/planetetennis.fr\\\/wp-content\\\/uploads\\\/2021\\\/10\\\/logocolor03.png\",\"width\":230,\"height\":58,\"caption\":\"Planetetennis\"},\"image\":{\"@id\":\"https:\\\/\\\/planetetennis.fr\\\/#\\\/schema\\\/logo\\\/image\\\/\"}}]}<\/script>\n<!-- \/ Yoast SEO plugin. -->","yoast_head_json":{"title":"D\u00e9bardeur Junior Gannet Lifestyle - Planetetennis","description":"Notre logo BIDI BADU veut aussi voir le monde et se montre sous son plus beau jour. Il est tout simplement un compagnon fid\u00e8le sur tous vos chemins - m\u00eame en bas de l'\u00e9chelle.","robots":{"index":"index","follow":"follow","max-snippet":"max-snippet:-1","max-image-preview":"max-image-preview:large","max-video-preview":"max-video-preview:-1"},"canonical":"https:\/\/planetetennis.fr\/es\/product\/debardeur-junior-gannet-lifestyle\/","og_locale":"es_ES","og_type":"article","og_title":"D\u00e9bardeur Junior Gannet Lifestyle - Planetetennis","og_description":"Notre logo BIDI BADU veut aussi voir le monde et se montre sous son plus beau jour. Il est tout simplement un compagnon fid\u00e8le sur tous vos chemins - m\u00eame en bas de l'\u00e9chelle.","og_url":"https:\/\/planetetennis.fr\/es\/product\/debardeur-junior-gannet-lifestyle\/","og_site_name":"Planetetennis","article_modified_time":"2024-01-04T03:06:35+00:00","og_image":[{"width":1000,"height":1000,"url":"https:\/\/planetetennis.fr\/wp-content\/uploads\/2023\/01\/G338077221-DBL-front.jpg","type":"image\/jpeg"}],"twitter_card":"summary_large_image","schema":{"@context":"https:\/\/schema.org","@graph":[{"@type":"WebPage","@id":"https:\/\/planetetennis.fr\/product\/debardeur-junior-gannet-lifestyle\/","url":"https:\/\/planetetennis.fr\/product\/debardeur-junior-gannet-lifestyle\/","name":"D\u00e9bardeur Junior Gannet Lifestyle - Planetetennis","isPartOf":{"@id":"https:\/\/planetetennis.fr\/#website"},"primaryImageOfPage":{"@id":"https:\/\/planetetennis.fr\/product\/debardeur-junior-gannet-lifestyle\/#primaryimage"},"image":{"@id":"https:\/\/planetetennis.fr\/product\/debardeur-junior-gannet-lifestyle\/#primaryimage"},"thumbnailUrl":"https:\/\/planetetennis.fr\/wp-content\/uploads\/2023\/01\/G338077221-DBL-front.jpg","datePublished":"2023-01-12T09:40:06+00:00","dateModified":"2024-01-04T03:06:35+00:00","description":"Notre logo BIDI BADU veut aussi voir le monde et se montre sous son plus beau jour. Il est tout simplement un compagnon fid\u00e8le sur tous vos chemins - m\u00eame en bas de l'\u00e9chelle.","breadcrumb":{"@id":"https:\/\/planetetennis.fr\/product\/debardeur-junior-gannet-lifestyle\/#breadcrumb"},"inLanguage":"es-ES","potentialAction":[{"@type":"ReadAction","target":["https:\/\/planetetennis.fr\/product\/debardeur-junior-gannet-lifestyle\/"]}]},{"@type":"ImageObject","inLanguage":"es-ES","@id":"https:\/\/planetetennis.fr\/product\/debardeur-junior-gannet-lifestyle\/#primaryimage","url":"https:\/\/planetetennis.fr\/wp-content\/uploads\/2023\/01\/G338077221-DBL-front.jpg","contentUrl":"https:\/\/planetetennis.fr\/wp-content\/uploads\/2023\/01\/G338077221-DBL-front.jpg","width":1000,"height":1000},{"@type":"BreadcrumbList","@id":"https:\/\/planetetennis.fr\/product\/debardeur-junior-gannet-lifestyle\/#breadcrumb","itemListElement":[{"@type":"ListItem","position":1,"name":"Accueil","item":"https:\/\/planetetennis.fr\/"},{"@type":"ListItem","position":2,"name":"Nos produits","item":"https:\/\/planetetennis.fr\/produits\/"},{"@type":"ListItem","position":3,"name":"D\u00e9bardeur Junior Gannet Lifestyle"}]},{"@type":"WebSite","@id":"https:\/\/planetetennis.fr\/#website","url":"https:\/\/planetetennis.fr\/","name":"Planeta tenis","description":"Cordages de tennis monofilament fran\u00e7ais","publisher":{"@id":"https:\/\/planetetennis.fr\/#organization"},"potentialAction":[{"@type":"SearchAction","target":{"@type":"EntryPoint","urlTemplate":"https:\/\/planetetennis.fr\/?s={search_term_string}"},"query-input":{"@type":"PropertyValueSpecification","valueRequired":true,"valueName":"search_term_string"}}],"inLanguage":"es-ES"},{"@type":"Organization","@id":"https:\/\/planetetennis.fr\/#organization","name":"Planeta tenis","url":"https:\/\/planetetennis.fr\/","logo":{"@type":"ImageObject","inLanguage":"es-ES","@id":"https:\/\/planetetennis.fr\/#\/schema\/logo\/image\/","url":"https:\/\/planetetennis.fr\/wp-content\/uploads\/2021\/10\/logocolor03.png","contentUrl":"https:\/\/planetetennis.fr\/wp-content\/uploads\/2021\/10\/logocolor03.png","width":230,"height":58,"caption":"Planetetennis"},"image":{"@id":"https:\/\/planetetennis.fr\/#\/schema\/logo\/image\/"}}]}},"_links":{"self":[{"href":"https:\/\/planetetennis.fr\/es\/wp-json\/wp\/v2\/product\/14009","targetHints":{"allow":["GET"]}}],"collection":[{"href":"https:\/\/planetetennis.fr\/es\/wp-json\/wp\/v2\/product"}],"about":[{"href":"https:\/\/planetetennis.fr\/es\/wp-json\/wp\/v2\/types\/product"}],"replies":[{"embeddable":true,"href":"https:\/\/planetetennis.fr\/es\/wp-json\/wp\/v2\/comments?post=14009"}],"wp:featuredmedia":[{"embeddable":true,"href":"https:\/\/planetetennis.fr\/es\/wp-json\/wp\/v2\/media\/14014"}],"wp:attachment":[{"href":"https:\/\/planetetennis.fr\/es\/wp-json\/wp\/v2\/media?parent=14009"}],"wp:term":[{"taxonomy":"product_brand","embeddable":true,"href":"https:\/\/planetetennis.fr\/es\/wp-json\/wp\/v2\/product_brand?post=14009"},{"taxonomy":"product_cat","embeddable":true,"href":"https:\/\/planetetennis.fr\/es\/wp-json\/wp\/v2\/product_cat?post=14009"},{"taxonomy":"product_tag","embeddable":true,"href":"https:\/\/planetetennis.fr\/es\/wp-json\/wp\/v2\/product_tag?post=14009"}],"curies":[{"name":"wp","href":"https:\/\/api.w.org\/{rel}","templated":true}]}}