{"id":14294,"date":"2023-01-18T13:29:59","date_gmt":"2023-01-18T13:29:59","guid":{"rendered":"https:\/\/planetetennis.fr\/?post_type=product&#038;p=14294"},"modified":"2024-01-04T15:37:42","modified_gmt":"2024-01-04T15:37:42","slug":"legging-pure-wild-printed","status":"publish","type":"product","link":"https:\/\/planetetennis.fr\/es\/product\/legging-pure-wild-printed\/","title":{"rendered":"Legging Pure Wild Printed"},"content":{"rendered":"<p>Ne vous laissez pas distraire et concentrez-vous uniquement sur le match. La mati\u00e8re lisse et douce s&#8217;adapte parfaitement au corps et est super confortable. Que ce soit au tennis, au fitness ou \u00e0 la maison sur le canap\u00e9, ce tight est un talent polyvalent et permet gr\u00e2ce \u00e0 sa coupe \u00e9troite, tous les mouvements. La taille haute assure un ajustement s\u00fbr et une mobilit\u00e9 optimale. Les coutures plates ne permettent aucun frottement. Les coutures strat\u00e9giquement plac\u00e9es forment une belle silhouette. Le polyester de cet article est fabriqu\u00e9 \u00e0 partir de fibres recycl\u00e9es.<\/p>","protected":false},"excerpt":{"rendered":"<p>Que ce soit au tennis, au fitness ou \u00e0 la maison sur le canap\u00e9, ce tight est un talent polyvalent et permet gr\u00e2ce \u00e0 sa coupe \u00e9troite, tous les mouvements.<\/p>","protected":false},"featured_media":14300,"comment_status":"open","ping_status":"closed","template":"","meta":{"_monsterinsights_skip_tracking":false,"_monsterinsights_sitenote_active":false,"_monsterinsights_sitenote_note":"","_monsterinsights_sitenote_category":0},"product_brand":[],"product_cat":[547,526,494,544,476,475,541,516,480],"product_tag":[],"class_list":{"0":"post-14294","1":"product","2":"type-product","3":"status-publish","4":"has-post-thumbnail","6":"product_cat-femme-athletisme","7":"product_cat-legging","8":"product_cat-pantalon-femme-vetements-tennis","9":"product_cat-athletisme","10":"product_cat-vetements-fitness","11":"product_cat-vetements-tennis","12":"product_cat-yoga-pilate","13":"product_cat-femme-vetements-fitness","14":"product_cat-femme-vetements-tennis","16":"first","17":"onbackorder","18":"taxable","19":"shipping-taxable","20":"purchasable","21":"product-type-variable"},"yoast_head":"<!-- This site is optimized with the Yoast SEO plugin v27.5 - https:\/\/yoast.com\/product\/yoast-seo-wordpress\/ -->\n<title>Legging Pure Wild Printed - Planetetennis<\/title>\n<meta name=\"description\" content=\"Que ce soit au tennis, au fitness ou \u00e0 la maison sur le canap\u00e9, ce tight est un talent polyvalent et permet gr\u00e2ce \u00e0 sa coupe \u00e9troite, tous les mouvements.\" \/>\n<meta name=\"robots\" content=\"index, follow, max-snippet:-1, max-image-preview:large, max-video-preview:-1\" \/>\n<link rel=\"canonical\" href=\"https:\/\/planetetennis.fr\/es\/product\/legging-pure-wild-printed\/\" \/>\n<meta property=\"og:locale\" content=\"es_ES\" \/>\n<meta property=\"og:type\" content=\"article\" \/>\n<meta property=\"og:title\" content=\"Legging Pure Wild Printed - Planetetennis\" \/>\n<meta property=\"og:description\" content=\"Que ce soit au tennis, au fitness ou \u00e0 la maison sur le canap\u00e9, ce tight est un talent polyvalent et permet gr\u00e2ce \u00e0 sa coupe \u00e9troite, tous les mouvements.\" \/>\n<meta property=\"og:url\" content=\"https:\/\/planetetennis.fr\/es\/product\/legging-pure-wild-printed\/\" \/>\n<meta property=\"og:site_name\" content=\"Planetetennis\" \/>\n<meta property=\"article:modified_time\" content=\"2024-01-04T15:37:42+00:00\" \/>\n<meta property=\"og:image\" content=\"https:\/\/planetetennis.fr\/wp-content\/uploads\/2023\/01\/W1590003-OLDGR-front.jpg\" \/>\n\t<meta property=\"og:image:width\" content=\"1000\" \/>\n\t<meta property=\"og:image:height\" content=\"1000\" \/>\n\t<meta property=\"og:image:type\" content=\"image\/jpeg\" \/>\n<meta name=\"twitter:card\" content=\"summary_large_image\" \/>\n<script type=\"application\/ld+json\" class=\"yoast-schema-graph\">{\"@context\":\"https:\\\/\\\/schema.org\",\"@graph\":[{\"@type\":\"WebPage\",\"@id\":\"https:\\\/\\\/planetetennis.fr\\\/product\\\/legging-pure-wild-printed\\\/\",\"url\":\"https:\\\/\\\/planetetennis.fr\\\/product\\\/legging-pure-wild-printed\\\/\",\"name\":\"Legging Pure Wild Printed - Planetetennis\",\"isPartOf\":{\"@id\":\"https:\\\/\\\/planetetennis.fr\\\/#website\"},\"primaryImageOfPage\":{\"@id\":\"https:\\\/\\\/planetetennis.fr\\\/product\\\/legging-pure-wild-printed\\\/#primaryimage\"},\"image\":{\"@id\":\"https:\\\/\\\/planetetennis.fr\\\/product\\\/legging-pure-wild-printed\\\/#primaryimage\"},\"thumbnailUrl\":\"https:\\\/\\\/planetetennis.fr\\\/wp-content\\\/uploads\\\/2023\\\/01\\\/W1590003-OLDGR-front.jpg\",\"datePublished\":\"2023-01-18T13:29:59+00:00\",\"dateModified\":\"2024-01-04T15:37:42+00:00\",\"description\":\"Que ce soit au tennis, au fitness ou \u00e0 la maison sur le canap\u00e9, ce tight est un talent polyvalent et permet gr\u00e2ce \u00e0 sa coupe \u00e9troite, tous les mouvements.\",\"breadcrumb\":{\"@id\":\"https:\\\/\\\/planetetennis.fr\\\/product\\\/legging-pure-wild-printed\\\/#breadcrumb\"},\"inLanguage\":\"es-ES\",\"potentialAction\":[{\"@type\":\"ReadAction\",\"target\":[\"https:\\\/\\\/planetetennis.fr\\\/product\\\/legging-pure-wild-printed\\\/\"]}]},{\"@type\":\"ImageObject\",\"inLanguage\":\"es-ES\",\"@id\":\"https:\\\/\\\/planetetennis.fr\\\/product\\\/legging-pure-wild-printed\\\/#primaryimage\",\"url\":\"https:\\\/\\\/planetetennis.fr\\\/wp-content\\\/uploads\\\/2023\\\/01\\\/W1590003-OLDGR-front.jpg\",\"contentUrl\":\"https:\\\/\\\/planetetennis.fr\\\/wp-content\\\/uploads\\\/2023\\\/01\\\/W1590003-OLDGR-front.jpg\",\"width\":1000,\"height\":1000},{\"@type\":\"BreadcrumbList\",\"@id\":\"https:\\\/\\\/planetetennis.fr\\\/product\\\/legging-pure-wild-printed\\\/#breadcrumb\",\"itemListElement\":[{\"@type\":\"ListItem\",\"position\":1,\"name\":\"Accueil\",\"item\":\"https:\\\/\\\/planetetennis.fr\\\/\"},{\"@type\":\"ListItem\",\"position\":2,\"name\":\"Nos produits\",\"item\":\"https:\\\/\\\/planetetennis.fr\\\/produits\\\/\"},{\"@type\":\"ListItem\",\"position\":3,\"name\":\"Legging Pure Wild Printed\"}]},{\"@type\":\"WebSite\",\"@id\":\"https:\\\/\\\/planetetennis.fr\\\/#website\",\"url\":\"https:\\\/\\\/planetetennis.fr\\\/\",\"name\":\"Planetetennis\",\"description\":\"Cordages de tennis monofilament fran\u00e7ais\",\"publisher\":{\"@id\":\"https:\\\/\\\/planetetennis.fr\\\/#organization\"},\"potentialAction\":[{\"@type\":\"SearchAction\",\"target\":{\"@type\":\"EntryPoint\",\"urlTemplate\":\"https:\\\/\\\/planetetennis.fr\\\/?s={search_term_string}\"},\"query-input\":{\"@type\":\"PropertyValueSpecification\",\"valueRequired\":true,\"valueName\":\"search_term_string\"}}],\"inLanguage\":\"es-ES\"},{\"@type\":\"Organization\",\"@id\":\"https:\\\/\\\/planetetennis.fr\\\/#organization\",\"name\":\"Planetetennis\",\"url\":\"https:\\\/\\\/planetetennis.fr\\\/\",\"logo\":{\"@type\":\"ImageObject\",\"inLanguage\":\"es-ES\",\"@id\":\"https:\\\/\\\/planetetennis.fr\\\/#\\\/schema\\\/logo\\\/image\\\/\",\"url\":\"https:\\\/\\\/planetetennis.fr\\\/wp-content\\\/uploads\\\/2021\\\/10\\\/logocolor03.png\",\"contentUrl\":\"https:\\\/\\\/planetetennis.fr\\\/wp-content\\\/uploads\\\/2021\\\/10\\\/logocolor03.png\",\"width\":230,\"height\":58,\"caption\":\"Planetetennis\"},\"image\":{\"@id\":\"https:\\\/\\\/planetetennis.fr\\\/#\\\/schema\\\/logo\\\/image\\\/\"}}]}<\/script>\n<!-- \/ Yoast SEO plugin. -->","yoast_head_json":{"title":"Legging Pure Wild Printed - Planetetennis","description":"Que ce soit au tennis, au fitness ou \u00e0 la maison sur le canap\u00e9, ce tight est un talent polyvalent et permet gr\u00e2ce \u00e0 sa coupe \u00e9troite, tous les mouvements.","robots":{"index":"index","follow":"follow","max-snippet":"max-snippet:-1","max-image-preview":"max-image-preview:large","max-video-preview":"max-video-preview:-1"},"canonical":"https:\/\/planetetennis.fr\/es\/product\/legging-pure-wild-printed\/","og_locale":"es_ES","og_type":"article","og_title":"Legging Pure Wild Printed - Planetetennis","og_description":"Que ce soit au tennis, au fitness ou \u00e0 la maison sur le canap\u00e9, ce tight est un talent polyvalent et permet gr\u00e2ce \u00e0 sa coupe \u00e9troite, tous les mouvements.","og_url":"https:\/\/planetetennis.fr\/es\/product\/legging-pure-wild-printed\/","og_site_name":"Planetetennis","article_modified_time":"2024-01-04T15:37:42+00:00","og_image":[{"width":1000,"height":1000,"url":"https:\/\/planetetennis.fr\/wp-content\/uploads\/2023\/01\/W1590003-OLDGR-front.jpg","type":"image\/jpeg"}],"twitter_card":"summary_large_image","schema":{"@context":"https:\/\/schema.org","@graph":[{"@type":"WebPage","@id":"https:\/\/planetetennis.fr\/product\/legging-pure-wild-printed\/","url":"https:\/\/planetetennis.fr\/product\/legging-pure-wild-printed\/","name":"Legging Pure Wild Printed - Planetetennis","isPartOf":{"@id":"https:\/\/planetetennis.fr\/#website"},"primaryImageOfPage":{"@id":"https:\/\/planetetennis.fr\/product\/legging-pure-wild-printed\/#primaryimage"},"image":{"@id":"https:\/\/planetetennis.fr\/product\/legging-pure-wild-printed\/#primaryimage"},"thumbnailUrl":"https:\/\/planetetennis.fr\/wp-content\/uploads\/2023\/01\/W1590003-OLDGR-front.jpg","datePublished":"2023-01-18T13:29:59+00:00","dateModified":"2024-01-04T15:37:42+00:00","description":"Que ce soit au tennis, au fitness ou \u00e0 la maison sur le canap\u00e9, ce tight est un talent polyvalent et permet gr\u00e2ce \u00e0 sa coupe \u00e9troite, tous les mouvements.","breadcrumb":{"@id":"https:\/\/planetetennis.fr\/product\/legging-pure-wild-printed\/#breadcrumb"},"inLanguage":"es-ES","potentialAction":[{"@type":"ReadAction","target":["https:\/\/planetetennis.fr\/product\/legging-pure-wild-printed\/"]}]},{"@type":"ImageObject","inLanguage":"es-ES","@id":"https:\/\/planetetennis.fr\/product\/legging-pure-wild-printed\/#primaryimage","url":"https:\/\/planetetennis.fr\/wp-content\/uploads\/2023\/01\/W1590003-OLDGR-front.jpg","contentUrl":"https:\/\/planetetennis.fr\/wp-content\/uploads\/2023\/01\/W1590003-OLDGR-front.jpg","width":1000,"height":1000},{"@type":"BreadcrumbList","@id":"https:\/\/planetetennis.fr\/product\/legging-pure-wild-printed\/#breadcrumb","itemListElement":[{"@type":"ListItem","position":1,"name":"Accueil","item":"https:\/\/planetetennis.fr\/"},{"@type":"ListItem","position":2,"name":"Nos produits","item":"https:\/\/planetetennis.fr\/produits\/"},{"@type":"ListItem","position":3,"name":"Legging Pure Wild Printed"}]},{"@type":"WebSite","@id":"https:\/\/planetetennis.fr\/#website","url":"https:\/\/planetetennis.fr\/","name":"Planeta tenis","description":"Cordages de tennis monofilament fran\u00e7ais","publisher":{"@id":"https:\/\/planetetennis.fr\/#organization"},"potentialAction":[{"@type":"SearchAction","target":{"@type":"EntryPoint","urlTemplate":"https:\/\/planetetennis.fr\/?s={search_term_string}"},"query-input":{"@type":"PropertyValueSpecification","valueRequired":true,"valueName":"search_term_string"}}],"inLanguage":"es-ES"},{"@type":"Organization","@id":"https:\/\/planetetennis.fr\/#organization","name":"Planeta tenis","url":"https:\/\/planetetennis.fr\/","logo":{"@type":"ImageObject","inLanguage":"es-ES","@id":"https:\/\/planetetennis.fr\/#\/schema\/logo\/image\/","url":"https:\/\/planetetennis.fr\/wp-content\/uploads\/2021\/10\/logocolor03.png","contentUrl":"https:\/\/planetetennis.fr\/wp-content\/uploads\/2021\/10\/logocolor03.png","width":230,"height":58,"caption":"Planetetennis"},"image":{"@id":"https:\/\/planetetennis.fr\/#\/schema\/logo\/image\/"}}]}},"_links":{"self":[{"href":"https:\/\/planetetennis.fr\/es\/wp-json\/wp\/v2\/product\/14294","targetHints":{"allow":["GET"]}}],"collection":[{"href":"https:\/\/planetetennis.fr\/es\/wp-json\/wp\/v2\/product"}],"about":[{"href":"https:\/\/planetetennis.fr\/es\/wp-json\/wp\/v2\/types\/product"}],"replies":[{"embeddable":true,"href":"https:\/\/planetetennis.fr\/es\/wp-json\/wp\/v2\/comments?post=14294"}],"wp:featuredmedia":[{"embeddable":true,"href":"https:\/\/planetetennis.fr\/es\/wp-json\/wp\/v2\/media\/14300"}],"wp:attachment":[{"href":"https:\/\/planetetennis.fr\/es\/wp-json\/wp\/v2\/media?parent=14294"}],"wp:term":[{"taxonomy":"product_brand","embeddable":true,"href":"https:\/\/planetetennis.fr\/es\/wp-json\/wp\/v2\/product_brand?post=14294"},{"taxonomy":"product_cat","embeddable":true,"href":"https:\/\/planetetennis.fr\/es\/wp-json\/wp\/v2\/product_cat?post=14294"},{"taxonomy":"product_tag","embeddable":true,"href":"https:\/\/planetetennis.fr\/es\/wp-json\/wp\/v2\/product_tag?post=14294"}],"curies":[{"name":"wp","href":"https:\/\/api.w.org\/{rel}","templated":true}]}}