{"id":14362,"date":"2023-01-18T14:37:49","date_gmt":"2023-01-18T14:37:49","guid":{"rendered":"https:\/\/planetetennis.fr\/?post_type=product&#038;p=14362"},"modified":"2024-03-08T23:41:47","modified_gmt":"2024-03-08T23:41:47","slug":"debardeur-melbourne-chill","status":"publish","type":"product","link":"https:\/\/planetetennis.fr\/es\/product\/debardeur-melbourne-chill\/","title":{"rendered":"D\u00e9bardeur Melbourne Chill"},"content":{"rendered":"<p>Que vous ayez une s\u00e9ance d\u2019entra\u00eenement \u00e0 venir ou que vous aimiez simplement le look sportif et d\u00e9contract\u00e9, ce d\u00e9bardeur vous donnera du style et sera le choix id\u00e9al sur le terrain et en dehors. Son design inhabituel est inspir\u00e9 des peintures impressionnantes des peuples indig\u00e8nes d\u2019Australie. Il pr\u00e9sente une coupe r\u00e9guli\u00e8re et moulante et un col ras du cou pour un confort optimal. Le coton doux le rend tr\u00e8s confortable et la teneur en polyester vous permet de rester au sec pendant l\u2019entra\u00eenement. Ce d\u00e9bardeur est fabriqu\u00e9 \u00e0 partir de polyester recycl\u00e9.<\/p>","protected":false},"excerpt":{"rendered":"<p>Que vous ayez une s\u00e9ance d&#8217;entra\u00eenement \u00e0 venir ou que vous aimiez simplement le look sportif et d\u00e9contract\u00e9, ce d\u00e9bardeur vous donnera du style et sera le choix id\u00e9al sur le terrain et en dehors.<\/p>","protected":false},"featured_media":14368,"comment_status":"open","ping_status":"closed","template":"","meta":{"_monsterinsights_skip_tracking":false,"_monsterinsights_sitenote_active":false,"_monsterinsights_sitenote_note":"","_monsterinsights_sitenote_category":0},"product_brand":[],"product_cat":[547,524,563,544,476,475,480,516],"product_tag":[],"class_list":{"0":"post-14362","1":"product","2":"type-product","3":"status-publish","4":"has-post-thumbnail","6":"product_cat-femme-athletisme","7":"product_cat-tee-shirt-femme-vetements-fitness","8":"product_cat-tee-shirt-debardeur","9":"product_cat-athletisme","10":"product_cat-vetements-fitness","11":"product_cat-vetements-tennis","12":"product_cat-femme-vetements-tennis","13":"product_cat-femme-vetements-fitness","15":"first","16":"onbackorder","17":"taxable","18":"shipping-taxable","19":"purchasable","20":"product-type-variable"},"yoast_head":"<!-- This site is optimized with the Yoast SEO plugin v27.5 - https:\/\/yoast.com\/product\/yoast-seo-wordpress\/ -->\n<title>D\u00e9bardeur Melbourne Chill - Planetetennis<\/title>\n<meta name=\"description\" content=\"Que vous ayez une s\u00e9ance d&#039;entra\u00eenement \u00e0 venir ou que vous aimiez simplement le look sportif et d\u00e9contract\u00e9, ce d\u00e9bardeur vous donnera du style et sera le choix id\u00e9al sur le terrain et en dehors.\" \/>\n<meta name=\"robots\" content=\"index, follow, max-snippet:-1, max-image-preview:large, max-video-preview:-1\" \/>\n<link rel=\"canonical\" href=\"https:\/\/planetetennis.fr\/es\/product\/debardeur-melbourne-chill\/\" \/>\n<meta property=\"og:locale\" content=\"es_ES\" \/>\n<meta property=\"og:type\" content=\"article\" \/>\n<meta property=\"og:title\" content=\"D\u00e9bardeur Melbourne Chill - Planetetennis\" \/>\n<meta property=\"og:description\" content=\"Que vous ayez une s\u00e9ance d&#039;entra\u00eenement \u00e0 venir ou que vous aimiez simplement le look sportif et d\u00e9contract\u00e9, ce d\u00e9bardeur vous donnera du style et sera le choix id\u00e9al sur le terrain et en dehors.\" \/>\n<meta property=\"og:url\" content=\"https:\/\/planetetennis.fr\/es\/product\/debardeur-melbourne-chill\/\" \/>\n<meta property=\"og:site_name\" content=\"Planetetennis\" \/>\n<meta property=\"article:modified_time\" content=\"2024-03-08T23:41:47+00:00\" \/>\n<meta property=\"og:image\" content=\"https:\/\/planetetennis.fr\/wp-content\/uploads\/2023\/01\/W1580007-WHBK-front.jpg\" \/>\n\t<meta property=\"og:image:width\" content=\"1000\" \/>\n\t<meta property=\"og:image:height\" content=\"1000\" \/>\n\t<meta property=\"og:image:type\" content=\"image\/jpeg\" \/>\n<meta name=\"twitter:card\" content=\"summary_large_image\" \/>\n<meta name=\"twitter:label1\" content=\"Est. reading time\" \/>\n\t<meta name=\"twitter:data1\" content=\"1 minute\" \/>\n<script type=\"application\/ld+json\" class=\"yoast-schema-graph\">{\"@context\":\"https:\\\/\\\/schema.org\",\"@graph\":[{\"@type\":\"WebPage\",\"@id\":\"https:\\\/\\\/planetetennis.fr\\\/product\\\/debardeur-melbourne-chill\\\/\",\"url\":\"https:\\\/\\\/planetetennis.fr\\\/product\\\/debardeur-melbourne-chill\\\/\",\"name\":\"D\u00e9bardeur Melbourne Chill - Planetetennis\",\"isPartOf\":{\"@id\":\"https:\\\/\\\/planetetennis.fr\\\/#website\"},\"primaryImageOfPage\":{\"@id\":\"https:\\\/\\\/planetetennis.fr\\\/product\\\/debardeur-melbourne-chill\\\/#primaryimage\"},\"image\":{\"@id\":\"https:\\\/\\\/planetetennis.fr\\\/product\\\/debardeur-melbourne-chill\\\/#primaryimage\"},\"thumbnailUrl\":\"https:\\\/\\\/planetetennis.fr\\\/wp-content\\\/uploads\\\/2023\\\/01\\\/W1580007-WHBK-front.jpg\",\"datePublished\":\"2023-01-18T14:37:49+00:00\",\"dateModified\":\"2024-03-08T23:41:47+00:00\",\"description\":\"Que vous ayez une s\u00e9ance d'entra\u00eenement \u00e0 venir ou que vous aimiez simplement le look sportif et d\u00e9contract\u00e9, ce d\u00e9bardeur vous donnera du style et sera le choix id\u00e9al sur le terrain et en dehors.\",\"breadcrumb\":{\"@id\":\"https:\\\/\\\/planetetennis.fr\\\/product\\\/debardeur-melbourne-chill\\\/#breadcrumb\"},\"inLanguage\":\"es-ES\",\"potentialAction\":[{\"@type\":\"ReadAction\",\"target\":[\"https:\\\/\\\/planetetennis.fr\\\/product\\\/debardeur-melbourne-chill\\\/\"]}]},{\"@type\":\"ImageObject\",\"inLanguage\":\"es-ES\",\"@id\":\"https:\\\/\\\/planetetennis.fr\\\/product\\\/debardeur-melbourne-chill\\\/#primaryimage\",\"url\":\"https:\\\/\\\/planetetennis.fr\\\/wp-content\\\/uploads\\\/2023\\\/01\\\/W1580007-WHBK-front.jpg\",\"contentUrl\":\"https:\\\/\\\/planetetennis.fr\\\/wp-content\\\/uploads\\\/2023\\\/01\\\/W1580007-WHBK-front.jpg\",\"width\":1000,\"height\":1000},{\"@type\":\"BreadcrumbList\",\"@id\":\"https:\\\/\\\/planetetennis.fr\\\/product\\\/debardeur-melbourne-chill\\\/#breadcrumb\",\"itemListElement\":[{\"@type\":\"ListItem\",\"position\":1,\"name\":\"Accueil\",\"item\":\"https:\\\/\\\/planetetennis.fr\\\/\"},{\"@type\":\"ListItem\",\"position\":2,\"name\":\"Nos produits\",\"item\":\"https:\\\/\\\/planetetennis.fr\\\/produits\\\/\"},{\"@type\":\"ListItem\",\"position\":3,\"name\":\"D\u00e9bardeur Melbourne Chill\"}]},{\"@type\":\"WebSite\",\"@id\":\"https:\\\/\\\/planetetennis.fr\\\/#website\",\"url\":\"https:\\\/\\\/planetetennis.fr\\\/\",\"name\":\"Planetetennis\",\"description\":\"Cordages de tennis monofilament fran\u00e7ais\",\"publisher\":{\"@id\":\"https:\\\/\\\/planetetennis.fr\\\/#organization\"},\"potentialAction\":[{\"@type\":\"SearchAction\",\"target\":{\"@type\":\"EntryPoint\",\"urlTemplate\":\"https:\\\/\\\/planetetennis.fr\\\/?s={search_term_string}\"},\"query-input\":{\"@type\":\"PropertyValueSpecification\",\"valueRequired\":true,\"valueName\":\"search_term_string\"}}],\"inLanguage\":\"es-ES\"},{\"@type\":\"Organization\",\"@id\":\"https:\\\/\\\/planetetennis.fr\\\/#organization\",\"name\":\"Planetetennis\",\"url\":\"https:\\\/\\\/planetetennis.fr\\\/\",\"logo\":{\"@type\":\"ImageObject\",\"inLanguage\":\"es-ES\",\"@id\":\"https:\\\/\\\/planetetennis.fr\\\/#\\\/schema\\\/logo\\\/image\\\/\",\"url\":\"https:\\\/\\\/planetetennis.fr\\\/wp-content\\\/uploads\\\/2021\\\/10\\\/logocolor03.png\",\"contentUrl\":\"https:\\\/\\\/planetetennis.fr\\\/wp-content\\\/uploads\\\/2021\\\/10\\\/logocolor03.png\",\"width\":230,\"height\":58,\"caption\":\"Planetetennis\"},\"image\":{\"@id\":\"https:\\\/\\\/planetetennis.fr\\\/#\\\/schema\\\/logo\\\/image\\\/\"}}]}<\/script>\n<!-- \/ Yoast SEO plugin. -->","yoast_head_json":{"title":"D\u00e9bardeur Melbourne Chill - Planetetennis","description":"Que vous ayez une s\u00e9ance d'entra\u00eenement \u00e0 venir ou que vous aimiez simplement le look sportif et d\u00e9contract\u00e9, ce d\u00e9bardeur vous donnera du style et sera le choix id\u00e9al sur le terrain et en dehors.","robots":{"index":"index","follow":"follow","max-snippet":"max-snippet:-1","max-image-preview":"max-image-preview:large","max-video-preview":"max-video-preview:-1"},"canonical":"https:\/\/planetetennis.fr\/es\/product\/debardeur-melbourne-chill\/","og_locale":"es_ES","og_type":"article","og_title":"D\u00e9bardeur Melbourne Chill - Planetetennis","og_description":"Que vous ayez une s\u00e9ance d'entra\u00eenement \u00e0 venir ou que vous aimiez simplement le look sportif et d\u00e9contract\u00e9, ce d\u00e9bardeur vous donnera du style et sera le choix id\u00e9al sur le terrain et en dehors.","og_url":"https:\/\/planetetennis.fr\/es\/product\/debardeur-melbourne-chill\/","og_site_name":"Planetetennis","article_modified_time":"2024-03-08T23:41:47+00:00","og_image":[{"width":1000,"height":1000,"url":"https:\/\/planetetennis.fr\/wp-content\/uploads\/2023\/01\/W1580007-WHBK-front.jpg","type":"image\/jpeg"}],"twitter_card":"summary_large_image","twitter_misc":{"Est. reading time":"1 minute"},"schema":{"@context":"https:\/\/schema.org","@graph":[{"@type":"WebPage","@id":"https:\/\/planetetennis.fr\/product\/debardeur-melbourne-chill\/","url":"https:\/\/planetetennis.fr\/product\/debardeur-melbourne-chill\/","name":"D\u00e9bardeur Melbourne Chill - Planetetennis","isPartOf":{"@id":"https:\/\/planetetennis.fr\/#website"},"primaryImageOfPage":{"@id":"https:\/\/planetetennis.fr\/product\/debardeur-melbourne-chill\/#primaryimage"},"image":{"@id":"https:\/\/planetetennis.fr\/product\/debardeur-melbourne-chill\/#primaryimage"},"thumbnailUrl":"https:\/\/planetetennis.fr\/wp-content\/uploads\/2023\/01\/W1580007-WHBK-front.jpg","datePublished":"2023-01-18T14:37:49+00:00","dateModified":"2024-03-08T23:41:47+00:00","description":"Que vous ayez une s\u00e9ance d'entra\u00eenement \u00e0 venir ou que vous aimiez simplement le look sportif et d\u00e9contract\u00e9, ce d\u00e9bardeur vous donnera du style et sera le choix id\u00e9al sur le terrain et en dehors.","breadcrumb":{"@id":"https:\/\/planetetennis.fr\/product\/debardeur-melbourne-chill\/#breadcrumb"},"inLanguage":"es-ES","potentialAction":[{"@type":"ReadAction","target":["https:\/\/planetetennis.fr\/product\/debardeur-melbourne-chill\/"]}]},{"@type":"ImageObject","inLanguage":"es-ES","@id":"https:\/\/planetetennis.fr\/product\/debardeur-melbourne-chill\/#primaryimage","url":"https:\/\/planetetennis.fr\/wp-content\/uploads\/2023\/01\/W1580007-WHBK-front.jpg","contentUrl":"https:\/\/planetetennis.fr\/wp-content\/uploads\/2023\/01\/W1580007-WHBK-front.jpg","width":1000,"height":1000},{"@type":"BreadcrumbList","@id":"https:\/\/planetetennis.fr\/product\/debardeur-melbourne-chill\/#breadcrumb","itemListElement":[{"@type":"ListItem","position":1,"name":"Accueil","item":"https:\/\/planetetennis.fr\/"},{"@type":"ListItem","position":2,"name":"Nos produits","item":"https:\/\/planetetennis.fr\/produits\/"},{"@type":"ListItem","position":3,"name":"D\u00e9bardeur Melbourne Chill"}]},{"@type":"WebSite","@id":"https:\/\/planetetennis.fr\/#website","url":"https:\/\/planetetennis.fr\/","name":"Planeta tenis","description":"Cordages de tennis monofilament fran\u00e7ais","publisher":{"@id":"https:\/\/planetetennis.fr\/#organization"},"potentialAction":[{"@type":"SearchAction","target":{"@type":"EntryPoint","urlTemplate":"https:\/\/planetetennis.fr\/?s={search_term_string}"},"query-input":{"@type":"PropertyValueSpecification","valueRequired":true,"valueName":"search_term_string"}}],"inLanguage":"es-ES"},{"@type":"Organization","@id":"https:\/\/planetetennis.fr\/#organization","name":"Planeta tenis","url":"https:\/\/planetetennis.fr\/","logo":{"@type":"ImageObject","inLanguage":"es-ES","@id":"https:\/\/planetetennis.fr\/#\/schema\/logo\/image\/","url":"https:\/\/planetetennis.fr\/wp-content\/uploads\/2021\/10\/logocolor03.png","contentUrl":"https:\/\/planetetennis.fr\/wp-content\/uploads\/2021\/10\/logocolor03.png","width":230,"height":58,"caption":"Planetetennis"},"image":{"@id":"https:\/\/planetetennis.fr\/#\/schema\/logo\/image\/"}}]}},"_links":{"self":[{"href":"https:\/\/planetetennis.fr\/es\/wp-json\/wp\/v2\/product\/14362","targetHints":{"allow":["GET"]}}],"collection":[{"href":"https:\/\/planetetennis.fr\/es\/wp-json\/wp\/v2\/product"}],"about":[{"href":"https:\/\/planetetennis.fr\/es\/wp-json\/wp\/v2\/types\/product"}],"replies":[{"embeddable":true,"href":"https:\/\/planetetennis.fr\/es\/wp-json\/wp\/v2\/comments?post=14362"}],"wp:featuredmedia":[{"embeddable":true,"href":"https:\/\/planetetennis.fr\/es\/wp-json\/wp\/v2\/media\/14368"}],"wp:attachment":[{"href":"https:\/\/planetetennis.fr\/es\/wp-json\/wp\/v2\/media?parent=14362"}],"wp:term":[{"taxonomy":"product_brand","embeddable":true,"href":"https:\/\/planetetennis.fr\/es\/wp-json\/wp\/v2\/product_brand?post=14362"},{"taxonomy":"product_cat","embeddable":true,"href":"https:\/\/planetetennis.fr\/es\/wp-json\/wp\/v2\/product_cat?post=14362"},{"taxonomy":"product_tag","embeddable":true,"href":"https:\/\/planetetennis.fr\/es\/wp-json\/wp\/v2\/product_tag?post=14362"}],"curies":[{"name":"wp","href":"https:\/\/api.w.org\/{rel}","templated":true}]}}