{"id":14372,"date":"2023-01-18T14:49:31","date_gmt":"2023-01-18T14:49:31","guid":{"rendered":"https:\/\/planetetennis.fr\/?post_type=product&#038;p=14372"},"modified":"2024-01-03T14:28:50","modified_gmt":"2024-01-03T14:28:50","slug":"tee-shirt-melbourne-chill","status":"publish","type":"product","link":"https:\/\/planetetennis.fr\/es\/product\/tee-shirt-melbourne-chill\/","title":{"rendered":"Tee-Shirt Melbourne Chill"},"content":{"rendered":"<p>On n&#8217;a jamais assez de T-shirts confortables. Ce T-shirt est fabriqu\u00e9 en coton doux combin\u00e9 \u00e0 du polyester recycl\u00e9 et garantit une totale libert\u00e9 de mouvement gr\u00e2ce \u00e0 sa coupe classique. Le haut col ras du cou lui conf\u00e8re un look classique, tandis que le logo BIDI BADU contrastant sur la poitrine ajoute de l&#8217;int\u00e9r\u00eat. Que ce soit pour l&#8217;entra\u00eenement ou au quotidien, vous serez toujours bien habill\u00e9 avec ce T-shirt.<\/p>","protected":false},"excerpt":{"rendered":"<p>On n&#8217;a jamais assez de T-shirts confortables. Que ce soit pour l&#8217;entra\u00eenement ou au quotidien, vous serez toujours bien habill\u00e9 avec ce T-shirt.<\/p>","protected":false},"featured_media":14378,"comment_status":"open","ping_status":"closed","template":"","meta":{"_monsterinsights_skip_tracking":false,"_monsterinsights_sitenote_active":false,"_monsterinsights_sitenote_note":"","_monsterinsights_sitenote_category":0},"product_brand":[],"product_cat":[549,563,545,475,480],"product_tag":[],"class_list":{"0":"post-14372","1":"product","2":"type-product","3":"status-publish","4":"has-post-thumbnail","6":"product_cat-femme-sportswear","7":"product_cat-tee-shirt-debardeur","8":"product_cat-sportswear","9":"product_cat-vetements-tennis","10":"product_cat-femme-vetements-tennis","12":"first","13":"onbackorder","14":"taxable","15":"shipping-taxable","16":"purchasable","17":"product-type-variable"},"yoast_head":"<!-- This site is optimized with the Yoast SEO plugin v27.5 - https:\/\/yoast.com\/product\/yoast-seo-wordpress\/ -->\n<title>Tee-Shirt Melbourne Chill - Planetetennis<\/title>\n<meta name=\"description\" content=\"On n&#039;a jamais assez de T-shirts confortables. Que ce soit pour l&#039;entra\u00eenement ou au quotidien, vous serez toujours bien habill\u00e9 avec ce T-shirt.\" \/>\n<meta name=\"robots\" content=\"index, follow, max-snippet:-1, max-image-preview:large, max-video-preview:-1\" \/>\n<link rel=\"canonical\" href=\"https:\/\/planetetennis.fr\/es\/product\/tee-shirt-melbourne-chill\/\" \/>\n<meta property=\"og:locale\" content=\"es_ES\" \/>\n<meta property=\"og:type\" content=\"article\" \/>\n<meta property=\"og:title\" content=\"Tee-Shirt Melbourne Chill - Planetetennis\" \/>\n<meta property=\"og:description\" content=\"On n&#039;a jamais assez de T-shirts confortables. Que ce soit pour l&#039;entra\u00eenement ou au quotidien, vous serez toujours bien habill\u00e9 avec ce T-shirt.\" \/>\n<meta property=\"og:url\" content=\"https:\/\/planetetennis.fr\/es\/product\/tee-shirt-melbourne-chill\/\" \/>\n<meta property=\"og:site_name\" content=\"Planetetennis\" \/>\n<meta property=\"article:modified_time\" content=\"2024-01-03T14:28:50+00:00\" \/>\n<meta property=\"og:image\" content=\"https:\/\/planetetennis.fr\/wp-content\/uploads\/2023\/01\/W1620008-WHBK-front.jpg\" \/>\n\t<meta property=\"og:image:width\" content=\"1000\" \/>\n\t<meta property=\"og:image:height\" content=\"1000\" \/>\n\t<meta property=\"og:image:type\" content=\"image\/jpeg\" \/>\n<meta name=\"twitter:card\" content=\"summary_large_image\" \/>\n<script type=\"application\/ld+json\" class=\"yoast-schema-graph\">{\"@context\":\"https:\\\/\\\/schema.org\",\"@graph\":[{\"@type\":\"WebPage\",\"@id\":\"https:\\\/\\\/planetetennis.fr\\\/product\\\/tee-shirt-melbourne-chill\\\/\",\"url\":\"https:\\\/\\\/planetetennis.fr\\\/product\\\/tee-shirt-melbourne-chill\\\/\",\"name\":\"Tee-Shirt Melbourne Chill - Planetetennis\",\"isPartOf\":{\"@id\":\"https:\\\/\\\/planetetennis.fr\\\/#website\"},\"primaryImageOfPage\":{\"@id\":\"https:\\\/\\\/planetetennis.fr\\\/product\\\/tee-shirt-melbourne-chill\\\/#primaryimage\"},\"image\":{\"@id\":\"https:\\\/\\\/planetetennis.fr\\\/product\\\/tee-shirt-melbourne-chill\\\/#primaryimage\"},\"thumbnailUrl\":\"https:\\\/\\\/planetetennis.fr\\\/wp-content\\\/uploads\\\/2023\\\/01\\\/W1620008-WHBK-front.jpg\",\"datePublished\":\"2023-01-18T14:49:31+00:00\",\"dateModified\":\"2024-01-03T14:28:50+00:00\",\"description\":\"On n'a jamais assez de T-shirts confortables. Que ce soit pour l'entra\u00eenement ou au quotidien, vous serez toujours bien habill\u00e9 avec ce T-shirt.\",\"breadcrumb\":{\"@id\":\"https:\\\/\\\/planetetennis.fr\\\/product\\\/tee-shirt-melbourne-chill\\\/#breadcrumb\"},\"inLanguage\":\"es-ES\",\"potentialAction\":[{\"@type\":\"ReadAction\",\"target\":[\"https:\\\/\\\/planetetennis.fr\\\/product\\\/tee-shirt-melbourne-chill\\\/\"]}]},{\"@type\":\"ImageObject\",\"inLanguage\":\"es-ES\",\"@id\":\"https:\\\/\\\/planetetennis.fr\\\/product\\\/tee-shirt-melbourne-chill\\\/#primaryimage\",\"url\":\"https:\\\/\\\/planetetennis.fr\\\/wp-content\\\/uploads\\\/2023\\\/01\\\/W1620008-WHBK-front.jpg\",\"contentUrl\":\"https:\\\/\\\/planetetennis.fr\\\/wp-content\\\/uploads\\\/2023\\\/01\\\/W1620008-WHBK-front.jpg\",\"width\":1000,\"height\":1000},{\"@type\":\"BreadcrumbList\",\"@id\":\"https:\\\/\\\/planetetennis.fr\\\/product\\\/tee-shirt-melbourne-chill\\\/#breadcrumb\",\"itemListElement\":[{\"@type\":\"ListItem\",\"position\":1,\"name\":\"Accueil\",\"item\":\"https:\\\/\\\/planetetennis.fr\\\/\"},{\"@type\":\"ListItem\",\"position\":2,\"name\":\"Nos produits\",\"item\":\"https:\\\/\\\/planetetennis.fr\\\/produits\\\/\"},{\"@type\":\"ListItem\",\"position\":3,\"name\":\"Tee-Shirt Melbourne Chill\"}]},{\"@type\":\"WebSite\",\"@id\":\"https:\\\/\\\/planetetennis.fr\\\/#website\",\"url\":\"https:\\\/\\\/planetetennis.fr\\\/\",\"name\":\"Planetetennis\",\"description\":\"Cordages de tennis monofilament fran\u00e7ais\",\"publisher\":{\"@id\":\"https:\\\/\\\/planetetennis.fr\\\/#organization\"},\"potentialAction\":[{\"@type\":\"SearchAction\",\"target\":{\"@type\":\"EntryPoint\",\"urlTemplate\":\"https:\\\/\\\/planetetennis.fr\\\/?s={search_term_string}\"},\"query-input\":{\"@type\":\"PropertyValueSpecification\",\"valueRequired\":true,\"valueName\":\"search_term_string\"}}],\"inLanguage\":\"es-ES\"},{\"@type\":\"Organization\",\"@id\":\"https:\\\/\\\/planetetennis.fr\\\/#organization\",\"name\":\"Planetetennis\",\"url\":\"https:\\\/\\\/planetetennis.fr\\\/\",\"logo\":{\"@type\":\"ImageObject\",\"inLanguage\":\"es-ES\",\"@id\":\"https:\\\/\\\/planetetennis.fr\\\/#\\\/schema\\\/logo\\\/image\\\/\",\"url\":\"https:\\\/\\\/planetetennis.fr\\\/wp-content\\\/uploads\\\/2021\\\/10\\\/logocolor03.png\",\"contentUrl\":\"https:\\\/\\\/planetetennis.fr\\\/wp-content\\\/uploads\\\/2021\\\/10\\\/logocolor03.png\",\"width\":230,\"height\":58,\"caption\":\"Planetetennis\"},\"image\":{\"@id\":\"https:\\\/\\\/planetetennis.fr\\\/#\\\/schema\\\/logo\\\/image\\\/\"}}]}<\/script>\n<!-- \/ Yoast SEO plugin. -->","yoast_head_json":{"title":"Tee-Shirt Melbourne Chill - Planetetennis","description":"On n'a jamais assez de T-shirts confortables. Que ce soit pour l'entra\u00eenement ou au quotidien, vous serez toujours bien habill\u00e9 avec ce T-shirt.","robots":{"index":"index","follow":"follow","max-snippet":"max-snippet:-1","max-image-preview":"max-image-preview:large","max-video-preview":"max-video-preview:-1"},"canonical":"https:\/\/planetetennis.fr\/es\/product\/tee-shirt-melbourne-chill\/","og_locale":"es_ES","og_type":"article","og_title":"Tee-Shirt Melbourne Chill - Planetetennis","og_description":"On n'a jamais assez de T-shirts confortables. Que ce soit pour l'entra\u00eenement ou au quotidien, vous serez toujours bien habill\u00e9 avec ce T-shirt.","og_url":"https:\/\/planetetennis.fr\/es\/product\/tee-shirt-melbourne-chill\/","og_site_name":"Planetetennis","article_modified_time":"2024-01-03T14:28:50+00:00","og_image":[{"width":1000,"height":1000,"url":"https:\/\/planetetennis.fr\/wp-content\/uploads\/2023\/01\/W1620008-WHBK-front.jpg","type":"image\/jpeg"}],"twitter_card":"summary_large_image","schema":{"@context":"https:\/\/schema.org","@graph":[{"@type":"WebPage","@id":"https:\/\/planetetennis.fr\/product\/tee-shirt-melbourne-chill\/","url":"https:\/\/planetetennis.fr\/product\/tee-shirt-melbourne-chill\/","name":"Tee-Shirt Melbourne Chill - Planetetennis","isPartOf":{"@id":"https:\/\/planetetennis.fr\/#website"},"primaryImageOfPage":{"@id":"https:\/\/planetetennis.fr\/product\/tee-shirt-melbourne-chill\/#primaryimage"},"image":{"@id":"https:\/\/planetetennis.fr\/product\/tee-shirt-melbourne-chill\/#primaryimage"},"thumbnailUrl":"https:\/\/planetetennis.fr\/wp-content\/uploads\/2023\/01\/W1620008-WHBK-front.jpg","datePublished":"2023-01-18T14:49:31+00:00","dateModified":"2024-01-03T14:28:50+00:00","description":"On n'a jamais assez de T-shirts confortables. Que ce soit pour l'entra\u00eenement ou au quotidien, vous serez toujours bien habill\u00e9 avec ce T-shirt.","breadcrumb":{"@id":"https:\/\/planetetennis.fr\/product\/tee-shirt-melbourne-chill\/#breadcrumb"},"inLanguage":"es-ES","potentialAction":[{"@type":"ReadAction","target":["https:\/\/planetetennis.fr\/product\/tee-shirt-melbourne-chill\/"]}]},{"@type":"ImageObject","inLanguage":"es-ES","@id":"https:\/\/planetetennis.fr\/product\/tee-shirt-melbourne-chill\/#primaryimage","url":"https:\/\/planetetennis.fr\/wp-content\/uploads\/2023\/01\/W1620008-WHBK-front.jpg","contentUrl":"https:\/\/planetetennis.fr\/wp-content\/uploads\/2023\/01\/W1620008-WHBK-front.jpg","width":1000,"height":1000},{"@type":"BreadcrumbList","@id":"https:\/\/planetetennis.fr\/product\/tee-shirt-melbourne-chill\/#breadcrumb","itemListElement":[{"@type":"ListItem","position":1,"name":"Accueil","item":"https:\/\/planetetennis.fr\/"},{"@type":"ListItem","position":2,"name":"Nos produits","item":"https:\/\/planetetennis.fr\/produits\/"},{"@type":"ListItem","position":3,"name":"Tee-Shirt Melbourne Chill"}]},{"@type":"WebSite","@id":"https:\/\/planetetennis.fr\/#website","url":"https:\/\/planetetennis.fr\/","name":"Planeta tenis","description":"Cordages de tennis monofilament fran\u00e7ais","publisher":{"@id":"https:\/\/planetetennis.fr\/#organization"},"potentialAction":[{"@type":"SearchAction","target":{"@type":"EntryPoint","urlTemplate":"https:\/\/planetetennis.fr\/?s={search_term_string}"},"query-input":{"@type":"PropertyValueSpecification","valueRequired":true,"valueName":"search_term_string"}}],"inLanguage":"es-ES"},{"@type":"Organization","@id":"https:\/\/planetetennis.fr\/#organization","name":"Planeta tenis","url":"https:\/\/planetetennis.fr\/","logo":{"@type":"ImageObject","inLanguage":"es-ES","@id":"https:\/\/planetetennis.fr\/#\/schema\/logo\/image\/","url":"https:\/\/planetetennis.fr\/wp-content\/uploads\/2021\/10\/logocolor03.png","contentUrl":"https:\/\/planetetennis.fr\/wp-content\/uploads\/2021\/10\/logocolor03.png","width":230,"height":58,"caption":"Planetetennis"},"image":{"@id":"https:\/\/planetetennis.fr\/#\/schema\/logo\/image\/"}}]}},"_links":{"self":[{"href":"https:\/\/planetetennis.fr\/es\/wp-json\/wp\/v2\/product\/14372","targetHints":{"allow":["GET"]}}],"collection":[{"href":"https:\/\/planetetennis.fr\/es\/wp-json\/wp\/v2\/product"}],"about":[{"href":"https:\/\/planetetennis.fr\/es\/wp-json\/wp\/v2\/types\/product"}],"replies":[{"embeddable":true,"href":"https:\/\/planetetennis.fr\/es\/wp-json\/wp\/v2\/comments?post=14372"}],"wp:featuredmedia":[{"embeddable":true,"href":"https:\/\/planetetennis.fr\/es\/wp-json\/wp\/v2\/media\/14378"}],"wp:attachment":[{"href":"https:\/\/planetetennis.fr\/es\/wp-json\/wp\/v2\/media?parent=14372"}],"wp:term":[{"taxonomy":"product_brand","embeddable":true,"href":"https:\/\/planetetennis.fr\/es\/wp-json\/wp\/v2\/product_brand?post=14372"},{"taxonomy":"product_cat","embeddable":true,"href":"https:\/\/planetetennis.fr\/es\/wp-json\/wp\/v2\/product_cat?post=14372"},{"taxonomy":"product_tag","embeddable":true,"href":"https:\/\/planetetennis.fr\/es\/wp-json\/wp\/v2\/product_tag?post=14372"}],"curies":[{"name":"wp","href":"https:\/\/api.w.org\/{rel}","templated":true}]}}