{"id":14414,"date":"2023-01-18T15:23:29","date_gmt":"2023-01-18T15:23:29","guid":{"rendered":"https:\/\/planetetennis.fr\/?post_type=product&#038;p=14414"},"modified":"2025-06-09T23:54:51","modified_gmt":"2025-06-09T23:54:51","slug":"ensemble-survetement-pure-wild","status":"publish","type":"product","link":"https:\/\/planetetennis.fr\/es\/product\/ensemble-survetement-pure-wild\/","title":{"rendered":"Ensemble Surv\u00eatement Pure Wild"},"content":{"rendered":"<p>Affichez votre style sur tous les courts de tennis avec ce surv\u00eatement. Sportif. Iconique. Graphique, tout simplement BIDI BADU. La coupe est classique et r\u00e9guli\u00e8re, avec un ajustement naturel. Le graphique flashy allover dans le design naturel typique de BIDI BADU attire le regard. La combinaison d&#8217;un pantalon \u00e0 jambe \u00e9troite et d&#8217;une veste \u00e0 capuche fait mouche partout et toujours. La veste est le compagnon id\u00e9al pour chaque saison et le pantalon peut \u00eatre combin\u00e9 non seulement avec la veste, mais aussi individuellement avec tous les hauts. Le mat\u00e9riau absorbant l&#8217;humidit\u00e9 vous garde agr\u00e9ablement au sec pendant l&#8217;\u00e9chauffement et gr\u00e2ce aux fermetures \u00e9clair au niveau des chevilles, vous pouvez rapidement enfiler et retirer le pantalon m\u00eame avec des chaussures. Deux poches lat\u00e9rales \u00e0 fermeture \u00e9clair sur la veste, ainsi que sur le pantalon, vous permettent de ranger en toute s\u00e9curit\u00e9 les petits objets.<\/p>","protected":false},"excerpt":{"rendered":"<p>Affichez votre style sur tous les courts de tennis avec ce surv\u00eatement. Sportif. Iconique. Graphique, tout simplement BIDI BADU.<\/p>","protected":false},"featured_media":14420,"comment_status":"open","ping_status":"closed","template":"","meta":{"_monsterinsights_skip_tracking":false,"_monsterinsights_sitenote_active":false,"_monsterinsights_sitenote_note":"","_monsterinsights_sitenote_category":0},"product_brand":[],"product_cat":[488,475,479],"product_tag":[],"class_list":{"0":"post-14414","1":"product","2":"type-product","3":"status-publish","4":"has-post-thumbnail","6":"product_cat-survetement","7":"product_cat-vetements-tennis","8":"product_cat-homme-vetements-tennis","10":"first","11":"onbackorder","12":"taxable","13":"shipping-taxable","14":"purchasable","15":"product-type-variable"},"yoast_head":"<!-- This site is optimized with the Yoast SEO plugin v27.4 - https:\/\/yoast.com\/product\/yoast-seo-wordpress\/ -->\n<title>Ensemble Surv\u00eatement Pure Wild - Planetetennis<\/title>\n<meta name=\"description\" content=\"Affichez votre style sur tous les courts de tennis avec ce surv\u00eatement. Sportif. Iconique. Graphique, tout simplement BIDI BADU.\" \/>\n<meta name=\"robots\" content=\"index, follow, max-snippet:-1, max-image-preview:large, max-video-preview:-1\" \/>\n<link rel=\"canonical\" href=\"https:\/\/planetetennis.fr\/es\/product\/ensemble-survetement-pure-wild\/\" \/>\n<meta property=\"og:locale\" content=\"es_ES\" \/>\n<meta property=\"og:type\" content=\"article\" \/>\n<meta property=\"og:title\" content=\"Ensemble Surv\u00eatement Pure Wild - Planetetennis\" \/>\n<meta property=\"og:description\" content=\"Affichez votre style sur tous les courts de tennis avec ce surv\u00eatement. Sportif. Iconique. Graphique, tout simplement BIDI BADU.\" \/>\n<meta property=\"og:url\" content=\"https:\/\/planetetennis.fr\/es\/product\/ensemble-survetement-pure-wild\/\" \/>\n<meta property=\"og:site_name\" content=\"Planetetennis\" \/>\n<meta property=\"article:modified_time\" content=\"2025-06-09T23:54:51+00:00\" \/>\n<meta property=\"og:image\" content=\"https:\/\/planetetennis.fr\/wp-content\/uploads\/2023\/01\/M1100001-OLDGR-front-1-.jpg\" \/>\n\t<meta property=\"og:image:width\" content=\"1000\" \/>\n\t<meta property=\"og:image:height\" content=\"1000\" \/>\n\t<meta property=\"og:image:type\" content=\"image\/jpeg\" \/>\n<meta name=\"twitter:card\" content=\"summary_large_image\" \/>\n<meta name=\"twitter:label1\" content=\"Est. reading time\" \/>\n\t<meta name=\"twitter:data1\" content=\"1 minute\" \/>\n<script type=\"application\/ld+json\" class=\"yoast-schema-graph\">{\"@context\":\"https:\\\/\\\/schema.org\",\"@graph\":[{\"@type\":\"WebPage\",\"@id\":\"https:\\\/\\\/planetetennis.fr\\\/product\\\/ensemble-survetement-pure-wild\\\/\",\"url\":\"https:\\\/\\\/planetetennis.fr\\\/product\\\/ensemble-survetement-pure-wild\\\/\",\"name\":\"Ensemble Surv\u00eatement Pure Wild - Planetetennis\",\"isPartOf\":{\"@id\":\"https:\\\/\\\/planetetennis.fr\\\/#website\"},\"primaryImageOfPage\":{\"@id\":\"https:\\\/\\\/planetetennis.fr\\\/product\\\/ensemble-survetement-pure-wild\\\/#primaryimage\"},\"image\":{\"@id\":\"https:\\\/\\\/planetetennis.fr\\\/product\\\/ensemble-survetement-pure-wild\\\/#primaryimage\"},\"thumbnailUrl\":\"https:\\\/\\\/planetetennis.fr\\\/wp-content\\\/uploads\\\/2023\\\/01\\\/M1100001-OLDGR-front-1-.jpg\",\"datePublished\":\"2023-01-18T15:23:29+00:00\",\"dateModified\":\"2025-06-09T23:54:51+00:00\",\"description\":\"Affichez votre style sur tous les courts de tennis avec ce surv\u00eatement. Sportif. Iconique. Graphique, tout simplement BIDI BADU.\",\"breadcrumb\":{\"@id\":\"https:\\\/\\\/planetetennis.fr\\\/product\\\/ensemble-survetement-pure-wild\\\/#breadcrumb\"},\"inLanguage\":\"es-ES\",\"potentialAction\":[{\"@type\":\"ReadAction\",\"target\":[\"https:\\\/\\\/planetetennis.fr\\\/product\\\/ensemble-survetement-pure-wild\\\/\"]}]},{\"@type\":\"ImageObject\",\"inLanguage\":\"es-ES\",\"@id\":\"https:\\\/\\\/planetetennis.fr\\\/product\\\/ensemble-survetement-pure-wild\\\/#primaryimage\",\"url\":\"https:\\\/\\\/planetetennis.fr\\\/wp-content\\\/uploads\\\/2023\\\/01\\\/M1100001-OLDGR-front-1-.jpg\",\"contentUrl\":\"https:\\\/\\\/planetetennis.fr\\\/wp-content\\\/uploads\\\/2023\\\/01\\\/M1100001-OLDGR-front-1-.jpg\",\"width\":1000,\"height\":1000},{\"@type\":\"BreadcrumbList\",\"@id\":\"https:\\\/\\\/planetetennis.fr\\\/product\\\/ensemble-survetement-pure-wild\\\/#breadcrumb\",\"itemListElement\":[{\"@type\":\"ListItem\",\"position\":1,\"name\":\"Accueil\",\"item\":\"https:\\\/\\\/planetetennis.fr\\\/\"},{\"@type\":\"ListItem\",\"position\":2,\"name\":\"Nos produits\",\"item\":\"https:\\\/\\\/planetetennis.fr\\\/produits\\\/\"},{\"@type\":\"ListItem\",\"position\":3,\"name\":\"Ensemble Surv\u00eatement Pure Wild\"}]},{\"@type\":\"WebSite\",\"@id\":\"https:\\\/\\\/planetetennis.fr\\\/#website\",\"url\":\"https:\\\/\\\/planetetennis.fr\\\/\",\"name\":\"Planetetennis\",\"description\":\"Cordages de tennis monofilament fran\u00e7ais\",\"publisher\":{\"@id\":\"https:\\\/\\\/planetetennis.fr\\\/#organization\"},\"potentialAction\":[{\"@type\":\"SearchAction\",\"target\":{\"@type\":\"EntryPoint\",\"urlTemplate\":\"https:\\\/\\\/planetetennis.fr\\\/?s={search_term_string}\"},\"query-input\":{\"@type\":\"PropertyValueSpecification\",\"valueRequired\":true,\"valueName\":\"search_term_string\"}}],\"inLanguage\":\"es-ES\"},{\"@type\":\"Organization\",\"@id\":\"https:\\\/\\\/planetetennis.fr\\\/#organization\",\"name\":\"Planetetennis\",\"url\":\"https:\\\/\\\/planetetennis.fr\\\/\",\"logo\":{\"@type\":\"ImageObject\",\"inLanguage\":\"es-ES\",\"@id\":\"https:\\\/\\\/planetetennis.fr\\\/#\\\/schema\\\/logo\\\/image\\\/\",\"url\":\"https:\\\/\\\/planetetennis.fr\\\/wp-content\\\/uploads\\\/2021\\\/10\\\/logocolor03.png\",\"contentUrl\":\"https:\\\/\\\/planetetennis.fr\\\/wp-content\\\/uploads\\\/2021\\\/10\\\/logocolor03.png\",\"width\":230,\"height\":58,\"caption\":\"Planetetennis\"},\"image\":{\"@id\":\"https:\\\/\\\/planetetennis.fr\\\/#\\\/schema\\\/logo\\\/image\\\/\"}}]}<\/script>\n<!-- \/ Yoast SEO plugin. -->","yoast_head_json":{"title":"Ensemble Surv\u00eatement Pure Wild - Planetetennis","description":"Affichez votre style sur tous les courts de tennis avec ce surv\u00eatement. Sportif. Iconique. Graphique, tout simplement BIDI BADU.","robots":{"index":"index","follow":"follow","max-snippet":"max-snippet:-1","max-image-preview":"max-image-preview:large","max-video-preview":"max-video-preview:-1"},"canonical":"https:\/\/planetetennis.fr\/es\/product\/ensemble-survetement-pure-wild\/","og_locale":"es_ES","og_type":"article","og_title":"Ensemble Surv\u00eatement Pure Wild - Planetetennis","og_description":"Affichez votre style sur tous les courts de tennis avec ce surv\u00eatement. Sportif. Iconique. Graphique, tout simplement BIDI BADU.","og_url":"https:\/\/planetetennis.fr\/es\/product\/ensemble-survetement-pure-wild\/","og_site_name":"Planetetennis","article_modified_time":"2025-06-09T23:54:51+00:00","og_image":[{"width":1000,"height":1000,"url":"https:\/\/planetetennis.fr\/wp-content\/uploads\/2023\/01\/M1100001-OLDGR-front-1-.jpg","type":"image\/jpeg"}],"twitter_card":"summary_large_image","twitter_misc":{"Est. reading time":"1 minute"},"schema":{"@context":"https:\/\/schema.org","@graph":[{"@type":"WebPage","@id":"https:\/\/planetetennis.fr\/product\/ensemble-survetement-pure-wild\/","url":"https:\/\/planetetennis.fr\/product\/ensemble-survetement-pure-wild\/","name":"Ensemble Surv\u00eatement Pure Wild - Planetetennis","isPartOf":{"@id":"https:\/\/planetetennis.fr\/#website"},"primaryImageOfPage":{"@id":"https:\/\/planetetennis.fr\/product\/ensemble-survetement-pure-wild\/#primaryimage"},"image":{"@id":"https:\/\/planetetennis.fr\/product\/ensemble-survetement-pure-wild\/#primaryimage"},"thumbnailUrl":"https:\/\/planetetennis.fr\/wp-content\/uploads\/2023\/01\/M1100001-OLDGR-front-1-.jpg","datePublished":"2023-01-18T15:23:29+00:00","dateModified":"2025-06-09T23:54:51+00:00","description":"Affichez votre style sur tous les courts de tennis avec ce surv\u00eatement. Sportif. Iconique. Graphique, tout simplement BIDI BADU.","breadcrumb":{"@id":"https:\/\/planetetennis.fr\/product\/ensemble-survetement-pure-wild\/#breadcrumb"},"inLanguage":"es-ES","potentialAction":[{"@type":"ReadAction","target":["https:\/\/planetetennis.fr\/product\/ensemble-survetement-pure-wild\/"]}]},{"@type":"ImageObject","inLanguage":"es-ES","@id":"https:\/\/planetetennis.fr\/product\/ensemble-survetement-pure-wild\/#primaryimage","url":"https:\/\/planetetennis.fr\/wp-content\/uploads\/2023\/01\/M1100001-OLDGR-front-1-.jpg","contentUrl":"https:\/\/planetetennis.fr\/wp-content\/uploads\/2023\/01\/M1100001-OLDGR-front-1-.jpg","width":1000,"height":1000},{"@type":"BreadcrumbList","@id":"https:\/\/planetetennis.fr\/product\/ensemble-survetement-pure-wild\/#breadcrumb","itemListElement":[{"@type":"ListItem","position":1,"name":"Accueil","item":"https:\/\/planetetennis.fr\/"},{"@type":"ListItem","position":2,"name":"Nos produits","item":"https:\/\/planetetennis.fr\/produits\/"},{"@type":"ListItem","position":3,"name":"Ensemble Surv\u00eatement Pure Wild"}]},{"@type":"WebSite","@id":"https:\/\/planetetennis.fr\/#website","url":"https:\/\/planetetennis.fr\/","name":"Planeta tenis","description":"Cordages de tennis monofilament fran\u00e7ais","publisher":{"@id":"https:\/\/planetetennis.fr\/#organization"},"potentialAction":[{"@type":"SearchAction","target":{"@type":"EntryPoint","urlTemplate":"https:\/\/planetetennis.fr\/?s={search_term_string}"},"query-input":{"@type":"PropertyValueSpecification","valueRequired":true,"valueName":"search_term_string"}}],"inLanguage":"es-ES"},{"@type":"Organization","@id":"https:\/\/planetetennis.fr\/#organization","name":"Planeta tenis","url":"https:\/\/planetetennis.fr\/","logo":{"@type":"ImageObject","inLanguage":"es-ES","@id":"https:\/\/planetetennis.fr\/#\/schema\/logo\/image\/","url":"https:\/\/planetetennis.fr\/wp-content\/uploads\/2021\/10\/logocolor03.png","contentUrl":"https:\/\/planetetennis.fr\/wp-content\/uploads\/2021\/10\/logocolor03.png","width":230,"height":58,"caption":"Planetetennis"},"image":{"@id":"https:\/\/planetetennis.fr\/#\/schema\/logo\/image\/"}}]}},"_links":{"self":[{"href":"https:\/\/planetetennis.fr\/es\/wp-json\/wp\/v2\/product\/14414","targetHints":{"allow":["GET"]}}],"collection":[{"href":"https:\/\/planetetennis.fr\/es\/wp-json\/wp\/v2\/product"}],"about":[{"href":"https:\/\/planetetennis.fr\/es\/wp-json\/wp\/v2\/types\/product"}],"replies":[{"embeddable":true,"href":"https:\/\/planetetennis.fr\/es\/wp-json\/wp\/v2\/comments?post=14414"}],"wp:featuredmedia":[{"embeddable":true,"href":"https:\/\/planetetennis.fr\/es\/wp-json\/wp\/v2\/media\/14420"}],"wp:attachment":[{"href":"https:\/\/planetetennis.fr\/es\/wp-json\/wp\/v2\/media?parent=14414"}],"wp:term":[{"taxonomy":"product_brand","embeddable":true,"href":"https:\/\/planetetennis.fr\/es\/wp-json\/wp\/v2\/product_brand?post=14414"},{"taxonomy":"product_cat","embeddable":true,"href":"https:\/\/planetetennis.fr\/es\/wp-json\/wp\/v2\/product_cat?post=14414"},{"taxonomy":"product_tag","embeddable":true,"href":"https:\/\/planetetennis.fr\/es\/wp-json\/wp\/v2\/product_tag?post=14414"}],"curies":[{"name":"wp","href":"https:\/\/api.w.org\/{rel}","templated":true}]}}