{"id":14446,"date":"2023-01-18T15:48:48","date_gmt":"2023-01-18T15:48:48","guid":{"rendered":"https:\/\/planetetennis.fr\/?post_type=product&#038;p=14446"},"modified":"2025-01-20T14:39:28","modified_gmt":"2025-01-20T14:39:28","slug":"sweat-a-capuche-pure-wild","status":"publish","type":"product","link":"https:\/\/planetetennis.fr\/es\/product\/sweat-a-capuche-pure-wild\/","title":{"rendered":"Sweat Grafic Illumination Chill Hoody &#8211; neon yellow"},"content":{"rendered":"<p>La vie est BIDI BADU ! L&#8217;impression accrocheuse sur le devant de ce sweat \u00e0 capuche montre clairement votre enthousiasme pour le tennis et le BIDI BADU. Une coupe classique et d\u00e9contract\u00e9e et une mati\u00e8re douce en coton associ\u00e9e \u00e0 du polyester recycl\u00e9 en font un v\u00eatement parfait pour une d\u00e9tente bien m\u00e9rit\u00e9e apr\u00e8s de longues s\u00e9ances d&#8217;entra\u00eenement. Il est assez confortable pour le canap\u00e9 et assez \u00e9l\u00e9gant pour la ville. La poche kangourou garde vos mains bien au chaud et les petits objets sont bien rang\u00e9s. Avec la capuche, vous pouvez faire abstraction de tout ce qui vous entoure.<\/p>","protected":false},"excerpt":{"rendered":"<p>La vie est BIDI BADU ! L&#8217;impression accrocheuse sur le devant de ce sweat \u00e0 capuche montre clairement votre enthousiasme pour le tennis<\/p>","protected":false},"featured_media":17079,"comment_status":"open","ping_status":"closed","template":"","meta":{"_monsterinsights_skip_tracking":false,"_monsterinsights_sitenote_active":false,"_monsterinsights_sitenote_note":"","_monsterinsights_sitenote_category":0},"product_brand":[],"product_cat":[548,485,545,475,479],"product_tag":[],"class_list":{"0":"post-14446","1":"product","2":"type-product","3":"status-publish","4":"has-post-thumbnail","6":"product_cat-homme-sportswear","7":"product_cat-sweat","8":"product_cat-sportswear","9":"product_cat-vetements-tennis","10":"product_cat-homme-vetements-tennis","12":"first","13":"instock","14":"taxable","15":"shipping-taxable","16":"purchasable","17":"product-type-variable"},"yoast_head":"<!-- This site is optimized with the Yoast SEO plugin v27.5 - https:\/\/yoast.com\/product\/yoast-seo-wordpress\/ -->\n<title>Sweat Grafic Illumination Chill Hoody - neon yellow - Planetetennis<\/title>\n<meta name=\"description\" content=\"La vie est BIDI BADU ! L&#039;impression accrocheuse sur le devant de ce sweat \u00e0 capuche montre clairement votre enthousiasme pour le tennis\" \/>\n<meta name=\"robots\" content=\"index, follow, max-snippet:-1, max-image-preview:large, max-video-preview:-1\" \/>\n<link rel=\"canonical\" href=\"https:\/\/planetetennis.fr\/es\/product\/sweat-a-capuche-pure-wild\/\" \/>\n<meta property=\"og:locale\" content=\"es_ES\" \/>\n<meta property=\"og:type\" content=\"article\" \/>\n<meta property=\"og:title\" content=\"Sweat Grafic Illumination Chill Hoody - neon yellow - Planetetennis\" \/>\n<meta property=\"og:description\" content=\"La vie est BIDI BADU ! L&#039;impression accrocheuse sur le devant de ce sweat \u00e0 capuche montre clairement votre enthousiasme pour le tennis\" \/>\n<meta property=\"og:url\" content=\"https:\/\/planetetennis.fr\/es\/product\/sweat-a-capuche-pure-wild\/\" \/>\n<meta property=\"og:site_name\" content=\"Planetetennis\" \/>\n<meta property=\"article:modified_time\" content=\"2025-01-20T14:39:28+00:00\" \/>\n<meta property=\"og:image\" content=\"https:\/\/planetetennis.fr\/wp-content\/uploads\/2023\/01\/m1270007-nyw-1-jpg_1695305963_1000x1000.jpg\" \/>\n\t<meta property=\"og:image:width\" content=\"800\" \/>\n\t<meta property=\"og:image:height\" content=\"1000\" \/>\n\t<meta property=\"og:image:type\" content=\"image\/jpeg\" \/>\n<meta name=\"twitter:card\" content=\"summary_large_image\" \/>\n<meta name=\"twitter:label1\" content=\"Est. reading time\" \/>\n\t<meta name=\"twitter:data1\" content=\"1 minute\" \/>\n<script type=\"application\/ld+json\" class=\"yoast-schema-graph\">{\"@context\":\"https:\\\/\\\/schema.org\",\"@graph\":[{\"@type\":\"WebPage\",\"@id\":\"https:\\\/\\\/planetetennis.fr\\\/product\\\/sweat-a-capuche-pure-wild\\\/\",\"url\":\"https:\\\/\\\/planetetennis.fr\\\/product\\\/sweat-a-capuche-pure-wild\\\/\",\"name\":\"Sweat Grafic Illumination Chill Hoody - neon yellow - Planetetennis\",\"isPartOf\":{\"@id\":\"https:\\\/\\\/planetetennis.fr\\\/#website\"},\"primaryImageOfPage\":{\"@id\":\"https:\\\/\\\/planetetennis.fr\\\/product\\\/sweat-a-capuche-pure-wild\\\/#primaryimage\"},\"image\":{\"@id\":\"https:\\\/\\\/planetetennis.fr\\\/product\\\/sweat-a-capuche-pure-wild\\\/#primaryimage\"},\"thumbnailUrl\":\"https:\\\/\\\/planetetennis.fr\\\/wp-content\\\/uploads\\\/2023\\\/01\\\/m1270007-nyw-1-jpg_1695305963_1000x1000.jpg\",\"datePublished\":\"2023-01-18T15:48:48+00:00\",\"dateModified\":\"2025-01-20T14:39:28+00:00\",\"description\":\"La vie est BIDI BADU ! L'impression accrocheuse sur le devant de ce sweat \u00e0 capuche montre clairement votre enthousiasme pour le tennis\",\"breadcrumb\":{\"@id\":\"https:\\\/\\\/planetetennis.fr\\\/product\\\/sweat-a-capuche-pure-wild\\\/#breadcrumb\"},\"inLanguage\":\"es-ES\",\"potentialAction\":[{\"@type\":\"ReadAction\",\"target\":[\"https:\\\/\\\/planetetennis.fr\\\/product\\\/sweat-a-capuche-pure-wild\\\/\"]}]},{\"@type\":\"ImageObject\",\"inLanguage\":\"es-ES\",\"@id\":\"https:\\\/\\\/planetetennis.fr\\\/product\\\/sweat-a-capuche-pure-wild\\\/#primaryimage\",\"url\":\"https:\\\/\\\/planetetennis.fr\\\/wp-content\\\/uploads\\\/2023\\\/01\\\/m1270007-nyw-1-jpg_1695305963_1000x1000.jpg\",\"contentUrl\":\"https:\\\/\\\/planetetennis.fr\\\/wp-content\\\/uploads\\\/2023\\\/01\\\/m1270007-nyw-1-jpg_1695305963_1000x1000.jpg\",\"width\":800,\"height\":1000},{\"@type\":\"BreadcrumbList\",\"@id\":\"https:\\\/\\\/planetetennis.fr\\\/product\\\/sweat-a-capuche-pure-wild\\\/#breadcrumb\",\"itemListElement\":[{\"@type\":\"ListItem\",\"position\":1,\"name\":\"Accueil\",\"item\":\"https:\\\/\\\/planetetennis.fr\\\/\"},{\"@type\":\"ListItem\",\"position\":2,\"name\":\"Nos produits\",\"item\":\"https:\\\/\\\/planetetennis.fr\\\/produits\\\/\"},{\"@type\":\"ListItem\",\"position\":3,\"name\":\"Sweat Grafic Illumination Chill Hoody &#8211; neon yellow\"}]},{\"@type\":\"WebSite\",\"@id\":\"https:\\\/\\\/planetetennis.fr\\\/#website\",\"url\":\"https:\\\/\\\/planetetennis.fr\\\/\",\"name\":\"Planetetennis\",\"description\":\"Cordages de tennis monofilament fran\u00e7ais\",\"publisher\":{\"@id\":\"https:\\\/\\\/planetetennis.fr\\\/#organization\"},\"potentialAction\":[{\"@type\":\"SearchAction\",\"target\":{\"@type\":\"EntryPoint\",\"urlTemplate\":\"https:\\\/\\\/planetetennis.fr\\\/?s={search_term_string}\"},\"query-input\":{\"@type\":\"PropertyValueSpecification\",\"valueRequired\":true,\"valueName\":\"search_term_string\"}}],\"inLanguage\":\"es-ES\"},{\"@type\":\"Organization\",\"@id\":\"https:\\\/\\\/planetetennis.fr\\\/#organization\",\"name\":\"Planetetennis\",\"url\":\"https:\\\/\\\/planetetennis.fr\\\/\",\"logo\":{\"@type\":\"ImageObject\",\"inLanguage\":\"es-ES\",\"@id\":\"https:\\\/\\\/planetetennis.fr\\\/#\\\/schema\\\/logo\\\/image\\\/\",\"url\":\"https:\\\/\\\/planetetennis.fr\\\/wp-content\\\/uploads\\\/2021\\\/10\\\/logocolor03.png\",\"contentUrl\":\"https:\\\/\\\/planetetennis.fr\\\/wp-content\\\/uploads\\\/2021\\\/10\\\/logocolor03.png\",\"width\":230,\"height\":58,\"caption\":\"Planetetennis\"},\"image\":{\"@id\":\"https:\\\/\\\/planetetennis.fr\\\/#\\\/schema\\\/logo\\\/image\\\/\"}}]}<\/script>\n<!-- \/ Yoast SEO plugin. -->","yoast_head_json":{"title":"Sweat Grafic Illumination Chill Hoody - neon yellow - Planetetennis","description":"La vie est BIDI BADU ! L'impression accrocheuse sur le devant de ce sweat \u00e0 capuche montre clairement votre enthousiasme pour le tennis","robots":{"index":"index","follow":"follow","max-snippet":"max-snippet:-1","max-image-preview":"max-image-preview:large","max-video-preview":"max-video-preview:-1"},"canonical":"https:\/\/planetetennis.fr\/es\/product\/sweat-a-capuche-pure-wild\/","og_locale":"es_ES","og_type":"article","og_title":"Sweat Grafic Illumination Chill Hoody - neon yellow - Planetetennis","og_description":"La vie est BIDI BADU ! L'impression accrocheuse sur le devant de ce sweat \u00e0 capuche montre clairement votre enthousiasme pour le tennis","og_url":"https:\/\/planetetennis.fr\/es\/product\/sweat-a-capuche-pure-wild\/","og_site_name":"Planetetennis","article_modified_time":"2025-01-20T14:39:28+00:00","og_image":[{"width":800,"height":1000,"url":"https:\/\/planetetennis.fr\/wp-content\/uploads\/2023\/01\/m1270007-nyw-1-jpg_1695305963_1000x1000.jpg","type":"image\/jpeg"}],"twitter_card":"summary_large_image","twitter_misc":{"Est. reading time":"1 minute"},"schema":{"@context":"https:\/\/schema.org","@graph":[{"@type":"WebPage","@id":"https:\/\/planetetennis.fr\/product\/sweat-a-capuche-pure-wild\/","url":"https:\/\/planetetennis.fr\/product\/sweat-a-capuche-pure-wild\/","name":"Sweat Grafic Illumination Chill Hoody - neon yellow - Planetetennis","isPartOf":{"@id":"https:\/\/planetetennis.fr\/#website"},"primaryImageOfPage":{"@id":"https:\/\/planetetennis.fr\/product\/sweat-a-capuche-pure-wild\/#primaryimage"},"image":{"@id":"https:\/\/planetetennis.fr\/product\/sweat-a-capuche-pure-wild\/#primaryimage"},"thumbnailUrl":"https:\/\/planetetennis.fr\/wp-content\/uploads\/2023\/01\/m1270007-nyw-1-jpg_1695305963_1000x1000.jpg","datePublished":"2023-01-18T15:48:48+00:00","dateModified":"2025-01-20T14:39:28+00:00","description":"La vie est BIDI BADU ! L'impression accrocheuse sur le devant de ce sweat \u00e0 capuche montre clairement votre enthousiasme pour le tennis","breadcrumb":{"@id":"https:\/\/planetetennis.fr\/product\/sweat-a-capuche-pure-wild\/#breadcrumb"},"inLanguage":"es-ES","potentialAction":[{"@type":"ReadAction","target":["https:\/\/planetetennis.fr\/product\/sweat-a-capuche-pure-wild\/"]}]},{"@type":"ImageObject","inLanguage":"es-ES","@id":"https:\/\/planetetennis.fr\/product\/sweat-a-capuche-pure-wild\/#primaryimage","url":"https:\/\/planetetennis.fr\/wp-content\/uploads\/2023\/01\/m1270007-nyw-1-jpg_1695305963_1000x1000.jpg","contentUrl":"https:\/\/planetetennis.fr\/wp-content\/uploads\/2023\/01\/m1270007-nyw-1-jpg_1695305963_1000x1000.jpg","width":800,"height":1000},{"@type":"BreadcrumbList","@id":"https:\/\/planetetennis.fr\/product\/sweat-a-capuche-pure-wild\/#breadcrumb","itemListElement":[{"@type":"ListItem","position":1,"name":"Accueil","item":"https:\/\/planetetennis.fr\/"},{"@type":"ListItem","position":2,"name":"Nos produits","item":"https:\/\/planetetennis.fr\/produits\/"},{"@type":"ListItem","position":3,"name":"Sweat Grafic Illumination Chill Hoody &#8211; neon yellow"}]},{"@type":"WebSite","@id":"https:\/\/planetetennis.fr\/#website","url":"https:\/\/planetetennis.fr\/","name":"Planeta tenis","description":"Cordages de tennis monofilament fran\u00e7ais","publisher":{"@id":"https:\/\/planetetennis.fr\/#organization"},"potentialAction":[{"@type":"SearchAction","target":{"@type":"EntryPoint","urlTemplate":"https:\/\/planetetennis.fr\/?s={search_term_string}"},"query-input":{"@type":"PropertyValueSpecification","valueRequired":true,"valueName":"search_term_string"}}],"inLanguage":"es-ES"},{"@type":"Organization","@id":"https:\/\/planetetennis.fr\/#organization","name":"Planeta tenis","url":"https:\/\/planetetennis.fr\/","logo":{"@type":"ImageObject","inLanguage":"es-ES","@id":"https:\/\/planetetennis.fr\/#\/schema\/logo\/image\/","url":"https:\/\/planetetennis.fr\/wp-content\/uploads\/2021\/10\/logocolor03.png","contentUrl":"https:\/\/planetetennis.fr\/wp-content\/uploads\/2021\/10\/logocolor03.png","width":230,"height":58,"caption":"Planetetennis"},"image":{"@id":"https:\/\/planetetennis.fr\/#\/schema\/logo\/image\/"}}]}},"_links":{"self":[{"href":"https:\/\/planetetennis.fr\/es\/wp-json\/wp\/v2\/product\/14446","targetHints":{"allow":["GET"]}}],"collection":[{"href":"https:\/\/planetetennis.fr\/es\/wp-json\/wp\/v2\/product"}],"about":[{"href":"https:\/\/planetetennis.fr\/es\/wp-json\/wp\/v2\/types\/product"}],"replies":[{"embeddable":true,"href":"https:\/\/planetetennis.fr\/es\/wp-json\/wp\/v2\/comments?post=14446"}],"wp:featuredmedia":[{"embeddable":true,"href":"https:\/\/planetetennis.fr\/es\/wp-json\/wp\/v2\/media\/17079"}],"wp:attachment":[{"href":"https:\/\/planetetennis.fr\/es\/wp-json\/wp\/v2\/media?parent=14446"}],"wp:term":[{"taxonomy":"product_brand","embeddable":true,"href":"https:\/\/planetetennis.fr\/es\/wp-json\/wp\/v2\/product_brand?post=14446"},{"taxonomy":"product_cat","embeddable":true,"href":"https:\/\/planetetennis.fr\/es\/wp-json\/wp\/v2\/product_cat?post=14446"},{"taxonomy":"product_tag","embeddable":true,"href":"https:\/\/planetetennis.fr\/es\/wp-json\/wp\/v2\/product_tag?post=14446"}],"curies":[{"name":"wp","href":"https:\/\/api.w.org\/{rel}","templated":true}]}}