{"id":14489,"date":"2023-01-19T09:04:30","date_gmt":"2023-01-19T09:04:30","guid":{"rendered":"https:\/\/planetetennis.fr\/?post_type=product&#038;p=14489"},"modified":"2025-04-13T13:31:03","modified_gmt":"2025-04-13T13:31:03","slug":"veste-melbourne-printed","status":"publish","type":"product","link":"https:\/\/planetetennis.fr\/es\/product\/veste-melbourne-printed\/","title":{"rendered":"Veste Melbourne Printed"},"content":{"rendered":"<p>Cette veste est le compagnon id\u00e9al pour les jours les plus froids de l&#8217;ann\u00e9e. Cette veste BIDI BADU offre un confort respirant et chaud et est parfaite pour les looks superpos\u00e9s. La mati\u00e8re plus \u00e9paisse apporte une chaleur suppl\u00e9mentaire, vous b\u00e9n\u00e9ficiez ainsi d&#8217;un confort \u00e0 s\u00e9chage rapide et d&#8217;une gestion optimale de la temp\u00e9rature.La bande sur les \u00e9paules et les bras donne un look sportif. Les poches zipp\u00e9es sur le devant peuvent \u00e9galement \u00eatre utilis\u00e9es pour ranger de la monnaie et d&#8217;autres \u00e9l\u00e9ments essentiels. Les poignets et l&#8217;ourlet sont c\u00f4tel\u00e9s afin que la veste s&#8217;adapte parfaitement et que vous soyez prot\u00e9g\u00e9 contre tout vent.<\/p>\n<p>&nbsp;<\/p>\n<p>&nbsp;<\/p>\n<p>&nbsp;<\/p>","protected":false},"excerpt":{"rendered":"<p>Cette veste est le compagnon id\u00e9al pour les jours les plus froids de l&#8217;ann\u00e9e. Cette veste BIDI BADU offre un confort respirant et chaud et est parfaite pour les looks superpos\u00e9s.<\/p>","protected":false},"featured_media":14495,"comment_status":"open","ping_status":"closed","template":"","meta":{"_monsterinsights_skip_tracking":false,"_monsterinsights_sitenote_active":false,"_monsterinsights_sitenote_note":"","_monsterinsights_sitenote_category":0},"product_brand":[],"product_cat":[487,475,479],"product_tag":[],"class_list":{"0":"post-14489","1":"product","2":"type-product","3":"status-publish","4":"has-post-thumbnail","6":"product_cat-veste","7":"product_cat-vetements-tennis","8":"product_cat-homme-vetements-tennis","10":"first","11":"onbackorder","12":"taxable","13":"shipping-taxable","14":"purchasable","15":"product-type-variable"},"yoast_head":"<!-- This site is optimized with the Yoast SEO plugin v27.5 - https:\/\/yoast.com\/product\/yoast-seo-wordpress\/ -->\n<title>Veste Melbourne Printed - Planetetennis<\/title>\n<meta name=\"description\" content=\"Cette veste est le compagnon id\u00e9al pour les jours les plus froids de l&#039;ann\u00e9e. Cette veste BIDI BADU offre un confort respirant et chaud et est parfaite pour les looks superpos\u00e9s\" \/>\n<meta name=\"robots\" content=\"index, follow, max-snippet:-1, max-image-preview:large, max-video-preview:-1\" \/>\n<link rel=\"canonical\" href=\"https:\/\/planetetennis.fr\/es\/product\/veste-melbourne-printed\/\" \/>\n<meta property=\"og:locale\" content=\"es_ES\" \/>\n<meta property=\"og:type\" content=\"article\" \/>\n<meta property=\"og:title\" content=\"Veste Melbourne Printed - Planetetennis\" \/>\n<meta property=\"og:description\" content=\"Cette veste est le compagnon id\u00e9al pour les jours les plus froids de l&#039;ann\u00e9e. Cette veste BIDI BADU offre un confort respirant et chaud et est parfaite pour les looks superpos\u00e9s\" \/>\n<meta property=\"og:url\" content=\"https:\/\/planetetennis.fr\/es\/product\/veste-melbourne-printed\/\" \/>\n<meta property=\"og:site_name\" content=\"Planetetennis\" \/>\n<meta property=\"article:modified_time\" content=\"2025-04-13T13:31:03+00:00\" \/>\n<meta property=\"og:image\" content=\"https:\/\/planetetennis.fr\/wp-content\/uploads\/2023\/01\/M1610001-WHBK-front-1.jpg\" \/>\n\t<meta property=\"og:image:width\" content=\"1000\" \/>\n\t<meta property=\"og:image:height\" content=\"1000\" \/>\n\t<meta property=\"og:image:type\" content=\"image\/jpeg\" \/>\n<meta name=\"twitter:card\" content=\"summary_large_image\" \/>\n<meta name=\"twitter:label1\" content=\"Est. reading time\" \/>\n\t<meta name=\"twitter:data1\" content=\"1 minute\" \/>\n<script type=\"application\/ld+json\" class=\"yoast-schema-graph\">{\"@context\":\"https:\\\/\\\/schema.org\",\"@graph\":[{\"@type\":\"WebPage\",\"@id\":\"https:\\\/\\\/planetetennis.fr\\\/product\\\/veste-melbourne-printed\\\/\",\"url\":\"https:\\\/\\\/planetetennis.fr\\\/product\\\/veste-melbourne-printed\\\/\",\"name\":\"Veste Melbourne Printed - Planetetennis\",\"isPartOf\":{\"@id\":\"https:\\\/\\\/planetetennis.fr\\\/#website\"},\"primaryImageOfPage\":{\"@id\":\"https:\\\/\\\/planetetennis.fr\\\/product\\\/veste-melbourne-printed\\\/#primaryimage\"},\"image\":{\"@id\":\"https:\\\/\\\/planetetennis.fr\\\/product\\\/veste-melbourne-printed\\\/#primaryimage\"},\"thumbnailUrl\":\"https:\\\/\\\/planetetennis.fr\\\/wp-content\\\/uploads\\\/2023\\\/01\\\/M1610001-WHBK-front-1.jpg\",\"datePublished\":\"2023-01-19T09:04:30+00:00\",\"dateModified\":\"2025-04-13T13:31:03+00:00\",\"description\":\"Cette veste est le compagnon id\u00e9al pour les jours les plus froids de l'ann\u00e9e. Cette veste BIDI BADU offre un confort respirant et chaud et est parfaite pour les looks superpos\u00e9s\",\"breadcrumb\":{\"@id\":\"https:\\\/\\\/planetetennis.fr\\\/product\\\/veste-melbourne-printed\\\/#breadcrumb\"},\"inLanguage\":\"es-ES\",\"potentialAction\":[{\"@type\":\"ReadAction\",\"target\":[\"https:\\\/\\\/planetetennis.fr\\\/product\\\/veste-melbourne-printed\\\/\"]}]},{\"@type\":\"ImageObject\",\"inLanguage\":\"es-ES\",\"@id\":\"https:\\\/\\\/planetetennis.fr\\\/product\\\/veste-melbourne-printed\\\/#primaryimage\",\"url\":\"https:\\\/\\\/planetetennis.fr\\\/wp-content\\\/uploads\\\/2023\\\/01\\\/M1610001-WHBK-front-1.jpg\",\"contentUrl\":\"https:\\\/\\\/planetetennis.fr\\\/wp-content\\\/uploads\\\/2023\\\/01\\\/M1610001-WHBK-front-1.jpg\",\"width\":1000,\"height\":1000},{\"@type\":\"BreadcrumbList\",\"@id\":\"https:\\\/\\\/planetetennis.fr\\\/product\\\/veste-melbourne-printed\\\/#breadcrumb\",\"itemListElement\":[{\"@type\":\"ListItem\",\"position\":1,\"name\":\"Accueil\",\"item\":\"https:\\\/\\\/planetetennis.fr\\\/\"},{\"@type\":\"ListItem\",\"position\":2,\"name\":\"Nos produits\",\"item\":\"https:\\\/\\\/planetetennis.fr\\\/produits\\\/\"},{\"@type\":\"ListItem\",\"position\":3,\"name\":\"Veste Melbourne Printed\"}]},{\"@type\":\"WebSite\",\"@id\":\"https:\\\/\\\/planetetennis.fr\\\/#website\",\"url\":\"https:\\\/\\\/planetetennis.fr\\\/\",\"name\":\"Planetetennis\",\"description\":\"Cordages de tennis monofilament fran\u00e7ais\",\"publisher\":{\"@id\":\"https:\\\/\\\/planetetennis.fr\\\/#organization\"},\"potentialAction\":[{\"@type\":\"SearchAction\",\"target\":{\"@type\":\"EntryPoint\",\"urlTemplate\":\"https:\\\/\\\/planetetennis.fr\\\/?s={search_term_string}\"},\"query-input\":{\"@type\":\"PropertyValueSpecification\",\"valueRequired\":true,\"valueName\":\"search_term_string\"}}],\"inLanguage\":\"es-ES\"},{\"@type\":\"Organization\",\"@id\":\"https:\\\/\\\/planetetennis.fr\\\/#organization\",\"name\":\"Planetetennis\",\"url\":\"https:\\\/\\\/planetetennis.fr\\\/\",\"logo\":{\"@type\":\"ImageObject\",\"inLanguage\":\"es-ES\",\"@id\":\"https:\\\/\\\/planetetennis.fr\\\/#\\\/schema\\\/logo\\\/image\\\/\",\"url\":\"https:\\\/\\\/planetetennis.fr\\\/wp-content\\\/uploads\\\/2021\\\/10\\\/logocolor03.png\",\"contentUrl\":\"https:\\\/\\\/planetetennis.fr\\\/wp-content\\\/uploads\\\/2021\\\/10\\\/logocolor03.png\",\"width\":230,\"height\":58,\"caption\":\"Planetetennis\"},\"image\":{\"@id\":\"https:\\\/\\\/planetetennis.fr\\\/#\\\/schema\\\/logo\\\/image\\\/\"}}]}<\/script>\n<!-- \/ Yoast SEO plugin. -->","yoast_head_json":{"title":"Veste Melbourne Printed - Planetetennis","description":"Cette veste est le compagnon id\u00e9al pour les jours les plus froids de l'ann\u00e9e. Cette veste BIDI BADU offre un confort respirant et chaud et est parfaite pour les looks superpos\u00e9s","robots":{"index":"index","follow":"follow","max-snippet":"max-snippet:-1","max-image-preview":"max-image-preview:large","max-video-preview":"max-video-preview:-1"},"canonical":"https:\/\/planetetennis.fr\/es\/product\/veste-melbourne-printed\/","og_locale":"es_ES","og_type":"article","og_title":"Veste Melbourne Printed - Planetetennis","og_description":"Cette veste est le compagnon id\u00e9al pour les jours les plus froids de l'ann\u00e9e. Cette veste BIDI BADU offre un confort respirant et chaud et est parfaite pour les looks superpos\u00e9s","og_url":"https:\/\/planetetennis.fr\/es\/product\/veste-melbourne-printed\/","og_site_name":"Planetetennis","article_modified_time":"2025-04-13T13:31:03+00:00","og_image":[{"width":1000,"height":1000,"url":"https:\/\/planetetennis.fr\/wp-content\/uploads\/2023\/01\/M1610001-WHBK-front-1.jpg","type":"image\/jpeg"}],"twitter_card":"summary_large_image","twitter_misc":{"Est. reading time":"1 minute"},"schema":{"@context":"https:\/\/schema.org","@graph":[{"@type":"WebPage","@id":"https:\/\/planetetennis.fr\/product\/veste-melbourne-printed\/","url":"https:\/\/planetetennis.fr\/product\/veste-melbourne-printed\/","name":"Veste Melbourne Printed - Planetetennis","isPartOf":{"@id":"https:\/\/planetetennis.fr\/#website"},"primaryImageOfPage":{"@id":"https:\/\/planetetennis.fr\/product\/veste-melbourne-printed\/#primaryimage"},"image":{"@id":"https:\/\/planetetennis.fr\/product\/veste-melbourne-printed\/#primaryimage"},"thumbnailUrl":"https:\/\/planetetennis.fr\/wp-content\/uploads\/2023\/01\/M1610001-WHBK-front-1.jpg","datePublished":"2023-01-19T09:04:30+00:00","dateModified":"2025-04-13T13:31:03+00:00","description":"Cette veste est le compagnon id\u00e9al pour les jours les plus froids de l'ann\u00e9e. Cette veste BIDI BADU offre un confort respirant et chaud et est parfaite pour les looks superpos\u00e9s","breadcrumb":{"@id":"https:\/\/planetetennis.fr\/product\/veste-melbourne-printed\/#breadcrumb"},"inLanguage":"es-ES","potentialAction":[{"@type":"ReadAction","target":["https:\/\/planetetennis.fr\/product\/veste-melbourne-printed\/"]}]},{"@type":"ImageObject","inLanguage":"es-ES","@id":"https:\/\/planetetennis.fr\/product\/veste-melbourne-printed\/#primaryimage","url":"https:\/\/planetetennis.fr\/wp-content\/uploads\/2023\/01\/M1610001-WHBK-front-1.jpg","contentUrl":"https:\/\/planetetennis.fr\/wp-content\/uploads\/2023\/01\/M1610001-WHBK-front-1.jpg","width":1000,"height":1000},{"@type":"BreadcrumbList","@id":"https:\/\/planetetennis.fr\/product\/veste-melbourne-printed\/#breadcrumb","itemListElement":[{"@type":"ListItem","position":1,"name":"Accueil","item":"https:\/\/planetetennis.fr\/"},{"@type":"ListItem","position":2,"name":"Nos produits","item":"https:\/\/planetetennis.fr\/produits\/"},{"@type":"ListItem","position":3,"name":"Veste Melbourne Printed"}]},{"@type":"WebSite","@id":"https:\/\/planetetennis.fr\/#website","url":"https:\/\/planetetennis.fr\/","name":"Planeta tenis","description":"Cordages de tennis monofilament fran\u00e7ais","publisher":{"@id":"https:\/\/planetetennis.fr\/#organization"},"potentialAction":[{"@type":"SearchAction","target":{"@type":"EntryPoint","urlTemplate":"https:\/\/planetetennis.fr\/?s={search_term_string}"},"query-input":{"@type":"PropertyValueSpecification","valueRequired":true,"valueName":"search_term_string"}}],"inLanguage":"es-ES"},{"@type":"Organization","@id":"https:\/\/planetetennis.fr\/#organization","name":"Planeta tenis","url":"https:\/\/planetetennis.fr\/","logo":{"@type":"ImageObject","inLanguage":"es-ES","@id":"https:\/\/planetetennis.fr\/#\/schema\/logo\/image\/","url":"https:\/\/planetetennis.fr\/wp-content\/uploads\/2021\/10\/logocolor03.png","contentUrl":"https:\/\/planetetennis.fr\/wp-content\/uploads\/2021\/10\/logocolor03.png","width":230,"height":58,"caption":"Planetetennis"},"image":{"@id":"https:\/\/planetetennis.fr\/#\/schema\/logo\/image\/"}}]}},"_links":{"self":[{"href":"https:\/\/planetetennis.fr\/es\/wp-json\/wp\/v2\/product\/14489","targetHints":{"allow":["GET"]}}],"collection":[{"href":"https:\/\/planetetennis.fr\/es\/wp-json\/wp\/v2\/product"}],"about":[{"href":"https:\/\/planetetennis.fr\/es\/wp-json\/wp\/v2\/types\/product"}],"replies":[{"embeddable":true,"href":"https:\/\/planetetennis.fr\/es\/wp-json\/wp\/v2\/comments?post=14489"}],"wp:featuredmedia":[{"embeddable":true,"href":"https:\/\/planetetennis.fr\/es\/wp-json\/wp\/v2\/media\/14495"}],"wp:attachment":[{"href":"https:\/\/planetetennis.fr\/es\/wp-json\/wp\/v2\/media?parent=14489"}],"wp:term":[{"taxonomy":"product_brand","embeddable":true,"href":"https:\/\/planetetennis.fr\/es\/wp-json\/wp\/v2\/product_brand?post=14489"},{"taxonomy":"product_cat","embeddable":true,"href":"https:\/\/planetetennis.fr\/es\/wp-json\/wp\/v2\/product_cat?post=14489"},{"taxonomy":"product_tag","embeddable":true,"href":"https:\/\/planetetennis.fr\/es\/wp-json\/wp\/v2\/product_tag?post=14489"}],"curies":[{"name":"wp","href":"https:\/\/api.w.org\/{rel}","templated":true}]}}