{"id":14511,"date":"2023-01-19T09:38:04","date_gmt":"2023-01-19T09:38:04","guid":{"rendered":"https:\/\/planetetennis.fr\/?post_type=product&#038;p=14511"},"modified":"2024-01-03T21:12:25","modified_gmt":"2024-01-03T21:12:25","slug":"tee-shirt-junior-melbourne-v-neck","status":"publish","type":"product","link":"https:\/\/planetetennis.fr\/es\/product\/tee-shirt-junior-melbourne-v-neck\/","title":{"rendered":"Tee-Shirt Junior Melbourne V-Neck"},"content":{"rendered":"<p>Le design inhabituel de ce T-shirt de tennis est inspir\u00e9 des impressionnantes peintures des peuples indig\u00e8nes d&#8217;Australie. Ce tee-shirt est port\u00e9 par nos athl\u00e8tes ici m\u00eame, lors du premier Grand Chelem de l&#8217;ann\u00e9e. La coupe ergonomique et moulante et la coupe plus longue du dos vous offrent un confort optimal. De plus, la coupe vous donne une libert\u00e9 de mouvement totale au niveau des \u00e9paules. L&#8217;association d&#8217;un mat\u00e9riau de structure opaque et a\u00e9r\u00e9 et d&#8217;une fonction d&#8217;absorption de l&#8217;humidit\u00e9 vous procure une sensation de fra\u00eecheur et de s\u00e9cheresse, quelle que soit l&#8217;intensit\u00e9 du match. Le tee-shirt a un col en V, ce qui le fait sortir du lot.<\/p>","protected":false},"excerpt":{"rendered":"<p>La coupe ergonomique et moulante et la coupe plus longue du dos vous offrent un confort optimal. De plus, la coupe vous donne une libert\u00e9 de mouvement totale au niveau des \u00e9paules.<\/p>","protected":false},"featured_media":14516,"comment_status":"open","ping_status":"closed","template":"","meta":{"_monsterinsights_skip_tracking":false,"_monsterinsights_sitenote_active":false,"_monsterinsights_sitenote_note":"","_monsterinsights_sitenote_category":0},"product_brand":[],"product_cat":[497,475,482],"product_tag":[],"class_list":{"0":"post-14511","1":"product","2":"type-product","3":"status-publish","4":"has-post-thumbnail","6":"product_cat-tee-shirt-garcon","7":"product_cat-vetements-tennis","8":"product_cat-garcon","10":"first","11":"onbackorder","12":"taxable","13":"shipping-taxable","14":"purchasable","15":"product-type-variable"},"yoast_head":"<!-- This site is optimized with the Yoast SEO plugin v27.5 - https:\/\/yoast.com\/product\/yoast-seo-wordpress\/ -->\n<title>Tee-Shirt Junior Melbourne V-Neck - Planetetennis<\/title>\n<meta name=\"description\" content=\"La coupe ergonomique et moulante et la coupe plus longue du dos vous offrent un confort optimal. De plus, la coupe vous donne une libert\u00e9 de mouvement totale au niveau des \u00e9paules.\" \/>\n<meta name=\"robots\" content=\"index, follow, max-snippet:-1, max-image-preview:large, max-video-preview:-1\" \/>\n<link rel=\"canonical\" href=\"https:\/\/planetetennis.fr\/es\/product\/tee-shirt-junior-melbourne-v-neck\/\" \/>\n<meta property=\"og:locale\" content=\"es_ES\" \/>\n<meta property=\"og:type\" content=\"article\" \/>\n<meta property=\"og:title\" content=\"Tee-Shirt Junior Melbourne V-Neck - Planetetennis\" \/>\n<meta property=\"og:description\" content=\"La coupe ergonomique et moulante et la coupe plus longue du dos vous offrent un confort optimal. De plus, la coupe vous donne une libert\u00e9 de mouvement totale au niveau des \u00e9paules.\" \/>\n<meta property=\"og:url\" content=\"https:\/\/planetetennis.fr\/es\/product\/tee-shirt-junior-melbourne-v-neck\/\" \/>\n<meta property=\"og:site_name\" content=\"Planetetennis\" \/>\n<meta property=\"article:modified_time\" content=\"2024-01-03T21:12:25+00:00\" \/>\n<meta property=\"og:image\" content=\"https:\/\/planetetennis.fr\/wp-content\/uploads\/2023\/01\/B1620002-WHBK-front.jpg\" \/>\n\t<meta property=\"og:image:width\" content=\"1000\" \/>\n\t<meta property=\"og:image:height\" content=\"1000\" \/>\n\t<meta property=\"og:image:type\" content=\"image\/jpeg\" \/>\n<meta name=\"twitter:card\" content=\"summary_large_image\" \/>\n<meta name=\"twitter:label1\" content=\"Est. reading time\" \/>\n\t<meta name=\"twitter:data1\" content=\"1 minute\" \/>\n<script type=\"application\/ld+json\" class=\"yoast-schema-graph\">{\"@context\":\"https:\\\/\\\/schema.org\",\"@graph\":[{\"@type\":\"WebPage\",\"@id\":\"https:\\\/\\\/planetetennis.fr\\\/product\\\/tee-shirt-junior-melbourne-v-neck\\\/\",\"url\":\"https:\\\/\\\/planetetennis.fr\\\/product\\\/tee-shirt-junior-melbourne-v-neck\\\/\",\"name\":\"Tee-Shirt Junior Melbourne V-Neck - Planetetennis\",\"isPartOf\":{\"@id\":\"https:\\\/\\\/planetetennis.fr\\\/#website\"},\"primaryImageOfPage\":{\"@id\":\"https:\\\/\\\/planetetennis.fr\\\/product\\\/tee-shirt-junior-melbourne-v-neck\\\/#primaryimage\"},\"image\":{\"@id\":\"https:\\\/\\\/planetetennis.fr\\\/product\\\/tee-shirt-junior-melbourne-v-neck\\\/#primaryimage\"},\"thumbnailUrl\":\"https:\\\/\\\/planetetennis.fr\\\/wp-content\\\/uploads\\\/2023\\\/01\\\/B1620002-WHBK-front.jpg\",\"datePublished\":\"2023-01-19T09:38:04+00:00\",\"dateModified\":\"2024-01-03T21:12:25+00:00\",\"description\":\"La coupe ergonomique et moulante et la coupe plus longue du dos vous offrent un confort optimal. De plus, la coupe vous donne une libert\u00e9 de mouvement totale au niveau des \u00e9paules.\",\"breadcrumb\":{\"@id\":\"https:\\\/\\\/planetetennis.fr\\\/product\\\/tee-shirt-junior-melbourne-v-neck\\\/#breadcrumb\"},\"inLanguage\":\"es-ES\",\"potentialAction\":[{\"@type\":\"ReadAction\",\"target\":[\"https:\\\/\\\/planetetennis.fr\\\/product\\\/tee-shirt-junior-melbourne-v-neck\\\/\"]}]},{\"@type\":\"ImageObject\",\"inLanguage\":\"es-ES\",\"@id\":\"https:\\\/\\\/planetetennis.fr\\\/product\\\/tee-shirt-junior-melbourne-v-neck\\\/#primaryimage\",\"url\":\"https:\\\/\\\/planetetennis.fr\\\/wp-content\\\/uploads\\\/2023\\\/01\\\/B1620002-WHBK-front.jpg\",\"contentUrl\":\"https:\\\/\\\/planetetennis.fr\\\/wp-content\\\/uploads\\\/2023\\\/01\\\/B1620002-WHBK-front.jpg\",\"width\":1000,\"height\":1000},{\"@type\":\"BreadcrumbList\",\"@id\":\"https:\\\/\\\/planetetennis.fr\\\/product\\\/tee-shirt-junior-melbourne-v-neck\\\/#breadcrumb\",\"itemListElement\":[{\"@type\":\"ListItem\",\"position\":1,\"name\":\"Accueil\",\"item\":\"https:\\\/\\\/planetetennis.fr\\\/\"},{\"@type\":\"ListItem\",\"position\":2,\"name\":\"Nos produits\",\"item\":\"https:\\\/\\\/planetetennis.fr\\\/produits\\\/\"},{\"@type\":\"ListItem\",\"position\":3,\"name\":\"Tee-Shirt Junior Melbourne V-Neck\"}]},{\"@type\":\"WebSite\",\"@id\":\"https:\\\/\\\/planetetennis.fr\\\/#website\",\"url\":\"https:\\\/\\\/planetetennis.fr\\\/\",\"name\":\"Planetetennis\",\"description\":\"Cordages de tennis monofilament fran\u00e7ais\",\"publisher\":{\"@id\":\"https:\\\/\\\/planetetennis.fr\\\/#organization\"},\"potentialAction\":[{\"@type\":\"SearchAction\",\"target\":{\"@type\":\"EntryPoint\",\"urlTemplate\":\"https:\\\/\\\/planetetennis.fr\\\/?s={search_term_string}\"},\"query-input\":{\"@type\":\"PropertyValueSpecification\",\"valueRequired\":true,\"valueName\":\"search_term_string\"}}],\"inLanguage\":\"es-ES\"},{\"@type\":\"Organization\",\"@id\":\"https:\\\/\\\/planetetennis.fr\\\/#organization\",\"name\":\"Planetetennis\",\"url\":\"https:\\\/\\\/planetetennis.fr\\\/\",\"logo\":{\"@type\":\"ImageObject\",\"inLanguage\":\"es-ES\",\"@id\":\"https:\\\/\\\/planetetennis.fr\\\/#\\\/schema\\\/logo\\\/image\\\/\",\"url\":\"https:\\\/\\\/planetetennis.fr\\\/wp-content\\\/uploads\\\/2021\\\/10\\\/logocolor03.png\",\"contentUrl\":\"https:\\\/\\\/planetetennis.fr\\\/wp-content\\\/uploads\\\/2021\\\/10\\\/logocolor03.png\",\"width\":230,\"height\":58,\"caption\":\"Planetetennis\"},\"image\":{\"@id\":\"https:\\\/\\\/planetetennis.fr\\\/#\\\/schema\\\/logo\\\/image\\\/\"}}]}<\/script>\n<!-- \/ Yoast SEO plugin. -->","yoast_head_json":{"title":"Tee-Shirt Junior Melbourne V-Neck - Planetetennis","description":"La coupe ergonomique et moulante et la coupe plus longue du dos vous offrent un confort optimal. De plus, la coupe vous donne une libert\u00e9 de mouvement totale au niveau des \u00e9paules.","robots":{"index":"index","follow":"follow","max-snippet":"max-snippet:-1","max-image-preview":"max-image-preview:large","max-video-preview":"max-video-preview:-1"},"canonical":"https:\/\/planetetennis.fr\/es\/product\/tee-shirt-junior-melbourne-v-neck\/","og_locale":"es_ES","og_type":"article","og_title":"Tee-Shirt Junior Melbourne V-Neck - Planetetennis","og_description":"La coupe ergonomique et moulante et la coupe plus longue du dos vous offrent un confort optimal. De plus, la coupe vous donne une libert\u00e9 de mouvement totale au niveau des \u00e9paules.","og_url":"https:\/\/planetetennis.fr\/es\/product\/tee-shirt-junior-melbourne-v-neck\/","og_site_name":"Planetetennis","article_modified_time":"2024-01-03T21:12:25+00:00","og_image":[{"width":1000,"height":1000,"url":"https:\/\/planetetennis.fr\/wp-content\/uploads\/2023\/01\/B1620002-WHBK-front.jpg","type":"image\/jpeg"}],"twitter_card":"summary_large_image","twitter_misc":{"Est. reading time":"1 minute"},"schema":{"@context":"https:\/\/schema.org","@graph":[{"@type":"WebPage","@id":"https:\/\/planetetennis.fr\/product\/tee-shirt-junior-melbourne-v-neck\/","url":"https:\/\/planetetennis.fr\/product\/tee-shirt-junior-melbourne-v-neck\/","name":"Tee-Shirt Junior Melbourne V-Neck - Planetetennis","isPartOf":{"@id":"https:\/\/planetetennis.fr\/#website"},"primaryImageOfPage":{"@id":"https:\/\/planetetennis.fr\/product\/tee-shirt-junior-melbourne-v-neck\/#primaryimage"},"image":{"@id":"https:\/\/planetetennis.fr\/product\/tee-shirt-junior-melbourne-v-neck\/#primaryimage"},"thumbnailUrl":"https:\/\/planetetennis.fr\/wp-content\/uploads\/2023\/01\/B1620002-WHBK-front.jpg","datePublished":"2023-01-19T09:38:04+00:00","dateModified":"2024-01-03T21:12:25+00:00","description":"La coupe ergonomique et moulante et la coupe plus longue du dos vous offrent un confort optimal. De plus, la coupe vous donne une libert\u00e9 de mouvement totale au niveau des \u00e9paules.","breadcrumb":{"@id":"https:\/\/planetetennis.fr\/product\/tee-shirt-junior-melbourne-v-neck\/#breadcrumb"},"inLanguage":"es-ES","potentialAction":[{"@type":"ReadAction","target":["https:\/\/planetetennis.fr\/product\/tee-shirt-junior-melbourne-v-neck\/"]}]},{"@type":"ImageObject","inLanguage":"es-ES","@id":"https:\/\/planetetennis.fr\/product\/tee-shirt-junior-melbourne-v-neck\/#primaryimage","url":"https:\/\/planetetennis.fr\/wp-content\/uploads\/2023\/01\/B1620002-WHBK-front.jpg","contentUrl":"https:\/\/planetetennis.fr\/wp-content\/uploads\/2023\/01\/B1620002-WHBK-front.jpg","width":1000,"height":1000},{"@type":"BreadcrumbList","@id":"https:\/\/planetetennis.fr\/product\/tee-shirt-junior-melbourne-v-neck\/#breadcrumb","itemListElement":[{"@type":"ListItem","position":1,"name":"Accueil","item":"https:\/\/planetetennis.fr\/"},{"@type":"ListItem","position":2,"name":"Nos produits","item":"https:\/\/planetetennis.fr\/produits\/"},{"@type":"ListItem","position":3,"name":"Tee-Shirt Junior Melbourne V-Neck"}]},{"@type":"WebSite","@id":"https:\/\/planetetennis.fr\/#website","url":"https:\/\/planetetennis.fr\/","name":"Planeta tenis","description":"Cordages de tennis monofilament fran\u00e7ais","publisher":{"@id":"https:\/\/planetetennis.fr\/#organization"},"potentialAction":[{"@type":"SearchAction","target":{"@type":"EntryPoint","urlTemplate":"https:\/\/planetetennis.fr\/?s={search_term_string}"},"query-input":{"@type":"PropertyValueSpecification","valueRequired":true,"valueName":"search_term_string"}}],"inLanguage":"es-ES"},{"@type":"Organization","@id":"https:\/\/planetetennis.fr\/#organization","name":"Planeta tenis","url":"https:\/\/planetetennis.fr\/","logo":{"@type":"ImageObject","inLanguage":"es-ES","@id":"https:\/\/planetetennis.fr\/#\/schema\/logo\/image\/","url":"https:\/\/planetetennis.fr\/wp-content\/uploads\/2021\/10\/logocolor03.png","contentUrl":"https:\/\/planetetennis.fr\/wp-content\/uploads\/2021\/10\/logocolor03.png","width":230,"height":58,"caption":"Planetetennis"},"image":{"@id":"https:\/\/planetetennis.fr\/#\/schema\/logo\/image\/"}}]}},"_links":{"self":[{"href":"https:\/\/planetetennis.fr\/es\/wp-json\/wp\/v2\/product\/14511","targetHints":{"allow":["GET"]}}],"collection":[{"href":"https:\/\/planetetennis.fr\/es\/wp-json\/wp\/v2\/product"}],"about":[{"href":"https:\/\/planetetennis.fr\/es\/wp-json\/wp\/v2\/types\/product"}],"replies":[{"embeddable":true,"href":"https:\/\/planetetennis.fr\/es\/wp-json\/wp\/v2\/comments?post=14511"}],"wp:featuredmedia":[{"embeddable":true,"href":"https:\/\/planetetennis.fr\/es\/wp-json\/wp\/v2\/media\/14516"}],"wp:attachment":[{"href":"https:\/\/planetetennis.fr\/es\/wp-json\/wp\/v2\/media?parent=14511"}],"wp:term":[{"taxonomy":"product_brand","embeddable":true,"href":"https:\/\/planetetennis.fr\/es\/wp-json\/wp\/v2\/product_brand?post=14511"},{"taxonomy":"product_cat","embeddable":true,"href":"https:\/\/planetetennis.fr\/es\/wp-json\/wp\/v2\/product_cat?post=14511"},{"taxonomy":"product_tag","embeddable":true,"href":"https:\/\/planetetennis.fr\/es\/wp-json\/wp\/v2\/product_tag?post=14511"}],"curies":[{"name":"wp","href":"https:\/\/api.w.org\/{rel}","templated":true}]}}