{"id":14534,"date":"2023-01-19T10:18:02","date_gmt":"2023-01-19T10:18:02","guid":{"rendered":"https:\/\/planetetennis.fr\/?post_type=product&#038;p=14534"},"modified":"2024-03-17T11:47:35","modified_gmt":"2024-03-17T11:47:35","slug":"jupe-junior-melbourne-printed-cut-out","status":"publish","type":"product","link":"https:\/\/planetetennis.fr\/es\/product\/jupe-junior-melbourne-printed-cut-out\/","title":{"rendered":"Jupe Junior Melbourne Printed Cut Out"},"content":{"rendered":"<p>La jupe Melbourne Printed Cut Out est faite d\u2019une mati\u00e8re l\u00e9g\u00e8re et extensible combin\u00e9e \u00e0 un design excitant. La jupe a \u00e9t\u00e9 sp\u00e9cialement con\u00e7ue pour le premier grand chelem de l\u2019ann\u00e9e et reprend les peintures des peuples indig\u00e8nes d\u2019Australie. La coupe ajust\u00e9e assure une sensation d\u2019enveloppement du corps. La fente lat\u00e9rale n\u2019est pas seulement un point d\u2019orgue visuel, mais permet \u00e9galement une libert\u00e9 de mouvement sans restriction lors des courses et des glissades. Elle facilite \u00e9galement l\u2019acc\u00e8s aux balles de tennis, que vous pouvez facilement ranger dans le short int\u00e9rieur. Une large bande \u00e9lastique \u00e0 la taille assure un ajustement confortable. Le mat\u00e9riau doux est respirant et particuli\u00e8rement \u00e9lastique.<\/p>","protected":false},"excerpt":{"rendered":"<p>La jupe Melbourne Printed Cut Out est faite d&#8217;une mati\u00e8re l\u00e9g\u00e8re et extensible La coupe ajust\u00e9e assure une sensation d&#8217;enveloppement du corps<\/p>","protected":false},"featured_media":14539,"comment_status":"open","ping_status":"closed","template":"","meta":{"_monsterinsights_skip_tracking":false,"_monsterinsights_sitenote_active":false,"_monsterinsights_sitenote_note":"","_monsterinsights_sitenote_category":0},"product_brand":[],"product_cat":[502,475,481],"product_tag":[],"class_list":{"0":"post-14534","1":"product","2":"type-product","3":"status-publish","4":"has-post-thumbnail","6":"product_cat-jupe-fille","7":"product_cat-vetements-tennis","8":"product_cat-fille","10":"first","11":"onbackorder","12":"taxable","13":"shipping-taxable","14":"purchasable","15":"product-type-variable"},"yoast_head":"<!-- This site is optimized with the Yoast SEO plugin v27.5 - https:\/\/yoast.com\/product\/yoast-seo-wordpress\/ -->\n<title>Jupe Junior Melbourne Printed Cut Out - Planetetennis<\/title>\n<meta name=\"description\" content=\"La jupe Melbourne Printed Cut Out est faite d&#039;une mati\u00e8re l\u00e9g\u00e8re et extensible La coupe ajust\u00e9e assure une sensation d&#039;enveloppement du corps\" \/>\n<meta name=\"robots\" content=\"index, follow, max-snippet:-1, max-image-preview:large, max-video-preview:-1\" \/>\n<link rel=\"canonical\" href=\"https:\/\/planetetennis.fr\/es\/product\/jupe-junior-melbourne-printed-cut-out\/\" \/>\n<meta property=\"og:locale\" content=\"es_ES\" \/>\n<meta property=\"og:type\" content=\"article\" \/>\n<meta property=\"og:title\" content=\"Jupe Junior Melbourne Printed Cut Out - Planetetennis\" \/>\n<meta property=\"og:description\" content=\"La jupe Melbourne Printed Cut Out est faite d&#039;une mati\u00e8re l\u00e9g\u00e8re et extensible La coupe ajust\u00e9e assure une sensation d&#039;enveloppement du corps\" \/>\n<meta property=\"og:url\" content=\"https:\/\/planetetennis.fr\/es\/product\/jupe-junior-melbourne-printed-cut-out\/\" \/>\n<meta property=\"og:site_name\" content=\"Planetetennis\" \/>\n<meta property=\"article:modified_time\" content=\"2024-03-17T11:47:35+00:00\" \/>\n<meta property=\"og:image\" content=\"https:\/\/planetetennis.fr\/wp-content\/uploads\/2023\/01\/G1390002-WHBK-front.jpg\" \/>\n\t<meta property=\"og:image:width\" content=\"1000\" \/>\n\t<meta property=\"og:image:height\" content=\"1000\" \/>\n\t<meta property=\"og:image:type\" content=\"image\/jpeg\" \/>\n<meta name=\"twitter:card\" content=\"summary_large_image\" \/>\n<meta name=\"twitter:label1\" content=\"Est. reading time\" \/>\n\t<meta name=\"twitter:data1\" content=\"1 minute\" \/>\n<script type=\"application\/ld+json\" class=\"yoast-schema-graph\">{\"@context\":\"https:\\\/\\\/schema.org\",\"@graph\":[{\"@type\":\"WebPage\",\"@id\":\"https:\\\/\\\/planetetennis.fr\\\/product\\\/jupe-junior-melbourne-printed-cut-out\\\/\",\"url\":\"https:\\\/\\\/planetetennis.fr\\\/product\\\/jupe-junior-melbourne-printed-cut-out\\\/\",\"name\":\"Jupe Junior Melbourne Printed Cut Out - Planetetennis\",\"isPartOf\":{\"@id\":\"https:\\\/\\\/planetetennis.fr\\\/#website\"},\"primaryImageOfPage\":{\"@id\":\"https:\\\/\\\/planetetennis.fr\\\/product\\\/jupe-junior-melbourne-printed-cut-out\\\/#primaryimage\"},\"image\":{\"@id\":\"https:\\\/\\\/planetetennis.fr\\\/product\\\/jupe-junior-melbourne-printed-cut-out\\\/#primaryimage\"},\"thumbnailUrl\":\"https:\\\/\\\/planetetennis.fr\\\/wp-content\\\/uploads\\\/2023\\\/01\\\/G1390002-WHBK-front.jpg\",\"datePublished\":\"2023-01-19T10:18:02+00:00\",\"dateModified\":\"2024-03-17T11:47:35+00:00\",\"description\":\"La jupe Melbourne Printed Cut Out est faite d'une mati\u00e8re l\u00e9g\u00e8re et extensible La coupe ajust\u00e9e assure une sensation d'enveloppement du corps\",\"breadcrumb\":{\"@id\":\"https:\\\/\\\/planetetennis.fr\\\/product\\\/jupe-junior-melbourne-printed-cut-out\\\/#breadcrumb\"},\"inLanguage\":\"es-ES\",\"potentialAction\":[{\"@type\":\"ReadAction\",\"target\":[\"https:\\\/\\\/planetetennis.fr\\\/product\\\/jupe-junior-melbourne-printed-cut-out\\\/\"]}]},{\"@type\":\"ImageObject\",\"inLanguage\":\"es-ES\",\"@id\":\"https:\\\/\\\/planetetennis.fr\\\/product\\\/jupe-junior-melbourne-printed-cut-out\\\/#primaryimage\",\"url\":\"https:\\\/\\\/planetetennis.fr\\\/wp-content\\\/uploads\\\/2023\\\/01\\\/G1390002-WHBK-front.jpg\",\"contentUrl\":\"https:\\\/\\\/planetetennis.fr\\\/wp-content\\\/uploads\\\/2023\\\/01\\\/G1390002-WHBK-front.jpg\",\"width\":1000,\"height\":1000},{\"@type\":\"BreadcrumbList\",\"@id\":\"https:\\\/\\\/planetetennis.fr\\\/product\\\/jupe-junior-melbourne-printed-cut-out\\\/#breadcrumb\",\"itemListElement\":[{\"@type\":\"ListItem\",\"position\":1,\"name\":\"Accueil\",\"item\":\"https:\\\/\\\/planetetennis.fr\\\/\"},{\"@type\":\"ListItem\",\"position\":2,\"name\":\"Nos produits\",\"item\":\"https:\\\/\\\/planetetennis.fr\\\/produits\\\/\"},{\"@type\":\"ListItem\",\"position\":3,\"name\":\"Jupe Junior Melbourne Printed Cut Out\"}]},{\"@type\":\"WebSite\",\"@id\":\"https:\\\/\\\/planetetennis.fr\\\/#website\",\"url\":\"https:\\\/\\\/planetetennis.fr\\\/\",\"name\":\"Planetetennis\",\"description\":\"Cordages de tennis monofilament fran\u00e7ais\",\"publisher\":{\"@id\":\"https:\\\/\\\/planetetennis.fr\\\/#organization\"},\"potentialAction\":[{\"@type\":\"SearchAction\",\"target\":{\"@type\":\"EntryPoint\",\"urlTemplate\":\"https:\\\/\\\/planetetennis.fr\\\/?s={search_term_string}\"},\"query-input\":{\"@type\":\"PropertyValueSpecification\",\"valueRequired\":true,\"valueName\":\"search_term_string\"}}],\"inLanguage\":\"es-ES\"},{\"@type\":\"Organization\",\"@id\":\"https:\\\/\\\/planetetennis.fr\\\/#organization\",\"name\":\"Planetetennis\",\"url\":\"https:\\\/\\\/planetetennis.fr\\\/\",\"logo\":{\"@type\":\"ImageObject\",\"inLanguage\":\"es-ES\",\"@id\":\"https:\\\/\\\/planetetennis.fr\\\/#\\\/schema\\\/logo\\\/image\\\/\",\"url\":\"https:\\\/\\\/planetetennis.fr\\\/wp-content\\\/uploads\\\/2021\\\/10\\\/logocolor03.png\",\"contentUrl\":\"https:\\\/\\\/planetetennis.fr\\\/wp-content\\\/uploads\\\/2021\\\/10\\\/logocolor03.png\",\"width\":230,\"height\":58,\"caption\":\"Planetetennis\"},\"image\":{\"@id\":\"https:\\\/\\\/planetetennis.fr\\\/#\\\/schema\\\/logo\\\/image\\\/\"}}]}<\/script>\n<!-- \/ Yoast SEO plugin. -->","yoast_head_json":{"title":"Jupe Junior Melbourne Printed Cut Out - Planetetennis","description":"La jupe Melbourne Printed Cut Out est faite d'une mati\u00e8re l\u00e9g\u00e8re et extensible La coupe ajust\u00e9e assure une sensation d'enveloppement du corps","robots":{"index":"index","follow":"follow","max-snippet":"max-snippet:-1","max-image-preview":"max-image-preview:large","max-video-preview":"max-video-preview:-1"},"canonical":"https:\/\/planetetennis.fr\/es\/product\/jupe-junior-melbourne-printed-cut-out\/","og_locale":"es_ES","og_type":"article","og_title":"Jupe Junior Melbourne Printed Cut Out - Planetetennis","og_description":"La jupe Melbourne Printed Cut Out est faite d'une mati\u00e8re l\u00e9g\u00e8re et extensible La coupe ajust\u00e9e assure une sensation d'enveloppement du corps","og_url":"https:\/\/planetetennis.fr\/es\/product\/jupe-junior-melbourne-printed-cut-out\/","og_site_name":"Planetetennis","article_modified_time":"2024-03-17T11:47:35+00:00","og_image":[{"width":1000,"height":1000,"url":"https:\/\/planetetennis.fr\/wp-content\/uploads\/2023\/01\/G1390002-WHBK-front.jpg","type":"image\/jpeg"}],"twitter_card":"summary_large_image","twitter_misc":{"Est. reading time":"1 minute"},"schema":{"@context":"https:\/\/schema.org","@graph":[{"@type":"WebPage","@id":"https:\/\/planetetennis.fr\/product\/jupe-junior-melbourne-printed-cut-out\/","url":"https:\/\/planetetennis.fr\/product\/jupe-junior-melbourne-printed-cut-out\/","name":"Jupe Junior Melbourne Printed Cut Out - Planetetennis","isPartOf":{"@id":"https:\/\/planetetennis.fr\/#website"},"primaryImageOfPage":{"@id":"https:\/\/planetetennis.fr\/product\/jupe-junior-melbourne-printed-cut-out\/#primaryimage"},"image":{"@id":"https:\/\/planetetennis.fr\/product\/jupe-junior-melbourne-printed-cut-out\/#primaryimage"},"thumbnailUrl":"https:\/\/planetetennis.fr\/wp-content\/uploads\/2023\/01\/G1390002-WHBK-front.jpg","datePublished":"2023-01-19T10:18:02+00:00","dateModified":"2024-03-17T11:47:35+00:00","description":"La jupe Melbourne Printed Cut Out est faite d'une mati\u00e8re l\u00e9g\u00e8re et extensible La coupe ajust\u00e9e assure une sensation d'enveloppement du corps","breadcrumb":{"@id":"https:\/\/planetetennis.fr\/product\/jupe-junior-melbourne-printed-cut-out\/#breadcrumb"},"inLanguage":"es-ES","potentialAction":[{"@type":"ReadAction","target":["https:\/\/planetetennis.fr\/product\/jupe-junior-melbourne-printed-cut-out\/"]}]},{"@type":"ImageObject","inLanguage":"es-ES","@id":"https:\/\/planetetennis.fr\/product\/jupe-junior-melbourne-printed-cut-out\/#primaryimage","url":"https:\/\/planetetennis.fr\/wp-content\/uploads\/2023\/01\/G1390002-WHBK-front.jpg","contentUrl":"https:\/\/planetetennis.fr\/wp-content\/uploads\/2023\/01\/G1390002-WHBK-front.jpg","width":1000,"height":1000},{"@type":"BreadcrumbList","@id":"https:\/\/planetetennis.fr\/product\/jupe-junior-melbourne-printed-cut-out\/#breadcrumb","itemListElement":[{"@type":"ListItem","position":1,"name":"Accueil","item":"https:\/\/planetetennis.fr\/"},{"@type":"ListItem","position":2,"name":"Nos produits","item":"https:\/\/planetetennis.fr\/produits\/"},{"@type":"ListItem","position":3,"name":"Jupe Junior Melbourne Printed Cut Out"}]},{"@type":"WebSite","@id":"https:\/\/planetetennis.fr\/#website","url":"https:\/\/planetetennis.fr\/","name":"Planeta tenis","description":"Cordages de tennis monofilament fran\u00e7ais","publisher":{"@id":"https:\/\/planetetennis.fr\/#organization"},"potentialAction":[{"@type":"SearchAction","target":{"@type":"EntryPoint","urlTemplate":"https:\/\/planetetennis.fr\/?s={search_term_string}"},"query-input":{"@type":"PropertyValueSpecification","valueRequired":true,"valueName":"search_term_string"}}],"inLanguage":"es-ES"},{"@type":"Organization","@id":"https:\/\/planetetennis.fr\/#organization","name":"Planeta tenis","url":"https:\/\/planetetennis.fr\/","logo":{"@type":"ImageObject","inLanguage":"es-ES","@id":"https:\/\/planetetennis.fr\/#\/schema\/logo\/image\/","url":"https:\/\/planetetennis.fr\/wp-content\/uploads\/2021\/10\/logocolor03.png","contentUrl":"https:\/\/planetetennis.fr\/wp-content\/uploads\/2021\/10\/logocolor03.png","width":230,"height":58,"caption":"Planetetennis"},"image":{"@id":"https:\/\/planetetennis.fr\/#\/schema\/logo\/image\/"}}]}},"_links":{"self":[{"href":"https:\/\/planetetennis.fr\/es\/wp-json\/wp\/v2\/product\/14534","targetHints":{"allow":["GET"]}}],"collection":[{"href":"https:\/\/planetetennis.fr\/es\/wp-json\/wp\/v2\/product"}],"about":[{"href":"https:\/\/planetetennis.fr\/es\/wp-json\/wp\/v2\/types\/product"}],"replies":[{"embeddable":true,"href":"https:\/\/planetetennis.fr\/es\/wp-json\/wp\/v2\/comments?post=14534"}],"wp:featuredmedia":[{"embeddable":true,"href":"https:\/\/planetetennis.fr\/es\/wp-json\/wp\/v2\/media\/14539"}],"wp:attachment":[{"href":"https:\/\/planetetennis.fr\/es\/wp-json\/wp\/v2\/media?parent=14534"}],"wp:term":[{"taxonomy":"product_brand","embeddable":true,"href":"https:\/\/planetetennis.fr\/es\/wp-json\/wp\/v2\/product_brand?post=14534"},{"taxonomy":"product_cat","embeddable":true,"href":"https:\/\/planetetennis.fr\/es\/wp-json\/wp\/v2\/product_cat?post=14534"},{"taxonomy":"product_tag","embeddable":true,"href":"https:\/\/planetetennis.fr\/es\/wp-json\/wp\/v2\/product_tag?post=14534"}],"curies":[{"name":"wp","href":"https:\/\/api.w.org\/{rel}","templated":true}]}}