{"id":14543,"date":"2023-01-19T15:16:29","date_gmt":"2023-01-19T15:16:29","guid":{"rendered":"https:\/\/planetetennis.fr\/?post_type=product&#038;p=14543"},"modified":"2024-01-04T13:55:53","modified_gmt":"2024-01-04T13:55:53","slug":"chaussure-storm-viper-femme","status":"publish","type":"product","link":"https:\/\/planetetennis.fr\/es\/product\/chaussure-storm-viper-femme\/","title":{"rendered":"Chaussure Storm Viper Femme"},"content":{"rendered":"<p>Semelle intercalaire:<br \/>\nFabriqu\u00e9 en une seule pi\u00e8ce avec le nouveau mat\u00e9riau REACTIVEBOUND, un mat\u00e9riau r\u00e9volutionnaire qui absorbe les chocs. facilite l\u2019\u00e9lan et r\u00e9duit le poids dans la semelle. Pour augmenter la stabilit\u00e9. une pi\u00e8ce STABILIS est incluse et ajust\u00e9e au talon.<\/p>\n<p>Semelle ext\u00e9rieure:<br \/>\nFabriqu\u00e9 en caoutchouc DURABILITY haute r\u00e9sistance \u00e0 l\u2019abrasion (DIN 70). Les perforations strat\u00e9giques r\u00e9pondent \u00e0 un triple r\u00f4le: faciliter la flexion, permettre la r\u00e9cup\u00e9ration de forme du mat\u00e9riau REACTIVEBOUND pour un \u00e9lan plus \u00e9lev\u00e9 et all\u00e9ger les baskets.<\/p>","protected":false},"excerpt":{"rendered":"<p>Chaussure au design audacieux. avec un excellent amorti et stabilit\u00e9. Convient pour l&#8217;entra\u00eenement quotidien.<\/p>","protected":false},"featured_media":14548,"comment_status":"open","ping_status":"closed","template":"","meta":{"_monsterinsights_skip_tracking":false,"_monsterinsights_sitenote_active":false,"_monsterinsights_sitenote_note":"","_monsterinsights_sitenote_category":0},"product_brand":[],"product_cat":[414,539],"product_tag":[],"class_list":{"0":"post-14543","1":"product","2":"type-product","3":"status-publish","4":"has-post-thumbnail","6":"product_cat-chaussures","7":"product_cat-running","9":"first","10":"instock","11":"featured","12":"taxable","13":"shipping-taxable","14":"purchasable","15":"product-type-variable"},"yoast_head":"<!-- This site is optimized with the Yoast SEO plugin v27.5 - https:\/\/yoast.com\/product\/yoast-seo-wordpress\/ -->\n<title>Chaussure Storm Viper Femme - Planetetennis<\/title>\n<meta name=\"description\" content=\"Chaussure au design audacieux. avec un excellent amorti et stabilit\u00e9. Convient pour l&#039;entra\u00eenement quotidien.\" \/>\n<meta name=\"robots\" content=\"index, follow, max-snippet:-1, max-image-preview:large, max-video-preview:-1\" \/>\n<link rel=\"canonical\" href=\"https:\/\/planetetennis.fr\/es\/product\/chaussure-storm-viper-femme\/\" \/>\n<meta property=\"og:locale\" content=\"es_ES\" \/>\n<meta property=\"og:type\" content=\"article\" \/>\n<meta property=\"og:title\" content=\"Chaussure Storm Viper Femme - Planetetennis\" \/>\n<meta property=\"og:description\" content=\"Chaussure au design audacieux. avec un excellent amorti et stabilit\u00e9. Convient pour l&#039;entra\u00eenement quotidien.\" \/>\n<meta property=\"og:url\" content=\"https:\/\/planetetennis.fr\/es\/product\/chaussure-storm-viper-femme\/\" \/>\n<meta property=\"og:site_name\" content=\"Planetetennis\" \/>\n<meta property=\"article:modified_time\" content=\"2024-01-04T13:55:53+00:00\" \/>\n<meta property=\"og:image\" content=\"https:\/\/planetetennis.fr\/wp-content\/uploads\/2023\/01\/RVIPLS2101C_1.jpg\" \/>\n\t<meta property=\"og:image:width\" content=\"2000\" \/>\n\t<meta property=\"og:image:height\" content=\"2000\" \/>\n\t<meta property=\"og:image:type\" content=\"image\/jpeg\" \/>\n<meta name=\"twitter:card\" content=\"summary_large_image\" \/>\n<meta name=\"twitter:label1\" content=\"Est. reading time\" \/>\n\t<meta name=\"twitter:data1\" content=\"1 minute\" \/>\n<script type=\"application\/ld+json\" class=\"yoast-schema-graph\">{\"@context\":\"https:\\\/\\\/schema.org\",\"@graph\":[{\"@type\":\"WebPage\",\"@id\":\"https:\\\/\\\/planetetennis.fr\\\/product\\\/chaussure-storm-viper-femme\\\/\",\"url\":\"https:\\\/\\\/planetetennis.fr\\\/product\\\/chaussure-storm-viper-femme\\\/\",\"name\":\"Chaussure Storm Viper Femme - Planetetennis\",\"isPartOf\":{\"@id\":\"https:\\\/\\\/planetetennis.fr\\\/#website\"},\"primaryImageOfPage\":{\"@id\":\"https:\\\/\\\/planetetennis.fr\\\/product\\\/chaussure-storm-viper-femme\\\/#primaryimage\"},\"image\":{\"@id\":\"https:\\\/\\\/planetetennis.fr\\\/product\\\/chaussure-storm-viper-femme\\\/#primaryimage\"},\"thumbnailUrl\":\"https:\\\/\\\/planetetennis.fr\\\/wp-content\\\/uploads\\\/2023\\\/01\\\/RVIPLS2101C_1.jpg\",\"datePublished\":\"2023-01-19T15:16:29+00:00\",\"dateModified\":\"2024-01-04T13:55:53+00:00\",\"description\":\"Chaussure au design audacieux. avec un excellent amorti et stabilit\u00e9. Convient pour l'entra\u00eenement quotidien.\",\"breadcrumb\":{\"@id\":\"https:\\\/\\\/planetetennis.fr\\\/product\\\/chaussure-storm-viper-femme\\\/#breadcrumb\"},\"inLanguage\":\"es-ES\",\"potentialAction\":[{\"@type\":\"ReadAction\",\"target\":[\"https:\\\/\\\/planetetennis.fr\\\/product\\\/chaussure-storm-viper-femme\\\/\"]}]},{\"@type\":\"ImageObject\",\"inLanguage\":\"es-ES\",\"@id\":\"https:\\\/\\\/planetetennis.fr\\\/product\\\/chaussure-storm-viper-femme\\\/#primaryimage\",\"url\":\"https:\\\/\\\/planetetennis.fr\\\/wp-content\\\/uploads\\\/2023\\\/01\\\/RVIPLS2101C_1.jpg\",\"contentUrl\":\"https:\\\/\\\/planetetennis.fr\\\/wp-content\\\/uploads\\\/2023\\\/01\\\/RVIPLS2101C_1.jpg\",\"width\":2000,\"height\":2000},{\"@type\":\"BreadcrumbList\",\"@id\":\"https:\\\/\\\/planetetennis.fr\\\/product\\\/chaussure-storm-viper-femme\\\/#breadcrumb\",\"itemListElement\":[{\"@type\":\"ListItem\",\"position\":1,\"name\":\"Accueil\",\"item\":\"https:\\\/\\\/planetetennis.fr\\\/\"},{\"@type\":\"ListItem\",\"position\":2,\"name\":\"Nos produits\",\"item\":\"https:\\\/\\\/planetetennis.fr\\\/produits\\\/\"},{\"@type\":\"ListItem\",\"position\":3,\"name\":\"Chaussure Storm Viper Femme\"}]},{\"@type\":\"WebSite\",\"@id\":\"https:\\\/\\\/planetetennis.fr\\\/#website\",\"url\":\"https:\\\/\\\/planetetennis.fr\\\/\",\"name\":\"Planetetennis\",\"description\":\"Cordages de tennis monofilament fran\u00e7ais\",\"publisher\":{\"@id\":\"https:\\\/\\\/planetetennis.fr\\\/#organization\"},\"potentialAction\":[{\"@type\":\"SearchAction\",\"target\":{\"@type\":\"EntryPoint\",\"urlTemplate\":\"https:\\\/\\\/planetetennis.fr\\\/?s={search_term_string}\"},\"query-input\":{\"@type\":\"PropertyValueSpecification\",\"valueRequired\":true,\"valueName\":\"search_term_string\"}}],\"inLanguage\":\"es-ES\"},{\"@type\":\"Organization\",\"@id\":\"https:\\\/\\\/planetetennis.fr\\\/#organization\",\"name\":\"Planetetennis\",\"url\":\"https:\\\/\\\/planetetennis.fr\\\/\",\"logo\":{\"@type\":\"ImageObject\",\"inLanguage\":\"es-ES\",\"@id\":\"https:\\\/\\\/planetetennis.fr\\\/#\\\/schema\\\/logo\\\/image\\\/\",\"url\":\"https:\\\/\\\/planetetennis.fr\\\/wp-content\\\/uploads\\\/2021\\\/10\\\/logocolor03.png\",\"contentUrl\":\"https:\\\/\\\/planetetennis.fr\\\/wp-content\\\/uploads\\\/2021\\\/10\\\/logocolor03.png\",\"width\":230,\"height\":58,\"caption\":\"Planetetennis\"},\"image\":{\"@id\":\"https:\\\/\\\/planetetennis.fr\\\/#\\\/schema\\\/logo\\\/image\\\/\"}}]}<\/script>\n<!-- \/ Yoast SEO plugin. -->","yoast_head_json":{"title":"Chaussure Storm Viper Femme - Planetetennis","description":"Chaussure au design audacieux. avec un excellent amorti et stabilit\u00e9. Convient pour l'entra\u00eenement quotidien.","robots":{"index":"index","follow":"follow","max-snippet":"max-snippet:-1","max-image-preview":"max-image-preview:large","max-video-preview":"max-video-preview:-1"},"canonical":"https:\/\/planetetennis.fr\/es\/product\/chaussure-storm-viper-femme\/","og_locale":"es_ES","og_type":"article","og_title":"Chaussure Storm Viper Femme - Planetetennis","og_description":"Chaussure au design audacieux. avec un excellent amorti et stabilit\u00e9. Convient pour l'entra\u00eenement quotidien.","og_url":"https:\/\/planetetennis.fr\/es\/product\/chaussure-storm-viper-femme\/","og_site_name":"Planetetennis","article_modified_time":"2024-01-04T13:55:53+00:00","og_image":[{"width":2000,"height":2000,"url":"https:\/\/planetetennis.fr\/wp-content\/uploads\/2023\/01\/RVIPLS2101C_1.jpg","type":"image\/jpeg"}],"twitter_card":"summary_large_image","twitter_misc":{"Est. reading time":"1 minute"},"schema":{"@context":"https:\/\/schema.org","@graph":[{"@type":"WebPage","@id":"https:\/\/planetetennis.fr\/product\/chaussure-storm-viper-femme\/","url":"https:\/\/planetetennis.fr\/product\/chaussure-storm-viper-femme\/","name":"Chaussure Storm Viper Femme - Planetetennis","isPartOf":{"@id":"https:\/\/planetetennis.fr\/#website"},"primaryImageOfPage":{"@id":"https:\/\/planetetennis.fr\/product\/chaussure-storm-viper-femme\/#primaryimage"},"image":{"@id":"https:\/\/planetetennis.fr\/product\/chaussure-storm-viper-femme\/#primaryimage"},"thumbnailUrl":"https:\/\/planetetennis.fr\/wp-content\/uploads\/2023\/01\/RVIPLS2101C_1.jpg","datePublished":"2023-01-19T15:16:29+00:00","dateModified":"2024-01-04T13:55:53+00:00","description":"Chaussure au design audacieux. avec un excellent amorti et stabilit\u00e9. Convient pour l'entra\u00eenement quotidien.","breadcrumb":{"@id":"https:\/\/planetetennis.fr\/product\/chaussure-storm-viper-femme\/#breadcrumb"},"inLanguage":"es-ES","potentialAction":[{"@type":"ReadAction","target":["https:\/\/planetetennis.fr\/product\/chaussure-storm-viper-femme\/"]}]},{"@type":"ImageObject","inLanguage":"es-ES","@id":"https:\/\/planetetennis.fr\/product\/chaussure-storm-viper-femme\/#primaryimage","url":"https:\/\/planetetennis.fr\/wp-content\/uploads\/2023\/01\/RVIPLS2101C_1.jpg","contentUrl":"https:\/\/planetetennis.fr\/wp-content\/uploads\/2023\/01\/RVIPLS2101C_1.jpg","width":2000,"height":2000},{"@type":"BreadcrumbList","@id":"https:\/\/planetetennis.fr\/product\/chaussure-storm-viper-femme\/#breadcrumb","itemListElement":[{"@type":"ListItem","position":1,"name":"Accueil","item":"https:\/\/planetetennis.fr\/"},{"@type":"ListItem","position":2,"name":"Nos produits","item":"https:\/\/planetetennis.fr\/produits\/"},{"@type":"ListItem","position":3,"name":"Chaussure Storm Viper Femme"}]},{"@type":"WebSite","@id":"https:\/\/planetetennis.fr\/#website","url":"https:\/\/planetetennis.fr\/","name":"Planeta tenis","description":"Cordages de tennis monofilament fran\u00e7ais","publisher":{"@id":"https:\/\/planetetennis.fr\/#organization"},"potentialAction":[{"@type":"SearchAction","target":{"@type":"EntryPoint","urlTemplate":"https:\/\/planetetennis.fr\/?s={search_term_string}"},"query-input":{"@type":"PropertyValueSpecification","valueRequired":true,"valueName":"search_term_string"}}],"inLanguage":"es-ES"},{"@type":"Organization","@id":"https:\/\/planetetennis.fr\/#organization","name":"Planeta tenis","url":"https:\/\/planetetennis.fr\/","logo":{"@type":"ImageObject","inLanguage":"es-ES","@id":"https:\/\/planetetennis.fr\/#\/schema\/logo\/image\/","url":"https:\/\/planetetennis.fr\/wp-content\/uploads\/2021\/10\/logocolor03.png","contentUrl":"https:\/\/planetetennis.fr\/wp-content\/uploads\/2021\/10\/logocolor03.png","width":230,"height":58,"caption":"Planetetennis"},"image":{"@id":"https:\/\/planetetennis.fr\/#\/schema\/logo\/image\/"}}]}},"_links":{"self":[{"href":"https:\/\/planetetennis.fr\/es\/wp-json\/wp\/v2\/product\/14543","targetHints":{"allow":["GET"]}}],"collection":[{"href":"https:\/\/planetetennis.fr\/es\/wp-json\/wp\/v2\/product"}],"about":[{"href":"https:\/\/planetetennis.fr\/es\/wp-json\/wp\/v2\/types\/product"}],"replies":[{"embeddable":true,"href":"https:\/\/planetetennis.fr\/es\/wp-json\/wp\/v2\/comments?post=14543"}],"wp:featuredmedia":[{"embeddable":true,"href":"https:\/\/planetetennis.fr\/es\/wp-json\/wp\/v2\/media\/14548"}],"wp:attachment":[{"href":"https:\/\/planetetennis.fr\/es\/wp-json\/wp\/v2\/media?parent=14543"}],"wp:term":[{"taxonomy":"product_brand","embeddable":true,"href":"https:\/\/planetetennis.fr\/es\/wp-json\/wp\/v2\/product_brand?post=14543"},{"taxonomy":"product_cat","embeddable":true,"href":"https:\/\/planetetennis.fr\/es\/wp-json\/wp\/v2\/product_cat?post=14543"},{"taxonomy":"product_tag","embeddable":true,"href":"https:\/\/planetetennis.fr\/es\/wp-json\/wp\/v2\/product_tag?post=14543"}],"curies":[{"name":"wp","href":"https:\/\/api.w.org\/{rel}","templated":true}]}}