{"id":14631,"date":"2023-02-02T09:57:40","date_gmt":"2023-02-02T09:57:40","guid":{"rendered":"https:\/\/planetetennis.fr\/?post_type=product&#038;p=14631"},"modified":"2024-01-04T13:33:58","modified_gmt":"2024-01-04T13:33:58","slug":"sweat-tendai-lifestyle","status":"publish","type":"product","link":"https:\/\/planetetennis.fr\/es\/product\/sweat-tendai-lifestyle\/","title":{"rendered":"Sweat Tendai Lifestyle"},"content":{"rendered":"<p><span>L&#8217;intemporel Tendai Lifestyle Hoody est un v\u00eatement pour tous les jours.\u00a0Gr\u00e2ce \u00e0 la sensation de confort, vous vous sentirez imm\u00e9diatement bien et serez \u00e9quip\u00e9 de mani\u00e8re optimale m\u00eame \u00e0 des temp\u00e9ratures plus fra\u00eeches. Vous b\u00e9n\u00e9ficiez \u00e9galement d&#8217;innombrables fonctions telles qu&#8217;un cordon de serrage, une capuche int\u00e9gr\u00e9e et des poches lat\u00e9rales.<\/span><\/p>\n<ul>\n<li><span>Coupe cintr\u00e9e pr\u00e8s du corps<\/span><\/li>\n<li><span>Ourlet et manches c\u00f4tel\u00e9s \u00e9lastiqu\u00e9s<\/span><\/li>\n<li><span>Cordon de serrage \u00e0 l&#8217;ext\u00e9rieur<\/span><\/li>\n<li><span>Capuche int\u00e9gr\u00e9e<\/span><\/li>\n<li><span>poches lat\u00e9rales<\/span><\/li>\n<\/ul>","protected":false},"excerpt":{"rendered":"<p>L&#8217;intemporel Tendai Lifestyle Hoody est un v\u00eatement pour tous les jours.<\/p>","protected":false},"featured_media":14637,"comment_status":"open","ping_status":"closed","template":"","meta":{"_monsterinsights_skip_tracking":false,"_monsterinsights_sitenote_active":false,"_monsterinsights_sitenote_note":"","_monsterinsights_sitenote_category":0},"product_brand":[],"product_cat":[547,549,529,544,476,545,516],"product_tag":[],"class_list":{"0":"post-14631","1":"product","2":"type-product","3":"status-publish","4":"has-post-thumbnail","6":"product_cat-femme-athletisme","7":"product_cat-femme-sportswear","8":"product_cat-sweat-femme-vetements-fitness","9":"product_cat-athletisme","10":"product_cat-vetements-fitness","11":"product_cat-sportswear","12":"product_cat-femme-vetements-fitness","14":"first","15":"instock","16":"taxable","17":"shipping-taxable","18":"purchasable","19":"product-type-variable"},"yoast_head":"<!-- This site is optimized with the Yoast SEO plugin v27.5 - https:\/\/yoast.com\/product\/yoast-seo-wordpress\/ -->\n<title>Sweat Tendai Lifestyle - Planetetennis<\/title>\n<meta name=\"description\" content=\"L&#039;intemporel Tendai Lifestyle Hoody est un v\u00eatement pour tous les jours.\" \/>\n<meta name=\"robots\" content=\"index, follow, max-snippet:-1, max-image-preview:large, max-video-preview:-1\" \/>\n<link rel=\"canonical\" href=\"https:\/\/planetetennis.fr\/es\/product\/sweat-tendai-lifestyle\/\" \/>\n<meta property=\"og:locale\" content=\"es_ES\" \/>\n<meta property=\"og:type\" content=\"article\" \/>\n<meta property=\"og:title\" content=\"Sweat Tendai Lifestyle - Planetetennis\" \/>\n<meta property=\"og:description\" content=\"L&#039;intemporel Tendai Lifestyle Hoody est un v\u00eatement pour tous les jours.\" \/>\n<meta property=\"og:url\" content=\"https:\/\/planetetennis.fr\/es\/product\/sweat-tendai-lifestyle\/\" \/>\n<meta property=\"og:site_name\" content=\"Planetetennis\" \/>\n<meta property=\"article:modified_time\" content=\"2024-01-04T13:33:58+00:00\" \/>\n<meta property=\"og:image\" content=\"https:\/\/planetetennis.fr\/wp-content\/uploads\/2023\/02\/W184151222-WH-front.jpg\" \/>\n\t<meta property=\"og:image:width\" content=\"1000\" \/>\n\t<meta property=\"og:image:height\" content=\"1000\" \/>\n\t<meta property=\"og:image:type\" content=\"image\/jpeg\" \/>\n<meta name=\"twitter:card\" content=\"summary_large_image\" \/>\n<script type=\"application\/ld+json\" class=\"yoast-schema-graph\">{\"@context\":\"https:\\\/\\\/schema.org\",\"@graph\":[{\"@type\":\"WebPage\",\"@id\":\"https:\\\/\\\/planetetennis.fr\\\/product\\\/sweat-tendai-lifestyle\\\/\",\"url\":\"https:\\\/\\\/planetetennis.fr\\\/product\\\/sweat-tendai-lifestyle\\\/\",\"name\":\"Sweat Tendai Lifestyle - Planetetennis\",\"isPartOf\":{\"@id\":\"https:\\\/\\\/planetetennis.fr\\\/#website\"},\"primaryImageOfPage\":{\"@id\":\"https:\\\/\\\/planetetennis.fr\\\/product\\\/sweat-tendai-lifestyle\\\/#primaryimage\"},\"image\":{\"@id\":\"https:\\\/\\\/planetetennis.fr\\\/product\\\/sweat-tendai-lifestyle\\\/#primaryimage\"},\"thumbnailUrl\":\"https:\\\/\\\/planetetennis.fr\\\/wp-content\\\/uploads\\\/2023\\\/02\\\/W184151222-WH-front.jpg\",\"datePublished\":\"2023-02-02T09:57:40+00:00\",\"dateModified\":\"2024-01-04T13:33:58+00:00\",\"description\":\"L'intemporel Tendai Lifestyle Hoody est un v\u00eatement pour tous les jours.\",\"breadcrumb\":{\"@id\":\"https:\\\/\\\/planetetennis.fr\\\/product\\\/sweat-tendai-lifestyle\\\/#breadcrumb\"},\"inLanguage\":\"es-ES\",\"potentialAction\":[{\"@type\":\"ReadAction\",\"target\":[\"https:\\\/\\\/planetetennis.fr\\\/product\\\/sweat-tendai-lifestyle\\\/\"]}]},{\"@type\":\"ImageObject\",\"inLanguage\":\"es-ES\",\"@id\":\"https:\\\/\\\/planetetennis.fr\\\/product\\\/sweat-tendai-lifestyle\\\/#primaryimage\",\"url\":\"https:\\\/\\\/planetetennis.fr\\\/wp-content\\\/uploads\\\/2023\\\/02\\\/W184151222-WH-front.jpg\",\"contentUrl\":\"https:\\\/\\\/planetetennis.fr\\\/wp-content\\\/uploads\\\/2023\\\/02\\\/W184151222-WH-front.jpg\",\"width\":1000,\"height\":1000},{\"@type\":\"BreadcrumbList\",\"@id\":\"https:\\\/\\\/planetetennis.fr\\\/product\\\/sweat-tendai-lifestyle\\\/#breadcrumb\",\"itemListElement\":[{\"@type\":\"ListItem\",\"position\":1,\"name\":\"Accueil\",\"item\":\"https:\\\/\\\/planetetennis.fr\\\/\"},{\"@type\":\"ListItem\",\"position\":2,\"name\":\"Nos produits\",\"item\":\"https:\\\/\\\/planetetennis.fr\\\/produits\\\/\"},{\"@type\":\"ListItem\",\"position\":3,\"name\":\"Sweat Tendai Lifestyle\"}]},{\"@type\":\"WebSite\",\"@id\":\"https:\\\/\\\/planetetennis.fr\\\/#website\",\"url\":\"https:\\\/\\\/planetetennis.fr\\\/\",\"name\":\"Planetetennis\",\"description\":\"Cordages de tennis monofilament fran\u00e7ais\",\"publisher\":{\"@id\":\"https:\\\/\\\/planetetennis.fr\\\/#organization\"},\"potentialAction\":[{\"@type\":\"SearchAction\",\"target\":{\"@type\":\"EntryPoint\",\"urlTemplate\":\"https:\\\/\\\/planetetennis.fr\\\/?s={search_term_string}\"},\"query-input\":{\"@type\":\"PropertyValueSpecification\",\"valueRequired\":true,\"valueName\":\"search_term_string\"}}],\"inLanguage\":\"es-ES\"},{\"@type\":\"Organization\",\"@id\":\"https:\\\/\\\/planetetennis.fr\\\/#organization\",\"name\":\"Planetetennis\",\"url\":\"https:\\\/\\\/planetetennis.fr\\\/\",\"logo\":{\"@type\":\"ImageObject\",\"inLanguage\":\"es-ES\",\"@id\":\"https:\\\/\\\/planetetennis.fr\\\/#\\\/schema\\\/logo\\\/image\\\/\",\"url\":\"https:\\\/\\\/planetetennis.fr\\\/wp-content\\\/uploads\\\/2021\\\/10\\\/logocolor03.png\",\"contentUrl\":\"https:\\\/\\\/planetetennis.fr\\\/wp-content\\\/uploads\\\/2021\\\/10\\\/logocolor03.png\",\"width\":230,\"height\":58,\"caption\":\"Planetetennis\"},\"image\":{\"@id\":\"https:\\\/\\\/planetetennis.fr\\\/#\\\/schema\\\/logo\\\/image\\\/\"}}]}<\/script>\n<!-- \/ Yoast SEO plugin. -->","yoast_head_json":{"title":"Sweat Tendai Lifestyle - Planetetennis","description":"L'intemporel Tendai Lifestyle Hoody est un v\u00eatement pour tous les jours.","robots":{"index":"index","follow":"follow","max-snippet":"max-snippet:-1","max-image-preview":"max-image-preview:large","max-video-preview":"max-video-preview:-1"},"canonical":"https:\/\/planetetennis.fr\/es\/product\/sweat-tendai-lifestyle\/","og_locale":"es_ES","og_type":"article","og_title":"Sweat Tendai Lifestyle - Planetetennis","og_description":"L'intemporel Tendai Lifestyle Hoody est un v\u00eatement pour tous les jours.","og_url":"https:\/\/planetetennis.fr\/es\/product\/sweat-tendai-lifestyle\/","og_site_name":"Planetetennis","article_modified_time":"2024-01-04T13:33:58+00:00","og_image":[{"width":1000,"height":1000,"url":"https:\/\/planetetennis.fr\/wp-content\/uploads\/2023\/02\/W184151222-WH-front.jpg","type":"image\/jpeg"}],"twitter_card":"summary_large_image","schema":{"@context":"https:\/\/schema.org","@graph":[{"@type":"WebPage","@id":"https:\/\/planetetennis.fr\/product\/sweat-tendai-lifestyle\/","url":"https:\/\/planetetennis.fr\/product\/sweat-tendai-lifestyle\/","name":"Sweat Tendai Lifestyle - Planetetennis","isPartOf":{"@id":"https:\/\/planetetennis.fr\/#website"},"primaryImageOfPage":{"@id":"https:\/\/planetetennis.fr\/product\/sweat-tendai-lifestyle\/#primaryimage"},"image":{"@id":"https:\/\/planetetennis.fr\/product\/sweat-tendai-lifestyle\/#primaryimage"},"thumbnailUrl":"https:\/\/planetetennis.fr\/wp-content\/uploads\/2023\/02\/W184151222-WH-front.jpg","datePublished":"2023-02-02T09:57:40+00:00","dateModified":"2024-01-04T13:33:58+00:00","description":"L'intemporel Tendai Lifestyle Hoody est un v\u00eatement pour tous les jours.","breadcrumb":{"@id":"https:\/\/planetetennis.fr\/product\/sweat-tendai-lifestyle\/#breadcrumb"},"inLanguage":"es-ES","potentialAction":[{"@type":"ReadAction","target":["https:\/\/planetetennis.fr\/product\/sweat-tendai-lifestyle\/"]}]},{"@type":"ImageObject","inLanguage":"es-ES","@id":"https:\/\/planetetennis.fr\/product\/sweat-tendai-lifestyle\/#primaryimage","url":"https:\/\/planetetennis.fr\/wp-content\/uploads\/2023\/02\/W184151222-WH-front.jpg","contentUrl":"https:\/\/planetetennis.fr\/wp-content\/uploads\/2023\/02\/W184151222-WH-front.jpg","width":1000,"height":1000},{"@type":"BreadcrumbList","@id":"https:\/\/planetetennis.fr\/product\/sweat-tendai-lifestyle\/#breadcrumb","itemListElement":[{"@type":"ListItem","position":1,"name":"Accueil","item":"https:\/\/planetetennis.fr\/"},{"@type":"ListItem","position":2,"name":"Nos produits","item":"https:\/\/planetetennis.fr\/produits\/"},{"@type":"ListItem","position":3,"name":"Sweat Tendai Lifestyle"}]},{"@type":"WebSite","@id":"https:\/\/planetetennis.fr\/#website","url":"https:\/\/planetetennis.fr\/","name":"Planeta tenis","description":"Cordages de tennis monofilament fran\u00e7ais","publisher":{"@id":"https:\/\/planetetennis.fr\/#organization"},"potentialAction":[{"@type":"SearchAction","target":{"@type":"EntryPoint","urlTemplate":"https:\/\/planetetennis.fr\/?s={search_term_string}"},"query-input":{"@type":"PropertyValueSpecification","valueRequired":true,"valueName":"search_term_string"}}],"inLanguage":"es-ES"},{"@type":"Organization","@id":"https:\/\/planetetennis.fr\/#organization","name":"Planeta tenis","url":"https:\/\/planetetennis.fr\/","logo":{"@type":"ImageObject","inLanguage":"es-ES","@id":"https:\/\/planetetennis.fr\/#\/schema\/logo\/image\/","url":"https:\/\/planetetennis.fr\/wp-content\/uploads\/2021\/10\/logocolor03.png","contentUrl":"https:\/\/planetetennis.fr\/wp-content\/uploads\/2021\/10\/logocolor03.png","width":230,"height":58,"caption":"Planetetennis"},"image":{"@id":"https:\/\/planetetennis.fr\/#\/schema\/logo\/image\/"}}]}},"_links":{"self":[{"href":"https:\/\/planetetennis.fr\/es\/wp-json\/wp\/v2\/product\/14631","targetHints":{"allow":["GET"]}}],"collection":[{"href":"https:\/\/planetetennis.fr\/es\/wp-json\/wp\/v2\/product"}],"about":[{"href":"https:\/\/planetetennis.fr\/es\/wp-json\/wp\/v2\/types\/product"}],"replies":[{"embeddable":true,"href":"https:\/\/planetetennis.fr\/es\/wp-json\/wp\/v2\/comments?post=14631"}],"wp:featuredmedia":[{"embeddable":true,"href":"https:\/\/planetetennis.fr\/es\/wp-json\/wp\/v2\/media\/14637"}],"wp:attachment":[{"href":"https:\/\/planetetennis.fr\/es\/wp-json\/wp\/v2\/media?parent=14631"}],"wp:term":[{"taxonomy":"product_brand","embeddable":true,"href":"https:\/\/planetetennis.fr\/es\/wp-json\/wp\/v2\/product_brand?post=14631"},{"taxonomy":"product_cat","embeddable":true,"href":"https:\/\/planetetennis.fr\/es\/wp-json\/wp\/v2\/product_cat?post=14631"},{"taxonomy":"product_tag","embeddable":true,"href":"https:\/\/planetetennis.fr\/es\/wp-json\/wp\/v2\/product_tag?post=14631"}],"curies":[{"name":"wp","href":"https:\/\/api.w.org\/{rel}","templated":true}]}}