{"id":14831,"date":"2023-03-14T11:11:04","date_gmt":"2023-03-14T11:11:04","guid":{"rendered":"https:\/\/planetetennis.fr\/?post_type=product&#038;p=14831"},"modified":"2025-06-26T13:03:31","modified_gmt":"2025-06-26T13:03:31","slug":"chaussure-t-set-lady-blanc-et-bleu-ciel","status":"publish","type":"product","link":"https:\/\/planetetennis.fr\/es\/product\/chaussure-t-set-lady-blanc-et-bleu-ciel\/","title":{"rendered":"Chaussure T.SET Lady Blanc et Bleu Ciel"},"content":{"rendered":"<h4 class=\"e-heading e-product-attributes__section-heading e-heading--fifth-level\"><strong>\u2013 Semelle int\u00e9rieure pr\u00e9-moul\u00e9e s\u2019ajustant \u00e0 la forme du pied<\/strong><br \/>\n<strong>\u2013 Tige en EVA<\/strong><br \/>\n<strong>\u2013 Semelle en caoutchouc<\/strong><br \/>\n<strong>\u2013 Semelle avec abrasion DIN-40<\/strong><br \/>\n<strong>\u2013 Adapt\u00e9 pour : poids moyen \u2013 haut<\/strong><br \/>\n<strong>\u2013 Intensit\u00e9 d\u2019utilisation : entra\u00eenement<\/strong><\/h4>\n<h4 class=\"e-heading e-product-attributes__section-heading e-heading--fifth-level\"><strong>Pulsor double complet :<\/strong><br \/>\n<strong>\u2013 Syst\u00e8me double phylon utilisant diff\u00e9rentes densit\u00e9s pour optimiser l\u2019amorti. Une plus grande densit\u00e9 s\u2019accompagne d\u2019une plus grande stabilit\u00e9, tandis qu\u2019une densit\u00e9 plus faible augmente la l\u00e9g\u00e8ret\u00e9. Cette technologie donne \u00e0 l\u2019athl\u00e8te de la flexibilit\u00e9 et un meilleur amorti lors du pas.<\/strong><\/h4>\n<h4><strong>\u00c9curie:<\/strong><br \/>\n<strong>\u2013 Un morceau de TPU situ\u00e9 dans la partie la plus \u00e9troite de la semelle pour \u00e9viter une rotation g\u00eanante entre l\u2019avant et l\u2019arri\u00e8re du pied, obtenant ainsi une plus grande stabilit\u00e9<\/strong><\/h4>\n<p>Pour vous aider \u00e0 choisir votre pointure vous pouvez utiliser le tableau d\u2019\u00e9quivalence suivant :<\/p>\n<p><a class=\"swipebox\" title=\"\" href=\"https:\/\/planetetennis.fr\/wp-content\/uploads\/2025\/06\/Guide-des-tailles-chaussures-joma-1.jpg\" data-rel=\"lightbox-image-bGlnaHRib3gtaW1hZ2UtMA==\" data-rl_title=\"\" data-rl_caption=\"\"><img loading=\"lazy\" decoding=\"async\" class=\"alignnone size-full wp-image-17482\" src=\"https:\/\/planetetennis.fr\/wp-content\/webp-express\/webp-images\/uploads\/2025\/06\/Guide-des-tailles-chaussures-joma-1.jpg.webp\" sizes=\"auto, (max-width: 198px) 100vw, 198px\" srcset=\"https:\/\/planetetennis.fr\/wp-content\/webp-express\/webp-images\/uploads\/2025\/06\/Guide-des-tailles-chaussures-joma-1.jpg.webp 198w,  https:\/\/planetetennis.fr\/wp-content\/webp-express\/webp-images\/uploads\/2025\/06\/Guide-des-tailles-chaussures-joma-1-7x12.jpg.webp 7w,  https:\/\/planetetennis.fr\/wp-content\/webp-express\/webp-images\/uploads\/2025\/06\/Guide-des-tailles-chaussures-joma-1-150x252.jpg.webp 150w\" alt=\"\" width=\"198\" height=\"333\" \/><\/a><\/p>","protected":false},"excerpt":{"rendered":"<p>Profitez du meilleur confort et du meilleur design pour vos pieds avec ces chaussures Joma pour femmes, des chaussures qui combinent du tissu et du TPU pour une excellente durabilit\u00e9 !<\/p>","protected":false},"featured_media":14832,"comment_status":"open","ping_status":"closed","template":"","meta":{"_monsterinsights_skip_tracking":false,"_monsterinsights_sitenote_active":false,"_monsterinsights_sitenote_note":"","_monsterinsights_sitenote_category":0},"product_brand":[],"product_cat":[458,414,325,437],"product_tag":[],"class_list":{"0":"post-14831","1":"product","2":"type-product","3":"status-publish","4":"has-post-thumbnail","6":"product_cat-all-court-femme","7":"product_cat-chaussures","8":"product_cat-chaussures-joma","9":"product_cat-femme","11":"first","12":"instock","13":"sale","14":"taxable","15":"shipping-taxable","16":"purchasable","17":"product-type-variable"},"yoast_head":"<!-- This site is optimized with the Yoast SEO plugin v27.5 - https:\/\/yoast.com\/product\/yoast-seo-wordpress\/ -->\n<title>Chaussure T.SET Lady Blanc et Bleu Ciel - Planetetennis<\/title>\n<meta name=\"robots\" content=\"index, follow, max-snippet:-1, max-image-preview:large, max-video-preview:-1\" \/>\n<link rel=\"canonical\" href=\"https:\/\/planetetennis.fr\/es\/product\/chaussure-t-set-lady-blanc-et-bleu-ciel\/\" \/>\n<meta property=\"og:locale\" content=\"es_ES\" \/>\n<meta property=\"og:type\" content=\"article\" \/>\n<meta property=\"og:title\" content=\"Chaussure T.SET Lady Blanc et Bleu Ciel - Planetetennis\" \/>\n<meta property=\"og:description\" content=\"Profitez du meilleur confort et du meilleur design pour vos pieds avec ces chaussures Joma pour femmes, des chaussures qui combinent du tissu et du TPU pour une excellente durabilit\u00e9 !\" \/>\n<meta property=\"og:url\" content=\"https:\/\/planetetennis.fr\/es\/product\/chaussure-t-set-lady-blanc-et-bleu-ciel\/\" \/>\n<meta property=\"og:site_name\" content=\"Planetetennis\" \/>\n<meta property=\"article:modified_time\" content=\"2025-06-26T13:03:31+00:00\" \/>\n<meta property=\"og:image\" content=\"https:\/\/planetetennis.fr\/wp-content\/uploads\/2023\/03\/chaussures-joma-t-set-lady-2302-tsels2302t-white-sky-blue.webp\" \/>\n\t<meta property=\"og:image:width\" content=\"1800\" \/>\n\t<meta property=\"og:image:height\" content=\"1800\" \/>\n\t<meta property=\"og:image:type\" content=\"image\/webp\" \/>\n<meta name=\"twitter:card\" content=\"summary_large_image\" \/>\n<meta name=\"twitter:label1\" content=\"Est. reading time\" \/>\n\t<meta name=\"twitter:data1\" content=\"1 minute\" \/>\n<script type=\"application\/ld+json\" class=\"yoast-schema-graph\">{\"@context\":\"https:\\\/\\\/schema.org\",\"@graph\":[{\"@type\":\"WebPage\",\"@id\":\"https:\\\/\\\/planetetennis.fr\\\/product\\\/chaussure-t-set-lady-blanc-et-bleu-ciel\\\/\",\"url\":\"https:\\\/\\\/planetetennis.fr\\\/product\\\/chaussure-t-set-lady-blanc-et-bleu-ciel\\\/\",\"name\":\"Chaussure T.SET Lady Blanc et Bleu Ciel - Planetetennis\",\"isPartOf\":{\"@id\":\"https:\\\/\\\/planetetennis.fr\\\/#website\"},\"primaryImageOfPage\":{\"@id\":\"https:\\\/\\\/planetetennis.fr\\\/product\\\/chaussure-t-set-lady-blanc-et-bleu-ciel\\\/#primaryimage\"},\"image\":{\"@id\":\"https:\\\/\\\/planetetennis.fr\\\/product\\\/chaussure-t-set-lady-blanc-et-bleu-ciel\\\/#primaryimage\"},\"thumbnailUrl\":\"https:\\\/\\\/planetetennis.fr\\\/wp-content\\\/uploads\\\/2023\\\/03\\\/chaussures-joma-t-set-lady-2302-tsels2302t-white-sky-blue.webp\",\"datePublished\":\"2023-03-14T11:11:04+00:00\",\"dateModified\":\"2025-06-26T13:03:31+00:00\",\"breadcrumb\":{\"@id\":\"https:\\\/\\\/planetetennis.fr\\\/product\\\/chaussure-t-set-lady-blanc-et-bleu-ciel\\\/#breadcrumb\"},\"inLanguage\":\"es-ES\",\"potentialAction\":[{\"@type\":\"ReadAction\",\"target\":[\"https:\\\/\\\/planetetennis.fr\\\/product\\\/chaussure-t-set-lady-blanc-et-bleu-ciel\\\/\"]}]},{\"@type\":\"ImageObject\",\"inLanguage\":\"es-ES\",\"@id\":\"https:\\\/\\\/planetetennis.fr\\\/product\\\/chaussure-t-set-lady-blanc-et-bleu-ciel\\\/#primaryimage\",\"url\":\"https:\\\/\\\/planetetennis.fr\\\/wp-content\\\/uploads\\\/2023\\\/03\\\/chaussures-joma-t-set-lady-2302-tsels2302t-white-sky-blue.webp\",\"contentUrl\":\"https:\\\/\\\/planetetennis.fr\\\/wp-content\\\/uploads\\\/2023\\\/03\\\/chaussures-joma-t-set-lady-2302-tsels2302t-white-sky-blue.webp\",\"width\":1800,\"height\":1800},{\"@type\":\"BreadcrumbList\",\"@id\":\"https:\\\/\\\/planetetennis.fr\\\/product\\\/chaussure-t-set-lady-blanc-et-bleu-ciel\\\/#breadcrumb\",\"itemListElement\":[{\"@type\":\"ListItem\",\"position\":1,\"name\":\"Accueil\",\"item\":\"https:\\\/\\\/planetetennis.fr\\\/\"},{\"@type\":\"ListItem\",\"position\":2,\"name\":\"Nos produits\",\"item\":\"https:\\\/\\\/planetetennis.fr\\\/produits\\\/\"},{\"@type\":\"ListItem\",\"position\":3,\"name\":\"Chaussure T.SET Lady Blanc et Bleu Ciel\"}]},{\"@type\":\"WebSite\",\"@id\":\"https:\\\/\\\/planetetennis.fr\\\/#website\",\"url\":\"https:\\\/\\\/planetetennis.fr\\\/\",\"name\":\"Planetetennis\",\"description\":\"Cordages de tennis monofilament fran\u00e7ais\",\"publisher\":{\"@id\":\"https:\\\/\\\/planetetennis.fr\\\/#organization\"},\"potentialAction\":[{\"@type\":\"SearchAction\",\"target\":{\"@type\":\"EntryPoint\",\"urlTemplate\":\"https:\\\/\\\/planetetennis.fr\\\/?s={search_term_string}\"},\"query-input\":{\"@type\":\"PropertyValueSpecification\",\"valueRequired\":true,\"valueName\":\"search_term_string\"}}],\"inLanguage\":\"es-ES\"},{\"@type\":\"Organization\",\"@id\":\"https:\\\/\\\/planetetennis.fr\\\/#organization\",\"name\":\"Planetetennis\",\"url\":\"https:\\\/\\\/planetetennis.fr\\\/\",\"logo\":{\"@type\":\"ImageObject\",\"inLanguage\":\"es-ES\",\"@id\":\"https:\\\/\\\/planetetennis.fr\\\/#\\\/schema\\\/logo\\\/image\\\/\",\"url\":\"https:\\\/\\\/planetetennis.fr\\\/wp-content\\\/uploads\\\/2021\\\/10\\\/logocolor03.png\",\"contentUrl\":\"https:\\\/\\\/planetetennis.fr\\\/wp-content\\\/uploads\\\/2021\\\/10\\\/logocolor03.png\",\"width\":230,\"height\":58,\"caption\":\"Planetetennis\"},\"image\":{\"@id\":\"https:\\\/\\\/planetetennis.fr\\\/#\\\/schema\\\/logo\\\/image\\\/\"}}]}<\/script>\n<!-- \/ Yoast SEO plugin. -->","yoast_head_json":{"title":"Chaussure T.SET Lady Blanc et Bleu Ciel - Planetetennis","robots":{"index":"index","follow":"follow","max-snippet":"max-snippet:-1","max-image-preview":"max-image-preview:large","max-video-preview":"max-video-preview:-1"},"canonical":"https:\/\/planetetennis.fr\/es\/product\/chaussure-t-set-lady-blanc-et-bleu-ciel\/","og_locale":"es_ES","og_type":"article","og_title":"Chaussure T.SET Lady Blanc et Bleu Ciel - Planetetennis","og_description":"Profitez du meilleur confort et du meilleur design pour vos pieds avec ces chaussures Joma pour femmes, des chaussures qui combinent du tissu et du TPU pour une excellente durabilit\u00e9 !","og_url":"https:\/\/planetetennis.fr\/es\/product\/chaussure-t-set-lady-blanc-et-bleu-ciel\/","og_site_name":"Planetetennis","article_modified_time":"2025-06-26T13:03:31+00:00","og_image":[{"width":1800,"height":1800,"url":"https:\/\/planetetennis.fr\/wp-content\/uploads\/2023\/03\/chaussures-joma-t-set-lady-2302-tsels2302t-white-sky-blue.webp","type":"image\/webp"}],"twitter_card":"summary_large_image","twitter_misc":{"Est. reading time":"1 minute"},"schema":{"@context":"https:\/\/schema.org","@graph":[{"@type":"WebPage","@id":"https:\/\/planetetennis.fr\/product\/chaussure-t-set-lady-blanc-et-bleu-ciel\/","url":"https:\/\/planetetennis.fr\/product\/chaussure-t-set-lady-blanc-et-bleu-ciel\/","name":"Chaussure T.SET Lady Blanc et Bleu Ciel - Planetetennis","isPartOf":{"@id":"https:\/\/planetetennis.fr\/#website"},"primaryImageOfPage":{"@id":"https:\/\/planetetennis.fr\/product\/chaussure-t-set-lady-blanc-et-bleu-ciel\/#primaryimage"},"image":{"@id":"https:\/\/planetetennis.fr\/product\/chaussure-t-set-lady-blanc-et-bleu-ciel\/#primaryimage"},"thumbnailUrl":"https:\/\/planetetennis.fr\/wp-content\/uploads\/2023\/03\/chaussures-joma-t-set-lady-2302-tsels2302t-white-sky-blue.webp","datePublished":"2023-03-14T11:11:04+00:00","dateModified":"2025-06-26T13:03:31+00:00","breadcrumb":{"@id":"https:\/\/planetetennis.fr\/product\/chaussure-t-set-lady-blanc-et-bleu-ciel\/#breadcrumb"},"inLanguage":"es-ES","potentialAction":[{"@type":"ReadAction","target":["https:\/\/planetetennis.fr\/product\/chaussure-t-set-lady-blanc-et-bleu-ciel\/"]}]},{"@type":"ImageObject","inLanguage":"es-ES","@id":"https:\/\/planetetennis.fr\/product\/chaussure-t-set-lady-blanc-et-bleu-ciel\/#primaryimage","url":"https:\/\/planetetennis.fr\/wp-content\/uploads\/2023\/03\/chaussures-joma-t-set-lady-2302-tsels2302t-white-sky-blue.webp","contentUrl":"https:\/\/planetetennis.fr\/wp-content\/uploads\/2023\/03\/chaussures-joma-t-set-lady-2302-tsels2302t-white-sky-blue.webp","width":1800,"height":1800},{"@type":"BreadcrumbList","@id":"https:\/\/planetetennis.fr\/product\/chaussure-t-set-lady-blanc-et-bleu-ciel\/#breadcrumb","itemListElement":[{"@type":"ListItem","position":1,"name":"Accueil","item":"https:\/\/planetetennis.fr\/"},{"@type":"ListItem","position":2,"name":"Nos produits","item":"https:\/\/planetetennis.fr\/produits\/"},{"@type":"ListItem","position":3,"name":"Chaussure T.SET Lady Blanc et Bleu Ciel"}]},{"@type":"WebSite","@id":"https:\/\/planetetennis.fr\/#website","url":"https:\/\/planetetennis.fr\/","name":"Planeta tenis","description":"Cordages de tennis monofilament fran\u00e7ais","publisher":{"@id":"https:\/\/planetetennis.fr\/#organization"},"potentialAction":[{"@type":"SearchAction","target":{"@type":"EntryPoint","urlTemplate":"https:\/\/planetetennis.fr\/?s={search_term_string}"},"query-input":{"@type":"PropertyValueSpecification","valueRequired":true,"valueName":"search_term_string"}}],"inLanguage":"es-ES"},{"@type":"Organization","@id":"https:\/\/planetetennis.fr\/#organization","name":"Planeta tenis","url":"https:\/\/planetetennis.fr\/","logo":{"@type":"ImageObject","inLanguage":"es-ES","@id":"https:\/\/planetetennis.fr\/#\/schema\/logo\/image\/","url":"https:\/\/planetetennis.fr\/wp-content\/uploads\/2021\/10\/logocolor03.png","contentUrl":"https:\/\/planetetennis.fr\/wp-content\/uploads\/2021\/10\/logocolor03.png","width":230,"height":58,"caption":"Planetetennis"},"image":{"@id":"https:\/\/planetetennis.fr\/#\/schema\/logo\/image\/"}}]}},"_links":{"self":[{"href":"https:\/\/planetetennis.fr\/es\/wp-json\/wp\/v2\/product\/14831","targetHints":{"allow":["GET"]}}],"collection":[{"href":"https:\/\/planetetennis.fr\/es\/wp-json\/wp\/v2\/product"}],"about":[{"href":"https:\/\/planetetennis.fr\/es\/wp-json\/wp\/v2\/types\/product"}],"replies":[{"embeddable":true,"href":"https:\/\/planetetennis.fr\/es\/wp-json\/wp\/v2\/comments?post=14831"}],"wp:featuredmedia":[{"embeddable":true,"href":"https:\/\/planetetennis.fr\/es\/wp-json\/wp\/v2\/media\/14832"}],"wp:attachment":[{"href":"https:\/\/planetetennis.fr\/es\/wp-json\/wp\/v2\/media?parent=14831"}],"wp:term":[{"taxonomy":"product_brand","embeddable":true,"href":"https:\/\/planetetennis.fr\/es\/wp-json\/wp\/v2\/product_brand?post=14831"},{"taxonomy":"product_cat","embeddable":true,"href":"https:\/\/planetetennis.fr\/es\/wp-json\/wp\/v2\/product_cat?post=14831"},{"taxonomy":"product_tag","embeddable":true,"href":"https:\/\/planetetennis.fr\/es\/wp-json\/wp\/v2\/product_tag?post=14831"}],"curies":[{"name":"wp","href":"https:\/\/api.w.org\/{rel}","templated":true}]}}