{"id":15028,"date":"2023-04-14T12:36:41","date_gmt":"2023-04-14T12:36:41","guid":{"rendered":"https:\/\/planetetennis.fr\/?post_type=product&#038;p=15028"},"modified":"2024-01-04T08:40:42","modified_gmt":"2024-01-04T08:40:42","slug":"debardeur-crew-gradiant-tank-rose","status":"publish","type":"product","link":"https:\/\/planetetennis.fr\/es\/product\/debardeur-crew-gradiant-tank-rose\/","title":{"rendered":"D\u00e9bardeur Crew Gradiant Tank Rose"},"content":{"rendered":"<p><span class=\"Y2IQFc\" lang=\"fr\">Le mat\u00e9riau vous garde agr\u00e9ablement au sec gr\u00e2ce \u00e0 sa structure en maille l\u00e9g\u00e8re et ses propri\u00e9t\u00e9s douces et fluides garantissent un confort de port optimal. Le polyester de cet article est fabriqu\u00e9 \u00e0 partir de fibres recycl\u00e9es.<\/span><\/p>","protected":false},"excerpt":{"rendered":"<p>Ce d\u00e9bardeur Crew Gradiant au design classique \u00e0 dos nageur<span class=\"Y2IQFc\" lang=\"fr\"> garantit une libert\u00e9 de mouvement optimale au niveau des \u00e9paules. Le d\u00e9bardeur a une coupe ajust\u00e9e et pr\u00e8s du corps.<\/span><\/p>","protected":false},"featured_media":15007,"comment_status":"open","ping_status":"closed","template":"","meta":{"_monsterinsights_skip_tracking":false,"_monsterinsights_sitenote_active":false,"_monsterinsights_sitenote_note":"","_monsterinsights_sitenote_category":0},"product_brand":[],"product_cat":[524,563,442,476,475,516],"product_tag":[],"class_list":{"0":"post-15028","1":"product","2":"type-product","3":"status-publish","4":"has-post-thumbnail","6":"product_cat-tee-shirt-femme-vetements-fitness","7":"product_cat-tee-shirt-debardeur","8":"product_cat-bidi-badu-store","9":"product_cat-vetements-fitness","10":"product_cat-vetements-tennis","11":"product_cat-femme-vetements-fitness","13":"first","14":"instock","15":"taxable","16":"shipping-taxable","17":"purchasable","18":"product-type-variable"},"yoast_head":"<!-- This site is optimized with the Yoast SEO plugin v27.5 - https:\/\/yoast.com\/product\/yoast-seo-wordpress\/ -->\n<title>D\u00e9bardeur Crew Gradiant Tank Rose - Planetetennis<\/title>\n<meta name=\"description\" content=\"Ce d\u00e9bardeur Crew Gradiant au design classique \u00e0 dos nageur garantit une libert\u00e9 de mouvement optimale au niveau des \u00e9paules. Le d\u00e9bardeur a une coupe ajust\u00e9e et pr\u00e8s du corps.Le mat\u00e9riau vous garde agr\u00e9ablement au sec gr\u00e2ce \u00e0 sa structure en maille l\u00e9g\u00e8re et ses propri\u00e9t\u00e9s douces et fluides garantissent un confort de port optimal. Le polyester de cet article est fabriqu\u00e9 \u00e0 partir de fibres recycl\u00e9es.\" \/>\n<meta name=\"robots\" content=\"index, follow, max-snippet:-1, max-image-preview:large, max-video-preview:-1\" \/>\n<link rel=\"canonical\" href=\"https:\/\/planetetennis.fr\/es\/product\/debardeur-crew-gradiant-tank-rose\/\" \/>\n<meta property=\"og:locale\" content=\"es_ES\" \/>\n<meta property=\"og:type\" content=\"article\" \/>\n<meta property=\"og:title\" content=\"D\u00e9bardeur Crew Gradiant Tank Rose - Planetetennis\" \/>\n<meta property=\"og:description\" content=\"Ce d\u00e9bardeur Crew Gradiant au design classique \u00e0 dos nageur garantit une libert\u00e9 de mouvement optimale au niveau des \u00e9paules. Le d\u00e9bardeur a une coupe ajust\u00e9e et pr\u00e8s du corps.Le mat\u00e9riau vous garde agr\u00e9ablement au sec gr\u00e2ce \u00e0 sa structure en maille l\u00e9g\u00e8re et ses propri\u00e9t\u00e9s douces et fluides garantissent un confort de port optimal. Le polyester de cet article est fabriqu\u00e9 \u00e0 partir de fibres recycl\u00e9es.\" \/>\n<meta property=\"og:url\" content=\"https:\/\/planetetennis.fr\/es\/product\/debardeur-crew-gradiant-tank-rose\/\" \/>\n<meta property=\"og:site_name\" content=\"Planetetennis\" \/>\n<meta property=\"article:modified_time\" content=\"2024-01-04T08:40:42+00:00\" \/>\n<meta property=\"og:image\" content=\"https:\/\/planetetennis.fr\/wp-content\/uploads\/2023\/04\/W1580003-PKWH-1.jpg\" \/>\n\t<meta property=\"og:image:width\" content=\"800\" \/>\n\t<meta property=\"og:image:height\" content=\"1000\" \/>\n\t<meta property=\"og:image:type\" content=\"image\/jpeg\" \/>\n<meta name=\"twitter:card\" content=\"summary_large_image\" \/>\n<script type=\"application\/ld+json\" class=\"yoast-schema-graph\">{\"@context\":\"https:\\\/\\\/schema.org\",\"@graph\":[{\"@type\":\"WebPage\",\"@id\":\"https:\\\/\\\/planetetennis.fr\\\/product\\\/debardeur-crew-gradiant-tank-rose\\\/\",\"url\":\"https:\\\/\\\/planetetennis.fr\\\/product\\\/debardeur-crew-gradiant-tank-rose\\\/\",\"name\":\"D\u00e9bardeur Crew Gradiant Tank Rose - Planetetennis\",\"isPartOf\":{\"@id\":\"https:\\\/\\\/planetetennis.fr\\\/#website\"},\"primaryImageOfPage\":{\"@id\":\"https:\\\/\\\/planetetennis.fr\\\/product\\\/debardeur-crew-gradiant-tank-rose\\\/#primaryimage\"},\"image\":{\"@id\":\"https:\\\/\\\/planetetennis.fr\\\/product\\\/debardeur-crew-gradiant-tank-rose\\\/#primaryimage\"},\"thumbnailUrl\":\"https:\\\/\\\/planetetennis.fr\\\/wp-content\\\/uploads\\\/2023\\\/04\\\/W1580003-PKWH-1.jpg\",\"datePublished\":\"2023-04-14T12:36:41+00:00\",\"dateModified\":\"2024-01-04T08:40:42+00:00\",\"description\":\"Ce d\u00e9bardeur Crew Gradiant au design classique \u00e0 dos nageur garantit une libert\u00e9 de mouvement optimale au niveau des \u00e9paules. Le d\u00e9bardeur a une coupe ajust\u00e9e et pr\u00e8s du corps.Le mat\u00e9riau vous garde agr\u00e9ablement au sec gr\u00e2ce \u00e0 sa structure en maille l\u00e9g\u00e8re et ses propri\u00e9t\u00e9s douces et fluides garantissent un confort de port optimal. Le polyester de cet article est fabriqu\u00e9 \u00e0 partir de fibres recycl\u00e9es.\",\"breadcrumb\":{\"@id\":\"https:\\\/\\\/planetetennis.fr\\\/product\\\/debardeur-crew-gradiant-tank-rose\\\/#breadcrumb\"},\"inLanguage\":\"es-ES\",\"potentialAction\":[{\"@type\":\"ReadAction\",\"target\":[\"https:\\\/\\\/planetetennis.fr\\\/product\\\/debardeur-crew-gradiant-tank-rose\\\/\"]}]},{\"@type\":\"ImageObject\",\"inLanguage\":\"es-ES\",\"@id\":\"https:\\\/\\\/planetetennis.fr\\\/product\\\/debardeur-crew-gradiant-tank-rose\\\/#primaryimage\",\"url\":\"https:\\\/\\\/planetetennis.fr\\\/wp-content\\\/uploads\\\/2023\\\/04\\\/W1580003-PKWH-1.jpg\",\"contentUrl\":\"https:\\\/\\\/planetetennis.fr\\\/wp-content\\\/uploads\\\/2023\\\/04\\\/W1580003-PKWH-1.jpg\",\"width\":800,\"height\":1000},{\"@type\":\"BreadcrumbList\",\"@id\":\"https:\\\/\\\/planetetennis.fr\\\/product\\\/debardeur-crew-gradiant-tank-rose\\\/#breadcrumb\",\"itemListElement\":[{\"@type\":\"ListItem\",\"position\":1,\"name\":\"Accueil\",\"item\":\"https:\\\/\\\/planetetennis.fr\\\/\"},{\"@type\":\"ListItem\",\"position\":2,\"name\":\"Nos produits\",\"item\":\"https:\\\/\\\/planetetennis.fr\\\/produits\\\/\"},{\"@type\":\"ListItem\",\"position\":3,\"name\":\"D\u00e9bardeur Crew Gradiant Tank Rose\"}]},{\"@type\":\"WebSite\",\"@id\":\"https:\\\/\\\/planetetennis.fr\\\/#website\",\"url\":\"https:\\\/\\\/planetetennis.fr\\\/\",\"name\":\"Planetetennis\",\"description\":\"Cordages de tennis monofilament fran\u00e7ais\",\"publisher\":{\"@id\":\"https:\\\/\\\/planetetennis.fr\\\/#organization\"},\"potentialAction\":[{\"@type\":\"SearchAction\",\"target\":{\"@type\":\"EntryPoint\",\"urlTemplate\":\"https:\\\/\\\/planetetennis.fr\\\/?s={search_term_string}\"},\"query-input\":{\"@type\":\"PropertyValueSpecification\",\"valueRequired\":true,\"valueName\":\"search_term_string\"}}],\"inLanguage\":\"es-ES\"},{\"@type\":\"Organization\",\"@id\":\"https:\\\/\\\/planetetennis.fr\\\/#organization\",\"name\":\"Planetetennis\",\"url\":\"https:\\\/\\\/planetetennis.fr\\\/\",\"logo\":{\"@type\":\"ImageObject\",\"inLanguage\":\"es-ES\",\"@id\":\"https:\\\/\\\/planetetennis.fr\\\/#\\\/schema\\\/logo\\\/image\\\/\",\"url\":\"https:\\\/\\\/planetetennis.fr\\\/wp-content\\\/uploads\\\/2021\\\/10\\\/logocolor03.png\",\"contentUrl\":\"https:\\\/\\\/planetetennis.fr\\\/wp-content\\\/uploads\\\/2021\\\/10\\\/logocolor03.png\",\"width\":230,\"height\":58,\"caption\":\"Planetetennis\"},\"image\":{\"@id\":\"https:\\\/\\\/planetetennis.fr\\\/#\\\/schema\\\/logo\\\/image\\\/\"}}]}<\/script>\n<!-- \/ Yoast SEO plugin. -->","yoast_head_json":{"title":"D\u00e9bardeur Crew Gradiant Tank Rose - Planetetennis","description":"Ce d\u00e9bardeur Crew Gradiant au design classique \u00e0 dos nageur garantit une libert\u00e9 de mouvement optimale au niveau des \u00e9paules. Le d\u00e9bardeur a une coupe ajust\u00e9e et pr\u00e8s du corps.Le mat\u00e9riau vous garde agr\u00e9ablement au sec gr\u00e2ce \u00e0 sa structure en maille l\u00e9g\u00e8re et ses propri\u00e9t\u00e9s douces et fluides garantissent un confort de port optimal. Le polyester de cet article est fabriqu\u00e9 \u00e0 partir de fibres recycl\u00e9es.","robots":{"index":"index","follow":"follow","max-snippet":"max-snippet:-1","max-image-preview":"max-image-preview:large","max-video-preview":"max-video-preview:-1"},"canonical":"https:\/\/planetetennis.fr\/es\/product\/debardeur-crew-gradiant-tank-rose\/","og_locale":"es_ES","og_type":"article","og_title":"D\u00e9bardeur Crew Gradiant Tank Rose - Planetetennis","og_description":"Ce d\u00e9bardeur Crew Gradiant au design classique \u00e0 dos nageur garantit une libert\u00e9 de mouvement optimale au niveau des \u00e9paules. Le d\u00e9bardeur a une coupe ajust\u00e9e et pr\u00e8s du corps.Le mat\u00e9riau vous garde agr\u00e9ablement au sec gr\u00e2ce \u00e0 sa structure en maille l\u00e9g\u00e8re et ses propri\u00e9t\u00e9s douces et fluides garantissent un confort de port optimal. Le polyester de cet article est fabriqu\u00e9 \u00e0 partir de fibres recycl\u00e9es.","og_url":"https:\/\/planetetennis.fr\/es\/product\/debardeur-crew-gradiant-tank-rose\/","og_site_name":"Planetetennis","article_modified_time":"2024-01-04T08:40:42+00:00","og_image":[{"width":800,"height":1000,"url":"https:\/\/planetetennis.fr\/wp-content\/uploads\/2023\/04\/W1580003-PKWH-1.jpg","type":"image\/jpeg"}],"twitter_card":"summary_large_image","schema":{"@context":"https:\/\/schema.org","@graph":[{"@type":"WebPage","@id":"https:\/\/planetetennis.fr\/product\/debardeur-crew-gradiant-tank-rose\/","url":"https:\/\/planetetennis.fr\/product\/debardeur-crew-gradiant-tank-rose\/","name":"D\u00e9bardeur Crew Gradiant Tank Rose - Planetetennis","isPartOf":{"@id":"https:\/\/planetetennis.fr\/#website"},"primaryImageOfPage":{"@id":"https:\/\/planetetennis.fr\/product\/debardeur-crew-gradiant-tank-rose\/#primaryimage"},"image":{"@id":"https:\/\/planetetennis.fr\/product\/debardeur-crew-gradiant-tank-rose\/#primaryimage"},"thumbnailUrl":"https:\/\/planetetennis.fr\/wp-content\/uploads\/2023\/04\/W1580003-PKWH-1.jpg","datePublished":"2023-04-14T12:36:41+00:00","dateModified":"2024-01-04T08:40:42+00:00","description":"Ce d\u00e9bardeur Crew Gradiant au design classique \u00e0 dos nageur garantit une libert\u00e9 de mouvement optimale au niveau des \u00e9paules. Le d\u00e9bardeur a une coupe ajust\u00e9e et pr\u00e8s du corps.Le mat\u00e9riau vous garde agr\u00e9ablement au sec gr\u00e2ce \u00e0 sa structure en maille l\u00e9g\u00e8re et ses propri\u00e9t\u00e9s douces et fluides garantissent un confort de port optimal. Le polyester de cet article est fabriqu\u00e9 \u00e0 partir de fibres recycl\u00e9es.","breadcrumb":{"@id":"https:\/\/planetetennis.fr\/product\/debardeur-crew-gradiant-tank-rose\/#breadcrumb"},"inLanguage":"es-ES","potentialAction":[{"@type":"ReadAction","target":["https:\/\/planetetennis.fr\/product\/debardeur-crew-gradiant-tank-rose\/"]}]},{"@type":"ImageObject","inLanguage":"es-ES","@id":"https:\/\/planetetennis.fr\/product\/debardeur-crew-gradiant-tank-rose\/#primaryimage","url":"https:\/\/planetetennis.fr\/wp-content\/uploads\/2023\/04\/W1580003-PKWH-1.jpg","contentUrl":"https:\/\/planetetennis.fr\/wp-content\/uploads\/2023\/04\/W1580003-PKWH-1.jpg","width":800,"height":1000},{"@type":"BreadcrumbList","@id":"https:\/\/planetetennis.fr\/product\/debardeur-crew-gradiant-tank-rose\/#breadcrumb","itemListElement":[{"@type":"ListItem","position":1,"name":"Accueil","item":"https:\/\/planetetennis.fr\/"},{"@type":"ListItem","position":2,"name":"Nos produits","item":"https:\/\/planetetennis.fr\/produits\/"},{"@type":"ListItem","position":3,"name":"D\u00e9bardeur Crew Gradiant Tank Rose"}]},{"@type":"WebSite","@id":"https:\/\/planetetennis.fr\/#website","url":"https:\/\/planetetennis.fr\/","name":"Planeta tenis","description":"Cordages de tennis monofilament fran\u00e7ais","publisher":{"@id":"https:\/\/planetetennis.fr\/#organization"},"potentialAction":[{"@type":"SearchAction","target":{"@type":"EntryPoint","urlTemplate":"https:\/\/planetetennis.fr\/?s={search_term_string}"},"query-input":{"@type":"PropertyValueSpecification","valueRequired":true,"valueName":"search_term_string"}}],"inLanguage":"es-ES"},{"@type":"Organization","@id":"https:\/\/planetetennis.fr\/#organization","name":"Planeta tenis","url":"https:\/\/planetetennis.fr\/","logo":{"@type":"ImageObject","inLanguage":"es-ES","@id":"https:\/\/planetetennis.fr\/#\/schema\/logo\/image\/","url":"https:\/\/planetetennis.fr\/wp-content\/uploads\/2021\/10\/logocolor03.png","contentUrl":"https:\/\/planetetennis.fr\/wp-content\/uploads\/2021\/10\/logocolor03.png","width":230,"height":58,"caption":"Planetetennis"},"image":{"@id":"https:\/\/planetetennis.fr\/#\/schema\/logo\/image\/"}}]}},"_links":{"self":[{"href":"https:\/\/planetetennis.fr\/es\/wp-json\/wp\/v2\/product\/15028","targetHints":{"allow":["GET"]}}],"collection":[{"href":"https:\/\/planetetennis.fr\/es\/wp-json\/wp\/v2\/product"}],"about":[{"href":"https:\/\/planetetennis.fr\/es\/wp-json\/wp\/v2\/types\/product"}],"replies":[{"embeddable":true,"href":"https:\/\/planetetennis.fr\/es\/wp-json\/wp\/v2\/comments?post=15028"}],"wp:featuredmedia":[{"embeddable":true,"href":"https:\/\/planetetennis.fr\/es\/wp-json\/wp\/v2\/media\/15007"}],"wp:attachment":[{"href":"https:\/\/planetetennis.fr\/es\/wp-json\/wp\/v2\/media?parent=15028"}],"wp:term":[{"taxonomy":"product_brand","embeddable":true,"href":"https:\/\/planetetennis.fr\/es\/wp-json\/wp\/v2\/product_brand?post=15028"},{"taxonomy":"product_cat","embeddable":true,"href":"https:\/\/planetetennis.fr\/es\/wp-json\/wp\/v2\/product_cat?post=15028"},{"taxonomy":"product_tag","embeddable":true,"href":"https:\/\/planetetennis.fr\/es\/wp-json\/wp\/v2\/product_tag?post=15028"}],"curies":[{"name":"wp","href":"https:\/\/api.w.org\/{rel}","templated":true}]}}