{"id":15047,"date":"2023-04-14T12:54:51","date_gmt":"2023-04-14T12:54:51","guid":{"rendered":"https:\/\/planetetennis.fr\/?post_type=product&#038;p=15047"},"modified":"2024-01-04T08:43:20","modified_gmt":"2024-01-04T08:43:20","slug":"tee-shirt-crew-gradiant-tee-aqua","status":"publish","type":"product","link":"https:\/\/planetetennis.fr\/es\/product\/tee-shirt-crew-gradiant-tee-aqua\/","title":{"rendered":"Tee-Shirt Crew Gradiant Tee Aqua"},"content":{"rendered":"<p id=\"tw-target-text\" class=\"tw-data-text tw-text-large tw-ta\" dir=\"ltr\" data-placeholder=\"Traduction\"><span class=\"Y2IQFc\" lang=\"fr\">Le mat\u00e9riau respirant \u00e0 s\u00e9chage rapide assure une circulation d\u2019air optimale. Il est fabriqu\u00e9 \u00e0 partir de fibres de polyester recycl\u00e9es.<\/span><\/p>","protected":false},"excerpt":{"rendered":"<p id=\"tw-target-text\" class=\"tw-data-text tw-text-large tw-ta\" dir=\"ltr\" data-placeholder=\"Traduction\"><span class=\"Y2IQFc\" lang=\"fr\">Ce tee-shirt Crew Gradiant fait partie des v\u00eatements d&#8217;\u00e9quipe Bidi Badu et est un incontournable absolu. Gr\u00e2ce \u00e0 sa coupe classique et sa coupe cintr\u00e9e et ajust\u00e9e, il garantit un confort sans restriction. Un ourlet arrondi n&#8217;est pas seulement un point fort visuel, il assure \u00e9galement un ajustement optimal, quel que soit le bas. <\/span><\/p>","protected":false},"featured_media":15016,"comment_status":"open","ping_status":"closed","template":"","meta":{"_monsterinsights_skip_tracking":false,"_monsterinsights_sitenote_active":false,"_monsterinsights_sitenote_note":"","_monsterinsights_sitenote_category":0},"product_brand":[],"product_cat":[524,563,442,476,475,516],"product_tag":[],"class_list":{"0":"post-15047","1":"product","2":"type-product","3":"status-publish","4":"has-post-thumbnail","6":"product_cat-tee-shirt-femme-vetements-fitness","7":"product_cat-tee-shirt-debardeur","8":"product_cat-bidi-badu-store","9":"product_cat-vetements-fitness","10":"product_cat-vetements-tennis","11":"product_cat-femme-vetements-fitness","13":"first","14":"instock","15":"taxable","16":"shipping-taxable","17":"purchasable","18":"product-type-variable"},"yoast_head":"<!-- This site is optimized with the Yoast SEO plugin v27.5 - https:\/\/yoast.com\/product\/yoast-seo-wordpress\/ -->\n<title>Tee-Shirt Crew Gradiant Tee Aqua - Planetetennis<\/title>\n<meta name=\"description\" content=\"Le Crew Gradiant Tee fait partie des v\u00eatements d&#039;\u00e9quipe Bidi Badu et est un incontournable absolu. Gr\u00e2ce \u00e0 sa coupe classique et sa coupe cintr\u00e9e et ajust\u00e9e, il garantit un confort sans restriction. Un ourlet arrondi n&#039;est pas seulement un point fort visuel, il assure \u00e9galement un ajustement optimal, quel que soit le bas. Le mat\u00e9riau respirant \u00e0 s\u00e9chage rapide assure une circulation d&#039;air optimale. Il est fabriqu\u00e9 \u00e0 partir de fibres de polyester recycl\u00e9es.\" \/>\n<meta name=\"robots\" content=\"index, follow, max-snippet:-1, max-image-preview:large, max-video-preview:-1\" \/>\n<link rel=\"canonical\" href=\"https:\/\/planetetennis.fr\/es\/product\/tee-shirt-crew-gradiant-tee-aqua\/\" \/>\n<meta property=\"og:locale\" content=\"es_ES\" \/>\n<meta property=\"og:type\" content=\"article\" \/>\n<meta property=\"og:title\" content=\"Tee-Shirt Crew Gradiant Tee Aqua - Planetetennis\" \/>\n<meta property=\"og:description\" content=\"Le Crew Gradiant Tee fait partie des v\u00eatements d&#039;\u00e9quipe Bidi Badu et est un incontournable absolu. Gr\u00e2ce \u00e0 sa coupe classique et sa coupe cintr\u00e9e et ajust\u00e9e, il garantit un confort sans restriction. Un ourlet arrondi n&#039;est pas seulement un point fort visuel, il assure \u00e9galement un ajustement optimal, quel que soit le bas. Le mat\u00e9riau respirant \u00e0 s\u00e9chage rapide assure une circulation d&#039;air optimale. Il est fabriqu\u00e9 \u00e0 partir de fibres de polyester recycl\u00e9es.\" \/>\n<meta property=\"og:url\" content=\"https:\/\/planetetennis.fr\/es\/product\/tee-shirt-crew-gradiant-tee-aqua\/\" \/>\n<meta property=\"og:site_name\" content=\"Planetetennis\" \/>\n<meta property=\"article:modified_time\" content=\"2024-01-04T08:43:20+00:00\" \/>\n<meta property=\"og:image\" content=\"https:\/\/planetetennis.fr\/wp-content\/uploads\/2023\/04\/W1620002-AQWH-1.jpg\" \/>\n\t<meta property=\"og:image:width\" content=\"800\" \/>\n\t<meta property=\"og:image:height\" content=\"1000\" \/>\n\t<meta property=\"og:image:type\" content=\"image\/jpeg\" \/>\n<meta name=\"twitter:card\" content=\"summary_large_image\" \/>\n<script type=\"application\/ld+json\" class=\"yoast-schema-graph\">{\"@context\":\"https:\\\/\\\/schema.org\",\"@graph\":[{\"@type\":\"WebPage\",\"@id\":\"https:\\\/\\\/planetetennis.fr\\\/product\\\/tee-shirt-crew-gradiant-tee-aqua\\\/\",\"url\":\"https:\\\/\\\/planetetennis.fr\\\/product\\\/tee-shirt-crew-gradiant-tee-aqua\\\/\",\"name\":\"Tee-Shirt Crew Gradiant Tee Aqua - Planetetennis\",\"isPartOf\":{\"@id\":\"https:\\\/\\\/planetetennis.fr\\\/#website\"},\"primaryImageOfPage\":{\"@id\":\"https:\\\/\\\/planetetennis.fr\\\/product\\\/tee-shirt-crew-gradiant-tee-aqua\\\/#primaryimage\"},\"image\":{\"@id\":\"https:\\\/\\\/planetetennis.fr\\\/product\\\/tee-shirt-crew-gradiant-tee-aqua\\\/#primaryimage\"},\"thumbnailUrl\":\"https:\\\/\\\/planetetennis.fr\\\/wp-content\\\/uploads\\\/2023\\\/04\\\/W1620002-AQWH-1.jpg\",\"datePublished\":\"2023-04-14T12:54:51+00:00\",\"dateModified\":\"2024-01-04T08:43:20+00:00\",\"description\":\"Le Crew Gradiant Tee fait partie des v\u00eatements d'\u00e9quipe Bidi Badu et est un incontournable absolu. Gr\u00e2ce \u00e0 sa coupe classique et sa coupe cintr\u00e9e et ajust\u00e9e, il garantit un confort sans restriction. Un ourlet arrondi n'est pas seulement un point fort visuel, il assure \u00e9galement un ajustement optimal, quel que soit le bas. Le mat\u00e9riau respirant \u00e0 s\u00e9chage rapide assure une circulation d'air optimale. Il est fabriqu\u00e9 \u00e0 partir de fibres de polyester recycl\u00e9es.\",\"breadcrumb\":{\"@id\":\"https:\\\/\\\/planetetennis.fr\\\/product\\\/tee-shirt-crew-gradiant-tee-aqua\\\/#breadcrumb\"},\"inLanguage\":\"es-ES\",\"potentialAction\":[{\"@type\":\"ReadAction\",\"target\":[\"https:\\\/\\\/planetetennis.fr\\\/product\\\/tee-shirt-crew-gradiant-tee-aqua\\\/\"]}]},{\"@type\":\"ImageObject\",\"inLanguage\":\"es-ES\",\"@id\":\"https:\\\/\\\/planetetennis.fr\\\/product\\\/tee-shirt-crew-gradiant-tee-aqua\\\/#primaryimage\",\"url\":\"https:\\\/\\\/planetetennis.fr\\\/wp-content\\\/uploads\\\/2023\\\/04\\\/W1620002-AQWH-1.jpg\",\"contentUrl\":\"https:\\\/\\\/planetetennis.fr\\\/wp-content\\\/uploads\\\/2023\\\/04\\\/W1620002-AQWH-1.jpg\",\"width\":800,\"height\":1000},{\"@type\":\"BreadcrumbList\",\"@id\":\"https:\\\/\\\/planetetennis.fr\\\/product\\\/tee-shirt-crew-gradiant-tee-aqua\\\/#breadcrumb\",\"itemListElement\":[{\"@type\":\"ListItem\",\"position\":1,\"name\":\"Accueil\",\"item\":\"https:\\\/\\\/planetetennis.fr\\\/\"},{\"@type\":\"ListItem\",\"position\":2,\"name\":\"Nos produits\",\"item\":\"https:\\\/\\\/planetetennis.fr\\\/produits\\\/\"},{\"@type\":\"ListItem\",\"position\":3,\"name\":\"Tee-Shirt Crew Gradiant Tee Aqua\"}]},{\"@type\":\"WebSite\",\"@id\":\"https:\\\/\\\/planetetennis.fr\\\/#website\",\"url\":\"https:\\\/\\\/planetetennis.fr\\\/\",\"name\":\"Planetetennis\",\"description\":\"Cordages de tennis monofilament fran\u00e7ais\",\"publisher\":{\"@id\":\"https:\\\/\\\/planetetennis.fr\\\/#organization\"},\"potentialAction\":[{\"@type\":\"SearchAction\",\"target\":{\"@type\":\"EntryPoint\",\"urlTemplate\":\"https:\\\/\\\/planetetennis.fr\\\/?s={search_term_string}\"},\"query-input\":{\"@type\":\"PropertyValueSpecification\",\"valueRequired\":true,\"valueName\":\"search_term_string\"}}],\"inLanguage\":\"es-ES\"},{\"@type\":\"Organization\",\"@id\":\"https:\\\/\\\/planetetennis.fr\\\/#organization\",\"name\":\"Planetetennis\",\"url\":\"https:\\\/\\\/planetetennis.fr\\\/\",\"logo\":{\"@type\":\"ImageObject\",\"inLanguage\":\"es-ES\",\"@id\":\"https:\\\/\\\/planetetennis.fr\\\/#\\\/schema\\\/logo\\\/image\\\/\",\"url\":\"https:\\\/\\\/planetetennis.fr\\\/wp-content\\\/uploads\\\/2021\\\/10\\\/logocolor03.png\",\"contentUrl\":\"https:\\\/\\\/planetetennis.fr\\\/wp-content\\\/uploads\\\/2021\\\/10\\\/logocolor03.png\",\"width\":230,\"height\":58,\"caption\":\"Planetetennis\"},\"image\":{\"@id\":\"https:\\\/\\\/planetetennis.fr\\\/#\\\/schema\\\/logo\\\/image\\\/\"}}]}<\/script>\n<!-- \/ Yoast SEO plugin. -->","yoast_head_json":{"title":"Tee-Shirt Crew Gradiant Tee Aqua - Planetetennis","description":"Le Crew Gradiant Tee fait partie des v\u00eatements d'\u00e9quipe Bidi Badu et est un incontournable absolu. Gr\u00e2ce \u00e0 sa coupe classique et sa coupe cintr\u00e9e et ajust\u00e9e, il garantit un confort sans restriction. Un ourlet arrondi n'est pas seulement un point fort visuel, il assure \u00e9galement un ajustement optimal, quel que soit le bas. Le mat\u00e9riau respirant \u00e0 s\u00e9chage rapide assure une circulation d'air optimale. Il est fabriqu\u00e9 \u00e0 partir de fibres de polyester recycl\u00e9es.","robots":{"index":"index","follow":"follow","max-snippet":"max-snippet:-1","max-image-preview":"max-image-preview:large","max-video-preview":"max-video-preview:-1"},"canonical":"https:\/\/planetetennis.fr\/es\/product\/tee-shirt-crew-gradiant-tee-aqua\/","og_locale":"es_ES","og_type":"article","og_title":"Tee-Shirt Crew Gradiant Tee Aqua - Planetetennis","og_description":"Le Crew Gradiant Tee fait partie des v\u00eatements d'\u00e9quipe Bidi Badu et est un incontournable absolu. Gr\u00e2ce \u00e0 sa coupe classique et sa coupe cintr\u00e9e et ajust\u00e9e, il garantit un confort sans restriction. Un ourlet arrondi n'est pas seulement un point fort visuel, il assure \u00e9galement un ajustement optimal, quel que soit le bas. Le mat\u00e9riau respirant \u00e0 s\u00e9chage rapide assure une circulation d'air optimale. Il est fabriqu\u00e9 \u00e0 partir de fibres de polyester recycl\u00e9es.","og_url":"https:\/\/planetetennis.fr\/es\/product\/tee-shirt-crew-gradiant-tee-aqua\/","og_site_name":"Planetetennis","article_modified_time":"2024-01-04T08:43:20+00:00","og_image":[{"width":800,"height":1000,"url":"https:\/\/planetetennis.fr\/wp-content\/uploads\/2023\/04\/W1620002-AQWH-1.jpg","type":"image\/jpeg"}],"twitter_card":"summary_large_image","schema":{"@context":"https:\/\/schema.org","@graph":[{"@type":"WebPage","@id":"https:\/\/planetetennis.fr\/product\/tee-shirt-crew-gradiant-tee-aqua\/","url":"https:\/\/planetetennis.fr\/product\/tee-shirt-crew-gradiant-tee-aqua\/","name":"Tee-Shirt Crew Gradiant Tee Aqua - Planetetennis","isPartOf":{"@id":"https:\/\/planetetennis.fr\/#website"},"primaryImageOfPage":{"@id":"https:\/\/planetetennis.fr\/product\/tee-shirt-crew-gradiant-tee-aqua\/#primaryimage"},"image":{"@id":"https:\/\/planetetennis.fr\/product\/tee-shirt-crew-gradiant-tee-aqua\/#primaryimage"},"thumbnailUrl":"https:\/\/planetetennis.fr\/wp-content\/uploads\/2023\/04\/W1620002-AQWH-1.jpg","datePublished":"2023-04-14T12:54:51+00:00","dateModified":"2024-01-04T08:43:20+00:00","description":"Le Crew Gradiant Tee fait partie des v\u00eatements d'\u00e9quipe Bidi Badu et est un incontournable absolu. Gr\u00e2ce \u00e0 sa coupe classique et sa coupe cintr\u00e9e et ajust\u00e9e, il garantit un confort sans restriction. Un ourlet arrondi n'est pas seulement un point fort visuel, il assure \u00e9galement un ajustement optimal, quel que soit le bas. Le mat\u00e9riau respirant \u00e0 s\u00e9chage rapide assure une circulation d'air optimale. Il est fabriqu\u00e9 \u00e0 partir de fibres de polyester recycl\u00e9es.","breadcrumb":{"@id":"https:\/\/planetetennis.fr\/product\/tee-shirt-crew-gradiant-tee-aqua\/#breadcrumb"},"inLanguage":"es-ES","potentialAction":[{"@type":"ReadAction","target":["https:\/\/planetetennis.fr\/product\/tee-shirt-crew-gradiant-tee-aqua\/"]}]},{"@type":"ImageObject","inLanguage":"es-ES","@id":"https:\/\/planetetennis.fr\/product\/tee-shirt-crew-gradiant-tee-aqua\/#primaryimage","url":"https:\/\/planetetennis.fr\/wp-content\/uploads\/2023\/04\/W1620002-AQWH-1.jpg","contentUrl":"https:\/\/planetetennis.fr\/wp-content\/uploads\/2023\/04\/W1620002-AQWH-1.jpg","width":800,"height":1000},{"@type":"BreadcrumbList","@id":"https:\/\/planetetennis.fr\/product\/tee-shirt-crew-gradiant-tee-aqua\/#breadcrumb","itemListElement":[{"@type":"ListItem","position":1,"name":"Accueil","item":"https:\/\/planetetennis.fr\/"},{"@type":"ListItem","position":2,"name":"Nos produits","item":"https:\/\/planetetennis.fr\/produits\/"},{"@type":"ListItem","position":3,"name":"Tee-Shirt Crew Gradiant Tee Aqua"}]},{"@type":"WebSite","@id":"https:\/\/planetetennis.fr\/#website","url":"https:\/\/planetetennis.fr\/","name":"Planeta tenis","description":"Cordages de tennis monofilament fran\u00e7ais","publisher":{"@id":"https:\/\/planetetennis.fr\/#organization"},"potentialAction":[{"@type":"SearchAction","target":{"@type":"EntryPoint","urlTemplate":"https:\/\/planetetennis.fr\/?s={search_term_string}"},"query-input":{"@type":"PropertyValueSpecification","valueRequired":true,"valueName":"search_term_string"}}],"inLanguage":"es-ES"},{"@type":"Organization","@id":"https:\/\/planetetennis.fr\/#organization","name":"Planeta tenis","url":"https:\/\/planetetennis.fr\/","logo":{"@type":"ImageObject","inLanguage":"es-ES","@id":"https:\/\/planetetennis.fr\/#\/schema\/logo\/image\/","url":"https:\/\/planetetennis.fr\/wp-content\/uploads\/2021\/10\/logocolor03.png","contentUrl":"https:\/\/planetetennis.fr\/wp-content\/uploads\/2021\/10\/logocolor03.png","width":230,"height":58,"caption":"Planetetennis"},"image":{"@id":"https:\/\/planetetennis.fr\/#\/schema\/logo\/image\/"}}]}},"_links":{"self":[{"href":"https:\/\/planetetennis.fr\/es\/wp-json\/wp\/v2\/product\/15047","targetHints":{"allow":["GET"]}}],"collection":[{"href":"https:\/\/planetetennis.fr\/es\/wp-json\/wp\/v2\/product"}],"about":[{"href":"https:\/\/planetetennis.fr\/es\/wp-json\/wp\/v2\/types\/product"}],"replies":[{"embeddable":true,"href":"https:\/\/planetetennis.fr\/es\/wp-json\/wp\/v2\/comments?post=15047"}],"wp:featuredmedia":[{"embeddable":true,"href":"https:\/\/planetetennis.fr\/es\/wp-json\/wp\/v2\/media\/15016"}],"wp:attachment":[{"href":"https:\/\/planetetennis.fr\/es\/wp-json\/wp\/v2\/media?parent=15047"}],"wp:term":[{"taxonomy":"product_brand","embeddable":true,"href":"https:\/\/planetetennis.fr\/es\/wp-json\/wp\/v2\/product_brand?post=15047"},{"taxonomy":"product_cat","embeddable":true,"href":"https:\/\/planetetennis.fr\/es\/wp-json\/wp\/v2\/product_cat?post=15047"},{"taxonomy":"product_tag","embeddable":true,"href":"https:\/\/planetetennis.fr\/es\/wp-json\/wp\/v2\/product_tag?post=15047"}],"curies":[{"name":"wp","href":"https:\/\/api.w.org\/{rel}","templated":true}]}}