{"id":15069,"date":"2023-04-14T13:26:53","date_gmt":"2023-04-14T13:26:53","guid":{"rendered":"https:\/\/planetetennis.fr\/?post_type=product&#038;p=15069"},"modified":"2024-01-04T02:40:47","modified_gmt":"2024-01-04T02:40:47","slug":"tee-shirt-crew-gradiant-tee-men-rouge","status":"publish","type":"product","link":"https:\/\/planetetennis.fr\/es\/product\/tee-shirt-crew-gradiant-tee-men-rouge\/","title":{"rendered":"Tee-Shirt Crew Gradiant Tee Men Rouge"},"content":{"rendered":"<p><span class=\"Y2IQFc\" lang=\"fr\">La combinaison d\u2019un mat\u00e9riau de structure opaque a\u00e9r\u00e9 et d\u2019une fonction d\u2019absorption de l\u2019humidit\u00e9 vous procure une sensation de fra\u00eecheur et de fra\u00eecheur, quelle que soit la duret\u00e9 de l\u2019allumette. Vous \u00eates assur\u00e9 de surpasser votre adversaire. Et le plus de cette chemise : le polyester utilis\u00e9 est issu de fibres recycl\u00e9es. Vous faites donc quelque chose de bien pour l\u2019environnement en m\u00eame temps !<\/span><\/p>","protected":false},"excerpt":{"rendered":"<p><span class=\"Y2IQFc\" lang=\"fr\">Votre \u00e9quipe est \u00e0 la recherche d&#8217;une nouvelle tenue ? Mais vous ne voulez pas le m\u00eame look monochrome ennuyeux que tant d&#8217;autres ? Alors ce T-shirt est le choix parfait ! Les couleurs classiques de l&#8217;\u00e9quipe sont combin\u00e9es avec un d\u00e9grad\u00e9 de couleurs typique de BIDI BADU, donnant \u00e0 votre \u00e9quipe la possibilit\u00e9 de se d\u00e9marquer de la foule. Ce t-shirt \u00e0 col rond fait partie de la collection BIDI BADU Crew. La coupe ergonomique et pr\u00e8s du corps vous procure une sensation de confort optimale. De plus, la coupe vous offre une totale libert\u00e9 de mouvement au niveau des \u00e9paules.<\/span><\/p>","protected":false},"featured_media":15064,"comment_status":"open","ping_status":"closed","template":"","meta":{"_monsterinsights_skip_tracking":false,"_monsterinsights_sitenote_active":false,"_monsterinsights_sitenote_note":"","_monsterinsights_sitenote_category":0},"product_brand":[],"product_cat":[484,518,442,476,475,479],"product_tag":[],"class_list":{"0":"post-15069","1":"product","2":"type-product","3":"status-publish","4":"has-post-thumbnail","6":"product_cat-tee-shirt","7":"product_cat-tee-shirt-homme-vetements-fitness","8":"product_cat-bidi-badu-store","9":"product_cat-vetements-fitness","10":"product_cat-vetements-tennis","11":"product_cat-homme-vetements-tennis","13":"first","14":"instock","15":"taxable","16":"shipping-taxable","17":"purchasable","18":"product-type-variable"},"yoast_head":"<!-- This site is optimized with the Yoast SEO plugin v27.5 - https:\/\/yoast.com\/product\/yoast-seo-wordpress\/ -->\n<title>Tee-Shirt Crew Gradiant Tee Men Rouge - Planetetennis<\/title>\n<meta name=\"description\" content=\"Votre \u00e9quipe est \u00e0 la recherche d&#039;une nouvelle tenue ? Mais vous ne voulez pas le m\u00eame look monochrome ennuyeux que tant d&#039;autres ? Alors ce T-shirt est le choix parfait !Les couleurs classiques de l&#039;\u00e9quipe sont combin\u00e9es avec un d\u00e9grad\u00e9 de couleurs typique de BIDI BADU, donnant \u00e0 votre \u00e9quipe la possibilit\u00e9 de se d\u00e9marquer de la foule.Ce t-shirt \u00e0 col rond fait partie de la collection BIDI BADU Crew.La coupe ergonomique et pr\u00e8s du corps vous procure une sensation de confort optimale. De plus, la coupe vous offre une totale libert\u00e9 de mouvement au niveau des \u00e9paules.La combinaison d&#039;un mat\u00e9riau de structure opaque a\u00e9r\u00e9 et d&#039;une fonction d&#039;absorption de l&#039;humidit\u00e9 vous procure une sensation de fra\u00eecheur et de fra\u00eecheur, quelle que soit la duret\u00e9 de l&#039;allumette.Vous \u00eates assur\u00e9 de surpasser votre adversaire.Et le plus de cette chemise : le polyester utilis\u00e9 est issu de fibres recycl\u00e9es. Vous faites donc quelque chose de bien pour l&#039;environnement en m\u00eame temps !\" \/>\n<meta name=\"robots\" content=\"index, follow, max-snippet:-1, max-image-preview:large, max-video-preview:-1\" \/>\n<link rel=\"canonical\" href=\"https:\/\/planetetennis.fr\/es\/product\/tee-shirt-crew-gradiant-tee-men-rouge\/\" \/>\n<meta property=\"og:locale\" content=\"es_ES\" \/>\n<meta property=\"og:type\" content=\"article\" \/>\n<meta property=\"og:title\" content=\"Tee-Shirt Crew Gradiant Tee Men Rouge - Planetetennis\" \/>\n<meta property=\"og:description\" content=\"Votre \u00e9quipe est \u00e0 la recherche d&#039;une nouvelle tenue ? Mais vous ne voulez pas le m\u00eame look monochrome ennuyeux que tant d&#039;autres ? Alors ce T-shirt est le choix parfait !Les couleurs classiques de l&#039;\u00e9quipe sont combin\u00e9es avec un d\u00e9grad\u00e9 de couleurs typique de BIDI BADU, donnant \u00e0 votre \u00e9quipe la possibilit\u00e9 de se d\u00e9marquer de la foule.Ce t-shirt \u00e0 col rond fait partie de la collection BIDI BADU Crew.La coupe ergonomique et pr\u00e8s du corps vous procure une sensation de confort optimale. De plus, la coupe vous offre une totale libert\u00e9 de mouvement au niveau des \u00e9paules.La combinaison d&#039;un mat\u00e9riau de structure opaque a\u00e9r\u00e9 et d&#039;une fonction d&#039;absorption de l&#039;humidit\u00e9 vous procure une sensation de fra\u00eecheur et de fra\u00eecheur, quelle que soit la duret\u00e9 de l&#039;allumette.Vous \u00eates assur\u00e9 de surpasser votre adversaire.Et le plus de cette chemise : le polyester utilis\u00e9 est issu de fibres recycl\u00e9es. Vous faites donc quelque chose de bien pour l&#039;environnement en m\u00eame temps !\" \/>\n<meta property=\"og:url\" content=\"https:\/\/planetetennis.fr\/es\/product\/tee-shirt-crew-gradiant-tee-men-rouge\/\" \/>\n<meta property=\"og:site_name\" content=\"Planetetennis\" \/>\n<meta property=\"article:modified_time\" content=\"2024-01-04T02:40:47+00:00\" \/>\n<meta property=\"og:image\" content=\"https:\/\/planetetennis.fr\/wp-content\/uploads\/2023\/04\/M1620003-RDWH-1.jpg\" \/>\n\t<meta property=\"og:image:width\" content=\"800\" \/>\n\t<meta property=\"og:image:height\" content=\"1000\" \/>\n\t<meta property=\"og:image:type\" content=\"image\/jpeg\" \/>\n<meta name=\"twitter:card\" content=\"summary_large_image\" \/>\n<script type=\"application\/ld+json\" class=\"yoast-schema-graph\">{\"@context\":\"https:\\\/\\\/schema.org\",\"@graph\":[{\"@type\":\"WebPage\",\"@id\":\"https:\\\/\\\/planetetennis.fr\\\/product\\\/tee-shirt-crew-gradiant-tee-men-rouge\\\/\",\"url\":\"https:\\\/\\\/planetetennis.fr\\\/product\\\/tee-shirt-crew-gradiant-tee-men-rouge\\\/\",\"name\":\"Tee-Shirt Crew Gradiant Tee Men Rouge - Planetetennis\",\"isPartOf\":{\"@id\":\"https:\\\/\\\/planetetennis.fr\\\/#website\"},\"primaryImageOfPage\":{\"@id\":\"https:\\\/\\\/planetetennis.fr\\\/product\\\/tee-shirt-crew-gradiant-tee-men-rouge\\\/#primaryimage\"},\"image\":{\"@id\":\"https:\\\/\\\/planetetennis.fr\\\/product\\\/tee-shirt-crew-gradiant-tee-men-rouge\\\/#primaryimage\"},\"thumbnailUrl\":\"https:\\\/\\\/planetetennis.fr\\\/wp-content\\\/uploads\\\/2023\\\/04\\\/M1620003-RDWH-1.jpg\",\"datePublished\":\"2023-04-14T13:26:53+00:00\",\"dateModified\":\"2024-01-04T02:40:47+00:00\",\"description\":\"Votre \u00e9quipe est \u00e0 la recherche d'une nouvelle tenue ? Mais vous ne voulez pas le m\u00eame look monochrome ennuyeux que tant d'autres ? Alors ce T-shirt est le choix parfait !Les couleurs classiques de l'\u00e9quipe sont combin\u00e9es avec un d\u00e9grad\u00e9 de couleurs typique de BIDI BADU, donnant \u00e0 votre \u00e9quipe la possibilit\u00e9 de se d\u00e9marquer de la foule.Ce t-shirt \u00e0 col rond fait partie de la collection BIDI BADU Crew.La coupe ergonomique et pr\u00e8s du corps vous procure une sensation de confort optimale. De plus, la coupe vous offre une totale libert\u00e9 de mouvement au niveau des \u00e9paules.La combinaison d'un mat\u00e9riau de structure opaque a\u00e9r\u00e9 et d'une fonction d'absorption de l'humidit\u00e9 vous procure une sensation de fra\u00eecheur et de fra\u00eecheur, quelle que soit la duret\u00e9 de l'allumette.Vous \u00eates assur\u00e9 de surpasser votre adversaire.Et le plus de cette chemise : le polyester utilis\u00e9 est issu de fibres recycl\u00e9es. Vous faites donc quelque chose de bien pour l'environnement en m\u00eame temps !\",\"breadcrumb\":{\"@id\":\"https:\\\/\\\/planetetennis.fr\\\/product\\\/tee-shirt-crew-gradiant-tee-men-rouge\\\/#breadcrumb\"},\"inLanguage\":\"es-ES\",\"potentialAction\":[{\"@type\":\"ReadAction\",\"target\":[\"https:\\\/\\\/planetetennis.fr\\\/product\\\/tee-shirt-crew-gradiant-tee-men-rouge\\\/\"]}]},{\"@type\":\"ImageObject\",\"inLanguage\":\"es-ES\",\"@id\":\"https:\\\/\\\/planetetennis.fr\\\/product\\\/tee-shirt-crew-gradiant-tee-men-rouge\\\/#primaryimage\",\"url\":\"https:\\\/\\\/planetetennis.fr\\\/wp-content\\\/uploads\\\/2023\\\/04\\\/M1620003-RDWH-1.jpg\",\"contentUrl\":\"https:\\\/\\\/planetetennis.fr\\\/wp-content\\\/uploads\\\/2023\\\/04\\\/M1620003-RDWH-1.jpg\",\"width\":800,\"height\":1000},{\"@type\":\"BreadcrumbList\",\"@id\":\"https:\\\/\\\/planetetennis.fr\\\/product\\\/tee-shirt-crew-gradiant-tee-men-rouge\\\/#breadcrumb\",\"itemListElement\":[{\"@type\":\"ListItem\",\"position\":1,\"name\":\"Accueil\",\"item\":\"https:\\\/\\\/planetetennis.fr\\\/\"},{\"@type\":\"ListItem\",\"position\":2,\"name\":\"Nos produits\",\"item\":\"https:\\\/\\\/planetetennis.fr\\\/produits\\\/\"},{\"@type\":\"ListItem\",\"position\":3,\"name\":\"Tee-Shirt Crew Gradiant Tee Men Rouge\"}]},{\"@type\":\"WebSite\",\"@id\":\"https:\\\/\\\/planetetennis.fr\\\/#website\",\"url\":\"https:\\\/\\\/planetetennis.fr\\\/\",\"name\":\"Planetetennis\",\"description\":\"Cordages de tennis monofilament fran\u00e7ais\",\"publisher\":{\"@id\":\"https:\\\/\\\/planetetennis.fr\\\/#organization\"},\"potentialAction\":[{\"@type\":\"SearchAction\",\"target\":{\"@type\":\"EntryPoint\",\"urlTemplate\":\"https:\\\/\\\/planetetennis.fr\\\/?s={search_term_string}\"},\"query-input\":{\"@type\":\"PropertyValueSpecification\",\"valueRequired\":true,\"valueName\":\"search_term_string\"}}],\"inLanguage\":\"es-ES\"},{\"@type\":\"Organization\",\"@id\":\"https:\\\/\\\/planetetennis.fr\\\/#organization\",\"name\":\"Planetetennis\",\"url\":\"https:\\\/\\\/planetetennis.fr\\\/\",\"logo\":{\"@type\":\"ImageObject\",\"inLanguage\":\"es-ES\",\"@id\":\"https:\\\/\\\/planetetennis.fr\\\/#\\\/schema\\\/logo\\\/image\\\/\",\"url\":\"https:\\\/\\\/planetetennis.fr\\\/wp-content\\\/uploads\\\/2021\\\/10\\\/logocolor03.png\",\"contentUrl\":\"https:\\\/\\\/planetetennis.fr\\\/wp-content\\\/uploads\\\/2021\\\/10\\\/logocolor03.png\",\"width\":230,\"height\":58,\"caption\":\"Planetetennis\"},\"image\":{\"@id\":\"https:\\\/\\\/planetetennis.fr\\\/#\\\/schema\\\/logo\\\/image\\\/\"}}]}<\/script>\n<!-- \/ Yoast SEO plugin. -->","yoast_head_json":{"title":"Tee-Shirt Crew Gradiant Tee Men Rouge - Planetetennis","description":"Votre \u00e9quipe est \u00e0 la recherche d'une nouvelle tenue ? Mais vous ne voulez pas le m\u00eame look monochrome ennuyeux que tant d'autres ? Alors ce T-shirt est le choix parfait !Les couleurs classiques de l'\u00e9quipe sont combin\u00e9es avec un d\u00e9grad\u00e9 de couleurs typique de BIDI BADU, donnant \u00e0 votre \u00e9quipe la possibilit\u00e9 de se d\u00e9marquer de la foule.Ce t-shirt \u00e0 col rond fait partie de la collection BIDI BADU Crew.La coupe ergonomique et pr\u00e8s du corps vous procure une sensation de confort optimale. De plus, la coupe vous offre une totale libert\u00e9 de mouvement au niveau des \u00e9paules.La combinaison d'un mat\u00e9riau de structure opaque a\u00e9r\u00e9 et d'une fonction d'absorption de l'humidit\u00e9 vous procure une sensation de fra\u00eecheur et de fra\u00eecheur, quelle que soit la duret\u00e9 de l'allumette.Vous \u00eates assur\u00e9 de surpasser votre adversaire.Et le plus de cette chemise : le polyester utilis\u00e9 est issu de fibres recycl\u00e9es. Vous faites donc quelque chose de bien pour l'environnement en m\u00eame temps !","robots":{"index":"index","follow":"follow","max-snippet":"max-snippet:-1","max-image-preview":"max-image-preview:large","max-video-preview":"max-video-preview:-1"},"canonical":"https:\/\/planetetennis.fr\/es\/product\/tee-shirt-crew-gradiant-tee-men-rouge\/","og_locale":"es_ES","og_type":"article","og_title":"Tee-Shirt Crew Gradiant Tee Men Rouge - Planetetennis","og_description":"Votre \u00e9quipe est \u00e0 la recherche d'une nouvelle tenue ? Mais vous ne voulez pas le m\u00eame look monochrome ennuyeux que tant d'autres ? Alors ce T-shirt est le choix parfait !Les couleurs classiques de l'\u00e9quipe sont combin\u00e9es avec un d\u00e9grad\u00e9 de couleurs typique de BIDI BADU, donnant \u00e0 votre \u00e9quipe la possibilit\u00e9 de se d\u00e9marquer de la foule.Ce t-shirt \u00e0 col rond fait partie de la collection BIDI BADU Crew.La coupe ergonomique et pr\u00e8s du corps vous procure une sensation de confort optimale. De plus, la coupe vous offre une totale libert\u00e9 de mouvement au niveau des \u00e9paules.La combinaison d'un mat\u00e9riau de structure opaque a\u00e9r\u00e9 et d'une fonction d'absorption de l'humidit\u00e9 vous procure une sensation de fra\u00eecheur et de fra\u00eecheur, quelle que soit la duret\u00e9 de l'allumette.Vous \u00eates assur\u00e9 de surpasser votre adversaire.Et le plus de cette chemise : le polyester utilis\u00e9 est issu de fibres recycl\u00e9es. Vous faites donc quelque chose de bien pour l'environnement en m\u00eame temps !","og_url":"https:\/\/planetetennis.fr\/es\/product\/tee-shirt-crew-gradiant-tee-men-rouge\/","og_site_name":"Planetetennis","article_modified_time":"2024-01-04T02:40:47+00:00","og_image":[{"width":800,"height":1000,"url":"https:\/\/planetetennis.fr\/wp-content\/uploads\/2023\/04\/M1620003-RDWH-1.jpg","type":"image\/jpeg"}],"twitter_card":"summary_large_image","schema":{"@context":"https:\/\/schema.org","@graph":[{"@type":"WebPage","@id":"https:\/\/planetetennis.fr\/product\/tee-shirt-crew-gradiant-tee-men-rouge\/","url":"https:\/\/planetetennis.fr\/product\/tee-shirt-crew-gradiant-tee-men-rouge\/","name":"Tee-Shirt Crew Gradiant Tee Men Rouge - Planetetennis","isPartOf":{"@id":"https:\/\/planetetennis.fr\/#website"},"primaryImageOfPage":{"@id":"https:\/\/planetetennis.fr\/product\/tee-shirt-crew-gradiant-tee-men-rouge\/#primaryimage"},"image":{"@id":"https:\/\/planetetennis.fr\/product\/tee-shirt-crew-gradiant-tee-men-rouge\/#primaryimage"},"thumbnailUrl":"https:\/\/planetetennis.fr\/wp-content\/uploads\/2023\/04\/M1620003-RDWH-1.jpg","datePublished":"2023-04-14T13:26:53+00:00","dateModified":"2024-01-04T02:40:47+00:00","description":"Votre \u00e9quipe est \u00e0 la recherche d'une nouvelle tenue ? Mais vous ne voulez pas le m\u00eame look monochrome ennuyeux que tant d'autres ? Alors ce T-shirt est le choix parfait !Les couleurs classiques de l'\u00e9quipe sont combin\u00e9es avec un d\u00e9grad\u00e9 de couleurs typique de BIDI BADU, donnant \u00e0 votre \u00e9quipe la possibilit\u00e9 de se d\u00e9marquer de la foule.Ce t-shirt \u00e0 col rond fait partie de la collection BIDI BADU Crew.La coupe ergonomique et pr\u00e8s du corps vous procure une sensation de confort optimale. De plus, la coupe vous offre une totale libert\u00e9 de mouvement au niveau des \u00e9paules.La combinaison d'un mat\u00e9riau de structure opaque a\u00e9r\u00e9 et d'une fonction d'absorption de l'humidit\u00e9 vous procure une sensation de fra\u00eecheur et de fra\u00eecheur, quelle que soit la duret\u00e9 de l'allumette.Vous \u00eates assur\u00e9 de surpasser votre adversaire.Et le plus de cette chemise : le polyester utilis\u00e9 est issu de fibres recycl\u00e9es. Vous faites donc quelque chose de bien pour l'environnement en m\u00eame temps !","breadcrumb":{"@id":"https:\/\/planetetennis.fr\/product\/tee-shirt-crew-gradiant-tee-men-rouge\/#breadcrumb"},"inLanguage":"es-ES","potentialAction":[{"@type":"ReadAction","target":["https:\/\/planetetennis.fr\/product\/tee-shirt-crew-gradiant-tee-men-rouge\/"]}]},{"@type":"ImageObject","inLanguage":"es-ES","@id":"https:\/\/planetetennis.fr\/product\/tee-shirt-crew-gradiant-tee-men-rouge\/#primaryimage","url":"https:\/\/planetetennis.fr\/wp-content\/uploads\/2023\/04\/M1620003-RDWH-1.jpg","contentUrl":"https:\/\/planetetennis.fr\/wp-content\/uploads\/2023\/04\/M1620003-RDWH-1.jpg","width":800,"height":1000},{"@type":"BreadcrumbList","@id":"https:\/\/planetetennis.fr\/product\/tee-shirt-crew-gradiant-tee-men-rouge\/#breadcrumb","itemListElement":[{"@type":"ListItem","position":1,"name":"Accueil","item":"https:\/\/planetetennis.fr\/"},{"@type":"ListItem","position":2,"name":"Nos produits","item":"https:\/\/planetetennis.fr\/produits\/"},{"@type":"ListItem","position":3,"name":"Tee-Shirt Crew Gradiant Tee Men Rouge"}]},{"@type":"WebSite","@id":"https:\/\/planetetennis.fr\/#website","url":"https:\/\/planetetennis.fr\/","name":"Planeta tenis","description":"Cordages de tennis monofilament fran\u00e7ais","publisher":{"@id":"https:\/\/planetetennis.fr\/#organization"},"potentialAction":[{"@type":"SearchAction","target":{"@type":"EntryPoint","urlTemplate":"https:\/\/planetetennis.fr\/?s={search_term_string}"},"query-input":{"@type":"PropertyValueSpecification","valueRequired":true,"valueName":"search_term_string"}}],"inLanguage":"es-ES"},{"@type":"Organization","@id":"https:\/\/planetetennis.fr\/#organization","name":"Planeta tenis","url":"https:\/\/planetetennis.fr\/","logo":{"@type":"ImageObject","inLanguage":"es-ES","@id":"https:\/\/planetetennis.fr\/#\/schema\/logo\/image\/","url":"https:\/\/planetetennis.fr\/wp-content\/uploads\/2021\/10\/logocolor03.png","contentUrl":"https:\/\/planetetennis.fr\/wp-content\/uploads\/2021\/10\/logocolor03.png","width":230,"height":58,"caption":"Planetetennis"},"image":{"@id":"https:\/\/planetetennis.fr\/#\/schema\/logo\/image\/"}}]}},"_links":{"self":[{"href":"https:\/\/planetetennis.fr\/es\/wp-json\/wp\/v2\/product\/15069","targetHints":{"allow":["GET"]}}],"collection":[{"href":"https:\/\/planetetennis.fr\/es\/wp-json\/wp\/v2\/product"}],"about":[{"href":"https:\/\/planetetennis.fr\/es\/wp-json\/wp\/v2\/types\/product"}],"replies":[{"embeddable":true,"href":"https:\/\/planetetennis.fr\/es\/wp-json\/wp\/v2\/comments?post=15069"}],"wp:featuredmedia":[{"embeddable":true,"href":"https:\/\/planetetennis.fr\/es\/wp-json\/wp\/v2\/media\/15064"}],"wp:attachment":[{"href":"https:\/\/planetetennis.fr\/es\/wp-json\/wp\/v2\/media?parent=15069"}],"wp:term":[{"taxonomy":"product_brand","embeddable":true,"href":"https:\/\/planetetennis.fr\/es\/wp-json\/wp\/v2\/product_brand?post=15069"},{"taxonomy":"product_cat","embeddable":true,"href":"https:\/\/planetetennis.fr\/es\/wp-json\/wp\/v2\/product_cat?post=15069"},{"taxonomy":"product_tag","embeddable":true,"href":"https:\/\/planetetennis.fr\/es\/wp-json\/wp\/v2\/product_tag?post=15069"}],"curies":[{"name":"wp","href":"https:\/\/api.w.org\/{rel}","templated":true}]}}