{"id":15195,"date":"2023-05-25T12:48:27","date_gmt":"2023-05-25T12:48:27","guid":{"rendered":"https:\/\/planetetennis.fr\/?post_type=product&#038;p=15195"},"modified":"2024-03-14T04:52:00","modified_gmt":"2024-03-14T04:52:00","slug":"chaussure-joma-lifestyle-princenton-lady-beige","status":"publish","type":"product","link":"https:\/\/planetetennis.fr\/es\/product\/chaussure-joma-lifestyle-princenton-lady-beige\/","title":{"rendered":"Chaussure JOMA Lifestyle Princenton Lady Beige"},"content":{"rendered":"<p>Joma poss\u00e8de aussi leur gamme lifestyle avec ses sublimes chaussures de ville ! Une paire de chaussure blanche pour permettre d\u2019allier vos baskets avec votre tenue !<\/p>","protected":false},"excerpt":{"rendered":"<div class=\"attbox\">\n<div class=\"row\">\n<div class=\"col-sm-12 value content\">\n<p><span>Chaussures d\u00e9contract\u00e9es pour femmes, recommand\u00e9es pour un usage quotidien.\u00a0Avec ces chaussures de sport classiques, vous pouvez porter un look sport tendance tout en vous habillant confortablement.\u00a0De plus, c&#8217;est un mod\u00e8le r\u00e9sistant, con\u00e7u pour durer toute la saison.\u00a0Sa facilit\u00e9 d&#8217;entretien lui permet d&#8217;\u00eatre pr\u00eat en quelques minutes.<\/span><\/p>\n<p><span>La coupe est en mati\u00e8re synth\u00e9tique, accompagn\u00e9e de d\u00e9tails raffin\u00e9s qui se traduisent par une combinaison exclusive de simplicit\u00e9, de confort et de modernit\u00e9.\u00a0Un design minimaliste et moderne qui compl\u00e8te tout look intemporel.<\/span><\/p>\n<p><span>La semelle est en phylon renforc\u00e9 spongieux pour garantir r\u00e9sistance \u00e0 l&#8217;usure et durabilit\u00e9 tout en amortissant l&#8217;empreinte.\u00a0Le r\u00e9sultat est une semelle l\u00e9g\u00e8re qui absorbe les chocs pour que vous puissiez marcher confortablement d&#8217;un c\u00f4t\u00e9 \u00e0 l&#8217;autre.<\/span><\/p>\n<\/div>\n<\/div>\n<\/div>","protected":false},"featured_media":15200,"comment_status":"open","ping_status":"closed","template":"","meta":{"_monsterinsights_skip_tracking":false,"_monsterinsights_sitenote_active":false,"_monsterinsights_sitenote_note":"","_monsterinsights_sitenote_category":0},"product_brand":[],"product_cat":[414,576],"product_tag":[],"class_list":{"0":"post-15195","1":"product","2":"type-product","3":"status-publish","4":"has-post-thumbnail","6":"product_cat-chaussures","7":"product_cat-chaussure-ville","9":"first","10":"instock","11":"taxable","12":"shipping-taxable","13":"purchasable","14":"product-type-variable"},"yoast_head":"<!-- This site is optimized with the Yoast SEO plugin v27.5 - https:\/\/yoast.com\/product\/yoast-seo-wordpress\/ -->\n<title>Chaussure JOMA Lifestyle Princenton Lady Beige - Planetetennis<\/title>\n<meta name=\"description\" content=\"Chaussures d\u00e9contract\u00e9es pour femmes, recommand\u00e9es pour un usage quotidien.\u00a0Avec ces chaussures, vous pouvez porter un look tendance !\" \/>\n<meta name=\"robots\" content=\"index, follow, max-snippet:-1, max-image-preview:large, max-video-preview:-1\" \/>\n<link rel=\"canonical\" href=\"https:\/\/planetetennis.fr\/es\/product\/chaussure-joma-lifestyle-princenton-lady-beige\/\" \/>\n<meta property=\"og:locale\" content=\"es_ES\" \/>\n<meta property=\"og:type\" content=\"article\" \/>\n<meta property=\"og:title\" content=\"Chaussure JOMA Lifestyle Princenton Lady Beige - Planetetennis\" \/>\n<meta property=\"og:description\" content=\"Chaussures d\u00e9contract\u00e9es pour femmes, recommand\u00e9es pour un usage quotidien.\u00a0Avec ces chaussures, vous pouvez porter un look tendance !\" \/>\n<meta property=\"og:url\" content=\"https:\/\/planetetennis.fr\/es\/product\/chaussure-joma-lifestyle-princenton-lady-beige\/\" \/>\n<meta property=\"og:site_name\" content=\"Planetetennis\" \/>\n<meta property=\"article:modified_time\" content=\"2024-03-14T04:52:00+00:00\" \/>\n<meta property=\"og:image\" content=\"https:\/\/planetetennis.fr\/wp-content\/uploads\/2023\/05\/20220408121511.CPRILS2325.jpg\" \/>\n\t<meta property=\"og:image:width\" content=\"2000\" \/>\n\t<meta property=\"og:image:height\" content=\"2000\" \/>\n\t<meta property=\"og:image:type\" content=\"image\/jpeg\" \/>\n<meta name=\"twitter:card\" content=\"summary_large_image\" \/>\n<meta name=\"twitter:label1\" content=\"Est. reading time\" \/>\n\t<meta name=\"twitter:data1\" content=\"1 minute\" \/>\n<script type=\"application\/ld+json\" class=\"yoast-schema-graph\">{\"@context\":\"https:\\\/\\\/schema.org\",\"@graph\":[{\"@type\":\"WebPage\",\"@id\":\"https:\\\/\\\/planetetennis.fr\\\/product\\\/chaussure-joma-lifestyle-princenton-lady-beige\\\/\",\"url\":\"https:\\\/\\\/planetetennis.fr\\\/product\\\/chaussure-joma-lifestyle-princenton-lady-beige\\\/\",\"name\":\"Chaussure JOMA Lifestyle Princenton Lady Beige - Planetetennis\",\"isPartOf\":{\"@id\":\"https:\\\/\\\/planetetennis.fr\\\/#website\"},\"primaryImageOfPage\":{\"@id\":\"https:\\\/\\\/planetetennis.fr\\\/product\\\/chaussure-joma-lifestyle-princenton-lady-beige\\\/#primaryimage\"},\"image\":{\"@id\":\"https:\\\/\\\/planetetennis.fr\\\/product\\\/chaussure-joma-lifestyle-princenton-lady-beige\\\/#primaryimage\"},\"thumbnailUrl\":\"https:\\\/\\\/planetetennis.fr\\\/wp-content\\\/uploads\\\/2023\\\/05\\\/20220408121511.CPRILS2325.jpg\",\"datePublished\":\"2023-05-25T12:48:27+00:00\",\"dateModified\":\"2024-03-14T04:52:00+00:00\",\"description\":\"Chaussures d\u00e9contract\u00e9es pour femmes, recommand\u00e9es pour un usage quotidien.\u00a0Avec ces chaussures, vous pouvez porter un look tendance !\",\"breadcrumb\":{\"@id\":\"https:\\\/\\\/planetetennis.fr\\\/product\\\/chaussure-joma-lifestyle-princenton-lady-beige\\\/#breadcrumb\"},\"inLanguage\":\"es-ES\",\"potentialAction\":[{\"@type\":\"ReadAction\",\"target\":[\"https:\\\/\\\/planetetennis.fr\\\/product\\\/chaussure-joma-lifestyle-princenton-lady-beige\\\/\"]}]},{\"@type\":\"ImageObject\",\"inLanguage\":\"es-ES\",\"@id\":\"https:\\\/\\\/planetetennis.fr\\\/product\\\/chaussure-joma-lifestyle-princenton-lady-beige\\\/#primaryimage\",\"url\":\"https:\\\/\\\/planetetennis.fr\\\/wp-content\\\/uploads\\\/2023\\\/05\\\/20220408121511.CPRILS2325.jpg\",\"contentUrl\":\"https:\\\/\\\/planetetennis.fr\\\/wp-content\\\/uploads\\\/2023\\\/05\\\/20220408121511.CPRILS2325.jpg\",\"width\":2000,\"height\":2000},{\"@type\":\"BreadcrumbList\",\"@id\":\"https:\\\/\\\/planetetennis.fr\\\/product\\\/chaussure-joma-lifestyle-princenton-lady-beige\\\/#breadcrumb\",\"itemListElement\":[{\"@type\":\"ListItem\",\"position\":1,\"name\":\"Accueil\",\"item\":\"https:\\\/\\\/planetetennis.fr\\\/\"},{\"@type\":\"ListItem\",\"position\":2,\"name\":\"Nos produits\",\"item\":\"https:\\\/\\\/planetetennis.fr\\\/produits\\\/\"},{\"@type\":\"ListItem\",\"position\":3,\"name\":\"Chaussure JOMA Lifestyle Princenton Lady Beige\"}]},{\"@type\":\"WebSite\",\"@id\":\"https:\\\/\\\/planetetennis.fr\\\/#website\",\"url\":\"https:\\\/\\\/planetetennis.fr\\\/\",\"name\":\"Planetetennis\",\"description\":\"Cordages de tennis monofilament fran\u00e7ais\",\"publisher\":{\"@id\":\"https:\\\/\\\/planetetennis.fr\\\/#organization\"},\"potentialAction\":[{\"@type\":\"SearchAction\",\"target\":{\"@type\":\"EntryPoint\",\"urlTemplate\":\"https:\\\/\\\/planetetennis.fr\\\/?s={search_term_string}\"},\"query-input\":{\"@type\":\"PropertyValueSpecification\",\"valueRequired\":true,\"valueName\":\"search_term_string\"}}],\"inLanguage\":\"es-ES\"},{\"@type\":\"Organization\",\"@id\":\"https:\\\/\\\/planetetennis.fr\\\/#organization\",\"name\":\"Planetetennis\",\"url\":\"https:\\\/\\\/planetetennis.fr\\\/\",\"logo\":{\"@type\":\"ImageObject\",\"inLanguage\":\"es-ES\",\"@id\":\"https:\\\/\\\/planetetennis.fr\\\/#\\\/schema\\\/logo\\\/image\\\/\",\"url\":\"https:\\\/\\\/planetetennis.fr\\\/wp-content\\\/uploads\\\/2021\\\/10\\\/logocolor03.png\",\"contentUrl\":\"https:\\\/\\\/planetetennis.fr\\\/wp-content\\\/uploads\\\/2021\\\/10\\\/logocolor03.png\",\"width\":230,\"height\":58,\"caption\":\"Planetetennis\"},\"image\":{\"@id\":\"https:\\\/\\\/planetetennis.fr\\\/#\\\/schema\\\/logo\\\/image\\\/\"}}]}<\/script>\n<!-- \/ Yoast SEO plugin. -->","yoast_head_json":{"title":"Chaussure JOMA Lifestyle Princenton Lady Beige - Planetetennis","description":"Chaussures d\u00e9contract\u00e9es pour femmes, recommand\u00e9es pour un usage quotidien.\u00a0Avec ces chaussures, vous pouvez porter un look tendance !","robots":{"index":"index","follow":"follow","max-snippet":"max-snippet:-1","max-image-preview":"max-image-preview:large","max-video-preview":"max-video-preview:-1"},"canonical":"https:\/\/planetetennis.fr\/es\/product\/chaussure-joma-lifestyle-princenton-lady-beige\/","og_locale":"es_ES","og_type":"article","og_title":"Chaussure JOMA Lifestyle Princenton Lady Beige - Planetetennis","og_description":"Chaussures d\u00e9contract\u00e9es pour femmes, recommand\u00e9es pour un usage quotidien.\u00a0Avec ces chaussures, vous pouvez porter un look tendance !","og_url":"https:\/\/planetetennis.fr\/es\/product\/chaussure-joma-lifestyle-princenton-lady-beige\/","og_site_name":"Planetetennis","article_modified_time":"2024-03-14T04:52:00+00:00","og_image":[{"width":2000,"height":2000,"url":"https:\/\/planetetennis.fr\/wp-content\/uploads\/2023\/05\/20220408121511.CPRILS2325.jpg","type":"image\/jpeg"}],"twitter_card":"summary_large_image","twitter_misc":{"Est. reading time":"1 minute"},"schema":{"@context":"https:\/\/schema.org","@graph":[{"@type":"WebPage","@id":"https:\/\/planetetennis.fr\/product\/chaussure-joma-lifestyle-princenton-lady-beige\/","url":"https:\/\/planetetennis.fr\/product\/chaussure-joma-lifestyle-princenton-lady-beige\/","name":"Chaussure JOMA Lifestyle Princenton Lady Beige - Planetetennis","isPartOf":{"@id":"https:\/\/planetetennis.fr\/#website"},"primaryImageOfPage":{"@id":"https:\/\/planetetennis.fr\/product\/chaussure-joma-lifestyle-princenton-lady-beige\/#primaryimage"},"image":{"@id":"https:\/\/planetetennis.fr\/product\/chaussure-joma-lifestyle-princenton-lady-beige\/#primaryimage"},"thumbnailUrl":"https:\/\/planetetennis.fr\/wp-content\/uploads\/2023\/05\/20220408121511.CPRILS2325.jpg","datePublished":"2023-05-25T12:48:27+00:00","dateModified":"2024-03-14T04:52:00+00:00","description":"Chaussures d\u00e9contract\u00e9es pour femmes, recommand\u00e9es pour un usage quotidien.\u00a0Avec ces chaussures, vous pouvez porter un look tendance !","breadcrumb":{"@id":"https:\/\/planetetennis.fr\/product\/chaussure-joma-lifestyle-princenton-lady-beige\/#breadcrumb"},"inLanguage":"es-ES","potentialAction":[{"@type":"ReadAction","target":["https:\/\/planetetennis.fr\/product\/chaussure-joma-lifestyle-princenton-lady-beige\/"]}]},{"@type":"ImageObject","inLanguage":"es-ES","@id":"https:\/\/planetetennis.fr\/product\/chaussure-joma-lifestyle-princenton-lady-beige\/#primaryimage","url":"https:\/\/planetetennis.fr\/wp-content\/uploads\/2023\/05\/20220408121511.CPRILS2325.jpg","contentUrl":"https:\/\/planetetennis.fr\/wp-content\/uploads\/2023\/05\/20220408121511.CPRILS2325.jpg","width":2000,"height":2000},{"@type":"BreadcrumbList","@id":"https:\/\/planetetennis.fr\/product\/chaussure-joma-lifestyle-princenton-lady-beige\/#breadcrumb","itemListElement":[{"@type":"ListItem","position":1,"name":"Accueil","item":"https:\/\/planetetennis.fr\/"},{"@type":"ListItem","position":2,"name":"Nos produits","item":"https:\/\/planetetennis.fr\/produits\/"},{"@type":"ListItem","position":3,"name":"Chaussure JOMA Lifestyle Princenton Lady Beige"}]},{"@type":"WebSite","@id":"https:\/\/planetetennis.fr\/#website","url":"https:\/\/planetetennis.fr\/","name":"Planeta tenis","description":"Cordages de tennis monofilament fran\u00e7ais","publisher":{"@id":"https:\/\/planetetennis.fr\/#organization"},"potentialAction":[{"@type":"SearchAction","target":{"@type":"EntryPoint","urlTemplate":"https:\/\/planetetennis.fr\/?s={search_term_string}"},"query-input":{"@type":"PropertyValueSpecification","valueRequired":true,"valueName":"search_term_string"}}],"inLanguage":"es-ES"},{"@type":"Organization","@id":"https:\/\/planetetennis.fr\/#organization","name":"Planeta tenis","url":"https:\/\/planetetennis.fr\/","logo":{"@type":"ImageObject","inLanguage":"es-ES","@id":"https:\/\/planetetennis.fr\/#\/schema\/logo\/image\/","url":"https:\/\/planetetennis.fr\/wp-content\/uploads\/2021\/10\/logocolor03.png","contentUrl":"https:\/\/planetetennis.fr\/wp-content\/uploads\/2021\/10\/logocolor03.png","width":230,"height":58,"caption":"Planetetennis"},"image":{"@id":"https:\/\/planetetennis.fr\/#\/schema\/logo\/image\/"}}]}},"_links":{"self":[{"href":"https:\/\/planetetennis.fr\/es\/wp-json\/wp\/v2\/product\/15195","targetHints":{"allow":["GET"]}}],"collection":[{"href":"https:\/\/planetetennis.fr\/es\/wp-json\/wp\/v2\/product"}],"about":[{"href":"https:\/\/planetetennis.fr\/es\/wp-json\/wp\/v2\/types\/product"}],"replies":[{"embeddable":true,"href":"https:\/\/planetetennis.fr\/es\/wp-json\/wp\/v2\/comments?post=15195"}],"wp:featuredmedia":[{"embeddable":true,"href":"https:\/\/planetetennis.fr\/es\/wp-json\/wp\/v2\/media\/15200"}],"wp:attachment":[{"href":"https:\/\/planetetennis.fr\/es\/wp-json\/wp\/v2\/media?parent=15195"}],"wp:term":[{"taxonomy":"product_brand","embeddable":true,"href":"https:\/\/planetetennis.fr\/es\/wp-json\/wp\/v2\/product_brand?post=15195"},{"taxonomy":"product_cat","embeddable":true,"href":"https:\/\/planetetennis.fr\/es\/wp-json\/wp\/v2\/product_cat?post=15195"},{"taxonomy":"product_tag","embeddable":true,"href":"https:\/\/planetetennis.fr\/es\/wp-json\/wp\/v2\/product_tag?post=15195"}],"curies":[{"name":"wp","href":"https:\/\/api.w.org\/{rel}","templated":true}]}}