{"id":15316,"date":"2023-07-26T07:19:27","date_gmt":"2023-07-26T07:19:27","guid":{"rendered":"https:\/\/planetetennis.fr\/?post_type=product&#038;p=15316"},"modified":"2025-12-11T08:09:08","modified_gmt":"2025-12-11T08:09:08","slug":"electrique-signum-pro-sp-s-6700-avec-pied","status":"publish","type":"product","link":"https:\/\/planetetennis.fr\/es\/product\/electrique-signum-pro-sp-s-6700-avec-pied\/","title":{"rendered":"Electrique SIGNUM PRO S-6700 Avec Pied"},"content":{"rendered":"<p>La m\u00e1quina tiene las siguientes caracter\u00edsticas:<\/p>\n<p>\u2013 Le syst\u00e8me de v\u00e9rins comme m\u00e9canisme de tension<\/p>\n<p>\u2013 La machine est dot\u00e9e de pi\u00e8ces de bras mobiles afin que la raquette de tennis et badminton puisse \u00eatre serr\u00e9e de mani\u00e8re efficace et s\u00fbre.<\/p>\n<p>\u2013 La machine peut corder avec une pr\u00e9cision allant jusqu\u2019\u00e0 1 kg.<\/p>\n<p>\u2013 Livr\u00e9 avec 2 pinces<\/p>\n<p>\u2013 5 ans de garantie sur les parties m\u00e9caniques de la machine.<\/p>\n<p>\u2013 Les pinces de la machine sont garanties pendant un an.<\/p>","protected":false},"excerpt":{"rendered":"<p><span style=\"color: #ff0000;\"><strong>INFORMATION IMPORTANTE : AVANT DE VALIDER VOTRE COMMANDE MERCI DE NOUS ENVOYER UN E MAIL \u00e0 : planetetennis@hotmail.com POUR CONNAITRE LA DATE EXACTE DE LIVRAISON !<\/strong><\/span><\/p>\n<p>M\u00e1quina encordadora electr\u00f3nica controlada por procesador para uso profesional. Sistema electr\u00f3nico de tensi\u00f3n lineal de nuevo desarrollo para un encordado r\u00e1pido y c\u00f3modo con mordazas de sujeci\u00f3n endurecidas y de bajo desgaste para una larga vida \u00fatil.<\/p>\n<p>Nueva pantalla LCM de alta resoluci\u00f3n y teclado grande con teclas de selecci\u00f3n directa y navegaci\u00f3n de men\u00fa extendida para mostrar o ajustar muchas funciones adicionales como reajuste autom\u00e1tico, preestiramiento, funci\u00f3n de tono, volumen de tono, tracci\u00f3n de varias velocidades, varias memorias para almacenar valores de uso frecuente.<\/p>\n<p>Bot\u00f3n de inicio r\u00e1pido directamente en la abrazadera para operaci\u00f3n con una mano. Sistema de fijaci\u00f3n de 6 puntos con moderno sistema de sujeci\u00f3n autocentrante, ideal para todo tipo de raquetas, incluidas squash y badminton. En pares, brazos giratorios continuamente ajustables (accesorios laterales) y columnas (accesorios centrales de la cabeza \/ coraz\u00f3n) que se mueven sim\u00e9trica y simult\u00e1neamente hacia el marco mediante un elaborado mecanismo.<\/p>\n<p>Sistema de sujeci\u00f3n doble semiautom\u00e1tico de muy alta calidad. Las incrustaciones de diamantes se fijan en las superficies interiores de los alicates, para un perfecto agarre del hilo sin da\u00f1arlo. La base bloqueada de la abrazadera se abre autom\u00e1ticamente cuando la parte superior de la abrazadera cae dentro de la base. Rieles de gu\u00eda de pinza curvados para una \u00f3ptima adaptaci\u00f3n al marco. Base de m\u00e1quina fuerte y resistente a la torsi\u00f3n para acomodar la unidad electr\u00f3nica completa.<\/p>\n<p>Tocadiscos bloqueable. Gran compartimento de almacenamiento para herramientas.<\/p>","protected":false},"featured_media":15317,"comment_status":"open","ping_status":"closed","template":"","meta":{"_monsterinsights_skip_tracking":false,"_monsterinsights_sitenote_active":false,"_monsterinsights_sitenote_note":"","_monsterinsights_sitenote_category":0},"product_brand":[],"product_cat":[318],"product_tag":[],"class_list":{"0":"post-15316","1":"product","2":"type-product","3":"status-publish","4":"has-post-thumbnail","6":"product_cat-machine-a-corder","8":"first","9":"instock","10":"taxable","11":"shipping-taxable","12":"purchasable","13":"product-type-simple"},"yoast_head":"<!-- This site is optimized with the Yoast SEO plugin v27.5 - https:\/\/yoast.com\/product\/yoast-seo-wordpress\/ -->\n<title>Electrique SIGNUM PRO S-6700 Avec Pied - Planetetennis<\/title>\n<meta name=\"robots\" content=\"index, follow, max-snippet:-1, max-image-preview:large, max-video-preview:-1\" \/>\n<link rel=\"canonical\" href=\"https:\/\/planetetennis.fr\/es\/product\/electrique-signum-pro-sp-s-6700-avec-pied\/\" \/>\n<meta property=\"og:locale\" content=\"es_ES\" \/>\n<meta property=\"og:type\" content=\"article\" \/>\n<meta property=\"og:title\" content=\"Electrique SIGNUM PRO S-6700 Avec Pied - Planetetennis\" \/>\n<meta property=\"og:description\" content=\"INFORMATION IMPORTANTE : AVANT DE VALIDER VOTRE COMMANDE MERCI DE NOUS ENVOYER UN E MAIL \u00e0 : planetetennis@hotmail.com POUR CONNAITRE LA DATE EXACTE DE LIVRAISON !  Machine \u00e0 corder \u00e9lectronique contr\u00f4l\u00e9e par processeur \u00e0 usage professionnel. Syst\u00e8me de tension lin\u00e9aire \u00e9lectronique nouvellement d\u00e9velopp\u00e9 pour un cordage rapide et confortable avec des m\u00e2choires de serrage tremp\u00e9es et \u00e0 faible usure pour une longue dur\u00e9e de vie.  Nouvel \u00e9cran LCM haute r\u00e9solution et grand clavier avec touches de s\u00e9lection directe et navigation \u00e9tendue dans les menus pour afficher ou r\u00e9gler de nombreuses fonctions suppl\u00e9mentaires telles que le r\u00e9ajustement automatique, le pr\u00e9-\u00e9tirement, la fonction de hauteur, le volume des tonalit\u00e9s, diverses vitesses de traction, diverses m\u00e9moires pour stocker les valeurs fr\u00e9quemment utilis\u00e9es.  Bouton de d\u00e9marrage rapide directement sur la pince pour une utilisation d&#039;une seule main. Syst\u00e8me de fixation \u00e0 6 points avec syst\u00e8me de serrage \u00e0 centrage automatique moderne, id\u00e9al pour toutes les formes de raquettes, y compris le squash et le badminton. Par paires, bras pivotants r\u00e9glables en continu (fixations lat\u00e9rales) et colonnes (fixations centrales t\u00eate \/ c\u0153ur) qui sont d\u00e9plac\u00e9s sym\u00e9triquement et simultan\u00e9ment vers le cadre \u00e0 l&#039;aide d&#039;un m\u00e9canisme \u00e9labor\u00e9.  Syst\u00e8me de double serrage semi-automatique de tr\u00e8s haute qualit\u00e9 . Des incrustations diamant\u00e9es sont fix\u00e9es dans les surfaces int\u00e9rieures de la pince, pour un maintien parfait de la corde sans dommage. La base verrouill\u00e9e de la pince s&#039;ouvre automatiquement lorsque la partie sup\u00e9rieure de la pince tombe dans la base. Rails de guidage des pinces cintr\u00e9es pour une adaptation optimale au cadre. Base de machine solide et r\u00e9sistante \u00e0 la torsion pour accueillir l&#039; unit\u00e9 \u00e9lectronique compl\u00e8te.  Plateau tournant verrouillable. Grand compartiment de rangement pour outils.\" \/>\n<meta property=\"og:url\" content=\"https:\/\/planetetennis.fr\/es\/product\/electrique-signum-pro-sp-s-6700-avec-pied\/\" \/>\n<meta property=\"og:site_name\" content=\"Planetetennis\" \/>\n<meta property=\"article:modified_time\" content=\"2025-12-11T08:09:08+00:00\" \/>\n<meta property=\"og:image\" content=\"https:\/\/planetetennis.fr\/wp-content\/uploads\/2023\/07\/stringing_new.png\" \/>\n\t<meta property=\"og:image:width\" content=\"687\" \/>\n\t<meta property=\"og:image:height\" content=\"800\" \/>\n\t<meta property=\"og:image:type\" content=\"image\/png\" \/>\n<meta name=\"twitter:card\" content=\"summary_large_image\" \/>\n<script type=\"application\/ld+json\" class=\"yoast-schema-graph\">{\"@context\":\"https:\\\/\\\/schema.org\",\"@graph\":[{\"@type\":\"WebPage\",\"@id\":\"https:\\\/\\\/planetetennis.fr\\\/product\\\/electrique-signum-pro-sp-s-6700-avec-pied\\\/\",\"url\":\"https:\\\/\\\/planetetennis.fr\\\/product\\\/electrique-signum-pro-sp-s-6700-avec-pied\\\/\",\"name\":\"Electrique SIGNUM PRO S-6700 Avec Pied - Planetetennis\",\"isPartOf\":{\"@id\":\"https:\\\/\\\/planetetennis.fr\\\/#website\"},\"primaryImageOfPage\":{\"@id\":\"https:\\\/\\\/planetetennis.fr\\\/product\\\/electrique-signum-pro-sp-s-6700-avec-pied\\\/#primaryimage\"},\"image\":{\"@id\":\"https:\\\/\\\/planetetennis.fr\\\/product\\\/electrique-signum-pro-sp-s-6700-avec-pied\\\/#primaryimage\"},\"thumbnailUrl\":\"https:\\\/\\\/planetetennis.fr\\\/wp-content\\\/uploads\\\/2023\\\/07\\\/stringing_new.png\",\"datePublished\":\"2023-07-26T07:19:27+00:00\",\"dateModified\":\"2025-12-11T08:09:08+00:00\",\"breadcrumb\":{\"@id\":\"https:\\\/\\\/planetetennis.fr\\\/product\\\/electrique-signum-pro-sp-s-6700-avec-pied\\\/#breadcrumb\"},\"inLanguage\":\"es-ES\",\"potentialAction\":[{\"@type\":\"ReadAction\",\"target\":[\"https:\\\/\\\/planetetennis.fr\\\/product\\\/electrique-signum-pro-sp-s-6700-avec-pied\\\/\"]}]},{\"@type\":\"ImageObject\",\"inLanguage\":\"es-ES\",\"@id\":\"https:\\\/\\\/planetetennis.fr\\\/product\\\/electrique-signum-pro-sp-s-6700-avec-pied\\\/#primaryimage\",\"url\":\"https:\\\/\\\/planetetennis.fr\\\/wp-content\\\/uploads\\\/2023\\\/07\\\/stringing_new.png\",\"contentUrl\":\"https:\\\/\\\/planetetennis.fr\\\/wp-content\\\/uploads\\\/2023\\\/07\\\/stringing_new.png\",\"width\":687,\"height\":800},{\"@type\":\"BreadcrumbList\",\"@id\":\"https:\\\/\\\/planetetennis.fr\\\/product\\\/electrique-signum-pro-sp-s-6700-avec-pied\\\/#breadcrumb\",\"itemListElement\":[{\"@type\":\"ListItem\",\"position\":1,\"name\":\"Accueil\",\"item\":\"https:\\\/\\\/planetetennis.fr\\\/\"},{\"@type\":\"ListItem\",\"position\":2,\"name\":\"Nos produits\",\"item\":\"https:\\\/\\\/planetetennis.fr\\\/produits\\\/\"},{\"@type\":\"ListItem\",\"position\":3,\"name\":\"Electrique SIGNUM PRO S-6700 Avec Pied\"}]},{\"@type\":\"WebSite\",\"@id\":\"https:\\\/\\\/planetetennis.fr\\\/#website\",\"url\":\"https:\\\/\\\/planetetennis.fr\\\/\",\"name\":\"Planetetennis\",\"description\":\"Cordages de tennis monofilament fran\u00e7ais\",\"publisher\":{\"@id\":\"https:\\\/\\\/planetetennis.fr\\\/#organization\"},\"potentialAction\":[{\"@type\":\"SearchAction\",\"target\":{\"@type\":\"EntryPoint\",\"urlTemplate\":\"https:\\\/\\\/planetetennis.fr\\\/?s={search_term_string}\"},\"query-input\":{\"@type\":\"PropertyValueSpecification\",\"valueRequired\":true,\"valueName\":\"search_term_string\"}}],\"inLanguage\":\"es-ES\"},{\"@type\":\"Organization\",\"@id\":\"https:\\\/\\\/planetetennis.fr\\\/#organization\",\"name\":\"Planetetennis\",\"url\":\"https:\\\/\\\/planetetennis.fr\\\/\",\"logo\":{\"@type\":\"ImageObject\",\"inLanguage\":\"es-ES\",\"@id\":\"https:\\\/\\\/planetetennis.fr\\\/#\\\/schema\\\/logo\\\/image\\\/\",\"url\":\"https:\\\/\\\/planetetennis.fr\\\/wp-content\\\/uploads\\\/2021\\\/10\\\/logocolor03.png\",\"contentUrl\":\"https:\\\/\\\/planetetennis.fr\\\/wp-content\\\/uploads\\\/2021\\\/10\\\/logocolor03.png\",\"width\":230,\"height\":58,\"caption\":\"Planetetennis\"},\"image\":{\"@id\":\"https:\\\/\\\/planetetennis.fr\\\/#\\\/schema\\\/logo\\\/image\\\/\"}}]}<\/script>\n<!-- \/ Yoast SEO plugin. -->","yoast_head_json":{"title":"Electrique SIGNUM PRO S-6700 Avec Pied - Planetetennis","robots":{"index":"index","follow":"follow","max-snippet":"max-snippet:-1","max-image-preview":"max-image-preview:large","max-video-preview":"max-video-preview:-1"},"canonical":"https:\/\/planetetennis.fr\/es\/product\/electrique-signum-pro-sp-s-6700-avec-pied\/","og_locale":"es_ES","og_type":"article","og_title":"Electrique SIGNUM PRO S-6700 Avec Pied - Planetetennis","og_description":"INFORMATION IMPORTANTE : AVANT DE VALIDER VOTRE COMMANDE MERCI DE NOUS ENVOYER UN E MAIL \u00e0 : planetetennis@hotmail.com POUR CONNAITRE LA DATE EXACTE DE LIVRAISON !  Machine \u00e0 corder \u00e9lectronique contr\u00f4l\u00e9e par processeur \u00e0 usage professionnel. Syst\u00e8me de tension lin\u00e9aire \u00e9lectronique nouvellement d\u00e9velopp\u00e9 pour un cordage rapide et confortable avec des m\u00e2choires de serrage tremp\u00e9es et \u00e0 faible usure pour une longue dur\u00e9e de vie.  Nouvel \u00e9cran LCM haute r\u00e9solution et grand clavier avec touches de s\u00e9lection directe et navigation \u00e9tendue dans les menus pour afficher ou r\u00e9gler de nombreuses fonctions suppl\u00e9mentaires telles que le r\u00e9ajustement automatique, le pr\u00e9-\u00e9tirement, la fonction de hauteur, le volume des tonalit\u00e9s, diverses vitesses de traction, diverses m\u00e9moires pour stocker les valeurs fr\u00e9quemment utilis\u00e9es.  Bouton de d\u00e9marrage rapide directement sur la pince pour une utilisation d'une seule main. Syst\u00e8me de fixation \u00e0 6 points avec syst\u00e8me de serrage \u00e0 centrage automatique moderne, id\u00e9al pour toutes les formes de raquettes, y compris le squash et le badminton. Par paires, bras pivotants r\u00e9glables en continu (fixations lat\u00e9rales) et colonnes (fixations centrales t\u00eate \/ c\u0153ur) qui sont d\u00e9plac\u00e9s sym\u00e9triquement et simultan\u00e9ment vers le cadre \u00e0 l'aide d'un m\u00e9canisme \u00e9labor\u00e9.  Syst\u00e8me de double serrage semi-automatique de tr\u00e8s haute qualit\u00e9 . Des incrustations diamant\u00e9es sont fix\u00e9es dans les surfaces int\u00e9rieures de la pince, pour un maintien parfait de la corde sans dommage. La base verrouill\u00e9e de la pince s'ouvre automatiquement lorsque la partie sup\u00e9rieure de la pince tombe dans la base. Rails de guidage des pinces cintr\u00e9es pour une adaptation optimale au cadre. Base de machine solide et r\u00e9sistante \u00e0 la torsion pour accueillir l' unit\u00e9 \u00e9lectronique compl\u00e8te.  Plateau tournant verrouillable. Grand compartiment de rangement pour outils.","og_url":"https:\/\/planetetennis.fr\/es\/product\/electrique-signum-pro-sp-s-6700-avec-pied\/","og_site_name":"Planetetennis","article_modified_time":"2025-12-11T08:09:08+00:00","og_image":[{"width":687,"height":800,"url":"https:\/\/planetetennis.fr\/wp-content\/uploads\/2023\/07\/stringing_new.png","type":"image\/png"}],"twitter_card":"summary_large_image","schema":{"@context":"https:\/\/schema.org","@graph":[{"@type":"WebPage","@id":"https:\/\/planetetennis.fr\/product\/electrique-signum-pro-sp-s-6700-avec-pied\/","url":"https:\/\/planetetennis.fr\/product\/electrique-signum-pro-sp-s-6700-avec-pied\/","name":"Electrique SIGNUM PRO S-6700 Avec Pied - Planetetennis","isPartOf":{"@id":"https:\/\/planetetennis.fr\/#website"},"primaryImageOfPage":{"@id":"https:\/\/planetetennis.fr\/product\/electrique-signum-pro-sp-s-6700-avec-pied\/#primaryimage"},"image":{"@id":"https:\/\/planetetennis.fr\/product\/electrique-signum-pro-sp-s-6700-avec-pied\/#primaryimage"},"thumbnailUrl":"https:\/\/planetetennis.fr\/wp-content\/uploads\/2023\/07\/stringing_new.png","datePublished":"2023-07-26T07:19:27+00:00","dateModified":"2025-12-11T08:09:08+00:00","breadcrumb":{"@id":"https:\/\/planetetennis.fr\/product\/electrique-signum-pro-sp-s-6700-avec-pied\/#breadcrumb"},"inLanguage":"es-ES","potentialAction":[{"@type":"ReadAction","target":["https:\/\/planetetennis.fr\/product\/electrique-signum-pro-sp-s-6700-avec-pied\/"]}]},{"@type":"ImageObject","inLanguage":"es-ES","@id":"https:\/\/planetetennis.fr\/product\/electrique-signum-pro-sp-s-6700-avec-pied\/#primaryimage","url":"https:\/\/planetetennis.fr\/wp-content\/uploads\/2023\/07\/stringing_new.png","contentUrl":"https:\/\/planetetennis.fr\/wp-content\/uploads\/2023\/07\/stringing_new.png","width":687,"height":800},{"@type":"BreadcrumbList","@id":"https:\/\/planetetennis.fr\/product\/electrique-signum-pro-sp-s-6700-avec-pied\/#breadcrumb","itemListElement":[{"@type":"ListItem","position":1,"name":"Accueil","item":"https:\/\/planetetennis.fr\/"},{"@type":"ListItem","position":2,"name":"Nos produits","item":"https:\/\/planetetennis.fr\/produits\/"},{"@type":"ListItem","position":3,"name":"Electrique SIGNUM PRO S-6700 Avec Pied"}]},{"@type":"WebSite","@id":"https:\/\/planetetennis.fr\/#website","url":"https:\/\/planetetennis.fr\/","name":"Planeta tenis","description":"Cordages de tennis monofilament fran\u00e7ais","publisher":{"@id":"https:\/\/planetetennis.fr\/#organization"},"potentialAction":[{"@type":"SearchAction","target":{"@type":"EntryPoint","urlTemplate":"https:\/\/planetetennis.fr\/?s={search_term_string}"},"query-input":{"@type":"PropertyValueSpecification","valueRequired":true,"valueName":"search_term_string"}}],"inLanguage":"es-ES"},{"@type":"Organization","@id":"https:\/\/planetetennis.fr\/#organization","name":"Planeta tenis","url":"https:\/\/planetetennis.fr\/","logo":{"@type":"ImageObject","inLanguage":"es-ES","@id":"https:\/\/planetetennis.fr\/#\/schema\/logo\/image\/","url":"https:\/\/planetetennis.fr\/wp-content\/uploads\/2021\/10\/logocolor03.png","contentUrl":"https:\/\/planetetennis.fr\/wp-content\/uploads\/2021\/10\/logocolor03.png","width":230,"height":58,"caption":"Planetetennis"},"image":{"@id":"https:\/\/planetetennis.fr\/#\/schema\/logo\/image\/"}}]}},"_links":{"self":[{"href":"https:\/\/planetetennis.fr\/es\/wp-json\/wp\/v2\/product\/15316","targetHints":{"allow":["GET"]}}],"collection":[{"href":"https:\/\/planetetennis.fr\/es\/wp-json\/wp\/v2\/product"}],"about":[{"href":"https:\/\/planetetennis.fr\/es\/wp-json\/wp\/v2\/types\/product"}],"replies":[{"embeddable":true,"href":"https:\/\/planetetennis.fr\/es\/wp-json\/wp\/v2\/comments?post=15316"}],"wp:featuredmedia":[{"embeddable":true,"href":"https:\/\/planetetennis.fr\/es\/wp-json\/wp\/v2\/media\/15317"}],"wp:attachment":[{"href":"https:\/\/planetetennis.fr\/es\/wp-json\/wp\/v2\/media?parent=15316"}],"wp:term":[{"taxonomy":"product_brand","embeddable":true,"href":"https:\/\/planetetennis.fr\/es\/wp-json\/wp\/v2\/product_brand?post=15316"},{"taxonomy":"product_cat","embeddable":true,"href":"https:\/\/planetetennis.fr\/es\/wp-json\/wp\/v2\/product_cat?post=15316"},{"taxonomy":"product_tag","embeddable":true,"href":"https:\/\/planetetennis.fr\/es\/wp-json\/wp\/v2\/product_tag?post=15316"}],"curies":[{"name":"wp","href":"https:\/\/api.w.org\/{rel}","templated":true}]}}