{"id":16016,"date":"2023-11-07T16:47:54","date_gmt":"2023-11-07T16:47:54","guid":{"rendered":"https:\/\/planetetennis.fr\/?post_type=product&#038;p=16016"},"modified":"2026-03-11T20:43:10","modified_gmt":"2026-03-11T20:43:10","slug":"chaussure-joma-t-break-blanc-noir","status":"publish","type":"product","link":"https:\/\/planetetennis.fr\/es\/product\/chaussure-joma-t-break-blanc-noir\/","title":{"rendered":"CHAUSSURE JOMA &#8220;T-BREAK&#8221; NOIR"},"content":{"rendered":"<h3>Caract\u00e9ristiques<\/h3>\n<ul class=\"double-column\">\n<li>Tige en nylon et TPU<\/li>\n<li>Fermeture \u00e0 lacets<\/li>\n<li>Semelle interm\u00e9diaire FULL DUAL PULSOR avec REACTIVE BALL<\/li>\n<li>Semelle ext\u00e9rieure en caoutchouc<\/li>\n<li>Renfort lat\u00e9ral et \u00e0 l&#8217;avant du pied<\/li>\n<\/ul>\n<h3>Information technique<\/h3>\n<ul class=\"double-column\">\n<li>Recommand\u00e9e pour les poids moyen \u00e0 l\u00e9ger<\/li>\n<li>Intensit\u00e9 d&#8217;utilisation : entra\u00eenement et comp\u00e9tition<\/li>\n<li>Pour vous aider \u00e0 choisir votre pointure vous pouvez utiliser le tableau d\u2019\u00e9quivalence suivant :\n<p><a class=\"swipebox\" title=\"\" href=\"https:\/\/planetetennis.fr\/wp-content\/uploads\/2025\/06\/Guide-des-tailles-chaussures-joma-1.jpg\" data-rel=\"lightbox-image-bGlnaHRib3gtaW1hZ2UtMA==\" data-rl_title=\"\" data-rl_caption=\"\"><img loading=\"lazy\" decoding=\"async\" class=\"alignnone size-full wp-image-17482\" src=\"https:\/\/planetetennis.fr\/wp-content\/webp-express\/webp-images\/uploads\/2025\/06\/Guide-des-tailles-chaussures-joma-1.jpg.webp\" sizes=\"auto, (max-width: 198px) 100vw, 198px\" srcset=\"https:\/\/planetetennis.fr\/wp-content\/webp-express\/webp-images\/uploads\/2025\/06\/Guide-des-tailles-chaussures-joma-1.jpg.webp 198w,  https:\/\/planetetennis.fr\/wp-content\/webp-express\/webp-images\/uploads\/2025\/06\/Guide-des-tailles-chaussures-joma-1-7x12.jpg.webp 7w,  https:\/\/planetetennis.fr\/wp-content\/webp-express\/webp-images\/uploads\/2025\/06\/Guide-des-tailles-chaussures-joma-1-150x252.jpg.webp 150w\" alt=\"\" width=\"198\" height=\"333\" \/><\/a><\/li>\n<\/ul>","protected":false},"excerpt":{"rendered":"<p>Chaussures de tennis pour homme, con\u00e7ues pour jouer sur terrain dur\/rapide. Cette chaussure de tennis a \u00e9t\u00e9 d\u00e9velopp\u00e9e avec la derni\u00e8re technologie pour offrir des performances maximales lors de l&#8217;entra\u00eenement et de la comp\u00e9tition. Elles conviennent aux joueurs de tennis de poids moyen \u00e0 faible qui recherchent une excellente adh\u00e9rence sur le court.<\/p>\n<p>Tige principalement en textile l\u00e9ger, flexible et respirant, dot\u00e9e de perforations VTS pour favoriser la ventilation de la transpiration. L&#8217;air entrera et sortira des chaussures de sport dans le but de garder le pied frais lors des moments de performance maximale. Pour optimiser l&#8217;ajustement et le maintien, elle comporte des inserts en mat\u00e9riau synth\u00e9tique JOMA SPORTECH, ajout\u00e9s sans coutures. Elle comporte \u00e9galement du caoutchouc inject\u00e9 KPU \u00e0 l&#8217;avant-pied pour prot\u00e9ger la zone et augmenter la durabilit\u00e9.<\/p>\n<p>Languette en textile avec une bonne adaptabilit\u00e9 et un poids l\u00e9ger.<\/p>\n<p>La semelle interm\u00e9diaire combine parfaitement l&#8217;amorti et l&#8217;impulsion. Le syst\u00e8me FULL DUAL PULSOR \u00e0 double densit\u00e9 offre d&#8217;une part de la stabilit\u00e9 dans la partie la plus dure. D&#8217;autre part, la partie REACTIVE BALL absorbe les chocs et rend la foul\u00e9e plus r\u00e9active.<\/p>\n<p>La semelle en caoutchouc DURABILITY all court offre le niveau \u00e9lev\u00e9 de r\u00e9sistance n\u00e9cessaire sur terrain dur. Le motif permet au joueur de glisser et de freiner sur le court selon ses besoins, car il offre l&#8217;adh\u00e9rence n\u00e9cessaire \u00e0 ce type de surface.<\/p>","protected":false},"featured_media":16026,"comment_status":"open","ping_status":"closed","template":"","meta":{"_monsterinsights_skip_tracking":false,"_monsterinsights_sitenote_active":false,"_monsterinsights_sitenote_note":"","_monsterinsights_sitenote_category":0},"product_brand":[],"product_cat":[456,325,436],"product_tag":[],"class_list":{"0":"post-16016","1":"product","2":"type-product","3":"status-publish","4":"has-post-thumbnail","6":"product_cat-all-court","7":"product_cat-chaussures-joma","8":"product_cat-homme","10":"first","11":"instock","12":"sale","13":"taxable","14":"shipping-taxable","15":"purchasable","16":"product-type-variable"},"yoast_head":"<!-- This site is optimized with the Yoast SEO plugin v27.4 - https:\/\/yoast.com\/product\/yoast-seo-wordpress\/ -->\n<title>CHAUSSURE JOMA &quot;T-BREAK&quot; NOIR - Planetetennis<\/title>\n<meta name=\"description\" content=\"Chaussure d\u00e9velopp\u00e9e pour la haute comp\u00e9tition.\u00a0Pour les joueurs qui exigent beaucoup de la chaussure.\u00a0Combinaison parfaite entre stabilit\u00e9 et confort.\" \/>\n<meta name=\"robots\" content=\"index, follow, max-snippet:-1, max-image-preview:large, max-video-preview:-1\" \/>\n<link rel=\"canonical\" href=\"https:\/\/planetetennis.fr\/es\/product\/chaussure-joma-t-break-blanc-noir\/\" \/>\n<meta property=\"og:locale\" content=\"es_ES\" \/>\n<meta property=\"og:type\" content=\"article\" \/>\n<meta property=\"og:title\" content=\"CHAUSSURE JOMA &quot;T-BREAK&quot; NOIR - Planetetennis\" \/>\n<meta property=\"og:description\" content=\"Chaussure d\u00e9velopp\u00e9e pour la haute comp\u00e9tition.\u00a0Pour les joueurs qui exigent beaucoup de la chaussure.\u00a0Combinaison parfaite entre stabilit\u00e9 et confort.\" \/>\n<meta property=\"og:url\" content=\"https:\/\/planetetennis.fr\/es\/product\/chaussure-joma-t-break-blanc-noir\/\" \/>\n<meta property=\"og:site_name\" content=\"Planetetennis\" \/>\n<meta property=\"article:modified_time\" content=\"2026-03-11T20:43:10+00:00\" \/>\n<meta property=\"og:image\" content=\"https:\/\/planetetennis.fr\/wp-content\/uploads\/2023\/11\/20230824165633.TBRES2301T.jpg\" \/>\n\t<meta property=\"og:image:width\" content=\"2000\" \/>\n\t<meta property=\"og:image:height\" content=\"2000\" \/>\n\t<meta property=\"og:image:type\" content=\"image\/jpeg\" \/>\n<meta name=\"twitter:card\" content=\"summary_large_image\" \/>\n<meta name=\"twitter:label1\" content=\"Est. reading time\" \/>\n\t<meta name=\"twitter:data1\" content=\"1 minute\" \/>\n<script type=\"application\/ld+json\" class=\"yoast-schema-graph\">{\"@context\":\"https:\\\/\\\/schema.org\",\"@graph\":[{\"@type\":\"WebPage\",\"@id\":\"https:\\\/\\\/planetetennis.fr\\\/product\\\/chaussure-joma-t-break-blanc-noir\\\/\",\"url\":\"https:\\\/\\\/planetetennis.fr\\\/product\\\/chaussure-joma-t-break-blanc-noir\\\/\",\"name\":\"CHAUSSURE JOMA \\\"T-BREAK\\\" NOIR - Planetetennis\",\"isPartOf\":{\"@id\":\"https:\\\/\\\/planetetennis.fr\\\/#website\"},\"primaryImageOfPage\":{\"@id\":\"https:\\\/\\\/planetetennis.fr\\\/product\\\/chaussure-joma-t-break-blanc-noir\\\/#primaryimage\"},\"image\":{\"@id\":\"https:\\\/\\\/planetetennis.fr\\\/product\\\/chaussure-joma-t-break-blanc-noir\\\/#primaryimage\"},\"thumbnailUrl\":\"https:\\\/\\\/planetetennis.fr\\\/wp-content\\\/uploads\\\/2023\\\/11\\\/20230824165633.TBRES2301T.jpg\",\"datePublished\":\"2023-11-07T16:47:54+00:00\",\"dateModified\":\"2026-03-11T20:43:10+00:00\",\"description\":\"Chaussure d\u00e9velopp\u00e9e pour la haute comp\u00e9tition.\u00a0Pour les joueurs qui exigent beaucoup de la chaussure.\u00a0Combinaison parfaite entre stabilit\u00e9 et confort.\",\"breadcrumb\":{\"@id\":\"https:\\\/\\\/planetetennis.fr\\\/product\\\/chaussure-joma-t-break-blanc-noir\\\/#breadcrumb\"},\"inLanguage\":\"es-ES\",\"potentialAction\":[{\"@type\":\"ReadAction\",\"target\":[\"https:\\\/\\\/planetetennis.fr\\\/product\\\/chaussure-joma-t-break-blanc-noir\\\/\"]}]},{\"@type\":\"ImageObject\",\"inLanguage\":\"es-ES\",\"@id\":\"https:\\\/\\\/planetetennis.fr\\\/product\\\/chaussure-joma-t-break-blanc-noir\\\/#primaryimage\",\"url\":\"https:\\\/\\\/planetetennis.fr\\\/wp-content\\\/uploads\\\/2023\\\/11\\\/20230824165633.TBRES2301T.jpg\",\"contentUrl\":\"https:\\\/\\\/planetetennis.fr\\\/wp-content\\\/uploads\\\/2023\\\/11\\\/20230824165633.TBRES2301T.jpg\",\"width\":2000,\"height\":2000},{\"@type\":\"BreadcrumbList\",\"@id\":\"https:\\\/\\\/planetetennis.fr\\\/product\\\/chaussure-joma-t-break-blanc-noir\\\/#breadcrumb\",\"itemListElement\":[{\"@type\":\"ListItem\",\"position\":1,\"name\":\"Accueil\",\"item\":\"https:\\\/\\\/planetetennis.fr\\\/\"},{\"@type\":\"ListItem\",\"position\":2,\"name\":\"Nos produits\",\"item\":\"https:\\\/\\\/planetetennis.fr\\\/produits\\\/\"},{\"@type\":\"ListItem\",\"position\":3,\"name\":\"CHAUSSURE JOMA &#8220;T-BREAK&#8221; NOIR\"}]},{\"@type\":\"WebSite\",\"@id\":\"https:\\\/\\\/planetetennis.fr\\\/#website\",\"url\":\"https:\\\/\\\/planetetennis.fr\\\/\",\"name\":\"Planetetennis\",\"description\":\"Cordages de tennis monofilament fran\u00e7ais\",\"publisher\":{\"@id\":\"https:\\\/\\\/planetetennis.fr\\\/#organization\"},\"potentialAction\":[{\"@type\":\"SearchAction\",\"target\":{\"@type\":\"EntryPoint\",\"urlTemplate\":\"https:\\\/\\\/planetetennis.fr\\\/?s={search_term_string}\"},\"query-input\":{\"@type\":\"PropertyValueSpecification\",\"valueRequired\":true,\"valueName\":\"search_term_string\"}}],\"inLanguage\":\"es-ES\"},{\"@type\":\"Organization\",\"@id\":\"https:\\\/\\\/planetetennis.fr\\\/#organization\",\"name\":\"Planetetennis\",\"url\":\"https:\\\/\\\/planetetennis.fr\\\/\",\"logo\":{\"@type\":\"ImageObject\",\"inLanguage\":\"es-ES\",\"@id\":\"https:\\\/\\\/planetetennis.fr\\\/#\\\/schema\\\/logo\\\/image\\\/\",\"url\":\"https:\\\/\\\/planetetennis.fr\\\/wp-content\\\/uploads\\\/2021\\\/10\\\/logocolor03.png\",\"contentUrl\":\"https:\\\/\\\/planetetennis.fr\\\/wp-content\\\/uploads\\\/2021\\\/10\\\/logocolor03.png\",\"width\":230,\"height\":58,\"caption\":\"Planetetennis\"},\"image\":{\"@id\":\"https:\\\/\\\/planetetennis.fr\\\/#\\\/schema\\\/logo\\\/image\\\/\"}}]}<\/script>\n<!-- \/ Yoast SEO plugin. -->","yoast_head_json":{"title":"CHAUSSURE JOMA \"T-BREAK\" NOIR - Planetetennis","description":"Chaussure d\u00e9velopp\u00e9e pour la haute comp\u00e9tition.\u00a0Pour les joueurs qui exigent beaucoup de la chaussure.\u00a0Combinaison parfaite entre stabilit\u00e9 et confort.","robots":{"index":"index","follow":"follow","max-snippet":"max-snippet:-1","max-image-preview":"max-image-preview:large","max-video-preview":"max-video-preview:-1"},"canonical":"https:\/\/planetetennis.fr\/es\/product\/chaussure-joma-t-break-blanc-noir\/","og_locale":"es_ES","og_type":"article","og_title":"CHAUSSURE JOMA \"T-BREAK\" NOIR - Planetetennis","og_description":"Chaussure d\u00e9velopp\u00e9e pour la haute comp\u00e9tition.\u00a0Pour les joueurs qui exigent beaucoup de la chaussure.\u00a0Combinaison parfaite entre stabilit\u00e9 et confort.","og_url":"https:\/\/planetetennis.fr\/es\/product\/chaussure-joma-t-break-blanc-noir\/","og_site_name":"Planetetennis","article_modified_time":"2026-03-11T20:43:10+00:00","og_image":[{"width":2000,"height":2000,"url":"https:\/\/planetetennis.fr\/wp-content\/uploads\/2023\/11\/20230824165633.TBRES2301T.jpg","type":"image\/jpeg"}],"twitter_card":"summary_large_image","twitter_misc":{"Est. reading time":"1 minute"},"schema":{"@context":"https:\/\/schema.org","@graph":[{"@type":"WebPage","@id":"https:\/\/planetetennis.fr\/product\/chaussure-joma-t-break-blanc-noir\/","url":"https:\/\/planetetennis.fr\/product\/chaussure-joma-t-break-blanc-noir\/","name":"CHAUSSURE JOMA \"T-BREAK\" NOIR - Planetetennis","isPartOf":{"@id":"https:\/\/planetetennis.fr\/#website"},"primaryImageOfPage":{"@id":"https:\/\/planetetennis.fr\/product\/chaussure-joma-t-break-blanc-noir\/#primaryimage"},"image":{"@id":"https:\/\/planetetennis.fr\/product\/chaussure-joma-t-break-blanc-noir\/#primaryimage"},"thumbnailUrl":"https:\/\/planetetennis.fr\/wp-content\/uploads\/2023\/11\/20230824165633.TBRES2301T.jpg","datePublished":"2023-11-07T16:47:54+00:00","dateModified":"2026-03-11T20:43:10+00:00","description":"Chaussure d\u00e9velopp\u00e9e pour la haute comp\u00e9tition.\u00a0Pour les joueurs qui exigent beaucoup de la chaussure.\u00a0Combinaison parfaite entre stabilit\u00e9 et confort.","breadcrumb":{"@id":"https:\/\/planetetennis.fr\/product\/chaussure-joma-t-break-blanc-noir\/#breadcrumb"},"inLanguage":"es-ES","potentialAction":[{"@type":"ReadAction","target":["https:\/\/planetetennis.fr\/product\/chaussure-joma-t-break-blanc-noir\/"]}]},{"@type":"ImageObject","inLanguage":"es-ES","@id":"https:\/\/planetetennis.fr\/product\/chaussure-joma-t-break-blanc-noir\/#primaryimage","url":"https:\/\/planetetennis.fr\/wp-content\/uploads\/2023\/11\/20230824165633.TBRES2301T.jpg","contentUrl":"https:\/\/planetetennis.fr\/wp-content\/uploads\/2023\/11\/20230824165633.TBRES2301T.jpg","width":2000,"height":2000},{"@type":"BreadcrumbList","@id":"https:\/\/planetetennis.fr\/product\/chaussure-joma-t-break-blanc-noir\/#breadcrumb","itemListElement":[{"@type":"ListItem","position":1,"name":"Accueil","item":"https:\/\/planetetennis.fr\/"},{"@type":"ListItem","position":2,"name":"Nos produits","item":"https:\/\/planetetennis.fr\/produits\/"},{"@type":"ListItem","position":3,"name":"CHAUSSURE JOMA &#8220;T-BREAK&#8221; NOIR"}]},{"@type":"WebSite","@id":"https:\/\/planetetennis.fr\/#website","url":"https:\/\/planetetennis.fr\/","name":"Planeta tenis","description":"Cordages de tennis monofilament fran\u00e7ais","publisher":{"@id":"https:\/\/planetetennis.fr\/#organization"},"potentialAction":[{"@type":"SearchAction","target":{"@type":"EntryPoint","urlTemplate":"https:\/\/planetetennis.fr\/?s={search_term_string}"},"query-input":{"@type":"PropertyValueSpecification","valueRequired":true,"valueName":"search_term_string"}}],"inLanguage":"es-ES"},{"@type":"Organization","@id":"https:\/\/planetetennis.fr\/#organization","name":"Planeta tenis","url":"https:\/\/planetetennis.fr\/","logo":{"@type":"ImageObject","inLanguage":"es-ES","@id":"https:\/\/planetetennis.fr\/#\/schema\/logo\/image\/","url":"https:\/\/planetetennis.fr\/wp-content\/uploads\/2021\/10\/logocolor03.png","contentUrl":"https:\/\/planetetennis.fr\/wp-content\/uploads\/2021\/10\/logocolor03.png","width":230,"height":58,"caption":"Planetetennis"},"image":{"@id":"https:\/\/planetetennis.fr\/#\/schema\/logo\/image\/"}}]}},"_links":{"self":[{"href":"https:\/\/planetetennis.fr\/es\/wp-json\/wp\/v2\/product\/16016","targetHints":{"allow":["GET"]}}],"collection":[{"href":"https:\/\/planetetennis.fr\/es\/wp-json\/wp\/v2\/product"}],"about":[{"href":"https:\/\/planetetennis.fr\/es\/wp-json\/wp\/v2\/types\/product"}],"replies":[{"embeddable":true,"href":"https:\/\/planetetennis.fr\/es\/wp-json\/wp\/v2\/comments?post=16016"}],"wp:featuredmedia":[{"embeddable":true,"href":"https:\/\/planetetennis.fr\/es\/wp-json\/wp\/v2\/media\/16026"}],"wp:attachment":[{"href":"https:\/\/planetetennis.fr\/es\/wp-json\/wp\/v2\/media?parent=16016"}],"wp:term":[{"taxonomy":"product_brand","embeddable":true,"href":"https:\/\/planetetennis.fr\/es\/wp-json\/wp\/v2\/product_brand?post=16016"},{"taxonomy":"product_cat","embeddable":true,"href":"https:\/\/planetetennis.fr\/es\/wp-json\/wp\/v2\/product_cat?post=16016"},{"taxonomy":"product_tag","embeddable":true,"href":"https:\/\/planetetennis.fr\/es\/wp-json\/wp\/v2\/product_tag?post=16016"}],"curies":[{"name":"wp","href":"https:\/\/api.w.org\/{rel}","templated":true}]}}