{"id":16179,"date":"2023-12-07T16:51:58","date_gmt":"2023-12-07T16:51:58","guid":{"rendered":"https:\/\/planetetennis.fr\/?post_type=product&#038;p=16179"},"modified":"2025-01-14T09:52:03","modified_gmt":"2025-01-14T09:52:03","slug":"raquette-de-padel-leopard-set","status":"publish","type":"product","link":"https:\/\/planetetennis.fr\/es\/product\/raquette-de-padel-leopard-set\/","title":{"rendered":"Raquette de Padel Leopard SET"},"content":{"rendered":"<p>Caract\u00e9ristiques techniques :<\/p>\n<p>Niveau : D\u00e9butant<br \/>\nType de jeu : Contr\u00f4le<br \/>\nForme : Goute d\u2019eau<br \/>\n\u00c9quilibre : Moyen<br \/>\nPoids : 360 grammes<br \/>\nProfil : 38 mm<br \/>\nNoyau : Caoutchouc Eva <span style=\"font-weight: 400;\">Ultra doux<\/span><br \/>\nFaces : Fibres de verre en 3 couches<br \/>\nCadre : 100 % Carbone 12 K<br \/>\nSurface : Lisse<br \/>\nFinition : Vernis mate<\/p>","protected":false},"excerpt":{"rendered":"<p><span style=\"font-weight: 400;\">La raquette Leopard offre une combinaison id\u00e9ale de contr\u00f4le et de puissance, avec un mat\u00e9riau en caoutchouc souple pour absorber les chocs et d\u00e9livrer des coups pr\u00e9cis. Con\u00e7u pour donner aux joueurs un avantage concurrentiel, il offre des performances et une pr\u00e9cision constantes.<\/span><\/p>\n<p><span style=\"font-weight: 400;\">Cette raquette est un m\u00e9lange de PUISSANCE et de CONTR\u00d4LE :<\/span><\/p>\n<ul>\n<li><span style=\"font-weight: 400;\">En commen\u00e7ant par le moule sp\u00e9cial fabriqu\u00e9 pour la marque SET apr\u00e8s plusieurs ann\u00e9es de recherche.<\/span><\/li>\n<li>En raison de sa couche de carbone de 200 grammes en 12K qui donne une duret\u00e9 moyenne \u00e0 la lame avec un tr\u00e8s bon toucher.<\/li>\n<li><span style=\"font-weight: 400;\"> Et se terminant par le caoutchouc europ\u00e9en Black Soft Eva qui donne \u00e0 la raquette ce m\u00e9lange de puissance mais avec contr\u00f4le.<\/span><\/li>\n<\/ul>\n<p>En d\u00e9fense elle est facile \u00e0 g\u00e9rer car vous avez beaucoup de contr\u00f4le \/ toucher et en<span style=\"font-weight: 400;\"> attaque, c&#8217;est spectaculaire car il est facile de presser la balle.<\/span><\/p>\n<p>&nbsp;<\/p>","protected":false},"featured_media":16180,"comment_status":"open","ping_status":"closed","template":"","meta":{"_monsterinsights_skip_tracking":false,"_monsterinsights_sitenote_active":false,"_monsterinsights_sitenote_note":"","_monsterinsights_sitenote_category":0},"product_brand":[],"product_cat":[326,327],"product_tag":[],"class_list":{"0":"post-16179","1":"product","2":"type-product","3":"status-publish","4":"has-post-thumbnail","6":"product_cat-padel-2","7":"product_cat-raquettes","9":"first","10":"instock","11":"sale","12":"taxable","13":"shipping-taxable","14":"purchasable","15":"product-type-simple"},"yoast_head":"<!-- This site is optimized with the Yoast SEO plugin v27.5 - https:\/\/yoast.com\/product\/yoast-seo-wordpress\/ -->\n<title>Raquette de Padel Leopard SET - Planetetennis<\/title>\n<meta name=\"description\" content=\"Le mod\u00e8le GAME JR pr\u00e9sente des caract\u00e9ristiques qui le diff\u00e9rencient d&#039;une raquette pour adultes. Il est plus l\u00e9ger et plus petit, dans le but de s&#039;adapter au physique\" \/>\n<meta name=\"robots\" content=\"index, follow, max-snippet:-1, max-image-preview:large, max-video-preview:-1\" \/>\n<link rel=\"canonical\" href=\"https:\/\/planetetennis.fr\/es\/product\/raquette-de-padel-leopard-set\/\" \/>\n<meta property=\"og:locale\" content=\"es_ES\" \/>\n<meta property=\"og:type\" content=\"article\" \/>\n<meta property=\"og:title\" content=\"Raquette de Padel Leopard SET - Planetetennis\" \/>\n<meta property=\"og:description\" content=\"Le mod\u00e8le GAME JR pr\u00e9sente des caract\u00e9ristiques qui le diff\u00e9rencient d&#039;une raquette pour adultes. Il est plus l\u00e9ger et plus petit, dans le but de s&#039;adapter au physique\" \/>\n<meta property=\"og:url\" content=\"https:\/\/planetetennis.fr\/es\/product\/raquette-de-padel-leopard-set\/\" \/>\n<meta property=\"og:site_name\" content=\"Planetetennis\" \/>\n<meta property=\"article:modified_time\" content=\"2025-01-14T09:52:03+00:00\" \/>\n<meta property=\"og:image\" content=\"https:\/\/planetetennis.fr\/wp-content\/uploads\/2023\/12\/set-leopard-padel-racket.jpg\" \/>\n\t<meta property=\"og:image:width\" content=\"455\" \/>\n\t<meta property=\"og:image:height\" content=\"455\" \/>\n\t<meta property=\"og:image:type\" content=\"image\/jpeg\" \/>\n<meta name=\"twitter:card\" content=\"summary_large_image\" \/>\n<meta name=\"twitter:label1\" content=\"Est. reading time\" \/>\n\t<meta name=\"twitter:data1\" content=\"1 minute\" \/>\n<script type=\"application\/ld+json\" class=\"yoast-schema-graph\">{\"@context\":\"https:\\\/\\\/schema.org\",\"@graph\":[{\"@type\":\"WebPage\",\"@id\":\"https:\\\/\\\/planetetennis.fr\\\/product\\\/raquette-de-padel-leopard-set\\\/\",\"url\":\"https:\\\/\\\/planetetennis.fr\\\/product\\\/raquette-de-padel-leopard-set\\\/\",\"name\":\"Raquette de Padel Leopard SET - Planetetennis\",\"isPartOf\":{\"@id\":\"https:\\\/\\\/planetetennis.fr\\\/#website\"},\"primaryImageOfPage\":{\"@id\":\"https:\\\/\\\/planetetennis.fr\\\/product\\\/raquette-de-padel-leopard-set\\\/#primaryimage\"},\"image\":{\"@id\":\"https:\\\/\\\/planetetennis.fr\\\/product\\\/raquette-de-padel-leopard-set\\\/#primaryimage\"},\"thumbnailUrl\":\"https:\\\/\\\/planetetennis.fr\\\/wp-content\\\/uploads\\\/2023\\\/12\\\/set-leopard-padel-racket.jpg\",\"datePublished\":\"2023-12-07T16:51:58+00:00\",\"dateModified\":\"2025-01-14T09:52:03+00:00\",\"description\":\"Le mod\u00e8le GAME JR pr\u00e9sente des caract\u00e9ristiques qui le diff\u00e9rencient d'une raquette pour adultes. Il est plus l\u00e9ger et plus petit, dans le but de s'adapter au physique\",\"breadcrumb\":{\"@id\":\"https:\\\/\\\/planetetennis.fr\\\/product\\\/raquette-de-padel-leopard-set\\\/#breadcrumb\"},\"inLanguage\":\"es-ES\",\"potentialAction\":[{\"@type\":\"ReadAction\",\"target\":[\"https:\\\/\\\/planetetennis.fr\\\/product\\\/raquette-de-padel-leopard-set\\\/\"]}]},{\"@type\":\"ImageObject\",\"inLanguage\":\"es-ES\",\"@id\":\"https:\\\/\\\/planetetennis.fr\\\/product\\\/raquette-de-padel-leopard-set\\\/#primaryimage\",\"url\":\"https:\\\/\\\/planetetennis.fr\\\/wp-content\\\/uploads\\\/2023\\\/12\\\/set-leopard-padel-racket.jpg\",\"contentUrl\":\"https:\\\/\\\/planetetennis.fr\\\/wp-content\\\/uploads\\\/2023\\\/12\\\/set-leopard-padel-racket.jpg\",\"width\":455,\"height\":455},{\"@type\":\"BreadcrumbList\",\"@id\":\"https:\\\/\\\/planetetennis.fr\\\/product\\\/raquette-de-padel-leopard-set\\\/#breadcrumb\",\"itemListElement\":[{\"@type\":\"ListItem\",\"position\":1,\"name\":\"Accueil\",\"item\":\"https:\\\/\\\/planetetennis.fr\\\/\"},{\"@type\":\"ListItem\",\"position\":2,\"name\":\"Nos produits\",\"item\":\"https:\\\/\\\/planetetennis.fr\\\/produits\\\/\"},{\"@type\":\"ListItem\",\"position\":3,\"name\":\"Raquette de Padel Leopard SET\"}]},{\"@type\":\"WebSite\",\"@id\":\"https:\\\/\\\/planetetennis.fr\\\/#website\",\"url\":\"https:\\\/\\\/planetetennis.fr\\\/\",\"name\":\"Planetetennis\",\"description\":\"Cordages de tennis monofilament fran\u00e7ais\",\"publisher\":{\"@id\":\"https:\\\/\\\/planetetennis.fr\\\/#organization\"},\"potentialAction\":[{\"@type\":\"SearchAction\",\"target\":{\"@type\":\"EntryPoint\",\"urlTemplate\":\"https:\\\/\\\/planetetennis.fr\\\/?s={search_term_string}\"},\"query-input\":{\"@type\":\"PropertyValueSpecification\",\"valueRequired\":true,\"valueName\":\"search_term_string\"}}],\"inLanguage\":\"es-ES\"},{\"@type\":\"Organization\",\"@id\":\"https:\\\/\\\/planetetennis.fr\\\/#organization\",\"name\":\"Planetetennis\",\"url\":\"https:\\\/\\\/planetetennis.fr\\\/\",\"logo\":{\"@type\":\"ImageObject\",\"inLanguage\":\"es-ES\",\"@id\":\"https:\\\/\\\/planetetennis.fr\\\/#\\\/schema\\\/logo\\\/image\\\/\",\"url\":\"https:\\\/\\\/planetetennis.fr\\\/wp-content\\\/uploads\\\/2021\\\/10\\\/logocolor03.png\",\"contentUrl\":\"https:\\\/\\\/planetetennis.fr\\\/wp-content\\\/uploads\\\/2021\\\/10\\\/logocolor03.png\",\"width\":230,\"height\":58,\"caption\":\"Planetetennis\"},\"image\":{\"@id\":\"https:\\\/\\\/planetetennis.fr\\\/#\\\/schema\\\/logo\\\/image\\\/\"}}]}<\/script>\n<!-- \/ Yoast SEO plugin. -->","yoast_head_json":{"title":"Raquette de Padel Leopard SET - Planetetennis","description":"Le mod\u00e8le GAME JR pr\u00e9sente des caract\u00e9ristiques qui le diff\u00e9rencient d'une raquette pour adultes. Il est plus l\u00e9ger et plus petit, dans le but de s'adapter au physique","robots":{"index":"index","follow":"follow","max-snippet":"max-snippet:-1","max-image-preview":"max-image-preview:large","max-video-preview":"max-video-preview:-1"},"canonical":"https:\/\/planetetennis.fr\/es\/product\/raquette-de-padel-leopard-set\/","og_locale":"es_ES","og_type":"article","og_title":"Raquette de Padel Leopard SET - Planetetennis","og_description":"Le mod\u00e8le GAME JR pr\u00e9sente des caract\u00e9ristiques qui le diff\u00e9rencient d'une raquette pour adultes. Il est plus l\u00e9ger et plus petit, dans le but de s'adapter au physique","og_url":"https:\/\/planetetennis.fr\/es\/product\/raquette-de-padel-leopard-set\/","og_site_name":"Planetetennis","article_modified_time":"2025-01-14T09:52:03+00:00","og_image":[{"width":455,"height":455,"url":"https:\/\/planetetennis.fr\/wp-content\/uploads\/2023\/12\/set-leopard-padel-racket.jpg","type":"image\/jpeg"}],"twitter_card":"summary_large_image","twitter_misc":{"Est. reading time":"1 minute"},"schema":{"@context":"https:\/\/schema.org","@graph":[{"@type":"WebPage","@id":"https:\/\/planetetennis.fr\/product\/raquette-de-padel-leopard-set\/","url":"https:\/\/planetetennis.fr\/product\/raquette-de-padel-leopard-set\/","name":"Raquette de Padel Leopard SET - Planetetennis","isPartOf":{"@id":"https:\/\/planetetennis.fr\/#website"},"primaryImageOfPage":{"@id":"https:\/\/planetetennis.fr\/product\/raquette-de-padel-leopard-set\/#primaryimage"},"image":{"@id":"https:\/\/planetetennis.fr\/product\/raquette-de-padel-leopard-set\/#primaryimage"},"thumbnailUrl":"https:\/\/planetetennis.fr\/wp-content\/uploads\/2023\/12\/set-leopard-padel-racket.jpg","datePublished":"2023-12-07T16:51:58+00:00","dateModified":"2025-01-14T09:52:03+00:00","description":"Le mod\u00e8le GAME JR pr\u00e9sente des caract\u00e9ristiques qui le diff\u00e9rencient d'une raquette pour adultes. Il est plus l\u00e9ger et plus petit, dans le but de s'adapter au physique","breadcrumb":{"@id":"https:\/\/planetetennis.fr\/product\/raquette-de-padel-leopard-set\/#breadcrumb"},"inLanguage":"es-ES","potentialAction":[{"@type":"ReadAction","target":["https:\/\/planetetennis.fr\/product\/raquette-de-padel-leopard-set\/"]}]},{"@type":"ImageObject","inLanguage":"es-ES","@id":"https:\/\/planetetennis.fr\/product\/raquette-de-padel-leopard-set\/#primaryimage","url":"https:\/\/planetetennis.fr\/wp-content\/uploads\/2023\/12\/set-leopard-padel-racket.jpg","contentUrl":"https:\/\/planetetennis.fr\/wp-content\/uploads\/2023\/12\/set-leopard-padel-racket.jpg","width":455,"height":455},{"@type":"BreadcrumbList","@id":"https:\/\/planetetennis.fr\/product\/raquette-de-padel-leopard-set\/#breadcrumb","itemListElement":[{"@type":"ListItem","position":1,"name":"Accueil","item":"https:\/\/planetetennis.fr\/"},{"@type":"ListItem","position":2,"name":"Nos produits","item":"https:\/\/planetetennis.fr\/produits\/"},{"@type":"ListItem","position":3,"name":"Raquette de Padel Leopard SET"}]},{"@type":"WebSite","@id":"https:\/\/planetetennis.fr\/#website","url":"https:\/\/planetetennis.fr\/","name":"Planeta tenis","description":"Cordages de tennis monofilament fran\u00e7ais","publisher":{"@id":"https:\/\/planetetennis.fr\/#organization"},"potentialAction":[{"@type":"SearchAction","target":{"@type":"EntryPoint","urlTemplate":"https:\/\/planetetennis.fr\/?s={search_term_string}"},"query-input":{"@type":"PropertyValueSpecification","valueRequired":true,"valueName":"search_term_string"}}],"inLanguage":"es-ES"},{"@type":"Organization","@id":"https:\/\/planetetennis.fr\/#organization","name":"Planeta tenis","url":"https:\/\/planetetennis.fr\/","logo":{"@type":"ImageObject","inLanguage":"es-ES","@id":"https:\/\/planetetennis.fr\/#\/schema\/logo\/image\/","url":"https:\/\/planetetennis.fr\/wp-content\/uploads\/2021\/10\/logocolor03.png","contentUrl":"https:\/\/planetetennis.fr\/wp-content\/uploads\/2021\/10\/logocolor03.png","width":230,"height":58,"caption":"Planetetennis"},"image":{"@id":"https:\/\/planetetennis.fr\/#\/schema\/logo\/image\/"}}]}},"_links":{"self":[{"href":"https:\/\/planetetennis.fr\/es\/wp-json\/wp\/v2\/product\/16179","targetHints":{"allow":["GET"]}}],"collection":[{"href":"https:\/\/planetetennis.fr\/es\/wp-json\/wp\/v2\/product"}],"about":[{"href":"https:\/\/planetetennis.fr\/es\/wp-json\/wp\/v2\/types\/product"}],"replies":[{"embeddable":true,"href":"https:\/\/planetetennis.fr\/es\/wp-json\/wp\/v2\/comments?post=16179"}],"wp:featuredmedia":[{"embeddable":true,"href":"https:\/\/planetetennis.fr\/es\/wp-json\/wp\/v2\/media\/16180"}],"wp:attachment":[{"href":"https:\/\/planetetennis.fr\/es\/wp-json\/wp\/v2\/media?parent=16179"}],"wp:term":[{"taxonomy":"product_brand","embeddable":true,"href":"https:\/\/planetetennis.fr\/es\/wp-json\/wp\/v2\/product_brand?post=16179"},{"taxonomy":"product_cat","embeddable":true,"href":"https:\/\/planetetennis.fr\/es\/wp-json\/wp\/v2\/product_cat?post=16179"},{"taxonomy":"product_tag","embeddable":true,"href":"https:\/\/planetetennis.fr\/es\/wp-json\/wp\/v2\/product_tag?post=16179"}],"curies":[{"name":"wp","href":"https:\/\/api.w.org\/{rel}","templated":true}]}}