{"id":16182,"date":"2023-12-07T17:17:13","date_gmt":"2023-12-07T17:17:13","guid":{"rendered":"https:\/\/planetetennis.fr\/?post_type=product&#038;p=16182"},"modified":"2025-01-14T09:48:50","modified_gmt":"2025-01-14T09:48:50","slug":"raquette-de-padel-coyotte-set","status":"publish","type":"product","link":"https:\/\/planetetennis.fr\/es\/product\/raquette-de-padel-coyotte-set\/","title":{"rendered":"Raquette de Padel Coyotte SET"},"content":{"rendered":"<p>Caract\u00e9ristiques techniques :<\/p>\n<p>Niveau : D\u00e9butant<br \/>\nType de jeu : Contr\u00f4le<br \/>\nForme : Ronde<br \/>\n\u00c9quilibre : Manche<br \/>\nPoids : 360 grammes<br \/>\nProfil : 38 mm<br \/>\nNoyau : Caoutchouc Eva <span style=\"font-weight: 400;\">Ultra doux<\/span><br \/>\nFaces : 100 % Fibres de verre<br \/>\nCadre : 100 % Carbone<br \/>\nSurface : Lisse<br \/>\nFinition : Vernis mate<\/p>\n<p>\u00a0<\/p>","protected":false},"excerpt":{"rendered":"<p><span style=\"font-weight: 400;\">La raquette Coyote offre une combinaison id\u00e9ale de contr\u00f4le et de confort pour les joueurs d\u00e9butants, avec un mat\u00e9riau en caoutchouc souple pour absorber les chocs et d\u00e9livrer des tirs pr\u00e9cis. Con\u00e7u pour donner aux joueurs un avantage concurrentiel, il offre des performances et une pr\u00e9cision constantes.<\/span><\/p>\n<p>C&#8217;est une raquette de padel puissante, avec un bon contr\u00f4le et un design spectaculaire, la qualit\u00e9 SET \u00e0 un prix imbattable.<\/p>\n<p>Il convient \u00e9galement de noter les trous de lame strat\u00e9giquement plac\u00e9s pour augmenter le rendement de la balle et \u00e9viter les vibrations de la lame en augmentant le sweet spot.<\/p>","protected":false},"featured_media":16183,"comment_status":"open","ping_status":"closed","template":"","meta":{"_monsterinsights_skip_tracking":false,"_monsterinsights_sitenote_active":false,"_monsterinsights_sitenote_note":"","_monsterinsights_sitenote_category":0},"product_brand":[],"product_cat":[326,327],"product_tag":[],"class_list":{"0":"post-16182","1":"product","2":"type-product","3":"status-publish","4":"has-post-thumbnail","6":"product_cat-padel-2","7":"product_cat-raquettes","9":"first","10":"instock","11":"sale","12":"taxable","13":"shipping-taxable","14":"purchasable","15":"product-type-simple"},"yoast_head":"<!-- This site is optimized with the Yoast SEO plugin v27.5 - https:\/\/yoast.com\/product\/yoast-seo-wordpress\/ -->\n<title>Raquette de Padel Coyotte SET - Planetetennis<\/title>\n<meta name=\"description\" content=\"Le mod\u00e8le GAME JR pr\u00e9sente des caract\u00e9ristiques qui le diff\u00e9rencient d&#039;une raquette pour adultes. Il est plus l\u00e9ger et plus petit, dans le but de s&#039;adapter au physique\" \/>\n<meta name=\"robots\" content=\"index, follow, max-snippet:-1, max-image-preview:large, max-video-preview:-1\" \/>\n<link rel=\"canonical\" href=\"https:\/\/planetetennis.fr\/es\/product\/raquette-de-padel-coyotte-set\/\" \/>\n<meta property=\"og:locale\" content=\"es_ES\" \/>\n<meta property=\"og:type\" content=\"article\" \/>\n<meta property=\"og:title\" content=\"Raquette de Padel Coyotte SET - Planetetennis\" \/>\n<meta property=\"og:description\" content=\"Le mod\u00e8le GAME JR pr\u00e9sente des caract\u00e9ristiques qui le diff\u00e9rencient d&#039;une raquette pour adultes. Il est plus l\u00e9ger et plus petit, dans le but de s&#039;adapter au physique\" \/>\n<meta property=\"og:url\" content=\"https:\/\/planetetennis.fr\/es\/product\/raquette-de-padel-coyotte-set\/\" \/>\n<meta property=\"og:site_name\" content=\"Planetetennis\" \/>\n<meta property=\"article:modified_time\" content=\"2025-01-14T09:48:50+00:00\" \/>\n<meta property=\"og:image\" content=\"https:\/\/planetetennis.fr\/wp-content\/uploads\/2023\/12\/COYOTTE.jpg\" \/>\n\t<meta property=\"og:image:width\" content=\"800\" \/>\n\t<meta property=\"og:image:height\" content=\"854\" \/>\n\t<meta property=\"og:image:type\" content=\"image\/jpeg\" \/>\n<meta name=\"twitter:card\" content=\"summary_large_image\" \/>\n<meta name=\"twitter:label1\" content=\"Est. reading time\" \/>\n\t<meta name=\"twitter:data1\" content=\"1 minute\" \/>\n<script type=\"application\/ld+json\" class=\"yoast-schema-graph\">{\"@context\":\"https:\\\/\\\/schema.org\",\"@graph\":[{\"@type\":\"WebPage\",\"@id\":\"https:\\\/\\\/planetetennis.fr\\\/product\\\/raquette-de-padel-coyotte-set\\\/\",\"url\":\"https:\\\/\\\/planetetennis.fr\\\/product\\\/raquette-de-padel-coyotte-set\\\/\",\"name\":\"Raquette de Padel Coyotte SET - Planetetennis\",\"isPartOf\":{\"@id\":\"https:\\\/\\\/planetetennis.fr\\\/#website\"},\"primaryImageOfPage\":{\"@id\":\"https:\\\/\\\/planetetennis.fr\\\/product\\\/raquette-de-padel-coyotte-set\\\/#primaryimage\"},\"image\":{\"@id\":\"https:\\\/\\\/planetetennis.fr\\\/product\\\/raquette-de-padel-coyotte-set\\\/#primaryimage\"},\"thumbnailUrl\":\"https:\\\/\\\/planetetennis.fr\\\/wp-content\\\/uploads\\\/2023\\\/12\\\/COYOTTE.jpg\",\"datePublished\":\"2023-12-07T17:17:13+00:00\",\"dateModified\":\"2025-01-14T09:48:50+00:00\",\"description\":\"Le mod\u00e8le GAME JR pr\u00e9sente des caract\u00e9ristiques qui le diff\u00e9rencient d'une raquette pour adultes. Il est plus l\u00e9ger et plus petit, dans le but de s'adapter au physique\",\"breadcrumb\":{\"@id\":\"https:\\\/\\\/planetetennis.fr\\\/product\\\/raquette-de-padel-coyotte-set\\\/#breadcrumb\"},\"inLanguage\":\"es-ES\",\"potentialAction\":[{\"@type\":\"ReadAction\",\"target\":[\"https:\\\/\\\/planetetennis.fr\\\/product\\\/raquette-de-padel-coyotte-set\\\/\"]}]},{\"@type\":\"ImageObject\",\"inLanguage\":\"es-ES\",\"@id\":\"https:\\\/\\\/planetetennis.fr\\\/product\\\/raquette-de-padel-coyotte-set\\\/#primaryimage\",\"url\":\"https:\\\/\\\/planetetennis.fr\\\/wp-content\\\/uploads\\\/2023\\\/12\\\/COYOTTE.jpg\",\"contentUrl\":\"https:\\\/\\\/planetetennis.fr\\\/wp-content\\\/uploads\\\/2023\\\/12\\\/COYOTTE.jpg\",\"width\":800,\"height\":854},{\"@type\":\"BreadcrumbList\",\"@id\":\"https:\\\/\\\/planetetennis.fr\\\/product\\\/raquette-de-padel-coyotte-set\\\/#breadcrumb\",\"itemListElement\":[{\"@type\":\"ListItem\",\"position\":1,\"name\":\"Accueil\",\"item\":\"https:\\\/\\\/planetetennis.fr\\\/\"},{\"@type\":\"ListItem\",\"position\":2,\"name\":\"Nos produits\",\"item\":\"https:\\\/\\\/planetetennis.fr\\\/produits\\\/\"},{\"@type\":\"ListItem\",\"position\":3,\"name\":\"Raquette de Padel Coyotte SET\"}]},{\"@type\":\"WebSite\",\"@id\":\"https:\\\/\\\/planetetennis.fr\\\/#website\",\"url\":\"https:\\\/\\\/planetetennis.fr\\\/\",\"name\":\"Planetetennis\",\"description\":\"Cordages de tennis monofilament fran\u00e7ais\",\"publisher\":{\"@id\":\"https:\\\/\\\/planetetennis.fr\\\/#organization\"},\"potentialAction\":[{\"@type\":\"SearchAction\",\"target\":{\"@type\":\"EntryPoint\",\"urlTemplate\":\"https:\\\/\\\/planetetennis.fr\\\/?s={search_term_string}\"},\"query-input\":{\"@type\":\"PropertyValueSpecification\",\"valueRequired\":true,\"valueName\":\"search_term_string\"}}],\"inLanguage\":\"es-ES\"},{\"@type\":\"Organization\",\"@id\":\"https:\\\/\\\/planetetennis.fr\\\/#organization\",\"name\":\"Planetetennis\",\"url\":\"https:\\\/\\\/planetetennis.fr\\\/\",\"logo\":{\"@type\":\"ImageObject\",\"inLanguage\":\"es-ES\",\"@id\":\"https:\\\/\\\/planetetennis.fr\\\/#\\\/schema\\\/logo\\\/image\\\/\",\"url\":\"https:\\\/\\\/planetetennis.fr\\\/wp-content\\\/uploads\\\/2021\\\/10\\\/logocolor03.png\",\"contentUrl\":\"https:\\\/\\\/planetetennis.fr\\\/wp-content\\\/uploads\\\/2021\\\/10\\\/logocolor03.png\",\"width\":230,\"height\":58,\"caption\":\"Planetetennis\"},\"image\":{\"@id\":\"https:\\\/\\\/planetetennis.fr\\\/#\\\/schema\\\/logo\\\/image\\\/\"}}]}<\/script>\n<!-- \/ Yoast SEO plugin. -->","yoast_head_json":{"title":"Raquette de Padel Coyotte SET - Planetetennis","description":"Le mod\u00e8le GAME JR pr\u00e9sente des caract\u00e9ristiques qui le diff\u00e9rencient d'une raquette pour adultes. Il est plus l\u00e9ger et plus petit, dans le but de s'adapter au physique","robots":{"index":"index","follow":"follow","max-snippet":"max-snippet:-1","max-image-preview":"max-image-preview:large","max-video-preview":"max-video-preview:-1"},"canonical":"https:\/\/planetetennis.fr\/es\/product\/raquette-de-padel-coyotte-set\/","og_locale":"es_ES","og_type":"article","og_title":"Raquette de Padel Coyotte SET - Planetetennis","og_description":"Le mod\u00e8le GAME JR pr\u00e9sente des caract\u00e9ristiques qui le diff\u00e9rencient d'une raquette pour adultes. Il est plus l\u00e9ger et plus petit, dans le but de s'adapter au physique","og_url":"https:\/\/planetetennis.fr\/es\/product\/raquette-de-padel-coyotte-set\/","og_site_name":"Planetetennis","article_modified_time":"2025-01-14T09:48:50+00:00","og_image":[{"width":800,"height":854,"url":"https:\/\/planetetennis.fr\/wp-content\/uploads\/2023\/12\/COYOTTE.jpg","type":"image\/jpeg"}],"twitter_card":"summary_large_image","twitter_misc":{"Est. reading time":"1 minute"},"schema":{"@context":"https:\/\/schema.org","@graph":[{"@type":"WebPage","@id":"https:\/\/planetetennis.fr\/product\/raquette-de-padel-coyotte-set\/","url":"https:\/\/planetetennis.fr\/product\/raquette-de-padel-coyotte-set\/","name":"Raquette de Padel Coyotte SET - Planetetennis","isPartOf":{"@id":"https:\/\/planetetennis.fr\/#website"},"primaryImageOfPage":{"@id":"https:\/\/planetetennis.fr\/product\/raquette-de-padel-coyotte-set\/#primaryimage"},"image":{"@id":"https:\/\/planetetennis.fr\/product\/raquette-de-padel-coyotte-set\/#primaryimage"},"thumbnailUrl":"https:\/\/planetetennis.fr\/wp-content\/uploads\/2023\/12\/COYOTTE.jpg","datePublished":"2023-12-07T17:17:13+00:00","dateModified":"2025-01-14T09:48:50+00:00","description":"Le mod\u00e8le GAME JR pr\u00e9sente des caract\u00e9ristiques qui le diff\u00e9rencient d'une raquette pour adultes. Il est plus l\u00e9ger et plus petit, dans le but de s'adapter au physique","breadcrumb":{"@id":"https:\/\/planetetennis.fr\/product\/raquette-de-padel-coyotte-set\/#breadcrumb"},"inLanguage":"es-ES","potentialAction":[{"@type":"ReadAction","target":["https:\/\/planetetennis.fr\/product\/raquette-de-padel-coyotte-set\/"]}]},{"@type":"ImageObject","inLanguage":"es-ES","@id":"https:\/\/planetetennis.fr\/product\/raquette-de-padel-coyotte-set\/#primaryimage","url":"https:\/\/planetetennis.fr\/wp-content\/uploads\/2023\/12\/COYOTTE.jpg","contentUrl":"https:\/\/planetetennis.fr\/wp-content\/uploads\/2023\/12\/COYOTTE.jpg","width":800,"height":854},{"@type":"BreadcrumbList","@id":"https:\/\/planetetennis.fr\/product\/raquette-de-padel-coyotte-set\/#breadcrumb","itemListElement":[{"@type":"ListItem","position":1,"name":"Accueil","item":"https:\/\/planetetennis.fr\/"},{"@type":"ListItem","position":2,"name":"Nos produits","item":"https:\/\/planetetennis.fr\/produits\/"},{"@type":"ListItem","position":3,"name":"Raquette de Padel Coyotte SET"}]},{"@type":"WebSite","@id":"https:\/\/planetetennis.fr\/#website","url":"https:\/\/planetetennis.fr\/","name":"Planeta tenis","description":"Cordages de tennis monofilament fran\u00e7ais","publisher":{"@id":"https:\/\/planetetennis.fr\/#organization"},"potentialAction":[{"@type":"SearchAction","target":{"@type":"EntryPoint","urlTemplate":"https:\/\/planetetennis.fr\/?s={search_term_string}"},"query-input":{"@type":"PropertyValueSpecification","valueRequired":true,"valueName":"search_term_string"}}],"inLanguage":"es-ES"},{"@type":"Organization","@id":"https:\/\/planetetennis.fr\/#organization","name":"Planeta tenis","url":"https:\/\/planetetennis.fr\/","logo":{"@type":"ImageObject","inLanguage":"es-ES","@id":"https:\/\/planetetennis.fr\/#\/schema\/logo\/image\/","url":"https:\/\/planetetennis.fr\/wp-content\/uploads\/2021\/10\/logocolor03.png","contentUrl":"https:\/\/planetetennis.fr\/wp-content\/uploads\/2021\/10\/logocolor03.png","width":230,"height":58,"caption":"Planetetennis"},"image":{"@id":"https:\/\/planetetennis.fr\/#\/schema\/logo\/image\/"}}]}},"_links":{"self":[{"href":"https:\/\/planetetennis.fr\/es\/wp-json\/wp\/v2\/product\/16182","targetHints":{"allow":["GET"]}}],"collection":[{"href":"https:\/\/planetetennis.fr\/es\/wp-json\/wp\/v2\/product"}],"about":[{"href":"https:\/\/planetetennis.fr\/es\/wp-json\/wp\/v2\/types\/product"}],"replies":[{"embeddable":true,"href":"https:\/\/planetetennis.fr\/es\/wp-json\/wp\/v2\/comments?post=16182"}],"wp:featuredmedia":[{"embeddable":true,"href":"https:\/\/planetetennis.fr\/es\/wp-json\/wp\/v2\/media\/16183"}],"wp:attachment":[{"href":"https:\/\/planetetennis.fr\/es\/wp-json\/wp\/v2\/media?parent=16182"}],"wp:term":[{"taxonomy":"product_brand","embeddable":true,"href":"https:\/\/planetetennis.fr\/es\/wp-json\/wp\/v2\/product_brand?post=16182"},{"taxonomy":"product_cat","embeddable":true,"href":"https:\/\/planetetennis.fr\/es\/wp-json\/wp\/v2\/product_cat?post=16182"},{"taxonomy":"product_tag","embeddable":true,"href":"https:\/\/planetetennis.fr\/es\/wp-json\/wp\/v2\/product_tag?post=16182"}],"curies":[{"name":"wp","href":"https:\/\/api.w.org\/{rel}","templated":true}]}}