{"id":16441,"date":"2024-05-10T20:52:13","date_gmt":"2024-05-10T20:52:13","guid":{"rendered":"https:\/\/planetetennis.fr\/?post_type=product&#038;p=16441"},"modified":"2025-06-09T15:57:38","modified_gmt":"2025-06-09T15:57:38","slug":"lance-balle-siboasi-tp-210-tennis-padel","status":"publish","type":"product","link":"https:\/\/planetetennis.fr\/es\/product\/lance-balle-siboasi-tp-210-tennis-padel\/","title":{"rendered":"Lance balle Siboasi TP 210 Tennis &amp; Padel"},"content":{"rendered":"<ol>\n<li><span style=\"font-weight: 400;\">Personnalisation de la vitesse de service, de l&#8217;angle, de la fr\u00e9quence, de l&#8217;effet, etc&#8230;<\/span><span style=\"font-weight: 400;\">\u00a0Programmation intelligente de l&#8217;atterrissage, 35 points optionnels, r\u00e9glage fin intelligent de l&#8217;angle de tangage et de l&#8217;angle horizontal ;<\/span><\/li>\n<\/ol>\n<ol start=\"3\">\n<li><span style=\"font-weight: 400;\"> Programme d&#8217;entra\u00eenement personnalis\u00e9, plusieurs modes d&#8217;exercices \u00e0 point fixe, d&#8217;exercices \u00e0 deux lignes, d&#8217;exercices \u00e0 lignes crois\u00e9es et d&#8217;exercices al\u00e9atoires sont disponibles en option ;<\/span><\/li>\n<\/ol>\n<ol start=\"4\">\n<li><span style=\"font-weight: 400;\"> La fr\u00e9quence d&#8217;entra\u00eenement est de 1,8 \u00e0 9 secondes, ce qui permet aux joueurs d&#8217;am\u00e9liorer rapidement leur force de comp\u00e9tition ;<\/span><\/li>\n<\/ol>\n<ol start=\"5\">\n<li><span style=\"font-weight: 400;\"> Il peut aider les joueurs \u00e0 normaliser les mouvements de base, \u00e0 pratiquer le coup droit et le revers, le jeu de jambes et \u00e0 am\u00e9liorer la pr\u00e9cision du retour de la balle ;<\/span><\/li>\n<\/ol>\n<ol start=\"7\">\n<li><span style=\"font-weight: 400;\"> Compagnon d&#8217;entra\u00eenement professionnel, qui peut \u00eatre utilis\u00e9 dans divers sc\u00e9narios tels que les sports quotidiens, l&#8217;enseignement et l&#8217;entra\u00eenement.<\/span><\/li>\n<\/ol>\n<p><span style=\"font-weight: 400;\">Caract\u00e9ristiques du produit<\/span><\/p>\n<p><span style=\"font-weight: 400;\">1 &#8211; Exercices de point fixe, exercices de radom (al\u00e9atoire)<\/span><\/p>\n<p>2 &#8211; <span style=\"font-weight: 400;\">Exercices<\/span><span style=\"font-weight: 400;\">\u00a0de tir \u00e0 plat, exercices de vol\u00e9e<\/span><\/p>\n<p>3 &#8211; <span style=\"font-weight: 400;\">Exercices <\/span><span style=\"font-weight: 400;\">sur deux lignes larges\/moyennes\/\u00e9troites<\/span><\/p>\n<p>Garantie : 2 ans<\/p>","protected":false},"excerpt":{"rendered":"<p>Machine lance bales pour le Tennis et aussi le Padel. Dot\u00e9 d&#8217;une t\u00e9l\u00e9commande permettant de faire les r\u00e9glages \u00e0 distance. \u00c9quip\u00e9 d&#8217;un panier de stockage de 150 balles et d&#8217;une batterie au lithium, les balles peut \u00eatre utilis\u00e9es en cycle continu pendant une longue p\u00e9riode, ce qui augmente consid\u00e9rablement le taux de contact avec la balle.<\/p>\n<p>tension : AC 100-240 V, 50-60 HZ<br \/>\npuissance : 360W<br \/>\ntaille du produit : 60*40*85 CM<br \/>\nPoids net : 29.5 KG<br \/>\ncapacit\u00e9 de balles : 150 balles<br \/>\nfr\u00e9quence : 1.8~9 secondes \/ balle<\/p>","protected":false},"featured_media":16442,"comment_status":"open","ping_status":"closed","template":"","meta":{"_monsterinsights_skip_tracking":false,"_monsterinsights_sitenote_active":false,"_monsterinsights_sitenote_note":"","_monsterinsights_sitenote_category":0},"product_brand":[],"product_cat":[603],"product_tag":[],"class_list":{"0":"post-16441","1":"product","2":"type-product","3":"status-publish","4":"has-post-thumbnail","6":"product_cat-lance-balles","8":"first","9":"instock","10":"taxable","11":"shipping-taxable","12":"purchasable","13":"product-type-simple"},"yoast_head":"<!-- This site is optimized with the Yoast SEO plugin v27.4 - https:\/\/yoast.com\/product\/yoast-seo-wordpress\/ -->\n<title>Lance balle Siboasi TP 210 Tennis &amp; Padel - Planetetennis<\/title>\n<meta name=\"robots\" content=\"index, follow, max-snippet:-1, max-image-preview:large, max-video-preview:-1\" \/>\n<link rel=\"canonical\" href=\"https:\/\/planetetennis.fr\/es\/product\/lance-balle-siboasi-tp-210-tennis-padel\/\" \/>\n<meta property=\"og:locale\" content=\"es_ES\" \/>\n<meta property=\"og:type\" content=\"article\" \/>\n<meta property=\"og:title\" content=\"Lance balle Siboasi TP 210 Tennis &amp; Padel - Planetetennis\" \/>\n<meta property=\"og:description\" content=\"Machine lance bales pour le Tennis et aussi le Padel. Dot\u00e9 d&#039;une t\u00e9l\u00e9commande permettant de faire les r\u00e9glages \u00e0 distance. \u00c9quip\u00e9 d&#039;un panier de stockage de 150 balles et d&#039;une batterie au lithium, les balles peut \u00eatre utilis\u00e9es en cycle continu pendant une longue p\u00e9riode, ce qui augmente consid\u00e9rablement le taux de contact avec la balle.  tension : AC 100-240 V, 50-60 HZ puissance : 360W taille du produit : 60*40*85 CM Poids net : 29.5 KG capacit\u00e9 de balles : 150 balles fr\u00e9quence : 1.8~9 secondes \/ balle\" \/>\n<meta property=\"og:url\" content=\"https:\/\/planetetennis.fr\/es\/product\/lance-balle-siboasi-tp-210-tennis-padel\/\" \/>\n<meta property=\"og:site_name\" content=\"Planetetennis\" \/>\n<meta property=\"article:modified_time\" content=\"2025-06-09T15:57:38+00:00\" \/>\n<meta property=\"og:image\" content=\"https:\/\/planetetennis.fr\/wp-content\/uploads\/2024\/05\/Design-sans-titre-2.png\" \/>\n\t<meta property=\"og:image:width\" content=\"1333\" \/>\n\t<meta property=\"og:image:height\" content=\"2000\" \/>\n\t<meta property=\"og:image:type\" content=\"image\/png\" \/>\n<meta name=\"twitter:card\" content=\"summary_large_image\" \/>\n<meta name=\"twitter:label1\" content=\"Est. reading time\" \/>\n\t<meta name=\"twitter:data1\" content=\"1 minute\" \/>\n<script type=\"application\/ld+json\" class=\"yoast-schema-graph\">{\"@context\":\"https:\\\/\\\/schema.org\",\"@graph\":[{\"@type\":\"WebPage\",\"@id\":\"https:\\\/\\\/planetetennis.fr\\\/product\\\/lance-balle-siboasi-tp-210-tennis-padel\\\/\",\"url\":\"https:\\\/\\\/planetetennis.fr\\\/product\\\/lance-balle-siboasi-tp-210-tennis-padel\\\/\",\"name\":\"Lance balle Siboasi TP 210 Tennis &amp; Padel - Planetetennis\",\"isPartOf\":{\"@id\":\"https:\\\/\\\/planetetennis.fr\\\/#website\"},\"primaryImageOfPage\":{\"@id\":\"https:\\\/\\\/planetetennis.fr\\\/product\\\/lance-balle-siboasi-tp-210-tennis-padel\\\/#primaryimage\"},\"image\":{\"@id\":\"https:\\\/\\\/planetetennis.fr\\\/product\\\/lance-balle-siboasi-tp-210-tennis-padel\\\/#primaryimage\"},\"thumbnailUrl\":\"https:\\\/\\\/planetetennis.fr\\\/wp-content\\\/uploads\\\/2024\\\/05\\\/Design-sans-titre-2.png\",\"datePublished\":\"2024-05-10T20:52:13+00:00\",\"dateModified\":\"2025-06-09T15:57:38+00:00\",\"breadcrumb\":{\"@id\":\"https:\\\/\\\/planetetennis.fr\\\/product\\\/lance-balle-siboasi-tp-210-tennis-padel\\\/#breadcrumb\"},\"inLanguage\":\"es-ES\",\"potentialAction\":[{\"@type\":\"ReadAction\",\"target\":[\"https:\\\/\\\/planetetennis.fr\\\/product\\\/lance-balle-siboasi-tp-210-tennis-padel\\\/\"]}]},{\"@type\":\"ImageObject\",\"inLanguage\":\"es-ES\",\"@id\":\"https:\\\/\\\/planetetennis.fr\\\/product\\\/lance-balle-siboasi-tp-210-tennis-padel\\\/#primaryimage\",\"url\":\"https:\\\/\\\/planetetennis.fr\\\/wp-content\\\/uploads\\\/2024\\\/05\\\/Design-sans-titre-2.png\",\"contentUrl\":\"https:\\\/\\\/planetetennis.fr\\\/wp-content\\\/uploads\\\/2024\\\/05\\\/Design-sans-titre-2.png\",\"width\":1333,\"height\":2000},{\"@type\":\"BreadcrumbList\",\"@id\":\"https:\\\/\\\/planetetennis.fr\\\/product\\\/lance-balle-siboasi-tp-210-tennis-padel\\\/#breadcrumb\",\"itemListElement\":[{\"@type\":\"ListItem\",\"position\":1,\"name\":\"Accueil\",\"item\":\"https:\\\/\\\/planetetennis.fr\\\/\"},{\"@type\":\"ListItem\",\"position\":2,\"name\":\"Nos produits\",\"item\":\"https:\\\/\\\/planetetennis.fr\\\/produits\\\/\"},{\"@type\":\"ListItem\",\"position\":3,\"name\":\"Lance balle Siboasi TP 210 Tennis &amp; Padel\"}]},{\"@type\":\"WebSite\",\"@id\":\"https:\\\/\\\/planetetennis.fr\\\/#website\",\"url\":\"https:\\\/\\\/planetetennis.fr\\\/\",\"name\":\"Planetetennis\",\"description\":\"Cordages de tennis monofilament fran\u00e7ais\",\"publisher\":{\"@id\":\"https:\\\/\\\/planetetennis.fr\\\/#organization\"},\"potentialAction\":[{\"@type\":\"SearchAction\",\"target\":{\"@type\":\"EntryPoint\",\"urlTemplate\":\"https:\\\/\\\/planetetennis.fr\\\/?s={search_term_string}\"},\"query-input\":{\"@type\":\"PropertyValueSpecification\",\"valueRequired\":true,\"valueName\":\"search_term_string\"}}],\"inLanguage\":\"es-ES\"},{\"@type\":\"Organization\",\"@id\":\"https:\\\/\\\/planetetennis.fr\\\/#organization\",\"name\":\"Planetetennis\",\"url\":\"https:\\\/\\\/planetetennis.fr\\\/\",\"logo\":{\"@type\":\"ImageObject\",\"inLanguage\":\"es-ES\",\"@id\":\"https:\\\/\\\/planetetennis.fr\\\/#\\\/schema\\\/logo\\\/image\\\/\",\"url\":\"https:\\\/\\\/planetetennis.fr\\\/wp-content\\\/uploads\\\/2021\\\/10\\\/logocolor03.png\",\"contentUrl\":\"https:\\\/\\\/planetetennis.fr\\\/wp-content\\\/uploads\\\/2021\\\/10\\\/logocolor03.png\",\"width\":230,\"height\":58,\"caption\":\"Planetetennis\"},\"image\":{\"@id\":\"https:\\\/\\\/planetetennis.fr\\\/#\\\/schema\\\/logo\\\/image\\\/\"}}]}<\/script>\n<!-- \/ Yoast SEO plugin. -->","yoast_head_json":{"title":"Lance balle Siboasi TP 210 Tennis &amp; Padel - Planetetennis","robots":{"index":"index","follow":"follow","max-snippet":"max-snippet:-1","max-image-preview":"max-image-preview:large","max-video-preview":"max-video-preview:-1"},"canonical":"https:\/\/planetetennis.fr\/es\/product\/lance-balle-siboasi-tp-210-tennis-padel\/","og_locale":"es_ES","og_type":"article","og_title":"Lance balle Siboasi TP 210 Tennis &amp; Padel - Planetetennis","og_description":"Machine lance bales pour le Tennis et aussi le Padel. Dot\u00e9 d'une t\u00e9l\u00e9commande permettant de faire les r\u00e9glages \u00e0 distance. \u00c9quip\u00e9 d'un panier de stockage de 150 balles et d'une batterie au lithium, les balles peut \u00eatre utilis\u00e9es en cycle continu pendant une longue p\u00e9riode, ce qui augmente consid\u00e9rablement le taux de contact avec la balle.  tension : AC 100-240 V, 50-60 HZ puissance : 360W taille du produit : 60*40*85 CM Poids net : 29.5 KG capacit\u00e9 de balles : 150 balles fr\u00e9quence : 1.8~9 secondes \/ balle","og_url":"https:\/\/planetetennis.fr\/es\/product\/lance-balle-siboasi-tp-210-tennis-padel\/","og_site_name":"Planetetennis","article_modified_time":"2025-06-09T15:57:38+00:00","og_image":[{"width":1333,"height":2000,"url":"https:\/\/planetetennis.fr\/wp-content\/uploads\/2024\/05\/Design-sans-titre-2.png","type":"image\/png"}],"twitter_card":"summary_large_image","twitter_misc":{"Est. reading time":"1 minute"},"schema":{"@context":"https:\/\/schema.org","@graph":[{"@type":"WebPage","@id":"https:\/\/planetetennis.fr\/product\/lance-balle-siboasi-tp-210-tennis-padel\/","url":"https:\/\/planetetennis.fr\/product\/lance-balle-siboasi-tp-210-tennis-padel\/","name":"Lance balle Siboasi TP 210 Tennis &amp; Padel - Planetetennis","isPartOf":{"@id":"https:\/\/planetetennis.fr\/#website"},"primaryImageOfPage":{"@id":"https:\/\/planetetennis.fr\/product\/lance-balle-siboasi-tp-210-tennis-padel\/#primaryimage"},"image":{"@id":"https:\/\/planetetennis.fr\/product\/lance-balle-siboasi-tp-210-tennis-padel\/#primaryimage"},"thumbnailUrl":"https:\/\/planetetennis.fr\/wp-content\/uploads\/2024\/05\/Design-sans-titre-2.png","datePublished":"2024-05-10T20:52:13+00:00","dateModified":"2025-06-09T15:57:38+00:00","breadcrumb":{"@id":"https:\/\/planetetennis.fr\/product\/lance-balle-siboasi-tp-210-tennis-padel\/#breadcrumb"},"inLanguage":"es-ES","potentialAction":[{"@type":"ReadAction","target":["https:\/\/planetetennis.fr\/product\/lance-balle-siboasi-tp-210-tennis-padel\/"]}]},{"@type":"ImageObject","inLanguage":"es-ES","@id":"https:\/\/planetetennis.fr\/product\/lance-balle-siboasi-tp-210-tennis-padel\/#primaryimage","url":"https:\/\/planetetennis.fr\/wp-content\/uploads\/2024\/05\/Design-sans-titre-2.png","contentUrl":"https:\/\/planetetennis.fr\/wp-content\/uploads\/2024\/05\/Design-sans-titre-2.png","width":1333,"height":2000},{"@type":"BreadcrumbList","@id":"https:\/\/planetetennis.fr\/product\/lance-balle-siboasi-tp-210-tennis-padel\/#breadcrumb","itemListElement":[{"@type":"ListItem","position":1,"name":"Accueil","item":"https:\/\/planetetennis.fr\/"},{"@type":"ListItem","position":2,"name":"Nos produits","item":"https:\/\/planetetennis.fr\/produits\/"},{"@type":"ListItem","position":3,"name":"Lance balle Siboasi TP 210 Tennis &amp; Padel"}]},{"@type":"WebSite","@id":"https:\/\/planetetennis.fr\/#website","url":"https:\/\/planetetennis.fr\/","name":"Planeta tenis","description":"Cordages de tennis monofilament fran\u00e7ais","publisher":{"@id":"https:\/\/planetetennis.fr\/#organization"},"potentialAction":[{"@type":"SearchAction","target":{"@type":"EntryPoint","urlTemplate":"https:\/\/planetetennis.fr\/?s={search_term_string}"},"query-input":{"@type":"PropertyValueSpecification","valueRequired":true,"valueName":"search_term_string"}}],"inLanguage":"es-ES"},{"@type":"Organization","@id":"https:\/\/planetetennis.fr\/#organization","name":"Planeta tenis","url":"https:\/\/planetetennis.fr\/","logo":{"@type":"ImageObject","inLanguage":"es-ES","@id":"https:\/\/planetetennis.fr\/#\/schema\/logo\/image\/","url":"https:\/\/planetetennis.fr\/wp-content\/uploads\/2021\/10\/logocolor03.png","contentUrl":"https:\/\/planetetennis.fr\/wp-content\/uploads\/2021\/10\/logocolor03.png","width":230,"height":58,"caption":"Planetetennis"},"image":{"@id":"https:\/\/planetetennis.fr\/#\/schema\/logo\/image\/"}}]}},"_links":{"self":[{"href":"https:\/\/planetetennis.fr\/es\/wp-json\/wp\/v2\/product\/16441","targetHints":{"allow":["GET"]}}],"collection":[{"href":"https:\/\/planetetennis.fr\/es\/wp-json\/wp\/v2\/product"}],"about":[{"href":"https:\/\/planetetennis.fr\/es\/wp-json\/wp\/v2\/types\/product"}],"replies":[{"embeddable":true,"href":"https:\/\/planetetennis.fr\/es\/wp-json\/wp\/v2\/comments?post=16441"}],"wp:featuredmedia":[{"embeddable":true,"href":"https:\/\/planetetennis.fr\/es\/wp-json\/wp\/v2\/media\/16442"}],"wp:attachment":[{"href":"https:\/\/planetetennis.fr\/es\/wp-json\/wp\/v2\/media?parent=16441"}],"wp:term":[{"taxonomy":"product_brand","embeddable":true,"href":"https:\/\/planetetennis.fr\/es\/wp-json\/wp\/v2\/product_brand?post=16441"},{"taxonomy":"product_cat","embeddable":true,"href":"https:\/\/planetetennis.fr\/es\/wp-json\/wp\/v2\/product_cat?post=16441"},{"taxonomy":"product_tag","embeddable":true,"href":"https:\/\/planetetennis.fr\/es\/wp-json\/wp\/v2\/product_tag?post=16441"}],"curies":[{"name":"wp","href":"https:\/\/api.w.org\/{rel}","templated":true}]}}