{"id":16651,"date":"2024-08-07T06:38:37","date_gmt":"2024-08-07T06:38:37","guid":{"rendered":"https:\/\/planetetennis.fr\/?post_type=product&#038;p=16651"},"modified":"2024-11-09T15:32:57","modified_gmt":"2024-11-09T15:32:57","slug":"16651","status":"publish","type":"product","link":"https:\/\/planetetennis.fr\/es\/product\/16651\/","title":{"rendered":"Jupe Wild Arts Printed Wavy"},"content":{"rendered":"","protected":false},"excerpt":{"rendered":"<p>Classique, mais avec la touche BIDI BADU bien s\u00fbr : cette jupe \u00e0 coupe A cr\u00e9e le style tennis que vous connaissez et aimez.<br \/>\nCette jupe fait partie de la collection Wild Arts 2024 et s&#8217;accorde parfaitement avec les hauts. Cet imprim\u00e9 artistique fait honneur \u00e0 son nom, Wild Arts. Les couleurs vives et fluo vous feront remarquer sur n&#8217;importe quel court de tennis.<br \/>\nLa coupe \u00e9vas\u00e9e, qui tombe en vagues douces, offre une libert\u00e9 de mouvement optimale, quelle que soit la vitesse \u00e0 laquelle vous vous d\u00e9placez sur le court. Une large ceinture \u00e9lastiqu\u00e9e et un collant int\u00e9gr\u00e9 compl\u00e8tent le confort de port.<br \/>\nLe polyester de cet article est fabriqu\u00e9 \u00e0 partir de fibres recycl\u00e9es.<\/p>\n<p>&#8211; Coupe standard pour une sensation de d\u00e9tente et de simplicit\u00e9 &#8211; Plis \u00e0 l&#8217;avant pour une libert\u00e9 de mouvement optimale &#8211; Large ceinture \u00e9lastique pour un ajustement confortable &#8211; Short \u00e0 balles int\u00e9gr\u00e9 o\u00f9 les balles peuvent facilement \u00eatre gliss\u00e9es sous l&#8217;ourlet &#8211; Mati\u00e8re particuli\u00e8rement \u00e9lastique, douce et respirante<\/p>","protected":false},"featured_media":16652,"comment_status":"open","ping_status":"closed","template":"","meta":{"_monsterinsights_skip_tracking":false,"_monsterinsights_sitenote_active":false,"_monsterinsights_sitenote_note":"","_monsterinsights_sitenote_category":0},"product_brand":[],"product_cat":[442,605],"product_tag":[],"class_list":{"0":"post-16651","1":"product","2":"type-product","3":"status-publish","4":"has-post-thumbnail","6":"product_cat-bidi-badu-store","7":"product_cat-bonnes-affaires-bidi-badu-store","9":"first","10":"instock","11":"sale","12":"taxable","13":"shipping-taxable","14":"purchasable","15":"product-type-variable"},"yoast_head":"<!-- This site is optimized with the Yoast SEO plugin v27.4 - https:\/\/yoast.com\/product\/yoast-seo-wordpress\/ -->\n<title>Jupe Wild Arts Printed Wavy - Planetetennis<\/title>\n<meta name=\"robots\" content=\"index, follow, max-snippet:-1, max-image-preview:large, max-video-preview:-1\" \/>\n<link rel=\"canonical\" href=\"https:\/\/planetetennis.fr\/es\/product\/16651\/\" \/>\n<meta property=\"og:locale\" content=\"es_ES\" \/>\n<meta property=\"og:type\" content=\"article\" \/>\n<meta property=\"og:title\" content=\"Jupe Wild Arts Printed Wavy - Planetetennis\" \/>\n<meta property=\"og:description\" content=\"Classique, mais avec la touche BIDI BADU bien s\u00fbr : cette jupe \u00e0 coupe A cr\u00e9e le style tennis que vous connaissez et aimez.  Cette jupe fait partie de la collection Wild Arts 2024 et s&#039;accorde parfaitement avec les hauts. Cet imprim\u00e9 artistique fait honneur \u00e0 son nom, Wild Arts. Les couleurs vives et fluo vous feront remarquer sur n&#039;importe quel court de tennis. La coupe \u00e9vas\u00e9e, qui tombe en vagues douces, offre une libert\u00e9 de mouvement optimale, quelle que soit la vitesse \u00e0 laquelle vous vous d\u00e9placez sur le court. Une large ceinture \u00e9lastiqu\u00e9e et un collant int\u00e9gr\u00e9 compl\u00e8tent le confort de port. Le polyester de cet article est fabriqu\u00e9 \u00e0 partir de fibres recycl\u00e9es.  - Coupe standard pour une sensation de d\u00e9tente et de simplicit\u00e9 - Plis \u00e0 l&#039;avant pour une libert\u00e9 de mouvement optimale - Large ceinture \u00e9lastique pour un ajustement confortable - Short \u00e0 balles int\u00e9gr\u00e9 o\u00f9 les balles peuvent facilement \u00eatre gliss\u00e9es sous l&#039;ourlet - Mati\u00e8re particuli\u00e8rement \u00e9lastique, douce et respirante\" \/>\n<meta property=\"og:url\" content=\"https:\/\/planetetennis.fr\/es\/product\/16651\/\" \/>\n<meta property=\"og:site_name\" content=\"Planetetennis\" \/>\n<meta property=\"article:modified_time\" content=\"2024-11-09T15:32:57+00:00\" \/>\n<meta property=\"og:image\" content=\"https:\/\/planetetennis.fr\/wp-content\/uploads\/2024\/08\/jupe-wa.jpg\" \/>\n\t<meta property=\"og:image:width\" content=\"800\" \/>\n\t<meta property=\"og:image:height\" content=\"1000\" \/>\n\t<meta property=\"og:image:type\" content=\"image\/jpeg\" \/>\n<meta name=\"twitter:card\" content=\"summary_large_image\" \/>\n<script type=\"application\/ld+json\" class=\"yoast-schema-graph\">{\"@context\":\"https:\\\/\\\/schema.org\",\"@graph\":[{\"@type\":\"WebPage\",\"@id\":\"https:\\\/\\\/planetetennis.fr\\\/product\\\/16651\\\/\",\"url\":\"https:\\\/\\\/planetetennis.fr\\\/product\\\/16651\\\/\",\"name\":\"Jupe Wild Arts Printed Wavy - Planetetennis\",\"isPartOf\":{\"@id\":\"https:\\\/\\\/planetetennis.fr\\\/#website\"},\"primaryImageOfPage\":{\"@id\":\"https:\\\/\\\/planetetennis.fr\\\/product\\\/16651\\\/#primaryimage\"},\"image\":{\"@id\":\"https:\\\/\\\/planetetennis.fr\\\/product\\\/16651\\\/#primaryimage\"},\"thumbnailUrl\":\"https:\\\/\\\/planetetennis.fr\\\/wp-content\\\/uploads\\\/2024\\\/08\\\/jupe-wa.jpg\",\"datePublished\":\"2024-08-07T06:38:37+00:00\",\"dateModified\":\"2024-11-09T15:32:57+00:00\",\"breadcrumb\":{\"@id\":\"https:\\\/\\\/planetetennis.fr\\\/product\\\/16651\\\/#breadcrumb\"},\"inLanguage\":\"es-ES\",\"potentialAction\":[{\"@type\":\"ReadAction\",\"target\":[\"https:\\\/\\\/planetetennis.fr\\\/product\\\/16651\\\/\"]}]},{\"@type\":\"ImageObject\",\"inLanguage\":\"es-ES\",\"@id\":\"https:\\\/\\\/planetetennis.fr\\\/product\\\/16651\\\/#primaryimage\",\"url\":\"https:\\\/\\\/planetetennis.fr\\\/wp-content\\\/uploads\\\/2024\\\/08\\\/jupe-wa.jpg\",\"contentUrl\":\"https:\\\/\\\/planetetennis.fr\\\/wp-content\\\/uploads\\\/2024\\\/08\\\/jupe-wa.jpg\",\"width\":800,\"height\":1000},{\"@type\":\"BreadcrumbList\",\"@id\":\"https:\\\/\\\/planetetennis.fr\\\/product\\\/16651\\\/#breadcrumb\",\"itemListElement\":[{\"@type\":\"ListItem\",\"position\":1,\"name\":\"Accueil\",\"item\":\"https:\\\/\\\/planetetennis.fr\\\/\"},{\"@type\":\"ListItem\",\"position\":2,\"name\":\"Nos produits\",\"item\":\"https:\\\/\\\/planetetennis.fr\\\/produits\\\/\"},{\"@type\":\"ListItem\",\"position\":3,\"name\":\"Jupe Wild Arts Printed Wavy\"}]},{\"@type\":\"WebSite\",\"@id\":\"https:\\\/\\\/planetetennis.fr\\\/#website\",\"url\":\"https:\\\/\\\/planetetennis.fr\\\/\",\"name\":\"Planetetennis\",\"description\":\"Cordages de tennis monofilament fran\u00e7ais\",\"publisher\":{\"@id\":\"https:\\\/\\\/planetetennis.fr\\\/#organization\"},\"potentialAction\":[{\"@type\":\"SearchAction\",\"target\":{\"@type\":\"EntryPoint\",\"urlTemplate\":\"https:\\\/\\\/planetetennis.fr\\\/?s={search_term_string}\"},\"query-input\":{\"@type\":\"PropertyValueSpecification\",\"valueRequired\":true,\"valueName\":\"search_term_string\"}}],\"inLanguage\":\"es-ES\"},{\"@type\":\"Organization\",\"@id\":\"https:\\\/\\\/planetetennis.fr\\\/#organization\",\"name\":\"Planetetennis\",\"url\":\"https:\\\/\\\/planetetennis.fr\\\/\",\"logo\":{\"@type\":\"ImageObject\",\"inLanguage\":\"es-ES\",\"@id\":\"https:\\\/\\\/planetetennis.fr\\\/#\\\/schema\\\/logo\\\/image\\\/\",\"url\":\"https:\\\/\\\/planetetennis.fr\\\/wp-content\\\/uploads\\\/2021\\\/10\\\/logocolor03.png\",\"contentUrl\":\"https:\\\/\\\/planetetennis.fr\\\/wp-content\\\/uploads\\\/2021\\\/10\\\/logocolor03.png\",\"width\":230,\"height\":58,\"caption\":\"Planetetennis\"},\"image\":{\"@id\":\"https:\\\/\\\/planetetennis.fr\\\/#\\\/schema\\\/logo\\\/image\\\/\"}}]}<\/script>\n<!-- \/ Yoast SEO plugin. -->","yoast_head_json":{"title":"Jupe Wild Arts Printed Wavy - Planetetennis","robots":{"index":"index","follow":"follow","max-snippet":"max-snippet:-1","max-image-preview":"max-image-preview:large","max-video-preview":"max-video-preview:-1"},"canonical":"https:\/\/planetetennis.fr\/es\/product\/16651\/","og_locale":"es_ES","og_type":"article","og_title":"Jupe Wild Arts Printed Wavy - Planetetennis","og_description":"Classique, mais avec la touche BIDI BADU bien s\u00fbr : cette jupe \u00e0 coupe A cr\u00e9e le style tennis que vous connaissez et aimez.  Cette jupe fait partie de la collection Wild Arts 2024 et s'accorde parfaitement avec les hauts. Cet imprim\u00e9 artistique fait honneur \u00e0 son nom, Wild Arts. Les couleurs vives et fluo vous feront remarquer sur n'importe quel court de tennis. La coupe \u00e9vas\u00e9e, qui tombe en vagues douces, offre une libert\u00e9 de mouvement optimale, quelle que soit la vitesse \u00e0 laquelle vous vous d\u00e9placez sur le court. Une large ceinture \u00e9lastiqu\u00e9e et un collant int\u00e9gr\u00e9 compl\u00e8tent le confort de port. Le polyester de cet article est fabriqu\u00e9 \u00e0 partir de fibres recycl\u00e9es.  - Coupe standard pour une sensation de d\u00e9tente et de simplicit\u00e9 - Plis \u00e0 l'avant pour une libert\u00e9 de mouvement optimale - Large ceinture \u00e9lastique pour un ajustement confortable - Short \u00e0 balles int\u00e9gr\u00e9 o\u00f9 les balles peuvent facilement \u00eatre gliss\u00e9es sous l'ourlet - Mati\u00e8re particuli\u00e8rement \u00e9lastique, douce et respirante","og_url":"https:\/\/planetetennis.fr\/es\/product\/16651\/","og_site_name":"Planetetennis","article_modified_time":"2024-11-09T15:32:57+00:00","og_image":[{"width":800,"height":1000,"url":"https:\/\/planetetennis.fr\/wp-content\/uploads\/2024\/08\/jupe-wa.jpg","type":"image\/jpeg"}],"twitter_card":"summary_large_image","schema":{"@context":"https:\/\/schema.org","@graph":[{"@type":"WebPage","@id":"https:\/\/planetetennis.fr\/product\/16651\/","url":"https:\/\/planetetennis.fr\/product\/16651\/","name":"Jupe Wild Arts Printed Wavy - Planetetennis","isPartOf":{"@id":"https:\/\/planetetennis.fr\/#website"},"primaryImageOfPage":{"@id":"https:\/\/planetetennis.fr\/product\/16651\/#primaryimage"},"image":{"@id":"https:\/\/planetetennis.fr\/product\/16651\/#primaryimage"},"thumbnailUrl":"https:\/\/planetetennis.fr\/wp-content\/uploads\/2024\/08\/jupe-wa.jpg","datePublished":"2024-08-07T06:38:37+00:00","dateModified":"2024-11-09T15:32:57+00:00","breadcrumb":{"@id":"https:\/\/planetetennis.fr\/product\/16651\/#breadcrumb"},"inLanguage":"es-ES","potentialAction":[{"@type":"ReadAction","target":["https:\/\/planetetennis.fr\/product\/16651\/"]}]},{"@type":"ImageObject","inLanguage":"es-ES","@id":"https:\/\/planetetennis.fr\/product\/16651\/#primaryimage","url":"https:\/\/planetetennis.fr\/wp-content\/uploads\/2024\/08\/jupe-wa.jpg","contentUrl":"https:\/\/planetetennis.fr\/wp-content\/uploads\/2024\/08\/jupe-wa.jpg","width":800,"height":1000},{"@type":"BreadcrumbList","@id":"https:\/\/planetetennis.fr\/product\/16651\/#breadcrumb","itemListElement":[{"@type":"ListItem","position":1,"name":"Accueil","item":"https:\/\/planetetennis.fr\/"},{"@type":"ListItem","position":2,"name":"Nos produits","item":"https:\/\/planetetennis.fr\/produits\/"},{"@type":"ListItem","position":3,"name":"Jupe Wild Arts Printed Wavy"}]},{"@type":"WebSite","@id":"https:\/\/planetetennis.fr\/#website","url":"https:\/\/planetetennis.fr\/","name":"Planeta tenis","description":"Cordages de tennis monofilament fran\u00e7ais","publisher":{"@id":"https:\/\/planetetennis.fr\/#organization"},"potentialAction":[{"@type":"SearchAction","target":{"@type":"EntryPoint","urlTemplate":"https:\/\/planetetennis.fr\/?s={search_term_string}"},"query-input":{"@type":"PropertyValueSpecification","valueRequired":true,"valueName":"search_term_string"}}],"inLanguage":"es-ES"},{"@type":"Organization","@id":"https:\/\/planetetennis.fr\/#organization","name":"Planeta tenis","url":"https:\/\/planetetennis.fr\/","logo":{"@type":"ImageObject","inLanguage":"es-ES","@id":"https:\/\/planetetennis.fr\/#\/schema\/logo\/image\/","url":"https:\/\/planetetennis.fr\/wp-content\/uploads\/2021\/10\/logocolor03.png","contentUrl":"https:\/\/planetetennis.fr\/wp-content\/uploads\/2021\/10\/logocolor03.png","width":230,"height":58,"caption":"Planetetennis"},"image":{"@id":"https:\/\/planetetennis.fr\/#\/schema\/logo\/image\/"}}]}},"_links":{"self":[{"href":"https:\/\/planetetennis.fr\/es\/wp-json\/wp\/v2\/product\/16651","targetHints":{"allow":["GET"]}}],"collection":[{"href":"https:\/\/planetetennis.fr\/es\/wp-json\/wp\/v2\/product"}],"about":[{"href":"https:\/\/planetetennis.fr\/es\/wp-json\/wp\/v2\/types\/product"}],"replies":[{"embeddable":true,"href":"https:\/\/planetetennis.fr\/es\/wp-json\/wp\/v2\/comments?post=16651"}],"wp:featuredmedia":[{"embeddable":true,"href":"https:\/\/planetetennis.fr\/es\/wp-json\/wp\/v2\/media\/16652"}],"wp:attachment":[{"href":"https:\/\/planetetennis.fr\/es\/wp-json\/wp\/v2\/media?parent=16651"}],"wp:term":[{"taxonomy":"product_brand","embeddable":true,"href":"https:\/\/planetetennis.fr\/es\/wp-json\/wp\/v2\/product_brand?post=16651"},{"taxonomy":"product_cat","embeddable":true,"href":"https:\/\/planetetennis.fr\/es\/wp-json\/wp\/v2\/product_cat?post=16651"},{"taxonomy":"product_tag","embeddable":true,"href":"https:\/\/planetetennis.fr\/es\/wp-json\/wp\/v2\/product_tag?post=16651"}],"curies":[{"name":"wp","href":"https:\/\/api.w.org\/{rel}","templated":true}]}}